{"id":21171,"date":"2023-12-13T13:07:22","date_gmt":"2023-12-13T18:07:22","guid":{"rendered":"https:\/\/newyorkhipknee.com\/codo\/criterios-diagnosticos-y-diagnostico-diferencial\/"},"modified":"2023-12-13T13:07:22","modified_gmt":"2023-12-13T18:07:22","slug":"criterios-diagnosticos-y-diagnostico-diferencial","status":"publish","type":"page","link":"https:\/\/www.newyorkhipknee.com\/es\/indemnizacion-por-accidente-laboral\/directrices-de-tratamiento-medico-mtg\/codo\/criterios-diagnosticos-y-diagnostico-diferencial\/","title":{"rendered":"Criterios diagn\u00f3sticos y diagn\u00f3stico diferencial"},"content":{"rendered":"<h1>Principios rectores generales para los criterios diagn\u00f3sticos y<br \/>\nDiagn\u00f3stico diferencial para pacientes de compensaci\u00f3n de trabajadores<\/h1>\n<div class=\"flex-1 overflow-hidden\">\n<div class=\"react-scroll-to-bottom--css-wfzgz-79elbk h-full\">\n<div class=\"react-scroll-to-bottom--css-wfzgz-1n7m0yu\">\n<div class=\"flex flex-col pb-9 text-sm\">\n<div class=\"w-full text-token-text-primary\" data-testid=\"conversation-turn-35\">\n<div class=\"px-4 py-2 justify-center text-base md:gap-6 m-auto\">\n<div class=\"flex flex-1 text-base mx-auto gap-3 md:px-5 lg:px-1 xl:px-5 md:max-w-3xl lg:max-w-[40rem] xl:max-w-[48rem] group final-completion\">\n<div class=\"relative flex w-full flex-col lg:w-[calc(100%-115px)] agent-turn\">\n<div class=\"flex-col gap-1 md:gap-3\">\n<div class=\"flex flex-grow flex-col max-w-full\">\n<div class=\"min-h-[20px] text-message flex flex-col items-start gap-3 whitespace-pre-wrap break-words [.text-message+&amp;]:mt-5 overflow-x-auto\" data-message-author-role=\"assistant\" data-message-id=\"dbda5f1b-34ba-40da-a2a0-138c85e2c453\">\n<div class=\"markdown prose w-full break-words dark:prose-invert dark\">\n<p>La Junta de Indemnizaci\u00f3n por Accidentes de Trabajo del Estado de Nueva York ha elaborado unas directrices destinadas a ayudar a los m\u00e9dicos, pod\u00f3logos y otros profesionales sanitarios a ofrecer el tratamiento adecuado en lo que respecta a los criterios de diagn\u00f3stico y el diagn\u00f3stico diferencial.<\/p>\n<p>Estas directrices de la Junta de Indemnizaci\u00f3n por Accidentes de Trabajo est\u00e1n dise\u00f1adas para ser un recurso \u00fatil para los profesionales sanitarios a la hora de decidir el nivel de atenci\u00f3n m\u00e1s adecuado para los pacientes con trastornos de tobillo y pie.<\/p>\n<p>Es crucial subrayar que estas directrices no sustituyen la necesidad de juicio cl\u00ednico o experiencia profesional. La decisi\u00f3n final sobre la atenci\u00f3n al paciente debe ser fruto de la colaboraci\u00f3n entre el paciente y su profesional sanitario.<\/p>\n<\/div>\n<\/div>\n<\/div>\n<div class=\"mt-1 flex justify-start gap-3 empty:hidden\">\n<div class=\"text-gray-400 flex self-end lg:self-center justify-center lg:justify-start mt-0 gap-1 visible\"><button class=\"flex items-center gap-1.5 rounded-md p-1 pl-0 text-xs hover:text-gray-950 dark:text-gray-400 dark:hover:text-gray-200 disabled:dark:hover:text-gray-400 md:invisible md:group-hover:visible md:group-[.final-completion]:visible\"><\/button><\/p>\n<div class=\"flex gap-1\"><\/div>\n<div class=\"flex items-center gap-1.5 text-xs\"><\/div>\n<\/div>\n<\/div>\n<\/div>\n<\/div>\n<\/div>\n<\/div>\n<\/div>\n<\/div>\n<\/div>\n<\/div>\n<\/div>\n<div class=\"w-full pt-2 md:pt-0 dark:border-white\/20 md:border-transparent md:dark:border-transparent md:w-[calc(100%-.5rem)]\">\n<form class=\"stretch mx-2 flex flex-row gap-3 last:mb-2 md:mx-4 md:last:mb-6 lg:mx-auto lg:max-w-2xl xl:max-w-3xl\">\n<div class=\"relative flex h-full flex-1 items-stretch md:flex-col\">\n<div class=\"flex w-full items-center\">\n<h2>Criterios diagn\u00f3sticos y diagn\u00f3stico diferencial de la lesi\u00f3n del codo<\/h2>\n<p>Los criterios presentados en el cuadro 2 siguen los pasos l\u00f3gicos del razonamiento cl\u00ednico, empezando por la comprensi\u00f3n de la causa de la enfermedad o lesi\u00f3n y terminando con los s\u00edntomas e indicadores espec\u00edficos de un trastorno concreto.<\/p>\n<p>Cuando se trata de problemas de codo, la capacidad de diagn\u00f3stico del m\u00e9dico que lo examina es crucial. A veces, las descripciones del paciente pueden coincidir con s\u00edntomas que se irradian desde el hombro o el cuello, lo que hace esencial el juicio agudo del m\u00e9dico.<\/p>\n<p>Por ejemplo, aunque un paciente experimente dolor tanto en el codo como en la parte media del brazo, a menudo es se\u00f1al de un problema relacionado con el hombro y no con el codo.<\/p>\n<p>Tenga en cuenta que el dolor lateral en el codo puede tener diversas causas, como la epicondilitis genuina, la discopat\u00eda cervical (C6), el atrapamiento del nervio radial o el s\u00edndrome del t\u00fanel radial (entesitis).<\/p>\n<p>Las quejas de hormigueo y\/o entumecimiento en los dedos cuarto y quinto suelen asociarse a pinzamiento del nervio cubital en el codo, radiculopat\u00eda cervical C8 o pinzamiento del nervio cubital en la mu\u00f1eca.<\/p>\n<p>Aunque se considera poco frecuente, tambi\u00e9n podr\u00eda considerarse el s\u00edndrome de salida tor\u00e1cica. La radiculopat\u00eda C6 es un diagn\u00f3stico alternativo frecuente de la epicondilalgia lateral y a menudo se presenta con dolor lateral en el codo y parestesias del pulgar.<\/p>\n<p>El dolor en la parte medial del codo puede indicar problemas en el ligamento colateral medial. No es infrecuente que la epicondilalgia medial y la neuropat\u00eda cubital coexistan en el codo. Cuando las molestias no pueden clasificarse claramente en una afecci\u00f3n espec\u00edfica, debe considerarse el diagn\u00f3stico de dolor inespec\u00edfico.<\/p>\n<p>A menudo es m\u00e1s prudente utilizar t\u00e9rminos amplios que etiquetas precisas que podr\u00edan errar el tiro. Ya se trate de molestias generales o localizadas, el diagn\u00f3stico m\u00e1s preciso suele basarse en los hallazgos cuando no hay s\u00edntomas f\u00edsicos claros.<\/p>\n<p>En el cuadro 2 se expone el probable diagn\u00f3stico o lesi\u00f3n, incluidos los criterios, las posibles causas, los s\u00edntomas, los signos de alarma y las pruebas y resultados adecuados para la evaluaci\u00f3n y el tratamiento.<\/p>\n<p>En esencia, se trata de encontrar el ajuste adecuado en lugar de ce\u00f1irse demasiado a etiquetas precisas, sobre todo cuando se trata de molestias generales o localizadas. El cuadro 2 ofrece una gu\u00eda completa en la que se describen el diagn\u00f3stico o la lesi\u00f3n probables, los criterios, las posibles causas, los s\u00edntomas, los signos de alarma y las pruebas y resultados necesarios para la evaluaci\u00f3n y el tratamiento.<\/p>\n<h3>Cuadro 2 &#8211; Criterios para los casos sin bandera roja<\/h3>\n<h3><img loading=\"lazy\" decoding=\"async\" class=\"alignnone wp-image-20316\" title=\"Criterios de diagn\u00f3stico\" src=\"https:\/\/newyorkhipknee.com\/wp-content\/uploads\/2023\/12\/Diagnostic-Criteria-256x300.png\" alt=\"\" width=\"468\" height=\"548\"><\/h3>\n<\/div>\n<\/div>\n<p>&nbsp;<\/p>\n<h2>Lo que nuestra oficina puede hacer si tiene lesiones de compensaci\u00f3n laboral<\/h2>\n<p>Tenemos la experiencia para ayudarle con sus lesiones de compensaci\u00f3n de trabajadores. Comprendemos los retos a los que se enfrenta y nos comprometemos a atender sus necesidades m\u00e9dicas respetando las directrices establecidas por la Junta de Indemnizaci\u00f3n por Accidentes de Trabajo del Estado de Nueva York.<\/p>\n<p>Reconociendo la importancia de sus casos de compensaci\u00f3n de trabajadores, perm\u00edtanos guiarle a trav\u00e9s de las complejidades de tratar con la compa\u00f1\u00eda de seguros de compensaci\u00f3n de trabajadores y su empleador.<\/p>\n<p>Entendemos que este es un periodo duro para usted y su familia. Si est\u00e1 interesado en concertar una cita, p\u00f3ngase en contacto con nosotros y haremos todo lo posible para que el proceso le resulte lo m\u00e1s sencillo posible.<\/p>\n<\/form>\n<\/div>\n","protected":false},"excerpt":{"rendered":"<p>Principios rectores generales para los criterios diagn\u00f3sticos y Diagn\u00f3stico diferencial para pacientes de compensaci\u00f3n de trabajadores La Junta de Indemnizaci\u00f3n por Accidentes de Trabajo del Estado de Nueva York ha elaborado unas directrices destinadas a ayudar a los m\u00e9dicos, pod\u00f3logos y otros profesionales sanitarios a ofrecer el tratamiento adecuado en lo que respecta a los [&hellip;]<\/p>\n","protected":false},"author":33,"featured_media":0,"parent":21159,"menu_order":0,"comment_status":"closed","ping_status":"closed","template":"","meta":{"_et_pb_use_builder":"","_et_pb_old_content":"","_et_gb_content_width":"","footnotes":""},"class_list":["post-21171","page","type-page","status-publish","hentry"],"yoast_head":"<!-- This site is optimized with the Yoast SEO plugin v27.2 - https:\/\/yoast.com\/product\/yoast-seo-wordpress\/ -->\n<title>Criterios diagn\u00f3sticos y diagn\u00f3stico diferencial | Best Hip &amp; Knee Surgeon | NY, USA<\/title>\n<meta name=\"description\" content=\"Principios rectores generales para los criterios diagn\u00f3sticos y Diagn\u00f3stico diferencial para pacientes de compensaci\u00f3n de trabajadores La Junta de\" \/>\n<meta name=\"robots\" content=\"index, follow, max-snippet:-1, max-image-preview:large, max-video-preview:-1\" \/>\n<link rel=\"canonical\" href=\"https:\/\/www.newyorkhipknee.com\/es\/indemnizacion-por-accidente-laboral\/directrices-de-tratamiento-medico-mtg\/codo\/criterios-diagnosticos-y-diagnostico-diferencial\/\" \/>\n<meta property=\"og:locale\" content=\"es_ES\" \/>\n<meta property=\"og:type\" content=\"article\" \/>\n<meta property=\"og:title\" content=\"Criterios diagn\u00f3sticos y diagn\u00f3stico diferencial | Best Hip &amp; Knee Surgeon | NY, USA\" \/>\n<meta property=\"og:description\" content=\"Principios rectores generales para los criterios diagn\u00f3sticos y Diagn\u00f3stico diferencial para pacientes de compensaci\u00f3n de trabajadores La Junta de\" \/>\n<meta property=\"og:url\" content=\"https:\/\/www.newyorkhipknee.com\/es\/indemnizacion-por-accidente-laboral\/directrices-de-tratamiento-medico-mtg\/codo\/criterios-diagnosticos-y-diagnostico-diferencial\/\" \/>\n<meta property=\"og:site_name\" content=\"Best Hip &amp; Knee Surgeon | NY, USA\" \/>\n<meta property=\"og:image\" content=\"https:\/\/newyorkhipknee.com\/wp-content\/uploads\/2023\/12\/Diagnostic-Criteria-256x300.png\" \/>\n<meta name=\"twitter:card\" content=\"summary_large_image\" \/>\n<meta name=\"twitter:label1\" content=\"Tiempo de lectura\" \/>\n\t<meta name=\"twitter:data1\" content=\"4 minutos\" \/>\n<script type=\"application\/ld+json\" class=\"yoast-schema-graph\">{\"@context\":\"https:\/\/schema.org\",\"@graph\":[{\"@type\":[\"WebPage\",\"MedicalWebPage\"],\"@id\":\"https:\/\/www.newyorkhipknee.com\/es\/indemnizacion-por-accidente-laboral\/directrices-de-tratamiento-medico-mtg\/codo\/criterios-diagnosticos-y-diagnostico-diferencial\/\",\"url\":\"https:\/\/www.newyorkhipknee.com\/es\/indemnizacion-por-accidente-laboral\/directrices-de-tratamiento-medico-mtg\/codo\/criterios-diagnosticos-y-diagnostico-diferencial\/\",\"name\":\"Criterios diagn\u00f3sticos y diagn\u00f3stico diferencial | Best Hip &amp; Knee Surgeon | NY, USA\",\"isPartOf\":{\"@id\":\"https:\/\/www.newyorkhipknee.com\/es\/#website\"},\"primaryImageOfPage\":{\"@id\":\"https:\/\/www.newyorkhipknee.com\/es\/indemnizacion-por-accidente-laboral\/directrices-de-tratamiento-medico-mtg\/codo\/criterios-diagnosticos-y-diagnostico-diferencial\/#primaryimage\"},\"image\":{\"@id\":\"https:\/\/www.newyorkhipknee.com\/es\/indemnizacion-por-accidente-laboral\/directrices-de-tratamiento-medico-mtg\/codo\/criterios-diagnosticos-y-diagnostico-diferencial\/#primaryimage\"},\"thumbnailUrl\":\"https:\/\/newyorkhipknee.com\/wp-content\/uploads\/2023\/12\/Diagnostic-Criteria-256x300.png\",\"datePublished\":\"2023-12-13T18:07:22+00:00\",\"description\":\"Principios rectores generales para los criterios diagn\u00f3sticos y Diagn\u00f3stico diferencial para pacientes de compensaci\u00f3n de trabajadores La Junta de\",\"breadcrumb\":{\"@id\":\"https:\/\/www.newyorkhipknee.com\/es\/indemnizacion-por-accidente-laboral\/directrices-de-tratamiento-medico-mtg\/codo\/criterios-diagnosticos-y-diagnostico-diferencial\/#breadcrumb\"},\"inLanguage\":\"es\",\"potentialAction\":[{\"@type\":\"ReadAction\",\"target\":[\"https:\/\/www.newyorkhipknee.com\/es\/indemnizacion-por-accidente-laboral\/directrices-de-tratamiento-medico-mtg\/codo\/criterios-diagnosticos-y-diagnostico-diferencial\/\"]}]},{\"@type\":\"ImageObject\",\"inLanguage\":\"es\",\"@id\":\"https:\/\/www.newyorkhipknee.com\/es\/indemnizacion-por-accidente-laboral\/directrices-de-tratamiento-medico-mtg\/codo\/criterios-diagnosticos-y-diagnostico-diferencial\/#primaryimage\",\"url\":\"https:\/\/newyorkhipknee.com\/wp-content\/uploads\/2023\/12\/Diagnostic-Criteria-256x300.png\",\"contentUrl\":\"https:\/\/newyorkhipknee.com\/wp-content\/uploads\/2023\/12\/Diagnostic-Criteria-256x300.png\"},{\"@type\":\"BreadcrumbList\",\"@id\":\"https:\/\/www.newyorkhipknee.com\/es\/indemnizacion-por-accidente-laboral\/directrices-de-tratamiento-medico-mtg\/codo\/criterios-diagnosticos-y-diagnostico-diferencial\/#breadcrumb\",\"itemListElement\":[{\"@type\":\"ListItem\",\"position\":1,\"name\":\"Home\",\"item\":\"https:\/\/www.newyorkhipknee.com\/es\/\"},{\"@type\":\"ListItem\",\"position\":2,\"name\":\"Indemnizaci\u00f3n por accidente laboral\",\"item\":\"https:\/\/www.newyorkhipknee.com\/es\/indemnizacion-por-accidente-laboral\/\"},{\"@type\":\"ListItem\",\"position\":3,\"name\":\"Directrices de tratamiento m\u00e9dico (MTG)\",\"item\":\"https:\/\/www.newyorkhipknee.com\/es\/indemnizacion-por-accidente-laboral\/directrices-de-tratamiento-medico-mtg\/\"},{\"@type\":\"ListItem\",\"position\":4,\"name\":\"Codo\",\"item\":\"https:\/\/www.newyorkhipknee.com\/es\/indemnizacion-por-accidente-laboral\/directrices-de-tratamiento-medico-mtg\/codo\/\"},{\"@type\":\"ListItem\",\"position\":5,\"name\":\"Criterios diagn\u00f3sticos y diagn\u00f3stico diferencial\"}]},{\"@type\":\"WebSite\",\"@id\":\"https:\/\/www.newyorkhipknee.com\/es\/#website\",\"url\":\"https:\/\/www.newyorkhipknee.com\/es\/\",\"name\":\"Best Hip & Knee Surgeon | NY, USA\",\"description\":\"\",\"potentialAction\":[{\"@type\":\"SearchAction\",\"target\":{\"@type\":\"EntryPoint\",\"urlTemplate\":\"https:\/\/www.newyorkhipknee.com\/es\/?s={search_term_string}\"},\"query-input\":{\"@type\":\"PropertyValueSpecification\",\"valueRequired\":true,\"valueName\":\"search_term_string\"}}],\"inLanguage\":\"es\"}]}<\/script>\n<!-- \/ Yoast SEO plugin. -->","yoast_head_json":{"title":"Criterios diagn\u00f3sticos y diagn\u00f3stico diferencial | Best Hip &amp; Knee Surgeon | NY, USA","description":"Principios rectores generales para los criterios diagn\u00f3sticos y Diagn\u00f3stico diferencial para pacientes de compensaci\u00f3n de trabajadores La Junta de","robots":{"index":"index","follow":"follow","max-snippet":"max-snippet:-1","max-image-preview":"max-image-preview:large","max-video-preview":"max-video-preview:-1"},"canonical":"https:\/\/www.newyorkhipknee.com\/es\/indemnizacion-por-accidente-laboral\/directrices-de-tratamiento-medico-mtg\/codo\/criterios-diagnosticos-y-diagnostico-diferencial\/","og_locale":"es_ES","og_type":"article","og_title":"Criterios diagn\u00f3sticos y diagn\u00f3stico diferencial | Best Hip &amp; Knee Surgeon | NY, USA","og_description":"Principios rectores generales para los criterios diagn\u00f3sticos y Diagn\u00f3stico diferencial para pacientes de compensaci\u00f3n de trabajadores La Junta de","og_url":"https:\/\/www.newyorkhipknee.com\/es\/indemnizacion-por-accidente-laboral\/directrices-de-tratamiento-medico-mtg\/codo\/criterios-diagnosticos-y-diagnostico-diferencial\/","og_site_name":"Best Hip &amp; Knee Surgeon | NY, USA","og_image":[{"url":"https:\/\/newyorkhipknee.com\/wp-content\/uploads\/2023\/12\/Diagnostic-Criteria-256x300.png","type":"","width":"","height":""}],"twitter_card":"summary_large_image","twitter_misc":{"Tiempo de lectura":"4 minutos"},"schema":{"@context":"https:\/\/schema.org","@graph":[{"@type":["WebPage","MedicalWebPage"],"@id":"https:\/\/www.newyorkhipknee.com\/es\/indemnizacion-por-accidente-laboral\/directrices-de-tratamiento-medico-mtg\/codo\/criterios-diagnosticos-y-diagnostico-diferencial\/","url":"https:\/\/www.newyorkhipknee.com\/es\/indemnizacion-por-accidente-laboral\/directrices-de-tratamiento-medico-mtg\/codo\/criterios-diagnosticos-y-diagnostico-diferencial\/","name":"Criterios diagn\u00f3sticos y diagn\u00f3stico diferencial | Best Hip &amp; Knee Surgeon | NY, USA","isPartOf":{"@id":"https:\/\/www.newyorkhipknee.com\/es\/#website"},"primaryImageOfPage":{"@id":"https:\/\/www.newyorkhipknee.com\/es\/indemnizacion-por-accidente-laboral\/directrices-de-tratamiento-medico-mtg\/codo\/criterios-diagnosticos-y-diagnostico-diferencial\/#primaryimage"},"image":{"@id":"https:\/\/www.newyorkhipknee.com\/es\/indemnizacion-por-accidente-laboral\/directrices-de-tratamiento-medico-mtg\/codo\/criterios-diagnosticos-y-diagnostico-diferencial\/#primaryimage"},"thumbnailUrl":"https:\/\/newyorkhipknee.com\/wp-content\/uploads\/2023\/12\/Diagnostic-Criteria-256x300.png","datePublished":"2023-12-13T18:07:22+00:00","description":"Principios rectores generales para los criterios diagn\u00f3sticos y Diagn\u00f3stico diferencial para pacientes de compensaci\u00f3n de trabajadores La Junta de","breadcrumb":{"@id":"https:\/\/www.newyorkhipknee.com\/es\/indemnizacion-por-accidente-laboral\/directrices-de-tratamiento-medico-mtg\/codo\/criterios-diagnosticos-y-diagnostico-diferencial\/#breadcrumb"},"inLanguage":"es","potentialAction":[{"@type":"ReadAction","target":["https:\/\/www.newyorkhipknee.com\/es\/indemnizacion-por-accidente-laboral\/directrices-de-tratamiento-medico-mtg\/codo\/criterios-diagnosticos-y-diagnostico-diferencial\/"]}]},{"@type":"ImageObject","inLanguage":"es","@id":"https:\/\/www.newyorkhipknee.com\/es\/indemnizacion-por-accidente-laboral\/directrices-de-tratamiento-medico-mtg\/codo\/criterios-diagnosticos-y-diagnostico-diferencial\/#primaryimage","url":"https:\/\/newyorkhipknee.com\/wp-content\/uploads\/2023\/12\/Diagnostic-Criteria-256x300.png","contentUrl":"https:\/\/newyorkhipknee.com\/wp-content\/uploads\/2023\/12\/Diagnostic-Criteria-256x300.png"},{"@type":"BreadcrumbList","@id":"https:\/\/www.newyorkhipknee.com\/es\/indemnizacion-por-accidente-laboral\/directrices-de-tratamiento-medico-mtg\/codo\/criterios-diagnosticos-y-diagnostico-diferencial\/#breadcrumb","itemListElement":[{"@type":"ListItem","position":1,"name":"Home","item":"https:\/\/www.newyorkhipknee.com\/es\/"},{"@type":"ListItem","position":2,"name":"Indemnizaci\u00f3n por accidente laboral","item":"https:\/\/www.newyorkhipknee.com\/es\/indemnizacion-por-accidente-laboral\/"},{"@type":"ListItem","position":3,"name":"Directrices de tratamiento m\u00e9dico (MTG)","item":"https:\/\/www.newyorkhipknee.com\/es\/indemnizacion-por-accidente-laboral\/directrices-de-tratamiento-medico-mtg\/"},{"@type":"ListItem","position":4,"name":"Codo","item":"https:\/\/www.newyorkhipknee.com\/es\/indemnizacion-por-accidente-laboral\/directrices-de-tratamiento-medico-mtg\/codo\/"},{"@type":"ListItem","position":5,"name":"Criterios diagn\u00f3sticos y diagn\u00f3stico diferencial"}]},{"@type":"WebSite","@id":"https:\/\/www.newyorkhipknee.com\/es\/#website","url":"https:\/\/www.newyorkhipknee.com\/es\/","name":"Best Hip & Knee Surgeon | NY, USA","description":"","potentialAction":[{"@type":"SearchAction","target":{"@type":"EntryPoint","urlTemplate":"https:\/\/www.newyorkhipknee.com\/es\/?s={search_term_string}"},"query-input":{"@type":"PropertyValueSpecification","valueRequired":true,"valueName":"search_term_string"}}],"inLanguage":"es"}]}},"_links":{"self":[{"href":"https:\/\/www.newyorkhipknee.com\/es\/wp-json\/wp\/v2\/pages\/21171","targetHints":{"allow":["GET"]}}],"collection":[{"href":"https:\/\/www.newyorkhipknee.com\/es\/wp-json\/wp\/v2\/pages"}],"about":[{"href":"https:\/\/www.newyorkhipknee.com\/es\/wp-json\/wp\/v2\/types\/page"}],"author":[{"embeddable":true,"href":"https:\/\/www.newyorkhipknee.com\/es\/wp-json\/wp\/v2\/users\/33"}],"replies":[{"embeddable":true,"href":"https:\/\/www.newyorkhipknee.com\/es\/wp-json\/wp\/v2\/comments?post=21171"}],"version-history":[{"count":0,"href":"https:\/\/www.newyorkhipknee.com\/es\/wp-json\/wp\/v2\/pages\/21171\/revisions"}],"up":[{"embeddable":true,"href":"https:\/\/www.newyorkhipknee.com\/es\/wp-json\/wp\/v2\/pages\/21159"}],"wp:attachment":[{"href":"https:\/\/www.newyorkhipknee.com\/es\/wp-json\/wp\/v2\/media?parent=21171"}],"curies":[{"name":"wp","href":"https:\/\/api.w.org\/{rel}","templated":true}]}}