{"id":21182,"date":"2023-12-12T16:19:38","date_gmt":"2023-12-12T21:19:38","guid":{"rendered":"https:\/\/newyorkhipknee.com\/codo\/esguinces-de-codo\/"},"modified":"2023-12-12T16:19:38","modified_gmt":"2023-12-12T21:19:38","slug":"esguinces-de-codo","status":"publish","type":"page","link":"https:\/\/www.newyorkhipknee.com\/es\/indemnizacion-por-accidente-laboral\/directrices-de-tratamiento-medico-mtg\/codo\/esguinces-de-codo\/","title":{"rendered":"Esguinces de codo"},"content":{"rendered":"<p>Las directrices de la Junta de Indemnizaci\u00f3n por Accidentes de Trabajo del Estado de Nueva York se han creado para ayudar a los m\u00e9dicos, pod\u00f3logos y otros profesionales sanitarios a ofrecer un tratamiento adecuado para los esguinces de codo. El objetivo de estas directrices es ayudar a los profesionales sanitarios a decidir el nivel de atenci\u00f3n adecuado para los pacientes con trastornos del tobillo y el pie.<\/p>\n<p>Es esencial se\u00f1alar que estas directrices no sustituyen al juicio cl\u00ednico ni a la experiencia profesional. La decisi\u00f3n final sobre la atenci\u00f3n sanitaria debe ser una decisi\u00f3n de colaboraci\u00f3n, tomada por el paciente en consulta con su profesional sanitario.<\/p>\n<p>&nbsp;<\/p>\n<h2>Esguinces de codo<\/h2>\n<p>El esguince aislado de codo, poco frecuente, es el resultado de un impacto importante y fuerte que desgarra los ligamentos que rodean el codo, a menudo causado por una ca\u00edda. Estos esguinces son infrecuentes y pueden coincidir con otras complicaciones como fracturas, luxaciones o contusiones.<\/p>\n<p>Para evaluar posibles problemas, es imprescindible examinar a fondo los sistemas motor, sensorial y circulatorio, con el objetivo de descartar cualquier lesi\u00f3n asociada.<\/p>\n<p>Cuando se trata un codo luxado, es esencial obtener una radiograf\u00eda para verificar la ausencia de fracturas. Del mismo modo, para el tratamiento m\u00e9dico de un esguince de codo, suele recomendarse una radiograf\u00eda para confirmar la ausencia de fracturas, sobre todo en casos de esguinces leves.<\/p>\n<p>&nbsp;<\/p>\n<h2>Estudios diagn\u00f3sticos de esguinces de codo<\/h2>\n<p>Los esguinces se identifican por la convergencia de un acontecimiento desencadenante t\u00edpico (a menudo una ca\u00edda o un impacto contundente), acompa\u00f1ado del dolor caracter\u00edstico en el codo y la sensibilidad localizada alrededor del ligamento o ligamentos. A diferencia de las luxaciones y las fracturas, los esguinces suelen permitir una amplitud de movimiento normal, aunque dolorosa.<\/p>\n<p>Estudios especiales y consideraciones sobre el diagn\u00f3stico y el tratamiento Se recomienda realizar radiograf\u00edas del esguince de codo, con dos o tres vistas necesarias para descartar fracturas.<\/p>\n<p>Tambi\u00e9n se sugiere repetir las radiograf\u00edas si la afecci\u00f3n no mejora como se prev\u00e9 cl\u00ednicamente en el plazo aproximado de una semana.<\/p>\n<p>Seguimiento de los progresos Para hacer un seguimiento de los progresos, los pacientes deben someterse a una reevaluaci\u00f3n entre siete y diez d\u00edas despu\u00e9s de la evaluaci\u00f3n inicial. Si no se observa mejor\u00eda, se justifica una radiograf\u00eda y una reevaluaci\u00f3n.<\/p>\n<p>&nbsp;<\/p>\n<h3>Medicamentos para los esguinces de codo<\/h3>\n<p>&nbsp;<\/p>\n<p>El ibuprofeno, el naproxeno u otros AINE de una generaci\u00f3n anterior se recomiendan como tratamiento inicial para la mayor\u00eda de los pacientes. Si los AINE no son adecuados, el paracetamol puede ser una alternativa viable, aunque las investigaciones sugieren que es ligeramente menos eficaz que los AINE.<\/p>\n<p>Las pruebas indican que los AINE son m\u00e1s seguros e igual de eficaces para tratar el dolor que los opi\u00e1ceos como el tramadol.<\/p>\n<p>Se sugieren antiinflamatorios no esteroideos (AINE) para el tratamiento de los esguinces de codo. Primero deben probarse los medicamentos sin receta para evaluar su eficacia.<\/p>\n<p>Frecuencia\/Duraci\u00f3n &#8211; Muchos pacientes pueden utilizarlos seg\u00fan sus necesidades.<\/p>\n<p>Indicaciones de interrupci\u00f3n: los criterios de interrupci\u00f3n incluyen el alivio del dolor en el codo, la falta de eficacia o la aparici\u00f3n de efectos adversos.<\/p>\n<p>Se recomienda el uso de AINE en pacientes con alto riesgo de hemorragia gastrointestinal, especialmente en aquellos con antecedentes de hemorragia gastrointestinal, ancianos, diab\u00e9ticos y fumadores. Pueden utilizarse conjuntamente f\u00e1rmacos citoprotectores como el misoprostol, el sucralfato, los bloqueadores H2 y los inhibidores de la bomba de protones.<\/p>\n<p>Frecuencia\/dosis\/duraci\u00f3n &#8211; Siga las recomendaciones de dosificaci\u00f3n del fabricante. En general, no existen diferencias significativas en la eficacia para prevenir las hemorragias gastrointestinales.<\/p>\n<p>Indicaciones de interrupci\u00f3n: los criterios de interrupci\u00f3n incluyen la intolerancia, la aparici\u00f3n de efectos desfavorables o el cese del uso de AINE.<\/p>\n<p>Se recomienda el uso de AINE en pacientes con riesgo de efectos adversos cardiovasculares, especialmente en pacientes con antecedentes de enfermedad cardiovascular o m\u00faltiples factores de riesgo cardiovascular. Los AINE no selectivos son preferibles a los medicamentos espec\u00edficos de la COX-2 cuando se utilizan dosis bajas de aspirina para la prevenci\u00f3n de enfermedades cardiovasculares.<\/p>\n<p>Dosis\/Frecuencia &#8211; Los AINE deben administrarse al menos 30 minutos despu\u00e9s u ocho horas antes de la aspirina. Siga las recomendaciones de dosificaci\u00f3n del fabricante.<\/p>\n<p>Se recomienda el paracetamol para el tratamiento del dolor de codo, especialmente en pacientes con contraindicaciones para los AINE.<\/p>\n<p>Dosis\/Frecuencia &#8211; Siga las recomendaciones del fabricante; puede utilizarse seg\u00fan sea necesario. Existen pruebas de toxicidad hep\u00e1tica por encima de 4 gm\/d\u00eda.<\/p>\n<p>Los opi\u00e1ceos para pacientes seleccionados con esguinces de codo se recomiendan para personas con dolor significativo por esguinces de codo graves que no se controlan adecuadamente con tratamientos alternativos.<\/p>\n<p>Frecuencia\/dosis &#8211; Administre el m\u00ednimo n\u00famero de dosis, ya que los esguinces de codo suelen tener un breve periodo de recuperaci\u00f3n.<\/p>\n<p>Indicaciones de interrupci\u00f3n: los criterios de interrupci\u00f3n incluyen los efectos indeseables, el incumplimiento de las pautas de prescripci\u00f3n y el alivio adecuado del dolor para evitar la necesidad de opi\u00e1ceos.<\/p>\n<p>Justificaci\u00f3n de la recomendaci\u00f3n &#8211; En general, los opi\u00e1ceos son innecesarios para la mayor\u00eda de los pacientes, y su uso debe limitarse a casos seleccionados con esguinces graves de corta duraci\u00f3n (no m\u00e1s de una semana).<\/p>\n<p>&nbsp;<\/p>\n<h3>Tratamientos de esguinces de codo<\/h3>\n<p>Rehabilitaci\u00f3n\/Dispositivos Los cabestrillos para esguinces de codo se aconsejan como parte del tratamiento de los esguinces de codo.<\/p>\n<p>Duraci\u00f3n &#8211; En general, el uso de arneses debe reducirse gradualmente a menos de 7 a 10 d\u00edas. Mientras se lleva el cabestrillo, se recomienda realizar ejercicios de amplitud de movimiento para el codo y el hombro varias veces al d\u00eda para evitar complicaciones derivadas de la limitaci\u00f3n de la amplitud de movimiento.<\/p>\n<p>Modificaci\u00f3n de la actividad y ejercicio: normalmente se indica a los pacientes que realicen ejercicios suaves de amplitud de movimiento varias veces al d\u00eda para mantener una amplitud de movimiento normal. Adem\u00e1s, se ofrecen intervenciones para abordar las modificaciones en la realizaci\u00f3n de las Actividades de la Vida Diaria (AVD) y las Actividades Instrumentales de la Vida Diaria (AIVD).<\/p>\n<p>&nbsp;<\/p>\n<h2>Lo que nuestra oficina puede hacer si tiene lesiones de compensaci\u00f3n laboral<\/h2>\n<p>Tenemos la experiencia para ayudarle con sus lesiones de compensaci\u00f3n de trabajadores. Nos identificamos con los retos a los que se enfrenta y nos comprometemos a atender sus necesidades m\u00e9dicas respetando las directrices establecidas por la Junta de Indemnizaci\u00f3n por Accidentes de Trabajo del Estado de Nueva York.<\/p>\n<p>Reconociendo la importancia de sus casos de compensaci\u00f3n de trabajadores, estamos aqu\u00ed para guiarle a trav\u00e9s de las complejidades de las interacciones con la compa\u00f1\u00eda de seguros de compensaci\u00f3n de trabajadores y su empleador.<\/p>\n<p>Entendemos el estr\u00e9s que usted y su familia est\u00e1n experimentando durante este dif\u00edcil momento. Si desea concertar una cita, p\u00f3ngase en contacto con nosotros. Nos esforzamos para que el proceso sea lo m\u00e1s fluido y menos estresante posible.<\/p>\n","protected":false},"excerpt":{"rendered":"<p>Las directrices de la Junta de Indemnizaci\u00f3n por Accidentes de Trabajo del Estado de Nueva York se han creado para ayudar a los m\u00e9dicos, pod\u00f3logos y otros profesionales sanitarios a ofrecer un tratamiento adecuado para los esguinces de codo. El objetivo de estas directrices es ayudar a los profesionales sanitarios a decidir el nivel de [&hellip;]<\/p>\n","protected":false},"author":33,"featured_media":0,"parent":21159,"menu_order":0,"comment_status":"closed","ping_status":"closed","template":"","meta":{"_et_pb_use_builder":"","_et_pb_old_content":"","_et_gb_content_width":"","footnotes":""},"class_list":["post-21182","page","type-page","status-publish","hentry"],"yoast_head":"<!-- This site is optimized with the Yoast SEO plugin v27.2 - https:\/\/yoast.com\/product\/yoast-seo-wordpress\/ -->\n<title>Esguinces de codo | Best Hip &amp; Knee Surgeon | NY, USA<\/title>\n<meta name=\"description\" content=\"Las directrices de la Junta de Indemnizaci\u00f3n por Accidentes de Trabajo del Estado de Nueva York se han creado para ayudar a los m\u00e9dicos, pod\u00f3logos y otros\" \/>\n<meta name=\"robots\" content=\"index, follow, max-snippet:-1, max-image-preview:large, max-video-preview:-1\" \/>\n<link rel=\"canonical\" href=\"https:\/\/www.newyorkhipknee.com\/es\/indemnizacion-por-accidente-laboral\/directrices-de-tratamiento-medico-mtg\/codo\/esguinces-de-codo\/\" \/>\n<meta property=\"og:locale\" content=\"es_ES\" \/>\n<meta property=\"og:type\" content=\"article\" \/>\n<meta property=\"og:title\" content=\"Esguinces de codo | Best Hip &amp; Knee Surgeon | NY, USA\" \/>\n<meta property=\"og:description\" content=\"Las directrices de la Junta de Indemnizaci\u00f3n por Accidentes de Trabajo del Estado de Nueva York se han creado para ayudar a los m\u00e9dicos, pod\u00f3logos y otros\" \/>\n<meta property=\"og:url\" content=\"https:\/\/www.newyorkhipknee.com\/es\/indemnizacion-por-accidente-laboral\/directrices-de-tratamiento-medico-mtg\/codo\/esguinces-de-codo\/\" \/>\n<meta property=\"og:site_name\" content=\"Best Hip &amp; Knee Surgeon | NY, USA\" \/>\n<meta name=\"twitter:card\" content=\"summary_large_image\" \/>\n<meta name=\"twitter:label1\" content=\"Tiempo de lectura\" \/>\n\t<meta name=\"twitter:data1\" content=\"6 minutos\" \/>\n<script type=\"application\/ld+json\" class=\"yoast-schema-graph\">{\"@context\":\"https:\/\/schema.org\",\"@graph\":[{\"@type\":[\"WebPage\",\"MedicalWebPage\"],\"@id\":\"https:\/\/www.newyorkhipknee.com\/es\/indemnizacion-por-accidente-laboral\/directrices-de-tratamiento-medico-mtg\/codo\/esguinces-de-codo\/\",\"url\":\"https:\/\/www.newyorkhipknee.com\/es\/indemnizacion-por-accidente-laboral\/directrices-de-tratamiento-medico-mtg\/codo\/esguinces-de-codo\/\",\"name\":\"Esguinces de codo | Best Hip &amp; Knee Surgeon | NY, USA\",\"isPartOf\":{\"@id\":\"https:\/\/www.newyorkhipknee.com\/es\/#website\"},\"datePublished\":\"2023-12-12T21:19:38+00:00\",\"description\":\"Las directrices de la Junta de Indemnizaci\u00f3n por Accidentes de Trabajo del Estado de Nueva York se han creado para ayudar a los m\u00e9dicos, pod\u00f3logos y otros\",\"breadcrumb\":{\"@id\":\"https:\/\/www.newyorkhipknee.com\/es\/indemnizacion-por-accidente-laboral\/directrices-de-tratamiento-medico-mtg\/codo\/esguinces-de-codo\/#breadcrumb\"},\"inLanguage\":\"es\",\"potentialAction\":[{\"@type\":\"ReadAction\",\"target\":[\"https:\/\/www.newyorkhipknee.com\/es\/indemnizacion-por-accidente-laboral\/directrices-de-tratamiento-medico-mtg\/codo\/esguinces-de-codo\/\"]}]},{\"@type\":\"BreadcrumbList\",\"@id\":\"https:\/\/www.newyorkhipknee.com\/es\/indemnizacion-por-accidente-laboral\/directrices-de-tratamiento-medico-mtg\/codo\/esguinces-de-codo\/#breadcrumb\",\"itemListElement\":[{\"@type\":\"ListItem\",\"position\":1,\"name\":\"Home\",\"item\":\"https:\/\/www.newyorkhipknee.com\/es\/\"},{\"@type\":\"ListItem\",\"position\":2,\"name\":\"Indemnizaci\u00f3n por accidente laboral\",\"item\":\"https:\/\/www.newyorkhipknee.com\/es\/indemnizacion-por-accidente-laboral\/\"},{\"@type\":\"ListItem\",\"position\":3,\"name\":\"Directrices de tratamiento m\u00e9dico (MTG)\",\"item\":\"https:\/\/www.newyorkhipknee.com\/es\/indemnizacion-por-accidente-laboral\/directrices-de-tratamiento-medico-mtg\/\"},{\"@type\":\"ListItem\",\"position\":4,\"name\":\"Codo\",\"item\":\"https:\/\/www.newyorkhipknee.com\/es\/indemnizacion-por-accidente-laboral\/directrices-de-tratamiento-medico-mtg\/codo\/\"},{\"@type\":\"ListItem\",\"position\":5,\"name\":\"Esguinces de codo\"}]},{\"@type\":\"WebSite\",\"@id\":\"https:\/\/www.newyorkhipknee.com\/es\/#website\",\"url\":\"https:\/\/www.newyorkhipknee.com\/es\/\",\"name\":\"Best Hip & Knee Surgeon | NY, USA\",\"description\":\"\",\"potentialAction\":[{\"@type\":\"SearchAction\",\"target\":{\"@type\":\"EntryPoint\",\"urlTemplate\":\"https:\/\/www.newyorkhipknee.com\/es\/?s={search_term_string}\"},\"query-input\":{\"@type\":\"PropertyValueSpecification\",\"valueRequired\":true,\"valueName\":\"search_term_string\"}}],\"inLanguage\":\"es\"}]}<\/script>\n<!-- \/ Yoast SEO plugin. -->","yoast_head_json":{"title":"Esguinces de codo | Best Hip &amp; Knee Surgeon | NY, USA","description":"Las directrices de la Junta de Indemnizaci\u00f3n por Accidentes de Trabajo del Estado de Nueva York se han creado para ayudar a los m\u00e9dicos, pod\u00f3logos y otros","robots":{"index":"index","follow":"follow","max-snippet":"max-snippet:-1","max-image-preview":"max-image-preview:large","max-video-preview":"max-video-preview:-1"},"canonical":"https:\/\/www.newyorkhipknee.com\/es\/indemnizacion-por-accidente-laboral\/directrices-de-tratamiento-medico-mtg\/codo\/esguinces-de-codo\/","og_locale":"es_ES","og_type":"article","og_title":"Esguinces de codo | Best Hip &amp; Knee Surgeon | NY, USA","og_description":"Las directrices de la Junta de Indemnizaci\u00f3n por Accidentes de Trabajo del Estado de Nueva York se han creado para ayudar a los m\u00e9dicos, pod\u00f3logos y otros","og_url":"https:\/\/www.newyorkhipknee.com\/es\/indemnizacion-por-accidente-laboral\/directrices-de-tratamiento-medico-mtg\/codo\/esguinces-de-codo\/","og_site_name":"Best Hip &amp; Knee Surgeon | NY, USA","twitter_card":"summary_large_image","twitter_misc":{"Tiempo de lectura":"6 minutos"},"schema":{"@context":"https:\/\/schema.org","@graph":[{"@type":["WebPage","MedicalWebPage"],"@id":"https:\/\/www.newyorkhipknee.com\/es\/indemnizacion-por-accidente-laboral\/directrices-de-tratamiento-medico-mtg\/codo\/esguinces-de-codo\/","url":"https:\/\/www.newyorkhipknee.com\/es\/indemnizacion-por-accidente-laboral\/directrices-de-tratamiento-medico-mtg\/codo\/esguinces-de-codo\/","name":"Esguinces de codo | Best Hip &amp; Knee Surgeon | NY, USA","isPartOf":{"@id":"https:\/\/www.newyorkhipknee.com\/es\/#website"},"datePublished":"2023-12-12T21:19:38+00:00","description":"Las directrices de la Junta de Indemnizaci\u00f3n por Accidentes de Trabajo del Estado de Nueva York se han creado para ayudar a los m\u00e9dicos, pod\u00f3logos y otros","breadcrumb":{"@id":"https:\/\/www.newyorkhipknee.com\/es\/indemnizacion-por-accidente-laboral\/directrices-de-tratamiento-medico-mtg\/codo\/esguinces-de-codo\/#breadcrumb"},"inLanguage":"es","potentialAction":[{"@type":"ReadAction","target":["https:\/\/www.newyorkhipknee.com\/es\/indemnizacion-por-accidente-laboral\/directrices-de-tratamiento-medico-mtg\/codo\/esguinces-de-codo\/"]}]},{"@type":"BreadcrumbList","@id":"https:\/\/www.newyorkhipknee.com\/es\/indemnizacion-por-accidente-laboral\/directrices-de-tratamiento-medico-mtg\/codo\/esguinces-de-codo\/#breadcrumb","itemListElement":[{"@type":"ListItem","position":1,"name":"Home","item":"https:\/\/www.newyorkhipknee.com\/es\/"},{"@type":"ListItem","position":2,"name":"Indemnizaci\u00f3n por accidente laboral","item":"https:\/\/www.newyorkhipknee.com\/es\/indemnizacion-por-accidente-laboral\/"},{"@type":"ListItem","position":3,"name":"Directrices de tratamiento m\u00e9dico (MTG)","item":"https:\/\/www.newyorkhipknee.com\/es\/indemnizacion-por-accidente-laboral\/directrices-de-tratamiento-medico-mtg\/"},{"@type":"ListItem","position":4,"name":"Codo","item":"https:\/\/www.newyorkhipknee.com\/es\/indemnizacion-por-accidente-laboral\/directrices-de-tratamiento-medico-mtg\/codo\/"},{"@type":"ListItem","position":5,"name":"Esguinces de codo"}]},{"@type":"WebSite","@id":"https:\/\/www.newyorkhipknee.com\/es\/#website","url":"https:\/\/www.newyorkhipknee.com\/es\/","name":"Best Hip & Knee Surgeon | NY, USA","description":"","potentialAction":[{"@type":"SearchAction","target":{"@type":"EntryPoint","urlTemplate":"https:\/\/www.newyorkhipknee.com\/es\/?s={search_term_string}"},"query-input":{"@type":"PropertyValueSpecification","valueRequired":true,"valueName":"search_term_string"}}],"inLanguage":"es"}]}},"_links":{"self":[{"href":"https:\/\/www.newyorkhipknee.com\/es\/wp-json\/wp\/v2\/pages\/21182","targetHints":{"allow":["GET"]}}],"collection":[{"href":"https:\/\/www.newyorkhipknee.com\/es\/wp-json\/wp\/v2\/pages"}],"about":[{"href":"https:\/\/www.newyorkhipknee.com\/es\/wp-json\/wp\/v2\/types\/page"}],"author":[{"embeddable":true,"href":"https:\/\/www.newyorkhipknee.com\/es\/wp-json\/wp\/v2\/users\/33"}],"replies":[{"embeddable":true,"href":"https:\/\/www.newyorkhipknee.com\/es\/wp-json\/wp\/v2\/comments?post=21182"}],"version-history":[{"count":0,"href":"https:\/\/www.newyorkhipknee.com\/es\/wp-json\/wp\/v2\/pages\/21182\/revisions"}],"up":[{"embeddable":true,"href":"https:\/\/www.newyorkhipknee.com\/es\/wp-json\/wp\/v2\/pages\/21159"}],"wp:attachment":[{"href":"https:\/\/www.newyorkhipknee.com\/es\/wp-json\/wp\/v2\/media?parent=21182"}],"curies":[{"name":"wp","href":"https:\/\/api.w.org\/{rel}","templated":true}]}}