{"id":21185,"date":"2023-12-11T17:19:23","date_gmt":"2023-12-11T22:19:23","guid":{"rendered":"https:\/\/newyorkhipknee.com\/codo\/principios-generales-de-la-guia-para-roentgenogramas-rayos-x-para-pacientes-de-compensacion-laboral\/"},"modified":"2023-12-11T17:19:23","modified_gmt":"2023-12-11T22:19:23","slug":"principios-generales-de-la-guia-para-roentgenogramas-rayos-x-para-pacientes-de-compensacion-laboral","status":"publish","type":"page","link":"https:\/\/www.newyorkhipknee.com\/es\/indemnizacion-por-accidente-laboral\/directrices-de-tratamiento-medico-mtg\/codo\/principios-generales-de-la-guia-para-roentgenogramas-rayos-x-para-pacientes-de-compensacion-laboral\/","title":{"rendered":"Principios generales de la gu\u00eda para roentgenogramas (rayos X) para pacientes de compensaci\u00f3n laboral"},"content":{"rendered":"<p>Las directrices que ves aqu\u00ed han sido elaboradas por la Junta de Indemnizaci\u00f3n por Accidentes de Trabajo del Estado de Nueva York. Est\u00e1n dise\u00f1ados para echar una mano a m\u00e9dicos, pod\u00f3logos y otros profesionales sanitarios a la hora de administrar el tratamiento adecuado cuando se trata de Roentgenogramas, com\u00fanmente conocidos como RAYOS X.<\/p>\n<p>Estas directrices son como una br\u00fajula para los profesionales sanitarios, con el fin de orientarles a la hora de decidir el mejor nivel de atenci\u00f3n para las personas que sufren trastornos del tobillo y el pie.<\/p>\n<p>Es fundamental se\u00f1alar que estas directrices no sustituyen la sabidur\u00eda y la experiencia de los profesionales sanitarios. Sirven como herramienta, y la decisi\u00f3n final sobre su atenci\u00f3n m\u00e9dica debe ser una colaboraci\u00f3n entre usted y su proveedor de atenci\u00f3n m\u00e9dica.<\/p>\n<h2>Roentgenogramas (RAYOS X)<\/h2>\n<p>La realizaci\u00f3n de radiograf\u00edas, tambi\u00e9n conocidas como roentgenogramas, es una pr\u00e1ctica habitual cuando se trata de dolor de codo agudo, subagudo o cr\u00f3nico. En la mayor\u00eda de los casos, estas radiograf\u00edas son el primer paso en el diagn\u00f3stico, ya que proporcionan una visi\u00f3n detallada de la estructura \u00f3sea del codo. Normalmente, se toman dos o tres puntos de vista diferentes para obtener una comprensi\u00f3n global.<\/p>\n<p>\u00bfPor qu\u00e9? Si padece un dolor persistente en el codo desde hace varias semanas, especialmente si es de moderado a intenso y viene acompa\u00f1ado de una limitaci\u00f3n de la amplitud de movimiento, las radiograf\u00edas son una herramienta valiosa. Son cruciales para descartar afecciones como la osteomielitis en casos de bursitis s\u00e9ptica del ol\u00e9cranon significativa, y ayudan a identificar cualquier signo de alarma.<\/p>\n<p>En cuanto a la frecuencia, normalmente basta con una sola serie de radiograf\u00edas. Sin embargo, para quienes sufren molestias cr\u00f3nicas o progresivas en el codo a lo largo de los meses o a\u00f1os, podr\u00eda recomendarse una serie de seguimiento. Es una forma de reevaluar y asegurarse de que se comprenden bien los cambios en los s\u00edntomas.<\/p>\n<p>En pocas palabras, las radiograf\u00edas son una pieza clave en la evaluaci\u00f3n del dolor de codo, ya que proporcionan informaci\u00f3n esencial tanto para el diagn\u00f3stico como para considerar las diferentes opciones de tratamiento.<\/p>\n<h2>C\u00f3mo nuestra oficina puede ayudar con sus lesiones de compensaci\u00f3n de trabajadores<\/h2>\n<p>Tenemos los conocimientos necesarios para ayudarle a superar sus lesiones laborales. Lo entendemos: conocemos los retos a los que se enfrenta y estamos aqu\u00ed para atender sus necesidades m\u00e9dicas, siguiendo las directrices establecidas por la Junta de Indemnizaci\u00f3n por Accidentes de Trabajo del Estado de Nueva York.<\/p>\n<p>Reconocer la importancia de sus casos de indemnizaci\u00f3n laboral es nuestra prioridad. Navegar por las complejidades de tratar con su empleador y la compa\u00f1\u00eda de seguros de compensaci\u00f3n de trabajadores puede ser abrumador. Perm\u00edtanos guiarle en este proceso.<\/p>\n<p>Entendemos que este periodo es estresante tanto para usted como para su familia. Si desea concertar una cita, p\u00f3ngase en contacto con nosotros. Nos comprometemos a facilitarle al m\u00e1ximo las cosas en estos dif\u00edciles momentos.<\/p>\n","protected":false},"excerpt":{"rendered":"<p>Las directrices que ves aqu\u00ed han sido elaboradas por la Junta de Indemnizaci\u00f3n por Accidentes de Trabajo del Estado de Nueva York. Est\u00e1n dise\u00f1ados para echar una mano a m\u00e9dicos, pod\u00f3logos y otros profesionales sanitarios a la hora de administrar el tratamiento adecuado cuando se trata de Roentgenogramas, com\u00fanmente conocidos como RAYOS X. Estas directrices [&hellip;]<\/p>\n","protected":false},"author":33,"featured_media":0,"parent":21159,"menu_order":0,"comment_status":"closed","ping_status":"closed","template":"","meta":{"_et_pb_use_builder":"","_et_pb_old_content":"","_et_gb_content_width":"","footnotes":""},"class_list":["post-21185","page","type-page","status-publish","hentry"],"yoast_head":"<!-- This site is optimized with the Yoast SEO plugin v27.2 - https:\/\/yoast.com\/product\/yoast-seo-wordpress\/ -->\n<title>Principios generales de la gu\u00eda para roentgenogramas (rayos X) para pacientes de compensaci\u00f3n laboral | Best Hip &amp; Knee Surgeon | NY, USA<\/title>\n<meta name=\"description\" content=\"Las directrices que ves aqu\u00ed han sido elaboradas por la Junta de Indemnizaci\u00f3n por Accidentes de Trabajo del Estado de Nueva York. Est\u00e1n dise\u00f1ados para\" \/>\n<meta name=\"robots\" content=\"index, follow, max-snippet:-1, max-image-preview:large, max-video-preview:-1\" \/>\n<link rel=\"canonical\" href=\"https:\/\/www.newyorkhipknee.com\/es\/indemnizacion-por-accidente-laboral\/directrices-de-tratamiento-medico-mtg\/codo\/principios-generales-de-la-guia-para-roentgenogramas-rayos-x-para-pacientes-de-compensacion-laboral\/\" \/>\n<meta property=\"og:locale\" content=\"es_ES\" \/>\n<meta property=\"og:type\" content=\"article\" \/>\n<meta property=\"og:title\" content=\"Principios generales de la gu\u00eda para roentgenogramas (rayos X) para pacientes de compensaci\u00f3n laboral | Best Hip &amp; Knee Surgeon | NY, USA\" \/>\n<meta property=\"og:description\" content=\"Las directrices que ves aqu\u00ed han sido elaboradas por la Junta de Indemnizaci\u00f3n por Accidentes de Trabajo del Estado de Nueva York. Est\u00e1n dise\u00f1ados para\" \/>\n<meta property=\"og:url\" content=\"https:\/\/www.newyorkhipknee.com\/es\/indemnizacion-por-accidente-laboral\/directrices-de-tratamiento-medico-mtg\/codo\/principios-generales-de-la-guia-para-roentgenogramas-rayos-x-para-pacientes-de-compensacion-laboral\/\" \/>\n<meta property=\"og:site_name\" content=\"Best Hip &amp; Knee Surgeon | NY, USA\" \/>\n<meta name=\"twitter:card\" content=\"summary_large_image\" \/>\n<meta name=\"twitter:label1\" content=\"Tiempo de lectura\" \/>\n\t<meta name=\"twitter:data1\" content=\"3 minutos\" \/>\n<script type=\"application\/ld+json\" class=\"yoast-schema-graph\">{\"@context\":\"https:\/\/schema.org\",\"@graph\":[{\"@type\":[\"WebPage\",\"MedicalWebPage\"],\"@id\":\"https:\/\/www.newyorkhipknee.com\/es\/indemnizacion-por-accidente-laboral\/directrices-de-tratamiento-medico-mtg\/codo\/principios-generales-de-la-guia-para-roentgenogramas-rayos-x-para-pacientes-de-compensacion-laboral\/\",\"url\":\"https:\/\/www.newyorkhipknee.com\/es\/indemnizacion-por-accidente-laboral\/directrices-de-tratamiento-medico-mtg\/codo\/principios-generales-de-la-guia-para-roentgenogramas-rayos-x-para-pacientes-de-compensacion-laboral\/\",\"name\":\"Principios generales de la gu\u00eda para roentgenogramas (rayos X) para pacientes de compensaci\u00f3n laboral | Best Hip &amp; Knee Surgeon | NY, USA\",\"isPartOf\":{\"@id\":\"https:\/\/www.newyorkhipknee.com\/es\/#website\"},\"datePublished\":\"2023-12-11T22:19:23+00:00\",\"description\":\"Las directrices que ves aqu\u00ed han sido elaboradas por la Junta de Indemnizaci\u00f3n por Accidentes de Trabajo del Estado de Nueva York. Est\u00e1n dise\u00f1ados para\",\"breadcrumb\":{\"@id\":\"https:\/\/www.newyorkhipknee.com\/es\/indemnizacion-por-accidente-laboral\/directrices-de-tratamiento-medico-mtg\/codo\/principios-generales-de-la-guia-para-roentgenogramas-rayos-x-para-pacientes-de-compensacion-laboral\/#breadcrumb\"},\"inLanguage\":\"es\",\"potentialAction\":[{\"@type\":\"ReadAction\",\"target\":[\"https:\/\/www.newyorkhipknee.com\/es\/indemnizacion-por-accidente-laboral\/directrices-de-tratamiento-medico-mtg\/codo\/principios-generales-de-la-guia-para-roentgenogramas-rayos-x-para-pacientes-de-compensacion-laboral\/\"]}]},{\"@type\":\"BreadcrumbList\",\"@id\":\"https:\/\/www.newyorkhipknee.com\/es\/indemnizacion-por-accidente-laboral\/directrices-de-tratamiento-medico-mtg\/codo\/principios-generales-de-la-guia-para-roentgenogramas-rayos-x-para-pacientes-de-compensacion-laboral\/#breadcrumb\",\"itemListElement\":[{\"@type\":\"ListItem\",\"position\":1,\"name\":\"Home\",\"item\":\"https:\/\/www.newyorkhipknee.com\/es\/\"},{\"@type\":\"ListItem\",\"position\":2,\"name\":\"Indemnizaci\u00f3n por accidente laboral\",\"item\":\"https:\/\/www.newyorkhipknee.com\/es\/indemnizacion-por-accidente-laboral\/\"},{\"@type\":\"ListItem\",\"position\":3,\"name\":\"Directrices de tratamiento m\u00e9dico (MTG)\",\"item\":\"https:\/\/www.newyorkhipknee.com\/es\/indemnizacion-por-accidente-laboral\/directrices-de-tratamiento-medico-mtg\/\"},{\"@type\":\"ListItem\",\"position\":4,\"name\":\"Codo\",\"item\":\"https:\/\/www.newyorkhipknee.com\/es\/indemnizacion-por-accidente-laboral\/directrices-de-tratamiento-medico-mtg\/codo\/\"},{\"@type\":\"ListItem\",\"position\":5,\"name\":\"Principios generales de la gu\u00eda para roentgenogramas (rayos X) para pacientes de compensaci\u00f3n laboral\"}]},{\"@type\":\"WebSite\",\"@id\":\"https:\/\/www.newyorkhipknee.com\/es\/#website\",\"url\":\"https:\/\/www.newyorkhipknee.com\/es\/\",\"name\":\"Best Hip & Knee Surgeon | NY, USA\",\"description\":\"\",\"potentialAction\":[{\"@type\":\"SearchAction\",\"target\":{\"@type\":\"EntryPoint\",\"urlTemplate\":\"https:\/\/www.newyorkhipknee.com\/es\/?s={search_term_string}\"},\"query-input\":{\"@type\":\"PropertyValueSpecification\",\"valueRequired\":true,\"valueName\":\"search_term_string\"}}],\"inLanguage\":\"es\"}]}<\/script>\n<!-- \/ Yoast SEO plugin. -->","yoast_head_json":{"title":"Principios generales de la gu\u00eda para roentgenogramas (rayos X) para pacientes de compensaci\u00f3n laboral | Best Hip &amp; Knee Surgeon | NY, USA","description":"Las directrices que ves aqu\u00ed han sido elaboradas por la Junta de Indemnizaci\u00f3n por Accidentes de Trabajo del Estado de Nueva York. Est\u00e1n dise\u00f1ados para","robots":{"index":"index","follow":"follow","max-snippet":"max-snippet:-1","max-image-preview":"max-image-preview:large","max-video-preview":"max-video-preview:-1"},"canonical":"https:\/\/www.newyorkhipknee.com\/es\/indemnizacion-por-accidente-laboral\/directrices-de-tratamiento-medico-mtg\/codo\/principios-generales-de-la-guia-para-roentgenogramas-rayos-x-para-pacientes-de-compensacion-laboral\/","og_locale":"es_ES","og_type":"article","og_title":"Principios generales de la gu\u00eda para roentgenogramas (rayos X) para pacientes de compensaci\u00f3n laboral | Best Hip &amp; Knee Surgeon | NY, USA","og_description":"Las directrices que ves aqu\u00ed han sido elaboradas por la Junta de Indemnizaci\u00f3n por Accidentes de Trabajo del Estado de Nueva York. Est\u00e1n dise\u00f1ados para","og_url":"https:\/\/www.newyorkhipknee.com\/es\/indemnizacion-por-accidente-laboral\/directrices-de-tratamiento-medico-mtg\/codo\/principios-generales-de-la-guia-para-roentgenogramas-rayos-x-para-pacientes-de-compensacion-laboral\/","og_site_name":"Best Hip &amp; Knee Surgeon | NY, USA","twitter_card":"summary_large_image","twitter_misc":{"Tiempo de lectura":"3 minutos"},"schema":{"@context":"https:\/\/schema.org","@graph":[{"@type":["WebPage","MedicalWebPage"],"@id":"https:\/\/www.newyorkhipknee.com\/es\/indemnizacion-por-accidente-laboral\/directrices-de-tratamiento-medico-mtg\/codo\/principios-generales-de-la-guia-para-roentgenogramas-rayos-x-para-pacientes-de-compensacion-laboral\/","url":"https:\/\/www.newyorkhipknee.com\/es\/indemnizacion-por-accidente-laboral\/directrices-de-tratamiento-medico-mtg\/codo\/principios-generales-de-la-guia-para-roentgenogramas-rayos-x-para-pacientes-de-compensacion-laboral\/","name":"Principios generales de la gu\u00eda para roentgenogramas (rayos X) para pacientes de compensaci\u00f3n laboral | Best Hip &amp; Knee Surgeon | NY, USA","isPartOf":{"@id":"https:\/\/www.newyorkhipknee.com\/es\/#website"},"datePublished":"2023-12-11T22:19:23+00:00","description":"Las directrices que ves aqu\u00ed han sido elaboradas por la Junta de Indemnizaci\u00f3n por Accidentes de Trabajo del Estado de Nueva York. Est\u00e1n dise\u00f1ados para","breadcrumb":{"@id":"https:\/\/www.newyorkhipknee.com\/es\/indemnizacion-por-accidente-laboral\/directrices-de-tratamiento-medico-mtg\/codo\/principios-generales-de-la-guia-para-roentgenogramas-rayos-x-para-pacientes-de-compensacion-laboral\/#breadcrumb"},"inLanguage":"es","potentialAction":[{"@type":"ReadAction","target":["https:\/\/www.newyorkhipknee.com\/es\/indemnizacion-por-accidente-laboral\/directrices-de-tratamiento-medico-mtg\/codo\/principios-generales-de-la-guia-para-roentgenogramas-rayos-x-para-pacientes-de-compensacion-laboral\/"]}]},{"@type":"BreadcrumbList","@id":"https:\/\/www.newyorkhipknee.com\/es\/indemnizacion-por-accidente-laboral\/directrices-de-tratamiento-medico-mtg\/codo\/principios-generales-de-la-guia-para-roentgenogramas-rayos-x-para-pacientes-de-compensacion-laboral\/#breadcrumb","itemListElement":[{"@type":"ListItem","position":1,"name":"Home","item":"https:\/\/www.newyorkhipknee.com\/es\/"},{"@type":"ListItem","position":2,"name":"Indemnizaci\u00f3n por accidente laboral","item":"https:\/\/www.newyorkhipknee.com\/es\/indemnizacion-por-accidente-laboral\/"},{"@type":"ListItem","position":3,"name":"Directrices de tratamiento m\u00e9dico (MTG)","item":"https:\/\/www.newyorkhipknee.com\/es\/indemnizacion-por-accidente-laboral\/directrices-de-tratamiento-medico-mtg\/"},{"@type":"ListItem","position":4,"name":"Codo","item":"https:\/\/www.newyorkhipknee.com\/es\/indemnizacion-por-accidente-laboral\/directrices-de-tratamiento-medico-mtg\/codo\/"},{"@type":"ListItem","position":5,"name":"Principios generales de la gu\u00eda para roentgenogramas (rayos X) para pacientes de compensaci\u00f3n laboral"}]},{"@type":"WebSite","@id":"https:\/\/www.newyorkhipknee.com\/es\/#website","url":"https:\/\/www.newyorkhipknee.com\/es\/","name":"Best Hip & Knee Surgeon | NY, USA","description":"","potentialAction":[{"@type":"SearchAction","target":{"@type":"EntryPoint","urlTemplate":"https:\/\/www.newyorkhipknee.com\/es\/?s={search_term_string}"},"query-input":{"@type":"PropertyValueSpecification","valueRequired":true,"valueName":"search_term_string"}}],"inLanguage":"es"}]}},"_links":{"self":[{"href":"https:\/\/www.newyorkhipknee.com\/es\/wp-json\/wp\/v2\/pages\/21185","targetHints":{"allow":["GET"]}}],"collection":[{"href":"https:\/\/www.newyorkhipknee.com\/es\/wp-json\/wp\/v2\/pages"}],"about":[{"href":"https:\/\/www.newyorkhipknee.com\/es\/wp-json\/wp\/v2\/types\/page"}],"author":[{"embeddable":true,"href":"https:\/\/www.newyorkhipknee.com\/es\/wp-json\/wp\/v2\/users\/33"}],"replies":[{"embeddable":true,"href":"https:\/\/www.newyorkhipknee.com\/es\/wp-json\/wp\/v2\/comments?post=21185"}],"version-history":[{"count":0,"href":"https:\/\/www.newyorkhipknee.com\/es\/wp-json\/wp\/v2\/pages\/21185\/revisions"}],"up":[{"embeddable":true,"href":"https:\/\/www.newyorkhipknee.com\/es\/wp-json\/wp\/v2\/pages\/21159"}],"wp:attachment":[{"href":"https:\/\/www.newyorkhipknee.com\/es\/wp-json\/wp\/v2\/media?parent=21185"}],"curies":[{"name":"wp","href":"https:\/\/api.w.org\/{rel}","templated":true}]}}