{"id":21186,"date":"2023-12-12T15:56:25","date_gmt":"2023-12-12T20:56:25","guid":{"rendered":"https:\/\/newyorkhipknee.com\/codo\/electromiografia-y-estudios-de-conduccion-nerviosa\/"},"modified":"2023-12-12T15:56:25","modified_gmt":"2023-12-12T20:56:25","slug":"electromiografia-y-estudios-de-conduccion-nerviosa","status":"publish","type":"page","link":"https:\/\/www.newyorkhipknee.com\/es\/indemnizacion-por-accidente-laboral\/directrices-de-tratamiento-medico-mtg\/codo\/electromiografia-y-estudios-de-conduccion-nerviosa\/","title":{"rendered":"Electromiograf\u00eda y estudios de conducci\u00f3n nerviosa"},"content":{"rendered":"<p>La Junta de Indemnizaci\u00f3n por Accidentes de Trabajo del Estado de Nueva York ha formulado estas directrices para ayudar a los m\u00e9dicos, pod\u00f3logos y otros profesionales sanitarios a administrar un tratamiento adecuado que incluya electromiograf\u00eda y estudios de conducci\u00f3n nerviosa (estudios de electrodiagn\u00f3stico). Estas directrices est\u00e1n dise\u00f1adas para ayudar a los profesionales sanitarios a tomar decisiones informadas sobre el nivel adecuado de atenci\u00f3n a sus pacientes con trastornos del tobillo y el pie.<\/p>\n<p>Es esencial subrayar que estas directrices no sustituyen al juicio cl\u00ednico ni a la experiencia profesional de los profesionales sanitarios. La decisi\u00f3n \u00faltima sobre la atenci\u00f3n al paciente debe ser fruto de la colaboraci\u00f3n entre el paciente y el profesional sanitario.<\/p>\n<p>Estas directrices ofrecen informaci\u00f3n valiosa para ayudar a los profesionales sanitarios a determinar el tratamiento adecuado para las personas con trastornos del tobillo y el pie, especialmente cuando se tienen en cuenta la electromiograf\u00eda y los estudios de conducci\u00f3n nerviosa como parte del plan de diagn\u00f3stico y tratamiento.<\/p>\n<h2>Estudios de electromiograf\u00eda y conducci\u00f3n nerviosa (estudios electrodiagn\u00f3sticos)<\/h2>\n<p><strong>Estudios electrodiagn\u00f3sticos en el diagn\u00f3stico y tratamiento de los atrapamientos nerviosos perif\u00e9ricos<\/strong><\/p>\n<p>Las pruebas de electrodiagn\u00f3stico (ED) desempe\u00f1an un papel crucial en la confirmaci\u00f3n de las impresiones diagn\u00f3sticas relacionadas con diversos atrapamientos nerviosos perif\u00e9ricos, especialmente en las extremidades superiores. Estas pruebas sirven como herramientas valiosas para diferenciar los atrapamientos perif\u00e9ricos de la radiculopat\u00eda cervical, especialmente en los casos de neuropat\u00eda leve. En algunos casos en los que los s\u00edntomas persisten a pesar de que los estudios de SUH son negativos, puede ser necesario repetir las pruebas m\u00e1s adelante en el curso del tratamiento.<\/p>\n<p>Es importante tener en cuenta que algunos individuos con anomal\u00edas en las pruebas de DE pueden no presentar s\u00edntomas. Por lo tanto, la realizaci\u00f3n de investigaciones en urgencias en pacientes con una probabilidad preprueba baja de atrapamiento del nervio perif\u00e9rico puede conducir a diagn\u00f3sticos inexactos.<\/p>\n<p><strong>Estudios electrodiagn\u00f3sticos para el diagn\u00f3stico de atrapamientos de nervios perif\u00e9ricos subagudos o cr\u00f3nicos<\/strong><\/p>\n<p><em>Indicaciones:<\/em> Pacientes que experimentan parestesias agudas o persistentes, con o sin dolor, especialmente cuando el diagn\u00f3stico es incierto. La t\u00e9cnica de inching, adem\u00e1s de los estudios segmentarios, se recomienda en pacientes con neuropat\u00edas perif\u00e9ricas en la regi\u00f3n del codo para identificar el atrapamiento y guiar las intervenciones terap\u00e9uticas.<\/p>\n<p><strong>Estudios electrodiagn\u00f3sticos para el diagn\u00f3stico y la evaluaci\u00f3n preoperatoria de atrapamientos de nervios perif\u00e9ricos<\/strong><\/p>\n<p><strong><br \/>\n  <em>Indicaciones:<\/em><br \/>\n<\/strong> Recomendado para pacientes con diagn\u00f3sticos poco claros para establecer un diagn\u00f3stico definitivo. Los estudios de ED se aconsejan como uno de los m\u00e9todos para determinar con precisi\u00f3n un diagn\u00f3stico antes de considerar la liberaci\u00f3n quir\u00fargica.<\/p>\n<p><strong>Estudios electrodiagn\u00f3sticos para la evaluaci\u00f3n inicial de pacientes con sospecha de atrapamiento de nervios perif\u00e9ricos<\/strong><\/p>\n<p><strong><em>Recomendaci\u00f3n:<\/em> <\/strong>No se recomienda para la mayor\u00eda de las evaluaciones iniciales de los pacientes, ya que no tiene impacto en el manejo de sus condiciones.<\/p>\n<p><strong><br \/>\n  <em>Justificaci\u00f3n de la recomendaci\u00f3n:<\/em><br \/>\n<\/strong> Las investigaciones de ED se utilizan principalmente para localizar el lugar de las anomal\u00edas de la conducci\u00f3n nerviosa, apoyar hip\u00f3tesis diagn\u00f3sticas alternativas y confirmar la funci\u00f3n nerviosa para afecciones operativas como el s\u00edndrome del t\u00fanel carpiano (STC). Aunque se aconsejan para casos espec\u00edficos, como el s\u00edndrome del pronador y las neuropat\u00edas radiales o cubitales en el codo, los estudios de ED no son necesarios para la evaluaci\u00f3n inicial de la mayor\u00eda de los pacientes con sospecha de atrapamiento de un nervio perif\u00e9rico.<\/p>\n<h2>Lo que nuestra oficina puede hacer si tiene lesiones de compensaci\u00f3n laboral<\/h2>\n<div class=\"flex-1 overflow-hidden\">\n<div class=\"react-scroll-to-bottom--css-agqap-79elbk h-full\">\n<div class=\"react-scroll-to-bottom--css-agqap-1n7m0yu\">\n<div class=\"flex flex-col pb-9 text-sm\">\n<div class=\"w-full text-token-text-primary\" data-testid=\"conversation-turn-203\">\n<div class=\"px-4 py-2 justify-center text-base md:gap-6 m-auto\">\n<div class=\"flex flex-1 text-base mx-auto gap-3 md:px-5 lg:px-1 xl:px-5 md:max-w-3xl lg:max-w-[40rem] xl:max-w-[48rem] group final-completion\">\n<div class=\"relative flex w-full flex-col lg:w-[calc(100%-115px)] agent-turn\">\n<div class=\"flex-col gap-1 md:gap-3\">\n<div class=\"flex flex-grow flex-col max-w-full\">\n<div class=\"min-h-[20px] text-message flex flex-col items-start gap-3 whitespace-pre-wrap break-words [.text-message+&amp;]:mt-5 overflow-x-auto\" data-message-author-role=\"assistant\" data-message-id=\"d8413548-bd76-4f64-b9e6-459079739ede\">\n<div class=\"markdown prose w-full break-words dark:prose-invert dark\">\n<p>Poseemos la experiencia para ayudarle con sus lesiones de compensaci\u00f3n de trabajadores. Nos identificamos con los retos a los que se enfrenta y nos comprometemos a abordar sus necesidades m\u00e9dicas de acuerdo con las directrices establecidas por la Junta de Compensaci\u00f3n de Trabajadores del Estado de Nueva York.<\/p>\n<p>Reconociendo la importancia de sus casos de compensaci\u00f3n de trabajadores, estamos aqu\u00ed para guiarle a trav\u00e9s de las complejidades de las interacciones con la compa\u00f1\u00eda de seguros de compensaci\u00f3n de trabajadores y su empleador.<\/p>\n<p>Somos conscientes de que este periodo es estresante para usted y su familia. Si desea concertar una cita, p\u00f3ngase en contacto con nosotros y nos esforzaremos por facilitarle al m\u00e1ximo el proceso.<\/p>\n<\/div>\n<\/div>\n<\/div>\n<div class=\"mt-1 flex justify-start gap-3 empty:hidden\">\n<div class=\"text-gray-400 flex self-end lg:self-center justify-center lg:justify-start mt-0 gap-1 visible\"><button class=\"flex items-center gap-1.5 rounded-md p-1 pl-0 text-xs hover:text-gray-950 dark:text-gray-400 dark:hover:text-gray-200 disabled:dark:hover:text-gray-400 md:invisible md:group-hover:visible md:group-[.final-completion]:visible\"><\/button><\/p>\n<div class=\"flex gap-1\"><\/div>\n<div class=\"flex items-center gap-1.5 text-xs\"><\/div>\n<\/div>\n<\/div>\n<\/div>\n<\/div>\n<\/div>\n<\/div>\n<\/div>\n<\/div>\n<\/div>\n<\/div>\n<\/div>\n<div class=\"w-full pt-2 md:pt-0 dark:border-white\/20 md:border-transparent md:dark:border-transparent md:w-[calc(100%-.5rem)]\">\n<form class=\"stretch mx-2 flex flex-row gap-3 last:mb-2 md:mx-4 md:last:mb-6 lg:mx-auto lg:max-w-2xl xl:max-w-3xl\">\n<div class=\"relative flex h-full flex-1 items-stretch md:flex-col\">\n<div class=\"flex w-full items-center\"><\/div>\n<\/div>\n<\/form>\n<\/div>\n","protected":false},"excerpt":{"rendered":"<p>La Junta de Indemnizaci\u00f3n por Accidentes de Trabajo del Estado de Nueva York ha formulado estas directrices para ayudar a los m\u00e9dicos, pod\u00f3logos y otros profesionales sanitarios a administrar un tratamiento adecuado que incluya electromiograf\u00eda y estudios de conducci\u00f3n nerviosa (estudios de electrodiagn\u00f3stico). Estas directrices est\u00e1n dise\u00f1adas para ayudar a los profesionales sanitarios a tomar [&hellip;]<\/p>\n","protected":false},"author":33,"featured_media":0,"parent":21159,"menu_order":0,"comment_status":"closed","ping_status":"closed","template":"","meta":{"_et_pb_use_builder":"","_et_pb_old_content":"","_et_gb_content_width":"","footnotes":""},"class_list":["post-21186","page","type-page","status-publish","hentry"],"yoast_head":"<!-- This site is optimized with the Yoast SEO plugin v27.2 - https:\/\/yoast.com\/product\/yoast-seo-wordpress\/ -->\n<title>Electromiograf\u00eda y estudios de conducci\u00f3n nerviosa | Best Hip &amp; Knee Surgeon | NY, USA<\/title>\n<meta name=\"description\" content=\"La Junta de Indemnizaci\u00f3n por Accidentes de Trabajo del Estado de Nueva York ha formulado estas directrices para ayudar a los m\u00e9dicos, pod\u00f3logos y otros\" \/>\n<meta name=\"robots\" content=\"index, follow, max-snippet:-1, max-image-preview:large, max-video-preview:-1\" \/>\n<link rel=\"canonical\" href=\"https:\/\/www.newyorkhipknee.com\/es\/indemnizacion-por-accidente-laboral\/directrices-de-tratamiento-medico-mtg\/codo\/electromiografia-y-estudios-de-conduccion-nerviosa\/\" \/>\n<meta property=\"og:locale\" content=\"es_ES\" \/>\n<meta property=\"og:type\" content=\"article\" \/>\n<meta property=\"og:title\" content=\"Electromiograf\u00eda y estudios de conducci\u00f3n nerviosa | Best Hip &amp; Knee Surgeon | NY, USA\" \/>\n<meta property=\"og:description\" content=\"La Junta de Indemnizaci\u00f3n por Accidentes de Trabajo del Estado de Nueva York ha formulado estas directrices para ayudar a los m\u00e9dicos, pod\u00f3logos y otros\" \/>\n<meta property=\"og:url\" content=\"https:\/\/www.newyorkhipknee.com\/es\/indemnizacion-por-accidente-laboral\/directrices-de-tratamiento-medico-mtg\/codo\/electromiografia-y-estudios-de-conduccion-nerviosa\/\" \/>\n<meta property=\"og:site_name\" content=\"Best Hip &amp; Knee Surgeon | NY, USA\" \/>\n<meta name=\"twitter:card\" content=\"summary_large_image\" \/>\n<meta name=\"twitter:label1\" content=\"Tiempo de lectura\" \/>\n\t<meta name=\"twitter:data1\" content=\"4 minutos\" \/>\n<script type=\"application\/ld+json\" class=\"yoast-schema-graph\">{\"@context\":\"https:\/\/schema.org\",\"@graph\":[{\"@type\":[\"WebPage\",\"MedicalWebPage\"],\"@id\":\"https:\/\/www.newyorkhipknee.com\/es\/indemnizacion-por-accidente-laboral\/directrices-de-tratamiento-medico-mtg\/codo\/electromiografia-y-estudios-de-conduccion-nerviosa\/\",\"url\":\"https:\/\/www.newyorkhipknee.com\/es\/indemnizacion-por-accidente-laboral\/directrices-de-tratamiento-medico-mtg\/codo\/electromiografia-y-estudios-de-conduccion-nerviosa\/\",\"name\":\"Electromiograf\u00eda y estudios de conducci\u00f3n nerviosa | Best Hip &amp; Knee Surgeon | NY, USA\",\"isPartOf\":{\"@id\":\"https:\/\/www.newyorkhipknee.com\/es\/#website\"},\"datePublished\":\"2023-12-12T20:56:25+00:00\",\"description\":\"La Junta de Indemnizaci\u00f3n por Accidentes de Trabajo del Estado de Nueva York ha formulado estas directrices para ayudar a los m\u00e9dicos, pod\u00f3logos y otros\",\"breadcrumb\":{\"@id\":\"https:\/\/www.newyorkhipknee.com\/es\/indemnizacion-por-accidente-laboral\/directrices-de-tratamiento-medico-mtg\/codo\/electromiografia-y-estudios-de-conduccion-nerviosa\/#breadcrumb\"},\"inLanguage\":\"es\",\"potentialAction\":[{\"@type\":\"ReadAction\",\"target\":[\"https:\/\/www.newyorkhipknee.com\/es\/indemnizacion-por-accidente-laboral\/directrices-de-tratamiento-medico-mtg\/codo\/electromiografia-y-estudios-de-conduccion-nerviosa\/\"]}]},{\"@type\":\"BreadcrumbList\",\"@id\":\"https:\/\/www.newyorkhipknee.com\/es\/indemnizacion-por-accidente-laboral\/directrices-de-tratamiento-medico-mtg\/codo\/electromiografia-y-estudios-de-conduccion-nerviosa\/#breadcrumb\",\"itemListElement\":[{\"@type\":\"ListItem\",\"position\":1,\"name\":\"Home\",\"item\":\"https:\/\/www.newyorkhipknee.com\/es\/\"},{\"@type\":\"ListItem\",\"position\":2,\"name\":\"Indemnizaci\u00f3n por accidente laboral\",\"item\":\"https:\/\/www.newyorkhipknee.com\/es\/indemnizacion-por-accidente-laboral\/\"},{\"@type\":\"ListItem\",\"position\":3,\"name\":\"Directrices de tratamiento m\u00e9dico (MTG)\",\"item\":\"https:\/\/www.newyorkhipknee.com\/es\/indemnizacion-por-accidente-laboral\/directrices-de-tratamiento-medico-mtg\/\"},{\"@type\":\"ListItem\",\"position\":4,\"name\":\"Codo\",\"item\":\"https:\/\/www.newyorkhipknee.com\/es\/indemnizacion-por-accidente-laboral\/directrices-de-tratamiento-medico-mtg\/codo\/\"},{\"@type\":\"ListItem\",\"position\":5,\"name\":\"Electromiograf\u00eda y estudios de conducci\u00f3n nerviosa\"}]},{\"@type\":\"WebSite\",\"@id\":\"https:\/\/www.newyorkhipknee.com\/es\/#website\",\"url\":\"https:\/\/www.newyorkhipknee.com\/es\/\",\"name\":\"Best Hip & Knee Surgeon | NY, USA\",\"description\":\"\",\"potentialAction\":[{\"@type\":\"SearchAction\",\"target\":{\"@type\":\"EntryPoint\",\"urlTemplate\":\"https:\/\/www.newyorkhipknee.com\/es\/?s={search_term_string}\"},\"query-input\":{\"@type\":\"PropertyValueSpecification\",\"valueRequired\":true,\"valueName\":\"search_term_string\"}}],\"inLanguage\":\"es\"}]}<\/script>\n<!-- \/ Yoast SEO plugin. -->","yoast_head_json":{"title":"Electromiograf\u00eda y estudios de conducci\u00f3n nerviosa | Best Hip &amp; Knee Surgeon | NY, USA","description":"La Junta de Indemnizaci\u00f3n por Accidentes de Trabajo del Estado de Nueva York ha formulado estas directrices para ayudar a los m\u00e9dicos, pod\u00f3logos y otros","robots":{"index":"index","follow":"follow","max-snippet":"max-snippet:-1","max-image-preview":"max-image-preview:large","max-video-preview":"max-video-preview:-1"},"canonical":"https:\/\/www.newyorkhipknee.com\/es\/indemnizacion-por-accidente-laboral\/directrices-de-tratamiento-medico-mtg\/codo\/electromiografia-y-estudios-de-conduccion-nerviosa\/","og_locale":"es_ES","og_type":"article","og_title":"Electromiograf\u00eda y estudios de conducci\u00f3n nerviosa | Best Hip &amp; Knee Surgeon | NY, USA","og_description":"La Junta de Indemnizaci\u00f3n por Accidentes de Trabajo del Estado de Nueva York ha formulado estas directrices para ayudar a los m\u00e9dicos, pod\u00f3logos y otros","og_url":"https:\/\/www.newyorkhipknee.com\/es\/indemnizacion-por-accidente-laboral\/directrices-de-tratamiento-medico-mtg\/codo\/electromiografia-y-estudios-de-conduccion-nerviosa\/","og_site_name":"Best Hip &amp; Knee Surgeon | NY, USA","twitter_card":"summary_large_image","twitter_misc":{"Tiempo de lectura":"4 minutos"},"schema":{"@context":"https:\/\/schema.org","@graph":[{"@type":["WebPage","MedicalWebPage"],"@id":"https:\/\/www.newyorkhipknee.com\/es\/indemnizacion-por-accidente-laboral\/directrices-de-tratamiento-medico-mtg\/codo\/electromiografia-y-estudios-de-conduccion-nerviosa\/","url":"https:\/\/www.newyorkhipknee.com\/es\/indemnizacion-por-accidente-laboral\/directrices-de-tratamiento-medico-mtg\/codo\/electromiografia-y-estudios-de-conduccion-nerviosa\/","name":"Electromiograf\u00eda y estudios de conducci\u00f3n nerviosa | Best Hip &amp; Knee Surgeon | NY, USA","isPartOf":{"@id":"https:\/\/www.newyorkhipknee.com\/es\/#website"},"datePublished":"2023-12-12T20:56:25+00:00","description":"La Junta de Indemnizaci\u00f3n por Accidentes de Trabajo del Estado de Nueva York ha formulado estas directrices para ayudar a los m\u00e9dicos, pod\u00f3logos y otros","breadcrumb":{"@id":"https:\/\/www.newyorkhipknee.com\/es\/indemnizacion-por-accidente-laboral\/directrices-de-tratamiento-medico-mtg\/codo\/electromiografia-y-estudios-de-conduccion-nerviosa\/#breadcrumb"},"inLanguage":"es","potentialAction":[{"@type":"ReadAction","target":["https:\/\/www.newyorkhipknee.com\/es\/indemnizacion-por-accidente-laboral\/directrices-de-tratamiento-medico-mtg\/codo\/electromiografia-y-estudios-de-conduccion-nerviosa\/"]}]},{"@type":"BreadcrumbList","@id":"https:\/\/www.newyorkhipknee.com\/es\/indemnizacion-por-accidente-laboral\/directrices-de-tratamiento-medico-mtg\/codo\/electromiografia-y-estudios-de-conduccion-nerviosa\/#breadcrumb","itemListElement":[{"@type":"ListItem","position":1,"name":"Home","item":"https:\/\/www.newyorkhipknee.com\/es\/"},{"@type":"ListItem","position":2,"name":"Indemnizaci\u00f3n por accidente laboral","item":"https:\/\/www.newyorkhipknee.com\/es\/indemnizacion-por-accidente-laboral\/"},{"@type":"ListItem","position":3,"name":"Directrices de tratamiento m\u00e9dico (MTG)","item":"https:\/\/www.newyorkhipknee.com\/es\/indemnizacion-por-accidente-laboral\/directrices-de-tratamiento-medico-mtg\/"},{"@type":"ListItem","position":4,"name":"Codo","item":"https:\/\/www.newyorkhipknee.com\/es\/indemnizacion-por-accidente-laboral\/directrices-de-tratamiento-medico-mtg\/codo\/"},{"@type":"ListItem","position":5,"name":"Electromiograf\u00eda y estudios de conducci\u00f3n nerviosa"}]},{"@type":"WebSite","@id":"https:\/\/www.newyorkhipknee.com\/es\/#website","url":"https:\/\/www.newyorkhipknee.com\/es\/","name":"Best Hip & Knee Surgeon | NY, USA","description":"","potentialAction":[{"@type":"SearchAction","target":{"@type":"EntryPoint","urlTemplate":"https:\/\/www.newyorkhipknee.com\/es\/?s={search_term_string}"},"query-input":{"@type":"PropertyValueSpecification","valueRequired":true,"valueName":"search_term_string"}}],"inLanguage":"es"}]}},"_links":{"self":[{"href":"https:\/\/www.newyorkhipknee.com\/es\/wp-json\/wp\/v2\/pages\/21186","targetHints":{"allow":["GET"]}}],"collection":[{"href":"https:\/\/www.newyorkhipknee.com\/es\/wp-json\/wp\/v2\/pages"}],"about":[{"href":"https:\/\/www.newyorkhipknee.com\/es\/wp-json\/wp\/v2\/types\/page"}],"author":[{"embeddable":true,"href":"https:\/\/www.newyorkhipknee.com\/es\/wp-json\/wp\/v2\/users\/33"}],"replies":[{"embeddable":true,"href":"https:\/\/www.newyorkhipknee.com\/es\/wp-json\/wp\/v2\/comments?post=21186"}],"version-history":[{"count":0,"href":"https:\/\/www.newyorkhipknee.com\/es\/wp-json\/wp\/v2\/pages\/21186\/revisions"}],"up":[{"embeddable":true,"href":"https:\/\/www.newyorkhipknee.com\/es\/wp-json\/wp\/v2\/pages\/21159"}],"wp:attachment":[{"href":"https:\/\/www.newyorkhipknee.com\/es\/wp-json\/wp\/v2\/media?parent=21186"}],"curies":[{"name":"wp","href":"https:\/\/api.w.org\/{rel}","templated":true}]}}