{"id":21195,"date":"2023-12-12T12:21:49","date_gmt":"2023-12-12T17:21:49","guid":{"rendered":"https:\/\/newyorkhipknee.com\/codo\/sindrome-del-pronador-neuropatias-medianas-en-el-antebrazo\/"},"modified":"2023-12-12T12:21:49","modified_gmt":"2023-12-12T17:21:49","slug":"sindrome-del-pronador-neuropatias-medianas-en-el-antebrazo","status":"publish","type":"page","link":"https:\/\/www.newyorkhipknee.com\/es\/indemnizacion-por-accidente-laboral\/directrices-de-tratamiento-medico-mtg\/codo\/sindrome-del-pronador-neuropatias-medianas-en-el-antebrazo\/","title":{"rendered":"S\u00edndrome del pronador (neuropat\u00edas medianas en el antebrazo)"},"content":{"rendered":"<p>Las directrices elaboradas por la Junta de Indemnizaci\u00f3n por Accidentes de Trabajo del Estado de Nueva York est\u00e1n dise\u00f1adas para ayudar a los m\u00e9dicos, pod\u00f3logos y profesionales sanitarios a ofrecer un tratamiento adecuado para el s\u00edndrome del pronador, abordando espec\u00edficamente las neuropat\u00edas medianas del antebrazo.<\/p>\n<p>Estas directrices de la Junta de Indemnizaci\u00f3n por Accidentes de Trabajo son un recurso \u00fatil para los profesionales sanitarios, ya que ofrecen orientaci\u00f3n para determinar el nivel de atenci\u00f3n m\u00e1s adecuado para los pacientes con trastornos de tobillo y pie.<\/p>\n<p>Es importante se\u00f1alar que estas directrices no sustituyen la necesidad de juicio cl\u00ednico y experiencia profesional. La decisi\u00f3n final sobre la atenci\u00f3n al paciente debe ser un proceso de colaboraci\u00f3n entre el paciente y su profesional sanitario.<\/p>\n<h2>S\u00edndrome del pronador (neuropat\u00edas medianas en el antebrazo)<\/h2>\n<p>El atrapamiento del nervio mediano que se produce debajo o dentro del m\u00fasculo pronador redondo del antebrazo proximal es la causa principal del s\u00edndrome del pronador. Un aspecto clave para distinguirla diagn\u00f3sticamente es la aparici\u00f3n de parestesias y dolor en los flexores del antebrazo, similares a los observados en el s\u00edndrome del t\u00fanel carpiano. Se cree que el s\u00edndrome del pronador provoca despertares nocturnos con menos frecuencia que el s\u00edndrome del t\u00fanel carpiano. Una investigaci\u00f3n electrodiagn\u00f3stica adicional es beneficiosa y recomendable para un diagn\u00f3stico preciso.<\/p>\n<p>Pruebas diagn\u00f3sticas del s\u00edndrome del pronador: se recomienda un estudio electrodiagn\u00f3stico para confirmar la presencia del s\u00edndrome del pronador.<\/p>\n<h2>Medicamentos para el s\u00edndrome del pronador (neuropat\u00edas medianas del antebrazo)<\/h2>\n<p>Para la mayor\u00eda de los pacientes, se proponen como tratamientos iniciales el ibuprofeno, el naproxeno u otros AINE de una generaci\u00f3n anterior. En los casos en que los AINE no son adecuados, el paracetamol (o su an\u00e1logo, el paracetamol) puede ser una alternativa viable, aunque las investigaciones sugieren en general que es ligeramente menos eficaz que los AINE.<\/p>\n<p>Hay pruebas que indican que los AINE, comparados con opi\u00e1ceos como el tramadol, son menos arriesgados e igual de eficaces en el tratamiento del dolor.<\/p>\n<p>Los antiinflamatorios no esteroideos (AINE) para el tratamiento del dolor agudo, subagudo, cr\u00f3nico o postoperatorio del s\u00edndrome del pronador se recomiendan para tratar el dolor postoperatorio, cr\u00f3nico o subagudo del s\u00edndrome del pronador.<\/p>\n<p>Indicaciones: los AINE se recomiendan como tratamiento del dolor agudo, subagudo, cr\u00f3nico o postoperatorio del s\u00edndrome del pronador. Deben realizarse intentos iniciales con medicamentos de venta libre (OTC) para evaluar su eficacia.<\/p>\n<p>Frecuencia\/dosis\/duraci\u00f3n: para muchos pacientes, el uso de AINE seg\u00fan sea necesario puede considerarse adecuado.<\/p>\n<p>Indicaciones de interrupci\u00f3n &#8211; Cese de las molestias en el codo, falta de eficacia de la medicaci\u00f3n o aparici\u00f3n de efectos secundarios adversos que obliguen a interrumpirla.<\/p>\n<p>Para los pacientes con alto riesgo de hemorragia gastrointestinal, se recomiendan los AINE. Los f\u00e1rmacos citoprotectores como el misoprostol, el sucralfato, los bloqueantes de los receptores de histamina de tipo 2 y los inhibidores de la bomba de protones se prescriben habitualmente en combinaci\u00f3n para las personas con riesgo elevado de hemorragia gastrointestinal.<\/p>\n<p>Indicaciones: los f\u00e1rmacos citoprotectores deben considerarse en pacientes con un perfil de factores de riesgo elevado que tambi\u00e9n requieran AINE, en particular si se prev\u00e9 un tratamiento prolongado. Las personas con antecedentes de hemorragia gastrointestinal, los ancianos, los diab\u00e9ticos y los fumadores son especialmente vulnerables.<\/p>\n<p>Frecuencia\/dosis\/duraci\u00f3n &#8211; Se aconseja el uso de bloqueadores H2, misoprostol, sucralfato e inhibidores de la bomba de protones, siguiendo las recomendaciones posol\u00f3gicas del fabricante. En general, no se observan variaciones significativas en la eficacia para prevenir las hemorragias gastrointestinales.<\/p>\n<p>Indicaciones de interrupci\u00f3n &#8211; Intolerancia, aparici\u00f3n de efectos negativos o cese de los AINE.<\/p>\n<h3>AINE para pacientes con riesgo de efectos adversos cardiovasculares<\/h3>\n<p>Para las personas con riesgo de efectos secundarios cardiovasculares, los tratamientos iniciales recomendados son el paracetamol o la aspirina, consideradas opciones m\u00e1s seguras. En caso necesario, se sugiere el uso de AINE no selectivos en lugar de medicamentos espec\u00edficos de la COX-2.<\/p>\n<p>Para mitigar el riesgo de que un AINE contrarreste los efectos protectores de la aspirina a dosis bajas en quienes la utilizan para la prevenci\u00f3n primaria o secundaria de enfermedades cardiovasculares, el AINE debe tomarse al menos 30 minutos despu\u00e9s u ocho horas antes de la aspirina diaria.<\/p>\n<h3>Tratamiento del dolor de codo con paracetamol<\/h3>\n<p>Se aconseja el paracetamol para tratar las molestias del codo, sobre todo en los casos en que los AINE est\u00e1n contraindicados.<\/p>\n<p>Indicaciones &#8211; Aplicable a todas las personas, independientemente de la gravedad, ya sea dolor cr\u00f3nico o postoperatorio en el codo.<\/p>\n<p>Frecuencia\/dosis\/duraci\u00f3n &#8211; De acuerdo con las recomendaciones del fabricante; puede utilizarse seg\u00fan sea necesario. Sin embargo, si se superan los cuatro gm\/d\u00eda se observan indicios de toxicidad hep\u00e1tica.<\/p>\n<p>Indicaciones para la interrupci\u00f3n &#8211; Tras la resoluci\u00f3n de las molestias, aparici\u00f3n de efectos adversos o intolerancia.<\/p>\n<h3>Opi\u00e1ceos<\/h3>\n<p>Los opi\u00e1ceos no se recomiendan para el s\u00edndrome del pronador agudo, subagudo o cr\u00f3nico.<\/p>\n<p>Se sugieren opi\u00e1ceos durante un m\u00e1ximo de una semana para controlar el dolor postoperatorio del s\u00edndrome del pronador.<\/p>\n<p>Justificaci\u00f3n de las recomendaciones: Faltan ensayos s\u00f3lidos que eval\u00faen la eficacia de los opioides en el tratamiento del s\u00edndrome del pronador.<\/p>\n<p>Los opi\u00e1ceos conllevan importantes efectos secundarios, como baja tolerabilidad, estre\u00f1imiento, somnolencia, alteraci\u00f3n del juicio, p\u00e9rdida de memoria y la posibilidad de abuso o dependencia, observada hasta en un 35% de los pacientes. Se debe informar a los pacientes sobre estos posibles efectos secundarios y advertirles de que no manejen maquinaria ni conduzcan antes de recibir una receta de opi\u00e1ceos.<\/p>\n<p>Los opi\u00e1ceos s\u00f3lo deben emplearse cuando sean esenciales para el dolor intenso o durante un periodo breve (no superior a una semana) en la fase postoperatoria. Esto se debe a que no parecen ser m\u00e1s eficaces que los analg\u00e9sicos m\u00e1s seguros para tratar la mayor\u00eda de las dolencias musculoesquel\u00e9ticas. Excepto para un postoperatorio breve, los opi\u00e1ceos no se recomiendan para el tratamiento del s\u00edndrome del pronador.<\/p>\n<p>&nbsp;<\/p>\n<h3>Glucocorticosteroides \u2013 Orales o Inyecciones<\/h3>\n<p>Se desaconseja el uso de glucocorticosteroides, ya sea por v\u00eda oral o mediante inyecciones, para el tratamiento del s\u00edndrome del pronador, ya sea en fase aguda, subaguda o cr\u00f3nica.<\/p>\n<h3>Vitaminas<\/h3>\n<p>No se aconseja tomar vitaminas, como la piridoxina, para controlar el s\u00edndrome del pronador, ya sea en fase aguda, subaguda o cr\u00f3nica.<\/p>\n<h3>Parches de lidoca\u00edna<\/h3>\n<p>No se recomienda la aplicaci\u00f3n de parches de lidoca\u00edna para aliviar el dolor agudo, subagudo o cr\u00f3nico del s\u00edndrome del pronador.<\/p>\n<h2>Ketamina<\/h2>\n<p>La ketamina no se sugiere como tratamiento para el s\u00edndrome del pronador, ya sea en estado agudo, subagudo o cr\u00f3nico.<\/p>\n<p>Tratamientos del s\u00edndrome del pronador (neuropat\u00edas medianas del antebrazo)<\/p>\n<h3>Imanes<\/h3>\n<p>No se recomienda el uso de imanes para tratar el s\u00edndrome del pronador, ya sea en fase aguda, subaguda o persistente.<\/p>\n<h3>F\u00e9rula de codo y mu\u00f1eca<\/h3>\n<p>No obstante, se recomienda el uso de f\u00e9rulas de codo y mu\u00f1eca para tratar el s\u00edndrome del pronador, tanto en la fase aguda como en la subaguda o cr\u00f3nica.<\/p>\n<p>&nbsp;<\/p>\n<h3>Terapia (activa y pasiva)<\/h3>\n<p>La importancia de la rehabilitaci\u00f3n (terapia formal supervisada) tras una lesi\u00f3n laboral es centrarse en restablecer las capacidades funcionales necesarias para las rutinas diarias del paciente, permitirle volver al trabajo y, en la medida de lo posible, devolver al trabajador lesionado a su estado anterior a la lesi\u00f3n.<\/p>\n<p>La terapia activa requiere que el paciente realice un esfuerzo interno para completar ejercicios o tareas espec\u00edficas, mientras que la terapia pasiva consiste en modalidades administradas por un terapeuta sin que el paciente realice ning\u00fan esfuerzo. Aunque se considera que las terapias pasivas agilizan la terapia activa y logran ganancias funcionales objetivas simult\u00e1neas, se recomienda dar prioridad a las iniciativas activas.<\/p>\n<p>Animar a los pacientes a continuar la terapia activa y pasiva en casa es crucial para seguir avanzando en el proceso de curaci\u00f3n. Adem\u00e1s, el uso de dispositivos de asistencia puede emplearse como medida complementaria en la estrategia de rehabilitaci\u00f3n para facilitar las ganancias funcionales.<\/p>\n<p><strong>Ejercicio Terap\u00e9utico:<\/strong> Terapia f\u00edsica u ocupacional para el s\u00edndrome del pronador agudo, subagudo, cr\u00f3nico o postoperatorio<\/p>\n<p><strong>Ejercicio terap\u00e9utico<\/strong>: Terapia f\u00edsica u ocupacional para el s\u00edndrome del pronador agudo, subagudo, cr\u00f3nico o postoperatorio se recomienda para el manejo del s\u00edndrome del pronador postoperatorio, cr\u00f3nico, subagudo o agudo.<\/p>\n<p><strong>Frecuencia\/dosis\/duraci\u00f3n<\/strong>: el n\u00famero total de visitas puede oscilar entre dos o tres para pacientes con d\u00e9ficits funcionales leves y entre 12 y 15 para aquellos con d\u00e9ficits m\u00e1s graves, en funci\u00f3n de la mejora funcional objetiva continuada.<\/p>\n<p>Si hay pruebas de mejora hacia objetivos funcionales espec\u00edficos (por ejemplo, mejora de la fuerza de prensi\u00f3n, de la fuerza de pellizco clave, de la amplitud de movimiento o de la capacidad para realizar actividades laborales), pueden ser necesarias m\u00e1s de 12 a 15 visitas para tratar las deficiencias funcionales persistentes.<\/p>\n<p>Debe integrarse un programa de ejercicios en casa en la estrategia de rehabilitaci\u00f3n y aplicarse junto con la terapia.<\/p>\n<p><strong>Indicaciones de interrupci\u00f3n:<\/strong> Los criterios de interrupci\u00f3n incluyen la ausencia de molestias en el codo, intolerancia, ineficacia o incumplimiento, incluido el incumplimiento de los ejercicios prescritos en casa.<\/p>\n<h3>Terapia l\u00e1ser de bajo nivel<\/h3>\n<p>La terapia l\u00e1ser de baja intensidad no est\u00e1 recomendada para el s\u00edndrome del pronador, ya sea agudo, subagudo o cr\u00f3nico.<\/p>\n<h3>Ultrasonido<\/h3>\n<p>Se recomienda la ecograf\u00eda para el s\u00edndrome del pronador, ya sea agudo, subagudo o cr\u00f3nico.<\/p>\n<h3>Acupuntura, Biofeedback, Manipulaci\u00f3n y Movilizaci\u00f3n, Masaje, Masaje de Tejidos Blandos, Iontoforesis, Fonoforesis<\/h3>\n<p>Acupuntura, Biofeedback, Manipulaci\u00f3n y Movilizaci\u00f3n, Masaje, Masaje de Tejidos Blandos, Iontoforesis, Fonoforesis se recomiendan para el S\u00edndrome del Pronador, que puede ser cr\u00f3nico, agudo, o ambos.<\/p>\n<p>&nbsp;<\/p>\n<h3>Cirug\u00eda del s\u00edndrome del pronador (neuropat\u00edas medianas en el antebrazo)<\/h3>\n<p>Para el s\u00edndrome del pronador, se ha realizado una liberaci\u00f3n quir\u00fargica del nervio mediano. La derivaci\u00f3n a cirug\u00eda puede ser necesaria en pacientes que presenten signos de alarma importantes, como neuropat\u00eda compresiva tras una fractura aguda, o que no hayan mejorado con tratamientos no quir\u00fargicos como f\u00e9rulas de mu\u00f1eca.<\/p>\n<p>La decisi\u00f3n de operarse depende del diagn\u00f3stico establecido de los s\u00edntomas. El asesoramiento sobre los posibles resultados, los riesgos, los beneficios y, sobre todo, las expectativas es crucial a la hora de plantearse una intervenci\u00f3n quir\u00fargica.<\/p>\n<p>Es esencial establecer las expectativas preoperatorias, haciendo hincapi\u00e9 en la necesidad de cumplir el r\u00e9gimen de ejercicios de rehabilitaci\u00f3n y controlar el dolor postoperatorio. Para prevenir el hombro congelado (capsulitis adhesiva), los ejercicios postoperatorios de amplitud de movimiento deben centrarse en el codo, la mu\u00f1eca y el hombro.<\/p>\n<p>Liberaci\u00f3n quir\u00fargica para el tratamiento de neuropat\u00edas medianas subagudas o cr\u00f3nicas del antebrazo, incluido el s\u00edndrome del pronador<\/p>\n<p>Se recomienda la liberaci\u00f3n quir\u00fargica para las personas con neuropat\u00edas subagudas o cr\u00f3nicas de la mediana del antebrazo que no responden al tratamiento no quir\u00fargico. Los casos urgentes o emergentes, como el s\u00edndrome de compresi\u00f3n agudo relacionado con una fractura o el s\u00edndrome compartimental con signos persistentes de lesi\u00f3n nerviosa, tambi\u00e9n se aconsejan para cirug\u00eda.<\/p>\n<p>Las indicaciones incluyen s\u00edntomas de neuropat\u00eda mediana en el antebrazo, p\u00e9rdida significativa de la funci\u00f3n evidenciada por limitaciones en la actividad debido al atrapamiento del nervio y la falta de respuesta del paciente al tratamiento no quir\u00fargico, que suele durar de tres a seis meses.<\/p>\n<p>Los pacientes deben cumplir el tratamiento, llevar f\u00e9rulas de mu\u00f1eca que no funcionen y evitar las exposiciones agravantes. Aquellos que experimentan s\u00edntomas persistentes, progresi\u00f3n de la enfermedad o deterioro funcional pueden ser candidatos quir\u00fargicos antes. Los cirujanos suelen exigir pruebas electrodiagn\u00f3sticas positivas para considerar la cirug\u00eda.<\/p>\n<p>El fundamento de la recomendaci\u00f3n se basa en pruebas claras de neuropat\u00eda mediana, pruebas electrodiagn\u00f3sticas positivas y pruebas concretas de p\u00e9rdida de funci\u00f3n. La cirug\u00eda se aconseja en un n\u00famero limitado de casos.<\/p>\n<h2>Lo que nuestra oficina puede hacer si tiene s\u00edndrome de pronador (neuropat\u00edas medianas en el antebrazo)<\/h2>\n<p>Tenemos la experiencia para ayudar con las lesiones de compensaci\u00f3n de trabajadores. Comprendiendo los retos a los que se enfrenta, abordaremos sus necesidades m\u00e9dicas siguiendo las directrices de la Junta de Indemnizaci\u00f3n por Accidentes de Trabajo del Estado de Nueva York.<\/p>\n<p>Reconociendo la importancia de sus casos de compensaci\u00f3n de trabajadores, podemos guiarle a trav\u00e9s de las complejidades de tratar con la compa\u00f1\u00eda de seguros de compensaci\u00f3n de trabajadores y su empleador.<\/p>\n<p>Comprendemos el estr\u00e9s que usted y su familia est\u00e1n sufriendo. Para concertar una cita, p\u00f3ngase en contacto con nosotros y haremos todo lo posible para que el proceso le resulte lo m\u00e1s sencillo posible.<\/p>\n","protected":false},"excerpt":{"rendered":"<p>Las directrices elaboradas por la Junta de Indemnizaci\u00f3n por Accidentes de Trabajo del Estado de Nueva York est\u00e1n dise\u00f1adas para ayudar a los m\u00e9dicos, pod\u00f3logos y profesionales sanitarios a ofrecer un tratamiento adecuado para el s\u00edndrome del pronador, abordando espec\u00edficamente las neuropat\u00edas medianas del antebrazo. Estas directrices de la Junta de Indemnizaci\u00f3n por Accidentes de [&hellip;]<\/p>\n","protected":false},"author":33,"featured_media":0,"parent":21159,"menu_order":0,"comment_status":"closed","ping_status":"closed","template":"","meta":{"_et_pb_use_builder":"","_et_pb_old_content":"","_et_gb_content_width":"","footnotes":""},"class_list":["post-21195","page","type-page","status-publish","hentry"],"yoast_head":"<!-- This site is optimized with the Yoast SEO plugin v27.2 - https:\/\/yoast.com\/product\/yoast-seo-wordpress\/ -->\n<title>S\u00edndrome del pronador (neuropat\u00edas medianas en el antebrazo) | Best Hip &amp; Knee Surgeon | NY, USA<\/title>\n<meta name=\"description\" content=\"Las directrices elaboradas por la Junta de Indemnizaci\u00f3n por Accidentes de Trabajo del Estado de Nueva York est\u00e1n dise\u00f1adas para ayudar a los m\u00e9dicos,\" \/>\n<meta name=\"robots\" content=\"index, follow, max-snippet:-1, max-image-preview:large, max-video-preview:-1\" \/>\n<link rel=\"canonical\" href=\"https:\/\/www.newyorkhipknee.com\/es\/indemnizacion-por-accidente-laboral\/directrices-de-tratamiento-medico-mtg\/codo\/sindrome-del-pronador-neuropatias-medianas-en-el-antebrazo\/\" \/>\n<meta property=\"og:locale\" content=\"es_ES\" \/>\n<meta property=\"og:type\" content=\"article\" \/>\n<meta property=\"og:title\" content=\"S\u00edndrome del pronador (neuropat\u00edas medianas en el antebrazo) | Best Hip &amp; Knee Surgeon | NY, USA\" \/>\n<meta property=\"og:description\" content=\"Las directrices elaboradas por la Junta de Indemnizaci\u00f3n por Accidentes de Trabajo del Estado de Nueva York est\u00e1n dise\u00f1adas para ayudar a los m\u00e9dicos,\" \/>\n<meta property=\"og:url\" content=\"https:\/\/www.newyorkhipknee.com\/es\/indemnizacion-por-accidente-laboral\/directrices-de-tratamiento-medico-mtg\/codo\/sindrome-del-pronador-neuropatias-medianas-en-el-antebrazo\/\" \/>\n<meta property=\"og:site_name\" content=\"Best Hip &amp; Knee Surgeon | NY, USA\" \/>\n<meta name=\"twitter:card\" content=\"summary_large_image\" \/>\n<meta name=\"twitter:label1\" content=\"Tiempo de lectura\" \/>\n\t<meta name=\"twitter:data1\" content=\"11 minutos\" \/>\n<script type=\"application\/ld+json\" class=\"yoast-schema-graph\">{\"@context\":\"https:\/\/schema.org\",\"@graph\":[{\"@type\":[\"WebPage\",\"MedicalWebPage\"],\"@id\":\"https:\/\/www.newyorkhipknee.com\/es\/indemnizacion-por-accidente-laboral\/directrices-de-tratamiento-medico-mtg\/codo\/sindrome-del-pronador-neuropatias-medianas-en-el-antebrazo\/\",\"url\":\"https:\/\/www.newyorkhipknee.com\/es\/indemnizacion-por-accidente-laboral\/directrices-de-tratamiento-medico-mtg\/codo\/sindrome-del-pronador-neuropatias-medianas-en-el-antebrazo\/\",\"name\":\"S\u00edndrome del pronador (neuropat\u00edas medianas en el antebrazo) | Best Hip &amp; Knee Surgeon | NY, USA\",\"isPartOf\":{\"@id\":\"https:\/\/www.newyorkhipknee.com\/es\/#website\"},\"datePublished\":\"2023-12-12T17:21:49+00:00\",\"description\":\"Las directrices elaboradas por la Junta de Indemnizaci\u00f3n por Accidentes de Trabajo del Estado de Nueva York est\u00e1n dise\u00f1adas para ayudar a los m\u00e9dicos,\",\"breadcrumb\":{\"@id\":\"https:\/\/www.newyorkhipknee.com\/es\/indemnizacion-por-accidente-laboral\/directrices-de-tratamiento-medico-mtg\/codo\/sindrome-del-pronador-neuropatias-medianas-en-el-antebrazo\/#breadcrumb\"},\"inLanguage\":\"es\",\"potentialAction\":[{\"@type\":\"ReadAction\",\"target\":[\"https:\/\/www.newyorkhipknee.com\/es\/indemnizacion-por-accidente-laboral\/directrices-de-tratamiento-medico-mtg\/codo\/sindrome-del-pronador-neuropatias-medianas-en-el-antebrazo\/\"]}]},{\"@type\":\"BreadcrumbList\",\"@id\":\"https:\/\/www.newyorkhipknee.com\/es\/indemnizacion-por-accidente-laboral\/directrices-de-tratamiento-medico-mtg\/codo\/sindrome-del-pronador-neuropatias-medianas-en-el-antebrazo\/#breadcrumb\",\"itemListElement\":[{\"@type\":\"ListItem\",\"position\":1,\"name\":\"Home\",\"item\":\"https:\/\/www.newyorkhipknee.com\/es\/\"},{\"@type\":\"ListItem\",\"position\":2,\"name\":\"Indemnizaci\u00f3n por accidente laboral\",\"item\":\"https:\/\/www.newyorkhipknee.com\/es\/indemnizacion-por-accidente-laboral\/\"},{\"@type\":\"ListItem\",\"position\":3,\"name\":\"Directrices de tratamiento m\u00e9dico (MTG)\",\"item\":\"https:\/\/www.newyorkhipknee.com\/es\/indemnizacion-por-accidente-laboral\/directrices-de-tratamiento-medico-mtg\/\"},{\"@type\":\"ListItem\",\"position\":4,\"name\":\"Codo\",\"item\":\"https:\/\/www.newyorkhipknee.com\/es\/indemnizacion-por-accidente-laboral\/directrices-de-tratamiento-medico-mtg\/codo\/\"},{\"@type\":\"ListItem\",\"position\":5,\"name\":\"S\u00edndrome del pronador (neuropat\u00edas medianas en el antebrazo)\"}]},{\"@type\":\"WebSite\",\"@id\":\"https:\/\/www.newyorkhipknee.com\/es\/#website\",\"url\":\"https:\/\/www.newyorkhipknee.com\/es\/\",\"name\":\"Best Hip & Knee Surgeon | NY, USA\",\"description\":\"\",\"potentialAction\":[{\"@type\":\"SearchAction\",\"target\":{\"@type\":\"EntryPoint\",\"urlTemplate\":\"https:\/\/www.newyorkhipknee.com\/es\/?s={search_term_string}\"},\"query-input\":{\"@type\":\"PropertyValueSpecification\",\"valueRequired\":true,\"valueName\":\"search_term_string\"}}],\"inLanguage\":\"es\"}]}<\/script>\n<!-- \/ Yoast SEO plugin. -->","yoast_head_json":{"title":"S\u00edndrome del pronador (neuropat\u00edas medianas en el antebrazo) | Best Hip &amp; Knee Surgeon | NY, USA","description":"Las directrices elaboradas por la Junta de Indemnizaci\u00f3n por Accidentes de Trabajo del Estado de Nueva York est\u00e1n dise\u00f1adas para ayudar a los m\u00e9dicos,","robots":{"index":"index","follow":"follow","max-snippet":"max-snippet:-1","max-image-preview":"max-image-preview:large","max-video-preview":"max-video-preview:-1"},"canonical":"https:\/\/www.newyorkhipknee.com\/es\/indemnizacion-por-accidente-laboral\/directrices-de-tratamiento-medico-mtg\/codo\/sindrome-del-pronador-neuropatias-medianas-en-el-antebrazo\/","og_locale":"es_ES","og_type":"article","og_title":"S\u00edndrome del pronador (neuropat\u00edas medianas en el antebrazo) | Best Hip &amp; Knee Surgeon | NY, USA","og_description":"Las directrices elaboradas por la Junta de Indemnizaci\u00f3n por Accidentes de Trabajo del Estado de Nueva York est\u00e1n dise\u00f1adas para ayudar a los m\u00e9dicos,","og_url":"https:\/\/www.newyorkhipknee.com\/es\/indemnizacion-por-accidente-laboral\/directrices-de-tratamiento-medico-mtg\/codo\/sindrome-del-pronador-neuropatias-medianas-en-el-antebrazo\/","og_site_name":"Best Hip &amp; Knee Surgeon | NY, USA","twitter_card":"summary_large_image","twitter_misc":{"Tiempo de lectura":"11 minutos"},"schema":{"@context":"https:\/\/schema.org","@graph":[{"@type":["WebPage","MedicalWebPage"],"@id":"https:\/\/www.newyorkhipknee.com\/es\/indemnizacion-por-accidente-laboral\/directrices-de-tratamiento-medico-mtg\/codo\/sindrome-del-pronador-neuropatias-medianas-en-el-antebrazo\/","url":"https:\/\/www.newyorkhipknee.com\/es\/indemnizacion-por-accidente-laboral\/directrices-de-tratamiento-medico-mtg\/codo\/sindrome-del-pronador-neuropatias-medianas-en-el-antebrazo\/","name":"S\u00edndrome del pronador (neuropat\u00edas medianas en el antebrazo) | Best Hip &amp; Knee Surgeon | NY, USA","isPartOf":{"@id":"https:\/\/www.newyorkhipknee.com\/es\/#website"},"datePublished":"2023-12-12T17:21:49+00:00","description":"Las directrices elaboradas por la Junta de Indemnizaci\u00f3n por Accidentes de Trabajo del Estado de Nueva York est\u00e1n dise\u00f1adas para ayudar a los m\u00e9dicos,","breadcrumb":{"@id":"https:\/\/www.newyorkhipknee.com\/es\/indemnizacion-por-accidente-laboral\/directrices-de-tratamiento-medico-mtg\/codo\/sindrome-del-pronador-neuropatias-medianas-en-el-antebrazo\/#breadcrumb"},"inLanguage":"es","potentialAction":[{"@type":"ReadAction","target":["https:\/\/www.newyorkhipknee.com\/es\/indemnizacion-por-accidente-laboral\/directrices-de-tratamiento-medico-mtg\/codo\/sindrome-del-pronador-neuropatias-medianas-en-el-antebrazo\/"]}]},{"@type":"BreadcrumbList","@id":"https:\/\/www.newyorkhipknee.com\/es\/indemnizacion-por-accidente-laboral\/directrices-de-tratamiento-medico-mtg\/codo\/sindrome-del-pronador-neuropatias-medianas-en-el-antebrazo\/#breadcrumb","itemListElement":[{"@type":"ListItem","position":1,"name":"Home","item":"https:\/\/www.newyorkhipknee.com\/es\/"},{"@type":"ListItem","position":2,"name":"Indemnizaci\u00f3n por accidente laboral","item":"https:\/\/www.newyorkhipknee.com\/es\/indemnizacion-por-accidente-laboral\/"},{"@type":"ListItem","position":3,"name":"Directrices de tratamiento m\u00e9dico (MTG)","item":"https:\/\/www.newyorkhipknee.com\/es\/indemnizacion-por-accidente-laboral\/directrices-de-tratamiento-medico-mtg\/"},{"@type":"ListItem","position":4,"name":"Codo","item":"https:\/\/www.newyorkhipknee.com\/es\/indemnizacion-por-accidente-laboral\/directrices-de-tratamiento-medico-mtg\/codo\/"},{"@type":"ListItem","position":5,"name":"S\u00edndrome del pronador (neuropat\u00edas medianas en el antebrazo)"}]},{"@type":"WebSite","@id":"https:\/\/www.newyorkhipknee.com\/es\/#website","url":"https:\/\/www.newyorkhipknee.com\/es\/","name":"Best Hip & Knee Surgeon | NY, USA","description":"","potentialAction":[{"@type":"SearchAction","target":{"@type":"EntryPoint","urlTemplate":"https:\/\/www.newyorkhipknee.com\/es\/?s={search_term_string}"},"query-input":{"@type":"PropertyValueSpecification","valueRequired":true,"valueName":"search_term_string"}}],"inLanguage":"es"}]}},"_links":{"self":[{"href":"https:\/\/www.newyorkhipknee.com\/es\/wp-json\/wp\/v2\/pages\/21195","targetHints":{"allow":["GET"]}}],"collection":[{"href":"https:\/\/www.newyorkhipknee.com\/es\/wp-json\/wp\/v2\/pages"}],"about":[{"href":"https:\/\/www.newyorkhipknee.com\/es\/wp-json\/wp\/v2\/types\/page"}],"author":[{"embeddable":true,"href":"https:\/\/www.newyorkhipknee.com\/es\/wp-json\/wp\/v2\/users\/33"}],"replies":[{"embeddable":true,"href":"https:\/\/www.newyorkhipknee.com\/es\/wp-json\/wp\/v2\/comments?post=21195"}],"version-history":[{"count":0,"href":"https:\/\/www.newyorkhipknee.com\/es\/wp-json\/wp\/v2\/pages\/21195\/revisions"}],"up":[{"embeddable":true,"href":"https:\/\/www.newyorkhipknee.com\/es\/wp-json\/wp\/v2\/pages\/21159"}],"wp:attachment":[{"href":"https:\/\/www.newyorkhipknee.com\/es\/wp-json\/wp\/v2\/media?parent=21195"}],"curies":[{"name":"wp","href":"https:\/\/api.w.org\/{rel}","templated":true}]}}