{"id":21204,"date":"2023-12-18T17:08:10","date_gmt":"2023-12-18T22:08:10","guid":{"rendered":"https:\/\/newyorkhipknee.com\/dolor-regional-complejo\/tratamiento-del-sdrc\/"},"modified":"2023-12-18T17:08:10","modified_gmt":"2023-12-18T22:08:10","slug":"tratamiento-del-sdrc","status":"publish","type":"page","link":"https:\/\/www.newyorkhipknee.com\/es\/indemnizacion-por-accidente-laboral\/directrices-de-tratamiento-medico-mtg\/dolor-regional-complejo\/tratamiento-del-sdrc\/","title":{"rendered":"Tratamiento del SDRC"},"content":{"rendered":"<p>La Junta de Indemnizaci\u00f3n por Accidentes de Trabajo del Estado de Nueva York ha creado unas directrices para ayudar a los profesionales sanitarios, incluidos m\u00e9dicos y pod\u00f3logos, a determinar el nivel de atenci\u00f3n adecuado para los pacientes con trastornos de tobillo y pie.<\/p>\n<p>Estas directrices no sustituyen al juicio cl\u00ednico ni a la experiencia profesional, y la decisi\u00f3n final sobre los cuidados debe tomarla el paciente en consulta con su profesional sanitario. Las directrices pretenden garantizar que los trabajadores reciban el tratamiento m\u00e9dico necesario y razonable para sus lesiones laborales.<\/p>\n<p>Se basan en la medicina comprobada y est\u00e1n concebidos para ayudar a restablecer la capacidad funcional del paciente. Las directrices de tratamiento m\u00e9dico de la Junta son una parte esencial del sistema de indemnizaci\u00f3n de los trabajadores, ya que proporcionan un marco para la prestaci\u00f3n de asistencia sanitaria a los trabajadores lesionados.<\/p>\n<p>&nbsp;<\/p>\n<h2>Actividades laborales de gesti\u00f3n de CRPS<\/h2>\n<div class=\"content\" tabindex=\"0\">\n<div class=\"ac-container ac-adaptiveCard\">\n<div class=\"ac-textBlock\">\n<p>A menudo se recomienda modificar las actividades laborales como parte del plan de tratamiento. Una forma de hacerlo es revisar las responsabilidades del puesto para ver si pueden hacerse modificaciones sin notificarlo al empresario. Esto puede ayudar a evitar actividades que puedan agravar significativamente el dolor, al menos durante un tiempo.<\/p>\n<p>Es importante que los pacientes mantengan sus niveles m\u00e1ximos de actividad, incluidas las actividades laborales, ya que ello redunda en su inter\u00e9s cl\u00ednico y psicol\u00f3gico.<\/p>\n<p>Para determinar la viabilidad, es necesario evaluar el \u00abriesgo\u00bb, la \u00abcapacidad\u00bb y la \u00abtolerancia\u00bb. El t\u00e9rmino \u00abriesgo\u00bb se refiere a lo que un paciente puede realizar pero no debe hacer por la alta probabilidad de sufrir consecuencias graves. Los proveedores fijan los l\u00edmites del trabajo en funci\u00f3n de sus evaluaciones del riesgo.<\/p>\n<div class=\"content\" tabindex=\"0\">\n<div class=\"ac-container ac-adaptiveCard\">\n<div class=\"ac-textBlock\">\n<p>Es importante determinar lo que un paciente es f\u00edsicamente capaz de hacer, lo que se denomina su capacidad. Esto puede determinarse evaluando factores como la amplitud de movimiento y la capacidad de ejercicio en equivalentes metab\u00f3licos (MET). El paciente, y no el m\u00e9dico, debe determinar si los beneficios del parto compensan los gastos de los s\u00edntomas en funci\u00f3n de su tolerancia a los s\u00edntomas persistentes.<\/p>\n<p>El primer paso para decidir si son necesarios cambios en la actividad laboral es mantener una conversaci\u00f3n tanto con el paciente como con su profesional sanitario sobre si tiene o no control sobre sus tareas laborales.<\/p>\n<p>En determinadas situaciones, aunque las molestias sean incapacitantes, puede que no sea necesario redactar algunas restricciones si el trabajador puede recibir ayuda de otra persona.<\/p>\n<p>Seg\u00fan la MTG 34 del NYS WCB sobre el s\u00edndrome de dolor regional complejo, la inspecci\u00f3n y el an\u00e1lisis del lugar de trabajo por parte de un profesional sanitario con los conocimientos necesarios pueden facilitar la evaluaci\u00f3n de las tareas laborales y la posibilidad de realizar ajustes.<\/p>\n<p>Al dise\u00f1ar las adaptaciones laborales, deben tenerse en cuenta las exigencias f\u00edsicas del trabajo y la seguridad del mismo, en el \u00e1mbito de las circunstancias espec\u00edficas de cada caso. Si el paciente sabe que se aconseja reposo absoluto u otras formas de inactividad, tambi\u00e9n debe tenerlo en cuenta.<\/p>\n<p>En algunos casos, puede ser necesario imponer restricciones o prescribir niveles de actividad superiores a los que el paciente considera que puede soportar. En tales circunstancias, debe facilitarse informaci\u00f3n sobre el SDRC y la necesidad de seguir siendo activo.<\/p>\n<p>Entre las restricciones m\u00e1s comunes se incluyen el ajuste del peso de los objetos que se levantan, la cantidad de actividad f\u00edsica permitida (baja, media o alta), el n\u00famero de levantamientos y la postura. Cuando se tienen en cuenta las habilidades del paciente, las prescripciones de actividades f\u00edsicas deben adaptarse a cada individuo porque hay muchos aspectos que deben considerarse.<\/p>\n<p>A continuaci\u00f3n se ofrecen algunas sugerencias para las restricciones iniciales de las actividades ocupacionales y extraescolares en las fases iniciales del SDRC grave que afecta a la extremidad superior:<\/p>\n<ul>\n<li>Limite el trabajo a dos horas al d\u00eda.<\/li>\n<li>Evite levantar m\u00e1s de dos kilos.<\/li>\n<li>Abst\u00e9ngase de utilizar la mano afectada en actividades que requieran mucha repetici\u00f3n o fuerza, como empujar o tirar.<\/li>\n<\/ul>\n<p>En el caso del SDRC grave que afecta a las extremidades inferiores o a la columna vertebral, las restricciones iniciales para el trabajo y las actividades extraescolares podr\u00edan incluir:<\/p>\n<ul>\n<li>Limite el trabajo a dos horas al d\u00eda.<\/li>\n<li>No levante m\u00e1s de 5 kilos.<\/li>\n<li>Cambie entre estar de pie y sentado seg\u00fan sea necesario.<\/li>\n<\/ul>\n<p>En las primeras etapas de la terapia, es t\u00edpico reevaluar estos requisitos de actividad en el hogar y el trabajo cada semana. Se aconsejan aumentos graduales en la actividad para que los pacientes con CRPS puedan retener o recuperar su nivel \u00f3ptimo de funci\u00f3n.<\/p>\n<p>Es preferible explicar temprano durante el tratamiento que las restricciones se aliviar\u00e1n gradualmente a medida que el paciente mejore. Para disminuir el elemento sorpresa y apoyar activamente los aspectos m\u00e1s cruciales para el paciente de un programa de restablecimiento activo y funcional, los profesionales sanitarios experimentados comunican en la visita actual los cambios previstos en las restricciones para la semana siguiente (como la previsi\u00f3n de aumentos en los componentes del programa de ejercicio).<\/p>\n<p>Debido a la variabilidad de los s\u00edntomas y la funcionalidad, pr\u00e1cticamente todos los pacientes con SDRC requieren limitaciones personalizadas. Tambi\u00e9n debe consultarse al empresario a la hora de formular planes para acelerar y facilitar la integraci\u00f3n del paciente en el lugar de trabajo.<\/p>\n<p>He aqu\u00ed algunas sugerencias para pacientes con CRPS:<\/p>\n<ul>\n<li>Los pacientes pueden experimentar m\u00e1s dolor incluso al realizar tareas \u00abligeras\u00bb durante las primeras fases de la rehabilitaci\u00f3n. Hay que abordar los aumentos de las sensaciones y escuchar con atenci\u00f3n las causas de los aumentos importantes del dolor. Para las personas con CRPS, los aumentos en el dolor no siempre indican una lesi\u00f3n.<\/li>\n<li>Cualquier limitaci\u00f3n tiene por objeto dar tiempo al ejercicio para aumentar la tolerancia a la actividad. Podr\u00eda ser beneficioso recordar al paciente, si es necesario, que este programa de rehabilitaci\u00f3n tambi\u00e9n le ayudar\u00e1 a recuperar sus funciones vitales normales no ocupacionales.<\/li>\n<li>Por el bien del paciente a corto y largo plazo, debe hacerse todo lo posible por mantenerlo en sus niveles m\u00e1s altos de actividad, incluidas las actividades laborales. Independientemente de si se cree que el operador tiene un servicio restringido disponible, las restricciones de la actividad laboral a\u00fan deben documentarse.<\/li>\n<li>La gu\u00eda escrita de limitaci\u00f3n de actividades transmite el estado del paciente y le indica lo que debe y no debe hacer en casa. Las recomendaciones para el ajuste de la actividad y el tiempo fuera del lugar de trabajo debido al CRPS se muestran en la Tabla 3.<\/li>\n<\/ul>\n<p>Tenga en cuenta que estas recomendaciones se hacen para pacientes que carecen de afecciones com\u00f3rbidas u otros problemas que compliquen la situaci\u00f3n, como lesiones graves anteriores. Desde el punto de vista de la recuperaci\u00f3n fisiol\u00f3gica, son objetivos que sirven de referencia. Cada caso ser\u00e1 \u00fanico.<\/p>\n<\/div>\n<p><strong>Tabla 3. Directrices para la modificaci\u00f3n de las actividades laborales y la duraci\u00f3n de las restricciones<\/strong><\/p>\n<div class=\"ac-textBlock\">\n<p><img loading=\"lazy\" decoding=\"async\" class=\"alignnone wp-image-20412\" title=\"Actividades laborales\" src=\"https:\/\/newyorkhipknee.com\/wp-content\/uploads\/2023\/12\/Work-Activites-300x113.png\" alt=\"\" width=\"578\" height=\"218\"><\/p>\n<\/div>\n<\/div>\n<\/div>\n<\/div>\n<\/div>\n<\/div>\n","protected":false},"excerpt":{"rendered":"<p>La Junta de Indemnizaci\u00f3n por Accidentes de Trabajo del Estado de Nueva York ha creado unas directrices para ayudar a los profesionales sanitarios, incluidos m\u00e9dicos y pod\u00f3logos, a determinar el nivel de atenci\u00f3n adecuado para los pacientes con trastornos de tobillo y pie. Estas directrices no sustituyen al juicio cl\u00ednico ni a la experiencia profesional, [&hellip;]<\/p>\n","protected":false},"author":33,"featured_media":0,"parent":21157,"menu_order":0,"comment_status":"closed","ping_status":"closed","template":"","meta":{"_et_pb_use_builder":"","_et_pb_old_content":"","_et_gb_content_width":"","footnotes":""},"class_list":["post-21204","page","type-page","status-publish","hentry"],"yoast_head":"<!-- This site is optimized with the Yoast SEO plugin v27.2 - https:\/\/yoast.com\/product\/yoast-seo-wordpress\/ -->\n<title>Tratamiento del SDRC | Best Hip &amp; Knee Surgeon | NY, USA<\/title>\n<meta name=\"description\" content=\"La Junta de Indemnizaci\u00f3n por Accidentes de Trabajo del Estado de Nueva York ha creado unas directrices para ayudar a los profesionales sanitarios,\" \/>\n<meta name=\"robots\" content=\"index, follow, max-snippet:-1, max-image-preview:large, max-video-preview:-1\" \/>\n<link rel=\"canonical\" href=\"https:\/\/www.newyorkhipknee.com\/es\/indemnizacion-por-accidente-laboral\/directrices-de-tratamiento-medico-mtg\/dolor-regional-complejo\/tratamiento-del-sdrc\/\" \/>\n<meta property=\"og:locale\" content=\"es_ES\" \/>\n<meta property=\"og:type\" content=\"article\" \/>\n<meta property=\"og:title\" content=\"Tratamiento del SDRC | Best Hip &amp; Knee Surgeon | NY, USA\" \/>\n<meta property=\"og:description\" content=\"La Junta de Indemnizaci\u00f3n por Accidentes de Trabajo del Estado de Nueva York ha creado unas directrices para ayudar a los profesionales sanitarios,\" \/>\n<meta property=\"og:url\" content=\"https:\/\/www.newyorkhipknee.com\/es\/indemnizacion-por-accidente-laboral\/directrices-de-tratamiento-medico-mtg\/dolor-regional-complejo\/tratamiento-del-sdrc\/\" \/>\n<meta property=\"og:site_name\" content=\"Best Hip &amp; Knee Surgeon | NY, USA\" \/>\n<meta property=\"og:image\" content=\"https:\/\/newyorkhipknee.com\/wp-content\/uploads\/2023\/12\/Work-Activites-300x113.png\" \/>\n<meta name=\"twitter:card\" content=\"summary_large_image\" \/>\n<meta name=\"twitter:label1\" content=\"Tiempo de lectura\" \/>\n\t<meta name=\"twitter:data1\" content=\"6 minutos\" \/>\n<script type=\"application\/ld+json\" class=\"yoast-schema-graph\">{\"@context\":\"https:\/\/schema.org\",\"@graph\":[{\"@type\":[\"WebPage\",\"MedicalWebPage\"],\"@id\":\"https:\/\/www.newyorkhipknee.com\/es\/indemnizacion-por-accidente-laboral\/directrices-de-tratamiento-medico-mtg\/dolor-regional-complejo\/tratamiento-del-sdrc\/\",\"url\":\"https:\/\/www.newyorkhipknee.com\/es\/indemnizacion-por-accidente-laboral\/directrices-de-tratamiento-medico-mtg\/dolor-regional-complejo\/tratamiento-del-sdrc\/\",\"name\":\"Tratamiento del SDRC | Best Hip &amp; Knee Surgeon | NY, USA\",\"isPartOf\":{\"@id\":\"https:\/\/www.newyorkhipknee.com\/es\/#website\"},\"primaryImageOfPage\":{\"@id\":\"https:\/\/www.newyorkhipknee.com\/es\/indemnizacion-por-accidente-laboral\/directrices-de-tratamiento-medico-mtg\/dolor-regional-complejo\/tratamiento-del-sdrc\/#primaryimage\"},\"image\":{\"@id\":\"https:\/\/www.newyorkhipknee.com\/es\/indemnizacion-por-accidente-laboral\/directrices-de-tratamiento-medico-mtg\/dolor-regional-complejo\/tratamiento-del-sdrc\/#primaryimage\"},\"thumbnailUrl\":\"https:\/\/newyorkhipknee.com\/wp-content\/uploads\/2023\/12\/Work-Activites-300x113.png\",\"datePublished\":\"2023-12-18T22:08:10+00:00\",\"description\":\"La Junta de Indemnizaci\u00f3n por Accidentes de Trabajo del Estado de Nueva York ha creado unas directrices para ayudar a los profesionales sanitarios,\",\"breadcrumb\":{\"@id\":\"https:\/\/www.newyorkhipknee.com\/es\/indemnizacion-por-accidente-laboral\/directrices-de-tratamiento-medico-mtg\/dolor-regional-complejo\/tratamiento-del-sdrc\/#breadcrumb\"},\"inLanguage\":\"es\",\"potentialAction\":[{\"@type\":\"ReadAction\",\"target\":[\"https:\/\/www.newyorkhipknee.com\/es\/indemnizacion-por-accidente-laboral\/directrices-de-tratamiento-medico-mtg\/dolor-regional-complejo\/tratamiento-del-sdrc\/\"]}]},{\"@type\":\"ImageObject\",\"inLanguage\":\"es\",\"@id\":\"https:\/\/www.newyorkhipknee.com\/es\/indemnizacion-por-accidente-laboral\/directrices-de-tratamiento-medico-mtg\/dolor-regional-complejo\/tratamiento-del-sdrc\/#primaryimage\",\"url\":\"https:\/\/newyorkhipknee.com\/wp-content\/uploads\/2023\/12\/Work-Activites-300x113.png\",\"contentUrl\":\"https:\/\/newyorkhipknee.com\/wp-content\/uploads\/2023\/12\/Work-Activites-300x113.png\"},{\"@type\":\"BreadcrumbList\",\"@id\":\"https:\/\/www.newyorkhipknee.com\/es\/indemnizacion-por-accidente-laboral\/directrices-de-tratamiento-medico-mtg\/dolor-regional-complejo\/tratamiento-del-sdrc\/#breadcrumb\",\"itemListElement\":[{\"@type\":\"ListItem\",\"position\":1,\"name\":\"Home\",\"item\":\"https:\/\/www.newyorkhipknee.com\/es\/\"},{\"@type\":\"ListItem\",\"position\":2,\"name\":\"Indemnizaci\u00f3n por accidente laboral\",\"item\":\"https:\/\/www.newyorkhipknee.com\/es\/indemnizacion-por-accidente-laboral\/\"},{\"@type\":\"ListItem\",\"position\":3,\"name\":\"Directrices de tratamiento m\u00e9dico (MTG)\",\"item\":\"https:\/\/www.newyorkhipknee.com\/es\/indemnizacion-por-accidente-laboral\/directrices-de-tratamiento-medico-mtg\/\"},{\"@type\":\"ListItem\",\"position\":4,\"name\":\"Dolor regional complejo\",\"item\":\"https:\/\/www.newyorkhipknee.com\/es\/indemnizacion-por-accidente-laboral\/directrices-de-tratamiento-medico-mtg\/dolor-regional-complejo\/\"},{\"@type\":\"ListItem\",\"position\":5,\"name\":\"Tratamiento del SDRC\"}]},{\"@type\":\"WebSite\",\"@id\":\"https:\/\/www.newyorkhipknee.com\/es\/#website\",\"url\":\"https:\/\/www.newyorkhipknee.com\/es\/\",\"name\":\"Best Hip & Knee Surgeon | NY, USA\",\"description\":\"\",\"potentialAction\":[{\"@type\":\"SearchAction\",\"target\":{\"@type\":\"EntryPoint\",\"urlTemplate\":\"https:\/\/www.newyorkhipknee.com\/es\/?s={search_term_string}\"},\"query-input\":{\"@type\":\"PropertyValueSpecification\",\"valueRequired\":true,\"valueName\":\"search_term_string\"}}],\"inLanguage\":\"es\"}]}<\/script>\n<!-- \/ Yoast SEO plugin. -->","yoast_head_json":{"title":"Tratamiento del SDRC | Best Hip &amp; Knee Surgeon | NY, USA","description":"La Junta de Indemnizaci\u00f3n por Accidentes de Trabajo del Estado de Nueva York ha creado unas directrices para ayudar a los profesionales sanitarios,","robots":{"index":"index","follow":"follow","max-snippet":"max-snippet:-1","max-image-preview":"max-image-preview:large","max-video-preview":"max-video-preview:-1"},"canonical":"https:\/\/www.newyorkhipknee.com\/es\/indemnizacion-por-accidente-laboral\/directrices-de-tratamiento-medico-mtg\/dolor-regional-complejo\/tratamiento-del-sdrc\/","og_locale":"es_ES","og_type":"article","og_title":"Tratamiento del SDRC | Best Hip &amp; Knee Surgeon | NY, USA","og_description":"La Junta de Indemnizaci\u00f3n por Accidentes de Trabajo del Estado de Nueva York ha creado unas directrices para ayudar a los profesionales sanitarios,","og_url":"https:\/\/www.newyorkhipknee.com\/es\/indemnizacion-por-accidente-laboral\/directrices-de-tratamiento-medico-mtg\/dolor-regional-complejo\/tratamiento-del-sdrc\/","og_site_name":"Best Hip &amp; Knee Surgeon | NY, USA","og_image":[{"url":"https:\/\/newyorkhipknee.com\/wp-content\/uploads\/2023\/12\/Work-Activites-300x113.png","type":"","width":"","height":""}],"twitter_card":"summary_large_image","twitter_misc":{"Tiempo de lectura":"6 minutos"},"schema":{"@context":"https:\/\/schema.org","@graph":[{"@type":["WebPage","MedicalWebPage"],"@id":"https:\/\/www.newyorkhipknee.com\/es\/indemnizacion-por-accidente-laboral\/directrices-de-tratamiento-medico-mtg\/dolor-regional-complejo\/tratamiento-del-sdrc\/","url":"https:\/\/www.newyorkhipknee.com\/es\/indemnizacion-por-accidente-laboral\/directrices-de-tratamiento-medico-mtg\/dolor-regional-complejo\/tratamiento-del-sdrc\/","name":"Tratamiento del SDRC | Best Hip &amp; Knee Surgeon | NY, USA","isPartOf":{"@id":"https:\/\/www.newyorkhipknee.com\/es\/#website"},"primaryImageOfPage":{"@id":"https:\/\/www.newyorkhipknee.com\/es\/indemnizacion-por-accidente-laboral\/directrices-de-tratamiento-medico-mtg\/dolor-regional-complejo\/tratamiento-del-sdrc\/#primaryimage"},"image":{"@id":"https:\/\/www.newyorkhipknee.com\/es\/indemnizacion-por-accidente-laboral\/directrices-de-tratamiento-medico-mtg\/dolor-regional-complejo\/tratamiento-del-sdrc\/#primaryimage"},"thumbnailUrl":"https:\/\/newyorkhipknee.com\/wp-content\/uploads\/2023\/12\/Work-Activites-300x113.png","datePublished":"2023-12-18T22:08:10+00:00","description":"La Junta de Indemnizaci\u00f3n por Accidentes de Trabajo del Estado de Nueva York ha creado unas directrices para ayudar a los profesionales sanitarios,","breadcrumb":{"@id":"https:\/\/www.newyorkhipknee.com\/es\/indemnizacion-por-accidente-laboral\/directrices-de-tratamiento-medico-mtg\/dolor-regional-complejo\/tratamiento-del-sdrc\/#breadcrumb"},"inLanguage":"es","potentialAction":[{"@type":"ReadAction","target":["https:\/\/www.newyorkhipknee.com\/es\/indemnizacion-por-accidente-laboral\/directrices-de-tratamiento-medico-mtg\/dolor-regional-complejo\/tratamiento-del-sdrc\/"]}]},{"@type":"ImageObject","inLanguage":"es","@id":"https:\/\/www.newyorkhipknee.com\/es\/indemnizacion-por-accidente-laboral\/directrices-de-tratamiento-medico-mtg\/dolor-regional-complejo\/tratamiento-del-sdrc\/#primaryimage","url":"https:\/\/newyorkhipknee.com\/wp-content\/uploads\/2023\/12\/Work-Activites-300x113.png","contentUrl":"https:\/\/newyorkhipknee.com\/wp-content\/uploads\/2023\/12\/Work-Activites-300x113.png"},{"@type":"BreadcrumbList","@id":"https:\/\/www.newyorkhipknee.com\/es\/indemnizacion-por-accidente-laboral\/directrices-de-tratamiento-medico-mtg\/dolor-regional-complejo\/tratamiento-del-sdrc\/#breadcrumb","itemListElement":[{"@type":"ListItem","position":1,"name":"Home","item":"https:\/\/www.newyorkhipknee.com\/es\/"},{"@type":"ListItem","position":2,"name":"Indemnizaci\u00f3n por accidente laboral","item":"https:\/\/www.newyorkhipknee.com\/es\/indemnizacion-por-accidente-laboral\/"},{"@type":"ListItem","position":3,"name":"Directrices de tratamiento m\u00e9dico (MTG)","item":"https:\/\/www.newyorkhipknee.com\/es\/indemnizacion-por-accidente-laboral\/directrices-de-tratamiento-medico-mtg\/"},{"@type":"ListItem","position":4,"name":"Dolor regional complejo","item":"https:\/\/www.newyorkhipknee.com\/es\/indemnizacion-por-accidente-laboral\/directrices-de-tratamiento-medico-mtg\/dolor-regional-complejo\/"},{"@type":"ListItem","position":5,"name":"Tratamiento del SDRC"}]},{"@type":"WebSite","@id":"https:\/\/www.newyorkhipknee.com\/es\/#website","url":"https:\/\/www.newyorkhipknee.com\/es\/","name":"Best Hip & Knee Surgeon | NY, USA","description":"","potentialAction":[{"@type":"SearchAction","target":{"@type":"EntryPoint","urlTemplate":"https:\/\/www.newyorkhipknee.com\/es\/?s={search_term_string}"},"query-input":{"@type":"PropertyValueSpecification","valueRequired":true,"valueName":"search_term_string"}}],"inLanguage":"es"}]}},"_links":{"self":[{"href":"https:\/\/www.newyorkhipknee.com\/es\/wp-json\/wp\/v2\/pages\/21204","targetHints":{"allow":["GET"]}}],"collection":[{"href":"https:\/\/www.newyorkhipknee.com\/es\/wp-json\/wp\/v2\/pages"}],"about":[{"href":"https:\/\/www.newyorkhipknee.com\/es\/wp-json\/wp\/v2\/types\/page"}],"author":[{"embeddable":true,"href":"https:\/\/www.newyorkhipknee.com\/es\/wp-json\/wp\/v2\/users\/33"}],"replies":[{"embeddable":true,"href":"https:\/\/www.newyorkhipknee.com\/es\/wp-json\/wp\/v2\/comments?post=21204"}],"version-history":[{"count":0,"href":"https:\/\/www.newyorkhipknee.com\/es\/wp-json\/wp\/v2\/pages\/21204\/revisions"}],"up":[{"embeddable":true,"href":"https:\/\/www.newyorkhipknee.com\/es\/wp-json\/wp\/v2\/pages\/21157"}],"wp:attachment":[{"href":"https:\/\/www.newyorkhipknee.com\/es\/wp-json\/wp\/v2\/media?parent=21204"}],"curies":[{"name":"wp","href":"https:\/\/api.w.org\/{rel}","templated":true}]}}