{"id":21205,"date":"2023-12-21T16:29:16","date_gmt":"2023-12-21T21:29:16","guid":{"rendered":"https:\/\/newyorkhipknee.com\/dolor-regional-complejo\/liberacion-miofascial-para-crps\/"},"modified":"2023-12-21T16:29:16","modified_gmt":"2023-12-21T21:29:16","slug":"liberacion-miofascial-para-crps","status":"publish","type":"page","link":"https:\/\/www.newyorkhipknee.com\/es\/indemnizacion-por-accidente-laboral\/directrices-de-tratamiento-medico-mtg\/dolor-regional-complejo\/liberacion-miofascial-para-crps\/","title":{"rendered":"Liberaci\u00f3n miofascial para CRPS"},"content":{"rendered":"<h1>Principios generales de la gu\u00eda para la liberaci\u00f3n miofascial<br \/>\npara CRPS para pacientes de compensaci\u00f3n de trabajadores<\/h1>\n<p>Las directrices establecidas por la Junta de Indemnizaci\u00f3n por Accidentes de Trabajo del Estado de Nueva York ofrecen orientaci\u00f3n a m\u00e9dicos, pod\u00f3logos y profesionales sanitarios para administrar un tratamiento adecuado, como la liberaci\u00f3n miofascial, para el s\u00edndrome de dolor regional complejo (SDRC).<\/p>\n<p>Estas directrices est\u00e1n dise\u00f1adas para ayudar a los profesionales sanitarios a determinar el nivel \u00f3ptimo de atenci\u00f3n a los pacientes con trastornos del tobillo y el pie. Es esencial se\u00f1alar que estas directrices no sustituyen al juicio cl\u00ednico ni a la experiencia profesional. La decisi\u00f3n final sobre la atenci\u00f3n sanitaria debe ser una colaboraci\u00f3n entre el paciente y el profesional sanitario.<\/p>\n<p>&nbsp;<\/p>\n<h2>Liberaci\u00f3n miofascial para CRPS<\/h2>\n<p>No se recomienda utilizar la Liberaci\u00f3n Miofascial para el tratamiento del S\u00edndrome de Dolor Regional Complejo (SDRC).<\/p>\n<p>&nbsp;<\/p>\n<h2>Lo que nuestra oficina puede hacer si tiene lesiones de compensaci\u00f3n laboral<\/h2>\n<p>Entendemos los retos a los que se enfrenta con sus lesiones de compensaci\u00f3n de trabajadores. Nuestro equipo cuenta con la experiencia necesaria para ayudarle en estos dif\u00edciles momentos. Nos comprometemos a satisfacer sus necesidades m\u00e9dicas y a cumplir las directrices establecidas por la Junta de Indemnizaci\u00f3n por Accidentes de Trabajo del Estado de Nueva York.<\/p>\n<p>Reconociendo la importancia de sus casos de compensaci\u00f3n de trabajadores, nuestro objetivo es ayudarle a navegar por las complejidades de tratar con la compa\u00f1\u00eda de seguros de compensaci\u00f3n de trabajadores y su empleador.<\/p>\n<p>Somos conscientes de que este puede ser un periodo estresante para usted y su familia. Si est\u00e1 interesado en concertar una cita, p\u00f3ngase en contacto con nosotros. Estamos aqu\u00ed para facilitarle al m\u00e1ximo el proceso.<\/p>\n","protected":false},"excerpt":{"rendered":"<p>Principios generales de la gu\u00eda para la liberaci\u00f3n miofascial para CRPS para pacientes de compensaci\u00f3n de trabajadores Las directrices establecidas por la Junta de Indemnizaci\u00f3n por Accidentes de Trabajo del Estado de Nueva York ofrecen orientaci\u00f3n a m\u00e9dicos, pod\u00f3logos y profesionales sanitarios para administrar un tratamiento adecuado, como la liberaci\u00f3n miofascial, para el s\u00edndrome de [&hellip;]<\/p>\n","protected":false},"author":33,"featured_media":0,"parent":21157,"menu_order":0,"comment_status":"closed","ping_status":"closed","template":"","meta":{"_et_pb_use_builder":"","_et_pb_old_content":"","_et_gb_content_width":"","footnotes":""},"class_list":["post-21205","page","type-page","status-publish","hentry"],"yoast_head":"<!-- This site is optimized with the Yoast SEO plugin v27.2 - https:\/\/yoast.com\/product\/yoast-seo-wordpress\/ -->\n<title>Liberaci\u00f3n miofascial para CRPS | Best Hip &amp; Knee Surgeon | NY, USA<\/title>\n<meta name=\"description\" content=\"Principios generales de la gu\u00eda para la liberaci\u00f3n miofascial para CRPS para pacientes de compensaci\u00f3n de trabajadores Las directrices establecidas por la\" \/>\n<meta name=\"robots\" content=\"index, follow, max-snippet:-1, max-image-preview:large, max-video-preview:-1\" \/>\n<link rel=\"canonical\" href=\"https:\/\/www.newyorkhipknee.com\/es\/indemnizacion-por-accidente-laboral\/directrices-de-tratamiento-medico-mtg\/dolor-regional-complejo\/liberacion-miofascial-para-crps\/\" \/>\n<meta property=\"og:locale\" content=\"es_ES\" \/>\n<meta property=\"og:type\" content=\"article\" \/>\n<meta property=\"og:title\" content=\"Liberaci\u00f3n miofascial para CRPS | Best Hip &amp; Knee Surgeon | NY, USA\" \/>\n<meta property=\"og:description\" content=\"Principios generales de la gu\u00eda para la liberaci\u00f3n miofascial para CRPS para pacientes de compensaci\u00f3n de trabajadores Las directrices establecidas por la\" \/>\n<meta property=\"og:url\" content=\"https:\/\/www.newyorkhipknee.com\/es\/indemnizacion-por-accidente-laboral\/directrices-de-tratamiento-medico-mtg\/dolor-regional-complejo\/liberacion-miofascial-para-crps\/\" \/>\n<meta property=\"og:site_name\" content=\"Best Hip &amp; Knee Surgeon | NY, USA\" \/>\n<meta name=\"twitter:card\" content=\"summary_large_image\" \/>\n<meta name=\"twitter:label1\" content=\"Tiempo de lectura\" \/>\n\t<meta name=\"twitter:data1\" content=\"2 minutos\" \/>\n<script type=\"application\/ld+json\" class=\"yoast-schema-graph\">{\"@context\":\"https:\/\/schema.org\",\"@graph\":[{\"@type\":[\"WebPage\",\"MedicalWebPage\"],\"@id\":\"https:\/\/www.newyorkhipknee.com\/es\/indemnizacion-por-accidente-laboral\/directrices-de-tratamiento-medico-mtg\/dolor-regional-complejo\/liberacion-miofascial-para-crps\/\",\"url\":\"https:\/\/www.newyorkhipknee.com\/es\/indemnizacion-por-accidente-laboral\/directrices-de-tratamiento-medico-mtg\/dolor-regional-complejo\/liberacion-miofascial-para-crps\/\",\"name\":\"Liberaci\u00f3n miofascial para CRPS | Best Hip &amp; Knee Surgeon | NY, USA\",\"isPartOf\":{\"@id\":\"https:\/\/www.newyorkhipknee.com\/es\/#website\"},\"datePublished\":\"2023-12-21T21:29:16+00:00\",\"description\":\"Principios generales de la gu\u00eda para la liberaci\u00f3n miofascial para CRPS para pacientes de compensaci\u00f3n de trabajadores Las directrices establecidas por la\",\"breadcrumb\":{\"@id\":\"https:\/\/www.newyorkhipknee.com\/es\/indemnizacion-por-accidente-laboral\/directrices-de-tratamiento-medico-mtg\/dolor-regional-complejo\/liberacion-miofascial-para-crps\/#breadcrumb\"},\"inLanguage\":\"es\",\"potentialAction\":[{\"@type\":\"ReadAction\",\"target\":[\"https:\/\/www.newyorkhipknee.com\/es\/indemnizacion-por-accidente-laboral\/directrices-de-tratamiento-medico-mtg\/dolor-regional-complejo\/liberacion-miofascial-para-crps\/\"]}]},{\"@type\":\"BreadcrumbList\",\"@id\":\"https:\/\/www.newyorkhipknee.com\/es\/indemnizacion-por-accidente-laboral\/directrices-de-tratamiento-medico-mtg\/dolor-regional-complejo\/liberacion-miofascial-para-crps\/#breadcrumb\",\"itemListElement\":[{\"@type\":\"ListItem\",\"position\":1,\"name\":\"Home\",\"item\":\"https:\/\/www.newyorkhipknee.com\/es\/\"},{\"@type\":\"ListItem\",\"position\":2,\"name\":\"Indemnizaci\u00f3n por accidente laboral\",\"item\":\"https:\/\/www.newyorkhipknee.com\/es\/indemnizacion-por-accidente-laboral\/\"},{\"@type\":\"ListItem\",\"position\":3,\"name\":\"Directrices de tratamiento m\u00e9dico (MTG)\",\"item\":\"https:\/\/www.newyorkhipknee.com\/es\/indemnizacion-por-accidente-laboral\/directrices-de-tratamiento-medico-mtg\/\"},{\"@type\":\"ListItem\",\"position\":4,\"name\":\"Dolor regional complejo\",\"item\":\"https:\/\/www.newyorkhipknee.com\/es\/indemnizacion-por-accidente-laboral\/directrices-de-tratamiento-medico-mtg\/dolor-regional-complejo\/\"},{\"@type\":\"ListItem\",\"position\":5,\"name\":\"Liberaci\u00f3n miofascial para CRPS\"}]},{\"@type\":\"WebSite\",\"@id\":\"https:\/\/www.newyorkhipknee.com\/es\/#website\",\"url\":\"https:\/\/www.newyorkhipknee.com\/es\/\",\"name\":\"Best Hip & Knee Surgeon | NY, USA\",\"description\":\"\",\"potentialAction\":[{\"@type\":\"SearchAction\",\"target\":{\"@type\":\"EntryPoint\",\"urlTemplate\":\"https:\/\/www.newyorkhipknee.com\/es\/?s={search_term_string}\"},\"query-input\":{\"@type\":\"PropertyValueSpecification\",\"valueRequired\":true,\"valueName\":\"search_term_string\"}}],\"inLanguage\":\"es\"}]}<\/script>\n<!-- \/ Yoast SEO plugin. -->","yoast_head_json":{"title":"Liberaci\u00f3n miofascial para CRPS | Best Hip &amp; Knee Surgeon | NY, USA","description":"Principios generales de la gu\u00eda para la liberaci\u00f3n miofascial para CRPS para pacientes de compensaci\u00f3n de trabajadores Las directrices establecidas por la","robots":{"index":"index","follow":"follow","max-snippet":"max-snippet:-1","max-image-preview":"max-image-preview:large","max-video-preview":"max-video-preview:-1"},"canonical":"https:\/\/www.newyorkhipknee.com\/es\/indemnizacion-por-accidente-laboral\/directrices-de-tratamiento-medico-mtg\/dolor-regional-complejo\/liberacion-miofascial-para-crps\/","og_locale":"es_ES","og_type":"article","og_title":"Liberaci\u00f3n miofascial para CRPS | Best Hip &amp; Knee Surgeon | NY, USA","og_description":"Principios generales de la gu\u00eda para la liberaci\u00f3n miofascial para CRPS para pacientes de compensaci\u00f3n de trabajadores Las directrices establecidas por la","og_url":"https:\/\/www.newyorkhipknee.com\/es\/indemnizacion-por-accidente-laboral\/directrices-de-tratamiento-medico-mtg\/dolor-regional-complejo\/liberacion-miofascial-para-crps\/","og_site_name":"Best Hip &amp; Knee Surgeon | NY, USA","twitter_card":"summary_large_image","twitter_misc":{"Tiempo de lectura":"2 minutos"},"schema":{"@context":"https:\/\/schema.org","@graph":[{"@type":["WebPage","MedicalWebPage"],"@id":"https:\/\/www.newyorkhipknee.com\/es\/indemnizacion-por-accidente-laboral\/directrices-de-tratamiento-medico-mtg\/dolor-regional-complejo\/liberacion-miofascial-para-crps\/","url":"https:\/\/www.newyorkhipknee.com\/es\/indemnizacion-por-accidente-laboral\/directrices-de-tratamiento-medico-mtg\/dolor-regional-complejo\/liberacion-miofascial-para-crps\/","name":"Liberaci\u00f3n miofascial para CRPS | Best Hip &amp; Knee Surgeon | NY, USA","isPartOf":{"@id":"https:\/\/www.newyorkhipknee.com\/es\/#website"},"datePublished":"2023-12-21T21:29:16+00:00","description":"Principios generales de la gu\u00eda para la liberaci\u00f3n miofascial para CRPS para pacientes de compensaci\u00f3n de trabajadores Las directrices establecidas por la","breadcrumb":{"@id":"https:\/\/www.newyorkhipknee.com\/es\/indemnizacion-por-accidente-laboral\/directrices-de-tratamiento-medico-mtg\/dolor-regional-complejo\/liberacion-miofascial-para-crps\/#breadcrumb"},"inLanguage":"es","potentialAction":[{"@type":"ReadAction","target":["https:\/\/www.newyorkhipknee.com\/es\/indemnizacion-por-accidente-laboral\/directrices-de-tratamiento-medico-mtg\/dolor-regional-complejo\/liberacion-miofascial-para-crps\/"]}]},{"@type":"BreadcrumbList","@id":"https:\/\/www.newyorkhipknee.com\/es\/indemnizacion-por-accidente-laboral\/directrices-de-tratamiento-medico-mtg\/dolor-regional-complejo\/liberacion-miofascial-para-crps\/#breadcrumb","itemListElement":[{"@type":"ListItem","position":1,"name":"Home","item":"https:\/\/www.newyorkhipknee.com\/es\/"},{"@type":"ListItem","position":2,"name":"Indemnizaci\u00f3n por accidente laboral","item":"https:\/\/www.newyorkhipknee.com\/es\/indemnizacion-por-accidente-laboral\/"},{"@type":"ListItem","position":3,"name":"Directrices de tratamiento m\u00e9dico (MTG)","item":"https:\/\/www.newyorkhipknee.com\/es\/indemnizacion-por-accidente-laboral\/directrices-de-tratamiento-medico-mtg\/"},{"@type":"ListItem","position":4,"name":"Dolor regional complejo","item":"https:\/\/www.newyorkhipknee.com\/es\/indemnizacion-por-accidente-laboral\/directrices-de-tratamiento-medico-mtg\/dolor-regional-complejo\/"},{"@type":"ListItem","position":5,"name":"Liberaci\u00f3n miofascial para CRPS"}]},{"@type":"WebSite","@id":"https:\/\/www.newyorkhipknee.com\/es\/#website","url":"https:\/\/www.newyorkhipknee.com\/es\/","name":"Best Hip & Knee Surgeon | NY, USA","description":"","potentialAction":[{"@type":"SearchAction","target":{"@type":"EntryPoint","urlTemplate":"https:\/\/www.newyorkhipknee.com\/es\/?s={search_term_string}"},"query-input":{"@type":"PropertyValueSpecification","valueRequired":true,"valueName":"search_term_string"}}],"inLanguage":"es"}]}},"_links":{"self":[{"href":"https:\/\/www.newyorkhipknee.com\/es\/wp-json\/wp\/v2\/pages\/21205","targetHints":{"allow":["GET"]}}],"collection":[{"href":"https:\/\/www.newyorkhipknee.com\/es\/wp-json\/wp\/v2\/pages"}],"about":[{"href":"https:\/\/www.newyorkhipknee.com\/es\/wp-json\/wp\/v2\/types\/page"}],"author":[{"embeddable":true,"href":"https:\/\/www.newyorkhipknee.com\/es\/wp-json\/wp\/v2\/users\/33"}],"replies":[{"embeddable":true,"href":"https:\/\/www.newyorkhipknee.com\/es\/wp-json\/wp\/v2\/comments?post=21205"}],"version-history":[{"count":0,"href":"https:\/\/www.newyorkhipknee.com\/es\/wp-json\/wp\/v2\/pages\/21205\/revisions"}],"up":[{"embeddable":true,"href":"https:\/\/www.newyorkhipknee.com\/es\/wp-json\/wp\/v2\/pages\/21157"}],"wp:attachment":[{"href":"https:\/\/www.newyorkhipknee.com\/es\/wp-json\/wp\/v2\/media?parent=21205"}],"curies":[{"name":"wp","href":"https:\/\/api.w.org\/{rel}","templated":true}]}}