{"id":21235,"date":"2023-12-20T14:26:00","date_gmt":"2023-12-20T19:26:00","guid":{"rendered":"https:\/\/newyorkhipknee.com\/dolor-regional-complejo\/cuestiones-psicologicas\/"},"modified":"2023-12-20T14:26:00","modified_gmt":"2023-12-20T19:26:00","slug":"cuestiones-psicologicas","status":"publish","type":"page","link":"https:\/\/www.newyorkhipknee.com\/es\/indemnizacion-por-accidente-laboral\/directrices-de-tratamiento-medico-mtg\/dolor-regional-complejo\/cuestiones-psicologicas\/","title":{"rendered":"Cuestiones psicol\u00f3gicas"},"content":{"rendered":"<h1>Principios generales de la gu\u00eda para problemas psicol\u00f3gicos<br \/>\npara pacientes de compensaci\u00f3n de trabajadores<\/h1>\n<p>Las directrices que ves aqu\u00ed fueron elaboradas por la Junta de Indemnizaci\u00f3n por Accidentes de Trabajo del Estado de Nueva York. Est\u00e1n dise\u00f1ados para ayudar a los m\u00e9dicos, pod\u00f3logos y otros profesionales sanitarios a administrar el tratamiento adecuado para los problemas psicol\u00f3gicos.<\/p>\n<p>Los profesionales sanitarios pueden utilizar estas directrices de la Junta de Indemnizaci\u00f3n por Accidentes de Trabajo para determinar el mejor nivel de atenci\u00f3n para los pacientes con trastornos de tobillo y pie.<\/p>\n<p>Recuerde que estas directrices no sustituyen a la sabidur\u00eda que da el juicio cl\u00ednico y la experiencia profesional. En \u00faltima instancia, la decisi\u00f3n sobre la asistencia depende del paciente, en colaboraci\u00f3n con su profesional sanitario.<\/p>\n<p>&nbsp;<\/p>\n<h2>Problemas psicol\u00f3gicos del s\u00edndrome de dolor regional complejo<\/h2>\n<p>Eche un vistazo a las directrices cl\u00ednicas m\u00e9dicas para el TEPT, los trastornos depresivos y la depresi\u00f3n relacionada con el trabajo. Profundizan en c\u00f3mo el dolor y la discapacidad pueden estar condicionados por el miedo vinculado al dolor.<\/p>\n<p>Es natural querer evitar el dolor, pero las personas que albergan m\u00e1s preocupaciones por el dolor tienden a saltarse m\u00e1s cosas de las esperadas, por miedo a que les pueda causar da\u00f1o. Este miedo exacerbado no s\u00f3lo se deriva del dolor en s\u00ed, sino tambi\u00e9n de evitar actividades, lo que conduce a m\u00e1s problemas.<\/p>\n<p>As\u00ed que, aparte del dolor, el miedo a sufrirlo y la consiguiente evitaci\u00f3n de actividades tambi\u00e9n pueden estropear las cosas. Puede dar lugar a una reducci\u00f3n de la forma f\u00edsica, pero tambi\u00e9n podr\u00eda desencadenar problemas f\u00edsicos como la protecci\u00f3n muscular durante la flexi\u00f3n, lo que repercute directamente en el comportamiento del dolor.<\/p>\n<p>Cuanto m\u00e1s fuerte es el deterioro percibido, m\u00e1s estrechamente est\u00e1 ligado al miedo al dolor. Una forma eficaz de abordar el dolor persistente del SDRC consiste en exponer gradualmente a los pacientes a actividades que les asustan, con el objetivo de aliviar o incluso eliminar el miedo al dolor. A medida que disminuye el miedo, disminuye la hiperalerta ante el dolor, lo que conduce a un descenso de la intensidad del dolor declarado. Los avances observados en los programas de restauraci\u00f3n funcional podr\u00edan deberse en parte a esta reducci\u00f3n del miedo al dolor.<\/p>\n<p>&nbsp;<\/p>\n<h2>El modo biopsicosocial<\/h2>\n<p>Seg\u00fan el modelo biopsicosocial (BPS), elementos como el optimismo, el apoyo social, el afrontamiento eficaz, una actitud positiva, la motivaci\u00f3n y una fuerte \u00e9tica del trabajo son esenciales para la salud.<\/p>\n<p>Este modelo considera las afecciones como el dolor cr\u00f3nico resultante del SDRC como un producto de la interacci\u00f3n din\u00e1mica entre factores fisiol\u00f3gicos, cognitivos y sociales que mantienen y potencialmente empeoran la presentaci\u00f3n cl\u00ednica. Reconoce a personas con lesiones graves que demuestran una resistencia, motivaci\u00f3n y recuperaci\u00f3n excepcionales.<\/p>\n<p>El modelo BPS reconoce la individualidad de la forma en que las personas experimentan el dolor, teniendo en cuenta diversos factores psicol\u00f3gicos y socioecon\u00f3micos que interact\u00faan con la patolog\u00eda biol\u00f3gica para dar forma a los s\u00edntomas declarados por el paciente y a su posible discapacidad.<\/p>\n<p>Se cree que estas interacciones provocan cambios neuroqu\u00edmicos fundamentales, y que el dolor cr\u00f3nico modifica el sistema nervioso simp\u00e1tico para aumentar la sensibilidad a los impulsos entrantes que amplifican el dolor.<\/p>\n<p>Se cree que este aumento de la actividad desencadena cambios fisiol\u00f3gicos adicionales, en cuyo alcance influyen factores intr\u00ednsecos (gen\u00e9ticos y biol\u00f3gicos) y extr\u00ednsecos. Se teoriza que estos cambios exacerban y perpet\u00faan un s\u00edndrome en el que la experiencia del dolor se multiplica incluso en ausencia de causas aparentes para que persista.<\/p>\n<p>&nbsp;<\/p>\n<h2>El dolor se describe como una respuesta sensorial y emocional desagradable en el Modelo BPS.<\/h2>\n<p>Est\u00e1 ampliamente reconocido que el dolor comprende la nocicepci\u00f3n, la percepci\u00f3n del dolor, el sufrimiento, los aspectos emocionales y el comportamiento ante el dolor. Incluso en ausencia de nocicepci\u00f3n (o neuropat\u00eda), puede haber percepci\u00f3n del dolor, y viceversa.<\/p>\n<p>En t\u00e9rminos cl\u00ednicos, la conducta de dolor se define como \u00abcualquier respuesta o conjunto de acciones que comunican angustia a otra persona.\u00bb El concepto de comportamiento de enfermedad, que engloba diversas dolencias y comportamientos relacionados con la salud, puede incluirse en esta definici\u00f3n.<\/p>\n<p>Aunque las presentaciones de dolor agudo pueden incluir inicialmente conductas de dolor como s\u00edntomas, con el tiempo pueden verse influidas por distintos factores psicosociales o de aprendizaje. La idea de que estas acciones pueden ser deliberadamente \u00abexageradas\u00bb o \u00abmagnificadas\u00bb est\u00e1 muy extendida, aunque la evaluaci\u00f3n directa de esto es un reto y a menudo conduce a percepciones desfavorables.<\/p>\n<p>Las personas con dolor cr\u00f3nico debido al SDRC pueden presentar conductas de dolor o enfermedad relacionadas con diversos factores psicosociales y efectos de ense\u00f1anza o condicionamiento. Es esencial considerar este comportamiento como una observaci\u00f3n cl\u00ednica, ya que no existe una conexi\u00f3n establecida entre la lesi\u00f3n nerviosa, el dolor y el comportamiento ante el dolor en afecciones graves como el SDRC. Adem\u00e1s, es crucial distinguir el comportamiento de dolor de la \u00abganancia secundaria\u00bb.<\/p>\n<p>Mientras que esta \u00faltima presupone que el individuo afectado busca recompensas o resultados positivos de su lesi\u00f3n, la conducta de dolor puede aprenderse o condicionarse, moldearse y mantenerse mediante un refuerzo sutil en situaciones en las que hacer inferencias psicol\u00f3gicas puede resultar inapropiado.<\/p>\n<p>Las pruebas sugieren que los individuos con SDRC y dolor no agudo pueden ser especialmente sensibles al condicionamiento cl\u00e1sico y operante cuando desarrollan respuestas al dolor. El dolor cr\u00f3nico no maligno puede aumentar el malestar y contribuir a la disfunci\u00f3n psicosocial y conductual. Reconocer estas distinciones resulta crucial a la hora de dise\u00f1ar estrategias para abordar estos problemas.<\/p>\n<p>&nbsp;<\/p>\n<h2>Lo que nuestra oficina puede hacer si tiene lesiones de compensaci\u00f3n laboral<\/h2>\n<p>Hemos estado all\u00ed para otros que se ocupan de las lesiones de compensaci\u00f3n de trabajadores, y estamos aqu\u00ed para usted tambi\u00e9n. Entendemos los desaf\u00edos que est\u00e1 enfrentando y estamos comprometidos a abordar sus necesidades m\u00e9dicas, todo ello respetando las directrices establecidas por la Junta de Compensaci\u00f3n de Trabajadores del Estado de Nueva York.<\/p>\n<p>Sus casos de compensaci\u00f3n de trabajadores importan, y estamos aqu\u00ed para ayudarle a navegar por las complejidades de tratar con la compa\u00f1\u00eda de seguros de compensaci\u00f3n de trabajadores y su empleador.<\/p>\n<p>Entendemos que este es un momento dif\u00edcil para usted y su familia. Si desea concertar una cita, p\u00f3ngase en contacto con nosotros y haremos todo lo posible para que el proceso le resulte lo m\u00e1s sencillo posible.<\/p>\n","protected":false},"excerpt":{"rendered":"<p>Principios generales de la gu\u00eda para problemas psicol\u00f3gicos para pacientes de compensaci\u00f3n de trabajadores Las directrices que ves aqu\u00ed fueron elaboradas por la Junta de Indemnizaci\u00f3n por Accidentes de Trabajo del Estado de Nueva York. Est\u00e1n dise\u00f1ados para ayudar a los m\u00e9dicos, pod\u00f3logos y otros profesionales sanitarios a administrar el tratamiento adecuado para los problemas [&hellip;]<\/p>\n","protected":false},"author":33,"featured_media":0,"parent":21157,"menu_order":0,"comment_status":"closed","ping_status":"closed","template":"","meta":{"_et_pb_use_builder":"","_et_pb_old_content":"","_et_gb_content_width":"","footnotes":""},"class_list":["post-21235","page","type-page","status-publish","hentry"],"yoast_head":"<!-- This site is optimized with the Yoast SEO plugin v27.2 - https:\/\/yoast.com\/product\/yoast-seo-wordpress\/ -->\n<title>Cuestiones psicol\u00f3gicas | Best Hip &amp; Knee Surgeon | NY, USA<\/title>\n<meta name=\"description\" content=\"Principios generales de la gu\u00eda para problemas psicol\u00f3gicos para pacientes de compensaci\u00f3n de trabajadores Las directrices que ves aqu\u00ed fueron elaboradas\" \/>\n<meta name=\"robots\" content=\"index, follow, max-snippet:-1, max-image-preview:large, max-video-preview:-1\" \/>\n<link rel=\"canonical\" href=\"https:\/\/www.newyorkhipknee.com\/es\/indemnizacion-por-accidente-laboral\/directrices-de-tratamiento-medico-mtg\/dolor-regional-complejo\/cuestiones-psicologicas\/\" \/>\n<meta property=\"og:locale\" content=\"es_ES\" \/>\n<meta property=\"og:type\" content=\"article\" \/>\n<meta property=\"og:title\" content=\"Cuestiones psicol\u00f3gicas | Best Hip &amp; Knee Surgeon | NY, USA\" \/>\n<meta property=\"og:description\" content=\"Principios generales de la gu\u00eda para problemas psicol\u00f3gicos para pacientes de compensaci\u00f3n de trabajadores Las directrices que ves aqu\u00ed fueron elaboradas\" \/>\n<meta property=\"og:url\" content=\"https:\/\/www.newyorkhipknee.com\/es\/indemnizacion-por-accidente-laboral\/directrices-de-tratamiento-medico-mtg\/dolor-regional-complejo\/cuestiones-psicologicas\/\" \/>\n<meta property=\"og:site_name\" content=\"Best Hip &amp; Knee Surgeon | NY, USA\" \/>\n<meta name=\"twitter:card\" content=\"summary_large_image\" \/>\n<meta name=\"twitter:label1\" content=\"Tiempo de lectura\" \/>\n\t<meta name=\"twitter:data1\" content=\"6 minutos\" \/>\n<script type=\"application\/ld+json\" class=\"yoast-schema-graph\">{\"@context\":\"https:\/\/schema.org\",\"@graph\":[{\"@type\":[\"WebPage\",\"MedicalWebPage\"],\"@id\":\"https:\/\/www.newyorkhipknee.com\/es\/indemnizacion-por-accidente-laboral\/directrices-de-tratamiento-medico-mtg\/dolor-regional-complejo\/cuestiones-psicologicas\/\",\"url\":\"https:\/\/www.newyorkhipknee.com\/es\/indemnizacion-por-accidente-laboral\/directrices-de-tratamiento-medico-mtg\/dolor-regional-complejo\/cuestiones-psicologicas\/\",\"name\":\"Cuestiones psicol\u00f3gicas | Best Hip &amp; Knee Surgeon | NY, USA\",\"isPartOf\":{\"@id\":\"https:\/\/www.newyorkhipknee.com\/es\/#website\"},\"datePublished\":\"2023-12-20T19:26:00+00:00\",\"description\":\"Principios generales de la gu\u00eda para problemas psicol\u00f3gicos para pacientes de compensaci\u00f3n de trabajadores Las directrices que ves aqu\u00ed fueron elaboradas\",\"breadcrumb\":{\"@id\":\"https:\/\/www.newyorkhipknee.com\/es\/indemnizacion-por-accidente-laboral\/directrices-de-tratamiento-medico-mtg\/dolor-regional-complejo\/cuestiones-psicologicas\/#breadcrumb\"},\"inLanguage\":\"es\",\"potentialAction\":[{\"@type\":\"ReadAction\",\"target\":[\"https:\/\/www.newyorkhipknee.com\/es\/indemnizacion-por-accidente-laboral\/directrices-de-tratamiento-medico-mtg\/dolor-regional-complejo\/cuestiones-psicologicas\/\"]}]},{\"@type\":\"BreadcrumbList\",\"@id\":\"https:\/\/www.newyorkhipknee.com\/es\/indemnizacion-por-accidente-laboral\/directrices-de-tratamiento-medico-mtg\/dolor-regional-complejo\/cuestiones-psicologicas\/#breadcrumb\",\"itemListElement\":[{\"@type\":\"ListItem\",\"position\":1,\"name\":\"Home\",\"item\":\"https:\/\/www.newyorkhipknee.com\/es\/\"},{\"@type\":\"ListItem\",\"position\":2,\"name\":\"Indemnizaci\u00f3n por accidente laboral\",\"item\":\"https:\/\/www.newyorkhipknee.com\/es\/indemnizacion-por-accidente-laboral\/\"},{\"@type\":\"ListItem\",\"position\":3,\"name\":\"Directrices de tratamiento m\u00e9dico (MTG)\",\"item\":\"https:\/\/www.newyorkhipknee.com\/es\/indemnizacion-por-accidente-laboral\/directrices-de-tratamiento-medico-mtg\/\"},{\"@type\":\"ListItem\",\"position\":4,\"name\":\"Dolor regional complejo\",\"item\":\"https:\/\/www.newyorkhipknee.com\/es\/indemnizacion-por-accidente-laboral\/directrices-de-tratamiento-medico-mtg\/dolor-regional-complejo\/\"},{\"@type\":\"ListItem\",\"position\":5,\"name\":\"Cuestiones psicol\u00f3gicas\"}]},{\"@type\":\"WebSite\",\"@id\":\"https:\/\/www.newyorkhipknee.com\/es\/#website\",\"url\":\"https:\/\/www.newyorkhipknee.com\/es\/\",\"name\":\"Best Hip & Knee Surgeon | NY, USA\",\"description\":\"\",\"potentialAction\":[{\"@type\":\"SearchAction\",\"target\":{\"@type\":\"EntryPoint\",\"urlTemplate\":\"https:\/\/www.newyorkhipknee.com\/es\/?s={search_term_string}\"},\"query-input\":{\"@type\":\"PropertyValueSpecification\",\"valueRequired\":true,\"valueName\":\"search_term_string\"}}],\"inLanguage\":\"es\"}]}<\/script>\n<!-- \/ Yoast SEO plugin. -->","yoast_head_json":{"title":"Cuestiones psicol\u00f3gicas | Best Hip &amp; Knee Surgeon | NY, USA","description":"Principios generales de la gu\u00eda para problemas psicol\u00f3gicos para pacientes de compensaci\u00f3n de trabajadores Las directrices que ves aqu\u00ed fueron elaboradas","robots":{"index":"index","follow":"follow","max-snippet":"max-snippet:-1","max-image-preview":"max-image-preview:large","max-video-preview":"max-video-preview:-1"},"canonical":"https:\/\/www.newyorkhipknee.com\/es\/indemnizacion-por-accidente-laboral\/directrices-de-tratamiento-medico-mtg\/dolor-regional-complejo\/cuestiones-psicologicas\/","og_locale":"es_ES","og_type":"article","og_title":"Cuestiones psicol\u00f3gicas | Best Hip &amp; Knee Surgeon | NY, USA","og_description":"Principios generales de la gu\u00eda para problemas psicol\u00f3gicos para pacientes de compensaci\u00f3n de trabajadores Las directrices que ves aqu\u00ed fueron elaboradas","og_url":"https:\/\/www.newyorkhipknee.com\/es\/indemnizacion-por-accidente-laboral\/directrices-de-tratamiento-medico-mtg\/dolor-regional-complejo\/cuestiones-psicologicas\/","og_site_name":"Best Hip &amp; Knee Surgeon | NY, USA","twitter_card":"summary_large_image","twitter_misc":{"Tiempo de lectura":"6 minutos"},"schema":{"@context":"https:\/\/schema.org","@graph":[{"@type":["WebPage","MedicalWebPage"],"@id":"https:\/\/www.newyorkhipknee.com\/es\/indemnizacion-por-accidente-laboral\/directrices-de-tratamiento-medico-mtg\/dolor-regional-complejo\/cuestiones-psicologicas\/","url":"https:\/\/www.newyorkhipknee.com\/es\/indemnizacion-por-accidente-laboral\/directrices-de-tratamiento-medico-mtg\/dolor-regional-complejo\/cuestiones-psicologicas\/","name":"Cuestiones psicol\u00f3gicas | Best Hip &amp; Knee Surgeon | NY, USA","isPartOf":{"@id":"https:\/\/www.newyorkhipknee.com\/es\/#website"},"datePublished":"2023-12-20T19:26:00+00:00","description":"Principios generales de la gu\u00eda para problemas psicol\u00f3gicos para pacientes de compensaci\u00f3n de trabajadores Las directrices que ves aqu\u00ed fueron elaboradas","breadcrumb":{"@id":"https:\/\/www.newyorkhipknee.com\/es\/indemnizacion-por-accidente-laboral\/directrices-de-tratamiento-medico-mtg\/dolor-regional-complejo\/cuestiones-psicologicas\/#breadcrumb"},"inLanguage":"es","potentialAction":[{"@type":"ReadAction","target":["https:\/\/www.newyorkhipknee.com\/es\/indemnizacion-por-accidente-laboral\/directrices-de-tratamiento-medico-mtg\/dolor-regional-complejo\/cuestiones-psicologicas\/"]}]},{"@type":"BreadcrumbList","@id":"https:\/\/www.newyorkhipknee.com\/es\/indemnizacion-por-accidente-laboral\/directrices-de-tratamiento-medico-mtg\/dolor-regional-complejo\/cuestiones-psicologicas\/#breadcrumb","itemListElement":[{"@type":"ListItem","position":1,"name":"Home","item":"https:\/\/www.newyorkhipknee.com\/es\/"},{"@type":"ListItem","position":2,"name":"Indemnizaci\u00f3n por accidente laboral","item":"https:\/\/www.newyorkhipknee.com\/es\/indemnizacion-por-accidente-laboral\/"},{"@type":"ListItem","position":3,"name":"Directrices de tratamiento m\u00e9dico (MTG)","item":"https:\/\/www.newyorkhipknee.com\/es\/indemnizacion-por-accidente-laboral\/directrices-de-tratamiento-medico-mtg\/"},{"@type":"ListItem","position":4,"name":"Dolor regional complejo","item":"https:\/\/www.newyorkhipknee.com\/es\/indemnizacion-por-accidente-laboral\/directrices-de-tratamiento-medico-mtg\/dolor-regional-complejo\/"},{"@type":"ListItem","position":5,"name":"Cuestiones psicol\u00f3gicas"}]},{"@type":"WebSite","@id":"https:\/\/www.newyorkhipknee.com\/es\/#website","url":"https:\/\/www.newyorkhipknee.com\/es\/","name":"Best Hip & Knee Surgeon | NY, USA","description":"","potentialAction":[{"@type":"SearchAction","target":{"@type":"EntryPoint","urlTemplate":"https:\/\/www.newyorkhipknee.com\/es\/?s={search_term_string}"},"query-input":{"@type":"PropertyValueSpecification","valueRequired":true,"valueName":"search_term_string"}}],"inLanguage":"es"}]}},"_links":{"self":[{"href":"https:\/\/www.newyorkhipknee.com\/es\/wp-json\/wp\/v2\/pages\/21235","targetHints":{"allow":["GET"]}}],"collection":[{"href":"https:\/\/www.newyorkhipknee.com\/es\/wp-json\/wp\/v2\/pages"}],"about":[{"href":"https:\/\/www.newyorkhipknee.com\/es\/wp-json\/wp\/v2\/types\/page"}],"author":[{"embeddable":true,"href":"https:\/\/www.newyorkhipknee.com\/es\/wp-json\/wp\/v2\/users\/33"}],"replies":[{"embeddable":true,"href":"https:\/\/www.newyorkhipknee.com\/es\/wp-json\/wp\/v2\/comments?post=21235"}],"version-history":[{"count":0,"href":"https:\/\/www.newyorkhipknee.com\/es\/wp-json\/wp\/v2\/pages\/21235\/revisions"}],"up":[{"embeddable":true,"href":"https:\/\/www.newyorkhipknee.com\/es\/wp-json\/wp\/v2\/pages\/21157"}],"wp:attachment":[{"href":"https:\/\/www.newyorkhipknee.com\/es\/wp-json\/wp\/v2\/media?parent=21235"}],"curies":[{"name":"wp","href":"https:\/\/api.w.org\/{rel}","templated":true}]}}