{"id":21239,"date":"2023-12-19T16:33:12","date_gmt":"2023-12-19T21:33:12","guid":{"rendered":"https:\/\/newyorkhipknee.com\/dolor-regional-complejo\/banderas-rojas\/"},"modified":"2023-12-19T16:33:12","modified_gmt":"2023-12-19T21:33:12","slug":"banderas-rojas","status":"publish","type":"page","link":"https:\/\/www.newyorkhipknee.com\/es\/indemnizacion-por-accidente-laboral\/directrices-de-tratamiento-medico-mtg\/dolor-regional-complejo\/banderas-rojas\/","title":{"rendered":"Banderas rojas"},"content":{"rendered":"<h1>Principios de la Gu\u00eda General para Banderas Rojas para pacientes de compensaci\u00f3n de trabajadores<\/h1>\n<p>Las directrices establecidas por la Junta de Indemnizaci\u00f3n por Accidentes de Trabajo del Estado de Nueva York se han elaborado para ayudar a los m\u00e9dicos, pod\u00f3logos y otros profesionales sanitarios a dispensar el tratamiento adecuado a los casos de alerta roja asociados a trastornos del tobillo y el pie.<\/p>\n<p>El objetivo de estas directrices de la Junta de Indemnizaci\u00f3n por Accidentes de Trabajo es ayudar a los profesionales sanitarios a tomar decisiones informadas sobre el nivel de atenci\u00f3n adecuado para sus pacientes.<\/p>\n<p>Es fundamental se\u00f1alar que estas directrices no sustituyen al juicio cl\u00ednico ni a la experiencia profesional. La decisi\u00f3n final sobre los cuidados debe ser fruto de la colaboraci\u00f3n entre el paciente y su profesional sanitario.<\/p>\n<p>&nbsp;<\/p>\n<h2>Banderas rojas del s\u00edndrome de dolor regional complejo<\/h2>\n<p>Una consulta urgente puede ser necesaria si hay evidencia f\u00edsica de un problema m\u00e9dico o psiqui\u00e1trico consistente con la historia del paciente y los resultados de las pruebas. Los antecedentes de c\u00e1ncer, infecci\u00f3n, problemas endocrinol\u00f3gicos o dolencias sist\u00e9micas pueden sugerir la posible presencia de una afecci\u00f3n subyacente importante.<\/p>\n<p>Pueden ser necesarias investigaciones no relacionadas con el accidente de trabajo pero esenciales para una evaluaci\u00f3n exhaustiva si la historia cl\u00ednica indica patolog\u00eda originada en una zona distinta de la inicialmente lesionada (por ejemplo, dolor en el hombro originado en la ves\u00edcula biliar o la columna cervical; preocupaciones articulares por trastornos reumatol\u00f3gicos).<\/p>\n<p>Deben tenerse en cuenta las se\u00f1ales de alarma psicosociales, como la peligrosidad para uno mismo o para los dem\u00e1s, la embriaguez extrema, la psicosis y la falta de vivienda. Los signos que indican factores de riesgo de retraso en la recuperaci\u00f3n se consideran banderas \u00abamarillas\u00bb.<\/p>\n<p>La tabla 1 se centra principalmente en los problemas sist\u00e9micos que podr\u00edan haberse pasado por alto en un paciente con dolor persistente. Sin embargo, dada la alta frecuencia de comorbilidad con el dolor cr\u00f3nico, los especialistas deben comprobar, evaluar e indagar sobre los trastornos psicol\u00f3gicos existentes si la persona no tiene antecedentes previos.<\/p>\n<p>&nbsp;<\/p>\n<p><img loading=\"lazy\" decoding=\"async\" class=\"alignnone size-full wp-image-20469\" title=\"Captura de pantalla 2023-12-19 153321\" src=\"https:\/\/newyorkhipknee.com\/wp-content\/uploads\/2023\/12\/Screenshot-2023-12-19-153321.png\" alt=\"\" width=\"575\" height=\"344\" srcset=\"https:\/\/newyorkhipknee.com\/wp-content\/uploads\/2023\/12\/Screenshot-2023-12-19-153321.png 575w, https:\/\/newyorkhipknee.com\/wp-content\/uploads\/2023\/12\/Screenshot-2023-12-19-153321-480x287.png 480w\" sizes=\"(min-width: 0px) and (max-width: 480px) 480px, (min-width: 481px) 575px, 100vw\" \/><\/p>\n<p>&nbsp;<\/p>\n<h2>Lo que nuestra oficina puede hacer si tiene lesiones de compensaci\u00f3n laboral<\/h2>\n<p>Poseemos la experiencia para ayudarle con sus lesiones de compensaci\u00f3n de trabajadores. Sentimos empat\u00eda con su situaci\u00f3n y nos aseguramos de que sus necesidades m\u00e9dicas sean satisfechas mientras nos adherimos a las directrices establecidas por la Junta de Compensaci\u00f3n de Trabajadores del Estado de Nueva York.<\/p>\n<p>Reconociendo la importancia de sus casos de compensaci\u00f3n de trabajadores, perm\u00edtanos guiarle a trav\u00e9s de las complejidades de interactuar con la compa\u00f1\u00eda de seguros de compensaci\u00f3n de trabajadores y su empleador.<\/p>\n<p>Entendemos que este es un momento estresante para usted y su familia. Si desea concertar una cita, p\u00f3ngase en contacto con nosotros y haremos todo lo posible por simplificarle el proceso al m\u00e1ximo.<\/p>\n","protected":false},"excerpt":{"rendered":"<p>Principios de la Gu\u00eda General para Banderas Rojas para pacientes de compensaci\u00f3n de trabajadores Las directrices establecidas por la Junta de Indemnizaci\u00f3n por Accidentes de Trabajo del Estado de Nueva York se han elaborado para ayudar a los m\u00e9dicos, pod\u00f3logos y otros profesionales sanitarios a dispensar el tratamiento adecuado a los casos de alerta roja [&hellip;]<\/p>\n","protected":false},"author":33,"featured_media":0,"parent":21157,"menu_order":0,"comment_status":"closed","ping_status":"closed","template":"","meta":{"_et_pb_use_builder":"","_et_pb_old_content":"","_et_gb_content_width":"","footnotes":""},"class_list":["post-21239","page","type-page","status-publish","hentry"],"yoast_head":"<!-- This site is optimized with the Yoast SEO plugin v27.2 - https:\/\/yoast.com\/product\/yoast-seo-wordpress\/ -->\n<title>Banderas rojas | Best Hip &amp; Knee Surgeon | NY, USA<\/title>\n<meta name=\"description\" content=\"Principios de la Gu\u00eda General para Banderas Rojas para pacientes de compensaci\u00f3n de trabajadores Las directrices establecidas por la Junta de\" \/>\n<meta name=\"robots\" content=\"index, follow, max-snippet:-1, max-image-preview:large, max-video-preview:-1\" \/>\n<link rel=\"canonical\" href=\"https:\/\/www.newyorkhipknee.com\/es\/indemnizacion-por-accidente-laboral\/directrices-de-tratamiento-medico-mtg\/dolor-regional-complejo\/banderas-rojas\/\" \/>\n<meta property=\"og:locale\" content=\"es_ES\" \/>\n<meta property=\"og:type\" content=\"article\" \/>\n<meta property=\"og:title\" content=\"Banderas rojas | Best Hip &amp; Knee Surgeon | NY, USA\" \/>\n<meta property=\"og:description\" content=\"Principios de la Gu\u00eda General para Banderas Rojas para pacientes de compensaci\u00f3n de trabajadores Las directrices establecidas por la Junta de\" \/>\n<meta property=\"og:url\" content=\"https:\/\/www.newyorkhipknee.com\/es\/indemnizacion-por-accidente-laboral\/directrices-de-tratamiento-medico-mtg\/dolor-regional-complejo\/banderas-rojas\/\" \/>\n<meta property=\"og:site_name\" content=\"Best Hip &amp; Knee Surgeon | NY, USA\" \/>\n<meta property=\"og:image\" content=\"https:\/\/newyorkhipknee.com\/wp-content\/uploads\/2023\/12\/Screenshot-2023-12-19-153321.png\" \/>\n<meta name=\"twitter:card\" content=\"summary_large_image\" \/>\n<meta name=\"twitter:label1\" content=\"Tiempo de lectura\" \/>\n\t<meta name=\"twitter:data1\" content=\"3 minutos\" \/>\n<script type=\"application\/ld+json\" class=\"yoast-schema-graph\">{\"@context\":\"https:\/\/schema.org\",\"@graph\":[{\"@type\":[\"WebPage\",\"MedicalWebPage\"],\"@id\":\"https:\/\/www.newyorkhipknee.com\/es\/indemnizacion-por-accidente-laboral\/directrices-de-tratamiento-medico-mtg\/dolor-regional-complejo\/banderas-rojas\/\",\"url\":\"https:\/\/www.newyorkhipknee.com\/es\/indemnizacion-por-accidente-laboral\/directrices-de-tratamiento-medico-mtg\/dolor-regional-complejo\/banderas-rojas\/\",\"name\":\"Banderas rojas | Best Hip &amp; Knee Surgeon | NY, USA\",\"isPartOf\":{\"@id\":\"https:\/\/www.newyorkhipknee.com\/es\/#website\"},\"primaryImageOfPage\":{\"@id\":\"https:\/\/www.newyorkhipknee.com\/es\/indemnizacion-por-accidente-laboral\/directrices-de-tratamiento-medico-mtg\/dolor-regional-complejo\/banderas-rojas\/#primaryimage\"},\"image\":{\"@id\":\"https:\/\/www.newyorkhipknee.com\/es\/indemnizacion-por-accidente-laboral\/directrices-de-tratamiento-medico-mtg\/dolor-regional-complejo\/banderas-rojas\/#primaryimage\"},\"thumbnailUrl\":\"https:\/\/newyorkhipknee.com\/wp-content\/uploads\/2023\/12\/Screenshot-2023-12-19-153321.png\",\"datePublished\":\"2023-12-19T21:33:12+00:00\",\"description\":\"Principios de la Gu\u00eda General para Banderas Rojas para pacientes de compensaci\u00f3n de trabajadores Las directrices establecidas por la Junta de\",\"breadcrumb\":{\"@id\":\"https:\/\/www.newyorkhipknee.com\/es\/indemnizacion-por-accidente-laboral\/directrices-de-tratamiento-medico-mtg\/dolor-regional-complejo\/banderas-rojas\/#breadcrumb\"},\"inLanguage\":\"es\",\"potentialAction\":[{\"@type\":\"ReadAction\",\"target\":[\"https:\/\/www.newyorkhipknee.com\/es\/indemnizacion-por-accidente-laboral\/directrices-de-tratamiento-medico-mtg\/dolor-regional-complejo\/banderas-rojas\/\"]}]},{\"@type\":\"ImageObject\",\"inLanguage\":\"es\",\"@id\":\"https:\/\/www.newyorkhipknee.com\/es\/indemnizacion-por-accidente-laboral\/directrices-de-tratamiento-medico-mtg\/dolor-regional-complejo\/banderas-rojas\/#primaryimage\",\"url\":\"https:\/\/newyorkhipknee.com\/wp-content\/uploads\/2023\/12\/Screenshot-2023-12-19-153321.png\",\"contentUrl\":\"https:\/\/newyorkhipknee.com\/wp-content\/uploads\/2023\/12\/Screenshot-2023-12-19-153321.png\"},{\"@type\":\"BreadcrumbList\",\"@id\":\"https:\/\/www.newyorkhipknee.com\/es\/indemnizacion-por-accidente-laboral\/directrices-de-tratamiento-medico-mtg\/dolor-regional-complejo\/banderas-rojas\/#breadcrumb\",\"itemListElement\":[{\"@type\":\"ListItem\",\"position\":1,\"name\":\"Home\",\"item\":\"https:\/\/www.newyorkhipknee.com\/es\/\"},{\"@type\":\"ListItem\",\"position\":2,\"name\":\"Indemnizaci\u00f3n por accidente laboral\",\"item\":\"https:\/\/www.newyorkhipknee.com\/es\/indemnizacion-por-accidente-laboral\/\"},{\"@type\":\"ListItem\",\"position\":3,\"name\":\"Directrices de tratamiento m\u00e9dico (MTG)\",\"item\":\"https:\/\/www.newyorkhipknee.com\/es\/indemnizacion-por-accidente-laboral\/directrices-de-tratamiento-medico-mtg\/\"},{\"@type\":\"ListItem\",\"position\":4,\"name\":\"Dolor regional complejo\",\"item\":\"https:\/\/www.newyorkhipknee.com\/es\/indemnizacion-por-accidente-laboral\/directrices-de-tratamiento-medico-mtg\/dolor-regional-complejo\/\"},{\"@type\":\"ListItem\",\"position\":5,\"name\":\"Banderas rojas\"}]},{\"@type\":\"WebSite\",\"@id\":\"https:\/\/www.newyorkhipknee.com\/es\/#website\",\"url\":\"https:\/\/www.newyorkhipknee.com\/es\/\",\"name\":\"Best Hip & Knee Surgeon | NY, USA\",\"description\":\"\",\"potentialAction\":[{\"@type\":\"SearchAction\",\"target\":{\"@type\":\"EntryPoint\",\"urlTemplate\":\"https:\/\/www.newyorkhipknee.com\/es\/?s={search_term_string}\"},\"query-input\":{\"@type\":\"PropertyValueSpecification\",\"valueRequired\":true,\"valueName\":\"search_term_string\"}}],\"inLanguage\":\"es\"}]}<\/script>\n<!-- \/ Yoast SEO plugin. -->","yoast_head_json":{"title":"Banderas rojas | Best Hip &amp; Knee Surgeon | NY, USA","description":"Principios de la Gu\u00eda General para Banderas Rojas para pacientes de compensaci\u00f3n de trabajadores Las directrices establecidas por la Junta de","robots":{"index":"index","follow":"follow","max-snippet":"max-snippet:-1","max-image-preview":"max-image-preview:large","max-video-preview":"max-video-preview:-1"},"canonical":"https:\/\/www.newyorkhipknee.com\/es\/indemnizacion-por-accidente-laboral\/directrices-de-tratamiento-medico-mtg\/dolor-regional-complejo\/banderas-rojas\/","og_locale":"es_ES","og_type":"article","og_title":"Banderas rojas | Best Hip &amp; Knee Surgeon | NY, USA","og_description":"Principios de la Gu\u00eda General para Banderas Rojas para pacientes de compensaci\u00f3n de trabajadores Las directrices establecidas por la Junta de","og_url":"https:\/\/www.newyorkhipknee.com\/es\/indemnizacion-por-accidente-laboral\/directrices-de-tratamiento-medico-mtg\/dolor-regional-complejo\/banderas-rojas\/","og_site_name":"Best Hip &amp; Knee Surgeon | NY, USA","og_image":[{"url":"https:\/\/newyorkhipknee.com\/wp-content\/uploads\/2023\/12\/Screenshot-2023-12-19-153321.png","type":"","width":"","height":""}],"twitter_card":"summary_large_image","twitter_misc":{"Tiempo de lectura":"3 minutos"},"schema":{"@context":"https:\/\/schema.org","@graph":[{"@type":["WebPage","MedicalWebPage"],"@id":"https:\/\/www.newyorkhipknee.com\/es\/indemnizacion-por-accidente-laboral\/directrices-de-tratamiento-medico-mtg\/dolor-regional-complejo\/banderas-rojas\/","url":"https:\/\/www.newyorkhipknee.com\/es\/indemnizacion-por-accidente-laboral\/directrices-de-tratamiento-medico-mtg\/dolor-regional-complejo\/banderas-rojas\/","name":"Banderas rojas | Best Hip &amp; Knee Surgeon | NY, USA","isPartOf":{"@id":"https:\/\/www.newyorkhipknee.com\/es\/#website"},"primaryImageOfPage":{"@id":"https:\/\/www.newyorkhipknee.com\/es\/indemnizacion-por-accidente-laboral\/directrices-de-tratamiento-medico-mtg\/dolor-regional-complejo\/banderas-rojas\/#primaryimage"},"image":{"@id":"https:\/\/www.newyorkhipknee.com\/es\/indemnizacion-por-accidente-laboral\/directrices-de-tratamiento-medico-mtg\/dolor-regional-complejo\/banderas-rojas\/#primaryimage"},"thumbnailUrl":"https:\/\/newyorkhipknee.com\/wp-content\/uploads\/2023\/12\/Screenshot-2023-12-19-153321.png","datePublished":"2023-12-19T21:33:12+00:00","description":"Principios de la Gu\u00eda General para Banderas Rojas para pacientes de compensaci\u00f3n de trabajadores Las directrices establecidas por la Junta de","breadcrumb":{"@id":"https:\/\/www.newyorkhipknee.com\/es\/indemnizacion-por-accidente-laboral\/directrices-de-tratamiento-medico-mtg\/dolor-regional-complejo\/banderas-rojas\/#breadcrumb"},"inLanguage":"es","potentialAction":[{"@type":"ReadAction","target":["https:\/\/www.newyorkhipknee.com\/es\/indemnizacion-por-accidente-laboral\/directrices-de-tratamiento-medico-mtg\/dolor-regional-complejo\/banderas-rojas\/"]}]},{"@type":"ImageObject","inLanguage":"es","@id":"https:\/\/www.newyorkhipknee.com\/es\/indemnizacion-por-accidente-laboral\/directrices-de-tratamiento-medico-mtg\/dolor-regional-complejo\/banderas-rojas\/#primaryimage","url":"https:\/\/newyorkhipknee.com\/wp-content\/uploads\/2023\/12\/Screenshot-2023-12-19-153321.png","contentUrl":"https:\/\/newyorkhipknee.com\/wp-content\/uploads\/2023\/12\/Screenshot-2023-12-19-153321.png"},{"@type":"BreadcrumbList","@id":"https:\/\/www.newyorkhipknee.com\/es\/indemnizacion-por-accidente-laboral\/directrices-de-tratamiento-medico-mtg\/dolor-regional-complejo\/banderas-rojas\/#breadcrumb","itemListElement":[{"@type":"ListItem","position":1,"name":"Home","item":"https:\/\/www.newyorkhipknee.com\/es\/"},{"@type":"ListItem","position":2,"name":"Indemnizaci\u00f3n por accidente laboral","item":"https:\/\/www.newyorkhipknee.com\/es\/indemnizacion-por-accidente-laboral\/"},{"@type":"ListItem","position":3,"name":"Directrices de tratamiento m\u00e9dico (MTG)","item":"https:\/\/www.newyorkhipknee.com\/es\/indemnizacion-por-accidente-laboral\/directrices-de-tratamiento-medico-mtg\/"},{"@type":"ListItem","position":4,"name":"Dolor regional complejo","item":"https:\/\/www.newyorkhipknee.com\/es\/indemnizacion-por-accidente-laboral\/directrices-de-tratamiento-medico-mtg\/dolor-regional-complejo\/"},{"@type":"ListItem","position":5,"name":"Banderas rojas"}]},{"@type":"WebSite","@id":"https:\/\/www.newyorkhipknee.com\/es\/#website","url":"https:\/\/www.newyorkhipknee.com\/es\/","name":"Best Hip & Knee Surgeon | NY, USA","description":"","potentialAction":[{"@type":"SearchAction","target":{"@type":"EntryPoint","urlTemplate":"https:\/\/www.newyorkhipknee.com\/es\/?s={search_term_string}"},"query-input":{"@type":"PropertyValueSpecification","valueRequired":true,"valueName":"search_term_string"}}],"inLanguage":"es"}]}},"_links":{"self":[{"href":"https:\/\/www.newyorkhipknee.com\/es\/wp-json\/wp\/v2\/pages\/21239","targetHints":{"allow":["GET"]}}],"collection":[{"href":"https:\/\/www.newyorkhipknee.com\/es\/wp-json\/wp\/v2\/pages"}],"about":[{"href":"https:\/\/www.newyorkhipknee.com\/es\/wp-json\/wp\/v2\/types\/page"}],"author":[{"embeddable":true,"href":"https:\/\/www.newyorkhipknee.com\/es\/wp-json\/wp\/v2\/users\/33"}],"replies":[{"embeddable":true,"href":"https:\/\/www.newyorkhipknee.com\/es\/wp-json\/wp\/v2\/comments?post=21239"}],"version-history":[{"count":0,"href":"https:\/\/www.newyorkhipknee.com\/es\/wp-json\/wp\/v2\/pages\/21239\/revisions"}],"up":[{"embeddable":true,"href":"https:\/\/www.newyorkhipknee.com\/es\/wp-json\/wp\/v2\/pages\/21157"}],"wp:attachment":[{"href":"https:\/\/www.newyorkhipknee.com\/es\/wp-json\/wp\/v2\/media?parent=21239"}],"curies":[{"name":"wp","href":"https:\/\/api.w.org\/{rel}","templated":true}]}}