{"id":21244,"date":"2023-12-19T15:58:05","date_gmt":"2023-12-19T20:58:05","guid":{"rendered":"https:\/\/newyorkhipknee.com\/dolor-regional-complejo\/inhibidores-selectivos-de-la-recaptacion-de-serotonina\/"},"modified":"2023-12-19T15:58:05","modified_gmt":"2023-12-19T20:58:05","slug":"inhibidores-selectivos-de-la-recaptacion-de-serotonina","status":"publish","type":"page","link":"https:\/\/www.newyorkhipknee.com\/es\/indemnizacion-por-accidente-laboral\/directrices-de-tratamiento-medico-mtg\/dolor-regional-complejo\/inhibidores-selectivos-de-la-recaptacion-de-serotonina\/","title":{"rendered":"Inhibidores selectivos de la recaptaci\u00f3n de serotonina"},"content":{"rendered":"<p>Las directrices establecidas por la junta de compensaci\u00f3n de trabajadores del Estado de Nueva York est\u00e1n dise\u00f1adas para ayudar a los m\u00e9dicos, pod\u00f3logos y otros profesionales sanitarios a proporcionar un tratamiento adecuado con inhibidores selectivos de la recaptaci\u00f3n de serotonina (ISRS), bupropi\u00f3n o trazodona para el s\u00edndrome de dolor regional complejo (SDRC).<\/p>\n<p>Estas directrices de la Junta de Indemnizaci\u00f3n por Accidentes de Trabajo tienen por objeto ayudar a los profesionales sanitarios a tomar decisiones informadas sobre el nivel adecuado de atenci\u00f3n a los pacientes con trastornos de tobillo y pie.<\/p>\n<p>Es importante se\u00f1alar que estas directrices no sustituyen al juicio cl\u00ednico ni a la experiencia profesional. La decisi\u00f3n \u00faltima sobre la atenci\u00f3n sanitaria debe ser fruto de la colaboraci\u00f3n entre el paciente y su profesional sanitario.<\/p>\n<h2>Inhibidores selectivos de la recaptaci\u00f3n de serotonina (ISRS), bupropi\u00f3n o trazodona para el CRPS<\/h2>\n<p>&nbsp;<\/p>\n<p>No se recomienda el uso de inhibidores selectivos de la recaptaci\u00f3n de serotonina (ISRS), bupropi\u00f3n o trazodona para tratar el s\u00edndrome de dolor regional complejo (SDRC) a menos que existan s\u00edntomas depresivos. Para obtener informaci\u00f3n sobre el uso adecuado de estos medicamentos para la depresi\u00f3n, consulte la Gu\u00eda de tratamiento m\u00e9dico de la depresi\u00f3n relacionada con el trabajo y los trastornos depresivos.<\/p>\n<p>&nbsp;<\/p>\n<h2>Lo que nuestra oficina puede hacer si tiene lesiones de compensaci\u00f3n laboral<\/h2>\n<p>Poseemos la experiencia para ayudarle con sus lesiones de compensaci\u00f3n de trabajadores. Sentimos empat\u00eda con su situaci\u00f3n y nos aseguramos de que sus necesidades m\u00e9dicas sean satisfechas mientras nos adherimos a las directrices establecidas por la Junta de Compensaci\u00f3n de Trabajadores del Estado de Nueva York.<\/p>\n<p>Reconociendo la importancia de sus casos de compensaci\u00f3n de trabajadores, perm\u00edtanos guiarle a trav\u00e9s de las complejidades de interactuar con la compa\u00f1\u00eda de seguros de compensaci\u00f3n de trabajadores y su empleador.<\/p>\n<p>Entendemos que este es un momento estresante para usted y su familia. Si desea concertar una cita, p\u00f3ngase en contacto con nosotros y haremos todo lo posible por simplificarle el proceso al m\u00e1ximo.<\/p>\n","protected":false},"excerpt":{"rendered":"<p>Las directrices establecidas por la junta de compensaci\u00f3n de trabajadores del Estado de Nueva York est\u00e1n dise\u00f1adas para ayudar a los m\u00e9dicos, pod\u00f3logos y otros profesionales sanitarios a proporcionar un tratamiento adecuado con inhibidores selectivos de la recaptaci\u00f3n de serotonina (ISRS), bupropi\u00f3n o trazodona para el s\u00edndrome de dolor regional complejo (SDRC). Estas directrices de [&hellip;]<\/p>\n","protected":false},"author":33,"featured_media":0,"parent":21157,"menu_order":0,"comment_status":"closed","ping_status":"closed","template":"","meta":{"_et_pb_use_builder":"","_et_pb_old_content":"","_et_gb_content_width":"","footnotes":""},"class_list":["post-21244","page","type-page","status-publish","hentry"],"yoast_head":"<!-- This site is optimized with the Yoast SEO plugin v27.2 - https:\/\/yoast.com\/product\/yoast-seo-wordpress\/ -->\n<title>Inhibidores selectivos de la recaptaci\u00f3n de serotonina | Best Hip &amp; Knee Surgeon | NY, USA<\/title>\n<meta name=\"description\" content=\"Las directrices establecidas por la junta de compensaci\u00f3n de trabajadores del Estado de Nueva York est\u00e1n dise\u00f1adas para ayudar a los m\u00e9dicos, pod\u00f3logos y\" \/>\n<meta name=\"robots\" content=\"index, follow, max-snippet:-1, max-image-preview:large, max-video-preview:-1\" \/>\n<link rel=\"canonical\" href=\"https:\/\/www.newyorkhipknee.com\/es\/indemnizacion-por-accidente-laboral\/directrices-de-tratamiento-medico-mtg\/dolor-regional-complejo\/inhibidores-selectivos-de-la-recaptacion-de-serotonina\/\" \/>\n<meta property=\"og:locale\" content=\"es_ES\" \/>\n<meta property=\"og:type\" content=\"article\" \/>\n<meta property=\"og:title\" content=\"Inhibidores selectivos de la recaptaci\u00f3n de serotonina | Best Hip &amp; Knee Surgeon | NY, USA\" \/>\n<meta property=\"og:description\" content=\"Las directrices establecidas por la junta de compensaci\u00f3n de trabajadores del Estado de Nueva York est\u00e1n dise\u00f1adas para ayudar a los m\u00e9dicos, pod\u00f3logos y\" \/>\n<meta property=\"og:url\" content=\"https:\/\/www.newyorkhipknee.com\/es\/indemnizacion-por-accidente-laboral\/directrices-de-tratamiento-medico-mtg\/dolor-regional-complejo\/inhibidores-selectivos-de-la-recaptacion-de-serotonina\/\" \/>\n<meta property=\"og:site_name\" content=\"Best Hip &amp; Knee Surgeon | NY, USA\" \/>\n<meta name=\"twitter:card\" content=\"summary_large_image\" \/>\n<meta name=\"twitter:label1\" content=\"Tiempo de lectura\" \/>\n\t<meta name=\"twitter:data1\" content=\"2 minutos\" \/>\n<script type=\"application\/ld+json\" class=\"yoast-schema-graph\">{\"@context\":\"https:\/\/schema.org\",\"@graph\":[{\"@type\":[\"WebPage\",\"MedicalWebPage\"],\"@id\":\"https:\/\/www.newyorkhipknee.com\/es\/indemnizacion-por-accidente-laboral\/directrices-de-tratamiento-medico-mtg\/dolor-regional-complejo\/inhibidores-selectivos-de-la-recaptacion-de-serotonina\/\",\"url\":\"https:\/\/www.newyorkhipknee.com\/es\/indemnizacion-por-accidente-laboral\/directrices-de-tratamiento-medico-mtg\/dolor-regional-complejo\/inhibidores-selectivos-de-la-recaptacion-de-serotonina\/\",\"name\":\"Inhibidores selectivos de la recaptaci\u00f3n de serotonina | Best Hip &amp; Knee Surgeon | NY, USA\",\"isPartOf\":{\"@id\":\"https:\/\/www.newyorkhipknee.com\/es\/#website\"},\"datePublished\":\"2023-12-19T20:58:05+00:00\",\"description\":\"Las directrices establecidas por la junta de compensaci\u00f3n de trabajadores del Estado de Nueva York est\u00e1n dise\u00f1adas para ayudar a los m\u00e9dicos, pod\u00f3logos y\",\"breadcrumb\":{\"@id\":\"https:\/\/www.newyorkhipknee.com\/es\/indemnizacion-por-accidente-laboral\/directrices-de-tratamiento-medico-mtg\/dolor-regional-complejo\/inhibidores-selectivos-de-la-recaptacion-de-serotonina\/#breadcrumb\"},\"inLanguage\":\"es\",\"potentialAction\":[{\"@type\":\"ReadAction\",\"target\":[\"https:\/\/www.newyorkhipknee.com\/es\/indemnizacion-por-accidente-laboral\/directrices-de-tratamiento-medico-mtg\/dolor-regional-complejo\/inhibidores-selectivos-de-la-recaptacion-de-serotonina\/\"]}]},{\"@type\":\"BreadcrumbList\",\"@id\":\"https:\/\/www.newyorkhipknee.com\/es\/indemnizacion-por-accidente-laboral\/directrices-de-tratamiento-medico-mtg\/dolor-regional-complejo\/inhibidores-selectivos-de-la-recaptacion-de-serotonina\/#breadcrumb\",\"itemListElement\":[{\"@type\":\"ListItem\",\"position\":1,\"name\":\"Home\",\"item\":\"https:\/\/www.newyorkhipknee.com\/es\/\"},{\"@type\":\"ListItem\",\"position\":2,\"name\":\"Indemnizaci\u00f3n por accidente laboral\",\"item\":\"https:\/\/www.newyorkhipknee.com\/es\/indemnizacion-por-accidente-laboral\/\"},{\"@type\":\"ListItem\",\"position\":3,\"name\":\"Directrices de tratamiento m\u00e9dico (MTG)\",\"item\":\"https:\/\/www.newyorkhipknee.com\/es\/indemnizacion-por-accidente-laboral\/directrices-de-tratamiento-medico-mtg\/\"},{\"@type\":\"ListItem\",\"position\":4,\"name\":\"Dolor regional complejo\",\"item\":\"https:\/\/www.newyorkhipknee.com\/es\/indemnizacion-por-accidente-laboral\/directrices-de-tratamiento-medico-mtg\/dolor-regional-complejo\/\"},{\"@type\":\"ListItem\",\"position\":5,\"name\":\"Inhibidores selectivos de la recaptaci\u00f3n de serotonina\"}]},{\"@type\":\"WebSite\",\"@id\":\"https:\/\/www.newyorkhipknee.com\/es\/#website\",\"url\":\"https:\/\/www.newyorkhipknee.com\/es\/\",\"name\":\"Best Hip & Knee Surgeon | NY, USA\",\"description\":\"\",\"potentialAction\":[{\"@type\":\"SearchAction\",\"target\":{\"@type\":\"EntryPoint\",\"urlTemplate\":\"https:\/\/www.newyorkhipknee.com\/es\/?s={search_term_string}\"},\"query-input\":{\"@type\":\"PropertyValueSpecification\",\"valueRequired\":true,\"valueName\":\"search_term_string\"}}],\"inLanguage\":\"es\"}]}<\/script>\n<!-- \/ Yoast SEO plugin. -->","yoast_head_json":{"title":"Inhibidores selectivos de la recaptaci\u00f3n de serotonina | Best Hip &amp; Knee Surgeon | NY, USA","description":"Las directrices establecidas por la junta de compensaci\u00f3n de trabajadores del Estado de Nueva York est\u00e1n dise\u00f1adas para ayudar a los m\u00e9dicos, pod\u00f3logos y","robots":{"index":"index","follow":"follow","max-snippet":"max-snippet:-1","max-image-preview":"max-image-preview:large","max-video-preview":"max-video-preview:-1"},"canonical":"https:\/\/www.newyorkhipknee.com\/es\/indemnizacion-por-accidente-laboral\/directrices-de-tratamiento-medico-mtg\/dolor-regional-complejo\/inhibidores-selectivos-de-la-recaptacion-de-serotonina\/","og_locale":"es_ES","og_type":"article","og_title":"Inhibidores selectivos de la recaptaci\u00f3n de serotonina | Best Hip &amp; Knee Surgeon | NY, USA","og_description":"Las directrices establecidas por la junta de compensaci\u00f3n de trabajadores del Estado de Nueva York est\u00e1n dise\u00f1adas para ayudar a los m\u00e9dicos, pod\u00f3logos y","og_url":"https:\/\/www.newyorkhipknee.com\/es\/indemnizacion-por-accidente-laboral\/directrices-de-tratamiento-medico-mtg\/dolor-regional-complejo\/inhibidores-selectivos-de-la-recaptacion-de-serotonina\/","og_site_name":"Best Hip &amp; Knee Surgeon | NY, USA","twitter_card":"summary_large_image","twitter_misc":{"Tiempo de lectura":"2 minutos"},"schema":{"@context":"https:\/\/schema.org","@graph":[{"@type":["WebPage","MedicalWebPage"],"@id":"https:\/\/www.newyorkhipknee.com\/es\/indemnizacion-por-accidente-laboral\/directrices-de-tratamiento-medico-mtg\/dolor-regional-complejo\/inhibidores-selectivos-de-la-recaptacion-de-serotonina\/","url":"https:\/\/www.newyorkhipknee.com\/es\/indemnizacion-por-accidente-laboral\/directrices-de-tratamiento-medico-mtg\/dolor-regional-complejo\/inhibidores-selectivos-de-la-recaptacion-de-serotonina\/","name":"Inhibidores selectivos de la recaptaci\u00f3n de serotonina | Best Hip &amp; Knee Surgeon | NY, USA","isPartOf":{"@id":"https:\/\/www.newyorkhipknee.com\/es\/#website"},"datePublished":"2023-12-19T20:58:05+00:00","description":"Las directrices establecidas por la junta de compensaci\u00f3n de trabajadores del Estado de Nueva York est\u00e1n dise\u00f1adas para ayudar a los m\u00e9dicos, pod\u00f3logos y","breadcrumb":{"@id":"https:\/\/www.newyorkhipknee.com\/es\/indemnizacion-por-accidente-laboral\/directrices-de-tratamiento-medico-mtg\/dolor-regional-complejo\/inhibidores-selectivos-de-la-recaptacion-de-serotonina\/#breadcrumb"},"inLanguage":"es","potentialAction":[{"@type":"ReadAction","target":["https:\/\/www.newyorkhipknee.com\/es\/indemnizacion-por-accidente-laboral\/directrices-de-tratamiento-medico-mtg\/dolor-regional-complejo\/inhibidores-selectivos-de-la-recaptacion-de-serotonina\/"]}]},{"@type":"BreadcrumbList","@id":"https:\/\/www.newyorkhipknee.com\/es\/indemnizacion-por-accidente-laboral\/directrices-de-tratamiento-medico-mtg\/dolor-regional-complejo\/inhibidores-selectivos-de-la-recaptacion-de-serotonina\/#breadcrumb","itemListElement":[{"@type":"ListItem","position":1,"name":"Home","item":"https:\/\/www.newyorkhipknee.com\/es\/"},{"@type":"ListItem","position":2,"name":"Indemnizaci\u00f3n por accidente laboral","item":"https:\/\/www.newyorkhipknee.com\/es\/indemnizacion-por-accidente-laboral\/"},{"@type":"ListItem","position":3,"name":"Directrices de tratamiento m\u00e9dico (MTG)","item":"https:\/\/www.newyorkhipknee.com\/es\/indemnizacion-por-accidente-laboral\/directrices-de-tratamiento-medico-mtg\/"},{"@type":"ListItem","position":4,"name":"Dolor regional complejo","item":"https:\/\/www.newyorkhipknee.com\/es\/indemnizacion-por-accidente-laboral\/directrices-de-tratamiento-medico-mtg\/dolor-regional-complejo\/"},{"@type":"ListItem","position":5,"name":"Inhibidores selectivos de la recaptaci\u00f3n de serotonina"}]},{"@type":"WebSite","@id":"https:\/\/www.newyorkhipknee.com\/es\/#website","url":"https:\/\/www.newyorkhipknee.com\/es\/","name":"Best Hip & Knee Surgeon | NY, USA","description":"","potentialAction":[{"@type":"SearchAction","target":{"@type":"EntryPoint","urlTemplate":"https:\/\/www.newyorkhipknee.com\/es\/?s={search_term_string}"},"query-input":{"@type":"PropertyValueSpecification","valueRequired":true,"valueName":"search_term_string"}}],"inLanguage":"es"}]}},"_links":{"self":[{"href":"https:\/\/www.newyorkhipknee.com\/es\/wp-json\/wp\/v2\/pages\/21244","targetHints":{"allow":["GET"]}}],"collection":[{"href":"https:\/\/www.newyorkhipknee.com\/es\/wp-json\/wp\/v2\/pages"}],"about":[{"href":"https:\/\/www.newyorkhipknee.com\/es\/wp-json\/wp\/v2\/types\/page"}],"author":[{"embeddable":true,"href":"https:\/\/www.newyorkhipknee.com\/es\/wp-json\/wp\/v2\/users\/33"}],"replies":[{"embeddable":true,"href":"https:\/\/www.newyorkhipknee.com\/es\/wp-json\/wp\/v2\/comments?post=21244"}],"version-history":[{"count":0,"href":"https:\/\/www.newyorkhipknee.com\/es\/wp-json\/wp\/v2\/pages\/21244\/revisions"}],"up":[{"embeddable":true,"href":"https:\/\/www.newyorkhipknee.com\/es\/wp-json\/wp\/v2\/pages\/21157"}],"wp:attachment":[{"href":"https:\/\/www.newyorkhipknee.com\/es\/wp-json\/wp\/v2\/media?parent=21244"}],"curies":[{"name":"wp","href":"https:\/\/api.w.org\/{rel}","templated":true}]}}