{"id":21256,"date":"2023-12-19T13:36:23","date_gmt":"2023-12-19T18:36:23","guid":{"rendered":"https:\/\/newyorkhipknee.com\/dolor-regional-complejo\/estimuladores-de-la-medula-espinal-para-alivio-a-corto-e-intermedio-plazo\/"},"modified":"2023-12-19T13:36:23","modified_gmt":"2023-12-19T18:36:23","slug":"estimuladores-de-la-medula-espinal-para-alivio-a-corto-e-intermedio-plazo","status":"publish","type":"page","link":"https:\/\/www.newyorkhipknee.com\/es\/indemnizacion-por-accidente-laboral\/directrices-de-tratamiento-medico-mtg\/dolor-regional-complejo\/estimuladores-de-la-medula-espinal-para-alivio-a-corto-e-intermedio-plazo\/","title":{"rendered":"Estimuladores de la m\u00e9dula espinal para alivio a corto e intermedio plazo"},"content":{"rendered":"<h1>Principios generales de las directrices para los estimuladores de la m\u00e9dula espinal<br \/>\npara el alivio a corto y mediano plazo del CRPS<br \/>\npara pacientes de compensaci\u00f3n de trabajadores<\/h1>\n<p>Las directrices creadas por la Junta de Indemnizaci\u00f3n por Accidentes de Trabajo del Estado de Nueva York tienen por objeto ayudar a los m\u00e9dicos, pod\u00f3logos y otros profesionales sanitarios a administrar un tratamiento adecuado con estimuladores de la m\u00e9dula espinal para el alivio a corto o medio plazo del s\u00edndrome de dolor regional complejo (SDRC).<\/p>\n<p>Estas directrices de la Junta de Indemnizaci\u00f3n por Accidentes de Trabajo est\u00e1n dise\u00f1adas para ayudar a los profesionales sanitarios a determinar el nivel adecuado de atenci\u00f3n a los pacientes con trastornos de tobillo y pie.<\/p>\n<p>Es importante se\u00f1alar que estas directrices no sustituyen al juicio cl\u00ednico ni a la experiencia profesional. La decisi\u00f3n \u00faltima sobre la atenci\u00f3n sanitaria debe ser fruto de la colaboraci\u00f3n entre el paciente y su profesional sanitario.<\/p>\n<p>&nbsp;<\/p>\n<h2>Estimuladores de la m\u00e9dula espinal para el alivio a corto y mediano plazo del SDRC<\/h2>\n<p>Los estimuladores de la m\u00e9dula espinal para el alivio a corto o medio plazo del s\u00edndrome de dolor regional complejo (SDRC) se sugieren como una opci\u00f3n para pacientes con SDRC cuidadosamente elegidos que comprendan la necesidad de un compromiso firme por parte del paciente durante el periodo de tres a\u00f1os en el que esta intervenci\u00f3n carece de pruebas de calidad sobre sus beneficios.<\/p>\n<p>Indicaciones: Consulte la Tabla 4.<\/p>\n<p>Frecuencia\/dosis\/duraci\u00f3n: No aplicable (N\/A)<\/p>\n<p>&nbsp;<\/p>\n<h3>Evidencia para el uso de estimuladores de la m\u00e9dula espinal<\/h3>\n<p><strong>Tabla 4 Criterios de selecci\u00f3n para la estimulaci\u00f3n implantable de la m\u00e9dula espinal en un paciente con SDRC<\/strong><\/p>\n<p><img loading=\"lazy\" decoding=\"async\" class=\"alignnone wp-image-20444\" title=\"Estimulador de la m\u00e9dula espinal\" src=\"https:\/\/newyorkhipknee.com\/wp-content\/uploads\/2023\/12\/Spinal-Cord-Stimulator-300x205.png\" alt=\"\" width=\"533\" height=\"364\" srcset=\"https:\/\/newyorkhipknee.com\/wp-content\/uploads\/2023\/12\/Spinal-Cord-Stimulator-300x205.png 533w, https:\/\/newyorkhipknee.com\/wp-content\/uploads\/2023\/12\/Spinal-Cord-Stimulator-480x329.png 480w\" sizes=\"(min-width: 0px) and (max-width: 480px) 480px, (min-width: 481px) 533px, 100vw\" \/><\/p>\n<h2>Lo que nuestra oficina puede hacer si tiene lesiones de compensaci\u00f3n laboral<\/h2>\n<p>Aportamos nuestra experiencia para ayudarle con sus lesiones de compensaci\u00f3n de trabajadores. Nos compenetramos con su situaci\u00f3n, asegur\u00e1ndonos de que se atiendan sus necesidades m\u00e9dicas y cumpliendo las directrices establecidas por la Junta de Indemnizaci\u00f3n por Accidentes de Trabajo del Estado de Nueva York.<\/p>\n<p>Reconociendo la importancia de sus casos de compensaci\u00f3n de trabajadores, perm\u00edtanos guiarle a trav\u00e9s de las complejidades de interactuar con la compa\u00f1\u00eda de seguros de compensaci\u00f3n de trabajadores y su empleador.<\/p>\n<p>Entendemos que este es un momento estresante para usted y su familia. Si desea concertar una cita, p\u00f3ngase en contacto con nosotros y haremos todo lo posible por simplificarle el proceso al m\u00e1ximo.<\/p>\n<p>&nbsp;<\/p>\n","protected":false},"excerpt":{"rendered":"<p>Principios generales de las directrices para los estimuladores de la m\u00e9dula espinal para el alivio a corto y mediano plazo del CRPS para pacientes de compensaci\u00f3n de trabajadores Las directrices creadas por la Junta de Indemnizaci\u00f3n por Accidentes de Trabajo del Estado de Nueva York tienen por objeto ayudar a los m\u00e9dicos, pod\u00f3logos y otros [&hellip;]<\/p>\n","protected":false},"author":33,"featured_media":0,"parent":21157,"menu_order":0,"comment_status":"closed","ping_status":"closed","template":"","meta":{"_et_pb_use_builder":"","_et_pb_old_content":"","_et_gb_content_width":"","footnotes":""},"class_list":["post-21256","page","type-page","status-publish","hentry"],"yoast_head":"<!-- This site is optimized with the Yoast SEO plugin v27.2 - https:\/\/yoast.com\/product\/yoast-seo-wordpress\/ -->\n<title>Estimuladores de la m\u00e9dula espinal para alivio a corto e intermedio plazo | Best Hip &amp; Knee Surgeon | NY, USA<\/title>\n<meta name=\"description\" content=\"Principios generales de las directrices para los estimuladores de la m\u00e9dula espinal para el alivio a corto y mediano plazo del CRPS para pacientes de\" \/>\n<meta name=\"robots\" content=\"index, follow, max-snippet:-1, max-image-preview:large, max-video-preview:-1\" \/>\n<link rel=\"canonical\" href=\"https:\/\/www.newyorkhipknee.com\/es\/indemnizacion-por-accidente-laboral\/directrices-de-tratamiento-medico-mtg\/dolor-regional-complejo\/estimuladores-de-la-medula-espinal-para-alivio-a-corto-e-intermedio-plazo\/\" \/>\n<meta property=\"og:locale\" content=\"es_ES\" \/>\n<meta property=\"og:type\" content=\"article\" \/>\n<meta property=\"og:title\" content=\"Estimuladores de la m\u00e9dula espinal para alivio a corto e intermedio plazo | Best Hip &amp; Knee Surgeon | NY, USA\" \/>\n<meta property=\"og:description\" content=\"Principios generales de las directrices para los estimuladores de la m\u00e9dula espinal para el alivio a corto y mediano plazo del CRPS para pacientes de\" \/>\n<meta property=\"og:url\" content=\"https:\/\/www.newyorkhipknee.com\/es\/indemnizacion-por-accidente-laboral\/directrices-de-tratamiento-medico-mtg\/dolor-regional-complejo\/estimuladores-de-la-medula-espinal-para-alivio-a-corto-e-intermedio-plazo\/\" \/>\n<meta property=\"og:site_name\" content=\"Best Hip &amp; Knee Surgeon | NY, USA\" \/>\n<meta property=\"og:image\" content=\"https:\/\/newyorkhipknee.com\/wp-content\/uploads\/2023\/12\/Spinal-Cord-Stimulator-300x205.png\" \/>\n<meta name=\"twitter:card\" content=\"summary_large_image\" \/>\n<meta name=\"twitter:label1\" content=\"Tiempo de lectura\" \/>\n\t<meta name=\"twitter:data1\" content=\"2 minutos\" \/>\n<script type=\"application\/ld+json\" class=\"yoast-schema-graph\">{\"@context\":\"https:\/\/schema.org\",\"@graph\":[{\"@type\":[\"WebPage\",\"MedicalWebPage\"],\"@id\":\"https:\/\/www.newyorkhipknee.com\/es\/indemnizacion-por-accidente-laboral\/directrices-de-tratamiento-medico-mtg\/dolor-regional-complejo\/estimuladores-de-la-medula-espinal-para-alivio-a-corto-e-intermedio-plazo\/\",\"url\":\"https:\/\/www.newyorkhipknee.com\/es\/indemnizacion-por-accidente-laboral\/directrices-de-tratamiento-medico-mtg\/dolor-regional-complejo\/estimuladores-de-la-medula-espinal-para-alivio-a-corto-e-intermedio-plazo\/\",\"name\":\"Estimuladores de la m\u00e9dula espinal para alivio a corto e intermedio plazo | Best Hip &amp; Knee Surgeon | NY, USA\",\"isPartOf\":{\"@id\":\"https:\/\/www.newyorkhipknee.com\/es\/#website\"},\"primaryImageOfPage\":{\"@id\":\"https:\/\/www.newyorkhipknee.com\/es\/indemnizacion-por-accidente-laboral\/directrices-de-tratamiento-medico-mtg\/dolor-regional-complejo\/estimuladores-de-la-medula-espinal-para-alivio-a-corto-e-intermedio-plazo\/#primaryimage\"},\"image\":{\"@id\":\"https:\/\/www.newyorkhipknee.com\/es\/indemnizacion-por-accidente-laboral\/directrices-de-tratamiento-medico-mtg\/dolor-regional-complejo\/estimuladores-de-la-medula-espinal-para-alivio-a-corto-e-intermedio-plazo\/#primaryimage\"},\"thumbnailUrl\":\"https:\/\/newyorkhipknee.com\/wp-content\/uploads\/2023\/12\/Spinal-Cord-Stimulator-300x205.png\",\"datePublished\":\"2023-12-19T18:36:23+00:00\",\"description\":\"Principios generales de las directrices para los estimuladores de la m\u00e9dula espinal para el alivio a corto y mediano plazo del CRPS para pacientes de\",\"breadcrumb\":{\"@id\":\"https:\/\/www.newyorkhipknee.com\/es\/indemnizacion-por-accidente-laboral\/directrices-de-tratamiento-medico-mtg\/dolor-regional-complejo\/estimuladores-de-la-medula-espinal-para-alivio-a-corto-e-intermedio-plazo\/#breadcrumb\"},\"inLanguage\":\"es\",\"potentialAction\":[{\"@type\":\"ReadAction\",\"target\":[\"https:\/\/www.newyorkhipknee.com\/es\/indemnizacion-por-accidente-laboral\/directrices-de-tratamiento-medico-mtg\/dolor-regional-complejo\/estimuladores-de-la-medula-espinal-para-alivio-a-corto-e-intermedio-plazo\/\"]}]},{\"@type\":\"ImageObject\",\"inLanguage\":\"es\",\"@id\":\"https:\/\/www.newyorkhipknee.com\/es\/indemnizacion-por-accidente-laboral\/directrices-de-tratamiento-medico-mtg\/dolor-regional-complejo\/estimuladores-de-la-medula-espinal-para-alivio-a-corto-e-intermedio-plazo\/#primaryimage\",\"url\":\"https:\/\/newyorkhipknee.com\/wp-content\/uploads\/2023\/12\/Spinal-Cord-Stimulator-300x205.png\",\"contentUrl\":\"https:\/\/newyorkhipknee.com\/wp-content\/uploads\/2023\/12\/Spinal-Cord-Stimulator-300x205.png\"},{\"@type\":\"BreadcrumbList\",\"@id\":\"https:\/\/www.newyorkhipknee.com\/es\/indemnizacion-por-accidente-laboral\/directrices-de-tratamiento-medico-mtg\/dolor-regional-complejo\/estimuladores-de-la-medula-espinal-para-alivio-a-corto-e-intermedio-plazo\/#breadcrumb\",\"itemListElement\":[{\"@type\":\"ListItem\",\"position\":1,\"name\":\"Home\",\"item\":\"https:\/\/www.newyorkhipknee.com\/es\/\"},{\"@type\":\"ListItem\",\"position\":2,\"name\":\"Indemnizaci\u00f3n por accidente laboral\",\"item\":\"https:\/\/www.newyorkhipknee.com\/es\/indemnizacion-por-accidente-laboral\/\"},{\"@type\":\"ListItem\",\"position\":3,\"name\":\"Directrices de tratamiento m\u00e9dico (MTG)\",\"item\":\"https:\/\/www.newyorkhipknee.com\/es\/indemnizacion-por-accidente-laboral\/directrices-de-tratamiento-medico-mtg\/\"},{\"@type\":\"ListItem\",\"position\":4,\"name\":\"Dolor regional complejo\",\"item\":\"https:\/\/www.newyorkhipknee.com\/es\/indemnizacion-por-accidente-laboral\/directrices-de-tratamiento-medico-mtg\/dolor-regional-complejo\/\"},{\"@type\":\"ListItem\",\"position\":5,\"name\":\"Estimuladores de la m\u00e9dula espinal para alivio a corto e intermedio plazo\"}]},{\"@type\":\"WebSite\",\"@id\":\"https:\/\/www.newyorkhipknee.com\/es\/#website\",\"url\":\"https:\/\/www.newyorkhipknee.com\/es\/\",\"name\":\"Best Hip & Knee Surgeon | NY, USA\",\"description\":\"\",\"potentialAction\":[{\"@type\":\"SearchAction\",\"target\":{\"@type\":\"EntryPoint\",\"urlTemplate\":\"https:\/\/www.newyorkhipknee.com\/es\/?s={search_term_string}\"},\"query-input\":{\"@type\":\"PropertyValueSpecification\",\"valueRequired\":true,\"valueName\":\"search_term_string\"}}],\"inLanguage\":\"es\"}]}<\/script>\n<!-- \/ Yoast SEO plugin. -->","yoast_head_json":{"title":"Estimuladores de la m\u00e9dula espinal para alivio a corto e intermedio plazo | Best Hip &amp; Knee Surgeon | NY, USA","description":"Principios generales de las directrices para los estimuladores de la m\u00e9dula espinal para el alivio a corto y mediano plazo del CRPS para pacientes de","robots":{"index":"index","follow":"follow","max-snippet":"max-snippet:-1","max-image-preview":"max-image-preview:large","max-video-preview":"max-video-preview:-1"},"canonical":"https:\/\/www.newyorkhipknee.com\/es\/indemnizacion-por-accidente-laboral\/directrices-de-tratamiento-medico-mtg\/dolor-regional-complejo\/estimuladores-de-la-medula-espinal-para-alivio-a-corto-e-intermedio-plazo\/","og_locale":"es_ES","og_type":"article","og_title":"Estimuladores de la m\u00e9dula espinal para alivio a corto e intermedio plazo | Best Hip &amp; Knee Surgeon | NY, USA","og_description":"Principios generales de las directrices para los estimuladores de la m\u00e9dula espinal para el alivio a corto y mediano plazo del CRPS para pacientes de","og_url":"https:\/\/www.newyorkhipknee.com\/es\/indemnizacion-por-accidente-laboral\/directrices-de-tratamiento-medico-mtg\/dolor-regional-complejo\/estimuladores-de-la-medula-espinal-para-alivio-a-corto-e-intermedio-plazo\/","og_site_name":"Best Hip &amp; Knee Surgeon | NY, USA","og_image":[{"url":"https:\/\/newyorkhipknee.com\/wp-content\/uploads\/2023\/12\/Spinal-Cord-Stimulator-300x205.png","type":"","width":"","height":""}],"twitter_card":"summary_large_image","twitter_misc":{"Tiempo de lectura":"2 minutos"},"schema":{"@context":"https:\/\/schema.org","@graph":[{"@type":["WebPage","MedicalWebPage"],"@id":"https:\/\/www.newyorkhipknee.com\/es\/indemnizacion-por-accidente-laboral\/directrices-de-tratamiento-medico-mtg\/dolor-regional-complejo\/estimuladores-de-la-medula-espinal-para-alivio-a-corto-e-intermedio-plazo\/","url":"https:\/\/www.newyorkhipknee.com\/es\/indemnizacion-por-accidente-laboral\/directrices-de-tratamiento-medico-mtg\/dolor-regional-complejo\/estimuladores-de-la-medula-espinal-para-alivio-a-corto-e-intermedio-plazo\/","name":"Estimuladores de la m\u00e9dula espinal para alivio a corto e intermedio plazo | Best Hip &amp; Knee Surgeon | NY, USA","isPartOf":{"@id":"https:\/\/www.newyorkhipknee.com\/es\/#website"},"primaryImageOfPage":{"@id":"https:\/\/www.newyorkhipknee.com\/es\/indemnizacion-por-accidente-laboral\/directrices-de-tratamiento-medico-mtg\/dolor-regional-complejo\/estimuladores-de-la-medula-espinal-para-alivio-a-corto-e-intermedio-plazo\/#primaryimage"},"image":{"@id":"https:\/\/www.newyorkhipknee.com\/es\/indemnizacion-por-accidente-laboral\/directrices-de-tratamiento-medico-mtg\/dolor-regional-complejo\/estimuladores-de-la-medula-espinal-para-alivio-a-corto-e-intermedio-plazo\/#primaryimage"},"thumbnailUrl":"https:\/\/newyorkhipknee.com\/wp-content\/uploads\/2023\/12\/Spinal-Cord-Stimulator-300x205.png","datePublished":"2023-12-19T18:36:23+00:00","description":"Principios generales de las directrices para los estimuladores de la m\u00e9dula espinal para el alivio a corto y mediano plazo del CRPS para pacientes de","breadcrumb":{"@id":"https:\/\/www.newyorkhipknee.com\/es\/indemnizacion-por-accidente-laboral\/directrices-de-tratamiento-medico-mtg\/dolor-regional-complejo\/estimuladores-de-la-medula-espinal-para-alivio-a-corto-e-intermedio-plazo\/#breadcrumb"},"inLanguage":"es","potentialAction":[{"@type":"ReadAction","target":["https:\/\/www.newyorkhipknee.com\/es\/indemnizacion-por-accidente-laboral\/directrices-de-tratamiento-medico-mtg\/dolor-regional-complejo\/estimuladores-de-la-medula-espinal-para-alivio-a-corto-e-intermedio-plazo\/"]}]},{"@type":"ImageObject","inLanguage":"es","@id":"https:\/\/www.newyorkhipknee.com\/es\/indemnizacion-por-accidente-laboral\/directrices-de-tratamiento-medico-mtg\/dolor-regional-complejo\/estimuladores-de-la-medula-espinal-para-alivio-a-corto-e-intermedio-plazo\/#primaryimage","url":"https:\/\/newyorkhipknee.com\/wp-content\/uploads\/2023\/12\/Spinal-Cord-Stimulator-300x205.png","contentUrl":"https:\/\/newyorkhipknee.com\/wp-content\/uploads\/2023\/12\/Spinal-Cord-Stimulator-300x205.png"},{"@type":"BreadcrumbList","@id":"https:\/\/www.newyorkhipknee.com\/es\/indemnizacion-por-accidente-laboral\/directrices-de-tratamiento-medico-mtg\/dolor-regional-complejo\/estimuladores-de-la-medula-espinal-para-alivio-a-corto-e-intermedio-plazo\/#breadcrumb","itemListElement":[{"@type":"ListItem","position":1,"name":"Home","item":"https:\/\/www.newyorkhipknee.com\/es\/"},{"@type":"ListItem","position":2,"name":"Indemnizaci\u00f3n por accidente laboral","item":"https:\/\/www.newyorkhipknee.com\/es\/indemnizacion-por-accidente-laboral\/"},{"@type":"ListItem","position":3,"name":"Directrices de tratamiento m\u00e9dico (MTG)","item":"https:\/\/www.newyorkhipknee.com\/es\/indemnizacion-por-accidente-laboral\/directrices-de-tratamiento-medico-mtg\/"},{"@type":"ListItem","position":4,"name":"Dolor regional complejo","item":"https:\/\/www.newyorkhipknee.com\/es\/indemnizacion-por-accidente-laboral\/directrices-de-tratamiento-medico-mtg\/dolor-regional-complejo\/"},{"@type":"ListItem","position":5,"name":"Estimuladores de la m\u00e9dula espinal para alivio a corto e intermedio plazo"}]},{"@type":"WebSite","@id":"https:\/\/www.newyorkhipknee.com\/es\/#website","url":"https:\/\/www.newyorkhipknee.com\/es\/","name":"Best Hip & Knee Surgeon | NY, USA","description":"","potentialAction":[{"@type":"SearchAction","target":{"@type":"EntryPoint","urlTemplate":"https:\/\/www.newyorkhipknee.com\/es\/?s={search_term_string}"},"query-input":{"@type":"PropertyValueSpecification","valueRequired":true,"valueName":"search_term_string"}}],"inLanguage":"es"}]}},"_links":{"self":[{"href":"https:\/\/www.newyorkhipknee.com\/es\/wp-json\/wp\/v2\/pages\/21256","targetHints":{"allow":["GET"]}}],"collection":[{"href":"https:\/\/www.newyorkhipknee.com\/es\/wp-json\/wp\/v2\/pages"}],"about":[{"href":"https:\/\/www.newyorkhipknee.com\/es\/wp-json\/wp\/v2\/types\/page"}],"author":[{"embeddable":true,"href":"https:\/\/www.newyorkhipknee.com\/es\/wp-json\/wp\/v2\/users\/33"}],"replies":[{"embeddable":true,"href":"https:\/\/www.newyorkhipknee.com\/es\/wp-json\/wp\/v2\/comments?post=21256"}],"version-history":[{"count":0,"href":"https:\/\/www.newyorkhipknee.com\/es\/wp-json\/wp\/v2\/pages\/21256\/revisions"}],"up":[{"embeddable":true,"href":"https:\/\/www.newyorkhipknee.com\/es\/wp-json\/wp\/v2\/pages\/21157"}],"wp:attachment":[{"href":"https:\/\/www.newyorkhipknee.com\/es\/wp-json\/wp\/v2\/media?parent=21256"}],"curies":[{"name":"wp","href":"https:\/\/api.w.org\/{rel}","templated":true}]}}