{"id":21264,"date":"2023-12-18T17:28:23","date_gmt":"2023-12-18T22:28:23","guid":{"rendered":"https:\/\/newyorkhipknee.com\/dolor-regional-complejo\/bloqueadores-alfa-del-factor-de-necrosis-tumoral-para-el-sdrc\/"},"modified":"2023-12-18T17:28:23","modified_gmt":"2023-12-18T22:28:23","slug":"bloqueadores-alfa-del-factor-de-necrosis-tumoral-para-el-sdrc","status":"publish","type":"page","link":"https:\/\/www.newyorkhipknee.com\/es\/indemnizacion-por-accidente-laboral\/directrices-de-tratamiento-medico-mtg\/dolor-regional-complejo\/bloqueadores-alfa-del-factor-de-necrosis-tumoral-para-el-sdrc\/","title":{"rendered":"Bloqueadores alfa del factor de necrosis tumoral para el SDRC"},"content":{"rendered":"<h1>Principios generales de la gu\u00eda para bloqueadores del factor de necrosis tumoral alfa para CRPS para pacientes de compensaci\u00f3n laboral<\/h1>\n<p>Las directrices elaboradas por la Junta de Indemnizaci\u00f3n por Accidentes de Trabajo del Estado de Nueva York tienen por objeto ayudar a los m\u00e9dicos, pod\u00f3logos y expertos sanitarios a administrar un tratamiento adecuado para el s\u00edndrome de dolor regional complejo (SDRC) utilizando bloqueadores del factor de necrosis tumoral alfa.<\/p>\n<p>Los profesionales sanitarios, especialmente los que se ocupan de trastornos de tobillo y pie, pueden confiar en estas directrices de la Junta de Indemnizaci\u00f3n por Accidentes de Trabajo para tomar decisiones bien informadas sobre el nivel adecuado de atenci\u00f3n para sus pacientes.<\/p>\n<p>Es fundamental se\u00f1alar que estas directrices no pretenden sustituir el juicio cl\u00ednico ni la experiencia de los profesionales. La decisi\u00f3n final sobre los cuidados debe ser fruto de la colaboraci\u00f3n entre el paciente y su profesional sanitario.<\/p>\n<p>&nbsp;<\/p>\n<h2>Bloqueadores alfa del factor de necrosis tumoral para el SDRC<\/h2>\n<p>No se aconseja el uso de bloqueantes del factor de necrosis tumoral alfa para tratar el s\u00edndrome de dolor regional complejo (SDRC) como enfoque terap\u00e9utico.<\/p>\n<p>&nbsp;<\/p>\n<h2>Lo que nuestra oficina puede hacer si tiene lesiones de compensaci\u00f3n laboral<\/h2>\n<p>Tenemos los conocimientos necesarios para ayudarle con sus lesiones por accidentes laborales. Entendemos por lo que est\u00e1 pasando y nos ocuparemos de sus necesidades m\u00e9dicas mientras se adhiere a las directrices establecidas por la Junta de Compensaci\u00f3n de Trabajadores del Estado de Nueva York.<\/p>\n<p>Reconocemos la importancia de sus casos de indemnizaci\u00f3n laboral. Perm\u00edtanos guiarle a trav\u00e9s de las complejidades de tratar con la compa\u00f1\u00eda de seguros de compensaci\u00f3n de trabajadores y su empleador.<\/p>\n<p>Entendemos que este es un periodo dif\u00edcil tanto para usted como para su familia. Si desea concertar una cita, p\u00f3ngase en contacto con nosotros y haremos todo lo posible para que el proceso le resulte lo m\u00e1s sencillo posible.<\/p>\n","protected":false},"excerpt":{"rendered":"<p>Principios generales de la gu\u00eda para bloqueadores del factor de necrosis tumoral alfa para CRPS para pacientes de compensaci\u00f3n laboral Las directrices elaboradas por la Junta de Indemnizaci\u00f3n por Accidentes de Trabajo del Estado de Nueva York tienen por objeto ayudar a los m\u00e9dicos, pod\u00f3logos y expertos sanitarios a administrar un tratamiento adecuado para el [&hellip;]<\/p>\n","protected":false},"author":33,"featured_media":0,"parent":21157,"menu_order":0,"comment_status":"closed","ping_status":"closed","template":"","meta":{"_et_pb_use_builder":"","_et_pb_old_content":"","_et_gb_content_width":"","footnotes":""},"class_list":["post-21264","page","type-page","status-publish","hentry"],"yoast_head":"<!-- This site is optimized with the Yoast SEO plugin v27.2 - https:\/\/yoast.com\/product\/yoast-seo-wordpress\/ -->\n<title>Bloqueadores alfa del factor de necrosis tumoral para el SDRC | Best Hip &amp; Knee Surgeon | NY, USA<\/title>\n<meta name=\"description\" content=\"Principios generales de la gu\u00eda para bloqueadores del factor de necrosis tumoral alfa para CRPS para pacientes de compensaci\u00f3n laboral Las directrices\" \/>\n<meta name=\"robots\" content=\"index, follow, max-snippet:-1, max-image-preview:large, max-video-preview:-1\" \/>\n<link rel=\"canonical\" href=\"https:\/\/www.newyorkhipknee.com\/es\/indemnizacion-por-accidente-laboral\/directrices-de-tratamiento-medico-mtg\/dolor-regional-complejo\/bloqueadores-alfa-del-factor-de-necrosis-tumoral-para-el-sdrc\/\" \/>\n<meta property=\"og:locale\" content=\"es_ES\" \/>\n<meta property=\"og:type\" content=\"article\" \/>\n<meta property=\"og:title\" content=\"Bloqueadores alfa del factor de necrosis tumoral para el SDRC | Best Hip &amp; Knee Surgeon | NY, USA\" \/>\n<meta property=\"og:description\" content=\"Principios generales de la gu\u00eda para bloqueadores del factor de necrosis tumoral alfa para CRPS para pacientes de compensaci\u00f3n laboral Las directrices\" \/>\n<meta property=\"og:url\" content=\"https:\/\/www.newyorkhipknee.com\/es\/indemnizacion-por-accidente-laboral\/directrices-de-tratamiento-medico-mtg\/dolor-regional-complejo\/bloqueadores-alfa-del-factor-de-necrosis-tumoral-para-el-sdrc\/\" \/>\n<meta property=\"og:site_name\" content=\"Best Hip &amp; Knee Surgeon | NY, USA\" \/>\n<meta name=\"twitter:card\" content=\"summary_large_image\" \/>\n<meta name=\"twitter:label1\" content=\"Tiempo de lectura\" \/>\n\t<meta name=\"twitter:data1\" content=\"2 minutos\" \/>\n<script type=\"application\/ld+json\" class=\"yoast-schema-graph\">{\"@context\":\"https:\/\/schema.org\",\"@graph\":[{\"@type\":[\"WebPage\",\"MedicalWebPage\"],\"@id\":\"https:\/\/www.newyorkhipknee.com\/es\/indemnizacion-por-accidente-laboral\/directrices-de-tratamiento-medico-mtg\/dolor-regional-complejo\/bloqueadores-alfa-del-factor-de-necrosis-tumoral-para-el-sdrc\/\",\"url\":\"https:\/\/www.newyorkhipknee.com\/es\/indemnizacion-por-accidente-laboral\/directrices-de-tratamiento-medico-mtg\/dolor-regional-complejo\/bloqueadores-alfa-del-factor-de-necrosis-tumoral-para-el-sdrc\/\",\"name\":\"Bloqueadores alfa del factor de necrosis tumoral para el SDRC | Best Hip &amp; Knee Surgeon | NY, USA\",\"isPartOf\":{\"@id\":\"https:\/\/www.newyorkhipknee.com\/es\/#website\"},\"datePublished\":\"2023-12-18T22:28:23+00:00\",\"description\":\"Principios generales de la gu\u00eda para bloqueadores del factor de necrosis tumoral alfa para CRPS para pacientes de compensaci\u00f3n laboral Las directrices\",\"breadcrumb\":{\"@id\":\"https:\/\/www.newyorkhipknee.com\/es\/indemnizacion-por-accidente-laboral\/directrices-de-tratamiento-medico-mtg\/dolor-regional-complejo\/bloqueadores-alfa-del-factor-de-necrosis-tumoral-para-el-sdrc\/#breadcrumb\"},\"inLanguage\":\"es\",\"potentialAction\":[{\"@type\":\"ReadAction\",\"target\":[\"https:\/\/www.newyorkhipknee.com\/es\/indemnizacion-por-accidente-laboral\/directrices-de-tratamiento-medico-mtg\/dolor-regional-complejo\/bloqueadores-alfa-del-factor-de-necrosis-tumoral-para-el-sdrc\/\"]}]},{\"@type\":\"BreadcrumbList\",\"@id\":\"https:\/\/www.newyorkhipknee.com\/es\/indemnizacion-por-accidente-laboral\/directrices-de-tratamiento-medico-mtg\/dolor-regional-complejo\/bloqueadores-alfa-del-factor-de-necrosis-tumoral-para-el-sdrc\/#breadcrumb\",\"itemListElement\":[{\"@type\":\"ListItem\",\"position\":1,\"name\":\"Home\",\"item\":\"https:\/\/www.newyorkhipknee.com\/es\/\"},{\"@type\":\"ListItem\",\"position\":2,\"name\":\"Indemnizaci\u00f3n por accidente laboral\",\"item\":\"https:\/\/www.newyorkhipknee.com\/es\/indemnizacion-por-accidente-laboral\/\"},{\"@type\":\"ListItem\",\"position\":3,\"name\":\"Directrices de tratamiento m\u00e9dico (MTG)\",\"item\":\"https:\/\/www.newyorkhipknee.com\/es\/indemnizacion-por-accidente-laboral\/directrices-de-tratamiento-medico-mtg\/\"},{\"@type\":\"ListItem\",\"position\":4,\"name\":\"Dolor regional complejo\",\"item\":\"https:\/\/www.newyorkhipknee.com\/es\/indemnizacion-por-accidente-laboral\/directrices-de-tratamiento-medico-mtg\/dolor-regional-complejo\/\"},{\"@type\":\"ListItem\",\"position\":5,\"name\":\"Bloqueadores alfa del factor de necrosis tumoral para el SDRC\"}]},{\"@type\":\"WebSite\",\"@id\":\"https:\/\/www.newyorkhipknee.com\/es\/#website\",\"url\":\"https:\/\/www.newyorkhipknee.com\/es\/\",\"name\":\"Best Hip & Knee Surgeon | NY, USA\",\"description\":\"\",\"potentialAction\":[{\"@type\":\"SearchAction\",\"target\":{\"@type\":\"EntryPoint\",\"urlTemplate\":\"https:\/\/www.newyorkhipknee.com\/es\/?s={search_term_string}\"},\"query-input\":{\"@type\":\"PropertyValueSpecification\",\"valueRequired\":true,\"valueName\":\"search_term_string\"}}],\"inLanguage\":\"es\"}]}<\/script>\n<!-- \/ Yoast SEO plugin. -->","yoast_head_json":{"title":"Bloqueadores alfa del factor de necrosis tumoral para el SDRC | Best Hip &amp; Knee Surgeon | NY, USA","description":"Principios generales de la gu\u00eda para bloqueadores del factor de necrosis tumoral alfa para CRPS para pacientes de compensaci\u00f3n laboral Las directrices","robots":{"index":"index","follow":"follow","max-snippet":"max-snippet:-1","max-image-preview":"max-image-preview:large","max-video-preview":"max-video-preview:-1"},"canonical":"https:\/\/www.newyorkhipknee.com\/es\/indemnizacion-por-accidente-laboral\/directrices-de-tratamiento-medico-mtg\/dolor-regional-complejo\/bloqueadores-alfa-del-factor-de-necrosis-tumoral-para-el-sdrc\/","og_locale":"es_ES","og_type":"article","og_title":"Bloqueadores alfa del factor de necrosis tumoral para el SDRC | Best Hip &amp; Knee Surgeon | NY, USA","og_description":"Principios generales de la gu\u00eda para bloqueadores del factor de necrosis tumoral alfa para CRPS para pacientes de compensaci\u00f3n laboral Las directrices","og_url":"https:\/\/www.newyorkhipknee.com\/es\/indemnizacion-por-accidente-laboral\/directrices-de-tratamiento-medico-mtg\/dolor-regional-complejo\/bloqueadores-alfa-del-factor-de-necrosis-tumoral-para-el-sdrc\/","og_site_name":"Best Hip &amp; Knee Surgeon | NY, USA","twitter_card":"summary_large_image","twitter_misc":{"Tiempo de lectura":"2 minutos"},"schema":{"@context":"https:\/\/schema.org","@graph":[{"@type":["WebPage","MedicalWebPage"],"@id":"https:\/\/www.newyorkhipknee.com\/es\/indemnizacion-por-accidente-laboral\/directrices-de-tratamiento-medico-mtg\/dolor-regional-complejo\/bloqueadores-alfa-del-factor-de-necrosis-tumoral-para-el-sdrc\/","url":"https:\/\/www.newyorkhipknee.com\/es\/indemnizacion-por-accidente-laboral\/directrices-de-tratamiento-medico-mtg\/dolor-regional-complejo\/bloqueadores-alfa-del-factor-de-necrosis-tumoral-para-el-sdrc\/","name":"Bloqueadores alfa del factor de necrosis tumoral para el SDRC | Best Hip &amp; Knee Surgeon | NY, USA","isPartOf":{"@id":"https:\/\/www.newyorkhipknee.com\/es\/#website"},"datePublished":"2023-12-18T22:28:23+00:00","description":"Principios generales de la gu\u00eda para bloqueadores del factor de necrosis tumoral alfa para CRPS para pacientes de compensaci\u00f3n laboral Las directrices","breadcrumb":{"@id":"https:\/\/www.newyorkhipknee.com\/es\/indemnizacion-por-accidente-laboral\/directrices-de-tratamiento-medico-mtg\/dolor-regional-complejo\/bloqueadores-alfa-del-factor-de-necrosis-tumoral-para-el-sdrc\/#breadcrumb"},"inLanguage":"es","potentialAction":[{"@type":"ReadAction","target":["https:\/\/www.newyorkhipknee.com\/es\/indemnizacion-por-accidente-laboral\/directrices-de-tratamiento-medico-mtg\/dolor-regional-complejo\/bloqueadores-alfa-del-factor-de-necrosis-tumoral-para-el-sdrc\/"]}]},{"@type":"BreadcrumbList","@id":"https:\/\/www.newyorkhipknee.com\/es\/indemnizacion-por-accidente-laboral\/directrices-de-tratamiento-medico-mtg\/dolor-regional-complejo\/bloqueadores-alfa-del-factor-de-necrosis-tumoral-para-el-sdrc\/#breadcrumb","itemListElement":[{"@type":"ListItem","position":1,"name":"Home","item":"https:\/\/www.newyorkhipknee.com\/es\/"},{"@type":"ListItem","position":2,"name":"Indemnizaci\u00f3n por accidente laboral","item":"https:\/\/www.newyorkhipknee.com\/es\/indemnizacion-por-accidente-laboral\/"},{"@type":"ListItem","position":3,"name":"Directrices de tratamiento m\u00e9dico (MTG)","item":"https:\/\/www.newyorkhipknee.com\/es\/indemnizacion-por-accidente-laboral\/directrices-de-tratamiento-medico-mtg\/"},{"@type":"ListItem","position":4,"name":"Dolor regional complejo","item":"https:\/\/www.newyorkhipknee.com\/es\/indemnizacion-por-accidente-laboral\/directrices-de-tratamiento-medico-mtg\/dolor-regional-complejo\/"},{"@type":"ListItem","position":5,"name":"Bloqueadores alfa del factor de necrosis tumoral para el SDRC"}]},{"@type":"WebSite","@id":"https:\/\/www.newyorkhipknee.com\/es\/#website","url":"https:\/\/www.newyorkhipknee.com\/es\/","name":"Best Hip & Knee Surgeon | NY, USA","description":"","potentialAction":[{"@type":"SearchAction","target":{"@type":"EntryPoint","urlTemplate":"https:\/\/www.newyorkhipknee.com\/es\/?s={search_term_string}"},"query-input":{"@type":"PropertyValueSpecification","valueRequired":true,"valueName":"search_term_string"}}],"inLanguage":"es"}]}},"_links":{"self":[{"href":"https:\/\/www.newyorkhipknee.com\/es\/wp-json\/wp\/v2\/pages\/21264","targetHints":{"allow":["GET"]}}],"collection":[{"href":"https:\/\/www.newyorkhipknee.com\/es\/wp-json\/wp\/v2\/pages"}],"about":[{"href":"https:\/\/www.newyorkhipknee.com\/es\/wp-json\/wp\/v2\/types\/page"}],"author":[{"embeddable":true,"href":"https:\/\/www.newyorkhipknee.com\/es\/wp-json\/wp\/v2\/users\/33"}],"replies":[{"embeddable":true,"href":"https:\/\/www.newyorkhipknee.com\/es\/wp-json\/wp\/v2\/comments?post=21264"}],"version-history":[{"count":0,"href":"https:\/\/www.newyorkhipknee.com\/es\/wp-json\/wp\/v2\/pages\/21264\/revisions"}],"up":[{"embeddable":true,"href":"https:\/\/www.newyorkhipknee.com\/es\/wp-json\/wp\/v2\/pages\/21157"}],"wp:attachment":[{"href":"https:\/\/www.newyorkhipknee.com\/es\/wp-json\/wp\/v2\/media?parent=21264"}],"curies":[{"name":"wp","href":"https:\/\/api.w.org\/{rel}","templated":true}]}}