{"id":21270,"date":"2023-12-18T17:15:26","date_gmt":"2023-12-18T22:15:26","guid":{"rendered":"https:\/\/newyorkhipknee.com\/dolor-regional-complejo\/vitamina-c-para-prevenir-el-sdrc\/"},"modified":"2023-12-18T17:15:26","modified_gmt":"2023-12-18T22:15:26","slug":"vitamina-c-para-prevenir-el-sdrc","status":"publish","type":"page","link":"https:\/\/www.newyorkhipknee.com\/es\/indemnizacion-por-accidente-laboral\/directrices-de-tratamiento-medico-mtg\/dolor-regional-complejo\/vitamina-c-para-prevenir-el-sdrc\/","title":{"rendered":"Vitamina C para prevenir el SDRC"},"content":{"rendered":"<div class=\"content\" tabindex=\"0\">\n<div class=\"ac-container ac-adaptiveCard\">\n<div class=\"ac-textBlock\">\n<h1>Principios rectores generales de la vitamina C para la prevenci\u00f3n de<br \/>\nCRPS en pacientes con radio distal, mu\u00f1eca, mano, tobillo<br \/>\ny fracturas de pie para pacientes de compensaci\u00f3n de trabajadores<\/h1>\n<p>&nbsp;<\/p>\n<p>La Junta de Indemnizaci\u00f3n por Accidentes de Trabajo del Estado de Nueva York ha creado unas directrices para ayudar a los profesionales sanitarios a proporcionar un tratamiento adecuado a los pacientes con trastornos de tobillo y pie, incluidos aquellos con fracturas distales de radio, mu\u00f1eca, mano, tobillo y pie.<\/p>\n<p>Estas directrices pretenden ayudar a los profesionales sanitarios a tomar decisiones sobre el nivel adecuado de cuidados para sus pacientes.<\/p>\n<p>Sin embargo, es importante se\u00f1alar que estas directrices no sustituyen al juicio cl\u00ednico ni a la experiencia profesional. La decisi\u00f3n final con respecto a la atenci\u00f3n debe ser tomada por el paciente en consulta con su proveedor de atenci\u00f3n m\u00e9dica.<\/p>\n<p>&nbsp;<\/p>\n<\/div>\n<h2>Vitamina C para la prevenci\u00f3n del SDRC en pacientes con fracturas distales de radio, mu\u00f1eca, mano, tobillo y pie<\/h2>\n<\/div>\n<\/div>\n<p>La vitamina C est\u00e1 recomendada para la prevenci\u00f3n o el tratamiento del S\u00edndrome de Dolor Regional Complejo (SDRC) en un subgrupo de personas con fracturas distales de radio, mu\u00f1eca, mano, tobillo o pie\u00bb. El SDRC es una enfermedad que causa dolor cr\u00f3nico e inflamaci\u00f3n en las extremidades, y puede ser bastante debilitante.<\/p>\n<p>Seg\u00fan un estudio publicado en el Journal of Orthopaedic Trauma, tomar suplementos de vitamina C puede ayudar a reducir la incidencia del SDRC en pacientes con fracturas distales de radio. El estudio recomienda tomar 500 mg diarios de vitamina C durante 50 d\u00edas si la fractura se trata de forma conservadora, y 200 mg diarios durante 50 d\u00edas si el paciente tiene alterada la funci\u00f3n renal. Tambi\u00e9n se ha demostrado que la vitamina C disminuye la incidencia del SDRC tras la cirug\u00eda de pie y tobillo.<\/p>\n<p>Es importante tener en cuenta que la vitamina C no debe utilizarse como sustituto de un tratamiento m\u00e9dico, y siempre debe consultar con su m\u00e9dico antes de tomar cualquier suplemento o hacer cambios en su plan de tratamiento.<\/p>\n<h2>Lo que nuestra oficina puede hacer si tiene lesiones de compensaci\u00f3n laboral<\/h2>\n<p>Tenemos la experiencia para ayudarlo con sus lesiones de compensaci\u00f3n laboral. Entendemos por lo que est\u00e1 pasando y cumpliremos con sus necesidades m\u00e9dicas y seguiremos las pautas establecidas por la Junta de Compensaci\u00f3n de Trabajadores del Estado de Nueva York.<\/p>\n<p>Entendemos la importancia de sus casos de compensaci\u00f3n laboral. Perm\u00edtanos ayudarlo a navegar a trav\u00e9s del laberinto de tratar con la compa\u00f1\u00eda de seguros de compensaci\u00f3n para trabajadores y su empleador.<\/p>\n<p>Entendemos que este es un momento estresante para usted y su familia. Si desea programar una cita, cont\u00e1ctenos para que hagamos todo lo posible para que sea lo m\u00e1s f\u00e1cil posible.<\/p>\n<p>&nbsp;<\/p>\n","protected":false},"excerpt":{"rendered":"<p>Principios rectores generales de la vitamina C para la prevenci\u00f3n de CRPS en pacientes con radio distal, mu\u00f1eca, mano, tobillo y fracturas de pie para pacientes de compensaci\u00f3n de trabajadores &nbsp; La Junta de Indemnizaci\u00f3n por Accidentes de Trabajo del Estado de Nueva York ha creado unas directrices para ayudar a los profesionales sanitarios a [&hellip;]<\/p>\n","protected":false},"author":33,"featured_media":0,"parent":21157,"menu_order":0,"comment_status":"closed","ping_status":"closed","template":"","meta":{"_et_pb_use_builder":"","_et_pb_old_content":"","_et_gb_content_width":"","footnotes":""},"class_list":["post-21270","page","type-page","status-publish","hentry"],"yoast_head":"<!-- This site is optimized with the Yoast SEO plugin v27.2 - https:\/\/yoast.com\/product\/yoast-seo-wordpress\/ -->\n<title>Vitamina C para prevenir el SDRC | Best Hip &amp; Knee Surgeon | NY, USA<\/title>\n<meta name=\"description\" content=\"Principios rectores generales de la vitamina C para la prevenci\u00f3n de CRPS en pacientes con radio distal, mu\u00f1eca, mano, tobillo y fracturas de pie para\" \/>\n<meta name=\"robots\" content=\"index, follow, max-snippet:-1, max-image-preview:large, max-video-preview:-1\" \/>\n<link rel=\"canonical\" href=\"https:\/\/www.newyorkhipknee.com\/es\/indemnizacion-por-accidente-laboral\/directrices-de-tratamiento-medico-mtg\/dolor-regional-complejo\/vitamina-c-para-prevenir-el-sdrc\/\" \/>\n<meta property=\"og:locale\" content=\"es_ES\" \/>\n<meta property=\"og:type\" content=\"article\" \/>\n<meta property=\"og:title\" content=\"Vitamina C para prevenir el SDRC | Best Hip &amp; Knee Surgeon | NY, USA\" \/>\n<meta property=\"og:description\" content=\"Principios rectores generales de la vitamina C para la prevenci\u00f3n de CRPS en pacientes con radio distal, mu\u00f1eca, mano, tobillo y fracturas de pie para\" \/>\n<meta property=\"og:url\" content=\"https:\/\/www.newyorkhipknee.com\/es\/indemnizacion-por-accidente-laboral\/directrices-de-tratamiento-medico-mtg\/dolor-regional-complejo\/vitamina-c-para-prevenir-el-sdrc\/\" \/>\n<meta property=\"og:site_name\" content=\"Best Hip &amp; Knee Surgeon | NY, USA\" \/>\n<meta name=\"twitter:card\" content=\"summary_large_image\" \/>\n<meta name=\"twitter:label1\" content=\"Tiempo de lectura\" \/>\n\t<meta name=\"twitter:data1\" content=\"2 minutos\" \/>\n<script type=\"application\/ld+json\" class=\"yoast-schema-graph\">{\"@context\":\"https:\/\/schema.org\",\"@graph\":[{\"@type\":[\"WebPage\",\"MedicalWebPage\"],\"@id\":\"https:\/\/www.newyorkhipknee.com\/es\/indemnizacion-por-accidente-laboral\/directrices-de-tratamiento-medico-mtg\/dolor-regional-complejo\/vitamina-c-para-prevenir-el-sdrc\/\",\"url\":\"https:\/\/www.newyorkhipknee.com\/es\/indemnizacion-por-accidente-laboral\/directrices-de-tratamiento-medico-mtg\/dolor-regional-complejo\/vitamina-c-para-prevenir-el-sdrc\/\",\"name\":\"Vitamina C para prevenir el SDRC | Best Hip &amp; Knee Surgeon | NY, USA\",\"isPartOf\":{\"@id\":\"https:\/\/www.newyorkhipknee.com\/es\/#website\"},\"datePublished\":\"2023-12-18T22:15:26+00:00\",\"description\":\"Principios rectores generales de la vitamina C para la prevenci\u00f3n de CRPS en pacientes con radio distal, mu\u00f1eca, mano, tobillo y fracturas de pie para\",\"breadcrumb\":{\"@id\":\"https:\/\/www.newyorkhipknee.com\/es\/indemnizacion-por-accidente-laboral\/directrices-de-tratamiento-medico-mtg\/dolor-regional-complejo\/vitamina-c-para-prevenir-el-sdrc\/#breadcrumb\"},\"inLanguage\":\"es\",\"potentialAction\":[{\"@type\":\"ReadAction\",\"target\":[\"https:\/\/www.newyorkhipknee.com\/es\/indemnizacion-por-accidente-laboral\/directrices-de-tratamiento-medico-mtg\/dolor-regional-complejo\/vitamina-c-para-prevenir-el-sdrc\/\"]}]},{\"@type\":\"BreadcrumbList\",\"@id\":\"https:\/\/www.newyorkhipknee.com\/es\/indemnizacion-por-accidente-laboral\/directrices-de-tratamiento-medico-mtg\/dolor-regional-complejo\/vitamina-c-para-prevenir-el-sdrc\/#breadcrumb\",\"itemListElement\":[{\"@type\":\"ListItem\",\"position\":1,\"name\":\"Home\",\"item\":\"https:\/\/www.newyorkhipknee.com\/es\/\"},{\"@type\":\"ListItem\",\"position\":2,\"name\":\"Indemnizaci\u00f3n por accidente laboral\",\"item\":\"https:\/\/www.newyorkhipknee.com\/es\/indemnizacion-por-accidente-laboral\/\"},{\"@type\":\"ListItem\",\"position\":3,\"name\":\"Directrices de tratamiento m\u00e9dico (MTG)\",\"item\":\"https:\/\/www.newyorkhipknee.com\/es\/indemnizacion-por-accidente-laboral\/directrices-de-tratamiento-medico-mtg\/\"},{\"@type\":\"ListItem\",\"position\":4,\"name\":\"Dolor regional complejo\",\"item\":\"https:\/\/www.newyorkhipknee.com\/es\/indemnizacion-por-accidente-laboral\/directrices-de-tratamiento-medico-mtg\/dolor-regional-complejo\/\"},{\"@type\":\"ListItem\",\"position\":5,\"name\":\"Vitamina C para prevenir el SDRC\"}]},{\"@type\":\"WebSite\",\"@id\":\"https:\/\/www.newyorkhipknee.com\/es\/#website\",\"url\":\"https:\/\/www.newyorkhipknee.com\/es\/\",\"name\":\"Best Hip & Knee Surgeon | NY, USA\",\"description\":\"\",\"potentialAction\":[{\"@type\":\"SearchAction\",\"target\":{\"@type\":\"EntryPoint\",\"urlTemplate\":\"https:\/\/www.newyorkhipknee.com\/es\/?s={search_term_string}\"},\"query-input\":{\"@type\":\"PropertyValueSpecification\",\"valueRequired\":true,\"valueName\":\"search_term_string\"}}],\"inLanguage\":\"es\"}]}<\/script>\n<!-- \/ Yoast SEO plugin. -->","yoast_head_json":{"title":"Vitamina C para prevenir el SDRC | Best Hip &amp; Knee Surgeon | NY, USA","description":"Principios rectores generales de la vitamina C para la prevenci\u00f3n de CRPS en pacientes con radio distal, mu\u00f1eca, mano, tobillo y fracturas de pie para","robots":{"index":"index","follow":"follow","max-snippet":"max-snippet:-1","max-image-preview":"max-image-preview:large","max-video-preview":"max-video-preview:-1"},"canonical":"https:\/\/www.newyorkhipknee.com\/es\/indemnizacion-por-accidente-laboral\/directrices-de-tratamiento-medico-mtg\/dolor-regional-complejo\/vitamina-c-para-prevenir-el-sdrc\/","og_locale":"es_ES","og_type":"article","og_title":"Vitamina C para prevenir el SDRC | Best Hip &amp; Knee Surgeon | NY, USA","og_description":"Principios rectores generales de la vitamina C para la prevenci\u00f3n de CRPS en pacientes con radio distal, mu\u00f1eca, mano, tobillo y fracturas de pie para","og_url":"https:\/\/www.newyorkhipknee.com\/es\/indemnizacion-por-accidente-laboral\/directrices-de-tratamiento-medico-mtg\/dolor-regional-complejo\/vitamina-c-para-prevenir-el-sdrc\/","og_site_name":"Best Hip &amp; Knee Surgeon | NY, USA","twitter_card":"summary_large_image","twitter_misc":{"Tiempo de lectura":"2 minutos"},"schema":{"@context":"https:\/\/schema.org","@graph":[{"@type":["WebPage","MedicalWebPage"],"@id":"https:\/\/www.newyorkhipknee.com\/es\/indemnizacion-por-accidente-laboral\/directrices-de-tratamiento-medico-mtg\/dolor-regional-complejo\/vitamina-c-para-prevenir-el-sdrc\/","url":"https:\/\/www.newyorkhipknee.com\/es\/indemnizacion-por-accidente-laboral\/directrices-de-tratamiento-medico-mtg\/dolor-regional-complejo\/vitamina-c-para-prevenir-el-sdrc\/","name":"Vitamina C para prevenir el SDRC | Best Hip &amp; Knee Surgeon | NY, USA","isPartOf":{"@id":"https:\/\/www.newyorkhipknee.com\/es\/#website"},"datePublished":"2023-12-18T22:15:26+00:00","description":"Principios rectores generales de la vitamina C para la prevenci\u00f3n de CRPS en pacientes con radio distal, mu\u00f1eca, mano, tobillo y fracturas de pie para","breadcrumb":{"@id":"https:\/\/www.newyorkhipknee.com\/es\/indemnizacion-por-accidente-laboral\/directrices-de-tratamiento-medico-mtg\/dolor-regional-complejo\/vitamina-c-para-prevenir-el-sdrc\/#breadcrumb"},"inLanguage":"es","potentialAction":[{"@type":"ReadAction","target":["https:\/\/www.newyorkhipknee.com\/es\/indemnizacion-por-accidente-laboral\/directrices-de-tratamiento-medico-mtg\/dolor-regional-complejo\/vitamina-c-para-prevenir-el-sdrc\/"]}]},{"@type":"BreadcrumbList","@id":"https:\/\/www.newyorkhipknee.com\/es\/indemnizacion-por-accidente-laboral\/directrices-de-tratamiento-medico-mtg\/dolor-regional-complejo\/vitamina-c-para-prevenir-el-sdrc\/#breadcrumb","itemListElement":[{"@type":"ListItem","position":1,"name":"Home","item":"https:\/\/www.newyorkhipknee.com\/es\/"},{"@type":"ListItem","position":2,"name":"Indemnizaci\u00f3n por accidente laboral","item":"https:\/\/www.newyorkhipknee.com\/es\/indemnizacion-por-accidente-laboral\/"},{"@type":"ListItem","position":3,"name":"Directrices de tratamiento m\u00e9dico (MTG)","item":"https:\/\/www.newyorkhipknee.com\/es\/indemnizacion-por-accidente-laboral\/directrices-de-tratamiento-medico-mtg\/"},{"@type":"ListItem","position":4,"name":"Dolor regional complejo","item":"https:\/\/www.newyorkhipknee.com\/es\/indemnizacion-por-accidente-laboral\/directrices-de-tratamiento-medico-mtg\/dolor-regional-complejo\/"},{"@type":"ListItem","position":5,"name":"Vitamina C para prevenir el SDRC"}]},{"@type":"WebSite","@id":"https:\/\/www.newyorkhipknee.com\/es\/#website","url":"https:\/\/www.newyorkhipknee.com\/es\/","name":"Best Hip & Knee Surgeon | NY, USA","description":"","potentialAction":[{"@type":"SearchAction","target":{"@type":"EntryPoint","urlTemplate":"https:\/\/www.newyorkhipknee.com\/es\/?s={search_term_string}"},"query-input":{"@type":"PropertyValueSpecification","valueRequired":true,"valueName":"search_term_string"}}],"inLanguage":"es"}]}},"_links":{"self":[{"href":"https:\/\/www.newyorkhipknee.com\/es\/wp-json\/wp\/v2\/pages\/21270","targetHints":{"allow":["GET"]}}],"collection":[{"href":"https:\/\/www.newyorkhipknee.com\/es\/wp-json\/wp\/v2\/pages"}],"about":[{"href":"https:\/\/www.newyorkhipknee.com\/es\/wp-json\/wp\/v2\/types\/page"}],"author":[{"embeddable":true,"href":"https:\/\/www.newyorkhipknee.com\/es\/wp-json\/wp\/v2\/users\/33"}],"replies":[{"embeddable":true,"href":"https:\/\/www.newyorkhipknee.com\/es\/wp-json\/wp\/v2\/comments?post=21270"}],"version-history":[{"count":0,"href":"https:\/\/www.newyorkhipknee.com\/es\/wp-json\/wp\/v2\/pages\/21270\/revisions"}],"up":[{"embeddable":true,"href":"https:\/\/www.newyorkhipknee.com\/es\/wp-json\/wp\/v2\/pages\/21157"}],"wp:attachment":[{"href":"https:\/\/www.newyorkhipknee.com\/es\/wp-json\/wp\/v2\/media?parent=21270"}],"curies":[{"name":"wp","href":"https:\/\/api.w.org\/{rel}","templated":true}]}}