{"id":21271,"date":"2023-12-08T11:55:56","date_gmt":"2023-12-08T16:55:56","guid":{"rendered":"https:\/\/newyorkhipknee.com\/indemnizacion-por-accidente-laboral\/covid-19-y-compensacion-laboral\/"},"modified":"2023-12-08T11:55:56","modified_gmt":"2023-12-08T16:55:56","slug":"covid-19-y-compensacion-laboral","status":"publish","type":"page","link":"https:\/\/www.newyorkhipknee.com\/es\/indemnizacion-por-accidente-laboral\/covid-19-y-compensacion-laboral\/","title":{"rendered":"COVID-19 y compensaci\u00f3n laboral"},"content":{"rendered":"<p>Las leyes de indemnizaci\u00f3n de los trabajadores se han establecido para proteger a los empleados que sufren enfermedades o lesiones relacionadas con el trabajo. Estas leyes garantizan que los empleados que sufren lesiones en el trabajo reciban prestaciones que cubran los salarios perdidos, los gastos m\u00e9dicos y los costes de rehabilitaci\u00f3n.<\/p>\n<p>La repercusi\u00f3n actual del COVID-19 ha suscitado dudas sobre si los trabajadores pueden reclamar una indemnizaci\u00f3n si contraen el virus mientras trabajan.<\/p>\n<p><strong>\u00bfPuedo recibir una indemnizaci\u00f3n laboral por haber contra\u00eddo COVID-19 mientras trabajaba?<\/strong><\/p>\n<p>S\u00ed, los empleados del Estado de Nueva York pueden recibir prestaciones de indemnizaci\u00f3n por accidentes de trabajo por exposici\u00f3n a COVID-19 durante el empleo. Sin embargo, cada caso es \u00fanico y los detalles espec\u00edficos determinar\u00e1n la elegibilidad. Es importante destacar que el estatus migratorio no afecta a la elegibilidad para la indemnizaci\u00f3n por accidente de trabajo.<\/p>\n<p><strong>\u00bfQu\u00e9 prestaciones se ofrecen?<\/strong><\/p>\n<p>La indemnizaci\u00f3n por accidente de trabajo proporciona cobertura para el tratamiento m\u00e9dico relacionado con enfermedades o lesiones laborales, junto con prestaciones de sustituci\u00f3n salarial. En caso de que una afecci\u00f3n provoque la incapacidad para realizar tareas laborales o provoque el fallecimiento, las prestaciones pueden extenderse a la familia superviviente del trabajador o cubrir los gastos funerarios con un l\u00edmite m\u00e1ximo.<\/p>\n<p><strong>\u00bfQu\u00e9 pruebas son necesarias para demostrar la exposici\u00f3n al COVID-19 en el trabajo?<\/strong><\/p>\n<p>Es posible que los trabajadores tengan que demostrar que su reclamaci\u00f3n COVID-19 est\u00e1 relacionada con el trabajo. Aunque puede resultar dif\u00edcil para las personas determinar con exactitud cu\u00e1ndo estuvieron expuestas, el hecho de demostrar un riesgo significativamente mayor de exposici\u00f3n en el lugar de trabajo, especialmente en entornos en los que el COVID-19 es m\u00e1s prevalente, refuerza el argumento. Quienes trabajan en estrecho contacto con el p\u00fablico, como el personal sanitario, los primeros intervinientes y otros, tienen m\u00e1s probabilidades de tener una reclamaci\u00f3n v\u00e1lida.<\/p>\n<p>Si sospecha que ha estado expuesto en el trabajo, la presentaci\u00f3n de una reclamaci\u00f3n debe incluir detalles sobre su empleo, frecuencia de trabajo y responsabilidades, sobre todo si tiene contacto directo con el p\u00fablico. Proporcionar un informe m\u00e9dico de un proveedor m\u00e9dico autorizado de Compensaci\u00f3n de Trabajadores que vincule su trabajo con COVID-19 es crucial, y un resultado positivo de la prueba apoya la reclamaci\u00f3n.<\/p>\n<p><strong>\u00bfC\u00f3mo presento una reclamaci\u00f3n?<\/strong><\/p>\n<p>Informe a su empresario por escrito, mediante correo electr\u00f3nico o comunicaci\u00f3n documentada, sobre su enfermedad. Utilice la reclamaci\u00f3n del trabajador (formulario C-3) disponible en el sitio web de la Junta de Compensaci\u00f3n de los Trabajadores para notificar el incidente. Busque atenci\u00f3n m\u00e9dica con prontitud, ya sea en caso de urgencia o a trav\u00e9s de un m\u00e9dico autorizado por el seguro de accidentes de trabajo. Presente el resultado positivo de la prueba COVID-19 o pida a su m\u00e9dico que lo presente junto con el formulario C-3.<\/p>\n<p><strong>\u00bfQu\u00e9 sucede despu\u00e9s de presentar un reclamo?<\/strong><\/p>\n<p>La compa\u00f1\u00eda aseguradora o el administrador del seguro de accidentes de trabajo revisar\u00e1n y, si se acepta, su reclamaci\u00f3n se convierte en indemnizable. Un juez de la Junta de Compensaci\u00f3n de los Trabajadores puede intervenir en caso de litigio, evaluando los testimonios, los detalles del lugar de trabajo y el grado de exposici\u00f3n al COVID-19.<\/p>\n<p><strong>\u00bfCu\u00e1nto tiempo dura el proceso de reclamaci\u00f3n?<\/strong><\/p>\n<p>Comunicar r\u00e1pidamente su enfermedad a la empresa es crucial para que la aseguradora act\u00fae a tiempo. La Junta empezar\u00e1 a pagar los siniestros cuando la aseguradora acepte el siniestro, normalmente en un plazo de 18 d\u00edas a partir del siniestro o de diez d\u00edas a partir de la notificaci\u00f3n. Pueden celebrarse audiencias en caso de litigio para garantizar el pago r\u00e1pido de las prestaciones.<\/p>\n<p><strong>Prestaciones durante la baja por cuarentena COVID-19<\/strong><\/p>\n<p>Se aplican distintas normas en funci\u00f3n del tama\u00f1o de la empresa. Las empresas con diez o menos empleados o aquellas con unos ingresos netos inferiores a un mill\u00f3n ofrecen protecci\u00f3n laboral durante el permiso de cuarentena COVID-19. Las empresas con m\u00e1s personal pueden ofrecer permisos retribuidos y prestaciones adicionales.<\/p>\n<p>Se aconseja a los empresarios que consulten con sus departamentos de n\u00f3minas las reducciones relacionadas con la prima COVID-19 y estudien posibles reembolsos por equipos de protecci\u00f3n individual (EPI). Mantenerse informado sobre las normas COVID-19 del Departamento de Trabajo y de la Junta de Compensaci\u00f3n de los Trabajadores es crucial.<\/p>\n<p><strong>Defensores de los trabajadores lesionados<\/strong><\/p>\n<p>Para la tramitaci\u00f3n de siniestros complejos y accidentes mortales, existe un defensor del empleado. Este defensor informa directamente al Presidente de la agencia, ofreci\u00e9ndole apoyo y orientaci\u00f3n.<\/p>\n<p>Para m\u00e1s informaci\u00f3n, puede consultar el sitio web de la Junta de Indemnizaci\u00f3n por Accidentes de Trabajo de su Estado o a un abogado especializado en esta materia. Mant\u00e9ngase informado sobre la evoluci\u00f3n de la normativa COVID-19 visitando los sitios web de las autoridades competentes.<\/p>\n","protected":false},"excerpt":{"rendered":"<p>Las leyes de indemnizaci\u00f3n de los trabajadores se han establecido para proteger a los empleados que sufren enfermedades o lesiones relacionadas con el trabajo. Estas leyes garantizan que los empleados que sufren lesiones en el trabajo reciban prestaciones que cubran los salarios perdidos, los gastos m\u00e9dicos y los costes de rehabilitaci\u00f3n. La repercusi\u00f3n actual del [&hellip;]<\/p>\n","protected":false},"author":33,"featured_media":0,"parent":16874,"menu_order":0,"comment_status":"closed","ping_status":"closed","template":"","meta":{"_et_pb_use_builder":"","_et_pb_old_content":"","_et_gb_content_width":"","footnotes":""},"class_list":["post-21271","page","type-page","status-publish","hentry"],"yoast_head":"<!-- This site is optimized with the Yoast SEO plugin v27.2 - https:\/\/yoast.com\/product\/yoast-seo-wordpress\/ -->\n<title>COVID-19 y compensaci\u00f3n laboral | Best Hip &amp; Knee Surgeon | NY, USA<\/title>\n<meta name=\"description\" content=\"Las leyes de indemnizaci\u00f3n de los trabajadores se han establecido para proteger a los empleados que sufren enfermedades o lesiones relacionadas con el\" \/>\n<meta name=\"robots\" content=\"index, follow, max-snippet:-1, max-image-preview:large, max-video-preview:-1\" \/>\n<link rel=\"canonical\" href=\"https:\/\/www.newyorkhipknee.com\/es\/indemnizacion-por-accidente-laboral\/covid-19-y-compensacion-laboral\/\" \/>\n<meta property=\"og:locale\" content=\"es_ES\" \/>\n<meta property=\"og:type\" content=\"article\" \/>\n<meta property=\"og:title\" content=\"COVID-19 y compensaci\u00f3n laboral | Best Hip &amp; Knee Surgeon | NY, USA\" \/>\n<meta property=\"og:description\" content=\"Las leyes de indemnizaci\u00f3n de los trabajadores se han establecido para proteger a los empleados que sufren enfermedades o lesiones relacionadas con el\" \/>\n<meta property=\"og:url\" content=\"https:\/\/www.newyorkhipknee.com\/es\/indemnizacion-por-accidente-laboral\/covid-19-y-compensacion-laboral\/\" \/>\n<meta property=\"og:site_name\" content=\"Best Hip &amp; Knee Surgeon | NY, USA\" \/>\n<meta name=\"twitter:card\" content=\"summary_large_image\" \/>\n<meta name=\"twitter:label1\" content=\"Tiempo de lectura\" \/>\n\t<meta name=\"twitter:data1\" content=\"4 minutos\" \/>\n<script type=\"application\/ld+json\" class=\"yoast-schema-graph\">{\"@context\":\"https:\/\/schema.org\",\"@graph\":[{\"@type\":[\"WebPage\",\"MedicalWebPage\"],\"@id\":\"https:\/\/www.newyorkhipknee.com\/es\/indemnizacion-por-accidente-laboral\/covid-19-y-compensacion-laboral\/\",\"url\":\"https:\/\/www.newyorkhipknee.com\/es\/indemnizacion-por-accidente-laboral\/covid-19-y-compensacion-laboral\/\",\"name\":\"COVID-19 y compensaci\u00f3n laboral | Best Hip &amp; Knee Surgeon | NY, USA\",\"isPartOf\":{\"@id\":\"https:\/\/www.newyorkhipknee.com\/es\/#website\"},\"datePublished\":\"2023-12-08T16:55:56+00:00\",\"description\":\"Las leyes de indemnizaci\u00f3n de los trabajadores se han establecido para proteger a los empleados que sufren enfermedades o lesiones relacionadas con el\",\"breadcrumb\":{\"@id\":\"https:\/\/www.newyorkhipknee.com\/es\/indemnizacion-por-accidente-laboral\/covid-19-y-compensacion-laboral\/#breadcrumb\"},\"inLanguage\":\"es\",\"potentialAction\":[{\"@type\":\"ReadAction\",\"target\":[\"https:\/\/www.newyorkhipknee.com\/es\/indemnizacion-por-accidente-laboral\/covid-19-y-compensacion-laboral\/\"]}]},{\"@type\":\"BreadcrumbList\",\"@id\":\"https:\/\/www.newyorkhipknee.com\/es\/indemnizacion-por-accidente-laboral\/covid-19-y-compensacion-laboral\/#breadcrumb\",\"itemListElement\":[{\"@type\":\"ListItem\",\"position\":1,\"name\":\"Home\",\"item\":\"https:\/\/www.newyorkhipknee.com\/es\/\"},{\"@type\":\"ListItem\",\"position\":2,\"name\":\"Indemnizaci\u00f3n por accidente laboral\",\"item\":\"https:\/\/www.newyorkhipknee.com\/es\/indemnizacion-por-accidente-laboral\/\"},{\"@type\":\"ListItem\",\"position\":3,\"name\":\"COVID-19 y compensaci\u00f3n laboral\"}]},{\"@type\":\"WebSite\",\"@id\":\"https:\/\/www.newyorkhipknee.com\/es\/#website\",\"url\":\"https:\/\/www.newyorkhipknee.com\/es\/\",\"name\":\"Best Hip & Knee Surgeon | NY, USA\",\"description\":\"\",\"potentialAction\":[{\"@type\":\"SearchAction\",\"target\":{\"@type\":\"EntryPoint\",\"urlTemplate\":\"https:\/\/www.newyorkhipknee.com\/es\/?s={search_term_string}\"},\"query-input\":{\"@type\":\"PropertyValueSpecification\",\"valueRequired\":true,\"valueName\":\"search_term_string\"}}],\"inLanguage\":\"es\"}]}<\/script>\n<!-- \/ Yoast SEO plugin. -->","yoast_head_json":{"title":"COVID-19 y compensaci\u00f3n laboral | Best Hip &amp; Knee Surgeon | NY, USA","description":"Las leyes de indemnizaci\u00f3n de los trabajadores se han establecido para proteger a los empleados que sufren enfermedades o lesiones relacionadas con el","robots":{"index":"index","follow":"follow","max-snippet":"max-snippet:-1","max-image-preview":"max-image-preview:large","max-video-preview":"max-video-preview:-1"},"canonical":"https:\/\/www.newyorkhipknee.com\/es\/indemnizacion-por-accidente-laboral\/covid-19-y-compensacion-laboral\/","og_locale":"es_ES","og_type":"article","og_title":"COVID-19 y compensaci\u00f3n laboral | Best Hip &amp; Knee Surgeon | NY, USA","og_description":"Las leyes de indemnizaci\u00f3n de los trabajadores se han establecido para proteger a los empleados que sufren enfermedades o lesiones relacionadas con el","og_url":"https:\/\/www.newyorkhipknee.com\/es\/indemnizacion-por-accidente-laboral\/covid-19-y-compensacion-laboral\/","og_site_name":"Best Hip &amp; Knee Surgeon | NY, USA","twitter_card":"summary_large_image","twitter_misc":{"Tiempo de lectura":"4 minutos"},"schema":{"@context":"https:\/\/schema.org","@graph":[{"@type":["WebPage","MedicalWebPage"],"@id":"https:\/\/www.newyorkhipknee.com\/es\/indemnizacion-por-accidente-laboral\/covid-19-y-compensacion-laboral\/","url":"https:\/\/www.newyorkhipknee.com\/es\/indemnizacion-por-accidente-laboral\/covid-19-y-compensacion-laboral\/","name":"COVID-19 y compensaci\u00f3n laboral | Best Hip &amp; Knee Surgeon | NY, USA","isPartOf":{"@id":"https:\/\/www.newyorkhipknee.com\/es\/#website"},"datePublished":"2023-12-08T16:55:56+00:00","description":"Las leyes de indemnizaci\u00f3n de los trabajadores se han establecido para proteger a los empleados que sufren enfermedades o lesiones relacionadas con el","breadcrumb":{"@id":"https:\/\/www.newyorkhipknee.com\/es\/indemnizacion-por-accidente-laboral\/covid-19-y-compensacion-laboral\/#breadcrumb"},"inLanguage":"es","potentialAction":[{"@type":"ReadAction","target":["https:\/\/www.newyorkhipknee.com\/es\/indemnizacion-por-accidente-laboral\/covid-19-y-compensacion-laboral\/"]}]},{"@type":"BreadcrumbList","@id":"https:\/\/www.newyorkhipknee.com\/es\/indemnizacion-por-accidente-laboral\/covid-19-y-compensacion-laboral\/#breadcrumb","itemListElement":[{"@type":"ListItem","position":1,"name":"Home","item":"https:\/\/www.newyorkhipknee.com\/es\/"},{"@type":"ListItem","position":2,"name":"Indemnizaci\u00f3n por accidente laboral","item":"https:\/\/www.newyorkhipknee.com\/es\/indemnizacion-por-accidente-laboral\/"},{"@type":"ListItem","position":3,"name":"COVID-19 y compensaci\u00f3n laboral"}]},{"@type":"WebSite","@id":"https:\/\/www.newyorkhipknee.com\/es\/#website","url":"https:\/\/www.newyorkhipknee.com\/es\/","name":"Best Hip & Knee Surgeon | NY, USA","description":"","potentialAction":[{"@type":"SearchAction","target":{"@type":"EntryPoint","urlTemplate":"https:\/\/www.newyorkhipknee.com\/es\/?s={search_term_string}"},"query-input":{"@type":"PropertyValueSpecification","valueRequired":true,"valueName":"search_term_string"}}],"inLanguage":"es"}]}},"_links":{"self":[{"href":"https:\/\/www.newyorkhipknee.com\/es\/wp-json\/wp\/v2\/pages\/21271","targetHints":{"allow":["GET"]}}],"collection":[{"href":"https:\/\/www.newyorkhipknee.com\/es\/wp-json\/wp\/v2\/pages"}],"about":[{"href":"https:\/\/www.newyorkhipknee.com\/es\/wp-json\/wp\/v2\/types\/page"}],"author":[{"embeddable":true,"href":"https:\/\/www.newyorkhipknee.com\/es\/wp-json\/wp\/v2\/users\/33"}],"replies":[{"embeddable":true,"href":"https:\/\/www.newyorkhipknee.com\/es\/wp-json\/wp\/v2\/comments?post=21271"}],"version-history":[{"count":0,"href":"https:\/\/www.newyorkhipknee.com\/es\/wp-json\/wp\/v2\/pages\/21271\/revisions"}],"up":[{"embeddable":true,"href":"https:\/\/www.newyorkhipknee.com\/es\/wp-json\/wp\/v2\/pages\/16874"}],"wp:attachment":[{"href":"https:\/\/www.newyorkhipknee.com\/es\/wp-json\/wp\/v2\/media?parent=21271"}],"curies":[{"name":"wp","href":"https:\/\/api.w.org\/{rel}","templated":true}]}}