{"id":21275,"date":"2023-12-18T16:10:29","date_gmt":"2023-12-18T21:10:29","guid":{"rendered":"https:\/\/newyorkhipknee.com\/dolor-regional-complejo\/radiografias-para-el-diagnostico-del-sdrc\/"},"modified":"2023-12-18T16:10:29","modified_gmt":"2023-12-18T21:10:29","slug":"radiografias-para-el-diagnostico-del-sdrc","status":"publish","type":"page","link":"https:\/\/www.newyorkhipknee.com\/es\/indemnizacion-por-accidente-laboral\/directrices-de-tratamiento-medico-mtg\/dolor-regional-complejo\/radiografias-para-el-diagnostico-del-sdrc\/","title":{"rendered":"Radiograf\u00edas para el diagn\u00f3stico del SDRC"},"content":{"rendered":"<p>Las directrices para las radiograf\u00edas en el diagn\u00f3stico del s\u00edndrome de dolor regional complejo (SDRC) han sido elaboradas por la Junta de Indemnizaci\u00f3n por Accidentes de Trabajo del Estado de Nueva York. Estas directrices est\u00e1n dise\u00f1adas para ayudar a los m\u00e9dicos, pod\u00f3logos y otros profesionales sanitarios a ofrecer un tratamiento adecuado a las personas con problemas relacionados con el SDRC.<\/p>\n<p>Las directrices de la Junta de Indemnizaci\u00f3n por Accidentes de Trabajo constituyen una valiosa herramienta para los profesionales sanitarios, ya que ofrecen ideas y recomendaciones que ayudan a tomar decisiones informadas sobre el nivel \u00f3ptimo de atenci\u00f3n a los pacientes con trastornos de tobillo y pie.<\/p>\n<p>Es importante se\u00f1alar que, si bien estas directrices proporcionan una valiosa orientaci\u00f3n, no pretenden sustituir el juicio cl\u00ednico ni la experiencia de los profesionales sanitarios. La responsabilidad de tomar la decisi\u00f3n final sobre la atenci\u00f3n sanitaria recae en el paciente, que debe colaborar con su profesional sanitario para determinar el curso de acci\u00f3n m\u00e1s adecuado en funci\u00f3n de sus circunstancias individuales.<\/p>\n<p>&nbsp;<\/p>\n<h2>Radiograf\u00edas para el diagn\u00f3stico del SDRC<\/h2>\n<p>&nbsp;<\/p>\n<p>Se aconseja realizar radiograf\u00edas para diagnosticar el s\u00edndrome de dolor regional complejo (SDRC), aunque suelen emplearse para tratar otras afecciones m\u00e9dicas. En el contexto del SDRC que dura m\u00e1s de seis meses, las radiograf\u00edas pueden ser fundamentales en el proceso de diagn\u00f3stico. Esto es especialmente relevante cuando los s\u00edntomas indicativos de un posible SDRC han persistido durante al menos 3 a 6 meses sin un diagn\u00f3stico definitivo.<\/p>\n<p>En determinados casos en los que sea necesario explorar condiciones adicionales, podr\u00e1n obtenerse muestras recogidas antes de los tres meses.<\/p>\n<p>En cuanto a la frecuencia, dosis y duraci\u00f3n de las evaluaciones radiogr\u00e1ficas para el diagn\u00f3stico del SDRC, normalmente se recomienda una \u00fanica evaluaci\u00f3n. Es raro que se sugiera una segunda evaluaci\u00f3n, a menos que exista preocupaci\u00f3n por una posible fractura oculta o que circunstancias cl\u00ednicas espec\u00edficas justifiquen un examen de seguimiento.<\/p>\n<p>&nbsp;<\/p>\n<h2>Lo que nuestra oficina puede hacer si tiene lesiones de compensaci\u00f3n laboral<\/h2>\n<p>Tenemos la experiencia para ayudarle con sus lesiones de compensaci\u00f3n de trabajadores. Nos identificamos con los retos a los que se enfrenta y nos comprometemos a abordar sus necesidades m\u00e9dicas respetando las directrices establecidas por la Junta de Compensaci\u00f3n de Trabajadores del Estado de Nueva York.<\/p>\n<p>Reconociendo la importancia de sus casos de compensaci\u00f3n de trabajadores, estamos aqu\u00ed para guiarle a trav\u00e9s de las complejidades de las interacciones con la compa\u00f1\u00eda de seguros de compensaci\u00f3n de trabajadores y su empleador.<\/p>\n<p>Entendemos que este es un momento estresante para usted y su familia. Si desea concertar una cita, p\u00f3ngase en contacto con nosotros. Estamos decididos a hacer todo lo que est\u00e9 en nuestra mano para que este proceso sea lo m\u00e1s fluido y menos estresante posible.<\/p>\n","protected":false},"excerpt":{"rendered":"<p>Las directrices para las radiograf\u00edas en el diagn\u00f3stico del s\u00edndrome de dolor regional complejo (SDRC) han sido elaboradas por la Junta de Indemnizaci\u00f3n por Accidentes de Trabajo del Estado de Nueva York. Estas directrices est\u00e1n dise\u00f1adas para ayudar a los m\u00e9dicos, pod\u00f3logos y otros profesionales sanitarios a ofrecer un tratamiento adecuado a las personas con [&hellip;]<\/p>\n","protected":false},"author":33,"featured_media":0,"parent":21157,"menu_order":0,"comment_status":"closed","ping_status":"closed","template":"","meta":{"_et_pb_use_builder":"","_et_pb_old_content":"","_et_gb_content_width":"","footnotes":""},"class_list":["post-21275","page","type-page","status-publish","hentry"],"yoast_head":"<!-- This site is optimized with the Yoast SEO plugin v27.2 - https:\/\/yoast.com\/product\/yoast-seo-wordpress\/ -->\n<title>Radiograf\u00edas para el diagn\u00f3stico del SDRC | Best Hip &amp; Knee Surgeon | NY, USA<\/title>\n<meta name=\"description\" content=\"Las directrices para las radiograf\u00edas en el diagn\u00f3stico del s\u00edndrome de dolor regional complejo (SDRC) han sido elaboradas por la Junta de Indemnizaci\u00f3n\" \/>\n<meta name=\"robots\" content=\"index, follow, max-snippet:-1, max-image-preview:large, max-video-preview:-1\" \/>\n<link rel=\"canonical\" href=\"https:\/\/www.newyorkhipknee.com\/es\/indemnizacion-por-accidente-laboral\/directrices-de-tratamiento-medico-mtg\/dolor-regional-complejo\/radiografias-para-el-diagnostico-del-sdrc\/\" \/>\n<meta property=\"og:locale\" content=\"es_ES\" \/>\n<meta property=\"og:type\" content=\"article\" \/>\n<meta property=\"og:title\" content=\"Radiograf\u00edas para el diagn\u00f3stico del SDRC | Best Hip &amp; Knee Surgeon | NY, USA\" \/>\n<meta property=\"og:description\" content=\"Las directrices para las radiograf\u00edas en el diagn\u00f3stico del s\u00edndrome de dolor regional complejo (SDRC) han sido elaboradas por la Junta de Indemnizaci\u00f3n\" \/>\n<meta property=\"og:url\" content=\"https:\/\/www.newyorkhipknee.com\/es\/indemnizacion-por-accidente-laboral\/directrices-de-tratamiento-medico-mtg\/dolor-regional-complejo\/radiografias-para-el-diagnostico-del-sdrc\/\" \/>\n<meta property=\"og:site_name\" content=\"Best Hip &amp; Knee Surgeon | NY, USA\" \/>\n<meta name=\"twitter:card\" content=\"summary_large_image\" \/>\n<meta name=\"twitter:label1\" content=\"Tiempo de lectura\" \/>\n\t<meta name=\"twitter:data1\" content=\"2 minutos\" \/>\n<script type=\"application\/ld+json\" class=\"yoast-schema-graph\">{\"@context\":\"https:\/\/schema.org\",\"@graph\":[{\"@type\":[\"WebPage\",\"MedicalWebPage\"],\"@id\":\"https:\/\/www.newyorkhipknee.com\/es\/indemnizacion-por-accidente-laboral\/directrices-de-tratamiento-medico-mtg\/dolor-regional-complejo\/radiografias-para-el-diagnostico-del-sdrc\/\",\"url\":\"https:\/\/www.newyorkhipknee.com\/es\/indemnizacion-por-accidente-laboral\/directrices-de-tratamiento-medico-mtg\/dolor-regional-complejo\/radiografias-para-el-diagnostico-del-sdrc\/\",\"name\":\"Radiograf\u00edas para el diagn\u00f3stico del SDRC | Best Hip &amp; Knee Surgeon | NY, USA\",\"isPartOf\":{\"@id\":\"https:\/\/www.newyorkhipknee.com\/es\/#website\"},\"datePublished\":\"2023-12-18T21:10:29+00:00\",\"description\":\"Las directrices para las radiograf\u00edas en el diagn\u00f3stico del s\u00edndrome de dolor regional complejo (SDRC) han sido elaboradas por la Junta de Indemnizaci\u00f3n\",\"breadcrumb\":{\"@id\":\"https:\/\/www.newyorkhipknee.com\/es\/indemnizacion-por-accidente-laboral\/directrices-de-tratamiento-medico-mtg\/dolor-regional-complejo\/radiografias-para-el-diagnostico-del-sdrc\/#breadcrumb\"},\"inLanguage\":\"es\",\"potentialAction\":[{\"@type\":\"ReadAction\",\"target\":[\"https:\/\/www.newyorkhipknee.com\/es\/indemnizacion-por-accidente-laboral\/directrices-de-tratamiento-medico-mtg\/dolor-regional-complejo\/radiografias-para-el-diagnostico-del-sdrc\/\"]}]},{\"@type\":\"BreadcrumbList\",\"@id\":\"https:\/\/www.newyorkhipknee.com\/es\/indemnizacion-por-accidente-laboral\/directrices-de-tratamiento-medico-mtg\/dolor-regional-complejo\/radiografias-para-el-diagnostico-del-sdrc\/#breadcrumb\",\"itemListElement\":[{\"@type\":\"ListItem\",\"position\":1,\"name\":\"Home\",\"item\":\"https:\/\/www.newyorkhipknee.com\/es\/\"},{\"@type\":\"ListItem\",\"position\":2,\"name\":\"Indemnizaci\u00f3n por accidente laboral\",\"item\":\"https:\/\/www.newyorkhipknee.com\/es\/indemnizacion-por-accidente-laboral\/\"},{\"@type\":\"ListItem\",\"position\":3,\"name\":\"Directrices de tratamiento m\u00e9dico (MTG)\",\"item\":\"https:\/\/www.newyorkhipknee.com\/es\/indemnizacion-por-accidente-laboral\/directrices-de-tratamiento-medico-mtg\/\"},{\"@type\":\"ListItem\",\"position\":4,\"name\":\"Dolor regional complejo\",\"item\":\"https:\/\/www.newyorkhipknee.com\/es\/indemnizacion-por-accidente-laboral\/directrices-de-tratamiento-medico-mtg\/dolor-regional-complejo\/\"},{\"@type\":\"ListItem\",\"position\":5,\"name\":\"Radiograf\u00edas para el diagn\u00f3stico del SDRC\"}]},{\"@type\":\"WebSite\",\"@id\":\"https:\/\/www.newyorkhipknee.com\/es\/#website\",\"url\":\"https:\/\/www.newyorkhipknee.com\/es\/\",\"name\":\"Best Hip & Knee Surgeon | NY, USA\",\"description\":\"\",\"potentialAction\":[{\"@type\":\"SearchAction\",\"target\":{\"@type\":\"EntryPoint\",\"urlTemplate\":\"https:\/\/www.newyorkhipknee.com\/es\/?s={search_term_string}\"},\"query-input\":{\"@type\":\"PropertyValueSpecification\",\"valueRequired\":true,\"valueName\":\"search_term_string\"}}],\"inLanguage\":\"es\"}]}<\/script>\n<!-- \/ Yoast SEO plugin. -->","yoast_head_json":{"title":"Radiograf\u00edas para el diagn\u00f3stico del SDRC | Best Hip &amp; Knee Surgeon | NY, USA","description":"Las directrices para las radiograf\u00edas en el diagn\u00f3stico del s\u00edndrome de dolor regional complejo (SDRC) han sido elaboradas por la Junta de Indemnizaci\u00f3n","robots":{"index":"index","follow":"follow","max-snippet":"max-snippet:-1","max-image-preview":"max-image-preview:large","max-video-preview":"max-video-preview:-1"},"canonical":"https:\/\/www.newyorkhipknee.com\/es\/indemnizacion-por-accidente-laboral\/directrices-de-tratamiento-medico-mtg\/dolor-regional-complejo\/radiografias-para-el-diagnostico-del-sdrc\/","og_locale":"es_ES","og_type":"article","og_title":"Radiograf\u00edas para el diagn\u00f3stico del SDRC | Best Hip &amp; Knee Surgeon | NY, USA","og_description":"Las directrices para las radiograf\u00edas en el diagn\u00f3stico del s\u00edndrome de dolor regional complejo (SDRC) han sido elaboradas por la Junta de Indemnizaci\u00f3n","og_url":"https:\/\/www.newyorkhipknee.com\/es\/indemnizacion-por-accidente-laboral\/directrices-de-tratamiento-medico-mtg\/dolor-regional-complejo\/radiografias-para-el-diagnostico-del-sdrc\/","og_site_name":"Best Hip &amp; Knee Surgeon | NY, USA","twitter_card":"summary_large_image","twitter_misc":{"Tiempo de lectura":"2 minutos"},"schema":{"@context":"https:\/\/schema.org","@graph":[{"@type":["WebPage","MedicalWebPage"],"@id":"https:\/\/www.newyorkhipknee.com\/es\/indemnizacion-por-accidente-laboral\/directrices-de-tratamiento-medico-mtg\/dolor-regional-complejo\/radiografias-para-el-diagnostico-del-sdrc\/","url":"https:\/\/www.newyorkhipknee.com\/es\/indemnizacion-por-accidente-laboral\/directrices-de-tratamiento-medico-mtg\/dolor-regional-complejo\/radiografias-para-el-diagnostico-del-sdrc\/","name":"Radiograf\u00edas para el diagn\u00f3stico del SDRC | Best Hip &amp; Knee Surgeon | NY, USA","isPartOf":{"@id":"https:\/\/www.newyorkhipknee.com\/es\/#website"},"datePublished":"2023-12-18T21:10:29+00:00","description":"Las directrices para las radiograf\u00edas en el diagn\u00f3stico del s\u00edndrome de dolor regional complejo (SDRC) han sido elaboradas por la Junta de Indemnizaci\u00f3n","breadcrumb":{"@id":"https:\/\/www.newyorkhipknee.com\/es\/indemnizacion-por-accidente-laboral\/directrices-de-tratamiento-medico-mtg\/dolor-regional-complejo\/radiografias-para-el-diagnostico-del-sdrc\/#breadcrumb"},"inLanguage":"es","potentialAction":[{"@type":"ReadAction","target":["https:\/\/www.newyorkhipknee.com\/es\/indemnizacion-por-accidente-laboral\/directrices-de-tratamiento-medico-mtg\/dolor-regional-complejo\/radiografias-para-el-diagnostico-del-sdrc\/"]}]},{"@type":"BreadcrumbList","@id":"https:\/\/www.newyorkhipknee.com\/es\/indemnizacion-por-accidente-laboral\/directrices-de-tratamiento-medico-mtg\/dolor-regional-complejo\/radiografias-para-el-diagnostico-del-sdrc\/#breadcrumb","itemListElement":[{"@type":"ListItem","position":1,"name":"Home","item":"https:\/\/www.newyorkhipknee.com\/es\/"},{"@type":"ListItem","position":2,"name":"Indemnizaci\u00f3n por accidente laboral","item":"https:\/\/www.newyorkhipknee.com\/es\/indemnizacion-por-accidente-laboral\/"},{"@type":"ListItem","position":3,"name":"Directrices de tratamiento m\u00e9dico (MTG)","item":"https:\/\/www.newyorkhipknee.com\/es\/indemnizacion-por-accidente-laboral\/directrices-de-tratamiento-medico-mtg\/"},{"@type":"ListItem","position":4,"name":"Dolor regional complejo","item":"https:\/\/www.newyorkhipknee.com\/es\/indemnizacion-por-accidente-laboral\/directrices-de-tratamiento-medico-mtg\/dolor-regional-complejo\/"},{"@type":"ListItem","position":5,"name":"Radiograf\u00edas para el diagn\u00f3stico del SDRC"}]},{"@type":"WebSite","@id":"https:\/\/www.newyorkhipknee.com\/es\/#website","url":"https:\/\/www.newyorkhipknee.com\/es\/","name":"Best Hip & Knee Surgeon | NY, USA","description":"","potentialAction":[{"@type":"SearchAction","target":{"@type":"EntryPoint","urlTemplate":"https:\/\/www.newyorkhipknee.com\/es\/?s={search_term_string}"},"query-input":{"@type":"PropertyValueSpecification","valueRequired":true,"valueName":"search_term_string"}}],"inLanguage":"es"}]}},"_links":{"self":[{"href":"https:\/\/www.newyorkhipknee.com\/es\/wp-json\/wp\/v2\/pages\/21275","targetHints":{"allow":["GET"]}}],"collection":[{"href":"https:\/\/www.newyorkhipknee.com\/es\/wp-json\/wp\/v2\/pages"}],"about":[{"href":"https:\/\/www.newyorkhipknee.com\/es\/wp-json\/wp\/v2\/types\/page"}],"author":[{"embeddable":true,"href":"https:\/\/www.newyorkhipknee.com\/es\/wp-json\/wp\/v2\/users\/33"}],"replies":[{"embeddable":true,"href":"https:\/\/www.newyorkhipknee.com\/es\/wp-json\/wp\/v2\/comments?post=21275"}],"version-history":[{"count":0,"href":"https:\/\/www.newyorkhipknee.com\/es\/wp-json\/wp\/v2\/pages\/21275\/revisions"}],"up":[{"embeddable":true,"href":"https:\/\/www.newyorkhipknee.com\/es\/wp-json\/wp\/v2\/pages\/21157"}],"wp:attachment":[{"href":"https:\/\/www.newyorkhipknee.com\/es\/wp-json\/wp\/v2\/media?parent=21275"}],"curies":[{"name":"wp","href":"https:\/\/api.w.org\/{rel}","templated":true}]}}