{"id":21280,"date":"2023-12-08T13:07:31","date_gmt":"2023-12-08T18:07:31","guid":{"rendered":"https:\/\/newyorkhipknee.com\/indemnizacion-por-accidente-laboral\/indemnizacion-por-incapacidad-laboral-de-corta-duracion-pacientes-y-permisos-familiares-retribuidos\/"},"modified":"2023-12-08T13:07:31","modified_gmt":"2023-12-08T18:07:31","slug":"indemnizacion-por-incapacidad-laboral-de-corta-duracion-pacientes-y-permisos-familiares-retribuidos","status":"publish","type":"page","link":"https:\/\/www.newyorkhipknee.com\/es\/indemnizacion-por-accidente-laboral\/indemnizacion-por-incapacidad-laboral-de-corta-duracion-pacientes-y-permisos-familiares-retribuidos\/","title":{"rendered":"Indemnizaci\u00f3n por incapacidad laboral de corta duraci\u00f3n Pacientes y permisos familiares retribuidos"},"content":{"rendered":"<h3>Consulte la gu\u00eda r\u00e1pida si tiene dudas sobre c\u00f3mo combinar la incapacidad de corta duraci\u00f3n y el permiso familiar retribuido con los casos de indemnizaci\u00f3n por accidente laboral.<\/h3>\n<p><strong>\u00bfPuedo combinar la baja por incapacidad temporal con el permiso familiar retribuido?<\/strong>  Por supuesto, puede combinar la incapacidad temporal y el permiso familiar retribuido si cumple los requisitos. Pero ten en cuenta que no puedes utilizarlos simult\u00e1neamente. No obstante, puede utilizar la baja por incapacidad temporal y el permiso familiar retribuido de forma consecutiva.<\/p>\n<p><strong>Acerca del Permiso Familiar Remunerado (PFL)<\/strong>: El programa de Permiso Familiar Remunerado del Estado de Nueva York ofrece protecci\u00f3n laboral y tiempo libre remunerado para situaciones espec\u00edficas. Esto incluye el establecimiento de v\u00ednculos afectivos con un nuevo hijo, la adopci\u00f3n o acogida en los primeros 12 meses, el cuidado de un familiar con una enfermedad grave o incluso el cuidado de sus padres, padrastros, suegros, abuelos o nietos.<\/p>\n<p><strong>\u00bfQu\u00e9 es una incapacidad temporal?<\/strong> La incapacidad a corto plazo es un seguro que proporciona un porcentaje de su salario durante un periodo definido cuando no puede trabajar debido a una enfermedad o lesi\u00f3n. Es importante que la enfermedad o lesi\u00f3n no est\u00e9 relacionada con el trabajo y que usted haya estado empleado en ese momento. Si la lesi\u00f3n se produjo en el trabajo, otro tipo de seguro la cubre. Es fundamental tener en cuenta que el permiso familiar retribuido no sustituye a la cobertura de las prestaciones por incapacidad.<\/p>\n<p><strong>Las prestaciones de invalidez cubren:<\/strong><\/p>\n<ul>\n<li>Empleados que trabajan para un \u00abempresario cubierto\u00bb durante al menos cuatro semanas consecutivas mientras solicitan prestaciones por desempleo.<\/li>\n<li>los trabajadores que se trasladan de una empresa cubierta a otra. El primer d\u00eda de trabajo es el primer d\u00eda en que se tiene derecho a percibir el subsidio por incapacidad temporal con trabajo continuado.<\/li>\n<li>Empleados del hogar que trabajan al menos 40 horas semanales para un empleador, como ni\u00f1eras o asistentes personales.<\/li>\n<li>Los desempleados que optan por la cobertura facultativa de una empresa asegurada deben presentar las solicitudes de incapacidad en un plazo de 30 d\u00edas para el seguro de incapacidad a corto plazo.<\/li>\n<\/ul>\n<p>Las madres que disfrutan de un permiso de maternidad pueden optar tanto a la PFL como a las ayudas por incapacidad temporal, pero no simult\u00e1neamente. Los empleados tienen flexibilidad para elegir c\u00f3mo utilizar las prestaciones para atender las necesidades de su familia. Por ejemplo, una madre primeriza podr\u00eda optar a una incapacidad de corta duraci\u00f3n tras el parto con estas opciones:<\/p>\n<ol>\n<li>Utilice primero las semanas de incapacidad a corto plazo y, a continuaci\u00f3n, la PFL en cualquier momento dentro de los 12 primeros meses.<\/li>\n<li>Utilizar la PFL sin recurrir a la incapacidad a corto plazo.<\/li>\n<\/ol>\n<p>A veces, un empleado puede necesitar utilizar la incapacidad a corto plazo y la PFL en el mismo a\u00f1o, pero en circunstancias diferentes. En tales casos, es necesario presentar solicitudes y documentaci\u00f3n por separado para cada plan.<\/p>\n<p>Para m\u00e1s detalles, consulte la p\u00e1gina web de la Junta de Indemnizaci\u00f3n por Accidentes de Trabajo de su estado o consulte a un abogado especializado en Indemnizaci\u00f3n por Accidentes de Trabajo para obtener informaci\u00f3n personalizada.<\/p>\n","protected":false},"excerpt":{"rendered":"<p>Consulte la gu\u00eda r\u00e1pida si tiene dudas sobre c\u00f3mo combinar la incapacidad de corta duraci\u00f3n y el permiso familiar retribuido con los casos de indemnizaci\u00f3n por accidente laboral. \u00bfPuedo combinar la baja por incapacidad temporal con el permiso familiar retribuido? Por supuesto, puede combinar la incapacidad temporal y el permiso familiar retribuido si cumple los [&hellip;]<\/p>\n","protected":false},"author":33,"featured_media":0,"parent":16874,"menu_order":0,"comment_status":"closed","ping_status":"closed","template":"","meta":{"_et_pb_use_builder":"","_et_pb_old_content":"","_et_gb_content_width":"","footnotes":""},"class_list":["post-21280","page","type-page","status-publish","hentry"],"yoast_head":"<!-- This site is optimized with the Yoast SEO plugin v27.2 - https:\/\/yoast.com\/product\/yoast-seo-wordpress\/ -->\n<title>Indemnizaci\u00f3n por incapacidad laboral de corta duraci\u00f3n Pacientes y permisos familiares retribuidos | Best Hip &amp; Knee Surgeon | NY, USA<\/title>\n<meta name=\"description\" content=\"Consulte la gu\u00eda r\u00e1pida si tiene dudas sobre c\u00f3mo combinar la incapacidad de corta duraci\u00f3n y el permiso familiar retribuido con los casos de\" \/>\n<meta name=\"robots\" content=\"index, follow, max-snippet:-1, max-image-preview:large, max-video-preview:-1\" \/>\n<link rel=\"canonical\" href=\"https:\/\/www.newyorkhipknee.com\/es\/indemnizacion-por-accidente-laboral\/indemnizacion-por-incapacidad-laboral-de-corta-duracion-pacientes-y-permisos-familiares-retribuidos\/\" \/>\n<meta property=\"og:locale\" content=\"es_ES\" \/>\n<meta property=\"og:type\" content=\"article\" \/>\n<meta property=\"og:title\" content=\"Indemnizaci\u00f3n por incapacidad laboral de corta duraci\u00f3n Pacientes y permisos familiares retribuidos | Best Hip &amp; Knee Surgeon | NY, USA\" \/>\n<meta property=\"og:description\" content=\"Consulte la gu\u00eda r\u00e1pida si tiene dudas sobre c\u00f3mo combinar la incapacidad de corta duraci\u00f3n y el permiso familiar retribuido con los casos de\" \/>\n<meta property=\"og:url\" content=\"https:\/\/www.newyorkhipknee.com\/es\/indemnizacion-por-accidente-laboral\/indemnizacion-por-incapacidad-laboral-de-corta-duracion-pacientes-y-permisos-familiares-retribuidos\/\" \/>\n<meta property=\"og:site_name\" content=\"Best Hip &amp; Knee Surgeon | NY, USA\" \/>\n<meta name=\"twitter:card\" content=\"summary_large_image\" \/>\n<meta name=\"twitter:label1\" content=\"Tiempo de lectura\" \/>\n\t<meta name=\"twitter:data1\" content=\"3 minutos\" \/>\n<script type=\"application\/ld+json\" class=\"yoast-schema-graph\">{\"@context\":\"https:\/\/schema.org\",\"@graph\":[{\"@type\":[\"WebPage\",\"MedicalWebPage\"],\"@id\":\"https:\/\/www.newyorkhipknee.com\/es\/indemnizacion-por-accidente-laboral\/indemnizacion-por-incapacidad-laboral-de-corta-duracion-pacientes-y-permisos-familiares-retribuidos\/\",\"url\":\"https:\/\/www.newyorkhipknee.com\/es\/indemnizacion-por-accidente-laboral\/indemnizacion-por-incapacidad-laboral-de-corta-duracion-pacientes-y-permisos-familiares-retribuidos\/\",\"name\":\"Indemnizaci\u00f3n por incapacidad laboral de corta duraci\u00f3n Pacientes y permisos familiares retribuidos | Best Hip &amp; Knee Surgeon | NY, USA\",\"isPartOf\":{\"@id\":\"https:\/\/www.newyorkhipknee.com\/es\/#website\"},\"datePublished\":\"2023-12-08T18:07:31+00:00\",\"description\":\"Consulte la gu\u00eda r\u00e1pida si tiene dudas sobre c\u00f3mo combinar la incapacidad de corta duraci\u00f3n y el permiso familiar retribuido con los casos de\",\"breadcrumb\":{\"@id\":\"https:\/\/www.newyorkhipknee.com\/es\/indemnizacion-por-accidente-laboral\/indemnizacion-por-incapacidad-laboral-de-corta-duracion-pacientes-y-permisos-familiares-retribuidos\/#breadcrumb\"},\"inLanguage\":\"es\",\"potentialAction\":[{\"@type\":\"ReadAction\",\"target\":[\"https:\/\/www.newyorkhipknee.com\/es\/indemnizacion-por-accidente-laboral\/indemnizacion-por-incapacidad-laboral-de-corta-duracion-pacientes-y-permisos-familiares-retribuidos\/\"]}]},{\"@type\":\"BreadcrumbList\",\"@id\":\"https:\/\/www.newyorkhipknee.com\/es\/indemnizacion-por-accidente-laboral\/indemnizacion-por-incapacidad-laboral-de-corta-duracion-pacientes-y-permisos-familiares-retribuidos\/#breadcrumb\",\"itemListElement\":[{\"@type\":\"ListItem\",\"position\":1,\"name\":\"Home\",\"item\":\"https:\/\/www.newyorkhipknee.com\/es\/\"},{\"@type\":\"ListItem\",\"position\":2,\"name\":\"Indemnizaci\u00f3n por accidente laboral\",\"item\":\"https:\/\/www.newyorkhipknee.com\/es\/indemnizacion-por-accidente-laboral\/\"},{\"@type\":\"ListItem\",\"position\":3,\"name\":\"Indemnizaci\u00f3n por incapacidad laboral de corta duraci\u00f3n Pacientes y permisos familiares retribuidos\"}]},{\"@type\":\"WebSite\",\"@id\":\"https:\/\/www.newyorkhipknee.com\/es\/#website\",\"url\":\"https:\/\/www.newyorkhipknee.com\/es\/\",\"name\":\"Best Hip & Knee Surgeon | NY, USA\",\"description\":\"\",\"potentialAction\":[{\"@type\":\"SearchAction\",\"target\":{\"@type\":\"EntryPoint\",\"urlTemplate\":\"https:\/\/www.newyorkhipknee.com\/es\/?s={search_term_string}\"},\"query-input\":{\"@type\":\"PropertyValueSpecification\",\"valueRequired\":true,\"valueName\":\"search_term_string\"}}],\"inLanguage\":\"es\"}]}<\/script>\n<!-- \/ Yoast SEO plugin. -->","yoast_head_json":{"title":"Indemnizaci\u00f3n por incapacidad laboral de corta duraci\u00f3n Pacientes y permisos familiares retribuidos | Best Hip &amp; Knee Surgeon | NY, USA","description":"Consulte la gu\u00eda r\u00e1pida si tiene dudas sobre c\u00f3mo combinar la incapacidad de corta duraci\u00f3n y el permiso familiar retribuido con los casos de","robots":{"index":"index","follow":"follow","max-snippet":"max-snippet:-1","max-image-preview":"max-image-preview:large","max-video-preview":"max-video-preview:-1"},"canonical":"https:\/\/www.newyorkhipknee.com\/es\/indemnizacion-por-accidente-laboral\/indemnizacion-por-incapacidad-laboral-de-corta-duracion-pacientes-y-permisos-familiares-retribuidos\/","og_locale":"es_ES","og_type":"article","og_title":"Indemnizaci\u00f3n por incapacidad laboral de corta duraci\u00f3n Pacientes y permisos familiares retribuidos | Best Hip &amp; Knee Surgeon | NY, USA","og_description":"Consulte la gu\u00eda r\u00e1pida si tiene dudas sobre c\u00f3mo combinar la incapacidad de corta duraci\u00f3n y el permiso familiar retribuido con los casos de","og_url":"https:\/\/www.newyorkhipknee.com\/es\/indemnizacion-por-accidente-laboral\/indemnizacion-por-incapacidad-laboral-de-corta-duracion-pacientes-y-permisos-familiares-retribuidos\/","og_site_name":"Best Hip &amp; Knee Surgeon | NY, USA","twitter_card":"summary_large_image","twitter_misc":{"Tiempo de lectura":"3 minutos"},"schema":{"@context":"https:\/\/schema.org","@graph":[{"@type":["WebPage","MedicalWebPage"],"@id":"https:\/\/www.newyorkhipknee.com\/es\/indemnizacion-por-accidente-laboral\/indemnizacion-por-incapacidad-laboral-de-corta-duracion-pacientes-y-permisos-familiares-retribuidos\/","url":"https:\/\/www.newyorkhipknee.com\/es\/indemnizacion-por-accidente-laboral\/indemnizacion-por-incapacidad-laboral-de-corta-duracion-pacientes-y-permisos-familiares-retribuidos\/","name":"Indemnizaci\u00f3n por incapacidad laboral de corta duraci\u00f3n Pacientes y permisos familiares retribuidos | Best Hip &amp; Knee Surgeon | NY, USA","isPartOf":{"@id":"https:\/\/www.newyorkhipknee.com\/es\/#website"},"datePublished":"2023-12-08T18:07:31+00:00","description":"Consulte la gu\u00eda r\u00e1pida si tiene dudas sobre c\u00f3mo combinar la incapacidad de corta duraci\u00f3n y el permiso familiar retribuido con los casos de","breadcrumb":{"@id":"https:\/\/www.newyorkhipknee.com\/es\/indemnizacion-por-accidente-laboral\/indemnizacion-por-incapacidad-laboral-de-corta-duracion-pacientes-y-permisos-familiares-retribuidos\/#breadcrumb"},"inLanguage":"es","potentialAction":[{"@type":"ReadAction","target":["https:\/\/www.newyorkhipknee.com\/es\/indemnizacion-por-accidente-laboral\/indemnizacion-por-incapacidad-laboral-de-corta-duracion-pacientes-y-permisos-familiares-retribuidos\/"]}]},{"@type":"BreadcrumbList","@id":"https:\/\/www.newyorkhipknee.com\/es\/indemnizacion-por-accidente-laboral\/indemnizacion-por-incapacidad-laboral-de-corta-duracion-pacientes-y-permisos-familiares-retribuidos\/#breadcrumb","itemListElement":[{"@type":"ListItem","position":1,"name":"Home","item":"https:\/\/www.newyorkhipknee.com\/es\/"},{"@type":"ListItem","position":2,"name":"Indemnizaci\u00f3n por accidente laboral","item":"https:\/\/www.newyorkhipknee.com\/es\/indemnizacion-por-accidente-laboral\/"},{"@type":"ListItem","position":3,"name":"Indemnizaci\u00f3n por incapacidad laboral de corta duraci\u00f3n Pacientes y permisos familiares retribuidos"}]},{"@type":"WebSite","@id":"https:\/\/www.newyorkhipknee.com\/es\/#website","url":"https:\/\/www.newyorkhipknee.com\/es\/","name":"Best Hip & Knee Surgeon | NY, USA","description":"","potentialAction":[{"@type":"SearchAction","target":{"@type":"EntryPoint","urlTemplate":"https:\/\/www.newyorkhipknee.com\/es\/?s={search_term_string}"},"query-input":{"@type":"PropertyValueSpecification","valueRequired":true,"valueName":"search_term_string"}}],"inLanguage":"es"}]}},"_links":{"self":[{"href":"https:\/\/www.newyorkhipknee.com\/es\/wp-json\/wp\/v2\/pages\/21280","targetHints":{"allow":["GET"]}}],"collection":[{"href":"https:\/\/www.newyorkhipknee.com\/es\/wp-json\/wp\/v2\/pages"}],"about":[{"href":"https:\/\/www.newyorkhipknee.com\/es\/wp-json\/wp\/v2\/types\/page"}],"author":[{"embeddable":true,"href":"https:\/\/www.newyorkhipknee.com\/es\/wp-json\/wp\/v2\/users\/33"}],"replies":[{"embeddable":true,"href":"https:\/\/www.newyorkhipknee.com\/es\/wp-json\/wp\/v2\/comments?post=21280"}],"version-history":[{"count":0,"href":"https:\/\/www.newyorkhipknee.com\/es\/wp-json\/wp\/v2\/pages\/21280\/revisions"}],"up":[{"embeddable":true,"href":"https:\/\/www.newyorkhipknee.com\/es\/wp-json\/wp\/v2\/pages\/16874"}],"wp:attachment":[{"href":"https:\/\/www.newyorkhipknee.com\/es\/wp-json\/wp\/v2\/media?parent=21280"}],"curies":[{"name":"wp","href":"https:\/\/api.w.org\/{rel}","templated":true}]}}