{"id":21289,"date":"2023-12-08T11:49:40","date_gmt":"2023-12-08T16:49:40","guid":{"rendered":"https:\/\/newyorkhipknee.com\/indemnizacion-por-accidente-laboral\/lo-que-debe-hacer-si-workers-comp-niega-su-terapia-fisica\/"},"modified":"2023-12-08T11:49:40","modified_gmt":"2023-12-08T16:49:40","slug":"lo-que-debe-hacer-si-workers-comp-niega-su-terapia-fisica","status":"publish","type":"page","link":"https:\/\/www.newyorkhipknee.com\/es\/indemnizacion-por-accidente-laboral\/lo-que-debe-hacer-si-workers-comp-niega-su-terapia-fisica\/","title":{"rendered":"Lo que debe hacer si Worker&#8217;s Comp niega su terapia f\u00edsica"},"content":{"rendered":"<p>La indemnizaci\u00f3n por accidente laboral est\u00e1 financiada exclusivamente por tu empresa y, seg\u00fan la Administraci\u00f3n de la Seguridad Social, el total de pagos de prestaciones de los programas de indemnizaci\u00f3n por accidente laboral alcanz\u00f3 los 63 600 millones de d\u00f3lares en 2013.<\/p>\n<p>En caso de accidente laboral, suele tener la oportunidad de recibir prestaciones a trav\u00e9s de la indemnizaci\u00f3n por accidente laboral. A menudo, las lesiones laborales requieren fisioterapia. Sin embargo, hay casos en los que su solicitud de fisioterapia puede ser denegada.<\/p>\n<p>Motivos de denegaci\u00f3n de fisioterapia:<\/p>\n<ol>\n<li><strong>Falta de notificaci\u00f3n inmediata a su empleador:<\/strong>\n<ul>\n<li>Es crucial que comunique inmediatamente su lesi\u00f3n a la empresa, ya que, seg\u00fan el seguro de accidentes de trabajo, el inicio de su reclamaci\u00f3n depende de este informe. Normalmente, tiene un plazo de 30 d\u00edas para presentar una reclamaci\u00f3n. Si se excede, pueden denegarse servicios como la fisioterapia recomendada por su m\u00e9dico.<\/li>\n<\/ul>\n<\/li>\n<li><strong>No presentar la reclamaci\u00f3n dentro del plazo legal:<\/strong>\n<ul>\n<li>Notificar una lesi\u00f3n y presentar una reclamaci\u00f3n son procesos distintos. Saltarse el plazo de prescripci\u00f3n para presentar una reclamaci\u00f3n formal podr\u00eda dar lugar a la denegaci\u00f3n, lo que conllevar\u00eda el rechazo de la fisioterapia. Los plazos de presentaci\u00f3n var\u00edan de un estado a otro, por lo que es esencial conocer las leyes de su estado.<\/li>\n<\/ul>\n<\/li>\n<li><strong>La lesi\u00f3n se produce fuera del trabajo:<\/strong>\n<ul>\n<li>Para presentar una reclamaci\u00f3n, la lesi\u00f3n debe producirse mientras trabaja en las instalaciones de su empresa o durante un trabajo fuera de ellas. El voluntariado fuera del horario laboral puede no estar cubierto, ya que t\u00e9cnicamente no est\u00e1 trabajando para su empresa en ese momento.<\/li>\n<\/ul>\n<\/li>\n<li><strong>Fracaso administrativo:<\/strong>\n<ul>\n<li>Las sesiones de fisioterapia prescritas por un m\u00e9dico deben comunicarse al perito del seguro de accidentes de trabajo. De lo contrario, podr\u00eda deneg\u00e1rsele la fisioterapia.<\/li>\n<\/ul>\n<\/li>\n<\/ol>\n<p>Abordar las denegaciones:<\/p>\n<ul>\n<li>Si le deniegan la fisioterapia, considere la posibilidad de presentar un recurso sin demora. Este proceso, que suele durar entre 30 y 90 d\u00edas, se beneficia de la consulta a un abogado especializado en compensaci\u00f3n de los trabajadores para navegar por las complejidades.<\/li>\n<li>La reapertura de una reclamaci\u00f3n anterior es una opci\u00f3n si su lesi\u00f3n empeora y la fisioterapia resulta esencial para el desempe\u00f1o del trabajo. Es aconsejable buscar asesoramiento jur\u00eddico debido a los entresijos de las leyes de indemnizaci\u00f3n de los trabajadores.<\/li>\n<\/ul>\n<p>Garantizar que reciba las m\u00e1ximas prestaciones y la fisioterapia necesaria requiere una cuidadosa navegaci\u00f3n por el sistema de compensaci\u00f3n de los trabajadores. Consultar a un abogado con experiencia aumenta sus posibilidades de \u00e9xito y le ayuda a recuperar el control de su vida.<\/p>\n","protected":false},"excerpt":{"rendered":"<p>La indemnizaci\u00f3n por accidente laboral est\u00e1 financiada exclusivamente por tu empresa y, seg\u00fan la Administraci\u00f3n de la Seguridad Social, el total de pagos de prestaciones de los programas de indemnizaci\u00f3n por accidente laboral alcanz\u00f3 los 63 600 millones de d\u00f3lares en 2013. En caso de accidente laboral, suele tener la oportunidad de recibir prestaciones a [&hellip;]<\/p>\n","protected":false},"author":33,"featured_media":0,"parent":16874,"menu_order":0,"comment_status":"closed","ping_status":"closed","template":"","meta":{"_et_pb_use_builder":"","_et_pb_old_content":"","_et_gb_content_width":"","footnotes":""},"class_list":["post-21289","page","type-page","status-publish","hentry"],"yoast_head":"<!-- This site is optimized with the Yoast SEO plugin v27.2 - https:\/\/yoast.com\/product\/yoast-seo-wordpress\/ -->\n<title>Lo que debe hacer si Worker&#039;s Comp niega su terapia f\u00edsica | Best Hip &amp; Knee Surgeon | NY, USA<\/title>\n<meta name=\"description\" content=\"La indemnizaci\u00f3n por accidente laboral est\u00e1 financiada exclusivamente por tu empresa y, seg\u00fan la Administraci\u00f3n de la Seguridad Social, el total de pagos\" \/>\n<meta name=\"robots\" content=\"index, follow, max-snippet:-1, max-image-preview:large, max-video-preview:-1\" \/>\n<link rel=\"canonical\" href=\"https:\/\/www.newyorkhipknee.com\/es\/indemnizacion-por-accidente-laboral\/lo-que-debe-hacer-si-workers-comp-niega-su-terapia-fisica\/\" \/>\n<meta property=\"og:locale\" content=\"es_ES\" \/>\n<meta property=\"og:type\" content=\"article\" \/>\n<meta property=\"og:title\" content=\"Lo que debe hacer si Worker&#039;s Comp niega su terapia f\u00edsica | Best Hip &amp; Knee Surgeon | NY, USA\" \/>\n<meta property=\"og:description\" content=\"La indemnizaci\u00f3n por accidente laboral est\u00e1 financiada exclusivamente por tu empresa y, seg\u00fan la Administraci\u00f3n de la Seguridad Social, el total de pagos\" \/>\n<meta property=\"og:url\" content=\"https:\/\/www.newyorkhipknee.com\/es\/indemnizacion-por-accidente-laboral\/lo-que-debe-hacer-si-workers-comp-niega-su-terapia-fisica\/\" \/>\n<meta property=\"og:site_name\" content=\"Best Hip &amp; Knee Surgeon | NY, USA\" \/>\n<meta name=\"twitter:card\" content=\"summary_large_image\" \/>\n<meta name=\"twitter:label1\" content=\"Tiempo de lectura\" \/>\n\t<meta name=\"twitter:data1\" content=\"2 minutos\" \/>\n<script type=\"application\/ld+json\" class=\"yoast-schema-graph\">{\"@context\":\"https:\/\/schema.org\",\"@graph\":[{\"@type\":[\"WebPage\",\"MedicalWebPage\"],\"@id\":\"https:\/\/www.newyorkhipknee.com\/es\/indemnizacion-por-accidente-laboral\/lo-que-debe-hacer-si-workers-comp-niega-su-terapia-fisica\/\",\"url\":\"https:\/\/www.newyorkhipknee.com\/es\/indemnizacion-por-accidente-laboral\/lo-que-debe-hacer-si-workers-comp-niega-su-terapia-fisica\/\",\"name\":\"Lo que debe hacer si Worker's Comp niega su terapia f\u00edsica | Best Hip &amp; Knee Surgeon | NY, USA\",\"isPartOf\":{\"@id\":\"https:\/\/www.newyorkhipknee.com\/es\/#website\"},\"datePublished\":\"2023-12-08T16:49:40+00:00\",\"description\":\"La indemnizaci\u00f3n por accidente laboral est\u00e1 financiada exclusivamente por tu empresa y, seg\u00fan la Administraci\u00f3n de la Seguridad Social, el total de pagos\",\"breadcrumb\":{\"@id\":\"https:\/\/www.newyorkhipknee.com\/es\/indemnizacion-por-accidente-laboral\/lo-que-debe-hacer-si-workers-comp-niega-su-terapia-fisica\/#breadcrumb\"},\"inLanguage\":\"es\",\"potentialAction\":[{\"@type\":\"ReadAction\",\"target\":[\"https:\/\/www.newyorkhipknee.com\/es\/indemnizacion-por-accidente-laboral\/lo-que-debe-hacer-si-workers-comp-niega-su-terapia-fisica\/\"]}]},{\"@type\":\"BreadcrumbList\",\"@id\":\"https:\/\/www.newyorkhipknee.com\/es\/indemnizacion-por-accidente-laboral\/lo-que-debe-hacer-si-workers-comp-niega-su-terapia-fisica\/#breadcrumb\",\"itemListElement\":[{\"@type\":\"ListItem\",\"position\":1,\"name\":\"Home\",\"item\":\"https:\/\/www.newyorkhipknee.com\/es\/\"},{\"@type\":\"ListItem\",\"position\":2,\"name\":\"Indemnizaci\u00f3n por accidente laboral\",\"item\":\"https:\/\/www.newyorkhipknee.com\/es\/indemnizacion-por-accidente-laboral\/\"},{\"@type\":\"ListItem\",\"position\":3,\"name\":\"Lo que debe hacer si Worker&#8217;s Comp niega su terapia f\u00edsica\"}]},{\"@type\":\"WebSite\",\"@id\":\"https:\/\/www.newyorkhipknee.com\/es\/#website\",\"url\":\"https:\/\/www.newyorkhipknee.com\/es\/\",\"name\":\"Best Hip & Knee Surgeon | NY, USA\",\"description\":\"\",\"potentialAction\":[{\"@type\":\"SearchAction\",\"target\":{\"@type\":\"EntryPoint\",\"urlTemplate\":\"https:\/\/www.newyorkhipknee.com\/es\/?s={search_term_string}\"},\"query-input\":{\"@type\":\"PropertyValueSpecification\",\"valueRequired\":true,\"valueName\":\"search_term_string\"}}],\"inLanguage\":\"es\"}]}<\/script>\n<!-- \/ Yoast SEO plugin. -->","yoast_head_json":{"title":"Lo que debe hacer si Worker's Comp niega su terapia f\u00edsica | Best Hip &amp; Knee Surgeon | NY, USA","description":"La indemnizaci\u00f3n por accidente laboral est\u00e1 financiada exclusivamente por tu empresa y, seg\u00fan la Administraci\u00f3n de la Seguridad Social, el total de pagos","robots":{"index":"index","follow":"follow","max-snippet":"max-snippet:-1","max-image-preview":"max-image-preview:large","max-video-preview":"max-video-preview:-1"},"canonical":"https:\/\/www.newyorkhipknee.com\/es\/indemnizacion-por-accidente-laboral\/lo-que-debe-hacer-si-workers-comp-niega-su-terapia-fisica\/","og_locale":"es_ES","og_type":"article","og_title":"Lo que debe hacer si Worker's Comp niega su terapia f\u00edsica | Best Hip &amp; Knee Surgeon | NY, USA","og_description":"La indemnizaci\u00f3n por accidente laboral est\u00e1 financiada exclusivamente por tu empresa y, seg\u00fan la Administraci\u00f3n de la Seguridad Social, el total de pagos","og_url":"https:\/\/www.newyorkhipknee.com\/es\/indemnizacion-por-accidente-laboral\/lo-que-debe-hacer-si-workers-comp-niega-su-terapia-fisica\/","og_site_name":"Best Hip &amp; Knee Surgeon | NY, USA","twitter_card":"summary_large_image","twitter_misc":{"Tiempo de lectura":"2 minutos"},"schema":{"@context":"https:\/\/schema.org","@graph":[{"@type":["WebPage","MedicalWebPage"],"@id":"https:\/\/www.newyorkhipknee.com\/es\/indemnizacion-por-accidente-laboral\/lo-que-debe-hacer-si-workers-comp-niega-su-terapia-fisica\/","url":"https:\/\/www.newyorkhipknee.com\/es\/indemnizacion-por-accidente-laboral\/lo-que-debe-hacer-si-workers-comp-niega-su-terapia-fisica\/","name":"Lo que debe hacer si Worker's Comp niega su terapia f\u00edsica | Best Hip &amp; Knee Surgeon | NY, USA","isPartOf":{"@id":"https:\/\/www.newyorkhipknee.com\/es\/#website"},"datePublished":"2023-12-08T16:49:40+00:00","description":"La indemnizaci\u00f3n por accidente laboral est\u00e1 financiada exclusivamente por tu empresa y, seg\u00fan la Administraci\u00f3n de la Seguridad Social, el total de pagos","breadcrumb":{"@id":"https:\/\/www.newyorkhipknee.com\/es\/indemnizacion-por-accidente-laboral\/lo-que-debe-hacer-si-workers-comp-niega-su-terapia-fisica\/#breadcrumb"},"inLanguage":"es","potentialAction":[{"@type":"ReadAction","target":["https:\/\/www.newyorkhipknee.com\/es\/indemnizacion-por-accidente-laboral\/lo-que-debe-hacer-si-workers-comp-niega-su-terapia-fisica\/"]}]},{"@type":"BreadcrumbList","@id":"https:\/\/www.newyorkhipknee.com\/es\/indemnizacion-por-accidente-laboral\/lo-que-debe-hacer-si-workers-comp-niega-su-terapia-fisica\/#breadcrumb","itemListElement":[{"@type":"ListItem","position":1,"name":"Home","item":"https:\/\/www.newyorkhipknee.com\/es\/"},{"@type":"ListItem","position":2,"name":"Indemnizaci\u00f3n por accidente laboral","item":"https:\/\/www.newyorkhipknee.com\/es\/indemnizacion-por-accidente-laboral\/"},{"@type":"ListItem","position":3,"name":"Lo que debe hacer si Worker&#8217;s Comp niega su terapia f\u00edsica"}]},{"@type":"WebSite","@id":"https:\/\/www.newyorkhipknee.com\/es\/#website","url":"https:\/\/www.newyorkhipknee.com\/es\/","name":"Best Hip & Knee Surgeon | NY, USA","description":"","potentialAction":[{"@type":"SearchAction","target":{"@type":"EntryPoint","urlTemplate":"https:\/\/www.newyorkhipknee.com\/es\/?s={search_term_string}"},"query-input":{"@type":"PropertyValueSpecification","valueRequired":true,"valueName":"search_term_string"}}],"inLanguage":"es"}]}},"_links":{"self":[{"href":"https:\/\/www.newyorkhipknee.com\/es\/wp-json\/wp\/v2\/pages\/21289","targetHints":{"allow":["GET"]}}],"collection":[{"href":"https:\/\/www.newyorkhipknee.com\/es\/wp-json\/wp\/v2\/pages"}],"about":[{"href":"https:\/\/www.newyorkhipknee.com\/es\/wp-json\/wp\/v2\/types\/page"}],"author":[{"embeddable":true,"href":"https:\/\/www.newyorkhipknee.com\/es\/wp-json\/wp\/v2\/users\/33"}],"replies":[{"embeddable":true,"href":"https:\/\/www.newyorkhipknee.com\/es\/wp-json\/wp\/v2\/comments?post=21289"}],"version-history":[{"count":0,"href":"https:\/\/www.newyorkhipknee.com\/es\/wp-json\/wp\/v2\/pages\/21289\/revisions"}],"up":[{"embeddable":true,"href":"https:\/\/www.newyorkhipknee.com\/es\/wp-json\/wp\/v2\/pages\/16874"}],"wp:attachment":[{"href":"https:\/\/www.newyorkhipknee.com\/es\/wp-json\/wp\/v2\/media?parent=21289"}],"curies":[{"name":"wp","href":"https:\/\/api.w.org\/{rel}","templated":true}]}}