{"id":21295,"date":"2023-12-08T14:52:20","date_gmt":"2023-12-08T19:52:20","guid":{"rendered":"https:\/\/newyorkhipknee.com\/indemnizacion-por-accidente-laboral\/fraude-de-compensacion-para-trabajadores\/"},"modified":"2023-12-08T14:52:20","modified_gmt":"2023-12-08T19:52:20","slug":"fraude-de-compensacion-para-trabajadores","status":"publish","type":"page","link":"https:\/\/www.newyorkhipknee.com\/es\/indemnizacion-por-accidente-laboral\/fraude-de-compensacion-para-trabajadores\/","title":{"rendered":"Fraude de Compensaci\u00f3n para Trabajadores"},"content":{"rendered":"<p>Tanto en el sector privado como en el p\u00fablico, el fraude en la indemnizaci\u00f3n por accidente laboral puede implicar a m\u00e9dicos, abogados, empresarios, empleados de compa\u00f1\u00edas de seguros y reclamantes. La Oficina Nacional de Delitos contra los Seguros informa de que el fraude de los reclamantes, aunque relativamente bajo (un tercio del uno por ciento), sigue representando 7.200 millones de d\u00f3lares en costes innecesarios. Sin embargo, no hay consenso sobre c\u00f3mo medir el grado de fraude en la indemnizaci\u00f3n por accidentes laborales, lo que da lugar a opiniones diversas sobre su importancia.<\/p>\n<p>La Coalici\u00f3n contra el Fraude en los Seguros pone de relieve miles de millones de d\u00f3lares en reclamaciones falsas y primas impagadas en Estados Unidos cada a\u00f1o. Los trabajadores incurren en varios tipos de fraude, como declarar lesiones remotas, inflar la gravedad de las lesiones, fingir lesiones, alegar lesiones antiguas como recientes, fingir y no revelar informaci\u00f3n pertinente.<\/p>\n<p>Los empresarios tambi\u00e9n est\u00e1n implicados en actividades fraudulentas, como declarar n\u00f3minas inferiores a las reales, inflar la experiencia para reducir riesgos y gastos, eludir la cobertura obligatoria de indemnizaci\u00f3n por accidentes de trabajo y utilizar \u00abplanes de exclusi\u00f3n voluntaria\u00bb regulados por la Ley federal de Seguridad de Ingresos de Jubilaci\u00f3n de los Empleados (ERISA).<\/p>\n<p>La Coalici\u00f3n contra el Fraude al Seguro, creada en 1993, es un esfuerzo colectivo de organizaciones de seguros, consumidores, organismos p\u00fablicos y \u00f3rganos legislativos. Su misi\u00f3n es luchar contra el fraude de seguros uniendo a organizaciones privadas y p\u00fablicas, controlando los costes de los seguros, protegiendo la seguridad p\u00fablica y reduciendo la delincuencia.<\/p>\n<p>La Coalici\u00f3n desarrolla sus actividades en tres \u00e1mbitos principales:<\/p>\n<ol>\n<li><strong>Asuntos gubernamentales:<\/strong>\n<ul>\n<li>Defender leyes antifraude m\u00e1s estrictas mediante campa\u00f1as locales y de base.<\/li>\n<li>Elaborar proyectos de ley modelo, incluidos los que definen el fraude de seguros como delito.<\/li>\n<li>Reforzar los proyectos de ley contra el fraude.<\/li>\n<li>Organizar cumbres significativas.<\/li>\n<li>Apoyar los enjuiciamientos.<\/li>\n<\/ul>\n<\/li>\n<li><strong>Comunicaci\u00f3n:<\/strong>\n<ul>\n<li>Aumentar la concienciaci\u00f3n p\u00fablica sobre el fraude de seguros y las formas de combatirlo.<\/li>\n<li>Empoderar y alertar a los consumidores.<\/li>\n<li>Coordinar los esfuerzos de divulgaci\u00f3n.<\/li>\n<\/ul>\n<\/li>\n<li><strong>Investigaci\u00f3n:<\/strong>\n<ul>\n<li>Patrocinar investigaciones y encuestas prominentes.<\/li>\n<\/ul>\n<\/li>\n<\/ol>\n<p>La Coalici\u00f3n publica varios recursos, como el Journal of Insurance Fraud in America (JIFA), FraudWire, Fraud News Weekly y una gu\u00eda de actuaci\u00f3n llamada \u00abGet a Grip on Fraud: Manual de concienciaci\u00f3n sobre el fraude\u00bb. Los estudios de investigaci\u00f3n de la \u00faltima d\u00e9cada han abarcado temas como la eficacia de las advertencias en los controles de prestaciones, la comprensi\u00f3n de por qu\u00e9 la gente tolera el fraude, la medici\u00f3n del fraude a las aseguradoras, el desv\u00edo de medicamentos y la evaluaci\u00f3n del rendimiento de las Unidades Especiales de Investigaci\u00f3n.<\/p>\n<p>La Coalici\u00f3n tambi\u00e9n emite advertencias sobre diversos fraudes, entre ellos los relacionados con agentes y aseguradoras, airbags falsificados, estafas en la reparaci\u00f3n de autom\u00f3viles, planes de salud falsos, contratistas fraudulentos, fraude en la facturaci\u00f3n dental, tarjetas de descuento m\u00e9dico falsas, desv\u00edo de medicamentos, robo de identidad m\u00e9dica, accidentes de autom\u00f3vil simulados y fraude en la indemnizaci\u00f3n por accidentes de trabajo por parte de empresas.<\/p>\n","protected":false},"excerpt":{"rendered":"<p>Tanto en el sector privado como en el p\u00fablico, el fraude en la indemnizaci\u00f3n por accidente laboral puede implicar a m\u00e9dicos, abogados, empresarios, empleados de compa\u00f1\u00edas de seguros y reclamantes. La Oficina Nacional de Delitos contra los Seguros informa de que el fraude de los reclamantes, aunque relativamente bajo (un tercio del uno por ciento), [&hellip;]<\/p>\n","protected":false},"author":33,"featured_media":0,"parent":16874,"menu_order":0,"comment_status":"closed","ping_status":"closed","template":"","meta":{"_et_pb_use_builder":"","_et_pb_old_content":"","_et_gb_content_width":"","footnotes":""},"class_list":["post-21295","page","type-page","status-publish","hentry"],"yoast_head":"<!-- This site is optimized with the Yoast SEO plugin v27.2 - https:\/\/yoast.com\/product\/yoast-seo-wordpress\/ -->\n<title>Fraude de Compensaci\u00f3n para Trabajadores | Best Hip &amp; Knee Surgeon | NY, USA<\/title>\n<meta name=\"description\" content=\"Tanto en el sector privado como en el p\u00fablico, el fraude en la indemnizaci\u00f3n por accidente laboral puede implicar a m\u00e9dicos, abogados, empresarios,\" \/>\n<meta name=\"robots\" content=\"index, follow, max-snippet:-1, max-image-preview:large, max-video-preview:-1\" \/>\n<link rel=\"canonical\" href=\"https:\/\/www.newyorkhipknee.com\/es\/indemnizacion-por-accidente-laboral\/fraude-de-compensacion-para-trabajadores\/\" \/>\n<meta property=\"og:locale\" content=\"es_ES\" \/>\n<meta property=\"og:type\" content=\"article\" \/>\n<meta property=\"og:title\" content=\"Fraude de Compensaci\u00f3n para Trabajadores | Best Hip &amp; Knee Surgeon | NY, USA\" \/>\n<meta property=\"og:description\" content=\"Tanto en el sector privado como en el p\u00fablico, el fraude en la indemnizaci\u00f3n por accidente laboral puede implicar a m\u00e9dicos, abogados, empresarios,\" \/>\n<meta property=\"og:url\" content=\"https:\/\/www.newyorkhipknee.com\/es\/indemnizacion-por-accidente-laboral\/fraude-de-compensacion-para-trabajadores\/\" \/>\n<meta property=\"og:site_name\" content=\"Best Hip &amp; Knee Surgeon | NY, USA\" \/>\n<meta name=\"twitter:card\" content=\"summary_large_image\" \/>\n<meta name=\"twitter:label1\" content=\"Tiempo de lectura\" \/>\n\t<meta name=\"twitter:data1\" content=\"3 minutos\" \/>\n<script type=\"application\/ld+json\" class=\"yoast-schema-graph\">{\"@context\":\"https:\/\/schema.org\",\"@graph\":[{\"@type\":[\"WebPage\",\"MedicalWebPage\"],\"@id\":\"https:\/\/www.newyorkhipknee.com\/es\/indemnizacion-por-accidente-laboral\/fraude-de-compensacion-para-trabajadores\/\",\"url\":\"https:\/\/www.newyorkhipknee.com\/es\/indemnizacion-por-accidente-laboral\/fraude-de-compensacion-para-trabajadores\/\",\"name\":\"Fraude de Compensaci\u00f3n para Trabajadores | Best Hip &amp; Knee Surgeon | NY, USA\",\"isPartOf\":{\"@id\":\"https:\/\/www.newyorkhipknee.com\/es\/#website\"},\"datePublished\":\"2023-12-08T19:52:20+00:00\",\"description\":\"Tanto en el sector privado como en el p\u00fablico, el fraude en la indemnizaci\u00f3n por accidente laboral puede implicar a m\u00e9dicos, abogados, empresarios,\",\"breadcrumb\":{\"@id\":\"https:\/\/www.newyorkhipknee.com\/es\/indemnizacion-por-accidente-laboral\/fraude-de-compensacion-para-trabajadores\/#breadcrumb\"},\"inLanguage\":\"es\",\"potentialAction\":[{\"@type\":\"ReadAction\",\"target\":[\"https:\/\/www.newyorkhipknee.com\/es\/indemnizacion-por-accidente-laboral\/fraude-de-compensacion-para-trabajadores\/\"]}]},{\"@type\":\"BreadcrumbList\",\"@id\":\"https:\/\/www.newyorkhipknee.com\/es\/indemnizacion-por-accidente-laboral\/fraude-de-compensacion-para-trabajadores\/#breadcrumb\",\"itemListElement\":[{\"@type\":\"ListItem\",\"position\":1,\"name\":\"Home\",\"item\":\"https:\/\/www.newyorkhipknee.com\/es\/\"},{\"@type\":\"ListItem\",\"position\":2,\"name\":\"Indemnizaci\u00f3n por accidente laboral\",\"item\":\"https:\/\/www.newyorkhipknee.com\/es\/indemnizacion-por-accidente-laboral\/\"},{\"@type\":\"ListItem\",\"position\":3,\"name\":\"Fraude de Compensaci\u00f3n para Trabajadores\"}]},{\"@type\":\"WebSite\",\"@id\":\"https:\/\/www.newyorkhipknee.com\/es\/#website\",\"url\":\"https:\/\/www.newyorkhipknee.com\/es\/\",\"name\":\"Best Hip & Knee Surgeon | NY, USA\",\"description\":\"\",\"potentialAction\":[{\"@type\":\"SearchAction\",\"target\":{\"@type\":\"EntryPoint\",\"urlTemplate\":\"https:\/\/www.newyorkhipknee.com\/es\/?s={search_term_string}\"},\"query-input\":{\"@type\":\"PropertyValueSpecification\",\"valueRequired\":true,\"valueName\":\"search_term_string\"}}],\"inLanguage\":\"es\"}]}<\/script>\n<!-- \/ Yoast SEO plugin. -->","yoast_head_json":{"title":"Fraude de Compensaci\u00f3n para Trabajadores | Best Hip &amp; Knee Surgeon | NY, USA","description":"Tanto en el sector privado como en el p\u00fablico, el fraude en la indemnizaci\u00f3n por accidente laboral puede implicar a m\u00e9dicos, abogados, empresarios,","robots":{"index":"index","follow":"follow","max-snippet":"max-snippet:-1","max-image-preview":"max-image-preview:large","max-video-preview":"max-video-preview:-1"},"canonical":"https:\/\/www.newyorkhipknee.com\/es\/indemnizacion-por-accidente-laboral\/fraude-de-compensacion-para-trabajadores\/","og_locale":"es_ES","og_type":"article","og_title":"Fraude de Compensaci\u00f3n para Trabajadores | Best Hip &amp; Knee Surgeon | NY, USA","og_description":"Tanto en el sector privado como en el p\u00fablico, el fraude en la indemnizaci\u00f3n por accidente laboral puede implicar a m\u00e9dicos, abogados, empresarios,","og_url":"https:\/\/www.newyorkhipknee.com\/es\/indemnizacion-por-accidente-laboral\/fraude-de-compensacion-para-trabajadores\/","og_site_name":"Best Hip &amp; Knee Surgeon | NY, USA","twitter_card":"summary_large_image","twitter_misc":{"Tiempo de lectura":"3 minutos"},"schema":{"@context":"https:\/\/schema.org","@graph":[{"@type":["WebPage","MedicalWebPage"],"@id":"https:\/\/www.newyorkhipknee.com\/es\/indemnizacion-por-accidente-laboral\/fraude-de-compensacion-para-trabajadores\/","url":"https:\/\/www.newyorkhipknee.com\/es\/indemnizacion-por-accidente-laboral\/fraude-de-compensacion-para-trabajadores\/","name":"Fraude de Compensaci\u00f3n para Trabajadores | Best Hip &amp; Knee Surgeon | NY, USA","isPartOf":{"@id":"https:\/\/www.newyorkhipknee.com\/es\/#website"},"datePublished":"2023-12-08T19:52:20+00:00","description":"Tanto en el sector privado como en el p\u00fablico, el fraude en la indemnizaci\u00f3n por accidente laboral puede implicar a m\u00e9dicos, abogados, empresarios,","breadcrumb":{"@id":"https:\/\/www.newyorkhipknee.com\/es\/indemnizacion-por-accidente-laboral\/fraude-de-compensacion-para-trabajadores\/#breadcrumb"},"inLanguage":"es","potentialAction":[{"@type":"ReadAction","target":["https:\/\/www.newyorkhipknee.com\/es\/indemnizacion-por-accidente-laboral\/fraude-de-compensacion-para-trabajadores\/"]}]},{"@type":"BreadcrumbList","@id":"https:\/\/www.newyorkhipknee.com\/es\/indemnizacion-por-accidente-laboral\/fraude-de-compensacion-para-trabajadores\/#breadcrumb","itemListElement":[{"@type":"ListItem","position":1,"name":"Home","item":"https:\/\/www.newyorkhipknee.com\/es\/"},{"@type":"ListItem","position":2,"name":"Indemnizaci\u00f3n por accidente laboral","item":"https:\/\/www.newyorkhipknee.com\/es\/indemnizacion-por-accidente-laboral\/"},{"@type":"ListItem","position":3,"name":"Fraude de Compensaci\u00f3n para Trabajadores"}]},{"@type":"WebSite","@id":"https:\/\/www.newyorkhipknee.com\/es\/#website","url":"https:\/\/www.newyorkhipknee.com\/es\/","name":"Best Hip & Knee Surgeon | NY, USA","description":"","potentialAction":[{"@type":"SearchAction","target":{"@type":"EntryPoint","urlTemplate":"https:\/\/www.newyorkhipknee.com\/es\/?s={search_term_string}"},"query-input":{"@type":"PropertyValueSpecification","valueRequired":true,"valueName":"search_term_string"}}],"inLanguage":"es"}]}},"_links":{"self":[{"href":"https:\/\/www.newyorkhipknee.com\/es\/wp-json\/wp\/v2\/pages\/21295","targetHints":{"allow":["GET"]}}],"collection":[{"href":"https:\/\/www.newyorkhipknee.com\/es\/wp-json\/wp\/v2\/pages"}],"about":[{"href":"https:\/\/www.newyorkhipknee.com\/es\/wp-json\/wp\/v2\/types\/page"}],"author":[{"embeddable":true,"href":"https:\/\/www.newyorkhipknee.com\/es\/wp-json\/wp\/v2\/users\/33"}],"replies":[{"embeddable":true,"href":"https:\/\/www.newyorkhipknee.com\/es\/wp-json\/wp\/v2\/comments?post=21295"}],"version-history":[{"count":0,"href":"https:\/\/www.newyorkhipknee.com\/es\/wp-json\/wp\/v2\/pages\/21295\/revisions"}],"up":[{"embeddable":true,"href":"https:\/\/www.newyorkhipknee.com\/es\/wp-json\/wp\/v2\/pages\/16874"}],"wp:attachment":[{"href":"https:\/\/www.newyorkhipknee.com\/es\/wp-json\/wp\/v2\/media?parent=21295"}],"curies":[{"name":"wp","href":"https:\/\/api.w.org\/{rel}","templated":true}]}}