{"id":21299,"date":"2023-12-08T13:22:52","date_gmt":"2023-12-08T18:22:52","guid":{"rendered":"https:\/\/newyorkhipknee.com\/indemnizacion-por-accidente-laboral\/formularios-de-facturacion-de-accidentes-laborales\/"},"modified":"2023-12-08T13:22:52","modified_gmt":"2023-12-08T18:22:52","slug":"formularios-de-facturacion-de-accidentes-laborales","status":"publish","type":"page","link":"https:\/\/www.newyorkhipknee.com\/es\/indemnizacion-por-accidente-laboral\/formularios-de-facturacion-de-accidentes-laborales\/","title":{"rendered":"Formularios de facturaci\u00f3n de accidentes laborales"},"content":{"rendered":"<p>Los m\u00e9dicos que tratan lesiones por accidentes de trabajo a menudo se enfrentan a diversos formularios de facturaci\u00f3n. Vamos a guiarle a trav\u00e9s de los formularios de facturaci\u00f3n relevantes tanto para los pacientes como para los profesionales m\u00e9dicos.<\/p>\n<p>El formulario de reclamaci\u00f3n est\u00e1ndar, CMS-1500, gestionado por el Comit\u00e9 Nacional de Reclamaciones Uniformes (NUCC), se utiliza para facturar a las compa\u00f1\u00edas de Medicare y a las compa\u00f1\u00edas regionales de equipos m\u00e9dicos duraderos (DMERC) por parte de proveedores o suministradores no institucionales. Este formulario se emplea para facturar a los pacientes servicios m\u00e9dicos no cubiertos por el seguro, incluidos los Centros de Servicios de Medicare y Medicaid (CMS) y las aseguradoras m\u00e9dicas.<\/p>\n<p>Los proveedores y vendedores no institucionales, como servicios de ambulancia, trabajadores sociales cl\u00ednicos, m\u00e9dicos, enfermeros y psic\u00f3logos, utilizan el formulario CMS-1500 para presentar las reclamaciones m\u00e9dicas. Para agilizar los procesos administrativos y mejorar la participaci\u00f3n de los proveedores, la Junta de Indemnizaci\u00f3n por Accidentes de Trabajo ha sustituido varios formularios por el CMS-1500.<\/p>\n<p>Se han sustituido formularios como el informe inicial del m\u00e9dico, la continuaci\u00f3n a la secci\u00f3n de facturaci\u00f3n del transportista\/empresa, el informe de evoluci\u00f3n del m\u00e9dico, el informe m\u00e9dico auxiliar, el informe narrativo del m\u00e9dico, etc. El informe narrativo inicial del m\u00e9dico requiere la presentaci\u00f3n de un formulario CMS-1500, un formulario C4 y un informe narrativo m\u00e9dico, facilitado por una c\u00e1mara de compensaci\u00f3n con un socio de presentaci\u00f3n XML.<\/p>\n<p>Este relato debe incluir detalles como la situaci\u00f3n laboral, la incapacidad temporal, los antecedentes causales, los hallazgos objetivos, el diagn\u00f3stico y un plan para las tres primeras situaciones laborales. La opini\u00f3n del m\u00e9dico sobre la causalidad y un n\u00famero de autorizaci\u00f3n deben figurar en la parte superior del informe, junto con los datos sobre la situaci\u00f3n laboral del paciente.<\/p>\n<p>El informe narrativo del m\u00e9dico debe abordar si la afecci\u00f3n del paciente caus\u00f3 la p\u00e9rdida de tiempo en el trabajo, las fechas de reanudaci\u00f3n del empleo pleno o limitado, la posibilidad de reanudar las actividades laborales habituales y cualquier restricci\u00f3n relacionada con el trabajo con las duraciones previstas. El porcentaje de incapacidad temporal, que oscila entre cero y 100%, debe ser determinado por el m\u00e9dico.<\/p>\n<p>Se establece una distinci\u00f3n entre un centro de intercambio de informaci\u00f3n y un socio de presentaci\u00f3n XML, donde un centro de intercambio de informaci\u00f3n se convierte en socio de presentaci\u00f3n XML tras su aprobaci\u00f3n. Los m\u00e9dicos pueden asociarse con un socio aprobado para la presentaci\u00f3n de XML o asegurarse de que su centro de intercambio de informaci\u00f3n tiene un acuerdo para compartir datos.<\/p>\n<p>El proceso de presentaci\u00f3n electr\u00f3nica define c\u00f3mo un socio de presentaci\u00f3n XML aprobado presenta el formulario CMS-1500 a la Junta, lo que permite a los proveedores presentar electr\u00f3nicamente facturas y descripciones en el formato XML requerido.<\/p>\n<p>Es fundamental presentar las facturas m\u00e9dicas en un plazo de 90 d\u00edas a partir del \u00faltimo d\u00eda de servicio. Un socio de env\u00edo XML dispone de siete d\u00edas laborables para remitir las facturas y los informes descriptivos al pagador y a la Junta Directiva. Es necesario corregir a tiempo las facturas rechazadas, reenvi\u00e1ndolas al pagador y a la Junta.<\/p>\n<p>Es esencial consultar el sitio web de la Junta de Indemnizaci\u00f3n por Accidentes de Trabajo de su estado o consultar a un abogado especializado en indemnizaciones por accidentes de trabajo para obtener m\u00e1s detalles.<\/p>\n","protected":false},"excerpt":{"rendered":"<p>Los m\u00e9dicos que tratan lesiones por accidentes de trabajo a menudo se enfrentan a diversos formularios de facturaci\u00f3n. Vamos a guiarle a trav\u00e9s de los formularios de facturaci\u00f3n relevantes tanto para los pacientes como para los profesionales m\u00e9dicos. El formulario de reclamaci\u00f3n est\u00e1ndar, CMS-1500, gestionado por el Comit\u00e9 Nacional de Reclamaciones Uniformes (NUCC), se utiliza [&hellip;]<\/p>\n","protected":false},"author":33,"featured_media":0,"parent":16874,"menu_order":0,"comment_status":"closed","ping_status":"closed","template":"","meta":{"_et_pb_use_builder":"","_et_pb_old_content":"","_et_gb_content_width":"","footnotes":""},"class_list":["post-21299","page","type-page","status-publish","hentry"],"yoast_head":"<!-- This site is optimized with the Yoast SEO plugin v27.2 - https:\/\/yoast.com\/product\/yoast-seo-wordpress\/ -->\n<title>Formularios de facturaci\u00f3n de accidentes laborales | Best Hip &amp; Knee Surgeon | NY, USA<\/title>\n<meta name=\"description\" content=\"Los m\u00e9dicos que tratan lesiones por accidentes de trabajo a menudo se enfrentan a diversos formularios de facturaci\u00f3n. Vamos a guiarle a trav\u00e9s de los\" \/>\n<meta name=\"robots\" content=\"index, follow, max-snippet:-1, max-image-preview:large, max-video-preview:-1\" \/>\n<link rel=\"canonical\" href=\"https:\/\/www.newyorkhipknee.com\/es\/indemnizacion-por-accidente-laboral\/formularios-de-facturacion-de-accidentes-laborales\/\" \/>\n<meta property=\"og:locale\" content=\"es_ES\" \/>\n<meta property=\"og:type\" content=\"article\" \/>\n<meta property=\"og:title\" content=\"Formularios de facturaci\u00f3n de accidentes laborales | Best Hip &amp; Knee Surgeon | NY, USA\" \/>\n<meta property=\"og:description\" content=\"Los m\u00e9dicos que tratan lesiones por accidentes de trabajo a menudo se enfrentan a diversos formularios de facturaci\u00f3n. Vamos a guiarle a trav\u00e9s de los\" \/>\n<meta property=\"og:url\" content=\"https:\/\/www.newyorkhipknee.com\/es\/indemnizacion-por-accidente-laboral\/formularios-de-facturacion-de-accidentes-laborales\/\" \/>\n<meta property=\"og:site_name\" content=\"Best Hip &amp; Knee Surgeon | NY, USA\" \/>\n<meta name=\"twitter:card\" content=\"summary_large_image\" \/>\n<meta name=\"twitter:label1\" content=\"Tiempo de lectura\" \/>\n\t<meta name=\"twitter:data1\" content=\"3 minutos\" \/>\n<script type=\"application\/ld+json\" class=\"yoast-schema-graph\">{\"@context\":\"https:\/\/schema.org\",\"@graph\":[{\"@type\":[\"WebPage\",\"MedicalWebPage\"],\"@id\":\"https:\/\/www.newyorkhipknee.com\/es\/indemnizacion-por-accidente-laboral\/formularios-de-facturacion-de-accidentes-laborales\/\",\"url\":\"https:\/\/www.newyorkhipknee.com\/es\/indemnizacion-por-accidente-laboral\/formularios-de-facturacion-de-accidentes-laborales\/\",\"name\":\"Formularios de facturaci\u00f3n de accidentes laborales | Best Hip &amp; Knee Surgeon | NY, USA\",\"isPartOf\":{\"@id\":\"https:\/\/www.newyorkhipknee.com\/es\/#website\"},\"datePublished\":\"2023-12-08T18:22:52+00:00\",\"description\":\"Los m\u00e9dicos que tratan lesiones por accidentes de trabajo a menudo se enfrentan a diversos formularios de facturaci\u00f3n. Vamos a guiarle a trav\u00e9s de los\",\"breadcrumb\":{\"@id\":\"https:\/\/www.newyorkhipknee.com\/es\/indemnizacion-por-accidente-laboral\/formularios-de-facturacion-de-accidentes-laborales\/#breadcrumb\"},\"inLanguage\":\"es\",\"potentialAction\":[{\"@type\":\"ReadAction\",\"target\":[\"https:\/\/www.newyorkhipknee.com\/es\/indemnizacion-por-accidente-laboral\/formularios-de-facturacion-de-accidentes-laborales\/\"]}]},{\"@type\":\"BreadcrumbList\",\"@id\":\"https:\/\/www.newyorkhipknee.com\/es\/indemnizacion-por-accidente-laboral\/formularios-de-facturacion-de-accidentes-laborales\/#breadcrumb\",\"itemListElement\":[{\"@type\":\"ListItem\",\"position\":1,\"name\":\"Home\",\"item\":\"https:\/\/www.newyorkhipknee.com\/es\/\"},{\"@type\":\"ListItem\",\"position\":2,\"name\":\"Indemnizaci\u00f3n por accidente laboral\",\"item\":\"https:\/\/www.newyorkhipknee.com\/es\/indemnizacion-por-accidente-laboral\/\"},{\"@type\":\"ListItem\",\"position\":3,\"name\":\"Formularios de facturaci\u00f3n de accidentes laborales\"}]},{\"@type\":\"WebSite\",\"@id\":\"https:\/\/www.newyorkhipknee.com\/es\/#website\",\"url\":\"https:\/\/www.newyorkhipknee.com\/es\/\",\"name\":\"Best Hip & Knee Surgeon | NY, USA\",\"description\":\"\",\"potentialAction\":[{\"@type\":\"SearchAction\",\"target\":{\"@type\":\"EntryPoint\",\"urlTemplate\":\"https:\/\/www.newyorkhipknee.com\/es\/?s={search_term_string}\"},\"query-input\":{\"@type\":\"PropertyValueSpecification\",\"valueRequired\":true,\"valueName\":\"search_term_string\"}}],\"inLanguage\":\"es\"}]}<\/script>\n<!-- \/ Yoast SEO plugin. -->","yoast_head_json":{"title":"Formularios de facturaci\u00f3n de accidentes laborales | Best Hip &amp; Knee Surgeon | NY, USA","description":"Los m\u00e9dicos que tratan lesiones por accidentes de trabajo a menudo se enfrentan a diversos formularios de facturaci\u00f3n. Vamos a guiarle a trav\u00e9s de los","robots":{"index":"index","follow":"follow","max-snippet":"max-snippet:-1","max-image-preview":"max-image-preview:large","max-video-preview":"max-video-preview:-1"},"canonical":"https:\/\/www.newyorkhipknee.com\/es\/indemnizacion-por-accidente-laboral\/formularios-de-facturacion-de-accidentes-laborales\/","og_locale":"es_ES","og_type":"article","og_title":"Formularios de facturaci\u00f3n de accidentes laborales | Best Hip &amp; Knee Surgeon | NY, USA","og_description":"Los m\u00e9dicos que tratan lesiones por accidentes de trabajo a menudo se enfrentan a diversos formularios de facturaci\u00f3n. Vamos a guiarle a trav\u00e9s de los","og_url":"https:\/\/www.newyorkhipknee.com\/es\/indemnizacion-por-accidente-laboral\/formularios-de-facturacion-de-accidentes-laborales\/","og_site_name":"Best Hip &amp; Knee Surgeon | NY, USA","twitter_card":"summary_large_image","twitter_misc":{"Tiempo de lectura":"3 minutos"},"schema":{"@context":"https:\/\/schema.org","@graph":[{"@type":["WebPage","MedicalWebPage"],"@id":"https:\/\/www.newyorkhipknee.com\/es\/indemnizacion-por-accidente-laboral\/formularios-de-facturacion-de-accidentes-laborales\/","url":"https:\/\/www.newyorkhipknee.com\/es\/indemnizacion-por-accidente-laboral\/formularios-de-facturacion-de-accidentes-laborales\/","name":"Formularios de facturaci\u00f3n de accidentes laborales | Best Hip &amp; Knee Surgeon | NY, USA","isPartOf":{"@id":"https:\/\/www.newyorkhipknee.com\/es\/#website"},"datePublished":"2023-12-08T18:22:52+00:00","description":"Los m\u00e9dicos que tratan lesiones por accidentes de trabajo a menudo se enfrentan a diversos formularios de facturaci\u00f3n. Vamos a guiarle a trav\u00e9s de los","breadcrumb":{"@id":"https:\/\/www.newyorkhipknee.com\/es\/indemnizacion-por-accidente-laboral\/formularios-de-facturacion-de-accidentes-laborales\/#breadcrumb"},"inLanguage":"es","potentialAction":[{"@type":"ReadAction","target":["https:\/\/www.newyorkhipknee.com\/es\/indemnizacion-por-accidente-laboral\/formularios-de-facturacion-de-accidentes-laborales\/"]}]},{"@type":"BreadcrumbList","@id":"https:\/\/www.newyorkhipknee.com\/es\/indemnizacion-por-accidente-laboral\/formularios-de-facturacion-de-accidentes-laborales\/#breadcrumb","itemListElement":[{"@type":"ListItem","position":1,"name":"Home","item":"https:\/\/www.newyorkhipknee.com\/es\/"},{"@type":"ListItem","position":2,"name":"Indemnizaci\u00f3n por accidente laboral","item":"https:\/\/www.newyorkhipknee.com\/es\/indemnizacion-por-accidente-laboral\/"},{"@type":"ListItem","position":3,"name":"Formularios de facturaci\u00f3n de accidentes laborales"}]},{"@type":"WebSite","@id":"https:\/\/www.newyorkhipknee.com\/es\/#website","url":"https:\/\/www.newyorkhipknee.com\/es\/","name":"Best Hip & Knee Surgeon | NY, USA","description":"","potentialAction":[{"@type":"SearchAction","target":{"@type":"EntryPoint","urlTemplate":"https:\/\/www.newyorkhipknee.com\/es\/?s={search_term_string}"},"query-input":{"@type":"PropertyValueSpecification","valueRequired":true,"valueName":"search_term_string"}}],"inLanguage":"es"}]}},"_links":{"self":[{"href":"https:\/\/www.newyorkhipknee.com\/es\/wp-json\/wp\/v2\/pages\/21299","targetHints":{"allow":["GET"]}}],"collection":[{"href":"https:\/\/www.newyorkhipknee.com\/es\/wp-json\/wp\/v2\/pages"}],"about":[{"href":"https:\/\/www.newyorkhipknee.com\/es\/wp-json\/wp\/v2\/types\/page"}],"author":[{"embeddable":true,"href":"https:\/\/www.newyorkhipknee.com\/es\/wp-json\/wp\/v2\/users\/33"}],"replies":[{"embeddable":true,"href":"https:\/\/www.newyorkhipknee.com\/es\/wp-json\/wp\/v2\/comments?post=21299"}],"version-history":[{"count":0,"href":"https:\/\/www.newyorkhipknee.com\/es\/wp-json\/wp\/v2\/pages\/21299\/revisions"}],"up":[{"embeddable":true,"href":"https:\/\/www.newyorkhipknee.com\/es\/wp-json\/wp\/v2\/pages\/16874"}],"wp:attachment":[{"href":"https:\/\/www.newyorkhipknee.com\/es\/wp-json\/wp\/v2\/media?parent=21299"}],"curies":[{"name":"wp","href":"https:\/\/api.w.org\/{rel}","templated":true}]}}