{"id":21301,"date":"2023-12-08T15:43:37","date_gmt":"2023-12-08T20:43:37","guid":{"rendered":"https:\/\/newyorkhipknee.com\/indemnizacion-por-accidente-laboral\/cuestiones-de-interes-relacionadas-con-la-indemnizacion-de-los-trabajadores\/"},"modified":"2023-12-08T15:43:37","modified_gmt":"2023-12-08T20:43:37","slug":"cuestiones-de-interes-relacionadas-con-la-indemnizacion-de-los-trabajadores","status":"publish","type":"page","link":"https:\/\/www.newyorkhipknee.com\/es\/indemnizacion-por-accidente-laboral\/cuestiones-de-interes-relacionadas-con-la-indemnizacion-de-los-trabajadores\/","title":{"rendered":"Cuestiones de inter\u00e9s relacionadas con la indemnizaci\u00f3n de los trabajadores,"},"content":{"rendered":"<h1>Introducci\u00f3n<\/h1>\n<p>Las lesiones relacionadas con el trabajo suponen un riesgo importante de discapacidad y mortalidad, lo que hace necesario que el sistema de indemnizaci\u00f3n de los trabajadores ofrezca compensaci\u00f3n a los empleados que sufren lesiones o enfermedades en el lugar de trabajo. Este sistema, establecido por ley, hace recaer en los empresarios la responsabilidad de cubrir la mayor parte de los gastos relacionados con estos incidentes, independientemente de la culpa.<\/p>\n<p>Cada estado de Estados Unidos tiene su propio sistema de indemnizaci\u00f3n de los trabajadores, mientras que las leyes federales cubren a los empleados a nivel federal. Las prestaciones comunes a todos los estados incluyen la sustituci\u00f3n del salario perdido por incapacidad total temporal, la manutenci\u00f3n de los dependientes en caso de fallecimiento y una indemnizaci\u00f3n monetaria que cubra los gastos m\u00e9dicos, hospitalarios y relacionados con el fallecimiento.<\/p>\n<p>Sin embargo, la indemnizaci\u00f3n monetaria suele ser un porcentaje del salario semanal medio del trabajador o estar limitada por restricciones laborales, que var\u00edan seg\u00fan el estado. Un periodo de espera suele preceder al inicio de los pagos monetarios. La determinaci\u00f3n de las prestaciones econ\u00f3micas, como las que se conceden por la p\u00e9rdida de un miembro, suele basarse en el porcentaje de incapacidad resultante de la lesi\u00f3n o enfermedad.<\/p>\n<p><strong>Cuestiones de inter\u00e9s:<\/strong> Aunque la indemnizaci\u00f3n por accidentes de trabajo funciona como un sistema sin culpa, que proporciona inmunidad a los empresarios frente a acciones legales, surgen problemas a la hora de determinar la indemnizabilidad de los accidentes, lesiones y enfermedades laborales. Las investigaciones de enfermedades relacionadas con el trabajo se vuelven intrincadas debido a factores como el inicio por exposici\u00f3n, el inicio insidioso y las cuestiones de causalidad m\u00faltiple. Es fundamental reconocer que la indemnizaci\u00f3n por accidente de trabajo es un sistema jur\u00eddico, no m\u00e9dico, en el que los tribunales dictan el lenguaje y las cuestiones y las juntas estatales encargan las prestaciones.<\/p>\n<p>La identificaci\u00f3n de la relaci\u00f3n con el trabajo implica tener en cuenta la salud laboral, el historial de exposici\u00f3n y diversos factores como los puestos de trabajo, las exposiciones y las exposiciones no laborales. La determinaci\u00f3n puede ser solicitada por m\u00e9dicos no especialistas en salud laboral, y a menudo surgen desacuerdos sobre el grado de incapacidad, la preparaci\u00f3n para la reincorporaci\u00f3n al trabajo y la aparici\u00f3n de la afecci\u00f3n en el lugar de trabajo.<\/p>\n<p>Los conceptos de asistencia gestionada, las tarifas y las directrices de tratamiento pueden regir el tratamiento m\u00e9dico, y las leyes estatales definen la elecci\u00f3n del tratamiento m\u00e9dico. Mientras que algunos estados utilizan un panel de proveedores para el control, otros ofrecen la libre elecci\u00f3n de proveedores. Los empresarios pueden optar por un reconocimiento m\u00e9dico independiente realizado por un m\u00e9dico no tratante para evaluar el estado general de salud del trabajador, su situaci\u00f3n laboral, sus capacidades f\u00edsicas, la duraci\u00f3n de su baja laboral y otros factores.<\/p>\n<p>Las categor\u00edas de pagos por incapacidad incluyen la Incapacidad Total Temporal (TTD), la Incapacidad Parcial Temporal (TPD), la Incapacidad Total Permanente (PTD) y la Incapacidad Parcial Permanente (PPD). El sistema de indemnizaci\u00f3n de los trabajadores suele excluir las indemnizaciones por dolor y sufrimiento, y los estados imponen plazos de prescripci\u00f3n para presentar reclamaciones.<\/p>\n<p>Los obst\u00e1culos para la recuperaci\u00f3n y la rehabilitaci\u00f3n pueden ser la prolongaci\u00f3n del tratamiento, la complejidad de las lesiones, una recuperaci\u00f3n prolongada que supere las directrices, lesiones leves que provoquen una discapacidad prolongada, la participaci\u00f3n de varios profesionales sanitarios, comorbilidades y la falta de incentivos econ\u00f3micos o psicosociales para el cumplimiento.<\/p>\n<p><strong>Importancia cl\u00ednica<\/strong>: Las enfermedades profesionales con m\u00faltiples causas, como la p\u00e9rdida de audici\u00f3n, el s\u00edndrome del t\u00fanel carpiano y el dolor de espalda cr\u00f3nico, plantean retos en la identificaci\u00f3n y determinaci\u00f3n de la causalidad. La norma legal implica un examen de la preponderancia de las pruebas para establecer la relaci\u00f3n con el trabajo cuando concurren m\u00faltiples causas.<\/p>\n<p><strong>Mejorar los resultados<\/strong> del equipo sanitario: Un equipo sanitario interprofesional de colaboraci\u00f3n, compuesto por especialistas, m\u00e9dicos de nivel medio, enfermeros, farmac\u00e9uticos y fisioterapeutas\/terapeutas ocupacionales, debe reconocer y navegar por el sistema de Indemnizaci\u00f3n por Accidentes de Trabajo tanto desde el punto de vista financiero como cl\u00ednico. Equilibrar las modificaciones laborales y garantizar una recuperaci\u00f3n adecuada son consideraciones esenciales para el equipo sanitario.<\/p>\n","protected":false},"excerpt":{"rendered":"<p>Introducci\u00f3n Las lesiones relacionadas con el trabajo suponen un riesgo importante de discapacidad y mortalidad, lo que hace necesario que el sistema de indemnizaci\u00f3n de los trabajadores ofrezca compensaci\u00f3n a los empleados que sufren lesiones o enfermedades en el lugar de trabajo. Este sistema, establecido por ley, hace recaer en los empresarios la responsabilidad de [&hellip;]<\/p>\n","protected":false},"author":33,"featured_media":0,"parent":16874,"menu_order":0,"comment_status":"closed","ping_status":"closed","template":"","meta":{"_et_pb_use_builder":"","_et_pb_old_content":"","_et_gb_content_width":"","footnotes":""},"class_list":["post-21301","page","type-page","status-publish","hentry"],"yoast_head":"<!-- This site is optimized with the Yoast SEO plugin v27.2 - https:\/\/yoast.com\/product\/yoast-seo-wordpress\/ -->\n<title>Cuestiones de inter\u00e9s relacionadas con la indemnizaci\u00f3n de los trabajadores, | Best Hip &amp; Knee Surgeon | NY, USA<\/title>\n<meta name=\"description\" content=\"Introducci\u00f3n Las lesiones relacionadas con el trabajo suponen un riesgo importante de discapacidad y mortalidad, lo que hace necesario que el sistema de\" \/>\n<meta name=\"robots\" content=\"index, follow, max-snippet:-1, max-image-preview:large, max-video-preview:-1\" \/>\n<link rel=\"canonical\" href=\"https:\/\/www.newyorkhipknee.com\/es\/indemnizacion-por-accidente-laboral\/cuestiones-de-interes-relacionadas-con-la-indemnizacion-de-los-trabajadores\/\" \/>\n<meta property=\"og:locale\" content=\"es_ES\" \/>\n<meta property=\"og:type\" content=\"article\" \/>\n<meta property=\"og:title\" content=\"Cuestiones de inter\u00e9s relacionadas con la indemnizaci\u00f3n de los trabajadores, | Best Hip &amp; Knee Surgeon | NY, USA\" \/>\n<meta property=\"og:description\" content=\"Introducci\u00f3n Las lesiones relacionadas con el trabajo suponen un riesgo importante de discapacidad y mortalidad, lo que hace necesario que el sistema de\" \/>\n<meta property=\"og:url\" content=\"https:\/\/www.newyorkhipknee.com\/es\/indemnizacion-por-accidente-laboral\/cuestiones-de-interes-relacionadas-con-la-indemnizacion-de-los-trabajadores\/\" \/>\n<meta property=\"og:site_name\" content=\"Best Hip &amp; Knee Surgeon | NY, USA\" \/>\n<meta name=\"twitter:card\" content=\"summary_large_image\" \/>\n<meta name=\"twitter:label1\" content=\"Tiempo de lectura\" \/>\n\t<meta name=\"twitter:data1\" content=\"4 minutos\" \/>\n<script type=\"application\/ld+json\" class=\"yoast-schema-graph\">{\"@context\":\"https:\/\/schema.org\",\"@graph\":[{\"@type\":[\"WebPage\",\"MedicalWebPage\"],\"@id\":\"https:\/\/www.newyorkhipknee.com\/es\/indemnizacion-por-accidente-laboral\/cuestiones-de-interes-relacionadas-con-la-indemnizacion-de-los-trabajadores\/\",\"url\":\"https:\/\/www.newyorkhipknee.com\/es\/indemnizacion-por-accidente-laboral\/cuestiones-de-interes-relacionadas-con-la-indemnizacion-de-los-trabajadores\/\",\"name\":\"Cuestiones de inter\u00e9s relacionadas con la indemnizaci\u00f3n de los trabajadores, | Best Hip &amp; Knee Surgeon | NY, USA\",\"isPartOf\":{\"@id\":\"https:\/\/www.newyorkhipknee.com\/es\/#website\"},\"datePublished\":\"2023-12-08T20:43:37+00:00\",\"description\":\"Introducci\u00f3n Las lesiones relacionadas con el trabajo suponen un riesgo importante de discapacidad y mortalidad, lo que hace necesario que el sistema de\",\"breadcrumb\":{\"@id\":\"https:\/\/www.newyorkhipknee.com\/es\/indemnizacion-por-accidente-laboral\/cuestiones-de-interes-relacionadas-con-la-indemnizacion-de-los-trabajadores\/#breadcrumb\"},\"inLanguage\":\"es\",\"potentialAction\":[{\"@type\":\"ReadAction\",\"target\":[\"https:\/\/www.newyorkhipknee.com\/es\/indemnizacion-por-accidente-laboral\/cuestiones-de-interes-relacionadas-con-la-indemnizacion-de-los-trabajadores\/\"]}]},{\"@type\":\"BreadcrumbList\",\"@id\":\"https:\/\/www.newyorkhipknee.com\/es\/indemnizacion-por-accidente-laboral\/cuestiones-de-interes-relacionadas-con-la-indemnizacion-de-los-trabajadores\/#breadcrumb\",\"itemListElement\":[{\"@type\":\"ListItem\",\"position\":1,\"name\":\"Home\",\"item\":\"https:\/\/www.newyorkhipknee.com\/es\/\"},{\"@type\":\"ListItem\",\"position\":2,\"name\":\"Indemnizaci\u00f3n por accidente laboral\",\"item\":\"https:\/\/www.newyorkhipknee.com\/es\/indemnizacion-por-accidente-laboral\/\"},{\"@type\":\"ListItem\",\"position\":3,\"name\":\"Cuestiones de inter\u00e9s relacionadas con la indemnizaci\u00f3n de los trabajadores,\"}]},{\"@type\":\"WebSite\",\"@id\":\"https:\/\/www.newyorkhipknee.com\/es\/#website\",\"url\":\"https:\/\/www.newyorkhipknee.com\/es\/\",\"name\":\"Best Hip & Knee Surgeon | NY, USA\",\"description\":\"\",\"potentialAction\":[{\"@type\":\"SearchAction\",\"target\":{\"@type\":\"EntryPoint\",\"urlTemplate\":\"https:\/\/www.newyorkhipknee.com\/es\/?s={search_term_string}\"},\"query-input\":{\"@type\":\"PropertyValueSpecification\",\"valueRequired\":true,\"valueName\":\"search_term_string\"}}],\"inLanguage\":\"es\"}]}<\/script>\n<!-- \/ Yoast SEO plugin. -->","yoast_head_json":{"title":"Cuestiones de inter\u00e9s relacionadas con la indemnizaci\u00f3n de los trabajadores, | Best Hip &amp; Knee Surgeon | NY, USA","description":"Introducci\u00f3n Las lesiones relacionadas con el trabajo suponen un riesgo importante de discapacidad y mortalidad, lo que hace necesario que el sistema de","robots":{"index":"index","follow":"follow","max-snippet":"max-snippet:-1","max-image-preview":"max-image-preview:large","max-video-preview":"max-video-preview:-1"},"canonical":"https:\/\/www.newyorkhipknee.com\/es\/indemnizacion-por-accidente-laboral\/cuestiones-de-interes-relacionadas-con-la-indemnizacion-de-los-trabajadores\/","og_locale":"es_ES","og_type":"article","og_title":"Cuestiones de inter\u00e9s relacionadas con la indemnizaci\u00f3n de los trabajadores, | Best Hip &amp; Knee Surgeon | NY, USA","og_description":"Introducci\u00f3n Las lesiones relacionadas con el trabajo suponen un riesgo importante de discapacidad y mortalidad, lo que hace necesario que el sistema de","og_url":"https:\/\/www.newyorkhipknee.com\/es\/indemnizacion-por-accidente-laboral\/cuestiones-de-interes-relacionadas-con-la-indemnizacion-de-los-trabajadores\/","og_site_name":"Best Hip &amp; Knee Surgeon | NY, USA","twitter_card":"summary_large_image","twitter_misc":{"Tiempo de lectura":"4 minutos"},"schema":{"@context":"https:\/\/schema.org","@graph":[{"@type":["WebPage","MedicalWebPage"],"@id":"https:\/\/www.newyorkhipknee.com\/es\/indemnizacion-por-accidente-laboral\/cuestiones-de-interes-relacionadas-con-la-indemnizacion-de-los-trabajadores\/","url":"https:\/\/www.newyorkhipknee.com\/es\/indemnizacion-por-accidente-laboral\/cuestiones-de-interes-relacionadas-con-la-indemnizacion-de-los-trabajadores\/","name":"Cuestiones de inter\u00e9s relacionadas con la indemnizaci\u00f3n de los trabajadores, | Best Hip &amp; Knee Surgeon | NY, USA","isPartOf":{"@id":"https:\/\/www.newyorkhipknee.com\/es\/#website"},"datePublished":"2023-12-08T20:43:37+00:00","description":"Introducci\u00f3n Las lesiones relacionadas con el trabajo suponen un riesgo importante de discapacidad y mortalidad, lo que hace necesario que el sistema de","breadcrumb":{"@id":"https:\/\/www.newyorkhipknee.com\/es\/indemnizacion-por-accidente-laboral\/cuestiones-de-interes-relacionadas-con-la-indemnizacion-de-los-trabajadores\/#breadcrumb"},"inLanguage":"es","potentialAction":[{"@type":"ReadAction","target":["https:\/\/www.newyorkhipknee.com\/es\/indemnizacion-por-accidente-laboral\/cuestiones-de-interes-relacionadas-con-la-indemnizacion-de-los-trabajadores\/"]}]},{"@type":"BreadcrumbList","@id":"https:\/\/www.newyorkhipknee.com\/es\/indemnizacion-por-accidente-laboral\/cuestiones-de-interes-relacionadas-con-la-indemnizacion-de-los-trabajadores\/#breadcrumb","itemListElement":[{"@type":"ListItem","position":1,"name":"Home","item":"https:\/\/www.newyorkhipknee.com\/es\/"},{"@type":"ListItem","position":2,"name":"Indemnizaci\u00f3n por accidente laboral","item":"https:\/\/www.newyorkhipknee.com\/es\/indemnizacion-por-accidente-laboral\/"},{"@type":"ListItem","position":3,"name":"Cuestiones de inter\u00e9s relacionadas con la indemnizaci\u00f3n de los trabajadores,"}]},{"@type":"WebSite","@id":"https:\/\/www.newyorkhipknee.com\/es\/#website","url":"https:\/\/www.newyorkhipknee.com\/es\/","name":"Best Hip & Knee Surgeon | NY, USA","description":"","potentialAction":[{"@type":"SearchAction","target":{"@type":"EntryPoint","urlTemplate":"https:\/\/www.newyorkhipknee.com\/es\/?s={search_term_string}"},"query-input":{"@type":"PropertyValueSpecification","valueRequired":true,"valueName":"search_term_string"}}],"inLanguage":"es"}]}},"_links":{"self":[{"href":"https:\/\/www.newyorkhipknee.com\/es\/wp-json\/wp\/v2\/pages\/21301","targetHints":{"allow":["GET"]}}],"collection":[{"href":"https:\/\/www.newyorkhipknee.com\/es\/wp-json\/wp\/v2\/pages"}],"about":[{"href":"https:\/\/www.newyorkhipknee.com\/es\/wp-json\/wp\/v2\/types\/page"}],"author":[{"embeddable":true,"href":"https:\/\/www.newyorkhipknee.com\/es\/wp-json\/wp\/v2\/users\/33"}],"replies":[{"embeddable":true,"href":"https:\/\/www.newyorkhipknee.com\/es\/wp-json\/wp\/v2\/comments?post=21301"}],"version-history":[{"count":0,"href":"https:\/\/www.newyorkhipknee.com\/es\/wp-json\/wp\/v2\/pages\/21301\/revisions"}],"up":[{"embeddable":true,"href":"https:\/\/www.newyorkhipknee.com\/es\/wp-json\/wp\/v2\/pages\/16874"}],"wp:attachment":[{"href":"https:\/\/www.newyorkhipknee.com\/es\/wp-json\/wp\/v2\/media?parent=21301"}],"curies":[{"name":"wp","href":"https:\/\/api.w.org\/{rel}","templated":true}]}}