{"id":21304,"date":"2023-12-08T15:35:32","date_gmt":"2023-12-08T20:35:32","guid":{"rendered":"https:\/\/newyorkhipknee.com\/indemnizacion-por-accidente-laboral\/indemnizacion-por-accidente-laboral-origen\/"},"modified":"2023-12-08T15:35:32","modified_gmt":"2023-12-08T20:35:32","slug":"indemnizacion-por-accidente-laboral-origen","status":"publish","type":"page","link":"https:\/\/www.newyorkhipknee.com\/es\/indemnizacion-por-accidente-laboral\/indemnizacion-por-accidente-laboral-origen\/","title":{"rendered":"Indemnizaci\u00f3n por accidente laboral Origen"},"content":{"rendered":"<p>El seguro de indemnizaci\u00f3n por accidentes de trabajo desempe\u00f1a un papel crucial a la hora de proporcionar a los empleados lesionados prestaciones m\u00e9dicas y de sustituci\u00f3n del salario. A cambio, los empleados renuncian a su derecho a demandar a sus empleadores por negligencia, creando lo que se conoce como \u00abnegociaci\u00f3n indemnizatoria\u00bb. Este acuerdo garantiza una cobertura limitada y restringe el recurso legal al sistema de indemnizaci\u00f3n de los trabajadores.<\/p>\n<p>El objetivo principal es evitar que los empresarios se vean abocados a la insolvencia debido a las cuantiosas indemnizaciones por da\u00f1os y perjuicios, al tiempo que garantizan colectivamente la indemnizaci\u00f3n de los trabajadores. Estos planes, que var\u00edan seg\u00fan las jurisdicciones, incluyen disposiciones sobre pagos semanales para sustituir los salarios perdidos (similares a los seguros de invalidez), indemnizaciones por p\u00e9rdidas econ\u00f3micas pasadas y futuras, reembolso de gastos m\u00e9dicos (similares a los seguros de enfermedad) y prestaciones pagaderas a las personas a cargo en caso de fallecimiento en el lugar de trabajo.<\/p>\n<p>Sin embargo, es importante tener en cuenta que los planes de indemnizaci\u00f3n de los trabajadores no cubren los da\u00f1os morales generales ni los da\u00f1os punitivos derivados de la negligencia del empresario.<\/p>\n<p>El origen de las leyes de Indemnizaci\u00f3n por Accidentes Laborales se remonta al canciller prusiano Otto von Bismarck, que introdujo el sistema de Seguro de Accidentes Laborales en 1884. Este sistema evolucion\u00f3 a trav\u00e9s de las leyes de accidentes de trabajo en Europa y acab\u00f3 llegando a Estados Unidos. La cooperaci\u00f3n internacional entre responsables pol\u00edticos y cient\u00edficos sociales impuls\u00f3 el desarrollo de leyes globales de indemnizaci\u00f3n.<\/p>\n<p>Los estatutos de indemnizaci\u00f3n por accidente laboral pretenden agilizar el proceso eliminando los litigios y restringiendo los recursos de derecho com\u00fan. Los empleados, a cambio de renunciar al derecho a indemnizaci\u00f3n por da\u00f1o moral, reciben una compensaci\u00f3n monetaria para hacer frente a los salarios perdidos, las incapacidades f\u00edsicas permanentes y los gastos m\u00e9dicos derivados de las lesiones sufridas en el lugar de trabajo. Tambi\u00e9n tienen derecho a prestaciones los familiares a cargo de los trabajadores que han sufrido lesiones o enfermedades profesionales. Existen protecciones legales tanto para empresarios como para empleados, que establecen directrices para diversas situaciones laborales a trav\u00e9s de leyes estatales y reglamentos federales.<\/p>\n<p>La disposici\u00f3n de recurso designa a la indemnizaci\u00f3n por accidente laboral como el m\u00e9todo principal para abordar las reclamaciones de los trabajadores lesionados, impidi\u00e9ndoles perseguir la responsabilidad extracontractual contra sus empleadores.<\/p>\n<p>En el \u00e1mbito de los recursos del derecho anglosaj\u00f3n, las naciones desarrollaron un sistema influido por tres defensas extracontractuales clave para los empresarios: la negligencia contributiva, la asunci\u00f3n de riesgos y la regla del compa\u00f1ero de servicio. Los empresarios ten\u00edan ciertas obligaciones en virtud del derecho consuetudinario, como proporcionar un entorno seguro, emitir advertencias sobre posibles peligros, facilitar la ayuda de los compa\u00f1eros de trabajo y hacer cumplir las normas de seguridad en el lugar de trabajo.<\/p>\n<p>Tres defensas proteg\u00edan a los empresarios en virtud del derecho anglosaj\u00f3n:<\/p>\n<ol>\n<li>La doctrina del compa\u00f1ero de trabajo proteg\u00eda a los empresarios cuando un compa\u00f1ero de trabajo contribu\u00eda, parcial o totalmente, a la lesi\u00f3n.<\/li>\n<li>La negligencia contributiva proteg\u00eda a los empresarios cuando los empleados no tomaban precauciones razonables.<\/li>\n<li>La asunci\u00f3n de riesgos proteg\u00eda a los empresarios cuando los empleados aceptaban voluntariamente los riesgos relacionados con el trabajo.<\/li>\n<\/ol>\n<p>Casi todos los estados, excepto Texas a partir de 2018, han adoptado alguna forma de Compensaci\u00f3n de Trabajadores obligatoria, con organizaciones que tienen la opci\u00f3n de comprar un seguro voluntario para la cobertura obligatoria y no obligatoria. Las empresas tambi\u00e9n pueden optar por el autoseguro demostrando que disponen de fondos suficientes para cubrir las responsabilidades en materia de Indemnizaci\u00f3n por Accidentes de Trabajo. En 1949, todos los estados hab\u00edan promulgado un programa de indemnizaci\u00f3n por accidentes de trabajo, y los jueces de derecho administrativo eran los encargados de juzgar las reclamaciones de indemnizaci\u00f3n por accidentes de trabajo en Estados Unidos.<\/p>\n","protected":false},"excerpt":{"rendered":"<p>El seguro de indemnizaci\u00f3n por accidentes de trabajo desempe\u00f1a un papel crucial a la hora de proporcionar a los empleados lesionados prestaciones m\u00e9dicas y de sustituci\u00f3n del salario. A cambio, los empleados renuncian a su derecho a demandar a sus empleadores por negligencia, creando lo que se conoce como \u00abnegociaci\u00f3n indemnizatoria\u00bb. Este acuerdo garantiza una [&hellip;]<\/p>\n","protected":false},"author":33,"featured_media":0,"parent":16874,"menu_order":0,"comment_status":"closed","ping_status":"closed","template":"","meta":{"_et_pb_use_builder":"","_et_pb_old_content":"","_et_gb_content_width":"","footnotes":""},"class_list":["post-21304","page","type-page","status-publish","hentry"],"yoast_head":"<!-- This site is optimized with the Yoast SEO plugin v27.2 - https:\/\/yoast.com\/product\/yoast-seo-wordpress\/ -->\n<title>Indemnizaci\u00f3n por accidente laboral Origen | Best Hip &amp; Knee Surgeon | NY, USA<\/title>\n<meta name=\"description\" content=\"El seguro de indemnizaci\u00f3n por accidentes de trabajo desempe\u00f1a un papel crucial a la hora de proporcionar a los empleados lesionados prestaciones m\u00e9dicas\" \/>\n<meta name=\"robots\" content=\"index, follow, max-snippet:-1, max-image-preview:large, max-video-preview:-1\" \/>\n<link rel=\"canonical\" href=\"https:\/\/www.newyorkhipknee.com\/es\/indemnizacion-por-accidente-laboral\/indemnizacion-por-accidente-laboral-origen\/\" \/>\n<meta property=\"og:locale\" content=\"es_ES\" \/>\n<meta property=\"og:type\" content=\"article\" \/>\n<meta property=\"og:title\" content=\"Indemnizaci\u00f3n por accidente laboral Origen | Best Hip &amp; Knee Surgeon | NY, USA\" \/>\n<meta property=\"og:description\" content=\"El seguro de indemnizaci\u00f3n por accidentes de trabajo desempe\u00f1a un papel crucial a la hora de proporcionar a los empleados lesionados prestaciones m\u00e9dicas\" \/>\n<meta property=\"og:url\" content=\"https:\/\/www.newyorkhipknee.com\/es\/indemnizacion-por-accidente-laboral\/indemnizacion-por-accidente-laboral-origen\/\" \/>\n<meta property=\"og:site_name\" content=\"Best Hip &amp; Knee Surgeon | NY, USA\" \/>\n<meta name=\"twitter:card\" content=\"summary_large_image\" \/>\n<meta name=\"twitter:label1\" content=\"Tiempo de lectura\" \/>\n\t<meta name=\"twitter:data1\" content=\"3 minutos\" \/>\n<script type=\"application\/ld+json\" class=\"yoast-schema-graph\">{\"@context\":\"https:\/\/schema.org\",\"@graph\":[{\"@type\":[\"WebPage\",\"MedicalWebPage\"],\"@id\":\"https:\/\/www.newyorkhipknee.com\/es\/indemnizacion-por-accidente-laboral\/indemnizacion-por-accidente-laboral-origen\/\",\"url\":\"https:\/\/www.newyorkhipknee.com\/es\/indemnizacion-por-accidente-laboral\/indemnizacion-por-accidente-laboral-origen\/\",\"name\":\"Indemnizaci\u00f3n por accidente laboral Origen | Best Hip &amp; Knee Surgeon | NY, USA\",\"isPartOf\":{\"@id\":\"https:\/\/www.newyorkhipknee.com\/es\/#website\"},\"datePublished\":\"2023-12-08T20:35:32+00:00\",\"description\":\"El seguro de indemnizaci\u00f3n por accidentes de trabajo desempe\u00f1a un papel crucial a la hora de proporcionar a los empleados lesionados prestaciones m\u00e9dicas\",\"breadcrumb\":{\"@id\":\"https:\/\/www.newyorkhipknee.com\/es\/indemnizacion-por-accidente-laboral\/indemnizacion-por-accidente-laboral-origen\/#breadcrumb\"},\"inLanguage\":\"es\",\"potentialAction\":[{\"@type\":\"ReadAction\",\"target\":[\"https:\/\/www.newyorkhipknee.com\/es\/indemnizacion-por-accidente-laboral\/indemnizacion-por-accidente-laboral-origen\/\"]}]},{\"@type\":\"BreadcrumbList\",\"@id\":\"https:\/\/www.newyorkhipknee.com\/es\/indemnizacion-por-accidente-laboral\/indemnizacion-por-accidente-laboral-origen\/#breadcrumb\",\"itemListElement\":[{\"@type\":\"ListItem\",\"position\":1,\"name\":\"Home\",\"item\":\"https:\/\/www.newyorkhipknee.com\/es\/\"},{\"@type\":\"ListItem\",\"position\":2,\"name\":\"Indemnizaci\u00f3n por accidente laboral\",\"item\":\"https:\/\/www.newyorkhipknee.com\/es\/indemnizacion-por-accidente-laboral\/\"},{\"@type\":\"ListItem\",\"position\":3,\"name\":\"Indemnizaci\u00f3n por accidente laboral Origen\"}]},{\"@type\":\"WebSite\",\"@id\":\"https:\/\/www.newyorkhipknee.com\/es\/#website\",\"url\":\"https:\/\/www.newyorkhipknee.com\/es\/\",\"name\":\"Best Hip & Knee Surgeon | NY, USA\",\"description\":\"\",\"potentialAction\":[{\"@type\":\"SearchAction\",\"target\":{\"@type\":\"EntryPoint\",\"urlTemplate\":\"https:\/\/www.newyorkhipknee.com\/es\/?s={search_term_string}\"},\"query-input\":{\"@type\":\"PropertyValueSpecification\",\"valueRequired\":true,\"valueName\":\"search_term_string\"}}],\"inLanguage\":\"es\"}]}<\/script>\n<!-- \/ Yoast SEO plugin. -->","yoast_head_json":{"title":"Indemnizaci\u00f3n por accidente laboral Origen | Best Hip &amp; Knee Surgeon | NY, USA","description":"El seguro de indemnizaci\u00f3n por accidentes de trabajo desempe\u00f1a un papel crucial a la hora de proporcionar a los empleados lesionados prestaciones m\u00e9dicas","robots":{"index":"index","follow":"follow","max-snippet":"max-snippet:-1","max-image-preview":"max-image-preview:large","max-video-preview":"max-video-preview:-1"},"canonical":"https:\/\/www.newyorkhipknee.com\/es\/indemnizacion-por-accidente-laboral\/indemnizacion-por-accidente-laboral-origen\/","og_locale":"es_ES","og_type":"article","og_title":"Indemnizaci\u00f3n por accidente laboral Origen | Best Hip &amp; Knee Surgeon | NY, USA","og_description":"El seguro de indemnizaci\u00f3n por accidentes de trabajo desempe\u00f1a un papel crucial a la hora de proporcionar a los empleados lesionados prestaciones m\u00e9dicas","og_url":"https:\/\/www.newyorkhipknee.com\/es\/indemnizacion-por-accidente-laboral\/indemnizacion-por-accidente-laboral-origen\/","og_site_name":"Best Hip &amp; Knee Surgeon | NY, USA","twitter_card":"summary_large_image","twitter_misc":{"Tiempo de lectura":"3 minutos"},"schema":{"@context":"https:\/\/schema.org","@graph":[{"@type":["WebPage","MedicalWebPage"],"@id":"https:\/\/www.newyorkhipknee.com\/es\/indemnizacion-por-accidente-laboral\/indemnizacion-por-accidente-laboral-origen\/","url":"https:\/\/www.newyorkhipknee.com\/es\/indemnizacion-por-accidente-laboral\/indemnizacion-por-accidente-laboral-origen\/","name":"Indemnizaci\u00f3n por accidente laboral Origen | Best Hip &amp; Knee Surgeon | NY, USA","isPartOf":{"@id":"https:\/\/www.newyorkhipknee.com\/es\/#website"},"datePublished":"2023-12-08T20:35:32+00:00","description":"El seguro de indemnizaci\u00f3n por accidentes de trabajo desempe\u00f1a un papel crucial a la hora de proporcionar a los empleados lesionados prestaciones m\u00e9dicas","breadcrumb":{"@id":"https:\/\/www.newyorkhipknee.com\/es\/indemnizacion-por-accidente-laboral\/indemnizacion-por-accidente-laboral-origen\/#breadcrumb"},"inLanguage":"es","potentialAction":[{"@type":"ReadAction","target":["https:\/\/www.newyorkhipknee.com\/es\/indemnizacion-por-accidente-laboral\/indemnizacion-por-accidente-laboral-origen\/"]}]},{"@type":"BreadcrumbList","@id":"https:\/\/www.newyorkhipknee.com\/es\/indemnizacion-por-accidente-laboral\/indemnizacion-por-accidente-laboral-origen\/#breadcrumb","itemListElement":[{"@type":"ListItem","position":1,"name":"Home","item":"https:\/\/www.newyorkhipknee.com\/es\/"},{"@type":"ListItem","position":2,"name":"Indemnizaci\u00f3n por accidente laboral","item":"https:\/\/www.newyorkhipknee.com\/es\/indemnizacion-por-accidente-laboral\/"},{"@type":"ListItem","position":3,"name":"Indemnizaci\u00f3n por accidente laboral Origen"}]},{"@type":"WebSite","@id":"https:\/\/www.newyorkhipknee.com\/es\/#website","url":"https:\/\/www.newyorkhipknee.com\/es\/","name":"Best Hip & Knee Surgeon | NY, USA","description":"","potentialAction":[{"@type":"SearchAction","target":{"@type":"EntryPoint","urlTemplate":"https:\/\/www.newyorkhipknee.com\/es\/?s={search_term_string}"},"query-input":{"@type":"PropertyValueSpecification","valueRequired":true,"valueName":"search_term_string"}}],"inLanguage":"es"}]}},"_links":{"self":[{"href":"https:\/\/www.newyorkhipknee.com\/es\/wp-json\/wp\/v2\/pages\/21304","targetHints":{"allow":["GET"]}}],"collection":[{"href":"https:\/\/www.newyorkhipknee.com\/es\/wp-json\/wp\/v2\/pages"}],"about":[{"href":"https:\/\/www.newyorkhipknee.com\/es\/wp-json\/wp\/v2\/types\/page"}],"author":[{"embeddable":true,"href":"https:\/\/www.newyorkhipknee.com\/es\/wp-json\/wp\/v2\/users\/33"}],"replies":[{"embeddable":true,"href":"https:\/\/www.newyorkhipknee.com\/es\/wp-json\/wp\/v2\/comments?post=21304"}],"version-history":[{"count":0,"href":"https:\/\/www.newyorkhipknee.com\/es\/wp-json\/wp\/v2\/pages\/21304\/revisions"}],"up":[{"embeddable":true,"href":"https:\/\/www.newyorkhipknee.com\/es\/wp-json\/wp\/v2\/pages\/16874"}],"wp:attachment":[{"href":"https:\/\/www.newyorkhipknee.com\/es\/wp-json\/wp\/v2\/media?parent=21304"}],"curies":[{"name":"wp","href":"https:\/\/api.w.org\/{rel}","templated":true}]}}