{"id":21321,"date":"2023-12-26T12:23:43","date_gmt":"2023-12-26T17:23:43","guid":{"rendered":"https:\/\/newyorkhipknee.com\/trastorno-de-estres-postraumatico-y-trastorno-de-estres-agudo\/psicoterapia-no-centrada-en-el-trauma\/"},"modified":"2023-12-26T12:23:43","modified_gmt":"2023-12-26T17:23:43","slug":"psicoterapia-no-centrada-en-el-trauma","status":"publish","type":"page","link":"https:\/\/www.newyorkhipknee.com\/es\/indemnizacion-por-accidente-laboral\/directrices-de-tratamiento-medico-mtg\/trastorno-de-estres-postraumatico-y-trastorno-de-estres-agudo\/psicoterapia-no-centrada-en-el-trauma\/","title":{"rendered":"Psicoterapia no centrada en el trauma"},"content":{"rendered":"<p>Aunque est\u00e1 demostrada la eficacia de las terapias centradas en el trauma para tratar el TEPT, no todo el mundo est\u00e1 dispuesto a someterse a tratamientos que pongan de relieve sus traumas pasados. En consecuencia, algunos terapeutas optan por enfoques alternativos. Para las personas que luchan contra el TEPT, estos m\u00e9todos alternativos abarcan la Psicoterapia Interpersonal (IPT), el Entrenamiento en Inoculaci\u00f3n del Estr\u00e9s (SIT) y la Terapia Centrada en el Presente (PCT).<\/p>\n<p>&nbsp;<\/p>\n<h2>Psicoterapia interpersonal<\/h2>\n<p>Sugerido &#8211; para tratar el TEPT cr\u00f3nico en pacientes. Afecciones &#8211; TEPT cr\u00f3nico con s\u00edntomas que exigen atenci\u00f3n. Con qu\u00e9 frecuencia\/cu\u00e1nto\/cu\u00e1nto tiempo &#8211; Participar en psicoterapia interpersonal semanal durante 14 semanas, con una duraci\u00f3n de 50 minutos cada sesi\u00f3n. Reevaluar cada cuatro semanas, asegurando la eficacia documentando la mejora de los s\u00edntomas del TEPT y el progreso funcional. Se aconseja interrumpir el tratamiento cuando se haya completado el ciclo, los s\u00edntomas hayan remitido significativamente o si hay incumplimiento.<\/p>\n<h2>Apoyo a la eficacia de la terapia interpersonal<\/h2>\n<p><strong>G.1.a Formaci\u00f3n en inoculaci\u00f3n de estr\u00e9s<\/strong> &#8211; Recomendada<\/p>\n<p><strong>G.1.b B\u00fasqueda de seguridad<\/strong> &#8211; Desalentada<\/p>\n<p> <strong> G.1.c Terapia dial\u00e9ctica conductual &#8211;<\/strong> No recomendada<\/p>\n","protected":false},"excerpt":{"rendered":"<p>Aunque est\u00e1 demostrada la eficacia de las terapias centradas en el trauma para tratar el TEPT, no todo el mundo est\u00e1 dispuesto a someterse a tratamientos que pongan de relieve sus traumas pasados. En consecuencia, algunos terapeutas optan por enfoques alternativos. Para las personas que luchan contra el TEPT, estos m\u00e9todos alternativos abarcan la Psicoterapia [&hellip;]<\/p>\n","protected":false},"author":33,"featured_media":0,"parent":21162,"menu_order":0,"comment_status":"closed","ping_status":"closed","template":"","meta":{"_et_pb_use_builder":"","_et_pb_old_content":"","_et_gb_content_width":"","footnotes":""},"class_list":["post-21321","page","type-page","status-publish","hentry"],"yoast_head":"<!-- This site is optimized with the Yoast SEO plugin v27.2 - https:\/\/yoast.com\/product\/yoast-seo-wordpress\/ -->\n<title>Psicoterapia no centrada en el trauma | Best Hip &amp; Knee Surgeon | NY, USA<\/title>\n<meta name=\"description\" content=\"Aunque est\u00e1 demostrada la eficacia de las terapias centradas en el trauma para tratar el TEPT, no todo el mundo est\u00e1 dispuesto a someterse a tratamientos\" \/>\n<meta name=\"robots\" content=\"index, follow, max-snippet:-1, max-image-preview:large, max-video-preview:-1\" \/>\n<link rel=\"canonical\" href=\"https:\/\/www.newyorkhipknee.com\/es\/indemnizacion-por-accidente-laboral\/directrices-de-tratamiento-medico-mtg\/trastorno-de-estres-postraumatico-y-trastorno-de-estres-agudo\/psicoterapia-no-centrada-en-el-trauma\/\" \/>\n<meta property=\"og:locale\" content=\"es_ES\" \/>\n<meta property=\"og:type\" content=\"article\" \/>\n<meta property=\"og:title\" content=\"Psicoterapia no centrada en el trauma | Best Hip &amp; Knee Surgeon | NY, USA\" \/>\n<meta property=\"og:description\" content=\"Aunque est\u00e1 demostrada la eficacia de las terapias centradas en el trauma para tratar el TEPT, no todo el mundo est\u00e1 dispuesto a someterse a tratamientos\" \/>\n<meta property=\"og:url\" content=\"https:\/\/www.newyorkhipknee.com\/es\/indemnizacion-por-accidente-laboral\/directrices-de-tratamiento-medico-mtg\/trastorno-de-estres-postraumatico-y-trastorno-de-estres-agudo\/psicoterapia-no-centrada-en-el-trauma\/\" \/>\n<meta property=\"og:site_name\" content=\"Best Hip &amp; Knee Surgeon | NY, USA\" \/>\n<meta name=\"twitter:card\" content=\"summary_large_image\" \/>\n<meta name=\"twitter:label1\" content=\"Tiempo de lectura\" \/>\n\t<meta name=\"twitter:data1\" content=\"1 minuto\" \/>\n<script type=\"application\/ld+json\" class=\"yoast-schema-graph\">{\"@context\":\"https:\/\/schema.org\",\"@graph\":[{\"@type\":[\"WebPage\",\"MedicalWebPage\"],\"@id\":\"https:\/\/www.newyorkhipknee.com\/es\/indemnizacion-por-accidente-laboral\/directrices-de-tratamiento-medico-mtg\/trastorno-de-estres-postraumatico-y-trastorno-de-estres-agudo\/psicoterapia-no-centrada-en-el-trauma\/\",\"url\":\"https:\/\/www.newyorkhipknee.com\/es\/indemnizacion-por-accidente-laboral\/directrices-de-tratamiento-medico-mtg\/trastorno-de-estres-postraumatico-y-trastorno-de-estres-agudo\/psicoterapia-no-centrada-en-el-trauma\/\",\"name\":\"Psicoterapia no centrada en el trauma | Best Hip &amp; Knee Surgeon | NY, USA\",\"isPartOf\":{\"@id\":\"https:\/\/www.newyorkhipknee.com\/es\/#website\"},\"datePublished\":\"2023-12-26T17:23:43+00:00\",\"description\":\"Aunque est\u00e1 demostrada la eficacia de las terapias centradas en el trauma para tratar el TEPT, no todo el mundo est\u00e1 dispuesto a someterse a tratamientos\",\"breadcrumb\":{\"@id\":\"https:\/\/www.newyorkhipknee.com\/es\/indemnizacion-por-accidente-laboral\/directrices-de-tratamiento-medico-mtg\/trastorno-de-estres-postraumatico-y-trastorno-de-estres-agudo\/psicoterapia-no-centrada-en-el-trauma\/#breadcrumb\"},\"inLanguage\":\"es\",\"potentialAction\":[{\"@type\":\"ReadAction\",\"target\":[\"https:\/\/www.newyorkhipknee.com\/es\/indemnizacion-por-accidente-laboral\/directrices-de-tratamiento-medico-mtg\/trastorno-de-estres-postraumatico-y-trastorno-de-estres-agudo\/psicoterapia-no-centrada-en-el-trauma\/\"]}]},{\"@type\":\"BreadcrumbList\",\"@id\":\"https:\/\/www.newyorkhipknee.com\/es\/indemnizacion-por-accidente-laboral\/directrices-de-tratamiento-medico-mtg\/trastorno-de-estres-postraumatico-y-trastorno-de-estres-agudo\/psicoterapia-no-centrada-en-el-trauma\/#breadcrumb\",\"itemListElement\":[{\"@type\":\"ListItem\",\"position\":1,\"name\":\"Home\",\"item\":\"https:\/\/www.newyorkhipknee.com\/es\/\"},{\"@type\":\"ListItem\",\"position\":2,\"name\":\"Indemnizaci\u00f3n por accidente laboral\",\"item\":\"https:\/\/www.newyorkhipknee.com\/es\/indemnizacion-por-accidente-laboral\/\"},{\"@type\":\"ListItem\",\"position\":3,\"name\":\"Directrices de tratamiento m\u00e9dico (MTG)\",\"item\":\"https:\/\/www.newyorkhipknee.com\/es\/indemnizacion-por-accidente-laboral\/directrices-de-tratamiento-medico-mtg\/\"},{\"@type\":\"ListItem\",\"position\":4,\"name\":\"Trastorno de estr\u00e9s postraum\u00e1tico y trastorno de estr\u00e9s agudo\",\"item\":\"https:\/\/www.newyorkhipknee.com\/es\/indemnizacion-por-accidente-laboral\/directrices-de-tratamiento-medico-mtg\/trastorno-de-estres-postraumatico-y-trastorno-de-estres-agudo\/\"},{\"@type\":\"ListItem\",\"position\":5,\"name\":\"Psicoterapia no centrada en el trauma\"}]},{\"@type\":\"WebSite\",\"@id\":\"https:\/\/www.newyorkhipknee.com\/es\/#website\",\"url\":\"https:\/\/www.newyorkhipknee.com\/es\/\",\"name\":\"Best Hip & Knee Surgeon | NY, USA\",\"description\":\"\",\"potentialAction\":[{\"@type\":\"SearchAction\",\"target\":{\"@type\":\"EntryPoint\",\"urlTemplate\":\"https:\/\/www.newyorkhipknee.com\/es\/?s={search_term_string}\"},\"query-input\":{\"@type\":\"PropertyValueSpecification\",\"valueRequired\":true,\"valueName\":\"search_term_string\"}}],\"inLanguage\":\"es\"}]}<\/script>\n<!-- \/ Yoast SEO plugin. -->","yoast_head_json":{"title":"Psicoterapia no centrada en el trauma | Best Hip &amp; Knee Surgeon | NY, USA","description":"Aunque est\u00e1 demostrada la eficacia de las terapias centradas en el trauma para tratar el TEPT, no todo el mundo est\u00e1 dispuesto a someterse a tratamientos","robots":{"index":"index","follow":"follow","max-snippet":"max-snippet:-1","max-image-preview":"max-image-preview:large","max-video-preview":"max-video-preview:-1"},"canonical":"https:\/\/www.newyorkhipknee.com\/es\/indemnizacion-por-accidente-laboral\/directrices-de-tratamiento-medico-mtg\/trastorno-de-estres-postraumatico-y-trastorno-de-estres-agudo\/psicoterapia-no-centrada-en-el-trauma\/","og_locale":"es_ES","og_type":"article","og_title":"Psicoterapia no centrada en el trauma | Best Hip &amp; Knee Surgeon | NY, USA","og_description":"Aunque est\u00e1 demostrada la eficacia de las terapias centradas en el trauma para tratar el TEPT, no todo el mundo est\u00e1 dispuesto a someterse a tratamientos","og_url":"https:\/\/www.newyorkhipknee.com\/es\/indemnizacion-por-accidente-laboral\/directrices-de-tratamiento-medico-mtg\/trastorno-de-estres-postraumatico-y-trastorno-de-estres-agudo\/psicoterapia-no-centrada-en-el-trauma\/","og_site_name":"Best Hip &amp; Knee Surgeon | NY, USA","twitter_card":"summary_large_image","twitter_misc":{"Tiempo de lectura":"1 minuto"},"schema":{"@context":"https:\/\/schema.org","@graph":[{"@type":["WebPage","MedicalWebPage"],"@id":"https:\/\/www.newyorkhipknee.com\/es\/indemnizacion-por-accidente-laboral\/directrices-de-tratamiento-medico-mtg\/trastorno-de-estres-postraumatico-y-trastorno-de-estres-agudo\/psicoterapia-no-centrada-en-el-trauma\/","url":"https:\/\/www.newyorkhipknee.com\/es\/indemnizacion-por-accidente-laboral\/directrices-de-tratamiento-medico-mtg\/trastorno-de-estres-postraumatico-y-trastorno-de-estres-agudo\/psicoterapia-no-centrada-en-el-trauma\/","name":"Psicoterapia no centrada en el trauma | Best Hip &amp; Knee Surgeon | NY, USA","isPartOf":{"@id":"https:\/\/www.newyorkhipknee.com\/es\/#website"},"datePublished":"2023-12-26T17:23:43+00:00","description":"Aunque est\u00e1 demostrada la eficacia de las terapias centradas en el trauma para tratar el TEPT, no todo el mundo est\u00e1 dispuesto a someterse a tratamientos","breadcrumb":{"@id":"https:\/\/www.newyorkhipknee.com\/es\/indemnizacion-por-accidente-laboral\/directrices-de-tratamiento-medico-mtg\/trastorno-de-estres-postraumatico-y-trastorno-de-estres-agudo\/psicoterapia-no-centrada-en-el-trauma\/#breadcrumb"},"inLanguage":"es","potentialAction":[{"@type":"ReadAction","target":["https:\/\/www.newyorkhipknee.com\/es\/indemnizacion-por-accidente-laboral\/directrices-de-tratamiento-medico-mtg\/trastorno-de-estres-postraumatico-y-trastorno-de-estres-agudo\/psicoterapia-no-centrada-en-el-trauma\/"]}]},{"@type":"BreadcrumbList","@id":"https:\/\/www.newyorkhipknee.com\/es\/indemnizacion-por-accidente-laboral\/directrices-de-tratamiento-medico-mtg\/trastorno-de-estres-postraumatico-y-trastorno-de-estres-agudo\/psicoterapia-no-centrada-en-el-trauma\/#breadcrumb","itemListElement":[{"@type":"ListItem","position":1,"name":"Home","item":"https:\/\/www.newyorkhipknee.com\/es\/"},{"@type":"ListItem","position":2,"name":"Indemnizaci\u00f3n por accidente laboral","item":"https:\/\/www.newyorkhipknee.com\/es\/indemnizacion-por-accidente-laboral\/"},{"@type":"ListItem","position":3,"name":"Directrices de tratamiento m\u00e9dico (MTG)","item":"https:\/\/www.newyorkhipknee.com\/es\/indemnizacion-por-accidente-laboral\/directrices-de-tratamiento-medico-mtg\/"},{"@type":"ListItem","position":4,"name":"Trastorno de estr\u00e9s postraum\u00e1tico y trastorno de estr\u00e9s agudo","item":"https:\/\/www.newyorkhipknee.com\/es\/indemnizacion-por-accidente-laboral\/directrices-de-tratamiento-medico-mtg\/trastorno-de-estres-postraumatico-y-trastorno-de-estres-agudo\/"},{"@type":"ListItem","position":5,"name":"Psicoterapia no centrada en el trauma"}]},{"@type":"WebSite","@id":"https:\/\/www.newyorkhipknee.com\/es\/#website","url":"https:\/\/www.newyorkhipknee.com\/es\/","name":"Best Hip & Knee Surgeon | NY, USA","description":"","potentialAction":[{"@type":"SearchAction","target":{"@type":"EntryPoint","urlTemplate":"https:\/\/www.newyorkhipknee.com\/es\/?s={search_term_string}"},"query-input":{"@type":"PropertyValueSpecification","valueRequired":true,"valueName":"search_term_string"}}],"inLanguage":"es"}]}},"_links":{"self":[{"href":"https:\/\/www.newyorkhipknee.com\/es\/wp-json\/wp\/v2\/pages\/21321","targetHints":{"allow":["GET"]}}],"collection":[{"href":"https:\/\/www.newyorkhipknee.com\/es\/wp-json\/wp\/v2\/pages"}],"about":[{"href":"https:\/\/www.newyorkhipknee.com\/es\/wp-json\/wp\/v2\/types\/page"}],"author":[{"embeddable":true,"href":"https:\/\/www.newyorkhipknee.com\/es\/wp-json\/wp\/v2\/users\/33"}],"replies":[{"embeddable":true,"href":"https:\/\/www.newyorkhipknee.com\/es\/wp-json\/wp\/v2\/comments?post=21321"}],"version-history":[{"count":0,"href":"https:\/\/www.newyorkhipknee.com\/es\/wp-json\/wp\/v2\/pages\/21321\/revisions"}],"up":[{"embeddable":true,"href":"https:\/\/www.newyorkhipknee.com\/es\/wp-json\/wp\/v2\/pages\/21162"}],"wp:attachment":[{"href":"https:\/\/www.newyorkhipknee.com\/es\/wp-json\/wp\/v2\/media?parent=21321"}],"curies":[{"name":"wp","href":"https:\/\/api.w.org\/{rel}","templated":true}]}}