{"id":21329,"date":"2023-12-22T15:39:18","date_gmt":"2023-12-22T20:39:18","guid":{"rendered":"https:\/\/newyorkhipknee.com\/trastorno-de-estres-postraumatico-y-trastorno-de-estres-agudo\/cribado-y-pruebas\/"},"modified":"2023-12-22T15:39:18","modified_gmt":"2023-12-22T20:39:18","slug":"cribado-y-pruebas","status":"publish","type":"page","link":"https:\/\/www.newyorkhipknee.com\/es\/indemnizacion-por-accidente-laboral\/directrices-de-tratamiento-medico-mtg\/trastorno-de-estres-postraumatico-y-trastorno-de-estres-agudo\/cribado-y-pruebas\/","title":{"rendered":"Cribado y pruebas"},"content":{"rendered":"<p>Existen muchas herramientas de cribado y pruebas psicom\u00e9tricas. Aunque pueden insinuar un diagn\u00f3stico, es importante saber que ni las pruebas de cribado ni los tests psicom\u00e9tricos pueden diagnosticar directamente una enfermedad. El diagn\u00f3stico debe establecerse tras un examen exhaustivo de toda la informaci\u00f3n disponible, que incluya una historia cl\u00ednica detallada y una entrevista cl\u00ednica.<\/p>\n<p>Cada prueba debe centrarse en algo espec\u00edfico y no debe abarcar el mismo terreno que las dem\u00e1s. Est\u00e1 bien utilizar las pruebas para vigilar el estado y la evoluci\u00f3n de un paciente, pero no es necesario repetir las pruebas de rutina si los historiales cl\u00ednicos muestran que las cosas est\u00e1n mejorando. El informe de la prueba debe relacionar los datos de la prueba con los objetivos espec\u00edficos del tratamiento del cliente.<\/p>\n<p>&nbsp;<\/p>\n<h2>Evaluaci\u00f3n psicol\u00f3gica\/psiqui\u00e1trica<\/h2>\n<p>Sugerido &#8211; para cualquier persona que se enfrente a un posible trastorno de estr\u00e9s agudo o trastorno de estr\u00e9s postraum\u00e1tico. Razones: es crucial realizar evaluaciones de salud mental para establecer, afirmar o validar un diagn\u00f3stico. Estas evaluaciones sientan las bases para futuras estrategias de tratamiento. La evaluaci\u00f3n debe centrarse especialmente en el TEA\/TEPT, los trastornos de ansiedad, la depresi\u00f3n, los trastornos por consumo de sustancias y el riesgo de suicidio. Con qu\u00e9 frecuencia\/cu\u00e1nto\/cu\u00e1nto tiempo &#8211; Comience con una evaluaci\u00f3n inicial para el diagn\u00f3stico. Las citas de seguimiento del tratamiento implican la realizaci\u00f3n y comprensi\u00f3n de pruebas de detecci\u00f3n y diagn\u00f3stico.<\/p>\n<p>&nbsp;<\/p>\n<h2>Herramientas de detecci\u00f3n de TEA\/TEPT<\/h2>\n<p>Animado &#8211; para comprobar pacientes con TEA o la posibilidad de TEPT. Razones &#8211; Las personas que tienen TEA o la posibilidad de desarrollar TEPT, especialmente aquellos que han pasado por una situaci\u00f3n dif\u00edcil. Ventajas &#8211; Detectar antes un posible TEPT y poner al paciente en contacto con los servicios de salud mental adecuados para confirmar el diagn\u00f3stico. Con qu\u00e9 frecuencia\/cu\u00e1nto\/cu\u00e1nto tiempo &#8211; S\u00f3lo una visita de cribado.<\/p>\n<p>Dado que el TEPT puede tener un curso impredecible para muchos, podr\u00eda tener sentido realizar otra exploraci\u00f3n si se producen retrasos o cambios en los s\u00edntomas. Pero hacerlo de forma rutinaria no es el camino a seguir. Las herramientas de cribado podr\u00edan ser cosas como la Lista de comprobaci\u00f3n del TEPT, el Primary Care PTSD Screen y la Escala de adaptaci\u00f3n postraum\u00e1tica.<\/p>\n<p>&nbsp;<\/p>\n<h2>Pruebas psicom\u00e9tricas: TEA\/TEPT<\/h2>\n<p>Sugerido &#8211; para personas que dan positivo en un cribado o muestran signos y s\u00edntomas que se corresponden con el trastorno por estr\u00e9s agudo o el trastorno por estr\u00e9s postraum\u00e1tico. Motivos: ayudar a los expertos en salud mental a confirmar un diagn\u00f3stico de TEA\/TEPT u otros trastornos mentales relacionados. Debe hacerlo un profesional de la salud mental con la formaci\u00f3n adecuada. Con qu\u00e9 frecuencia\/cu\u00e1nto\/cu\u00e1nto tiempo &#8211; S\u00f3lo una bater\u00eda de pruebas \u00fanica, a menos que haya una buena raz\u00f3n para m\u00e1s.<\/p>\n<h2>Medidas de resultado<\/h2>\n<p>Buena idea para vigilar el estado y la evoluci\u00f3n del paciente. Por qu\u00e9 &#8211; No es necesario repetir las pruebas si los registros cl\u00ednicos muestran que las cosas est\u00e1n mejorando. El informe de la prueba debe entrelazar los datos de la prueba con los objetivos espec\u00edficos del tratamiento del cliente. Debe ser tratado por un profesional de la salud mental debidamente formado.<\/p>\n<h2>IRM funcional<\/h2>\n<p>Evidencia para el uso de herramientas y pruebas de detecci\u00f3n del TEPT &#8211; No se recomienda el uso de la resonancia magn\u00e9tica funcional para diagnosticar el trastorno de estr\u00e9s postraum\u00e1tico.<\/p>\n","protected":false},"excerpt":{"rendered":"<p>Existen muchas herramientas de cribado y pruebas psicom\u00e9tricas. Aunque pueden insinuar un diagn\u00f3stico, es importante saber que ni las pruebas de cribado ni los tests psicom\u00e9tricos pueden diagnosticar directamente una enfermedad. El diagn\u00f3stico debe establecerse tras un examen exhaustivo de toda la informaci\u00f3n disponible, que incluya una historia cl\u00ednica detallada y una entrevista cl\u00ednica. Cada [&hellip;]<\/p>\n","protected":false},"author":33,"featured_media":0,"parent":21162,"menu_order":0,"comment_status":"closed","ping_status":"closed","template":"","meta":{"_et_pb_use_builder":"","_et_pb_old_content":"","_et_gb_content_width":"","footnotes":""},"class_list":["post-21329","page","type-page","status-publish","hentry"],"yoast_head":"<!-- This site is optimized with the Yoast SEO plugin v27.2 - https:\/\/yoast.com\/product\/yoast-seo-wordpress\/ -->\n<title>Cribado y pruebas | Best Hip &amp; Knee Surgeon | NY, USA<\/title>\n<meta name=\"description\" content=\"Existen muchas herramientas de cribado y pruebas psicom\u00e9tricas. Aunque pueden insinuar un diagn\u00f3stico, es importante saber que ni las pruebas de cribado\" \/>\n<meta name=\"robots\" content=\"index, follow, max-snippet:-1, max-image-preview:large, max-video-preview:-1\" \/>\n<link rel=\"canonical\" href=\"https:\/\/www.newyorkhipknee.com\/es\/indemnizacion-por-accidente-laboral\/directrices-de-tratamiento-medico-mtg\/trastorno-de-estres-postraumatico-y-trastorno-de-estres-agudo\/cribado-y-pruebas\/\" \/>\n<meta property=\"og:locale\" content=\"es_ES\" \/>\n<meta property=\"og:type\" content=\"article\" \/>\n<meta property=\"og:title\" content=\"Cribado y pruebas | Best Hip &amp; Knee Surgeon | NY, USA\" \/>\n<meta property=\"og:description\" content=\"Existen muchas herramientas de cribado y pruebas psicom\u00e9tricas. Aunque pueden insinuar un diagn\u00f3stico, es importante saber que ni las pruebas de cribado\" \/>\n<meta property=\"og:url\" content=\"https:\/\/www.newyorkhipknee.com\/es\/indemnizacion-por-accidente-laboral\/directrices-de-tratamiento-medico-mtg\/trastorno-de-estres-postraumatico-y-trastorno-de-estres-agudo\/cribado-y-pruebas\/\" \/>\n<meta property=\"og:site_name\" content=\"Best Hip &amp; Knee Surgeon | NY, USA\" \/>\n<meta name=\"twitter:card\" content=\"summary_large_image\" \/>\n<meta name=\"twitter:label1\" content=\"Tiempo de lectura\" \/>\n\t<meta name=\"twitter:data1\" content=\"3 minutos\" \/>\n<script type=\"application\/ld+json\" class=\"yoast-schema-graph\">{\"@context\":\"https:\/\/schema.org\",\"@graph\":[{\"@type\":[\"WebPage\",\"MedicalWebPage\"],\"@id\":\"https:\/\/www.newyorkhipknee.com\/es\/indemnizacion-por-accidente-laboral\/directrices-de-tratamiento-medico-mtg\/trastorno-de-estres-postraumatico-y-trastorno-de-estres-agudo\/cribado-y-pruebas\/\",\"url\":\"https:\/\/www.newyorkhipknee.com\/es\/indemnizacion-por-accidente-laboral\/directrices-de-tratamiento-medico-mtg\/trastorno-de-estres-postraumatico-y-trastorno-de-estres-agudo\/cribado-y-pruebas\/\",\"name\":\"Cribado y pruebas | Best Hip &amp; Knee Surgeon | NY, USA\",\"isPartOf\":{\"@id\":\"https:\/\/www.newyorkhipknee.com\/es\/#website\"},\"datePublished\":\"2023-12-22T20:39:18+00:00\",\"description\":\"Existen muchas herramientas de cribado y pruebas psicom\u00e9tricas. Aunque pueden insinuar un diagn\u00f3stico, es importante saber que ni las pruebas de cribado\",\"breadcrumb\":{\"@id\":\"https:\/\/www.newyorkhipknee.com\/es\/indemnizacion-por-accidente-laboral\/directrices-de-tratamiento-medico-mtg\/trastorno-de-estres-postraumatico-y-trastorno-de-estres-agudo\/cribado-y-pruebas\/#breadcrumb\"},\"inLanguage\":\"es\",\"potentialAction\":[{\"@type\":\"ReadAction\",\"target\":[\"https:\/\/www.newyorkhipknee.com\/es\/indemnizacion-por-accidente-laboral\/directrices-de-tratamiento-medico-mtg\/trastorno-de-estres-postraumatico-y-trastorno-de-estres-agudo\/cribado-y-pruebas\/\"]}]},{\"@type\":\"BreadcrumbList\",\"@id\":\"https:\/\/www.newyorkhipknee.com\/es\/indemnizacion-por-accidente-laboral\/directrices-de-tratamiento-medico-mtg\/trastorno-de-estres-postraumatico-y-trastorno-de-estres-agudo\/cribado-y-pruebas\/#breadcrumb\",\"itemListElement\":[{\"@type\":\"ListItem\",\"position\":1,\"name\":\"Home\",\"item\":\"https:\/\/www.newyorkhipknee.com\/es\/\"},{\"@type\":\"ListItem\",\"position\":2,\"name\":\"Indemnizaci\u00f3n por accidente laboral\",\"item\":\"https:\/\/www.newyorkhipknee.com\/es\/indemnizacion-por-accidente-laboral\/\"},{\"@type\":\"ListItem\",\"position\":3,\"name\":\"Directrices de tratamiento m\u00e9dico (MTG)\",\"item\":\"https:\/\/www.newyorkhipknee.com\/es\/indemnizacion-por-accidente-laboral\/directrices-de-tratamiento-medico-mtg\/\"},{\"@type\":\"ListItem\",\"position\":4,\"name\":\"Trastorno de estr\u00e9s postraum\u00e1tico y trastorno de estr\u00e9s agudo\",\"item\":\"https:\/\/www.newyorkhipknee.com\/es\/indemnizacion-por-accidente-laboral\/directrices-de-tratamiento-medico-mtg\/trastorno-de-estres-postraumatico-y-trastorno-de-estres-agudo\/\"},{\"@type\":\"ListItem\",\"position\":5,\"name\":\"Cribado y pruebas\"}]},{\"@type\":\"WebSite\",\"@id\":\"https:\/\/www.newyorkhipknee.com\/es\/#website\",\"url\":\"https:\/\/www.newyorkhipknee.com\/es\/\",\"name\":\"Best Hip & Knee Surgeon | NY, USA\",\"description\":\"\",\"potentialAction\":[{\"@type\":\"SearchAction\",\"target\":{\"@type\":\"EntryPoint\",\"urlTemplate\":\"https:\/\/www.newyorkhipknee.com\/es\/?s={search_term_string}\"},\"query-input\":{\"@type\":\"PropertyValueSpecification\",\"valueRequired\":true,\"valueName\":\"search_term_string\"}}],\"inLanguage\":\"es\"}]}<\/script>\n<!-- \/ Yoast SEO plugin. -->","yoast_head_json":{"title":"Cribado y pruebas | Best Hip &amp; Knee Surgeon | NY, USA","description":"Existen muchas herramientas de cribado y pruebas psicom\u00e9tricas. Aunque pueden insinuar un diagn\u00f3stico, es importante saber que ni las pruebas de cribado","robots":{"index":"index","follow":"follow","max-snippet":"max-snippet:-1","max-image-preview":"max-image-preview:large","max-video-preview":"max-video-preview:-1"},"canonical":"https:\/\/www.newyorkhipknee.com\/es\/indemnizacion-por-accidente-laboral\/directrices-de-tratamiento-medico-mtg\/trastorno-de-estres-postraumatico-y-trastorno-de-estres-agudo\/cribado-y-pruebas\/","og_locale":"es_ES","og_type":"article","og_title":"Cribado y pruebas | Best Hip &amp; Knee Surgeon | NY, USA","og_description":"Existen muchas herramientas de cribado y pruebas psicom\u00e9tricas. Aunque pueden insinuar un diagn\u00f3stico, es importante saber que ni las pruebas de cribado","og_url":"https:\/\/www.newyorkhipknee.com\/es\/indemnizacion-por-accidente-laboral\/directrices-de-tratamiento-medico-mtg\/trastorno-de-estres-postraumatico-y-trastorno-de-estres-agudo\/cribado-y-pruebas\/","og_site_name":"Best Hip &amp; Knee Surgeon | NY, USA","twitter_card":"summary_large_image","twitter_misc":{"Tiempo de lectura":"3 minutos"},"schema":{"@context":"https:\/\/schema.org","@graph":[{"@type":["WebPage","MedicalWebPage"],"@id":"https:\/\/www.newyorkhipknee.com\/es\/indemnizacion-por-accidente-laboral\/directrices-de-tratamiento-medico-mtg\/trastorno-de-estres-postraumatico-y-trastorno-de-estres-agudo\/cribado-y-pruebas\/","url":"https:\/\/www.newyorkhipknee.com\/es\/indemnizacion-por-accidente-laboral\/directrices-de-tratamiento-medico-mtg\/trastorno-de-estres-postraumatico-y-trastorno-de-estres-agudo\/cribado-y-pruebas\/","name":"Cribado y pruebas | Best Hip &amp; Knee Surgeon | NY, USA","isPartOf":{"@id":"https:\/\/www.newyorkhipknee.com\/es\/#website"},"datePublished":"2023-12-22T20:39:18+00:00","description":"Existen muchas herramientas de cribado y pruebas psicom\u00e9tricas. Aunque pueden insinuar un diagn\u00f3stico, es importante saber que ni las pruebas de cribado","breadcrumb":{"@id":"https:\/\/www.newyorkhipknee.com\/es\/indemnizacion-por-accidente-laboral\/directrices-de-tratamiento-medico-mtg\/trastorno-de-estres-postraumatico-y-trastorno-de-estres-agudo\/cribado-y-pruebas\/#breadcrumb"},"inLanguage":"es","potentialAction":[{"@type":"ReadAction","target":["https:\/\/www.newyorkhipknee.com\/es\/indemnizacion-por-accidente-laboral\/directrices-de-tratamiento-medico-mtg\/trastorno-de-estres-postraumatico-y-trastorno-de-estres-agudo\/cribado-y-pruebas\/"]}]},{"@type":"BreadcrumbList","@id":"https:\/\/www.newyorkhipknee.com\/es\/indemnizacion-por-accidente-laboral\/directrices-de-tratamiento-medico-mtg\/trastorno-de-estres-postraumatico-y-trastorno-de-estres-agudo\/cribado-y-pruebas\/#breadcrumb","itemListElement":[{"@type":"ListItem","position":1,"name":"Home","item":"https:\/\/www.newyorkhipknee.com\/es\/"},{"@type":"ListItem","position":2,"name":"Indemnizaci\u00f3n por accidente laboral","item":"https:\/\/www.newyorkhipknee.com\/es\/indemnizacion-por-accidente-laboral\/"},{"@type":"ListItem","position":3,"name":"Directrices de tratamiento m\u00e9dico (MTG)","item":"https:\/\/www.newyorkhipknee.com\/es\/indemnizacion-por-accidente-laboral\/directrices-de-tratamiento-medico-mtg\/"},{"@type":"ListItem","position":4,"name":"Trastorno de estr\u00e9s postraum\u00e1tico y trastorno de estr\u00e9s agudo","item":"https:\/\/www.newyorkhipknee.com\/es\/indemnizacion-por-accidente-laboral\/directrices-de-tratamiento-medico-mtg\/trastorno-de-estres-postraumatico-y-trastorno-de-estres-agudo\/"},{"@type":"ListItem","position":5,"name":"Cribado y pruebas"}]},{"@type":"WebSite","@id":"https:\/\/www.newyorkhipknee.com\/es\/#website","url":"https:\/\/www.newyorkhipknee.com\/es\/","name":"Best Hip & Knee Surgeon | NY, USA","description":"","potentialAction":[{"@type":"SearchAction","target":{"@type":"EntryPoint","urlTemplate":"https:\/\/www.newyorkhipknee.com\/es\/?s={search_term_string}"},"query-input":{"@type":"PropertyValueSpecification","valueRequired":true,"valueName":"search_term_string"}}],"inLanguage":"es"}]}},"_links":{"self":[{"href":"https:\/\/www.newyorkhipknee.com\/es\/wp-json\/wp\/v2\/pages\/21329","targetHints":{"allow":["GET"]}}],"collection":[{"href":"https:\/\/www.newyorkhipknee.com\/es\/wp-json\/wp\/v2\/pages"}],"about":[{"href":"https:\/\/www.newyorkhipknee.com\/es\/wp-json\/wp\/v2\/types\/page"}],"author":[{"embeddable":true,"href":"https:\/\/www.newyorkhipknee.com\/es\/wp-json\/wp\/v2\/users\/33"}],"replies":[{"embeddable":true,"href":"https:\/\/www.newyorkhipknee.com\/es\/wp-json\/wp\/v2\/comments?post=21329"}],"version-history":[{"count":0,"href":"https:\/\/www.newyorkhipknee.com\/es\/wp-json\/wp\/v2\/pages\/21329\/revisions"}],"up":[{"embeddable":true,"href":"https:\/\/www.newyorkhipknee.com\/es\/wp-json\/wp\/v2\/pages\/21162"}],"wp:attachment":[{"href":"https:\/\/www.newyorkhipknee.com\/es\/wp-json\/wp\/v2\/media?parent=21329"}],"curies":[{"name":"wp","href":"https:\/\/api.w.org\/{rel}","templated":true}]}}