{"id":21331,"date":"2023-12-22T16:03:50","date_gmt":"2023-12-22T21:03:50","guid":{"rendered":"https:\/\/newyorkhipknee.com\/trastorno-de-estres-postraumatico-y-trastorno-de-estres-agudo\/recomendaciones-de-tratamiento\/"},"modified":"2023-12-22T16:03:50","modified_gmt":"2023-12-22T21:03:50","slug":"recomendaciones-de-tratamiento","status":"publish","type":"page","link":"https:\/\/www.newyorkhipknee.com\/es\/indemnizacion-por-accidente-laboral\/directrices-de-tratamiento-medico-mtg\/trastorno-de-estres-postraumatico-y-trastorno-de-estres-agudo\/recomendaciones-de-tratamiento\/","title":{"rendered":"Recomendaciones de tratamiento"},"content":{"rendered":"<h2>Intervenciones conductuales y psicol\u00f3gicas<\/h2>\n<p>Para cualquier intervenci\u00f3n de salud mental, es fundamental contar con una evaluaci\u00f3n exhaustiva y un plan de tratamiento que establezca objetivos conductuales claros y mensurables, plazos y medidas concretas de actuaci\u00f3n. En lo que respecta a las intervenciones psicol\u00f3gicas, el per\u00edodo \u00f3ptimo suele ser de tres a seis meses, con un plazo m\u00e1ximo de nueve a doce meses. Algunos pacientes pueden necesitar un poco m\u00e1s de tiempo, y si es necesario un asesoramiento prolongado, el m\u00e9dico tratante debe proporcionar actualizaciones cada cuatro semanas, detallando los factores psicol\u00f3gicos en juego y proyectando un pron\u00f3stico funcional realista durante el tratamiento.<\/p>\n<p>Cuando se trata espec\u00edficamente del TEPT, la terapia cognitivo-conductual (TCC) es un enfoque com\u00fanmente utilizado. La TCC incluye varios componentes terap\u00e9uticos, como la terapia cognitiva y distintos tipos de terapia de exposici\u00f3n. Aunque las intervenciones mente-cuerpo, cuyo objetivo es aliviar el estr\u00e9s utilizando la mente para influir en el funcionamiento f\u00edsico y mejorar la salud general, se utilizan a menudo junto con la TCC, se tratan por separado.<\/p>\n<p>La psicoterapia centrada en el trauma hace referencia a cualquier enfoque terap\u00e9utico que emplee t\u00e9cnicas cognitivas, emocionales o conductuales para ayudar a las personas a procesar una experiencia traum\u00e1tica. En este tipo de terapia, el propio trauma ocupa un lugar central como componente crucial del proceso terap\u00e9utico global.<\/p>\n<p>&nbsp;<\/p>\n<h3>Terapia cognitivo-conductual (incluida la terapia de procesamiento cognitivo, el entrenamiento en ensayo con im\u00e1genes, la psicoterapia ecl\u00e9ctica breve, la terapia de exposici\u00f3n narrativa y la EMDR).<\/h3>\n<p>Sugerido &#8211; para abordar las necesidades de los pacientes con TEA y TEPT. Frecuencia\/Cantidad\/Duraci\u00f3n &#8211; Normalmente, sesiones semanales o quincenales de 60-100 minutos cada una, que duran al menos seis semanas y pueden prolongarse hasta tres meses.<\/p>\n<p>Razones para interrumpir el tratamiento: cuando se resuelven los s\u00edntomas del TEPT, si hay incumplimiento, falta de eficacia o si hay efectos adversos. El apoyo a la eficacia de las terapias cognitivo-conductuales est\u00e1 bien establecido.<\/p>\n<p>&nbsp;<\/p>\n<h3>Terapia de exposici\u00f3n y terapia de exposici\u00f3n prolongada<\/h3>\n<p>La terapia de exposici\u00f3n consiste en guiar al paciente a trav\u00e9s de una serie de ejercicios destinados a afrontar y reorganizar los recuerdos traum\u00e1ticos. Esto suele implicar dos componentes principales: 1) enfrentarse visualmente al trauma y 2) Revisitar repetidamente el recuerdo traum\u00e1tico. Las terapias de exposici\u00f3n se integran con frecuencia en la terapia cognitivo-conductual (TCC) y pueden adoptar diversas formas, como la exposici\u00f3n a la realidad virtual, la exposici\u00f3n imaginal, la exposici\u00f3n narrativa, la exposici\u00f3n in vivo a un acontecimiento traum\u00e1tico y la exposici\u00f3n a la realidad virtual (que se analizan por separado).<\/p>\n<p>Un tipo espec\u00edfico, la Terapia de Exposici\u00f3n Prolongada (EP), ordena una confrontaci\u00f3n visual deliberada y repetida con est\u00edmulos relacionados con el trauma. Se recomienda para pacientes con TEPT. Las indicaciones incluyen experimentar s\u00edntomas de TEPT que requieran una intervenci\u00f3n terap\u00e9utica. Los beneficios potenciales abarcan una mejora de los s\u00edntomas del TEPT y una reducci\u00f3n de la respuesta emocional a los est\u00edmulos traum\u00e1ticos, ayudando al procesamiento emocional de la experiencia traum\u00e1tica.<\/p>\n<p>La frecuencia recomendada consiste en sesiones semanales de 90 minutos durante diez semanas, con una reevaluaci\u00f3n cada cuatro semanas. Este enfoque ha demostrado una eficacia documentada en t\u00e9rminos de mejora de los s\u00edntomas del TEPT y de mejora funcional general.<\/p>\n<p>&nbsp;<\/p>\n<h2>Terapia de exposici\u00f3n con realidad virtual<\/h2>\n<p>Sugerencia &#8211; para abordar las necesidades de los pacientes que sufren TEPT. Las indicaciones incluyen experimentar s\u00edntomas de TEPT que requieran una intervenci\u00f3n terap\u00e9utica. La frecuencia recomendada consiste en sesiones de 90 minutos, de una a dos veces por semana durante un periodo de cinco semanas.<\/p>\n<p>Se aconseja una reevaluaci\u00f3n cada cuatro semanas, observ\u00e1ndose una eficacia documentada en t\u00e9rminos de mejora de los s\u00edntomas del TEPT y de mejora funcional general. Las razones para interrumpir la terapia pueden ser la resoluci\u00f3n de los s\u00edntomas, el incumplimiento, los efectos adversos o la falta de eficacia en el tratamiento del TEPT.<\/p>\n<p>&nbsp;<\/p>\n<h2>Desensibilizaci\u00f3n y Reprocesamiento por Movimientos Oculares (EMDR): Terapia de exposici\u00f3n y terapia cognitivo-conductual Componentes del tratamiento<\/h2>\n<p>Sugerencia &#8211; para abordar las necesidades de los pacientes con TEPT. El razonamiento que subyace a esta recomendaci\u00f3n radica en el hecho de que la Desensibilizaci\u00f3n y Reprocesamiento por Movimientos Oculares (EMDR) incorpora varias terapias, o co-intervenciones, incluidas las que han demostrado ser eficaces, como la terapia cognitivo-conductual y la terapia de exposici\u00f3n.<\/p>\n","protected":false},"excerpt":{"rendered":"<p>Intervenciones conductuales y psicol\u00f3gicas Para cualquier intervenci\u00f3n de salud mental, es fundamental contar con una evaluaci\u00f3n exhaustiva y un plan de tratamiento que establezca objetivos conductuales claros y mensurables, plazos y medidas concretas de actuaci\u00f3n. En lo que respecta a las intervenciones psicol\u00f3gicas, el per\u00edodo \u00f3ptimo suele ser de tres a seis meses, con un [&hellip;]<\/p>\n","protected":false},"author":33,"featured_media":0,"parent":21162,"menu_order":0,"comment_status":"closed","ping_status":"closed","template":"","meta":{"_et_pb_use_builder":"","_et_pb_old_content":"","_et_gb_content_width":"","footnotes":""},"class_list":["post-21331","page","type-page","status-publish","hentry"],"yoast_head":"<!-- This site is optimized with the Yoast SEO plugin v27.2 - https:\/\/yoast.com\/product\/yoast-seo-wordpress\/ -->\n<title>Recomendaciones de tratamiento | Best Hip &amp; Knee Surgeon | NY, USA<\/title>\n<meta name=\"description\" content=\"Intervenciones conductuales y psicol\u00f3gicas Para cualquier intervenci\u00f3n de salud mental, es fundamental contar con una evaluaci\u00f3n exhaustiva y un plan de\" \/>\n<meta name=\"robots\" content=\"index, follow, max-snippet:-1, max-image-preview:large, max-video-preview:-1\" \/>\n<link rel=\"canonical\" href=\"https:\/\/www.newyorkhipknee.com\/es\/indemnizacion-por-accidente-laboral\/directrices-de-tratamiento-medico-mtg\/trastorno-de-estres-postraumatico-y-trastorno-de-estres-agudo\/recomendaciones-de-tratamiento\/\" \/>\n<meta property=\"og:locale\" content=\"es_ES\" \/>\n<meta property=\"og:type\" content=\"article\" \/>\n<meta property=\"og:title\" content=\"Recomendaciones de tratamiento | Best Hip &amp; Knee Surgeon | NY, USA\" \/>\n<meta property=\"og:description\" content=\"Intervenciones conductuales y psicol\u00f3gicas Para cualquier intervenci\u00f3n de salud mental, es fundamental contar con una evaluaci\u00f3n exhaustiva y un plan de\" \/>\n<meta property=\"og:url\" content=\"https:\/\/www.newyorkhipknee.com\/es\/indemnizacion-por-accidente-laboral\/directrices-de-tratamiento-medico-mtg\/trastorno-de-estres-postraumatico-y-trastorno-de-estres-agudo\/recomendaciones-de-tratamiento\/\" \/>\n<meta property=\"og:site_name\" content=\"Best Hip &amp; Knee Surgeon | NY, USA\" \/>\n<meta name=\"twitter:card\" content=\"summary_large_image\" \/>\n<meta name=\"twitter:label1\" content=\"Tiempo de lectura\" \/>\n\t<meta name=\"twitter:data1\" content=\"4 minutos\" \/>\n<script type=\"application\/ld+json\" class=\"yoast-schema-graph\">{\"@context\":\"https:\/\/schema.org\",\"@graph\":[{\"@type\":[\"WebPage\",\"MedicalWebPage\"],\"@id\":\"https:\/\/www.newyorkhipknee.com\/es\/indemnizacion-por-accidente-laboral\/directrices-de-tratamiento-medico-mtg\/trastorno-de-estres-postraumatico-y-trastorno-de-estres-agudo\/recomendaciones-de-tratamiento\/\",\"url\":\"https:\/\/www.newyorkhipknee.com\/es\/indemnizacion-por-accidente-laboral\/directrices-de-tratamiento-medico-mtg\/trastorno-de-estres-postraumatico-y-trastorno-de-estres-agudo\/recomendaciones-de-tratamiento\/\",\"name\":\"Recomendaciones de tratamiento | Best Hip &amp; Knee Surgeon | NY, USA\",\"isPartOf\":{\"@id\":\"https:\/\/www.newyorkhipknee.com\/es\/#website\"},\"datePublished\":\"2023-12-22T21:03:50+00:00\",\"description\":\"Intervenciones conductuales y psicol\u00f3gicas Para cualquier intervenci\u00f3n de salud mental, es fundamental contar con una evaluaci\u00f3n exhaustiva y un plan de\",\"breadcrumb\":{\"@id\":\"https:\/\/www.newyorkhipknee.com\/es\/indemnizacion-por-accidente-laboral\/directrices-de-tratamiento-medico-mtg\/trastorno-de-estres-postraumatico-y-trastorno-de-estres-agudo\/recomendaciones-de-tratamiento\/#breadcrumb\"},\"inLanguage\":\"es\",\"potentialAction\":[{\"@type\":\"ReadAction\",\"target\":[\"https:\/\/www.newyorkhipknee.com\/es\/indemnizacion-por-accidente-laboral\/directrices-de-tratamiento-medico-mtg\/trastorno-de-estres-postraumatico-y-trastorno-de-estres-agudo\/recomendaciones-de-tratamiento\/\"]}]},{\"@type\":\"BreadcrumbList\",\"@id\":\"https:\/\/www.newyorkhipknee.com\/es\/indemnizacion-por-accidente-laboral\/directrices-de-tratamiento-medico-mtg\/trastorno-de-estres-postraumatico-y-trastorno-de-estres-agudo\/recomendaciones-de-tratamiento\/#breadcrumb\",\"itemListElement\":[{\"@type\":\"ListItem\",\"position\":1,\"name\":\"Home\",\"item\":\"https:\/\/www.newyorkhipknee.com\/es\/\"},{\"@type\":\"ListItem\",\"position\":2,\"name\":\"Indemnizaci\u00f3n por accidente laboral\",\"item\":\"https:\/\/www.newyorkhipknee.com\/es\/indemnizacion-por-accidente-laboral\/\"},{\"@type\":\"ListItem\",\"position\":3,\"name\":\"Directrices de tratamiento m\u00e9dico (MTG)\",\"item\":\"https:\/\/www.newyorkhipknee.com\/es\/indemnizacion-por-accidente-laboral\/directrices-de-tratamiento-medico-mtg\/\"},{\"@type\":\"ListItem\",\"position\":4,\"name\":\"Trastorno de estr\u00e9s postraum\u00e1tico y trastorno de estr\u00e9s agudo\",\"item\":\"https:\/\/www.newyorkhipknee.com\/es\/indemnizacion-por-accidente-laboral\/directrices-de-tratamiento-medico-mtg\/trastorno-de-estres-postraumatico-y-trastorno-de-estres-agudo\/\"},{\"@type\":\"ListItem\",\"position\":5,\"name\":\"Recomendaciones de tratamiento\"}]},{\"@type\":\"WebSite\",\"@id\":\"https:\/\/www.newyorkhipknee.com\/es\/#website\",\"url\":\"https:\/\/www.newyorkhipknee.com\/es\/\",\"name\":\"Best Hip & Knee Surgeon | NY, USA\",\"description\":\"\",\"potentialAction\":[{\"@type\":\"SearchAction\",\"target\":{\"@type\":\"EntryPoint\",\"urlTemplate\":\"https:\/\/www.newyorkhipknee.com\/es\/?s={search_term_string}\"},\"query-input\":{\"@type\":\"PropertyValueSpecification\",\"valueRequired\":true,\"valueName\":\"search_term_string\"}}],\"inLanguage\":\"es\"}]}<\/script>\n<!-- \/ Yoast SEO plugin. -->","yoast_head_json":{"title":"Recomendaciones de tratamiento | Best Hip &amp; Knee Surgeon | NY, USA","description":"Intervenciones conductuales y psicol\u00f3gicas Para cualquier intervenci\u00f3n de salud mental, es fundamental contar con una evaluaci\u00f3n exhaustiva y un plan de","robots":{"index":"index","follow":"follow","max-snippet":"max-snippet:-1","max-image-preview":"max-image-preview:large","max-video-preview":"max-video-preview:-1"},"canonical":"https:\/\/www.newyorkhipknee.com\/es\/indemnizacion-por-accidente-laboral\/directrices-de-tratamiento-medico-mtg\/trastorno-de-estres-postraumatico-y-trastorno-de-estres-agudo\/recomendaciones-de-tratamiento\/","og_locale":"es_ES","og_type":"article","og_title":"Recomendaciones de tratamiento | Best Hip &amp; Knee Surgeon | NY, USA","og_description":"Intervenciones conductuales y psicol\u00f3gicas Para cualquier intervenci\u00f3n de salud mental, es fundamental contar con una evaluaci\u00f3n exhaustiva y un plan de","og_url":"https:\/\/www.newyorkhipknee.com\/es\/indemnizacion-por-accidente-laboral\/directrices-de-tratamiento-medico-mtg\/trastorno-de-estres-postraumatico-y-trastorno-de-estres-agudo\/recomendaciones-de-tratamiento\/","og_site_name":"Best Hip &amp; Knee Surgeon | NY, USA","twitter_card":"summary_large_image","twitter_misc":{"Tiempo de lectura":"4 minutos"},"schema":{"@context":"https:\/\/schema.org","@graph":[{"@type":["WebPage","MedicalWebPage"],"@id":"https:\/\/www.newyorkhipknee.com\/es\/indemnizacion-por-accidente-laboral\/directrices-de-tratamiento-medico-mtg\/trastorno-de-estres-postraumatico-y-trastorno-de-estres-agudo\/recomendaciones-de-tratamiento\/","url":"https:\/\/www.newyorkhipknee.com\/es\/indemnizacion-por-accidente-laboral\/directrices-de-tratamiento-medico-mtg\/trastorno-de-estres-postraumatico-y-trastorno-de-estres-agudo\/recomendaciones-de-tratamiento\/","name":"Recomendaciones de tratamiento | Best Hip &amp; Knee Surgeon | NY, USA","isPartOf":{"@id":"https:\/\/www.newyorkhipknee.com\/es\/#website"},"datePublished":"2023-12-22T21:03:50+00:00","description":"Intervenciones conductuales y psicol\u00f3gicas Para cualquier intervenci\u00f3n de salud mental, es fundamental contar con una evaluaci\u00f3n exhaustiva y un plan de","breadcrumb":{"@id":"https:\/\/www.newyorkhipknee.com\/es\/indemnizacion-por-accidente-laboral\/directrices-de-tratamiento-medico-mtg\/trastorno-de-estres-postraumatico-y-trastorno-de-estres-agudo\/recomendaciones-de-tratamiento\/#breadcrumb"},"inLanguage":"es","potentialAction":[{"@type":"ReadAction","target":["https:\/\/www.newyorkhipknee.com\/es\/indemnizacion-por-accidente-laboral\/directrices-de-tratamiento-medico-mtg\/trastorno-de-estres-postraumatico-y-trastorno-de-estres-agudo\/recomendaciones-de-tratamiento\/"]}]},{"@type":"BreadcrumbList","@id":"https:\/\/www.newyorkhipknee.com\/es\/indemnizacion-por-accidente-laboral\/directrices-de-tratamiento-medico-mtg\/trastorno-de-estres-postraumatico-y-trastorno-de-estres-agudo\/recomendaciones-de-tratamiento\/#breadcrumb","itemListElement":[{"@type":"ListItem","position":1,"name":"Home","item":"https:\/\/www.newyorkhipknee.com\/es\/"},{"@type":"ListItem","position":2,"name":"Indemnizaci\u00f3n por accidente laboral","item":"https:\/\/www.newyorkhipknee.com\/es\/indemnizacion-por-accidente-laboral\/"},{"@type":"ListItem","position":3,"name":"Directrices de tratamiento m\u00e9dico (MTG)","item":"https:\/\/www.newyorkhipknee.com\/es\/indemnizacion-por-accidente-laboral\/directrices-de-tratamiento-medico-mtg\/"},{"@type":"ListItem","position":4,"name":"Trastorno de estr\u00e9s postraum\u00e1tico y trastorno de estr\u00e9s agudo","item":"https:\/\/www.newyorkhipknee.com\/es\/indemnizacion-por-accidente-laboral\/directrices-de-tratamiento-medico-mtg\/trastorno-de-estres-postraumatico-y-trastorno-de-estres-agudo\/"},{"@type":"ListItem","position":5,"name":"Recomendaciones de tratamiento"}]},{"@type":"WebSite","@id":"https:\/\/www.newyorkhipknee.com\/es\/#website","url":"https:\/\/www.newyorkhipknee.com\/es\/","name":"Best Hip & Knee Surgeon | NY, USA","description":"","potentialAction":[{"@type":"SearchAction","target":{"@type":"EntryPoint","urlTemplate":"https:\/\/www.newyorkhipknee.com\/es\/?s={search_term_string}"},"query-input":{"@type":"PropertyValueSpecification","valueRequired":true,"valueName":"search_term_string"}}],"inLanguage":"es"}]}},"_links":{"self":[{"href":"https:\/\/www.newyorkhipknee.com\/es\/wp-json\/wp\/v2\/pages\/21331","targetHints":{"allow":["GET"]}}],"collection":[{"href":"https:\/\/www.newyorkhipknee.com\/es\/wp-json\/wp\/v2\/pages"}],"about":[{"href":"https:\/\/www.newyorkhipknee.com\/es\/wp-json\/wp\/v2\/types\/page"}],"author":[{"embeddable":true,"href":"https:\/\/www.newyorkhipknee.com\/es\/wp-json\/wp\/v2\/users\/33"}],"replies":[{"embeddable":true,"href":"https:\/\/www.newyorkhipknee.com\/es\/wp-json\/wp\/v2\/comments?post=21331"}],"version-history":[{"count":0,"href":"https:\/\/www.newyorkhipknee.com\/es\/wp-json\/wp\/v2\/pages\/21331\/revisions"}],"up":[{"embeddable":true,"href":"https:\/\/www.newyorkhipknee.com\/es\/wp-json\/wp\/v2\/pages\/21162"}],"wp:attachment":[{"href":"https:\/\/www.newyorkhipknee.com\/es\/wp-json\/wp\/v2\/media?parent=21331"}],"curies":[{"name":"wp","href":"https:\/\/api.w.org\/{rel}","templated":true}]}}