{"id":21333,"date":"2023-12-29T14:13:10","date_gmt":"2023-12-29T19:13:10","guid":{"rendered":"https:\/\/newyorkhipknee.com\/dano-cerebral-traumatico\/diagnostico\/"},"modified":"2023-12-29T14:13:10","modified_gmt":"2023-12-29T19:13:10","slug":"diagnostico","status":"publish","type":"page","link":"https:\/\/www.newyorkhipknee.com\/es\/indemnizacion-por-accidente-laboral\/directrices-de-tratamiento-medico-mtg\/dano-cerebral-traumatico\/diagnostico\/","title":{"rendered":"Diagn\u00f3stico"},"content":{"rendered":"<p><strong>Trazando el Paisaje: El papel crucial de la historia cl\u00ednica y la exploraci\u00f3n f\u00edsica en la evaluaci\u00f3n de las LCT<\/strong><\/p>\n<p>En el intrincado \u00e1mbito de las lesiones cerebrales traum\u00e1ticas (LCT), donde las presentaciones cl\u00ednicas se desarrollan con diversos matices, una exploraci\u00f3n exhaustiva comienza con el lienzo de historias cl\u00ednicas y ex\u00e1menes f\u00edsicos completos. Estos pilares fundamentales constituyen la piedra angular de la evaluaci\u00f3n y comprensi\u00f3n de las complejidades de la LCT en cada paciente.<\/p>\n<p><strong>Navegar por el terreno del diagn\u00f3stico: Adaptar el enfoque<\/strong><\/p>\n<p>Dado el intrincado entramado de las lesiones traum\u00e1ticas cerebrales, es fundamental un enfoque diagn\u00f3stico personalizado. Esta personalizaci\u00f3n se ajusta a la individualidad del paciente, teniendo en cuenta factores como los mecanismos precisos de la lesi\u00f3n, la edad, los antecedentes m\u00e9dicos, las afecciones m\u00e9dicas existentes y el tapiz de experiencias de lesiones anteriores. La evaluaci\u00f3n se convierte en una expedici\u00f3n personalizada, que permite una comprensi\u00f3n matizada del panorama polifac\u00e9tico que puede presentar la LCT.<\/p>\n<p>&nbsp;<\/p>\n<h2>Estudios de imagen<\/h2>\n<p><strong>Estudios de imagen en la evaluaci\u00f3n de TBI<\/strong><\/p>\n<p>El papel de los estudios de imagen en la evaluaci\u00f3n del traumatismo craneoencef\u00e1lico (TCE) es fundamental, pero no se prescribe universalmente para todos los pacientes. Estos estudios sirven de br\u00fajula, ofreciendo valiosas perspectivas cuando el panorama cl\u00ednico exige una exploraci\u00f3n m\u00e1s profunda.<\/p>\n<p><strong>Trazando el terreno: Radiograf\u00edas de cr\u00e1neo<\/strong><\/p>\n<p><em>Recomendado para pacientes con traumatismo craneoencef\u00e1lico<\/em><\/p>\n<p><strong>Indicaciones:<\/strong><\/p>\n<ul>\n<li>Traumatismo craneal considerado lo suficientemente fuerte como para fracturar potencialmente el cr\u00e1neo.<\/li>\n<li>Evaluaci\u00f3n adicional de los escalones \u00f3seos y signos cl\u00ednicos de fractura.<\/li>\n<\/ul>\n<p><strong>Frecuencia\/dosis\/duraci\u00f3n:<\/strong><\/p>\n<ul>\n<li>Generalmente se adquiere en la presentaci\u00f3n inicial.<\/li>\n<li>Reexploraciones ocasionales durante las evaluaciones de seguimiento.<\/li>\n<\/ul>\n<p><strong>Iluminando las profundidades: Im\u00e1genes por Resonancia Magn\u00e9tica (IRM)<\/strong><\/p>\n<p><em>Recomendado para pacientes con traumatismo craneoencef\u00e1lico<\/em><\/p>\n<p><strong>Indicaciones:<\/strong><\/p>\n<ul>\n<li>Traumatismo craneoencef\u00e1lico con fuerza suficiente para causar potencialmente hemorragia intracraneal, hemorragia epidural, hemorragia subdural y otras lesiones cerebrales traum\u00e1ticas.<\/li>\n<li>Resonancia magn\u00e9tica posterior o de seguimiento para s\u00edntomas en curso, diagn\u00f3sticos omitidos o resoluci\u00f3n de defectos anteriores.<\/li>\n<\/ul>\n<p><strong>Frecuencia\/dosis\/duraci\u00f3n:<\/strong><\/p>\n<ul>\n<li>Normalmente se obtiene en la presentaci\u00f3n inicial.<\/li>\n<li>Puede adquirirse durante los seguimientos para evaluar s\u00edntomas en curso, valorar diagn\u00f3sticos omitidos o controlar la resoluci\u00f3n de defectos anteriores.<\/li>\n<\/ul>\n<p><strong>Justificaci\u00f3n:<\/strong> La RM, superando a la TC en la evaluaci\u00f3n de lesiones intracraneales, especialmente las que carecen de hemorragia, se erige como una herramienta superior. Su eficacia para diagnosticar urgencias quir\u00fargicas y calibrar el alcance de las lesiones por TCE lo convierten en una opci\u00f3n recomendada en la evaluaci\u00f3n de pacientes con TCE.<\/p>\n<p><strong>El papel de la tomograf\u00eda computarizada (TC) en la evaluaci\u00f3n de la LCT<\/strong><\/p>\n<p>En la intrincada danza de la evaluaci\u00f3n del traumatismo craneoencef\u00e1lico (TCE), la tomograf\u00eda computarizada (TC) ocupa un lugar central, desempe\u00f1ando un papel crucial principalmente en los servicios de urgencias para revelar r\u00e1pidamente defectos anat\u00f3micos significativos.<\/p>\n<p><strong>Navegar por la urgencia: TAC<\/strong><\/p>\n<p><em>Recomendado para pacientes con traumatismo craneoencef\u00e1lico<\/em><\/p>\n<p><strong>Indicaciones:<\/strong><\/p>\n<ul>\n<li>Traumatismo craneoencef\u00e1lico considerado lo suficientemente potente como para causar potencialmente fractura craneal, hemorragia intracraneal, hemorragia epidural, hemorragia subdural u otras lesiones cerebrales traum\u00e1ticas.<\/li>\n<\/ul>\n<p><strong>Frecuencia\/dosis\/duraci\u00f3n:<\/strong><\/p>\n<ul>\n<li>Se adquieren principalmente en la presentaci\u00f3n inicial o durante la evaluaci\u00f3n exhaustiva.<\/li>\n<li>A menudo se prefiere la RM para la evaluaci\u00f3n subaguda a cr\u00f3nica del par\u00e9nquima cerebral. La TC puede obtenerse durante los seguimientos para evaluar los s\u00edntomas en curso o para descubrir diagn\u00f3sticos omitidos o secundarios.<\/li>\n<\/ul>\n<p><strong>Justificaci\u00f3n:<\/strong> La TC se perfila como una herramienta valiosa, sobre todo en los casos en que los pacientes muestran inestabilidad, lo que podr\u00eda requerir una intervenci\u00f3n quir\u00fargica. Sin embargo, no es la opci\u00f3n m\u00e1s adecuada para el diagn\u00f3stico matizado y la planificaci\u00f3n del tratamiento asociados a la LCT, dejando ese papel a las capacidades superiores de la RM.<\/p>\n<p><strong>El papel esencial de las pruebas de imagen vascular<\/strong><\/p>\n<p>En el intrincado tapiz de las evaluaciones de lesiones cerebrales traum\u00e1ticas (LCT), las pruebas de imagen vascular pasan a un primer plano, gan\u00e1ndose su lugar como herramienta crucial para evaluar a los pacientes con LCT.<\/p>\n<p><strong>Urgencia en la Claridad: Pruebas de imagen vascular<\/strong><\/p>\n<p><em>Recomendado para pacientes con traumatismo craneoencef\u00e1lico<\/em><\/p>\n<p><strong>Indicaciones:<\/strong><\/p>\n<ul>\n<li>S\u00edntomas y\/o signos alineados con el potencial de lesi\u00f3n vascular.<\/li>\n<\/ul>\n<p><strong>Frecuencia\/dosis\/duraci\u00f3n:<\/strong><\/p>\n<ul>\n<li>Por lo general, basta una sola evaluaci\u00f3n para obtener la informaci\u00f3n necesaria.<\/li>\n<\/ul>\n<p><strong>Justificaci\u00f3n:<\/strong> Las Pruebas de Imagen Vascular se ganan su puesto como recomendaci\u00f3n selectiva, demostrando ser inestimables para el diagn\u00f3stico de lesiones vasculares entrelazadas con Lesiones Cerebrales Traum\u00e1ticas (LCT). Su aplicaci\u00f3n focalizada a\u00f1ade una capa de claridad al intrincado panorama del diagn\u00f3stico.<\/p>\n<p>&nbsp;<\/p>\n<h2>Otras pruebas diagn\u00f3sticas<\/h2>\n<p><strong>El papel de la electroencefalograf\u00eda (EEG) en la evaluaci\u00f3n de las LCT<\/strong><\/p>\n<p>En la sinfon\u00eda de evaluaciones de lesiones cerebrales traum\u00e1ticas (LCT), la electroencefalograf\u00eda (EEG) ocupa un lugar central, ya que ofrece informaci\u00f3n crucial sobre el riesgo de convulsiones y los s\u00edndromes asociados a los pacientes con LCT.<\/p>\n<p><strong>Diagn\u00f3stico armonizador: Electroencefalograf\u00eda (EEG)<\/strong><\/p>\n<p><em>Recomendado para pacientes con traumatismo craneoencef\u00e1lico<\/em><\/p>\n<p><strong>Indicaciones:<\/strong><\/p>\n<ul>\n<li>Evaluaci\u00f3n de la actividad convulsiva en pacientes con TCE.<\/li>\n<\/ul>\n<p><strong>Frecuencia\/dosis\/duraci\u00f3n:<\/strong><\/p>\n<ul>\n<li>Normalmente, basta con una \u00fanica evaluaci\u00f3n. Sin embargo, la necesidad de repetir el EEG puede surgir en el contexto de una actividad convulsiva persistente o tras un EEG inicial positivo sin que se produzcan convulsiones de forma continuada.<\/li>\n<\/ul>\n<p><strong>Fundamento:<\/strong> El EEG es una herramienta fundamental tanto para el diagn\u00f3stico como para el tratamiento de las convulsiones relacionadas con los traumatismos craneoencef\u00e1licos (TCE). Su funci\u00f3n va m\u00e1s all\u00e1 de una evaluaci\u00f3n puntual, ya que ofrece informaci\u00f3n valiosa para el cuidado continuo del paciente.<\/p>\n","protected":false},"excerpt":{"rendered":"<p>Trazando el Paisaje: El papel crucial de la historia cl\u00ednica y la exploraci\u00f3n f\u00edsica en la evaluaci\u00f3n de las LCT En el intrincado \u00e1mbito de las lesiones cerebrales traum\u00e1ticas (LCT), donde las presentaciones cl\u00ednicas se desarrollan con diversos matices, una exploraci\u00f3n exhaustiva comienza con el lienzo de historias cl\u00ednicas y ex\u00e1menes f\u00edsicos completos. Estos pilares [&hellip;]<\/p>\n","protected":false},"author":33,"featured_media":0,"parent":21165,"menu_order":0,"comment_status":"closed","ping_status":"closed","template":"","meta":{"_et_pb_use_builder":"","_et_pb_old_content":"","_et_gb_content_width":"","footnotes":""},"class_list":["post-21333","page","type-page","status-publish","hentry"],"yoast_head":"<!-- This site is optimized with the Yoast SEO plugin v27.2 - https:\/\/yoast.com\/product\/yoast-seo-wordpress\/ -->\n<title>Diagn\u00f3stico | Best Hip &amp; Knee Surgeon | NY, USA<\/title>\n<meta name=\"description\" content=\"Trazando el Paisaje: El papel crucial de la historia cl\u00ednica y la exploraci\u00f3n f\u00edsica en la evaluaci\u00f3n de las LCT En el intrincado \u00e1mbito de las lesiones\" \/>\n<meta name=\"robots\" content=\"index, follow, max-snippet:-1, max-image-preview:large, max-video-preview:-1\" \/>\n<link rel=\"canonical\" href=\"https:\/\/www.newyorkhipknee.com\/es\/indemnizacion-por-accidente-laboral\/directrices-de-tratamiento-medico-mtg\/dano-cerebral-traumatico\/diagnostico\/\" \/>\n<meta property=\"og:locale\" content=\"es_ES\" \/>\n<meta property=\"og:type\" content=\"article\" \/>\n<meta property=\"og:title\" content=\"Diagn\u00f3stico | Best Hip &amp; Knee Surgeon | NY, USA\" \/>\n<meta property=\"og:description\" content=\"Trazando el Paisaje: El papel crucial de la historia cl\u00ednica y la exploraci\u00f3n f\u00edsica en la evaluaci\u00f3n de las LCT En el intrincado \u00e1mbito de las lesiones\" \/>\n<meta property=\"og:url\" content=\"https:\/\/www.newyorkhipknee.com\/es\/indemnizacion-por-accidente-laboral\/directrices-de-tratamiento-medico-mtg\/dano-cerebral-traumatico\/diagnostico\/\" \/>\n<meta property=\"og:site_name\" content=\"Best Hip &amp; Knee Surgeon | NY, USA\" \/>\n<meta name=\"twitter:card\" content=\"summary_large_image\" \/>\n<meta name=\"twitter:label1\" content=\"Tiempo de lectura\" \/>\n\t<meta name=\"twitter:data1\" content=\"5 minutos\" \/>\n<script type=\"application\/ld+json\" class=\"yoast-schema-graph\">{\"@context\":\"https:\/\/schema.org\",\"@graph\":[{\"@type\":[\"WebPage\",\"MedicalWebPage\"],\"@id\":\"https:\/\/www.newyorkhipknee.com\/es\/indemnizacion-por-accidente-laboral\/directrices-de-tratamiento-medico-mtg\/dano-cerebral-traumatico\/diagnostico\/\",\"url\":\"https:\/\/www.newyorkhipknee.com\/es\/indemnizacion-por-accidente-laboral\/directrices-de-tratamiento-medico-mtg\/dano-cerebral-traumatico\/diagnostico\/\",\"name\":\"Diagn\u00f3stico | Best Hip &amp; Knee Surgeon | NY, USA\",\"isPartOf\":{\"@id\":\"https:\/\/www.newyorkhipknee.com\/es\/#website\"},\"datePublished\":\"2023-12-29T19:13:10+00:00\",\"description\":\"Trazando el Paisaje: El papel crucial de la historia cl\u00ednica y la exploraci\u00f3n f\u00edsica en la evaluaci\u00f3n de las LCT En el intrincado \u00e1mbito de las lesiones\",\"breadcrumb\":{\"@id\":\"https:\/\/www.newyorkhipknee.com\/es\/indemnizacion-por-accidente-laboral\/directrices-de-tratamiento-medico-mtg\/dano-cerebral-traumatico\/diagnostico\/#breadcrumb\"},\"inLanguage\":\"es\",\"potentialAction\":[{\"@type\":\"ReadAction\",\"target\":[\"https:\/\/www.newyorkhipknee.com\/es\/indemnizacion-por-accidente-laboral\/directrices-de-tratamiento-medico-mtg\/dano-cerebral-traumatico\/diagnostico\/\"]}]},{\"@type\":\"BreadcrumbList\",\"@id\":\"https:\/\/www.newyorkhipknee.com\/es\/indemnizacion-por-accidente-laboral\/directrices-de-tratamiento-medico-mtg\/dano-cerebral-traumatico\/diagnostico\/#breadcrumb\",\"itemListElement\":[{\"@type\":\"ListItem\",\"position\":1,\"name\":\"Home\",\"item\":\"https:\/\/www.newyorkhipknee.com\/es\/\"},{\"@type\":\"ListItem\",\"position\":2,\"name\":\"Indemnizaci\u00f3n por accidente laboral\",\"item\":\"https:\/\/www.newyorkhipknee.com\/es\/indemnizacion-por-accidente-laboral\/\"},{\"@type\":\"ListItem\",\"position\":3,\"name\":\"Directrices de tratamiento m\u00e9dico (MTG)\",\"item\":\"https:\/\/www.newyorkhipknee.com\/es\/indemnizacion-por-accidente-laboral\/directrices-de-tratamiento-medico-mtg\/\"},{\"@type\":\"ListItem\",\"position\":4,\"name\":\"Da\u00f1o cerebral traum\u00e1tico\",\"item\":\"https:\/\/www.newyorkhipknee.com\/es\/indemnizacion-por-accidente-laboral\/directrices-de-tratamiento-medico-mtg\/dano-cerebral-traumatico\/\"},{\"@type\":\"ListItem\",\"position\":5,\"name\":\"Diagn\u00f3stico\"}]},{\"@type\":\"WebSite\",\"@id\":\"https:\/\/www.newyorkhipknee.com\/es\/#website\",\"url\":\"https:\/\/www.newyorkhipknee.com\/es\/\",\"name\":\"Best Hip & Knee Surgeon | NY, USA\",\"description\":\"\",\"potentialAction\":[{\"@type\":\"SearchAction\",\"target\":{\"@type\":\"EntryPoint\",\"urlTemplate\":\"https:\/\/www.newyorkhipknee.com\/es\/?s={search_term_string}\"},\"query-input\":{\"@type\":\"PropertyValueSpecification\",\"valueRequired\":true,\"valueName\":\"search_term_string\"}}],\"inLanguage\":\"es\"}]}<\/script>\n<!-- \/ Yoast SEO plugin. -->","yoast_head_json":{"title":"Diagn\u00f3stico | Best Hip &amp; Knee Surgeon | NY, USA","description":"Trazando el Paisaje: El papel crucial de la historia cl\u00ednica y la exploraci\u00f3n f\u00edsica en la evaluaci\u00f3n de las LCT En el intrincado \u00e1mbito de las lesiones","robots":{"index":"index","follow":"follow","max-snippet":"max-snippet:-1","max-image-preview":"max-image-preview:large","max-video-preview":"max-video-preview:-1"},"canonical":"https:\/\/www.newyorkhipknee.com\/es\/indemnizacion-por-accidente-laboral\/directrices-de-tratamiento-medico-mtg\/dano-cerebral-traumatico\/diagnostico\/","og_locale":"es_ES","og_type":"article","og_title":"Diagn\u00f3stico | Best Hip &amp; Knee Surgeon | NY, USA","og_description":"Trazando el Paisaje: El papel crucial de la historia cl\u00ednica y la exploraci\u00f3n f\u00edsica en la evaluaci\u00f3n de las LCT En el intrincado \u00e1mbito de las lesiones","og_url":"https:\/\/www.newyorkhipknee.com\/es\/indemnizacion-por-accidente-laboral\/directrices-de-tratamiento-medico-mtg\/dano-cerebral-traumatico\/diagnostico\/","og_site_name":"Best Hip &amp; Knee Surgeon | NY, USA","twitter_card":"summary_large_image","twitter_misc":{"Tiempo de lectura":"5 minutos"},"schema":{"@context":"https:\/\/schema.org","@graph":[{"@type":["WebPage","MedicalWebPage"],"@id":"https:\/\/www.newyorkhipknee.com\/es\/indemnizacion-por-accidente-laboral\/directrices-de-tratamiento-medico-mtg\/dano-cerebral-traumatico\/diagnostico\/","url":"https:\/\/www.newyorkhipknee.com\/es\/indemnizacion-por-accidente-laboral\/directrices-de-tratamiento-medico-mtg\/dano-cerebral-traumatico\/diagnostico\/","name":"Diagn\u00f3stico | Best Hip &amp; Knee Surgeon | NY, USA","isPartOf":{"@id":"https:\/\/www.newyorkhipknee.com\/es\/#website"},"datePublished":"2023-12-29T19:13:10+00:00","description":"Trazando el Paisaje: El papel crucial de la historia cl\u00ednica y la exploraci\u00f3n f\u00edsica en la evaluaci\u00f3n de las LCT En el intrincado \u00e1mbito de las lesiones","breadcrumb":{"@id":"https:\/\/www.newyorkhipknee.com\/es\/indemnizacion-por-accidente-laboral\/directrices-de-tratamiento-medico-mtg\/dano-cerebral-traumatico\/diagnostico\/#breadcrumb"},"inLanguage":"es","potentialAction":[{"@type":"ReadAction","target":["https:\/\/www.newyorkhipknee.com\/es\/indemnizacion-por-accidente-laboral\/directrices-de-tratamiento-medico-mtg\/dano-cerebral-traumatico\/diagnostico\/"]}]},{"@type":"BreadcrumbList","@id":"https:\/\/www.newyorkhipknee.com\/es\/indemnizacion-por-accidente-laboral\/directrices-de-tratamiento-medico-mtg\/dano-cerebral-traumatico\/diagnostico\/#breadcrumb","itemListElement":[{"@type":"ListItem","position":1,"name":"Home","item":"https:\/\/www.newyorkhipknee.com\/es\/"},{"@type":"ListItem","position":2,"name":"Indemnizaci\u00f3n por accidente laboral","item":"https:\/\/www.newyorkhipknee.com\/es\/indemnizacion-por-accidente-laboral\/"},{"@type":"ListItem","position":3,"name":"Directrices de tratamiento m\u00e9dico (MTG)","item":"https:\/\/www.newyorkhipknee.com\/es\/indemnizacion-por-accidente-laboral\/directrices-de-tratamiento-medico-mtg\/"},{"@type":"ListItem","position":4,"name":"Da\u00f1o cerebral traum\u00e1tico","item":"https:\/\/www.newyorkhipknee.com\/es\/indemnizacion-por-accidente-laboral\/directrices-de-tratamiento-medico-mtg\/dano-cerebral-traumatico\/"},{"@type":"ListItem","position":5,"name":"Diagn\u00f3stico"}]},{"@type":"WebSite","@id":"https:\/\/www.newyorkhipknee.com\/es\/#website","url":"https:\/\/www.newyorkhipknee.com\/es\/","name":"Best Hip & Knee Surgeon | NY, USA","description":"","potentialAction":[{"@type":"SearchAction","target":{"@type":"EntryPoint","urlTemplate":"https:\/\/www.newyorkhipknee.com\/es\/?s={search_term_string}"},"query-input":{"@type":"PropertyValueSpecification","valueRequired":true,"valueName":"search_term_string"}}],"inLanguage":"es"}]}},"_links":{"self":[{"href":"https:\/\/www.newyorkhipknee.com\/es\/wp-json\/wp\/v2\/pages\/21333","targetHints":{"allow":["GET"]}}],"collection":[{"href":"https:\/\/www.newyorkhipknee.com\/es\/wp-json\/wp\/v2\/pages"}],"about":[{"href":"https:\/\/www.newyorkhipknee.com\/es\/wp-json\/wp\/v2\/types\/page"}],"author":[{"embeddable":true,"href":"https:\/\/www.newyorkhipknee.com\/es\/wp-json\/wp\/v2\/users\/33"}],"replies":[{"embeddable":true,"href":"https:\/\/www.newyorkhipknee.com\/es\/wp-json\/wp\/v2\/comments?post=21333"}],"version-history":[{"count":0,"href":"https:\/\/www.newyorkhipknee.com\/es\/wp-json\/wp\/v2\/pages\/21333\/revisions"}],"up":[{"embeddable":true,"href":"https:\/\/www.newyorkhipknee.com\/es\/wp-json\/wp\/v2\/pages\/21165"}],"wp:attachment":[{"href":"https:\/\/www.newyorkhipknee.com\/es\/wp-json\/wp\/v2\/media?parent=21333"}],"curies":[{"name":"wp","href":"https:\/\/api.w.org\/{rel}","templated":true}]}}