{"id":21335,"date":"2023-12-29T13:26:34","date_gmt":"2023-12-29T18:26:34","guid":{"rendered":"https:\/\/newyorkhipknee.com\/dano-cerebral-traumatico\/evaluacion-inicial\/"},"modified":"2023-12-29T13:26:34","modified_gmt":"2023-12-29T18:26:34","slug":"evaluacion-inicial","status":"publish","type":"page","link":"https:\/\/www.newyorkhipknee.com\/es\/indemnizacion-por-accidente-laboral\/directrices-de-tratamiento-medico-mtg\/dano-cerebral-traumatico\/evaluacion-inicial\/","title":{"rendered":"Evaluaci\u00f3n inicial"},"content":{"rendered":"<p><strong>Cartograf\u00eda del terreno: Desvelar la evaluaci\u00f3n inicial del traumatismo craneoencef\u00e1lico relacionado con el trabajo (TCE)<\/strong><\/p>\n<p>Embarcarse en la evaluaci\u00f3n de un paciente que presenta un posible traumatismo craneoencef\u00e1lico (TCE) relacionado con el trabajo requiere un recorrido meticuloso por su historial y una exploraci\u00f3n espec\u00edfica durante la exploraci\u00f3n f\u00edsica.<\/p>\n<p><strong>  Banderas rojas: Navegar por el paisaje<\/strong><\/p>\n<p>La evaluaci\u00f3n, intrincadamente entretejida tanto con las percepciones hist\u00f3ricas como con los matices descubiertos en el examen f\u00edsico, trata de desenterrar las \u00abBanderas Rojas\u00bb. Estas banderas act\u00faan como balizas, se\u00f1alando posibles indicios de afecciones m\u00e9dicas, neurol\u00f3gicas (que abarcan los \u00e1mbitos del cerebro, la m\u00e9dula espinal y los nervios perif\u00e9ricos) y ortop\u00e9dicas subyacentes. En la Tabla 2 se detalla meticulosamente una exploraci\u00f3n exhaustiva de estas se\u00f1ales de alarma, ofreciendo una gu\u00eda estructurada para discernir las dimensiones polifac\u00e9ticas que pueden subyacer bajo la superficie de los problemas de LCT relacionados con el trabajo.<\/p>\n<p>&nbsp;<\/p>\n<p><img loading=\"lazy\" decoding=\"async\" class=\"alignnone wp-image-20716\" title=\"Captura de pantalla 2023-12-29 121937\" src=\"https:\/\/newyorkhipknee.com\/wp-content\/uploads\/2023\/12\/Screenshot-2023-12-29-121937.png\" alt=\"\" width=\"637\" height=\"499\" srcset=\"https:\/\/newyorkhipknee.com\/wp-content\/uploads\/2023\/12\/Screenshot-2023-12-29-121937.png 637w, https:\/\/newyorkhipknee.com\/wp-content\/uploads\/2023\/12\/Screenshot-2023-12-29-121937-480x376.png 480w\" sizes=\"(min-width: 0px) and (max-width: 480px) 480px, (min-width: 481px) 637px, 100vw\" \/><\/p>\n","protected":false},"excerpt":{"rendered":"<p>Cartograf\u00eda del terreno: Desvelar la evaluaci\u00f3n inicial del traumatismo craneoencef\u00e1lico relacionado con el trabajo (TCE) Embarcarse en la evaluaci\u00f3n de un paciente que presenta un posible traumatismo craneoencef\u00e1lico (TCE) relacionado con el trabajo requiere un recorrido meticuloso por su historial y una exploraci\u00f3n espec\u00edfica durante la exploraci\u00f3n f\u00edsica. Banderas rojas: Navegar por el paisaje La [&hellip;]<\/p>\n","protected":false},"author":33,"featured_media":0,"parent":21165,"menu_order":0,"comment_status":"closed","ping_status":"closed","template":"","meta":{"_et_pb_use_builder":"","_et_pb_old_content":"","_et_gb_content_width":"","footnotes":""},"class_list":["post-21335","page","type-page","status-publish","hentry"],"yoast_head":"<!-- This site is optimized with the Yoast SEO plugin v27.2 - https:\/\/yoast.com\/product\/yoast-seo-wordpress\/ -->\n<title>Evaluaci\u00f3n inicial | Best Hip &amp; Knee Surgeon | NY, USA<\/title>\n<meta name=\"description\" content=\"Cartograf\u00eda del terreno: Desvelar la evaluaci\u00f3n inicial del traumatismo craneoencef\u00e1lico relacionado con el trabajo (TCE) Embarcarse en la evaluaci\u00f3n de\" \/>\n<meta name=\"robots\" content=\"index, follow, max-snippet:-1, max-image-preview:large, max-video-preview:-1\" \/>\n<link rel=\"canonical\" href=\"https:\/\/www.newyorkhipknee.com\/es\/indemnizacion-por-accidente-laboral\/directrices-de-tratamiento-medico-mtg\/dano-cerebral-traumatico\/evaluacion-inicial\/\" \/>\n<meta property=\"og:locale\" content=\"es_ES\" \/>\n<meta property=\"og:type\" content=\"article\" \/>\n<meta property=\"og:title\" content=\"Evaluaci\u00f3n inicial | Best Hip &amp; Knee Surgeon | NY, USA\" \/>\n<meta property=\"og:description\" content=\"Cartograf\u00eda del terreno: Desvelar la evaluaci\u00f3n inicial del traumatismo craneoencef\u00e1lico relacionado con el trabajo (TCE) Embarcarse en la evaluaci\u00f3n de\" \/>\n<meta property=\"og:url\" content=\"https:\/\/www.newyorkhipknee.com\/es\/indemnizacion-por-accidente-laboral\/directrices-de-tratamiento-medico-mtg\/dano-cerebral-traumatico\/evaluacion-inicial\/\" \/>\n<meta property=\"og:site_name\" content=\"Best Hip &amp; Knee Surgeon | NY, USA\" \/>\n<meta property=\"og:image\" content=\"https:\/\/newyorkhipknee.com\/wp-content\/uploads\/2023\/12\/Screenshot-2023-12-29-121937.png\" \/>\n<meta name=\"twitter:card\" content=\"summary_large_image\" \/>\n<meta name=\"twitter:label1\" content=\"Tiempo de lectura\" \/>\n\t<meta name=\"twitter:data1\" content=\"1 minuto\" \/>\n<script type=\"application\/ld+json\" class=\"yoast-schema-graph\">{\"@context\":\"https:\/\/schema.org\",\"@graph\":[{\"@type\":[\"WebPage\",\"MedicalWebPage\"],\"@id\":\"https:\/\/www.newyorkhipknee.com\/es\/indemnizacion-por-accidente-laboral\/directrices-de-tratamiento-medico-mtg\/dano-cerebral-traumatico\/evaluacion-inicial\/\",\"url\":\"https:\/\/www.newyorkhipknee.com\/es\/indemnizacion-por-accidente-laboral\/directrices-de-tratamiento-medico-mtg\/dano-cerebral-traumatico\/evaluacion-inicial\/\",\"name\":\"Evaluaci\u00f3n inicial | Best Hip &amp; Knee Surgeon | NY, USA\",\"isPartOf\":{\"@id\":\"https:\/\/www.newyorkhipknee.com\/es\/#website\"},\"primaryImageOfPage\":{\"@id\":\"https:\/\/www.newyorkhipknee.com\/es\/indemnizacion-por-accidente-laboral\/directrices-de-tratamiento-medico-mtg\/dano-cerebral-traumatico\/evaluacion-inicial\/#primaryimage\"},\"image\":{\"@id\":\"https:\/\/www.newyorkhipknee.com\/es\/indemnizacion-por-accidente-laboral\/directrices-de-tratamiento-medico-mtg\/dano-cerebral-traumatico\/evaluacion-inicial\/#primaryimage\"},\"thumbnailUrl\":\"https:\/\/newyorkhipknee.com\/wp-content\/uploads\/2023\/12\/Screenshot-2023-12-29-121937.png\",\"datePublished\":\"2023-12-29T18:26:34+00:00\",\"description\":\"Cartograf\u00eda del terreno: Desvelar la evaluaci\u00f3n inicial del traumatismo craneoencef\u00e1lico relacionado con el trabajo (TCE) Embarcarse en la evaluaci\u00f3n de\",\"breadcrumb\":{\"@id\":\"https:\/\/www.newyorkhipknee.com\/es\/indemnizacion-por-accidente-laboral\/directrices-de-tratamiento-medico-mtg\/dano-cerebral-traumatico\/evaluacion-inicial\/#breadcrumb\"},\"inLanguage\":\"es\",\"potentialAction\":[{\"@type\":\"ReadAction\",\"target\":[\"https:\/\/www.newyorkhipknee.com\/es\/indemnizacion-por-accidente-laboral\/directrices-de-tratamiento-medico-mtg\/dano-cerebral-traumatico\/evaluacion-inicial\/\"]}]},{\"@type\":\"ImageObject\",\"inLanguage\":\"es\",\"@id\":\"https:\/\/www.newyorkhipknee.com\/es\/indemnizacion-por-accidente-laboral\/directrices-de-tratamiento-medico-mtg\/dano-cerebral-traumatico\/evaluacion-inicial\/#primaryimage\",\"url\":\"https:\/\/newyorkhipknee.com\/wp-content\/uploads\/2023\/12\/Screenshot-2023-12-29-121937.png\",\"contentUrl\":\"https:\/\/newyorkhipknee.com\/wp-content\/uploads\/2023\/12\/Screenshot-2023-12-29-121937.png\"},{\"@type\":\"BreadcrumbList\",\"@id\":\"https:\/\/www.newyorkhipknee.com\/es\/indemnizacion-por-accidente-laboral\/directrices-de-tratamiento-medico-mtg\/dano-cerebral-traumatico\/evaluacion-inicial\/#breadcrumb\",\"itemListElement\":[{\"@type\":\"ListItem\",\"position\":1,\"name\":\"Home\",\"item\":\"https:\/\/www.newyorkhipknee.com\/es\/\"},{\"@type\":\"ListItem\",\"position\":2,\"name\":\"Indemnizaci\u00f3n por accidente laboral\",\"item\":\"https:\/\/www.newyorkhipknee.com\/es\/indemnizacion-por-accidente-laboral\/\"},{\"@type\":\"ListItem\",\"position\":3,\"name\":\"Directrices de tratamiento m\u00e9dico (MTG)\",\"item\":\"https:\/\/www.newyorkhipknee.com\/es\/indemnizacion-por-accidente-laboral\/directrices-de-tratamiento-medico-mtg\/\"},{\"@type\":\"ListItem\",\"position\":4,\"name\":\"Da\u00f1o cerebral traum\u00e1tico\",\"item\":\"https:\/\/www.newyorkhipknee.com\/es\/indemnizacion-por-accidente-laboral\/directrices-de-tratamiento-medico-mtg\/dano-cerebral-traumatico\/\"},{\"@type\":\"ListItem\",\"position\":5,\"name\":\"Evaluaci\u00f3n inicial\"}]},{\"@type\":\"WebSite\",\"@id\":\"https:\/\/www.newyorkhipknee.com\/es\/#website\",\"url\":\"https:\/\/www.newyorkhipknee.com\/es\/\",\"name\":\"Best Hip & Knee Surgeon | NY, USA\",\"description\":\"\",\"potentialAction\":[{\"@type\":\"SearchAction\",\"target\":{\"@type\":\"EntryPoint\",\"urlTemplate\":\"https:\/\/www.newyorkhipknee.com\/es\/?s={search_term_string}\"},\"query-input\":{\"@type\":\"PropertyValueSpecification\",\"valueRequired\":true,\"valueName\":\"search_term_string\"}}],\"inLanguage\":\"es\"}]}<\/script>\n<!-- \/ Yoast SEO plugin. -->","yoast_head_json":{"title":"Evaluaci\u00f3n inicial | Best Hip &amp; Knee Surgeon | NY, USA","description":"Cartograf\u00eda del terreno: Desvelar la evaluaci\u00f3n inicial del traumatismo craneoencef\u00e1lico relacionado con el trabajo (TCE) Embarcarse en la evaluaci\u00f3n de","robots":{"index":"index","follow":"follow","max-snippet":"max-snippet:-1","max-image-preview":"max-image-preview:large","max-video-preview":"max-video-preview:-1"},"canonical":"https:\/\/www.newyorkhipknee.com\/es\/indemnizacion-por-accidente-laboral\/directrices-de-tratamiento-medico-mtg\/dano-cerebral-traumatico\/evaluacion-inicial\/","og_locale":"es_ES","og_type":"article","og_title":"Evaluaci\u00f3n inicial | Best Hip &amp; Knee Surgeon | NY, USA","og_description":"Cartograf\u00eda del terreno: Desvelar la evaluaci\u00f3n inicial del traumatismo craneoencef\u00e1lico relacionado con el trabajo (TCE) Embarcarse en la evaluaci\u00f3n de","og_url":"https:\/\/www.newyorkhipknee.com\/es\/indemnizacion-por-accidente-laboral\/directrices-de-tratamiento-medico-mtg\/dano-cerebral-traumatico\/evaluacion-inicial\/","og_site_name":"Best Hip &amp; Knee Surgeon | NY, USA","og_image":[{"url":"https:\/\/newyorkhipknee.com\/wp-content\/uploads\/2023\/12\/Screenshot-2023-12-29-121937.png","type":"","width":"","height":""}],"twitter_card":"summary_large_image","twitter_misc":{"Tiempo de lectura":"1 minuto"},"schema":{"@context":"https:\/\/schema.org","@graph":[{"@type":["WebPage","MedicalWebPage"],"@id":"https:\/\/www.newyorkhipknee.com\/es\/indemnizacion-por-accidente-laboral\/directrices-de-tratamiento-medico-mtg\/dano-cerebral-traumatico\/evaluacion-inicial\/","url":"https:\/\/www.newyorkhipknee.com\/es\/indemnizacion-por-accidente-laboral\/directrices-de-tratamiento-medico-mtg\/dano-cerebral-traumatico\/evaluacion-inicial\/","name":"Evaluaci\u00f3n inicial | Best Hip &amp; Knee Surgeon | NY, USA","isPartOf":{"@id":"https:\/\/www.newyorkhipknee.com\/es\/#website"},"primaryImageOfPage":{"@id":"https:\/\/www.newyorkhipknee.com\/es\/indemnizacion-por-accidente-laboral\/directrices-de-tratamiento-medico-mtg\/dano-cerebral-traumatico\/evaluacion-inicial\/#primaryimage"},"image":{"@id":"https:\/\/www.newyorkhipknee.com\/es\/indemnizacion-por-accidente-laboral\/directrices-de-tratamiento-medico-mtg\/dano-cerebral-traumatico\/evaluacion-inicial\/#primaryimage"},"thumbnailUrl":"https:\/\/newyorkhipknee.com\/wp-content\/uploads\/2023\/12\/Screenshot-2023-12-29-121937.png","datePublished":"2023-12-29T18:26:34+00:00","description":"Cartograf\u00eda del terreno: Desvelar la evaluaci\u00f3n inicial del traumatismo craneoencef\u00e1lico relacionado con el trabajo (TCE) Embarcarse en la evaluaci\u00f3n de","breadcrumb":{"@id":"https:\/\/www.newyorkhipknee.com\/es\/indemnizacion-por-accidente-laboral\/directrices-de-tratamiento-medico-mtg\/dano-cerebral-traumatico\/evaluacion-inicial\/#breadcrumb"},"inLanguage":"es","potentialAction":[{"@type":"ReadAction","target":["https:\/\/www.newyorkhipknee.com\/es\/indemnizacion-por-accidente-laboral\/directrices-de-tratamiento-medico-mtg\/dano-cerebral-traumatico\/evaluacion-inicial\/"]}]},{"@type":"ImageObject","inLanguage":"es","@id":"https:\/\/www.newyorkhipknee.com\/es\/indemnizacion-por-accidente-laboral\/directrices-de-tratamiento-medico-mtg\/dano-cerebral-traumatico\/evaluacion-inicial\/#primaryimage","url":"https:\/\/newyorkhipknee.com\/wp-content\/uploads\/2023\/12\/Screenshot-2023-12-29-121937.png","contentUrl":"https:\/\/newyorkhipknee.com\/wp-content\/uploads\/2023\/12\/Screenshot-2023-12-29-121937.png"},{"@type":"BreadcrumbList","@id":"https:\/\/www.newyorkhipknee.com\/es\/indemnizacion-por-accidente-laboral\/directrices-de-tratamiento-medico-mtg\/dano-cerebral-traumatico\/evaluacion-inicial\/#breadcrumb","itemListElement":[{"@type":"ListItem","position":1,"name":"Home","item":"https:\/\/www.newyorkhipknee.com\/es\/"},{"@type":"ListItem","position":2,"name":"Indemnizaci\u00f3n por accidente laboral","item":"https:\/\/www.newyorkhipknee.com\/es\/indemnizacion-por-accidente-laboral\/"},{"@type":"ListItem","position":3,"name":"Directrices de tratamiento m\u00e9dico (MTG)","item":"https:\/\/www.newyorkhipknee.com\/es\/indemnizacion-por-accidente-laboral\/directrices-de-tratamiento-medico-mtg\/"},{"@type":"ListItem","position":4,"name":"Da\u00f1o cerebral traum\u00e1tico","item":"https:\/\/www.newyorkhipknee.com\/es\/indemnizacion-por-accidente-laboral\/directrices-de-tratamiento-medico-mtg\/dano-cerebral-traumatico\/"},{"@type":"ListItem","position":5,"name":"Evaluaci\u00f3n inicial"}]},{"@type":"WebSite","@id":"https:\/\/www.newyorkhipknee.com\/es\/#website","url":"https:\/\/www.newyorkhipknee.com\/es\/","name":"Best Hip & Knee Surgeon | NY, USA","description":"","potentialAction":[{"@type":"SearchAction","target":{"@type":"EntryPoint","urlTemplate":"https:\/\/www.newyorkhipknee.com\/es\/?s={search_term_string}"},"query-input":{"@type":"PropertyValueSpecification","valueRequired":true,"valueName":"search_term_string"}}],"inLanguage":"es"}]}},"_links":{"self":[{"href":"https:\/\/www.newyorkhipknee.com\/es\/wp-json\/wp\/v2\/pages\/21335","targetHints":{"allow":["GET"]}}],"collection":[{"href":"https:\/\/www.newyorkhipknee.com\/es\/wp-json\/wp\/v2\/pages"}],"about":[{"href":"https:\/\/www.newyorkhipknee.com\/es\/wp-json\/wp\/v2\/types\/page"}],"author":[{"embeddable":true,"href":"https:\/\/www.newyorkhipknee.com\/es\/wp-json\/wp\/v2\/users\/33"}],"replies":[{"embeddable":true,"href":"https:\/\/www.newyorkhipknee.com\/es\/wp-json\/wp\/v2\/comments?post=21335"}],"version-history":[{"count":0,"href":"https:\/\/www.newyorkhipknee.com\/es\/wp-json\/wp\/v2\/pages\/21335\/revisions"}],"up":[{"embeddable":true,"href":"https:\/\/www.newyorkhipknee.com\/es\/wp-json\/wp\/v2\/pages\/21165"}],"wp:attachment":[{"href":"https:\/\/www.newyorkhipknee.com\/es\/wp-json\/wp\/v2\/media?parent=21335"}],"curies":[{"name":"wp","href":"https:\/\/api.w.org\/{rel}","templated":true}]}}