{"id":21337,"date":"2023-12-29T14:41:17","date_gmt":"2023-12-29T19:41:17","guid":{"rendered":"https:\/\/newyorkhipknee.com\/dano-cerebral-traumatico\/neuro-otologia-evaluacion-vestibular-y-audiologica\/"},"modified":"2023-12-29T14:41:17","modified_gmt":"2023-12-29T19:41:17","slug":"neuro-otologia-evaluacion-vestibular-y-audiologica","status":"publish","type":"page","link":"https:\/\/www.newyorkhipknee.com\/es\/indemnizacion-por-accidente-laboral\/directrices-de-tratamiento-medico-mtg\/dano-cerebral-traumatico\/neuro-otologia-evaluacion-vestibular-y-audiologica\/","title":{"rendered":"Neuro-Otolog\u00eda: Evaluaci\u00f3n vestibular y audiol\u00f3gica"},"content":{"rendered":"<p><strong>Evaluaci\u00f3n vestibular y auditiva en pacientes con LCT: Recomendaciones<\/strong><\/p>\n<p>Los pacientes con LCT suelen experimentar disfunciones vestibulares y audiol\u00f3gicas, que se manifiestan a trav\u00e9s de s\u00edntomas como p\u00e9rdida de audici\u00f3n, mareos y problemas de equilibrio. Es crucial realizar una evaluaci\u00f3n exhaustiva, que incluya valoraciones cl\u00ednicas y neurotol\u00f3gicas. Las pruebas diagn\u00f3sticas de patolog\u00eda significativa pueden incluir audiometr\u00eda, timpanometr\u00eda y pruebas de funci\u00f3n vestibular como ENG\/VNG y pruebas de silla giratoria, en funci\u00f3n de las indicaciones cl\u00ednicas. Algunas pruebas pueden requerir repetici\u00f3n para un diagn\u00f3stico m\u00e1s claro y una planificaci\u00f3n eficaz del tratamiento.<\/p>\n<p><strong>Evaluaci\u00f3n auditiva en pacientes con traumatismo craneoencef\u00e1lico: Recomendaciones<\/strong><\/p>\n<p>Para los pacientes con p\u00e9rdida de audici\u00f3n, ac\u00fafenos o alteraciones del equilibrio, se recomienda una audiometr\u00eda, especialmente si la LCT se produjo como consecuencia de una explosi\u00f3n. Es aconsejable realizar una audiometr\u00eda a todos los pacientes con TCE debido a su bajo umbral. Esta evaluaci\u00f3n tiene por objeto identificar y cuantificar los d\u00e9ficits auditivos, determinar el tipo de p\u00e9rdida auditiva y evaluar la idoneidad de la correcci\u00f3n con aud\u00edfonos. Se recomienda una medida de referencia, y puede ser necesaria una segunda evaluaci\u00f3n al final del periodo de cicatrizaci\u00f3n.<\/p>\n<p><strong>Timpanometr\u00eda:<\/strong><\/p>\n<p>La timpanometr\u00eda se recomienda en determinados pacientes con p\u00e9rdida de audici\u00f3n, ac\u00fafenos o problemas de equilibrio. Este procedimiento mide las presiones del o\u00eddo medio y ayuda a identificar afecciones como perforaciones de la membrana timp\u00e1nica, anomal\u00edas osiculares, alteraciones y la presencia de l\u00edquido en el o\u00eddo medio como consecuencia de un traumatismo craneal.<\/p>\n<p><strong>Respuesta auditiva evocada del tronco encef\u00e1lico (BAER):<\/strong><\/p>\n<p>La BAER se recomienda para determinados pacientes con TCE grave cuando no son viables m\u00e9todos comunes como las pruebas de cabecera o la audiometr\u00eda. Esta prueba, que puede utilizarse en la l\u00ednea de base, ayuda a evaluar el sistema auditivo. Si las anomal\u00edas persisten y dificultan otros m\u00e9todos de prueba, se considera razonable realizar pruebas de seguimiento con BAER.<\/p>\n<p><strong>Pruebas de la funci\u00f3n vestibular:<\/strong><\/p>\n<p>Las pruebas de la funci\u00f3n vestibular sirven para definir la gravedad, las posibles causas subyacentes y los resultados esperados de los mareos y los trastornos del equilibrio de una persona. Estas pruebas pueden ser beneficiosas para evaluar y tratar la disfunci\u00f3n vestibular en pacientes con LCT.<\/p>\n<p><strong>Prueba de la silla giratoria:<\/strong> Recomendada para pacientes seleccionados para evaluar el impacto vestibular de la LCT. Las pruebas en silla giratoria eval\u00faan el funcionamiento vestibular y oculomotor, abordando espec\u00edficamente cuestiones como los mareos y los problemas de equilibrio asociados a las LCT. Esta evaluaci\u00f3n suele realizarse una vez.<\/p>\n<p><strong>Electro- o Video-Nistagmograf\u00eda (ENG\/VNG):<\/strong> Se recomienda en determinados pacientes para evaluar el desequilibrio y los mareos relacionados con el traumatismo craneoencef\u00e1lico. ENG\/VNG mide la funci\u00f3n del o\u00eddo interno y del equilibrio central, proporcionando informaci\u00f3n valiosa para los pacientes que requieren una evaluaci\u00f3n diagn\u00f3stica adicional de la funci\u00f3n vestibular. La prueba mide las respuestas del movimiento ocular a la estimulaci\u00f3n del equilibrio del o\u00eddo interno, utilizando el reflejo vest\u00edbulo-ocular. Esta evaluaci\u00f3n suele realizarse una vez.<\/p>\n<p>&nbsp;<\/p>\n<div class=\"flex-1 overflow-hidden\">\n<div class=\"react-scroll-to-bottom--css-wfvyv-79elbk h-full\">\n<div class=\"react-scroll-to-bottom--css-wfvyv-1n7m0yu\">\n<div class=\"flex flex-col pb-9 text-sm\">\n<div class=\"w-full text-token-text-primary\" data-testid=\"conversation-turn-149\">\n<div class=\"px-4 py-2 justify-center text-base md:gap-6 m-auto\">\n<div class=\"flex flex-1 text-base mx-auto gap-3 md:px-5 lg:px-1 xl:px-5 md:max-w-3xl lg:max-w-[40rem] xl:max-w-[48rem] group final-completion\">\n<div class=\"relative flex w-full flex-col lg:w-[calc(100%-115px)] agent-turn\">\n<div class=\"flex-col gap-1 md:gap-3\">\n<div class=\"flex flex-grow flex-col max-w-full\">\n<div class=\"min-h-[20px] text-message flex flex-col items-start gap-3 whitespace-pre-wrap break-words [.text-message+&amp;]:mt-5 overflow-x-auto\" data-message-author-role=\"assistant\" data-message-id=\"2dae4495-46f2-466a-9501-62d27bc4a319\">\n<div class=\"markdown prose w-full break-words dark:prose-invert dark\">\n<p><strong>Estudios de degluci\u00f3n en pacientes con traumatismo craneoencef\u00e1lico: Recomendaciones clave<\/strong><\/p>\n<p><strong>Estudios de degluci\u00f3n:<\/strong> Recomendados para pacientes seleccionados que experimentan dificultades para tragar u otros s\u00edntomas relacionados con la degluci\u00f3n. El deterioro de la degluci\u00f3n (disfagia) es frecuente en algunos pacientes con LCT grave, a menudo atribuido a factores como la intubaci\u00f3n prolongada, la traqueostom\u00eda, la propia lesi\u00f3n traum\u00e1tica, los medicamentos o el debilitamiento de los m\u00fasculos de la degluci\u00f3n por falta de uso. Estos pacientes pueden necesitar pruebas para evaluar la funci\u00f3n de degluci\u00f3n, identificar el grado de disfunci\u00f3n y determinar la adecuaci\u00f3n de la protecci\u00f3n de las v\u00edas respiratorias. Aunque existen diversas pruebas, todas ellas tienen por objeto evaluar la capacidad de degluci\u00f3n del paciente. El umbral para someterse a estudios de degluci\u00f3n es bajo, sobre todo entre aquellos con intubaci\u00f3n prolongada, traqueostom\u00eda, dificultad para tragar o signos de arcadas o aspiraci\u00f3n.<\/p>\n<\/div>\n<\/div>\n<\/div>\n<div class=\"mt-1 flex justify-start gap-3 empty:hidden\">\n<div class=\"text-gray-400 flex self-end lg:self-center justify-center lg:justify-start mt-0 gap-1 visible\"><button class=\"flex items-center gap-1.5 rounded-md p-1 pl-0 text-xs hover:text-gray-950 dark:text-gray-400 dark:hover:text-gray-200 disabled:dark:hover:text-gray-400 md:invisible md:group-hover:visible md:group-[.final-completion]:visible\"><\/button><\/p>\n<div class=\"flex gap-1\"><\/div>\n<div class=\"flex items-center gap-1.5 text-xs\"><\/div>\n<\/div>\n<\/div>\n<\/div>\n<\/div>\n<\/div>\n<\/div>\n<\/div>\n<\/div>\n<\/div>\n<\/div>\n<\/div>\n<div class=\"w-full pt-2 md:pt-0 dark:border-white\/20 md:border-transparent md:dark:border-transparent md:w-[calc(100%-.5rem)]\">\n<form class=\"stretch mx-2 flex flex-row gap-3 last:mb-2 md:mx-4 md:last:mb-6 lg:mx-auto lg:max-w-2xl xl:max-w-3xl\">\n<div class=\"relative flex h-full flex-1 items-stretch md:flex-col\">\n<div class=\"flex w-full items-center\"><\/div>\n<\/div>\n<\/form>\n<\/div>\n","protected":false},"excerpt":{"rendered":"<p>Evaluaci\u00f3n vestibular y auditiva en pacientes con LCT: Recomendaciones Los pacientes con LCT suelen experimentar disfunciones vestibulares y audiol\u00f3gicas, que se manifiestan a trav\u00e9s de s\u00edntomas como p\u00e9rdida de audici\u00f3n, mareos y problemas de equilibrio. Es crucial realizar una evaluaci\u00f3n exhaustiva, que incluya valoraciones cl\u00ednicas y neurotol\u00f3gicas. Las pruebas diagn\u00f3sticas de patolog\u00eda significativa pueden incluir [&hellip;]<\/p>\n","protected":false},"author":33,"featured_media":0,"parent":21165,"menu_order":0,"comment_status":"closed","ping_status":"closed","template":"","meta":{"_et_pb_use_builder":"","_et_pb_old_content":"","_et_gb_content_width":"","footnotes":""},"class_list":["post-21337","page","type-page","status-publish","hentry"],"yoast_head":"<!-- This site is optimized with the Yoast SEO plugin v27.2 - https:\/\/yoast.com\/product\/yoast-seo-wordpress\/ -->\n<title>Neuro-Otolog\u00eda: Evaluaci\u00f3n vestibular y audiol\u00f3gica | Best Hip &amp; Knee Surgeon | NY, USA<\/title>\n<meta name=\"description\" content=\"Evaluaci\u00f3n vestibular y auditiva en pacientes con LCT: Recomendaciones Los pacientes con LCT suelen experimentar disfunciones vestibulares y audiol\u00f3gicas,\" \/>\n<meta name=\"robots\" content=\"index, follow, max-snippet:-1, max-image-preview:large, max-video-preview:-1\" \/>\n<link rel=\"canonical\" href=\"https:\/\/www.newyorkhipknee.com\/es\/indemnizacion-por-accidente-laboral\/directrices-de-tratamiento-medico-mtg\/dano-cerebral-traumatico\/neuro-otologia-evaluacion-vestibular-y-audiologica\/\" \/>\n<meta property=\"og:locale\" content=\"es_ES\" \/>\n<meta property=\"og:type\" content=\"article\" \/>\n<meta property=\"og:title\" content=\"Neuro-Otolog\u00eda: Evaluaci\u00f3n vestibular y audiol\u00f3gica | Best Hip &amp; Knee Surgeon | NY, USA\" \/>\n<meta property=\"og:description\" content=\"Evaluaci\u00f3n vestibular y auditiva en pacientes con LCT: Recomendaciones Los pacientes con LCT suelen experimentar disfunciones vestibulares y audiol\u00f3gicas,\" \/>\n<meta property=\"og:url\" content=\"https:\/\/www.newyorkhipknee.com\/es\/indemnizacion-por-accidente-laboral\/directrices-de-tratamiento-medico-mtg\/dano-cerebral-traumatico\/neuro-otologia-evaluacion-vestibular-y-audiologica\/\" \/>\n<meta property=\"og:site_name\" content=\"Best Hip &amp; Knee Surgeon | NY, USA\" \/>\n<meta name=\"twitter:card\" content=\"summary_large_image\" \/>\n<meta name=\"twitter:label1\" content=\"Tiempo de lectura\" \/>\n\t<meta name=\"twitter:data1\" content=\"4 minutos\" \/>\n<script type=\"application\/ld+json\" class=\"yoast-schema-graph\">{\"@context\":\"https:\/\/schema.org\",\"@graph\":[{\"@type\":[\"WebPage\",\"MedicalWebPage\"],\"@id\":\"https:\/\/www.newyorkhipknee.com\/es\/indemnizacion-por-accidente-laboral\/directrices-de-tratamiento-medico-mtg\/dano-cerebral-traumatico\/neuro-otologia-evaluacion-vestibular-y-audiologica\/\",\"url\":\"https:\/\/www.newyorkhipknee.com\/es\/indemnizacion-por-accidente-laboral\/directrices-de-tratamiento-medico-mtg\/dano-cerebral-traumatico\/neuro-otologia-evaluacion-vestibular-y-audiologica\/\",\"name\":\"Neuro-Otolog\u00eda: Evaluaci\u00f3n vestibular y audiol\u00f3gica | Best Hip &amp; Knee Surgeon | NY, USA\",\"isPartOf\":{\"@id\":\"https:\/\/www.newyorkhipknee.com\/es\/#website\"},\"datePublished\":\"2023-12-29T19:41:17+00:00\",\"description\":\"Evaluaci\u00f3n vestibular y auditiva en pacientes con LCT: Recomendaciones Los pacientes con LCT suelen experimentar disfunciones vestibulares y audiol\u00f3gicas,\",\"breadcrumb\":{\"@id\":\"https:\/\/www.newyorkhipknee.com\/es\/indemnizacion-por-accidente-laboral\/directrices-de-tratamiento-medico-mtg\/dano-cerebral-traumatico\/neuro-otologia-evaluacion-vestibular-y-audiologica\/#breadcrumb\"},\"inLanguage\":\"es\",\"potentialAction\":[{\"@type\":\"ReadAction\",\"target\":[\"https:\/\/www.newyorkhipknee.com\/es\/indemnizacion-por-accidente-laboral\/directrices-de-tratamiento-medico-mtg\/dano-cerebral-traumatico\/neuro-otologia-evaluacion-vestibular-y-audiologica\/\"]}]},{\"@type\":\"BreadcrumbList\",\"@id\":\"https:\/\/www.newyorkhipknee.com\/es\/indemnizacion-por-accidente-laboral\/directrices-de-tratamiento-medico-mtg\/dano-cerebral-traumatico\/neuro-otologia-evaluacion-vestibular-y-audiologica\/#breadcrumb\",\"itemListElement\":[{\"@type\":\"ListItem\",\"position\":1,\"name\":\"Home\",\"item\":\"https:\/\/www.newyorkhipknee.com\/es\/\"},{\"@type\":\"ListItem\",\"position\":2,\"name\":\"Indemnizaci\u00f3n por accidente laboral\",\"item\":\"https:\/\/www.newyorkhipknee.com\/es\/indemnizacion-por-accidente-laboral\/\"},{\"@type\":\"ListItem\",\"position\":3,\"name\":\"Directrices de tratamiento m\u00e9dico (MTG)\",\"item\":\"https:\/\/www.newyorkhipknee.com\/es\/indemnizacion-por-accidente-laboral\/directrices-de-tratamiento-medico-mtg\/\"},{\"@type\":\"ListItem\",\"position\":4,\"name\":\"Da\u00f1o cerebral traum\u00e1tico\",\"item\":\"https:\/\/www.newyorkhipknee.com\/es\/indemnizacion-por-accidente-laboral\/directrices-de-tratamiento-medico-mtg\/dano-cerebral-traumatico\/\"},{\"@type\":\"ListItem\",\"position\":5,\"name\":\"Neuro-Otolog\u00eda: Evaluaci\u00f3n vestibular y audiol\u00f3gica\"}]},{\"@type\":\"WebSite\",\"@id\":\"https:\/\/www.newyorkhipknee.com\/es\/#website\",\"url\":\"https:\/\/www.newyorkhipknee.com\/es\/\",\"name\":\"Best Hip & Knee Surgeon | NY, USA\",\"description\":\"\",\"potentialAction\":[{\"@type\":\"SearchAction\",\"target\":{\"@type\":\"EntryPoint\",\"urlTemplate\":\"https:\/\/www.newyorkhipknee.com\/es\/?s={search_term_string}\"},\"query-input\":{\"@type\":\"PropertyValueSpecification\",\"valueRequired\":true,\"valueName\":\"search_term_string\"}}],\"inLanguage\":\"es\"}]}<\/script>\n<!-- \/ Yoast SEO plugin. -->","yoast_head_json":{"title":"Neuro-Otolog\u00eda: Evaluaci\u00f3n vestibular y audiol\u00f3gica | Best Hip &amp; Knee Surgeon | NY, USA","description":"Evaluaci\u00f3n vestibular y auditiva en pacientes con LCT: Recomendaciones Los pacientes con LCT suelen experimentar disfunciones vestibulares y audiol\u00f3gicas,","robots":{"index":"index","follow":"follow","max-snippet":"max-snippet:-1","max-image-preview":"max-image-preview:large","max-video-preview":"max-video-preview:-1"},"canonical":"https:\/\/www.newyorkhipknee.com\/es\/indemnizacion-por-accidente-laboral\/directrices-de-tratamiento-medico-mtg\/dano-cerebral-traumatico\/neuro-otologia-evaluacion-vestibular-y-audiologica\/","og_locale":"es_ES","og_type":"article","og_title":"Neuro-Otolog\u00eda: Evaluaci\u00f3n vestibular y audiol\u00f3gica | Best Hip &amp; Knee Surgeon | NY, USA","og_description":"Evaluaci\u00f3n vestibular y auditiva en pacientes con LCT: Recomendaciones Los pacientes con LCT suelen experimentar disfunciones vestibulares y audiol\u00f3gicas,","og_url":"https:\/\/www.newyorkhipknee.com\/es\/indemnizacion-por-accidente-laboral\/directrices-de-tratamiento-medico-mtg\/dano-cerebral-traumatico\/neuro-otologia-evaluacion-vestibular-y-audiologica\/","og_site_name":"Best Hip &amp; Knee Surgeon | NY, USA","twitter_card":"summary_large_image","twitter_misc":{"Tiempo de lectura":"4 minutos"},"schema":{"@context":"https:\/\/schema.org","@graph":[{"@type":["WebPage","MedicalWebPage"],"@id":"https:\/\/www.newyorkhipknee.com\/es\/indemnizacion-por-accidente-laboral\/directrices-de-tratamiento-medico-mtg\/dano-cerebral-traumatico\/neuro-otologia-evaluacion-vestibular-y-audiologica\/","url":"https:\/\/www.newyorkhipknee.com\/es\/indemnizacion-por-accidente-laboral\/directrices-de-tratamiento-medico-mtg\/dano-cerebral-traumatico\/neuro-otologia-evaluacion-vestibular-y-audiologica\/","name":"Neuro-Otolog\u00eda: Evaluaci\u00f3n vestibular y audiol\u00f3gica | Best Hip &amp; Knee Surgeon | NY, USA","isPartOf":{"@id":"https:\/\/www.newyorkhipknee.com\/es\/#website"},"datePublished":"2023-12-29T19:41:17+00:00","description":"Evaluaci\u00f3n vestibular y auditiva en pacientes con LCT: Recomendaciones Los pacientes con LCT suelen experimentar disfunciones vestibulares y audiol\u00f3gicas,","breadcrumb":{"@id":"https:\/\/www.newyorkhipknee.com\/es\/indemnizacion-por-accidente-laboral\/directrices-de-tratamiento-medico-mtg\/dano-cerebral-traumatico\/neuro-otologia-evaluacion-vestibular-y-audiologica\/#breadcrumb"},"inLanguage":"es","potentialAction":[{"@type":"ReadAction","target":["https:\/\/www.newyorkhipknee.com\/es\/indemnizacion-por-accidente-laboral\/directrices-de-tratamiento-medico-mtg\/dano-cerebral-traumatico\/neuro-otologia-evaluacion-vestibular-y-audiologica\/"]}]},{"@type":"BreadcrumbList","@id":"https:\/\/www.newyorkhipknee.com\/es\/indemnizacion-por-accidente-laboral\/directrices-de-tratamiento-medico-mtg\/dano-cerebral-traumatico\/neuro-otologia-evaluacion-vestibular-y-audiologica\/#breadcrumb","itemListElement":[{"@type":"ListItem","position":1,"name":"Home","item":"https:\/\/www.newyorkhipknee.com\/es\/"},{"@type":"ListItem","position":2,"name":"Indemnizaci\u00f3n por accidente laboral","item":"https:\/\/www.newyorkhipknee.com\/es\/indemnizacion-por-accidente-laboral\/"},{"@type":"ListItem","position":3,"name":"Directrices de tratamiento m\u00e9dico (MTG)","item":"https:\/\/www.newyorkhipknee.com\/es\/indemnizacion-por-accidente-laboral\/directrices-de-tratamiento-medico-mtg\/"},{"@type":"ListItem","position":4,"name":"Da\u00f1o cerebral traum\u00e1tico","item":"https:\/\/www.newyorkhipknee.com\/es\/indemnizacion-por-accidente-laboral\/directrices-de-tratamiento-medico-mtg\/dano-cerebral-traumatico\/"},{"@type":"ListItem","position":5,"name":"Neuro-Otolog\u00eda: Evaluaci\u00f3n vestibular y audiol\u00f3gica"}]},{"@type":"WebSite","@id":"https:\/\/www.newyorkhipknee.com\/es\/#website","url":"https:\/\/www.newyorkhipknee.com\/es\/","name":"Best Hip & Knee Surgeon | NY, USA","description":"","potentialAction":[{"@type":"SearchAction","target":{"@type":"EntryPoint","urlTemplate":"https:\/\/www.newyorkhipknee.com\/es\/?s={search_term_string}"},"query-input":{"@type":"PropertyValueSpecification","valueRequired":true,"valueName":"search_term_string"}}],"inLanguage":"es"}]}},"_links":{"self":[{"href":"https:\/\/www.newyorkhipknee.com\/es\/wp-json\/wp\/v2\/pages\/21337","targetHints":{"allow":["GET"]}}],"collection":[{"href":"https:\/\/www.newyorkhipknee.com\/es\/wp-json\/wp\/v2\/pages"}],"about":[{"href":"https:\/\/www.newyorkhipknee.com\/es\/wp-json\/wp\/v2\/types\/page"}],"author":[{"embeddable":true,"href":"https:\/\/www.newyorkhipknee.com\/es\/wp-json\/wp\/v2\/users\/33"}],"replies":[{"embeddable":true,"href":"https:\/\/www.newyorkhipknee.com\/es\/wp-json\/wp\/v2\/comments?post=21337"}],"version-history":[{"count":0,"href":"https:\/\/www.newyorkhipknee.com\/es\/wp-json\/wp\/v2\/pages\/21337\/revisions"}],"up":[{"embeddable":true,"href":"https:\/\/www.newyorkhipknee.com\/es\/wp-json\/wp\/v2\/pages\/21165"}],"wp:attachment":[{"href":"https:\/\/www.newyorkhipknee.com\/es\/wp-json\/wp\/v2\/media?parent=21337"}],"curies":[{"name":"wp","href":"https:\/\/api.w.org\/{rel}","templated":true}]}}