{"id":21340,"date":"2023-12-29T14:20:51","date_gmt":"2023-12-29T19:20:51","guid":{"rendered":"https:\/\/newyorkhipknee.com\/dano-cerebral-traumatico\/evaluacion-neuropsicologica\/"},"modified":"2023-12-29T14:20:51","modified_gmt":"2023-12-29T19:20:51","slug":"evaluacion-neuropsicologica","status":"publish","type":"page","link":"https:\/\/www.newyorkhipknee.com\/es\/indemnizacion-por-accidente-laboral\/directrices-de-tratamiento-medico-mtg\/dano-cerebral-traumatico\/evaluacion-neuropsicologica\/","title":{"rendered":"Evaluaci\u00f3n neuropsicol\u00f3gica"},"content":{"rendered":"<h2><strong>Comprender la neuropsicolog\u00eda: Desvelando los conocimientos cognitivos<\/strong><\/h2>\n<p>La neuropsicolog\u00eda, una faceta especializada de la psicolog\u00eda, profundiza en la evaluaci\u00f3n de las disfunciones neurocognitivas, un espectro que abarca la personalidad, la inteligencia, la atenci\u00f3n, la funci\u00f3n ejecutiva, el razonamiento, la resoluci\u00f3n de problemas, el procesamiento de la informaci\u00f3n y la memoria. La evaluaci\u00f3n del estado cognitivo implica una exploraci\u00f3n exhaustiva de dominios neurol\u00f3gicos espec\u00edficos.<\/p>\n<p>En el \u00e1mbito de los pacientes con traumatismo craneoencef\u00e1lico (TCE), en particular los que presentan afecciones de moderadas a graves, la neuropsicolog\u00eda desempe\u00f1a un papel fundamental. Aunque las LCT leves suelen resolverse espont\u00e1neamente en cuesti\u00f3n de d\u00edas, el campo de la neuropsicolog\u00eda resulta enormemente beneficioso para los casos en que los s\u00edntomas persistentes se prolongan m\u00e1s all\u00e1 de un mes.<\/p>\n<p>Las evaluaciones neuropsicol\u00f3gicas abarcan una evaluaci\u00f3n cl\u00ednica meticulosa junto con diversas pruebas y bater\u00edas de pruebas adaptadas para revelar anomal\u00edas relacionadas con la LCT. Dado el car\u00e1cter din\u00e1mico de estas pruebas, se recomiendan las versiones m\u00e1s actuales. Los pacientes se someten a una bater\u00eda de evaluaciones que abarcan la inteligencia, la memoria, la funci\u00f3n ejecutiva, el habla, el lenguaje y las habilidades visuales y espaciales, dilucidando el impacto de la LCT y trazando un plan de tratamiento a medida.<\/p>\n<p>Es fundamental tener en cuenta que este resumen no es exhaustivo y que pueden administrarse pruebas adicionales en funci\u00f3n de las indicaciones cl\u00ednicas. La selecci\u00f3n de los \u00e1mbitos de las pruebas depende del juicio cl\u00ednico individual, lo que garantiza un enfoque matizado de cada caso.<\/p>\n<p>&nbsp;<\/p>\n<div class=\"flex-1 overflow-hidden\">\n<div class=\"react-scroll-to-bottom--css-wfvyv-79elbk h-full\">\n<div class=\"react-scroll-to-bottom--css-wfvyv-1n7m0yu\">\n<div class=\"flex flex-col pb-9 text-sm\">\n<div class=\"w-full text-token-text-primary\" data-testid=\"conversation-turn-131\">\n<div class=\"px-4 py-2 justify-center text-base md:gap-6 m-auto\">\n<div class=\"flex flex-1 text-base mx-auto gap-3 md:px-5 lg:px-1 xl:px-5 md:max-w-3xl lg:max-w-[40rem] xl:max-w-[48rem] group final-completion\">\n<div class=\"relative flex w-full flex-col lg:w-[calc(100%-115px)] agent-turn\">\n<div class=\"flex-col gap-1 md:gap-3\">\n<div class=\"flex flex-grow flex-col max-w-full\">\n<div class=\"min-h-[20px] text-message flex flex-col items-start gap-3 whitespace-pre-wrap break-words [.text-message+&amp;]:mt-5 overflow-x-auto\" data-message-author-role=\"assistant\" data-message-id=\"3960fd87-b135-4128-b80d-5f4eacb938ca\">\n<div class=\"markdown prose w-full break-words dark:prose-invert dark\">\n<p><strong>Evaluaci\u00f3n neuropsicol\u00f3gica y neurocognitiva: Guiando el Cuidado de TBI<\/strong><\/p>\n<p>Para la evaluaci\u00f3n y el tratamiento de pacientes con Da\u00f1o Cerebral Traum\u00e1tico (TCE), se recomienda una Evaluaci\u00f3n Neuropsicol\u00f3gica y Neurocognitiva. Esta evaluaci\u00f3n es especialmente beneficiosa para los pacientes con LCT moderada o grave que experimentan dificultades cognitivas. Incluso las personas con LCT leve y s\u00edntomas persistentes pueden beneficiarse de estas evaluaciones.<\/p>\n<p>La evaluaci\u00f3n tiene varias finalidades, como orientar las estrategias de tratamiento, supervisar las intervenciones psicol\u00f3gicas y cognitivas y, m\u00e1s adelante, evaluar el final de la curaci\u00f3n, la meseta cl\u00ednica y la preparaci\u00f3n para la reincorporaci\u00f3n al trabajo. Los beneficios residen en la identificaci\u00f3n y medici\u00f3n de las capacidades psicol\u00f3gicas, neuropsicol\u00f3gicas, sociales, conductuales y cognitivas, lo que facilita la adaptaci\u00f3n de las terapias para abordar d\u00e9ficits espec\u00edficos.<\/p>\n<p>Normalmente, se realiza una o dos veces una evaluaci\u00f3n exhaustiva con una bater\u00eda de pruebas que abarcan \u00e1mbitos como la inteligencia, la memoria, la funci\u00f3n ejecutiva, el habla, el lenguaje, las habilidades visuales espaciales, la velocidad de procesamiento, el estado de \u00e1nimo y la personalidad. Las evaluaciones y tratamientos posteriores se centran en los d\u00e9ficits o problemas funcionales detectados. El proceso ayuda a adaptar las estrategias de rehabilitaci\u00f3n y a determinar el alcance de cualquier d\u00e9ficit residual a lo largo del tiempo.<\/p>\n<\/div>\n<\/div>\n<\/div>\n<div class=\"mt-1 flex justify-start gap-3 empty:hidden\">\n<div class=\"text-gray-400 flex self-end lg:self-center justify-center lg:justify-start mt-0 gap-1 visible\"><button class=\"flex items-center gap-1.5 rounded-md p-1 pl-0 text-xs hover:text-gray-950 dark:text-gray-400 dark:hover:text-gray-200 disabled:dark:hover:text-gray-400 md:invisible md:group-hover:visible md:group-[.final-completion]:visible\"><\/button><\/p>\n<div class=\"flex gap-1\"><\/div>\n<div class=\"flex items-center gap-1.5 text-xs\"><\/div>\n<\/div>\n<\/div>\n<\/div>\n<\/div>\n<\/div>\n<\/div>\n<\/div>\n<\/div>\n<\/div>\n<\/div>\n<\/div>\n<div class=\"w-full pt-2 md:pt-0 dark:border-white\/20 md:border-transparent md:dark:border-transparent md:w-[calc(100%-.5rem)]\">\n<form class=\"stretch mx-2 flex flex-row gap-3 last:mb-2 md:mx-4 md:last:mb-6 lg:mx-auto lg:max-w-2xl xl:max-w-3xl\">\n<div class=\"relative flex h-full flex-1 items-stretch md:flex-col\">\n<div class=\"flex w-full items-center\"><\/div>\n<\/div>\n<\/form>\n<\/div>\n","protected":false},"excerpt":{"rendered":"<p>Comprender la neuropsicolog\u00eda: Desvelando los conocimientos cognitivos La neuropsicolog\u00eda, una faceta especializada de la psicolog\u00eda, profundiza en la evaluaci\u00f3n de las disfunciones neurocognitivas, un espectro que abarca la personalidad, la inteligencia, la atenci\u00f3n, la funci\u00f3n ejecutiva, el razonamiento, la resoluci\u00f3n de problemas, el procesamiento de la informaci\u00f3n y la memoria. La evaluaci\u00f3n del estado cognitivo [&hellip;]<\/p>\n","protected":false},"author":33,"featured_media":0,"parent":21165,"menu_order":0,"comment_status":"closed","ping_status":"closed","template":"","meta":{"_et_pb_use_builder":"","_et_pb_old_content":"","_et_gb_content_width":"","footnotes":""},"class_list":["post-21340","page","type-page","status-publish","hentry"],"yoast_head":"<!-- This site is optimized with the Yoast SEO plugin v27.2 - https:\/\/yoast.com\/product\/yoast-seo-wordpress\/ -->\n<title>Evaluaci\u00f3n neuropsicol\u00f3gica | Best Hip &amp; Knee Surgeon | NY, USA<\/title>\n<meta name=\"description\" content=\"Comprender la neuropsicolog\u00eda: Desvelando los conocimientos cognitivos La neuropsicolog\u00eda, una faceta especializada de la psicolog\u00eda, profundiza en la\" \/>\n<meta name=\"robots\" content=\"index, follow, max-snippet:-1, max-image-preview:large, max-video-preview:-1\" \/>\n<link rel=\"canonical\" href=\"https:\/\/www.newyorkhipknee.com\/es\/indemnizacion-por-accidente-laboral\/directrices-de-tratamiento-medico-mtg\/dano-cerebral-traumatico\/evaluacion-neuropsicologica\/\" \/>\n<meta property=\"og:locale\" content=\"es_ES\" \/>\n<meta property=\"og:type\" content=\"article\" \/>\n<meta property=\"og:title\" content=\"Evaluaci\u00f3n neuropsicol\u00f3gica | Best Hip &amp; Knee Surgeon | NY, USA\" \/>\n<meta property=\"og:description\" content=\"Comprender la neuropsicolog\u00eda: Desvelando los conocimientos cognitivos La neuropsicolog\u00eda, una faceta especializada de la psicolog\u00eda, profundiza en la\" \/>\n<meta property=\"og:url\" content=\"https:\/\/www.newyorkhipknee.com\/es\/indemnizacion-por-accidente-laboral\/directrices-de-tratamiento-medico-mtg\/dano-cerebral-traumatico\/evaluacion-neuropsicologica\/\" \/>\n<meta property=\"og:site_name\" content=\"Best Hip &amp; Knee Surgeon | NY, USA\" \/>\n<meta name=\"twitter:card\" content=\"summary_large_image\" \/>\n<meta name=\"twitter:label1\" content=\"Tiempo de lectura\" \/>\n\t<meta name=\"twitter:data1\" content=\"3 minutos\" \/>\n<script type=\"application\/ld+json\" class=\"yoast-schema-graph\">{\"@context\":\"https:\/\/schema.org\",\"@graph\":[{\"@type\":[\"WebPage\",\"MedicalWebPage\"],\"@id\":\"https:\/\/www.newyorkhipknee.com\/es\/indemnizacion-por-accidente-laboral\/directrices-de-tratamiento-medico-mtg\/dano-cerebral-traumatico\/evaluacion-neuropsicologica\/\",\"url\":\"https:\/\/www.newyorkhipknee.com\/es\/indemnizacion-por-accidente-laboral\/directrices-de-tratamiento-medico-mtg\/dano-cerebral-traumatico\/evaluacion-neuropsicologica\/\",\"name\":\"Evaluaci\u00f3n neuropsicol\u00f3gica | Best Hip &amp; Knee Surgeon | NY, USA\",\"isPartOf\":{\"@id\":\"https:\/\/www.newyorkhipknee.com\/es\/#website\"},\"datePublished\":\"2023-12-29T19:20:51+00:00\",\"description\":\"Comprender la neuropsicolog\u00eda: Desvelando los conocimientos cognitivos La neuropsicolog\u00eda, una faceta especializada de la psicolog\u00eda, profundiza en la\",\"breadcrumb\":{\"@id\":\"https:\/\/www.newyorkhipknee.com\/es\/indemnizacion-por-accidente-laboral\/directrices-de-tratamiento-medico-mtg\/dano-cerebral-traumatico\/evaluacion-neuropsicologica\/#breadcrumb\"},\"inLanguage\":\"es\",\"potentialAction\":[{\"@type\":\"ReadAction\",\"target\":[\"https:\/\/www.newyorkhipknee.com\/es\/indemnizacion-por-accidente-laboral\/directrices-de-tratamiento-medico-mtg\/dano-cerebral-traumatico\/evaluacion-neuropsicologica\/\"]}]},{\"@type\":\"BreadcrumbList\",\"@id\":\"https:\/\/www.newyorkhipknee.com\/es\/indemnizacion-por-accidente-laboral\/directrices-de-tratamiento-medico-mtg\/dano-cerebral-traumatico\/evaluacion-neuropsicologica\/#breadcrumb\",\"itemListElement\":[{\"@type\":\"ListItem\",\"position\":1,\"name\":\"Home\",\"item\":\"https:\/\/www.newyorkhipknee.com\/es\/\"},{\"@type\":\"ListItem\",\"position\":2,\"name\":\"Indemnizaci\u00f3n por accidente laboral\",\"item\":\"https:\/\/www.newyorkhipknee.com\/es\/indemnizacion-por-accidente-laboral\/\"},{\"@type\":\"ListItem\",\"position\":3,\"name\":\"Directrices de tratamiento m\u00e9dico (MTG)\",\"item\":\"https:\/\/www.newyorkhipknee.com\/es\/indemnizacion-por-accidente-laboral\/directrices-de-tratamiento-medico-mtg\/\"},{\"@type\":\"ListItem\",\"position\":4,\"name\":\"Da\u00f1o cerebral traum\u00e1tico\",\"item\":\"https:\/\/www.newyorkhipknee.com\/es\/indemnizacion-por-accidente-laboral\/directrices-de-tratamiento-medico-mtg\/dano-cerebral-traumatico\/\"},{\"@type\":\"ListItem\",\"position\":5,\"name\":\"Evaluaci\u00f3n neuropsicol\u00f3gica\"}]},{\"@type\":\"WebSite\",\"@id\":\"https:\/\/www.newyorkhipknee.com\/es\/#website\",\"url\":\"https:\/\/www.newyorkhipknee.com\/es\/\",\"name\":\"Best Hip & Knee Surgeon | NY, USA\",\"description\":\"\",\"potentialAction\":[{\"@type\":\"SearchAction\",\"target\":{\"@type\":\"EntryPoint\",\"urlTemplate\":\"https:\/\/www.newyorkhipknee.com\/es\/?s={search_term_string}\"},\"query-input\":{\"@type\":\"PropertyValueSpecification\",\"valueRequired\":true,\"valueName\":\"search_term_string\"}}],\"inLanguage\":\"es\"}]}<\/script>\n<!-- \/ Yoast SEO plugin. -->","yoast_head_json":{"title":"Evaluaci\u00f3n neuropsicol\u00f3gica | Best Hip &amp; Knee Surgeon | NY, USA","description":"Comprender la neuropsicolog\u00eda: Desvelando los conocimientos cognitivos La neuropsicolog\u00eda, una faceta especializada de la psicolog\u00eda, profundiza en la","robots":{"index":"index","follow":"follow","max-snippet":"max-snippet:-1","max-image-preview":"max-image-preview:large","max-video-preview":"max-video-preview:-1"},"canonical":"https:\/\/www.newyorkhipknee.com\/es\/indemnizacion-por-accidente-laboral\/directrices-de-tratamiento-medico-mtg\/dano-cerebral-traumatico\/evaluacion-neuropsicologica\/","og_locale":"es_ES","og_type":"article","og_title":"Evaluaci\u00f3n neuropsicol\u00f3gica | Best Hip &amp; Knee Surgeon | NY, USA","og_description":"Comprender la neuropsicolog\u00eda: Desvelando los conocimientos cognitivos La neuropsicolog\u00eda, una faceta especializada de la psicolog\u00eda, profundiza en la","og_url":"https:\/\/www.newyorkhipknee.com\/es\/indemnizacion-por-accidente-laboral\/directrices-de-tratamiento-medico-mtg\/dano-cerebral-traumatico\/evaluacion-neuropsicologica\/","og_site_name":"Best Hip &amp; Knee Surgeon | NY, USA","twitter_card":"summary_large_image","twitter_misc":{"Tiempo de lectura":"3 minutos"},"schema":{"@context":"https:\/\/schema.org","@graph":[{"@type":["WebPage","MedicalWebPage"],"@id":"https:\/\/www.newyorkhipknee.com\/es\/indemnizacion-por-accidente-laboral\/directrices-de-tratamiento-medico-mtg\/dano-cerebral-traumatico\/evaluacion-neuropsicologica\/","url":"https:\/\/www.newyorkhipknee.com\/es\/indemnizacion-por-accidente-laboral\/directrices-de-tratamiento-medico-mtg\/dano-cerebral-traumatico\/evaluacion-neuropsicologica\/","name":"Evaluaci\u00f3n neuropsicol\u00f3gica | Best Hip &amp; Knee Surgeon | NY, USA","isPartOf":{"@id":"https:\/\/www.newyorkhipknee.com\/es\/#website"},"datePublished":"2023-12-29T19:20:51+00:00","description":"Comprender la neuropsicolog\u00eda: Desvelando los conocimientos cognitivos La neuropsicolog\u00eda, una faceta especializada de la psicolog\u00eda, profundiza en la","breadcrumb":{"@id":"https:\/\/www.newyorkhipknee.com\/es\/indemnizacion-por-accidente-laboral\/directrices-de-tratamiento-medico-mtg\/dano-cerebral-traumatico\/evaluacion-neuropsicologica\/#breadcrumb"},"inLanguage":"es","potentialAction":[{"@type":"ReadAction","target":["https:\/\/www.newyorkhipknee.com\/es\/indemnizacion-por-accidente-laboral\/directrices-de-tratamiento-medico-mtg\/dano-cerebral-traumatico\/evaluacion-neuropsicologica\/"]}]},{"@type":"BreadcrumbList","@id":"https:\/\/www.newyorkhipknee.com\/es\/indemnizacion-por-accidente-laboral\/directrices-de-tratamiento-medico-mtg\/dano-cerebral-traumatico\/evaluacion-neuropsicologica\/#breadcrumb","itemListElement":[{"@type":"ListItem","position":1,"name":"Home","item":"https:\/\/www.newyorkhipknee.com\/es\/"},{"@type":"ListItem","position":2,"name":"Indemnizaci\u00f3n por accidente laboral","item":"https:\/\/www.newyorkhipknee.com\/es\/indemnizacion-por-accidente-laboral\/"},{"@type":"ListItem","position":3,"name":"Directrices de tratamiento m\u00e9dico (MTG)","item":"https:\/\/www.newyorkhipknee.com\/es\/indemnizacion-por-accidente-laboral\/directrices-de-tratamiento-medico-mtg\/"},{"@type":"ListItem","position":4,"name":"Da\u00f1o cerebral traum\u00e1tico","item":"https:\/\/www.newyorkhipknee.com\/es\/indemnizacion-por-accidente-laboral\/directrices-de-tratamiento-medico-mtg\/dano-cerebral-traumatico\/"},{"@type":"ListItem","position":5,"name":"Evaluaci\u00f3n neuropsicol\u00f3gica"}]},{"@type":"WebSite","@id":"https:\/\/www.newyorkhipknee.com\/es\/#website","url":"https:\/\/www.newyorkhipknee.com\/es\/","name":"Best Hip & Knee Surgeon | NY, USA","description":"","potentialAction":[{"@type":"SearchAction","target":{"@type":"EntryPoint","urlTemplate":"https:\/\/www.newyorkhipknee.com\/es\/?s={search_term_string}"},"query-input":{"@type":"PropertyValueSpecification","valueRequired":true,"valueName":"search_term_string"}}],"inLanguage":"es"}]}},"_links":{"self":[{"href":"https:\/\/www.newyorkhipknee.com\/es\/wp-json\/wp\/v2\/pages\/21340","targetHints":{"allow":["GET"]}}],"collection":[{"href":"https:\/\/www.newyorkhipknee.com\/es\/wp-json\/wp\/v2\/pages"}],"about":[{"href":"https:\/\/www.newyorkhipknee.com\/es\/wp-json\/wp\/v2\/types\/page"}],"author":[{"embeddable":true,"href":"https:\/\/www.newyorkhipknee.com\/es\/wp-json\/wp\/v2\/users\/33"}],"replies":[{"embeddable":true,"href":"https:\/\/www.newyorkhipknee.com\/es\/wp-json\/wp\/v2\/comments?post=21340"}],"version-history":[{"count":0,"href":"https:\/\/www.newyorkhipknee.com\/es\/wp-json\/wp\/v2\/pages\/21340\/revisions"}],"up":[{"embeddable":true,"href":"https:\/\/www.newyorkhipknee.com\/es\/wp-json\/wp\/v2\/pages\/21165"}],"wp:attachment":[{"href":"https:\/\/www.newyorkhipknee.com\/es\/wp-json\/wp\/v2\/media?parent=21340"}],"curies":[{"name":"wp","href":"https:\/\/api.w.org\/{rel}","templated":true}]}}