{"id":21343,"date":"2023-12-29T14:17:03","date_gmt":"2023-12-29T19:17:03","guid":{"rendered":"https:\/\/newyorkhipknee.com\/dano-cerebral-traumatico\/cribado-medidas-de-resultado\/"},"modified":"2023-12-29T14:17:03","modified_gmt":"2023-12-29T19:17:03","slug":"cribado-medidas-de-resultado","status":"publish","type":"page","link":"https:\/\/www.newyorkhipknee.com\/es\/indemnizacion-por-accidente-laboral\/directrices-de-tratamiento-medico-mtg\/dano-cerebral-traumatico\/cribado-medidas-de-resultado\/","title":{"rendered":"Cribado \/ Medidas de resultado"},"content":{"rendered":"<p><strong>Navegando por la detecci\u00f3n de conmociones cerebrales: Herramientas para una evaluaci\u00f3n de precisi\u00f3n<\/strong><\/p>\n<p><em>Trazando l\u00edneas de base: King-Devick (K-D)<\/em><\/p>\n<p><strong>Recomendado para pacientes con traumatismo craneoencef\u00e1lico con posibilidad razonable de traumatismo craneoencef\u00e1lico<\/strong><\/p>\n<p><strong>Indicaciones:<\/strong><\/p>\n<ul>\n<li>Especialmente beneficioso para empleados que practican deportes de contacto profesionales o susceptibles de sufrir lesiones en la cabeza.<\/li>\n<li>Sirve como evaluaci\u00f3n en la l\u00ednea de banda, utilizada con frecuencia en atletas de deportes de contacto para aumentar la detecci\u00f3n de conmociones cerebrales en individuos con mediciones de referencia establecidas.<\/li>\n<\/ul>\n<p><strong>Frecuencia\/dosis\/duraci\u00f3n:<\/strong><\/p>\n<ul>\n<li>Realizar una evaluaci\u00f3n de referencia previa a la lesi\u00f3n.<\/li>\n<li>Las mediciones posteriores se realizan tras posibles lesiones cerebrales traum\u00e1ticas (TBI).<\/li>\n<\/ul>\n<p><em>Evaluaci\u00f3n de precisi\u00f3n: Herramienta de evaluaci\u00f3n de conmociones cerebrales deportivas (SCAT)<\/em><\/p>\n<p><strong>Recomendado para pacientes con traumatismo craneoencef\u00e1lico con posibilidad razonable de traumatismo craneoencef\u00e1lico<\/strong><\/p>\n<p><strong>Indicaciones:<\/strong><\/p>\n<ul>\n<li>Valioso para los empleados que practican deportes de contacto profesionales o corren el riesgo de sufrir lesiones en la cabeza.<\/li>\n<li>Realizada como evaluaci\u00f3n en la l\u00ednea de banda, empleada prominentemente en atletas de deportes de contacto para mejorar la detecci\u00f3n de conmociones cerebrales en individuos con mediciones de referencia establecidas.<\/li>\n<\/ul>\n<p><strong>Frecuencia\/dosis\/duraci\u00f3n:<\/strong><\/p>\n<ul>\n<li>Comience con una evaluaci\u00f3n de referencia previa a la lesi\u00f3n.<\/li>\n<li>Realizar un seguimiento de las mediciones tras posibles eventos de LCT, asegurando una comprensi\u00f3n exhaustiva del estado del paciente.<\/li>\n<\/ul>\n","protected":false},"excerpt":{"rendered":"<p>Navegando por la detecci\u00f3n de conmociones cerebrales: Herramientas para una evaluaci\u00f3n de precisi\u00f3n Trazando l\u00edneas de base: King-Devick (K-D) Recomendado para pacientes con traumatismo craneoencef\u00e1lico con posibilidad razonable de traumatismo craneoencef\u00e1lico Indicaciones: Especialmente beneficioso para empleados que practican deportes de contacto profesionales o susceptibles de sufrir lesiones en la cabeza. Sirve como evaluaci\u00f3n en la [&hellip;]<\/p>\n","protected":false},"author":33,"featured_media":0,"parent":21165,"menu_order":0,"comment_status":"closed","ping_status":"closed","template":"","meta":{"_et_pb_use_builder":"","_et_pb_old_content":"","_et_gb_content_width":"","footnotes":""},"class_list":["post-21343","page","type-page","status-publish","hentry"],"yoast_head":"<!-- This site is optimized with the Yoast SEO plugin v27.2 - https:\/\/yoast.com\/product\/yoast-seo-wordpress\/ -->\n<title>Cribado \/ Medidas de resultado | Best Hip &amp; Knee Surgeon | NY, USA<\/title>\n<meta name=\"description\" content=\"Navegando por la detecci\u00f3n de conmociones cerebrales: Herramientas para una evaluaci\u00f3n de precisi\u00f3n Trazando l\u00edneas de base: King-Devick (K-D) Recomendado\" \/>\n<meta name=\"robots\" content=\"index, follow, max-snippet:-1, max-image-preview:large, max-video-preview:-1\" \/>\n<link rel=\"canonical\" href=\"https:\/\/www.newyorkhipknee.com\/es\/indemnizacion-por-accidente-laboral\/directrices-de-tratamiento-medico-mtg\/dano-cerebral-traumatico\/cribado-medidas-de-resultado\/\" \/>\n<meta property=\"og:locale\" content=\"es_ES\" \/>\n<meta property=\"og:type\" content=\"article\" \/>\n<meta property=\"og:title\" content=\"Cribado \/ Medidas de resultado | Best Hip &amp; Knee Surgeon | NY, USA\" \/>\n<meta property=\"og:description\" content=\"Navegando por la detecci\u00f3n de conmociones cerebrales: Herramientas para una evaluaci\u00f3n de precisi\u00f3n Trazando l\u00edneas de base: King-Devick (K-D) Recomendado\" \/>\n<meta property=\"og:url\" content=\"https:\/\/www.newyorkhipknee.com\/es\/indemnizacion-por-accidente-laboral\/directrices-de-tratamiento-medico-mtg\/dano-cerebral-traumatico\/cribado-medidas-de-resultado\/\" \/>\n<meta property=\"og:site_name\" content=\"Best Hip &amp; Knee Surgeon | NY, USA\" \/>\n<meta name=\"twitter:card\" content=\"summary_large_image\" \/>\n<meta name=\"twitter:label1\" content=\"Tiempo de lectura\" \/>\n\t<meta name=\"twitter:data1\" content=\"1 minuto\" \/>\n<script type=\"application\/ld+json\" class=\"yoast-schema-graph\">{\"@context\":\"https:\/\/schema.org\",\"@graph\":[{\"@type\":[\"WebPage\",\"MedicalWebPage\"],\"@id\":\"https:\/\/www.newyorkhipknee.com\/es\/indemnizacion-por-accidente-laboral\/directrices-de-tratamiento-medico-mtg\/dano-cerebral-traumatico\/cribado-medidas-de-resultado\/\",\"url\":\"https:\/\/www.newyorkhipknee.com\/es\/indemnizacion-por-accidente-laboral\/directrices-de-tratamiento-medico-mtg\/dano-cerebral-traumatico\/cribado-medidas-de-resultado\/\",\"name\":\"Cribado \/ Medidas de resultado | Best Hip &amp; Knee Surgeon | NY, USA\",\"isPartOf\":{\"@id\":\"https:\/\/www.newyorkhipknee.com\/es\/#website\"},\"datePublished\":\"2023-12-29T19:17:03+00:00\",\"description\":\"Navegando por la detecci\u00f3n de conmociones cerebrales: Herramientas para una evaluaci\u00f3n de precisi\u00f3n Trazando l\u00edneas de base: King-Devick (K-D) Recomendado\",\"breadcrumb\":{\"@id\":\"https:\/\/www.newyorkhipknee.com\/es\/indemnizacion-por-accidente-laboral\/directrices-de-tratamiento-medico-mtg\/dano-cerebral-traumatico\/cribado-medidas-de-resultado\/#breadcrumb\"},\"inLanguage\":\"es\",\"potentialAction\":[{\"@type\":\"ReadAction\",\"target\":[\"https:\/\/www.newyorkhipknee.com\/es\/indemnizacion-por-accidente-laboral\/directrices-de-tratamiento-medico-mtg\/dano-cerebral-traumatico\/cribado-medidas-de-resultado\/\"]}]},{\"@type\":\"BreadcrumbList\",\"@id\":\"https:\/\/www.newyorkhipknee.com\/es\/indemnizacion-por-accidente-laboral\/directrices-de-tratamiento-medico-mtg\/dano-cerebral-traumatico\/cribado-medidas-de-resultado\/#breadcrumb\",\"itemListElement\":[{\"@type\":\"ListItem\",\"position\":1,\"name\":\"Home\",\"item\":\"https:\/\/www.newyorkhipknee.com\/es\/\"},{\"@type\":\"ListItem\",\"position\":2,\"name\":\"Indemnizaci\u00f3n por accidente laboral\",\"item\":\"https:\/\/www.newyorkhipknee.com\/es\/indemnizacion-por-accidente-laboral\/\"},{\"@type\":\"ListItem\",\"position\":3,\"name\":\"Directrices de tratamiento m\u00e9dico (MTG)\",\"item\":\"https:\/\/www.newyorkhipknee.com\/es\/indemnizacion-por-accidente-laboral\/directrices-de-tratamiento-medico-mtg\/\"},{\"@type\":\"ListItem\",\"position\":4,\"name\":\"Da\u00f1o cerebral traum\u00e1tico\",\"item\":\"https:\/\/www.newyorkhipknee.com\/es\/indemnizacion-por-accidente-laboral\/directrices-de-tratamiento-medico-mtg\/dano-cerebral-traumatico\/\"},{\"@type\":\"ListItem\",\"position\":5,\"name\":\"Cribado \/ Medidas de resultado\"}]},{\"@type\":\"WebSite\",\"@id\":\"https:\/\/www.newyorkhipknee.com\/es\/#website\",\"url\":\"https:\/\/www.newyorkhipknee.com\/es\/\",\"name\":\"Best Hip & Knee Surgeon | NY, USA\",\"description\":\"\",\"potentialAction\":[{\"@type\":\"SearchAction\",\"target\":{\"@type\":\"EntryPoint\",\"urlTemplate\":\"https:\/\/www.newyorkhipknee.com\/es\/?s={search_term_string}\"},\"query-input\":{\"@type\":\"PropertyValueSpecification\",\"valueRequired\":true,\"valueName\":\"search_term_string\"}}],\"inLanguage\":\"es\"}]}<\/script>\n<!-- \/ Yoast SEO plugin. -->","yoast_head_json":{"title":"Cribado \/ Medidas de resultado | Best Hip &amp; Knee Surgeon | NY, USA","description":"Navegando por la detecci\u00f3n de conmociones cerebrales: Herramientas para una evaluaci\u00f3n de precisi\u00f3n Trazando l\u00edneas de base: King-Devick (K-D) Recomendado","robots":{"index":"index","follow":"follow","max-snippet":"max-snippet:-1","max-image-preview":"max-image-preview:large","max-video-preview":"max-video-preview:-1"},"canonical":"https:\/\/www.newyorkhipknee.com\/es\/indemnizacion-por-accidente-laboral\/directrices-de-tratamiento-medico-mtg\/dano-cerebral-traumatico\/cribado-medidas-de-resultado\/","og_locale":"es_ES","og_type":"article","og_title":"Cribado \/ Medidas de resultado | Best Hip &amp; Knee Surgeon | NY, USA","og_description":"Navegando por la detecci\u00f3n de conmociones cerebrales: Herramientas para una evaluaci\u00f3n de precisi\u00f3n Trazando l\u00edneas de base: King-Devick (K-D) Recomendado","og_url":"https:\/\/www.newyorkhipknee.com\/es\/indemnizacion-por-accidente-laboral\/directrices-de-tratamiento-medico-mtg\/dano-cerebral-traumatico\/cribado-medidas-de-resultado\/","og_site_name":"Best Hip &amp; Knee Surgeon | NY, USA","twitter_card":"summary_large_image","twitter_misc":{"Tiempo de lectura":"1 minuto"},"schema":{"@context":"https:\/\/schema.org","@graph":[{"@type":["WebPage","MedicalWebPage"],"@id":"https:\/\/www.newyorkhipknee.com\/es\/indemnizacion-por-accidente-laboral\/directrices-de-tratamiento-medico-mtg\/dano-cerebral-traumatico\/cribado-medidas-de-resultado\/","url":"https:\/\/www.newyorkhipknee.com\/es\/indemnizacion-por-accidente-laboral\/directrices-de-tratamiento-medico-mtg\/dano-cerebral-traumatico\/cribado-medidas-de-resultado\/","name":"Cribado \/ Medidas de resultado | Best Hip &amp; Knee Surgeon | NY, USA","isPartOf":{"@id":"https:\/\/www.newyorkhipknee.com\/es\/#website"},"datePublished":"2023-12-29T19:17:03+00:00","description":"Navegando por la detecci\u00f3n de conmociones cerebrales: Herramientas para una evaluaci\u00f3n de precisi\u00f3n Trazando l\u00edneas de base: King-Devick (K-D) Recomendado","breadcrumb":{"@id":"https:\/\/www.newyorkhipknee.com\/es\/indemnizacion-por-accidente-laboral\/directrices-de-tratamiento-medico-mtg\/dano-cerebral-traumatico\/cribado-medidas-de-resultado\/#breadcrumb"},"inLanguage":"es","potentialAction":[{"@type":"ReadAction","target":["https:\/\/www.newyorkhipknee.com\/es\/indemnizacion-por-accidente-laboral\/directrices-de-tratamiento-medico-mtg\/dano-cerebral-traumatico\/cribado-medidas-de-resultado\/"]}]},{"@type":"BreadcrumbList","@id":"https:\/\/www.newyorkhipknee.com\/es\/indemnizacion-por-accidente-laboral\/directrices-de-tratamiento-medico-mtg\/dano-cerebral-traumatico\/cribado-medidas-de-resultado\/#breadcrumb","itemListElement":[{"@type":"ListItem","position":1,"name":"Home","item":"https:\/\/www.newyorkhipknee.com\/es\/"},{"@type":"ListItem","position":2,"name":"Indemnizaci\u00f3n por accidente laboral","item":"https:\/\/www.newyorkhipknee.com\/es\/indemnizacion-por-accidente-laboral\/"},{"@type":"ListItem","position":3,"name":"Directrices de tratamiento m\u00e9dico (MTG)","item":"https:\/\/www.newyorkhipknee.com\/es\/indemnizacion-por-accidente-laboral\/directrices-de-tratamiento-medico-mtg\/"},{"@type":"ListItem","position":4,"name":"Da\u00f1o cerebral traum\u00e1tico","item":"https:\/\/www.newyorkhipknee.com\/es\/indemnizacion-por-accidente-laboral\/directrices-de-tratamiento-medico-mtg\/dano-cerebral-traumatico\/"},{"@type":"ListItem","position":5,"name":"Cribado \/ Medidas de resultado"}]},{"@type":"WebSite","@id":"https:\/\/www.newyorkhipknee.com\/es\/#website","url":"https:\/\/www.newyorkhipknee.com\/es\/","name":"Best Hip & Knee Surgeon | NY, USA","description":"","potentialAction":[{"@type":"SearchAction","target":{"@type":"EntryPoint","urlTemplate":"https:\/\/www.newyorkhipknee.com\/es\/?s={search_term_string}"},"query-input":{"@type":"PropertyValueSpecification","valueRequired":true,"valueName":"search_term_string"}}],"inLanguage":"es"}]}},"_links":{"self":[{"href":"https:\/\/www.newyorkhipknee.com\/es\/wp-json\/wp\/v2\/pages\/21343","targetHints":{"allow":["GET"]}}],"collection":[{"href":"https:\/\/www.newyorkhipknee.com\/es\/wp-json\/wp\/v2\/pages"}],"about":[{"href":"https:\/\/www.newyorkhipknee.com\/es\/wp-json\/wp\/v2\/types\/page"}],"author":[{"embeddable":true,"href":"https:\/\/www.newyorkhipknee.com\/es\/wp-json\/wp\/v2\/users\/33"}],"replies":[{"embeddable":true,"href":"https:\/\/www.newyorkhipknee.com\/es\/wp-json\/wp\/v2\/comments?post=21343"}],"version-history":[{"count":0,"href":"https:\/\/www.newyorkhipknee.com\/es\/wp-json\/wp\/v2\/pages\/21343\/revisions"}],"up":[{"embeddable":true,"href":"https:\/\/www.newyorkhipknee.com\/es\/wp-json\/wp\/v2\/pages\/21165"}],"wp:attachment":[{"href":"https:\/\/www.newyorkhipknee.com\/es\/wp-json\/wp\/v2\/media?parent=21343"}],"curies":[{"name":"wp","href":"https:\/\/api.w.org\/{rel}","templated":true}]}}