{"id":22115,"date":"2024-01-16T16:15:54","date_gmt":"2024-01-16T21:15:54","guid":{"rendered":"https:\/\/newyorkhipknee.com\/esguinces-luxaciones-de-la-articulacion-acromioclavicular\/"},"modified":"2024-01-30T11:45:50","modified_gmt":"2024-01-30T16:45:50","slug":"esguinces-luxaciones-de-la-articulacion-acromioclavicular","status":"publish","type":"page","link":"https:\/\/www.newyorkhipknee.com\/es\/indemnizacion-por-accidente-laboral\/directrices-de-tratamiento-medico-mtg\/lesion-de-hombro\/esguinces-luxaciones-de-la-articulacion-acromioclavicular\/","title":{"rendered":"Pautas de tratamiento m\u00e9dico del estado de Nueva York para esguinces y luxaciones de la articulaci\u00f3n acromioclavicular en pacientes que reciben indemnizaci\u00f3n por accidentes laborales"},"content":{"rendered":"<p>Las directrices elaboradas por la Junta de Indemnizaci\u00f3n por Accidentes de Trabajo del Estado de Nueva York tienen por objeto ayudar a los profesionales sanitarios a proporcionar el tratamiento adecuado para los esguinces\/dislocaciones de la articulaci\u00f3n acromioclavicular.<\/p>\n<p>Adaptadas a los profesionales m\u00e9dicos, estas directrices de la Junta de Indemnizaci\u00f3n por Accidentes de Trabajo ofrecen ayuda para determinar el curso de acci\u00f3n correcto para las personas que sufren esguinces o luxaciones de la articulaci\u00f3n acromioclavicular.<\/p>\n<p>Es importante subrayar que estas directrices no sustituyen al juicio cl\u00ednico ni a la experiencia profesional. La decisi\u00f3n final sobre el tratamiento de los problemas de la articulaci\u00f3n acromioclavicular debe tomarse en colaboraci\u00f3n con el paciente y su profesional sanitario.<\/p>\n<h2><\/h2>\n<h2><strong>Lesi\u00f3n aguda de la articulaci\u00f3n acromioclavicular (AC)<\/strong><\/h2>\n<p>Separaci\u00f3n del hombro es un t\u00e9rmino com\u00fan utilizado para describir una lesi\u00f3n aguda de la articulaci\u00f3n acromioclavicular (AC).<\/p>\n<p>&nbsp;<\/p>\n<h3><strong>Clasificaci\u00f3n de las lesiones:<\/strong><\/h3>\n<p>El grado de desplazamiento clavicular depende de la gravedad de la lesi\u00f3n de los ligamentos AC y Coracoclavicular (CC), la c\u00e1psula articular AC y los m\u00fasculos de soporte del hombro (trapecio y deltoides) conectados a la clav\u00edcula.<\/p>\n<p>&nbsp;<\/p>\n<h3><strong>Clasificaci\u00f3n tradicional de Allman y Tossy:<\/strong><\/h3>\n<p>El sistema cl\u00e1sico de clasificaci\u00f3n de Allman y Tossy comprende tres grados. Clasifica las lesiones en funci\u00f3n del grado de desplazamiento clavicular.<\/p>\n<p>&nbsp;<\/p>\n<h3><strong>Expansi\u00f3n de Rockwood:<\/strong><\/h3>\n<p>Rockwood ampli\u00f3 esta clasificaci\u00f3n, introduciendo seis tipos de lesiones. El tipo I de Rockwood corresponde al grado I original de Allman\/Tossy, el tipo II de Rockwood se ajusta al grado II original de Allman\/Tossy y los tipos III-VI de Rockwood entran en la categor\u00eda del grado III original de Allman\/Tossy. Esta ampliaci\u00f3n proporciona una comprensi\u00f3n m\u00e1s matizada de las lesiones de la articulaci\u00f3n AC.<\/p>\n<p>&nbsp;<\/p>\n<p>&nbsp;<\/p>\n<h2>Historia y mecanismo de la lesi\u00f3n<\/h2>\n<h3><strong>Mecanismo de lesi\u00f3n (esguinces\/dislocaciones de la articulaci\u00f3n AC):<\/strong><\/h3>\n<p>Los pacientes suelen sufrir una lesi\u00f3n de la articulaci\u00f3n AC al caer sobre el punto del hombro, lo que provoca que el acromion se desplace hacia abajo, o al caer sobre una mano o codo extendidos, ejerciendo una fuerza hacia atr\u00e1s y hacia fuera sobre el hombro. Es fundamental eliminar otras posibles fuentes de dolor de hombro derivadas de lesiones agudas, como desgarros del manguito de los rotadores, fracturas y lesiones nerviosas.<\/p>\n<p>&nbsp;<\/p>\n<h3><strong>Hallazgos f\u00edsicos:<\/strong><\/h3>\n<p>Los hallazgos f\u00edsicos pueden abarcar sensibilidad en la articulaci\u00f3n AC, ocasionalmente acompa\u00f1ada de contusiones y\/o abrasiones en la zona articular. Puede observarse prominencia o asimetr\u00eda del hombro, junto con una reducci\u00f3n del movimiento del hombro y sensibilidad del extremo distal de la clav\u00edcula a la palpaci\u00f3n. Puede producirse un aumento de la traslaci\u00f3n clavicular, y la aducci\u00f3n transversal del cuerpo puede inducir dolor intenso. El signo de piano positivo se obtiene traccionando hacia abajo la extremidad extendida, con un dedo en el acromion y la yema del otro dedo en la clav\u00edcula. Un signo positivo se indica cuando el acromion se desplaza distalmente y la clav\u00edcula se deprime, asemej\u00e1ndose a la acci\u00f3n de pulsar una tecla de piano.<\/p>\n<p>&nbsp;<\/p>\n<h3><strong>Pruebas de laboratorio:<\/strong><\/h3>\n<p>En general, las pruebas de laboratorio no se consideran necesarias. S\u00f3lo se recomiendan en determinados pacientes en los que se sospecha una enfermedad sist\u00e9mica.<\/p>\n<p>&nbsp;<\/p>\n<h3><strong>Procedimientos de prueba &#8211; Rayos X:<\/strong><\/h3>\n<p>Las pruebas radiogr\u00e1ficas se recomiendan de forma selectiva en funci\u00f3n de las indicaciones cl\u00ednicas. Las radiograf\u00edas simples pueden incluir una vista AP, una radiograf\u00eda AP del hombro con un \u00e1ngulo cef\u00e1lico de 10 grados (vista Zanca), vistas laterales axilares y una vista de esfuerzo con comparaci\u00f3n de lado a lado utilizando 10-15 libras. de peso en cada mano.<\/p>\n<p>&nbsp;<\/p>\n<h3><strong>Procedimientos de tratamiento no quir\u00fargico:<\/strong><\/h3>\n<p>Los procedimientos de tratamiento no quir\u00fargico se recomiendan de forma selectiva en funci\u00f3n de las indicaciones cl\u00ednicas. Estos procedimientos pueden implicar tratamiento t\u00e9rmico dirigido por el paciente e inmovilizaci\u00f3n, que se prolongan hasta seis semanas para las separaciones de tipo I-III de la articulaci\u00f3n AC. El uso de tratamientos de inmovilizaci\u00f3n para las lesiones de tipo III sigue siendo objeto de controversia. Los medicamentos, como los antiinflamatorios no esteroideos y los analg\u00e9sicos, est\u00e1n indicados, mientras que los narc\u00f3ticos no suelen recomendarse.<\/p>\n<p>&nbsp;<\/p>\n<h3><strong>Inyecci\u00f3n en el Espacio Subacromial con Esteroides:<\/strong><\/h3>\n<p>La inyecci\u00f3n de corticoides en el espacio subacromial se recomienda de forma selectiva en funci\u00f3n de las indicaciones cl\u00ednicas. Puede ser terap\u00e9utica si el paciente responde positivamente a una inyecci\u00f3n diagn\u00f3stica de un anest\u00e9sico. Sin embargo, se desaconsejan las inyecciones directas en los tendones. Normalmente, basta con una o dos inyecciones, con un intervalo m\u00ednimo recomendado de tres semanas entre inyecciones. El tiempo para producir un efecto es inmediato con anestesia local o en tres d\u00edas con corticosteroides. La duraci\u00f3n m\u00e1xima est\u00e1 limitada a no m\u00e1s de tres inyecciones anuales en el mismo lugar.<\/p>\n<p>&nbsp;<\/p>\n<h3><strong>Manipulaci\u00f3n e intervenciones de medicina f\u00edsica:<\/strong><\/h3>\n<p>La manipulaci\u00f3n puede considerarse en un esguince de tipo II. Las intervenciones de medicina f\u00edsica deben dar prioridad a un aumento gradual de la amplitud de movimiento sin empeorar la lesi\u00f3n de la articulaci\u00f3n AC. A medida que mejore el movimiento y se controle el dolor, debe iniciarse un programa de fortalecimiento, y podr\u00eda contemplarse la posibilidad de volver al trabajo modificado\/limitado. En torno a las ocho u once semanas, con el restablecimiento del movimiento completo o casi completo, se prev\u00e9 la vuelta al trabajo.<\/p>\n<p>&nbsp;<\/p>\n<div class=\"flex-1 overflow-hidden\">\n<div class=\"react-scroll-to-bottom--css-pevlb-79elbk h-full\">\n<div class=\"react-scroll-to-bottom--css-pevlb-1n7m0yu\">\n<div class=\"flex flex-col pb-9 text-sm\">\n<div class=\"w-full text-token-text-primary\" data-testid=\"conversation-turn-13\">\n<div class=\"px-4 py-2 justify-center text-base md:gap-6 m-auto\">\n<div class=\"flex flex-1 text-base mx-auto gap-3 md:px-5 lg:px-1 xl:px-5 md:max-w-3xl lg:max-w-[40rem] xl:max-w-[48rem] group final-completion\">\n<div class=\"relative flex w-full flex-col lg:w-[calc(100%-115px)] agent-turn\">\n<div class=\"flex-col gap-1 md:gap-3\">\n<div class=\"flex flex-grow flex-col max-w-full\">\n<div class=\"min-h-[20px] text-message flex flex-col items-start gap-3 whitespace-pre-wrap break-words [.text-message+&amp;]:mt-5 overflow-x-auto\" data-message-author-role=\"assistant\" data-message-id=\"456db6d6-cce1-4d7d-a6a2-6a7959b1911f\">\n<div class=\"markdown prose w-full break-words dark:prose-invert dark\">\n<h3><strong>Procedimientos quir\u00fargicos para la lesi\u00f3n de la articulaci\u00f3n AC de tipo III:<\/strong><\/h3>\n<p>En el caso de una lesi\u00f3n de la articulaci\u00f3n AC de tipo III, puede ser prudente considerar inicialmente una consulta ortop\u00e9dica adecuada. Sin embargo, dicha consulta debe contemplarse especialmente cuando los cuidados conservadores resulten ineficaces para mejorar la funci\u00f3n.<\/p>\n<p>&nbsp;<\/p>\n<h3><strong>Consulta quir\u00fargica ortop\u00e9dica por lesi\u00f3n de la articulaci\u00f3n AC de tipo IV-VI:<\/strong><\/h3>\n<p>Para una lesi\u00f3n de tipo IV-VI de la articulaci\u00f3n AC, se recomienda encarecidamente acudir a una consulta de cirug\u00eda ortop\u00e9dica debido a la complejidad de la lesi\u00f3n.<\/p>\n<p>&nbsp;<\/p>\n<h3><strong>Procedimientos postoperatorios:<\/strong><\/h3>\n<p>Los procedimientos postoperatorios deben ser gestionados en colaboraci\u00f3n por el traumat\u00f3logo y el m\u00e9dico de atenci\u00f3n primaria, trabajando conjuntamente con el equipo interdisciplinar. Tras los procedimientos terap\u00e9uticos y de rehabilitaci\u00f3n descritos en este protocolo de hombro, el paciente podr\u00eda someterse a inmovilizaci\u00f3n durante dos o tres semanas. Durante la fase de rehabilitaci\u00f3n, las actividades -tanto las relacionadas con el trabajo como las ocupacionales- deben restringirse durante seis a ocho semanas. La progresi\u00f3n hacia la reincorporaci\u00f3n al servicio completo depender\u00e1 de la respuesta del paciente a la rehabilitaci\u00f3n y de las exigencias espec\u00edficas de su puesto de trabajo.<\/p>\n<\/div>\n<\/div>\n<\/div>\n<div class=\"mt-1 flex justify-start gap-3 empty:hidden\">\n<div class=\"text-gray-400 flex self-end lg:self-center justify-center lg:justify-start mt-0 -ml-1 visible\">\n<p>&nbsp;<\/p>\n<div class=\"flex\"><\/div>\n<div class=\"flex items-center gap-1.5 text-xs\"><\/div>\n<\/div>\n<\/div>\n<\/div>\n<\/div>\n<\/div>\n<\/div>\n<\/div>\n<\/div>\n<\/div>\n<\/div>\n<\/div>\n<div class=\"w-full pt-2 md:pt-0 dark:border-white\/20 md:border-transparent md:dark:border-transparent md:w-[calc(100%-.5rem)]\">\n<form class=\"stretch mx-2 flex flex-row gap-3 last:mb-2 md:mx-4 md:last:mb-6 lg:mx-auto lg:max-w-2xl xl:max-w-3xl\">\n<div class=\"relative flex h-full flex-1 items-stretch md:flex-col\">\n<div class=\"flex w-full items-center\"><\/div>\n<\/div>\n<\/form>\n<\/div>\n<p>&nbsp;<\/p>\n","protected":false},"excerpt":{"rendered":"<p>Las directrices elaboradas por la Junta de Indemnizaci\u00f3n por Accidentes de Trabajo del Estado de Nueva York tienen por objeto ayudar a los profesionales sanitarios a proporcionar el tratamiento adecuado para los esguinces\/dislocaciones de la articulaci\u00f3n acromioclavicular. Adaptadas a los profesionales m\u00e9dicos, estas directrices de la Junta de Indemnizaci\u00f3n por Accidentes de Trabajo ofrecen ayuda [&hellip;]<\/p>\n","protected":false},"author":33,"featured_media":0,"parent":22349,"menu_order":0,"comment_status":"closed","ping_status":"closed","template":"","meta":{"_et_pb_use_builder":"","_et_pb_old_content":"","_et_gb_content_width":"","footnotes":""},"class_list":["post-22115","page","type-page","status-publish","hentry"],"yoast_head":"<!-- This site is optimized with the Yoast SEO plugin v27.2 - https:\/\/yoast.com\/product\/yoast-seo-wordpress\/ -->\n<title>Pautas de tratamiento m\u00e9dico del estado de Nueva York para esguinces y luxaciones de la articulaci\u00f3n acromioclavicular en pacientes que reciben indemnizaci\u00f3n por accidentes laborales | Best Hip &amp; Knee Surgeon | NY, USA<\/title>\n<meta name=\"description\" content=\"Las directrices elaboradas por la Junta de Indemnizaci\u00f3n por Accidentes de Trabajo del Estado de Nueva York tienen por objeto ayudar a los profesionales\" \/>\n<meta name=\"robots\" content=\"index, follow, max-snippet:-1, max-image-preview:large, max-video-preview:-1\" \/>\n<link rel=\"canonical\" href=\"https:\/\/www.newyorkhipknee.com\/es\/indemnizacion-por-accidente-laboral\/directrices-de-tratamiento-medico-mtg\/lesion-de-hombro\/esguinces-luxaciones-de-la-articulacion-acromioclavicular\/\" \/>\n<meta property=\"og:locale\" content=\"es_ES\" \/>\n<meta property=\"og:type\" content=\"article\" \/>\n<meta property=\"og:title\" content=\"Pautas de tratamiento m\u00e9dico del estado de Nueva York para esguinces y luxaciones de la articulaci\u00f3n acromioclavicular en pacientes que reciben indemnizaci\u00f3n por accidentes laborales | Best Hip &amp; Knee Surgeon | NY, USA\" \/>\n<meta property=\"og:description\" content=\"Las directrices elaboradas por la Junta de Indemnizaci\u00f3n por Accidentes de Trabajo del Estado de Nueva York tienen por objeto ayudar a los profesionales\" \/>\n<meta property=\"og:url\" content=\"https:\/\/www.newyorkhipknee.com\/es\/indemnizacion-por-accidente-laboral\/directrices-de-tratamiento-medico-mtg\/lesion-de-hombro\/esguinces-luxaciones-de-la-articulacion-acromioclavicular\/\" \/>\n<meta property=\"og:site_name\" content=\"Best Hip &amp; Knee Surgeon | NY, USA\" \/>\n<meta property=\"article:modified_time\" content=\"2024-01-30T16:45:50+00:00\" \/>\n<meta name=\"twitter:card\" content=\"summary_large_image\" \/>\n<meta name=\"twitter:label1\" content=\"Tiempo de lectura\" \/>\n\t<meta name=\"twitter:data1\" content=\"6 minutos\" \/>\n<script type=\"application\/ld+json\" class=\"yoast-schema-graph\">{\"@context\":\"https:\/\/schema.org\",\"@graph\":[{\"@type\":[\"WebPage\",\"MedicalWebPage\"],\"@id\":\"https:\/\/www.newyorkhipknee.com\/es\/indemnizacion-por-accidente-laboral\/directrices-de-tratamiento-medico-mtg\/lesion-de-hombro\/esguinces-luxaciones-de-la-articulacion-acromioclavicular\/\",\"url\":\"https:\/\/www.newyorkhipknee.com\/es\/indemnizacion-por-accidente-laboral\/directrices-de-tratamiento-medico-mtg\/lesion-de-hombro\/esguinces-luxaciones-de-la-articulacion-acromioclavicular\/\",\"name\":\"Pautas de tratamiento m\u00e9dico del estado de Nueva York para esguinces y luxaciones de la articulaci\u00f3n acromioclavicular en pacientes que reciben indemnizaci\u00f3n por accidentes laborales | Best Hip &amp; Knee Surgeon | NY, USA\",\"isPartOf\":{\"@id\":\"https:\/\/www.newyorkhipknee.com\/es\/#website\"},\"datePublished\":\"2024-01-16T21:15:54+00:00\",\"dateModified\":\"2024-01-30T16:45:50+00:00\",\"description\":\"Las directrices elaboradas por la Junta de Indemnizaci\u00f3n por Accidentes de Trabajo del Estado de Nueva York tienen por objeto ayudar a los profesionales\",\"breadcrumb\":{\"@id\":\"https:\/\/www.newyorkhipknee.com\/es\/indemnizacion-por-accidente-laboral\/directrices-de-tratamiento-medico-mtg\/lesion-de-hombro\/esguinces-luxaciones-de-la-articulacion-acromioclavicular\/#breadcrumb\"},\"inLanguage\":\"es\",\"potentialAction\":[{\"@type\":\"ReadAction\",\"target\":[\"https:\/\/www.newyorkhipknee.com\/es\/indemnizacion-por-accidente-laboral\/directrices-de-tratamiento-medico-mtg\/lesion-de-hombro\/esguinces-luxaciones-de-la-articulacion-acromioclavicular\/\"]}]},{\"@type\":\"BreadcrumbList\",\"@id\":\"https:\/\/www.newyorkhipknee.com\/es\/indemnizacion-por-accidente-laboral\/directrices-de-tratamiento-medico-mtg\/lesion-de-hombro\/esguinces-luxaciones-de-la-articulacion-acromioclavicular\/#breadcrumb\",\"itemListElement\":[{\"@type\":\"ListItem\",\"position\":1,\"name\":\"Home\",\"item\":\"https:\/\/www.newyorkhipknee.com\/es\/\"},{\"@type\":\"ListItem\",\"position\":2,\"name\":\"Indemnizaci\u00f3n por accidente laboral\",\"item\":\"https:\/\/www.newyorkhipknee.com\/es\/indemnizacion-por-accidente-laboral\/\"},{\"@type\":\"ListItem\",\"position\":3,\"name\":\"Directrices de tratamiento m\u00e9dico (MTG)\",\"item\":\"https:\/\/www.newyorkhipknee.com\/es\/indemnizacion-por-accidente-laboral\/directrices-de-tratamiento-medico-mtg\/\"},{\"@type\":\"ListItem\",\"position\":4,\"name\":\"Pautas de tratamiento m\u00e9dico del Estado de Nueva York para lesiones de hombro en pacientes con indemnizaciones laborales\",\"item\":\"https:\/\/www.newyorkhipknee.com\/es\/indemnizacion-por-accidente-laboral\/directrices-de-tratamiento-medico-mtg\/lesion-de-hombro\/\"},{\"@type\":\"ListItem\",\"position\":5,\"name\":\"Pautas de tratamiento m\u00e9dico del estado de Nueva York para esguinces y luxaciones de la articulaci\u00f3n acromioclavicular en pacientes que reciben indemnizaci\u00f3n por accidentes laborales\"}]},{\"@type\":\"WebSite\",\"@id\":\"https:\/\/www.newyorkhipknee.com\/es\/#website\",\"url\":\"https:\/\/www.newyorkhipknee.com\/es\/\",\"name\":\"Best Hip & Knee Surgeon | NY, USA\",\"description\":\"\",\"potentialAction\":[{\"@type\":\"SearchAction\",\"target\":{\"@type\":\"EntryPoint\",\"urlTemplate\":\"https:\/\/www.newyorkhipknee.com\/es\/?s={search_term_string}\"},\"query-input\":{\"@type\":\"PropertyValueSpecification\",\"valueRequired\":true,\"valueName\":\"search_term_string\"}}],\"inLanguage\":\"es\"}]}<\/script>\n<!-- \/ Yoast SEO plugin. -->","yoast_head_json":{"title":"Pautas de tratamiento m\u00e9dico del estado de Nueva York para esguinces y luxaciones de la articulaci\u00f3n acromioclavicular en pacientes que reciben indemnizaci\u00f3n por accidentes laborales | Best Hip &amp; Knee Surgeon | NY, USA","description":"Las directrices elaboradas por la Junta de Indemnizaci\u00f3n por Accidentes de Trabajo del Estado de Nueva York tienen por objeto ayudar a los profesionales","robots":{"index":"index","follow":"follow","max-snippet":"max-snippet:-1","max-image-preview":"max-image-preview:large","max-video-preview":"max-video-preview:-1"},"canonical":"https:\/\/www.newyorkhipknee.com\/es\/indemnizacion-por-accidente-laboral\/directrices-de-tratamiento-medico-mtg\/lesion-de-hombro\/esguinces-luxaciones-de-la-articulacion-acromioclavicular\/","og_locale":"es_ES","og_type":"article","og_title":"Pautas de tratamiento m\u00e9dico del estado de Nueva York para esguinces y luxaciones de la articulaci\u00f3n acromioclavicular en pacientes que reciben indemnizaci\u00f3n por accidentes laborales | Best Hip &amp; Knee Surgeon | NY, USA","og_description":"Las directrices elaboradas por la Junta de Indemnizaci\u00f3n por Accidentes de Trabajo del Estado de Nueva York tienen por objeto ayudar a los profesionales","og_url":"https:\/\/www.newyorkhipknee.com\/es\/indemnizacion-por-accidente-laboral\/directrices-de-tratamiento-medico-mtg\/lesion-de-hombro\/esguinces-luxaciones-de-la-articulacion-acromioclavicular\/","og_site_name":"Best Hip &amp; Knee Surgeon | NY, USA","article_modified_time":"2024-01-30T16:45:50+00:00","twitter_card":"summary_large_image","twitter_misc":{"Tiempo de lectura":"6 minutos"},"schema":{"@context":"https:\/\/schema.org","@graph":[{"@type":["WebPage","MedicalWebPage"],"@id":"https:\/\/www.newyorkhipknee.com\/es\/indemnizacion-por-accidente-laboral\/directrices-de-tratamiento-medico-mtg\/lesion-de-hombro\/esguinces-luxaciones-de-la-articulacion-acromioclavicular\/","url":"https:\/\/www.newyorkhipknee.com\/es\/indemnizacion-por-accidente-laboral\/directrices-de-tratamiento-medico-mtg\/lesion-de-hombro\/esguinces-luxaciones-de-la-articulacion-acromioclavicular\/","name":"Pautas de tratamiento m\u00e9dico del estado de Nueva York para esguinces y luxaciones de la articulaci\u00f3n acromioclavicular en pacientes que reciben indemnizaci\u00f3n por accidentes laborales | Best Hip &amp; Knee Surgeon | NY, USA","isPartOf":{"@id":"https:\/\/www.newyorkhipknee.com\/es\/#website"},"datePublished":"2024-01-16T21:15:54+00:00","dateModified":"2024-01-30T16:45:50+00:00","description":"Las directrices elaboradas por la Junta de Indemnizaci\u00f3n por Accidentes de Trabajo del Estado de Nueva York tienen por objeto ayudar a los profesionales","breadcrumb":{"@id":"https:\/\/www.newyorkhipknee.com\/es\/indemnizacion-por-accidente-laboral\/directrices-de-tratamiento-medico-mtg\/lesion-de-hombro\/esguinces-luxaciones-de-la-articulacion-acromioclavicular\/#breadcrumb"},"inLanguage":"es","potentialAction":[{"@type":"ReadAction","target":["https:\/\/www.newyorkhipknee.com\/es\/indemnizacion-por-accidente-laboral\/directrices-de-tratamiento-medico-mtg\/lesion-de-hombro\/esguinces-luxaciones-de-la-articulacion-acromioclavicular\/"]}]},{"@type":"BreadcrumbList","@id":"https:\/\/www.newyorkhipknee.com\/es\/indemnizacion-por-accidente-laboral\/directrices-de-tratamiento-medico-mtg\/lesion-de-hombro\/esguinces-luxaciones-de-la-articulacion-acromioclavicular\/#breadcrumb","itemListElement":[{"@type":"ListItem","position":1,"name":"Home","item":"https:\/\/www.newyorkhipknee.com\/es\/"},{"@type":"ListItem","position":2,"name":"Indemnizaci\u00f3n por accidente laboral","item":"https:\/\/www.newyorkhipknee.com\/es\/indemnizacion-por-accidente-laboral\/"},{"@type":"ListItem","position":3,"name":"Directrices de tratamiento m\u00e9dico (MTG)","item":"https:\/\/www.newyorkhipknee.com\/es\/indemnizacion-por-accidente-laboral\/directrices-de-tratamiento-medico-mtg\/"},{"@type":"ListItem","position":4,"name":"Pautas de tratamiento m\u00e9dico del Estado de Nueva York para lesiones de hombro en pacientes con indemnizaciones laborales","item":"https:\/\/www.newyorkhipknee.com\/es\/indemnizacion-por-accidente-laboral\/directrices-de-tratamiento-medico-mtg\/lesion-de-hombro\/"},{"@type":"ListItem","position":5,"name":"Pautas de tratamiento m\u00e9dico del estado de Nueva York para esguinces y luxaciones de la articulaci\u00f3n acromioclavicular en pacientes que reciben indemnizaci\u00f3n por accidentes laborales"}]},{"@type":"WebSite","@id":"https:\/\/www.newyorkhipknee.com\/es\/#website","url":"https:\/\/www.newyorkhipknee.com\/es\/","name":"Best Hip & Knee Surgeon | NY, USA","description":"","potentialAction":[{"@type":"SearchAction","target":{"@type":"EntryPoint","urlTemplate":"https:\/\/www.newyorkhipknee.com\/es\/?s={search_term_string}"},"query-input":{"@type":"PropertyValueSpecification","valueRequired":true,"valueName":"search_term_string"}}],"inLanguage":"es"}]}},"_links":{"self":[{"href":"https:\/\/www.newyorkhipknee.com\/es\/wp-json\/wp\/v2\/pages\/22115","targetHints":{"allow":["GET"]}}],"collection":[{"href":"https:\/\/www.newyorkhipknee.com\/es\/wp-json\/wp\/v2\/pages"}],"about":[{"href":"https:\/\/www.newyorkhipknee.com\/es\/wp-json\/wp\/v2\/types\/page"}],"author":[{"embeddable":true,"href":"https:\/\/www.newyorkhipknee.com\/es\/wp-json\/wp\/v2\/users\/33"}],"replies":[{"embeddable":true,"href":"https:\/\/www.newyorkhipknee.com\/es\/wp-json\/wp\/v2\/comments?post=22115"}],"version-history":[{"count":0,"href":"https:\/\/www.newyorkhipknee.com\/es\/wp-json\/wp\/v2\/pages\/22115\/revisions"}],"up":[{"embeddable":true,"href":"https:\/\/www.newyorkhipknee.com\/es\/wp-json\/wp\/v2\/pages\/22349"}],"wp:attachment":[{"href":"https:\/\/www.newyorkhipknee.com\/es\/wp-json\/wp\/v2\/media?parent=22115"}],"curies":[{"name":"wp","href":"https:\/\/api.w.org\/{rel}","templated":true}]}}