{"id":22119,"date":"2024-01-17T14:26:28","date_gmt":"2024-01-17T19:26:28","guid":{"rendered":"https:\/\/newyorkhipknee.com\/trastornos-del-tendon-bicipital\/"},"modified":"2024-01-30T11:46:39","modified_gmt":"2024-01-30T16:46:39","slug":"trastornos-del-tendon-bicipital","status":"publish","type":"page","link":"https:\/\/www.newyorkhipknee.com\/es\/indemnizacion-por-accidente-laboral\/directrices-de-tratamiento-medico-mtg\/lesion-de-hombro\/trastornos-del-tendon-bicipital\/","title":{"rendered":"Pautas de tratamiento m\u00e9dico del estado de Nueva York para trastornos del tend\u00f3n bicipital en pacientes de compensaci\u00f3n laboral"},"content":{"rendered":"<p>Las directrices establecidas por la Junta de Indemnizaci\u00f3n por Accidentes de Trabajo del Estado de Nueva York est\u00e1n dise\u00f1adas para ayudar a los profesionales sanitarios a proporcionar un tratamiento adecuado para los trastornos del tend\u00f3n bicipital.<\/p>\n<p>Elaboradas para los m\u00e9dicos, estas directrices de la Junta de Compensaci\u00f3n de los Trabajadores ofrecen ayuda para determinar el enfoque adecuado para las personas con trastornos del tend\u00f3n bicipital.<\/p>\n<p>Es fundamental se\u00f1alar que estas directrices no sustituyen al juicio cl\u00ednico ni a la experiencia profesional. La decisi\u00f3n final sobre el tratamiento de los trastornos de los tendones bicipitales debe tomarse en colaboraci\u00f3n con el paciente y su profesional sanitario.<\/p>\n<h2><\/h2>\n<h2><strong>Visi\u00f3n general de los trastornos del tend\u00f3n bicipital:<\/strong><\/h2>\n<p>&nbsp;<\/p>\n<p><strong>Tendinitis bicipital primaria: <\/strong>La tendinitis bicipital primaria es excepcionalmente rara.<\/p>\n<p><strong>Tendinitis bicipital secundaria:<\/strong> 2) La tendinitis bicipital secundaria suele estar asociada a una tendinitis del manguito de los rotadores o a un s\u00edndrome de pinzamiento (consulte las subsecciones de diagn\u00f3stico correspondientes).<\/p>\n<p>Subluxaci\u00f3n del tend\u00f3n del b\u00edceps<strong>:<\/strong> 3) La subluxaci\u00f3n del tend\u00f3n del b\u00edceps se produce con disfunci\u00f3n del ligamento intertubercular transverso y desgarros masivos del manguito rotador.<\/p>\n<p>Disrupci\u00f3n aguda del tend\u00f3n<strong>:<\/strong> 4) La ruptura aguda del tend\u00f3n puede ser el resultado de una fuerza de distracci\u00f3n aguda o de la transecci\u00f3n del tend\u00f3n debido a un traumatismo directo.<\/p>\n<p><strong>Evaluaci\u00f3n del codo en la lesi\u00f3n del tend\u00f3n bicipital:<\/strong> La evaluaci\u00f3n del codo puede ser necesaria al valorar una lesi\u00f3n del tend\u00f3n bicipital.<\/p>\n<p>&nbsp;<\/p>\n<h3><strong>Historia y mecanismo de lesi\u00f3n:<\/strong><\/h3>\n<p><strong>Mecanismo de lesi\u00f3n:<\/strong> Los trastornos del tend\u00f3n bicipital pueden manifestarse como dolor y\/o molestias resultantes del uso repetitivo del hombro o de un traumatismo contuso. La tendinitis bicipital secundaria puede estar relacionada con actividades prolongadas por encima del hombro, flexi\u00f3n repetida del hombro, rotaci\u00f3n externa y abducci\u00f3n. Un traumatismo agudo del tend\u00f3n del b\u00edceps en la cintura escapular tambi\u00e9n puede provocar una lesi\u00f3n del tend\u00f3n del b\u00edceps.<\/p>\n<p><strong>Trastornos asociados:<\/strong> Los trastornos del tend\u00f3n del b\u00edceps pueden coexistir con discinesia escapulotor\u00e1cica, lesi\u00f3n del manguito rotador, separaci\u00f3n de la articulaci\u00f3n AC, bursitis subdeltoidea, inestabilidad del hombro u otras patolog\u00edas del hombro. Los s\u00edntomas pueden empeorar con el trabajo que activa el m\u00fasculo b\u00edceps y tambi\u00e9n pueden exacerbarse con actividades no relacionadas con el trabajo.<\/p>\n<p><strong>S\u00edntomas:<\/strong> Los s\u00edntomas pueden incluir dolor, ardor o dolor punzante en el hombro, particularmente en la porci\u00f3n medial anterior de la cintura escapular. Los s\u00edntomas empeoran con las actividades por encima del hombro y que impliquen esfuerzo del b\u00edceps, alivi\u00e1ndose durante el reposo. Los s\u00edntomas nocturnos pueden interferir con el sue\u00f1o durante la inflamaci\u00f3n aguda. Los s\u00edntomas adicionales incluyen dolor y debilidad durante las actividades del hombro, fen\u00f3meno de chasquido con subluxaci\u00f3n del tend\u00f3n y dolor agudo a lo largo de la cabeza larga del b\u00edceps tras un traumatismo repentino. El dolor predominante en el hombro puede tener patrones de derivaci\u00f3n que se extienden a estructuras cervicales o distales como el brazo, el codo, el antebrazo y la mu\u00f1eca.<\/p>\n<p>&nbsp;<\/p>\n<h3><strong>Hallazgos f\u00edsicos:<\/strong><\/h3>\n<p><strong>Deformidad en la rotura:<\/strong> Si se pierde la continuidad del tend\u00f3n (rotura del tend\u00f3n del b\u00edceps), la inspecci\u00f3n del hombro puede revelar deformidad, con el b\u00edceps agrupado.<\/p>\n<p><strong>Sensibilidad y dolor:<\/strong> La palpaci\u00f3n puede mostrar sensibilidad a lo largo del trayecto del tend\u00f3n bicipital. El dolor puede estar presente en el rango final de flexi\u00f3n y abducci\u00f3n, as\u00ed como durante la activaci\u00f3n del tend\u00f3n del b\u00edceps.<\/p>\n<p><strong>Pruebas de provocaci\u00f3n:<\/strong> Los m\u00e9todos de pruebas provocativas pueden incluir:<\/p>\n<ul>\n<li>Signo de Yegerson: Dolor a la supinaci\u00f3n resistida del antebrazo.<\/li>\n<li>Test de Speed: Dolor a la flexi\u00f3n resistida del hombro (codo extendido y antebrazo supinado).<\/li>\n<li>Prueba de Ludington: Dolor con la contracci\u00f3n del b\u00edceps (manos colocadas detr\u00e1s de la cabeza, hombros en abducci\u00f3n y rotaci\u00f3n externa).<\/li>\n<\/ul>\n<p><strong>Identificaci\u00f3n mediante t\u00e9cnicas radiogr\u00e1ficas:<\/strong> Los trastornos del tend\u00f3n bicipital pueden identificarse mediante t\u00e9cnicas radiogr\u00e1ficas est\u00e1ndar.<\/p>\n<p>&nbsp;<\/p>\n<h3><strong>Procedimientos de tratamiento no quir\u00fargico:<\/strong><\/h3>\n<p><strong>Recomendaciones:<\/strong> Los procedimientos de tratamiento no quir\u00fargico se recomiendan en funci\u00f3n de las indicaciones cl\u00ednicas.<\/p>\n<p><strong>Reposo y Terapia Termal:<\/strong><\/p>\n<ul>\n<li>Pueden obtenerse beneficios mediante el reposo, seguido de procedimientos como la terapia t\u00e9rmica, la inmovilizaci\u00f3n, la modificaci\u00f3n de la ocupaci\u00f3n y\/o el puesto de trabajo y la terapia manual.<\/li>\n<\/ul>\n<p><strong>Medicamentos:<\/strong><\/p>\n<ul>\n<li>Est\u00e1n indicados los medicamentos, incluidos los antiinflamatorios no esteroideos y los analg\u00e9sicos. Los narc\u00f3ticos no suelen recomendarse.<\/li>\n<\/ul>\n<p><strong>Intervenciones de rehabilitaci\u00f3n:<\/strong><\/p>\n<ul>\n<li>Las intervenciones de medicina f\u00edsica y rehabilitaci\u00f3n deben centrarse en un aumento progresivo de la amplitud de movimiento. Con la mejora de la movilidad y el control del dolor, debe iniciarse un programa de fortalecimiento y puede ser apropiado considerar el regreso al trabajo modificado\/limitado. A las 8-11 semanas, una vez restablecido el movimiento completo, se prev\u00e9 la reincorporaci\u00f3n al trabajo.<\/li>\n<\/ul>\n<p><strong>Inyecciones en tejidos blandos con esteroides:<\/strong><\/p>\n<ul>\n<li>Las inyecciones en tejidos blandos (inserci\u00f3n del tend\u00f3n del b\u00edceps) con corticoides est\u00e1n indicadas si el paciente respondi\u00f3 positivamente a una inyecci\u00f3n diagn\u00f3stica de un anest\u00e9sico. No se aconsejan las inyecciones de corticoides directamente en los tendones. Por lo general, basta con una o dos inyecciones, con un intervalo m\u00ednimo de tres semanas y un m\u00e1ximo de tres inyecciones anuales en el mismo lugar.<\/li>\n<\/ul>\n<p>&nbsp;<\/p>\n<h3><strong>Procedimientos operativos:<\/strong><\/h3>\n<p><strong>Recomendaciones:<\/strong> Los procedimientos quir\u00fargicos, como la tenodesis o tenotom\u00eda artrosc\u00f3pica del b\u00edceps, se recomiendan para pacientes seleccionados en funci\u00f3n de las indicaciones cl\u00ednicas.<\/p>\n<p><strong>Tendinitis bicipital:<\/strong><\/p>\n<ul>\n<li>En el caso de la tendinitis bicipital, la intervenci\u00f3n quir\u00fargica se considera tras 12 semanas de tratamiento conservador fallido para corregir los desequilibrios de flexibilidad y fuerza. La acromioplastia puede ser necesaria si persiste el pinzamiento del tend\u00f3n del b\u00edceps, especialmente con evidencia de un osteofito obstructivo en las radiograf\u00edas.<\/li>\n<\/ul>\n<p><strong>Tend\u00f3n bicipital subluxante:<\/strong><\/p>\n<ul>\n<li>La estabilizaci\u00f3n quir\u00fargica del tend\u00f3n bicipital subluxado no suele estar indicada. Antes de plantearse una intervenci\u00f3n quir\u00fargica, deben maximizarse los procedimientos de rehabilitaci\u00f3n y las medidas no quir\u00fargicas.<\/li>\n<\/ul>\n<p><strong>Interrupci\u00f3n aguda del tend\u00f3n bicipital:<\/strong><\/p>\n<ul>\n<li>La cirug\u00eda es m\u00e1s eficaz que los cuidados conservadores para las roturas de espesor total del tend\u00f3n distal del b\u00edceps.<\/li>\n<\/ul>\n<p>&nbsp;<\/p>\n<h3><strong>Procedimientos postoperatorios:<\/strong><\/h3>\n<p>Los procedimientos postoperatorios de los trastornos del tend\u00f3n bicipital implican un programa de rehabilitaci\u00f3n individualizado basado en la comunicaci\u00f3n entre el m\u00e9dico, el cirujano y el terapeuta. La rehabilitaci\u00f3n, que dura entre 6 y 12 semanas, es necesaria para alcanzar la mejor\u00eda m\u00e9dica m\u00e1xima (MMI).<\/p>\n<div class=\"textwidget\">\n<p>&nbsp;<\/p>\n<\/div>\n","protected":false},"excerpt":{"rendered":"<p>Las directrices establecidas por la Junta de Indemnizaci\u00f3n por Accidentes de Trabajo del Estado de Nueva York est\u00e1n dise\u00f1adas para ayudar a los profesionales sanitarios a proporcionar un tratamiento adecuado para los trastornos del tend\u00f3n bicipital. Elaboradas para los m\u00e9dicos, estas directrices de la Junta de Compensaci\u00f3n de los Trabajadores ofrecen ayuda para determinar el [&hellip;]<\/p>\n","protected":false},"author":33,"featured_media":0,"parent":22349,"menu_order":0,"comment_status":"closed","ping_status":"closed","template":"","meta":{"_et_pb_use_builder":"","_et_pb_old_content":"","_et_gb_content_width":"","footnotes":""},"class_list":["post-22119","page","type-page","status-publish","hentry"],"yoast_head":"<!-- This site is optimized with the Yoast SEO plugin v27.2 - https:\/\/yoast.com\/product\/yoast-seo-wordpress\/ -->\n<title>Pautas de tratamiento m\u00e9dico del estado de Nueva York para trastornos del tend\u00f3n bicipital en pacientes de compensaci\u00f3n laboral | Best Hip &amp; Knee Surgeon | NY, USA<\/title>\n<meta name=\"description\" content=\"Las directrices establecidas por la Junta de Indemnizaci\u00f3n por Accidentes de Trabajo del Estado de Nueva York est\u00e1n dise\u00f1adas para ayudar a los\" \/>\n<meta name=\"robots\" content=\"index, follow, max-snippet:-1, max-image-preview:large, max-video-preview:-1\" \/>\n<link rel=\"canonical\" href=\"https:\/\/www.newyorkhipknee.com\/es\/indemnizacion-por-accidente-laboral\/directrices-de-tratamiento-medico-mtg\/lesion-de-hombro\/trastornos-del-tendon-bicipital\/\" \/>\n<meta property=\"og:locale\" content=\"es_ES\" \/>\n<meta property=\"og:type\" content=\"article\" \/>\n<meta property=\"og:title\" content=\"Pautas de tratamiento m\u00e9dico del estado de Nueva York para trastornos del tend\u00f3n bicipital en pacientes de compensaci\u00f3n laboral | Best Hip &amp; Knee Surgeon | NY, USA\" \/>\n<meta property=\"og:description\" content=\"Las directrices establecidas por la Junta de Indemnizaci\u00f3n por Accidentes de Trabajo del Estado de Nueva York est\u00e1n dise\u00f1adas para ayudar a los\" \/>\n<meta property=\"og:url\" content=\"https:\/\/www.newyorkhipknee.com\/es\/indemnizacion-por-accidente-laboral\/directrices-de-tratamiento-medico-mtg\/lesion-de-hombro\/trastornos-del-tendon-bicipital\/\" \/>\n<meta property=\"og:site_name\" content=\"Best Hip &amp; Knee Surgeon | NY, USA\" \/>\n<meta property=\"article:modified_time\" content=\"2024-01-30T16:46:39+00:00\" \/>\n<meta name=\"twitter:card\" content=\"summary_large_image\" \/>\n<meta name=\"twitter:label1\" content=\"Tiempo de lectura\" \/>\n\t<meta name=\"twitter:data1\" content=\"6 minutos\" \/>\n<script type=\"application\/ld+json\" class=\"yoast-schema-graph\">{\"@context\":\"https:\/\/schema.org\",\"@graph\":[{\"@type\":[\"WebPage\",\"MedicalWebPage\"],\"@id\":\"https:\/\/www.newyorkhipknee.com\/es\/indemnizacion-por-accidente-laboral\/directrices-de-tratamiento-medico-mtg\/lesion-de-hombro\/trastornos-del-tendon-bicipital\/\",\"url\":\"https:\/\/www.newyorkhipknee.com\/es\/indemnizacion-por-accidente-laboral\/directrices-de-tratamiento-medico-mtg\/lesion-de-hombro\/trastornos-del-tendon-bicipital\/\",\"name\":\"Pautas de tratamiento m\u00e9dico del estado de Nueva York para trastornos del tend\u00f3n bicipital en pacientes de compensaci\u00f3n laboral | Best Hip &amp; Knee Surgeon | NY, USA\",\"isPartOf\":{\"@id\":\"https:\/\/www.newyorkhipknee.com\/es\/#website\"},\"datePublished\":\"2024-01-17T19:26:28+00:00\",\"dateModified\":\"2024-01-30T16:46:39+00:00\",\"description\":\"Las directrices establecidas por la Junta de Indemnizaci\u00f3n por Accidentes de Trabajo del Estado de Nueva York est\u00e1n dise\u00f1adas para ayudar a los\",\"breadcrumb\":{\"@id\":\"https:\/\/www.newyorkhipknee.com\/es\/indemnizacion-por-accidente-laboral\/directrices-de-tratamiento-medico-mtg\/lesion-de-hombro\/trastornos-del-tendon-bicipital\/#breadcrumb\"},\"inLanguage\":\"es\",\"potentialAction\":[{\"@type\":\"ReadAction\",\"target\":[\"https:\/\/www.newyorkhipknee.com\/es\/indemnizacion-por-accidente-laboral\/directrices-de-tratamiento-medico-mtg\/lesion-de-hombro\/trastornos-del-tendon-bicipital\/\"]}]},{\"@type\":\"BreadcrumbList\",\"@id\":\"https:\/\/www.newyorkhipknee.com\/es\/indemnizacion-por-accidente-laboral\/directrices-de-tratamiento-medico-mtg\/lesion-de-hombro\/trastornos-del-tendon-bicipital\/#breadcrumb\",\"itemListElement\":[{\"@type\":\"ListItem\",\"position\":1,\"name\":\"Home\",\"item\":\"https:\/\/www.newyorkhipknee.com\/es\/\"},{\"@type\":\"ListItem\",\"position\":2,\"name\":\"Indemnizaci\u00f3n por accidente laboral\",\"item\":\"https:\/\/www.newyorkhipknee.com\/es\/indemnizacion-por-accidente-laboral\/\"},{\"@type\":\"ListItem\",\"position\":3,\"name\":\"Directrices de tratamiento m\u00e9dico (MTG)\",\"item\":\"https:\/\/www.newyorkhipknee.com\/es\/indemnizacion-por-accidente-laboral\/directrices-de-tratamiento-medico-mtg\/\"},{\"@type\":\"ListItem\",\"position\":4,\"name\":\"Pautas de tratamiento m\u00e9dico del Estado de Nueva York para lesiones de hombro en pacientes con indemnizaciones laborales\",\"item\":\"https:\/\/www.newyorkhipknee.com\/es\/indemnizacion-por-accidente-laboral\/directrices-de-tratamiento-medico-mtg\/lesion-de-hombro\/\"},{\"@type\":\"ListItem\",\"position\":5,\"name\":\"Pautas de tratamiento m\u00e9dico del estado de Nueva York para trastornos del tend\u00f3n bicipital en pacientes de compensaci\u00f3n laboral\"}]},{\"@type\":\"WebSite\",\"@id\":\"https:\/\/www.newyorkhipknee.com\/es\/#website\",\"url\":\"https:\/\/www.newyorkhipknee.com\/es\/\",\"name\":\"Best Hip & Knee Surgeon | NY, USA\",\"description\":\"\",\"potentialAction\":[{\"@type\":\"SearchAction\",\"target\":{\"@type\":\"EntryPoint\",\"urlTemplate\":\"https:\/\/www.newyorkhipknee.com\/es\/?s={search_term_string}\"},\"query-input\":{\"@type\":\"PropertyValueSpecification\",\"valueRequired\":true,\"valueName\":\"search_term_string\"}}],\"inLanguage\":\"es\"}]}<\/script>\n<!-- \/ Yoast SEO plugin. -->","yoast_head_json":{"title":"Pautas de tratamiento m\u00e9dico del estado de Nueva York para trastornos del tend\u00f3n bicipital en pacientes de compensaci\u00f3n laboral | Best Hip &amp; Knee Surgeon | NY, USA","description":"Las directrices establecidas por la Junta de Indemnizaci\u00f3n por Accidentes de Trabajo del Estado de Nueva York est\u00e1n dise\u00f1adas para ayudar a los","robots":{"index":"index","follow":"follow","max-snippet":"max-snippet:-1","max-image-preview":"max-image-preview:large","max-video-preview":"max-video-preview:-1"},"canonical":"https:\/\/www.newyorkhipknee.com\/es\/indemnizacion-por-accidente-laboral\/directrices-de-tratamiento-medico-mtg\/lesion-de-hombro\/trastornos-del-tendon-bicipital\/","og_locale":"es_ES","og_type":"article","og_title":"Pautas de tratamiento m\u00e9dico del estado de Nueva York para trastornos del tend\u00f3n bicipital en pacientes de compensaci\u00f3n laboral | Best Hip &amp; Knee Surgeon | NY, USA","og_description":"Las directrices establecidas por la Junta de Indemnizaci\u00f3n por Accidentes de Trabajo del Estado de Nueva York est\u00e1n dise\u00f1adas para ayudar a los","og_url":"https:\/\/www.newyorkhipknee.com\/es\/indemnizacion-por-accidente-laboral\/directrices-de-tratamiento-medico-mtg\/lesion-de-hombro\/trastornos-del-tendon-bicipital\/","og_site_name":"Best Hip &amp; Knee Surgeon | NY, USA","article_modified_time":"2024-01-30T16:46:39+00:00","twitter_card":"summary_large_image","twitter_misc":{"Tiempo de lectura":"6 minutos"},"schema":{"@context":"https:\/\/schema.org","@graph":[{"@type":["WebPage","MedicalWebPage"],"@id":"https:\/\/www.newyorkhipknee.com\/es\/indemnizacion-por-accidente-laboral\/directrices-de-tratamiento-medico-mtg\/lesion-de-hombro\/trastornos-del-tendon-bicipital\/","url":"https:\/\/www.newyorkhipknee.com\/es\/indemnizacion-por-accidente-laboral\/directrices-de-tratamiento-medico-mtg\/lesion-de-hombro\/trastornos-del-tendon-bicipital\/","name":"Pautas de tratamiento m\u00e9dico del estado de Nueva York para trastornos del tend\u00f3n bicipital en pacientes de compensaci\u00f3n laboral | Best Hip &amp; Knee Surgeon | NY, USA","isPartOf":{"@id":"https:\/\/www.newyorkhipknee.com\/es\/#website"},"datePublished":"2024-01-17T19:26:28+00:00","dateModified":"2024-01-30T16:46:39+00:00","description":"Las directrices establecidas por la Junta de Indemnizaci\u00f3n por Accidentes de Trabajo del Estado de Nueva York est\u00e1n dise\u00f1adas para ayudar a los","breadcrumb":{"@id":"https:\/\/www.newyorkhipknee.com\/es\/indemnizacion-por-accidente-laboral\/directrices-de-tratamiento-medico-mtg\/lesion-de-hombro\/trastornos-del-tendon-bicipital\/#breadcrumb"},"inLanguage":"es","potentialAction":[{"@type":"ReadAction","target":["https:\/\/www.newyorkhipknee.com\/es\/indemnizacion-por-accidente-laboral\/directrices-de-tratamiento-medico-mtg\/lesion-de-hombro\/trastornos-del-tendon-bicipital\/"]}]},{"@type":"BreadcrumbList","@id":"https:\/\/www.newyorkhipknee.com\/es\/indemnizacion-por-accidente-laboral\/directrices-de-tratamiento-medico-mtg\/lesion-de-hombro\/trastornos-del-tendon-bicipital\/#breadcrumb","itemListElement":[{"@type":"ListItem","position":1,"name":"Home","item":"https:\/\/www.newyorkhipknee.com\/es\/"},{"@type":"ListItem","position":2,"name":"Indemnizaci\u00f3n por accidente laboral","item":"https:\/\/www.newyorkhipknee.com\/es\/indemnizacion-por-accidente-laboral\/"},{"@type":"ListItem","position":3,"name":"Directrices de tratamiento m\u00e9dico (MTG)","item":"https:\/\/www.newyorkhipknee.com\/es\/indemnizacion-por-accidente-laboral\/directrices-de-tratamiento-medico-mtg\/"},{"@type":"ListItem","position":4,"name":"Pautas de tratamiento m\u00e9dico del Estado de Nueva York para lesiones de hombro en pacientes con indemnizaciones laborales","item":"https:\/\/www.newyorkhipknee.com\/es\/indemnizacion-por-accidente-laboral\/directrices-de-tratamiento-medico-mtg\/lesion-de-hombro\/"},{"@type":"ListItem","position":5,"name":"Pautas de tratamiento m\u00e9dico del estado de Nueva York para trastornos del tend\u00f3n bicipital en pacientes de compensaci\u00f3n laboral"}]},{"@type":"WebSite","@id":"https:\/\/www.newyorkhipknee.com\/es\/#website","url":"https:\/\/www.newyorkhipknee.com\/es\/","name":"Best Hip & Knee Surgeon | NY, USA","description":"","potentialAction":[{"@type":"SearchAction","target":{"@type":"EntryPoint","urlTemplate":"https:\/\/www.newyorkhipknee.com\/es\/?s={search_term_string}"},"query-input":{"@type":"PropertyValueSpecification","valueRequired":true,"valueName":"search_term_string"}}],"inLanguage":"es"}]}},"_links":{"self":[{"href":"https:\/\/www.newyorkhipknee.com\/es\/wp-json\/wp\/v2\/pages\/22119","targetHints":{"allow":["GET"]}}],"collection":[{"href":"https:\/\/www.newyorkhipknee.com\/es\/wp-json\/wp\/v2\/pages"}],"about":[{"href":"https:\/\/www.newyorkhipknee.com\/es\/wp-json\/wp\/v2\/types\/page"}],"author":[{"embeddable":true,"href":"https:\/\/www.newyorkhipknee.com\/es\/wp-json\/wp\/v2\/users\/33"}],"replies":[{"embeddable":true,"href":"https:\/\/www.newyorkhipknee.com\/es\/wp-json\/wp\/v2\/comments?post=22119"}],"version-history":[{"count":0,"href":"https:\/\/www.newyorkhipknee.com\/es\/wp-json\/wp\/v2\/pages\/22119\/revisions"}],"up":[{"embeddable":true,"href":"https:\/\/www.newyorkhipknee.com\/es\/wp-json\/wp\/v2\/pages\/22349"}],"wp:attachment":[{"href":"https:\/\/www.newyorkhipknee.com\/es\/wp-json\/wp\/v2\/media?parent=22119"}],"curies":[{"name":"wp","href":"https:\/\/api.w.org\/{rel}","templated":true}]}}