{"id":22129,"date":"2024-01-16T14:50:21","date_gmt":"2024-01-16T19:50:21","guid":{"rendered":"https:\/\/newyorkhipknee.com\/anamnesis-y-exploracion-fisica\/"},"modified":"2024-01-30T11:48:52","modified_gmt":"2024-01-30T16:48:52","slug":"anamnesis-y-exploracion-fisica","status":"publish","type":"page","link":"https:\/\/www.newyorkhipknee.com\/es\/indemnizacion-por-accidente-laboral\/directrices-de-tratamiento-medico-mtg\/lesion-de-hombro\/anamnesis-y-exploracion-fisica\/","title":{"rendered":"Pautas de tratamiento m\u00e9dico del estado de Nueva York para la anamnesis y la exploraci\u00f3n f\u00edsica de lesiones de hombro en pacientes con indemnizaci\u00f3n por accidente laboral"},"content":{"rendered":"<p>Las directrices establecidas por la Junta de Indemnizaci\u00f3n por Accidentes en el Trabajo del Estado de Nueva York est\u00e1n pensadas para ayudar a los profesionales sanitarios a realizar una anamnesis y una exploraci\u00f3n f\u00edsica minuciosas de las lesiones de hombro.<\/p>\n<p>Adaptadas a los m\u00e9dicos, estas directrices de la Junta de Indemnizaci\u00f3n por Accidentes Laborales ofrecen ayuda para determinar el enfoque adecuado para recopilar la historia cl\u00ednica pertinente y realizar un examen f\u00edsico completo en casos de lesiones de hombro.<\/p>\n<p>Es fundamental se\u00f1alar que estas directrices no sustituyen al juicio cl\u00ednico ni a la experiencia profesional. La decisi\u00f3n final sobre la evaluaci\u00f3n de las lesiones de hombro mediante la anamnesis y la exploraci\u00f3n f\u00edsica debe ser una decisi\u00f3n conjunta en la que participen el paciente y su profesional sanitario.<\/p>\n<h2><\/h2>\n<h2><strong>Procedimientos normalizados para el diagn\u00f3stico de la inestabilidad de hombro relacionada con el trabajo:<\/strong><\/h2>\n<p>Al iniciar el diagn\u00f3stico de la inestabilidad del hombro relacionada con el trabajo, deben emplearse dos procedimientos establecidos. Estos procedimientos sirven de piedra angular, guiando todas las etapas posteriores de los procesos diagn\u00f3sticos y terap\u00e9uticos.<\/p>\n<p>&nbsp;<\/p>\n<h2>Toma de historia<\/h2>\n<p><strong>Preferencia por los hallazgos cl\u00ednicos objetivos:<\/strong> En los casos en que los hallazgos de las evaluaciones cl\u00ednicas y otros procedimientos diagn\u00f3sticos sean divergentes, debe darse prioridad a los hallazgos cl\u00ednicos objetivos.<\/p>\n<p><strong>Requisitos de la documentaci\u00f3n en la historia cl\u00ednica:<\/strong> Es esencial una documentaci\u00f3n exhaustiva en la historia cl\u00ednica, que abarque los siguientes aspectos en el apartado Toma de Historia ):<\/p>\n<p><strong>Historial m\u00e9dico exhaustivo :<\/strong> La exploraci\u00f3n detallada del historial m\u00e9dico del paciente es un componente crucial.<\/p>\n<p><strong>Relaci\u00f3n ocupacional :<\/strong> Debe documentarse claramente la ocupaci\u00f3n del paciente y su posible relaci\u00f3n con la lesi\u00f3n de hombro.<\/p>\n<p><strong>Antecedentes no laborales y profesionales :<\/strong> Deber\u00e1n registrarse espec\u00edficamente todos los antecedentes de lesiones no laborales y actividades profesionales.<\/p>\n<p>Afecciones previas en cuello, hombro y\/o brazo <strong>:<\/strong> Deben documentarse las afecciones previas en cuello, hombro y\/o brazo.<\/p>\n<p><strong>Revisi\u00f3n de los sistemas :<\/strong> Es necesaria una revisi\u00f3n sistem\u00e1tica de varios sistemas corporales, que abarque s\u00edntomas constitucionales, ojos, o\u00eddos, nariz, boca, garganta, cardiovascular, respiratorio, gastrointestinal, genitourinario, musculoesquel\u00e9tico, tegumentario\/mamario, neurol\u00f3gico, psiqui\u00e1trico, endocrino, hematol\u00f3gico\/linf\u00e1tico y al\u00e9rgico\/inmunol\u00f3gico. El alcance de la revisi\u00f3n puede ajustarse en funci\u00f3n de la afecci\u00f3n espec\u00edfica y del juicio cl\u00ednico de cada caso.<\/p>\n<p>&nbsp;<\/p>\n<h3><strong>Hallazgos f\u00edsicos<\/strong><\/h3>\n<p>El examen de los Hallazgos F\u00edsicos est\u00e1 adaptado para abordar las caracter\u00edsticas \u00fanicas de cada diagn\u00f3stico de lesi\u00f3n de hombro mencionado en esta secci\u00f3n. Debido a la naturaleza intrincada del mecanismo del hombro, es crucial considerar una evaluaci\u00f3n de lesiones concurrentes.<\/p>\n<p>&nbsp;<\/p>\n<h3><strong>Banderas rojas<\/strong><\/h3>\n<p>Las \u00abbanderas rojas\u00bb son hallazgos espec\u00edficos que aumentan la preocupaci\u00f3n por posibles afecciones m\u00e9dicas graves. La evaluaci\u00f3n, que comprende la anamnesis y la exploraci\u00f3n f\u00edsica, debe incluir una evaluaci\u00f3n de estas se\u00f1ales de alarma en el hombro. Estos indicadores pueden abarcar fracturas, infecciones o inflamaciones, problemas subdiafragm\u00e1ticos y enfermedades cardiacas. Las directrices de tratamiento m\u00e9dico de las lesiones de hombro de Nueva York incorporan modificaciones en el tratamiento cl\u00ednico provocadas por la identificaci\u00f3n de \u00abse\u00f1ales de alarma\u00bb, que pueden requerir una evaluaci\u00f3n adicional, una consulta o una intervenci\u00f3n urgente o de emergencia.<\/p>\n<p>&nbsp;<\/p>\n<h3><strong>Diagn\u00f3stico por im\u00e1genes \/ pruebas de seguimiento<\/strong><\/h3>\n<p>Como se explica en la secci\u00f3n A-13 de los Principios Generales, la elecci\u00f3n de los estudios de diagn\u00f3stico por imagen depende de la presentaci\u00f3n cl\u00ednica espec\u00edfica del caso y del juicio cl\u00ednico. Puede haber casos en los que sea cl\u00ednicamente necesario repetir o utilizar im\u00e1genes diagn\u00f3sticas alternativas. Algunos ejemplos son las situaciones en las que una prueba anterior arroja resultados de mala calidad o no diagn\u00f3sticos, se produce un cambio en el escenario cl\u00ednico (por ejemplo, aparici\u00f3n de s\u00edntomas nuevos o empeoramiento de los ya existentes, preparaci\u00f3n para una intervenci\u00f3n quir\u00fargica o inyecciones terap\u00e9uticas), o es esencial controlar la evoluci\u00f3n cl\u00ednica (por ejemplo, en el postoperatorio) o el deterioro a lo largo del tiempo.<\/p>\n<p>Para garantizar la m\u00e1xima precisi\u00f3n diagn\u00f3stica, reducir al m\u00ednimo los efectos adversos en los pacientes y mejorar la eficiencia cl\u00ednica, es crucial elegir con prudencia el procedimiento o procedimientos o establecer un orden secuencial adecuado cuando se trata de varios procedimientos. La repetici\u00f3n de procedimientos conduce a una escalada de la dosis de radiaci\u00f3n acumulada y de los riesgos asociados.<\/p>\n<p><strong>Variabilidad en los procedimientos de diagn\u00f3stico por imagen<\/strong><\/p>\n<p>Los procedimientos de diagn\u00f3stico por imagen presentan distintos grados de sensibilidad y especificidad para un diagn\u00f3stico determinado. Los fundamentos para seleccionar e interpretar los estudios de imagen deben basarse en la historia cl\u00ednica, la exploraci\u00f3n f\u00edsica y el juicio cl\u00ednico.<\/p>\n<p>Aunque las radiograf\u00edas simples suelen ser un valioso paso inicial, no siempre son suficientes. Otras modalidades de diagn\u00f3stico por imagen, como la resonancia magn\u00e9tica (RM), la artrograf\u00eda o la tomograf\u00eda axial computarizada (TAC) tras la artrograf\u00eda, pueden ofrecer informaci\u00f3n valiosa sobre muchos trastornos del hombro. En determinadas circunstancias, como se ha mencionado anteriormente, puede ser necesario repetir el diagn\u00f3stico por imagen o realizar un diagn\u00f3stico alternativo.<\/p>\n<p>La elecci\u00f3n de un procedimiento frente a otros suele depender de m\u00faltiples factores, lo que subraya la importancia de tener en cuenta el contexto cl\u00ednico espec\u00edfico.<\/p>\n<p>&nbsp;<\/p>\n<div class=\"flex-1 overflow-hidden\">\n<div class=\"react-scroll-to-bottom--css-pevlb-79elbk h-full\">\n<div class=\"react-scroll-to-bottom--css-pevlb-1n7m0yu\">\n<div class=\"flex flex-col pb-9 text-sm\">\n<div class=\"w-full text-token-text-primary\" data-testid=\"conversation-turn-13\">\n<div class=\"px-4 py-2 justify-center text-base md:gap-6 m-auto\">\n<div class=\"flex flex-1 text-base mx-auto gap-3 md:px-5 lg:px-1 xl:px-5 md:max-w-3xl lg:max-w-[40rem] xl:max-w-[48rem] group final-completion\">\n<div class=\"relative flex w-full flex-col lg:w-[calc(100%-115px)] agent-turn\">\n<div class=\"flex-col gap-1 md:gap-3\">\n<div class=\"mt-1 flex justify-start gap-3 empty:hidden\">\n<div class=\"text-gray-400 flex self-end lg:self-center justify-center lg:justify-start mt-0 -ml-1 visible\">\n<div class=\"flex items-center gap-1.5 text-xs\">\n<div class=\"textwidget\">\n<p>&nbsp;<\/p>\n<\/div>\n<\/div>\n<\/div>\n<\/div>\n<\/div>\n<\/div>\n<\/div>\n<\/div>\n<\/div>\n<\/div>\n<\/div>\n<\/div>\n<\/div>\n","protected":false},"excerpt":{"rendered":"<p>Las directrices establecidas por la Junta de Indemnizaci\u00f3n por Accidentes en el Trabajo del Estado de Nueva York est\u00e1n pensadas para ayudar a los profesionales sanitarios a realizar una anamnesis y una exploraci\u00f3n f\u00edsica minuciosas de las lesiones de hombro. Adaptadas a los m\u00e9dicos, estas directrices de la Junta de Indemnizaci\u00f3n por Accidentes Laborales ofrecen [&hellip;]<\/p>\n","protected":false},"author":33,"featured_media":0,"parent":22349,"menu_order":0,"comment_status":"closed","ping_status":"closed","template":"","meta":{"_et_pb_use_builder":"","_et_pb_old_content":"","_et_gb_content_width":"","footnotes":""},"class_list":["post-22129","page","type-page","status-publish","hentry"],"yoast_head":"<!-- This site is optimized with the Yoast SEO plugin v27.2 - https:\/\/yoast.com\/product\/yoast-seo-wordpress\/ -->\n<title>Pautas de tratamiento m\u00e9dico del estado de Nueva York para la anamnesis y la exploraci\u00f3n f\u00edsica de lesiones de hombro en pacientes con indemnizaci\u00f3n por accidente laboral | Best Hip &amp; Knee Surgeon | NY, USA<\/title>\n<meta name=\"description\" content=\"Las directrices establecidas por la Junta de Indemnizaci\u00f3n por Accidentes en el Trabajo del Estado de Nueva York est\u00e1n pensadas para ayudar a los\" \/>\n<meta name=\"robots\" content=\"index, follow, max-snippet:-1, max-image-preview:large, max-video-preview:-1\" \/>\n<link rel=\"canonical\" href=\"https:\/\/www.newyorkhipknee.com\/es\/indemnizacion-por-accidente-laboral\/directrices-de-tratamiento-medico-mtg\/lesion-de-hombro\/anamnesis-y-exploracion-fisica\/\" \/>\n<meta property=\"og:locale\" content=\"es_ES\" \/>\n<meta property=\"og:type\" content=\"article\" \/>\n<meta property=\"og:title\" content=\"Pautas de tratamiento m\u00e9dico del estado de Nueva York para la anamnesis y la exploraci\u00f3n f\u00edsica de lesiones de hombro en pacientes con indemnizaci\u00f3n por accidente laboral | Best Hip &amp; Knee Surgeon | NY, USA\" \/>\n<meta property=\"og:description\" content=\"Las directrices establecidas por la Junta de Indemnizaci\u00f3n por Accidentes en el Trabajo del Estado de Nueva York est\u00e1n pensadas para ayudar a los\" \/>\n<meta property=\"og:url\" content=\"https:\/\/www.newyorkhipknee.com\/es\/indemnizacion-por-accidente-laboral\/directrices-de-tratamiento-medico-mtg\/lesion-de-hombro\/anamnesis-y-exploracion-fisica\/\" \/>\n<meta property=\"og:site_name\" content=\"Best Hip &amp; Knee Surgeon | NY, USA\" \/>\n<meta property=\"article:modified_time\" content=\"2024-01-30T16:48:52+00:00\" \/>\n<meta name=\"twitter:card\" content=\"summary_large_image\" \/>\n<meta name=\"twitter:label1\" content=\"Tiempo de lectura\" \/>\n\t<meta name=\"twitter:data1\" content=\"5 minutos\" \/>\n<script type=\"application\/ld+json\" class=\"yoast-schema-graph\">{\"@context\":\"https:\/\/schema.org\",\"@graph\":[{\"@type\":[\"WebPage\",\"MedicalWebPage\"],\"@id\":\"https:\/\/www.newyorkhipknee.com\/es\/indemnizacion-por-accidente-laboral\/directrices-de-tratamiento-medico-mtg\/lesion-de-hombro\/anamnesis-y-exploracion-fisica\/\",\"url\":\"https:\/\/www.newyorkhipknee.com\/es\/indemnizacion-por-accidente-laboral\/directrices-de-tratamiento-medico-mtg\/lesion-de-hombro\/anamnesis-y-exploracion-fisica\/\",\"name\":\"Pautas de tratamiento m\u00e9dico del estado de Nueva York para la anamnesis y la exploraci\u00f3n f\u00edsica de lesiones de hombro en pacientes con indemnizaci\u00f3n por accidente laboral | Best Hip &amp; Knee Surgeon | NY, USA\",\"isPartOf\":{\"@id\":\"https:\/\/www.newyorkhipknee.com\/es\/#website\"},\"datePublished\":\"2024-01-16T19:50:21+00:00\",\"dateModified\":\"2024-01-30T16:48:52+00:00\",\"description\":\"Las directrices establecidas por la Junta de Indemnizaci\u00f3n por Accidentes en el Trabajo del Estado de Nueva York est\u00e1n pensadas para ayudar a los\",\"breadcrumb\":{\"@id\":\"https:\/\/www.newyorkhipknee.com\/es\/indemnizacion-por-accidente-laboral\/directrices-de-tratamiento-medico-mtg\/lesion-de-hombro\/anamnesis-y-exploracion-fisica\/#breadcrumb\"},\"inLanguage\":\"es\",\"potentialAction\":[{\"@type\":\"ReadAction\",\"target\":[\"https:\/\/www.newyorkhipknee.com\/es\/indemnizacion-por-accidente-laboral\/directrices-de-tratamiento-medico-mtg\/lesion-de-hombro\/anamnesis-y-exploracion-fisica\/\"]}]},{\"@type\":\"BreadcrumbList\",\"@id\":\"https:\/\/www.newyorkhipknee.com\/es\/indemnizacion-por-accidente-laboral\/directrices-de-tratamiento-medico-mtg\/lesion-de-hombro\/anamnesis-y-exploracion-fisica\/#breadcrumb\",\"itemListElement\":[{\"@type\":\"ListItem\",\"position\":1,\"name\":\"Home\",\"item\":\"https:\/\/www.newyorkhipknee.com\/es\/\"},{\"@type\":\"ListItem\",\"position\":2,\"name\":\"Indemnizaci\u00f3n por accidente laboral\",\"item\":\"https:\/\/www.newyorkhipknee.com\/es\/indemnizacion-por-accidente-laboral\/\"},{\"@type\":\"ListItem\",\"position\":3,\"name\":\"Directrices de tratamiento m\u00e9dico (MTG)\",\"item\":\"https:\/\/www.newyorkhipknee.com\/es\/indemnizacion-por-accidente-laboral\/directrices-de-tratamiento-medico-mtg\/\"},{\"@type\":\"ListItem\",\"position\":4,\"name\":\"Pautas de tratamiento m\u00e9dico del Estado de Nueva York para lesiones de hombro en pacientes con indemnizaciones laborales\",\"item\":\"https:\/\/www.newyorkhipknee.com\/es\/indemnizacion-por-accidente-laboral\/directrices-de-tratamiento-medico-mtg\/lesion-de-hombro\/\"},{\"@type\":\"ListItem\",\"position\":5,\"name\":\"Pautas de tratamiento m\u00e9dico del estado de Nueva York para la anamnesis y la exploraci\u00f3n f\u00edsica de lesiones de hombro en pacientes con indemnizaci\u00f3n por accidente laboral\"}]},{\"@type\":\"WebSite\",\"@id\":\"https:\/\/www.newyorkhipknee.com\/es\/#website\",\"url\":\"https:\/\/www.newyorkhipknee.com\/es\/\",\"name\":\"Best Hip & Knee Surgeon | NY, USA\",\"description\":\"\",\"potentialAction\":[{\"@type\":\"SearchAction\",\"target\":{\"@type\":\"EntryPoint\",\"urlTemplate\":\"https:\/\/www.newyorkhipknee.com\/es\/?s={search_term_string}\"},\"query-input\":{\"@type\":\"PropertyValueSpecification\",\"valueRequired\":true,\"valueName\":\"search_term_string\"}}],\"inLanguage\":\"es\"}]}<\/script>\n<!-- \/ Yoast SEO plugin. -->","yoast_head_json":{"title":"Pautas de tratamiento m\u00e9dico del estado de Nueva York para la anamnesis y la exploraci\u00f3n f\u00edsica de lesiones de hombro en pacientes con indemnizaci\u00f3n por accidente laboral | Best Hip &amp; Knee Surgeon | NY, USA","description":"Las directrices establecidas por la Junta de Indemnizaci\u00f3n por Accidentes en el Trabajo del Estado de Nueva York est\u00e1n pensadas para ayudar a los","robots":{"index":"index","follow":"follow","max-snippet":"max-snippet:-1","max-image-preview":"max-image-preview:large","max-video-preview":"max-video-preview:-1"},"canonical":"https:\/\/www.newyorkhipknee.com\/es\/indemnizacion-por-accidente-laboral\/directrices-de-tratamiento-medico-mtg\/lesion-de-hombro\/anamnesis-y-exploracion-fisica\/","og_locale":"es_ES","og_type":"article","og_title":"Pautas de tratamiento m\u00e9dico del estado de Nueva York para la anamnesis y la exploraci\u00f3n f\u00edsica de lesiones de hombro en pacientes con indemnizaci\u00f3n por accidente laboral | Best Hip &amp; Knee Surgeon | NY, USA","og_description":"Las directrices establecidas por la Junta de Indemnizaci\u00f3n por Accidentes en el Trabajo del Estado de Nueva York est\u00e1n pensadas para ayudar a los","og_url":"https:\/\/www.newyorkhipknee.com\/es\/indemnizacion-por-accidente-laboral\/directrices-de-tratamiento-medico-mtg\/lesion-de-hombro\/anamnesis-y-exploracion-fisica\/","og_site_name":"Best Hip &amp; Knee Surgeon | NY, USA","article_modified_time":"2024-01-30T16:48:52+00:00","twitter_card":"summary_large_image","twitter_misc":{"Tiempo de lectura":"5 minutos"},"schema":{"@context":"https:\/\/schema.org","@graph":[{"@type":["WebPage","MedicalWebPage"],"@id":"https:\/\/www.newyorkhipknee.com\/es\/indemnizacion-por-accidente-laboral\/directrices-de-tratamiento-medico-mtg\/lesion-de-hombro\/anamnesis-y-exploracion-fisica\/","url":"https:\/\/www.newyorkhipknee.com\/es\/indemnizacion-por-accidente-laboral\/directrices-de-tratamiento-medico-mtg\/lesion-de-hombro\/anamnesis-y-exploracion-fisica\/","name":"Pautas de tratamiento m\u00e9dico del estado de Nueva York para la anamnesis y la exploraci\u00f3n f\u00edsica de lesiones de hombro en pacientes con indemnizaci\u00f3n por accidente laboral | Best Hip &amp; Knee Surgeon | NY, USA","isPartOf":{"@id":"https:\/\/www.newyorkhipknee.com\/es\/#website"},"datePublished":"2024-01-16T19:50:21+00:00","dateModified":"2024-01-30T16:48:52+00:00","description":"Las directrices establecidas por la Junta de Indemnizaci\u00f3n por Accidentes en el Trabajo del Estado de Nueva York est\u00e1n pensadas para ayudar a los","breadcrumb":{"@id":"https:\/\/www.newyorkhipknee.com\/es\/indemnizacion-por-accidente-laboral\/directrices-de-tratamiento-medico-mtg\/lesion-de-hombro\/anamnesis-y-exploracion-fisica\/#breadcrumb"},"inLanguage":"es","potentialAction":[{"@type":"ReadAction","target":["https:\/\/www.newyorkhipknee.com\/es\/indemnizacion-por-accidente-laboral\/directrices-de-tratamiento-medico-mtg\/lesion-de-hombro\/anamnesis-y-exploracion-fisica\/"]}]},{"@type":"BreadcrumbList","@id":"https:\/\/www.newyorkhipknee.com\/es\/indemnizacion-por-accidente-laboral\/directrices-de-tratamiento-medico-mtg\/lesion-de-hombro\/anamnesis-y-exploracion-fisica\/#breadcrumb","itemListElement":[{"@type":"ListItem","position":1,"name":"Home","item":"https:\/\/www.newyorkhipknee.com\/es\/"},{"@type":"ListItem","position":2,"name":"Indemnizaci\u00f3n por accidente laboral","item":"https:\/\/www.newyorkhipknee.com\/es\/indemnizacion-por-accidente-laboral\/"},{"@type":"ListItem","position":3,"name":"Directrices de tratamiento m\u00e9dico (MTG)","item":"https:\/\/www.newyorkhipknee.com\/es\/indemnizacion-por-accidente-laboral\/directrices-de-tratamiento-medico-mtg\/"},{"@type":"ListItem","position":4,"name":"Pautas de tratamiento m\u00e9dico del Estado de Nueva York para lesiones de hombro en pacientes con indemnizaciones laborales","item":"https:\/\/www.newyorkhipknee.com\/es\/indemnizacion-por-accidente-laboral\/directrices-de-tratamiento-medico-mtg\/lesion-de-hombro\/"},{"@type":"ListItem","position":5,"name":"Pautas de tratamiento m\u00e9dico del estado de Nueva York para la anamnesis y la exploraci\u00f3n f\u00edsica de lesiones de hombro en pacientes con indemnizaci\u00f3n por accidente laboral"}]},{"@type":"WebSite","@id":"https:\/\/www.newyorkhipknee.com\/es\/#website","url":"https:\/\/www.newyorkhipknee.com\/es\/","name":"Best Hip & Knee Surgeon | NY, USA","description":"","potentialAction":[{"@type":"SearchAction","target":{"@type":"EntryPoint","urlTemplate":"https:\/\/www.newyorkhipknee.com\/es\/?s={search_term_string}"},"query-input":{"@type":"PropertyValueSpecification","valueRequired":true,"valueName":"search_term_string"}}],"inLanguage":"es"}]}},"_links":{"self":[{"href":"https:\/\/www.newyorkhipknee.com\/es\/wp-json\/wp\/v2\/pages\/22129","targetHints":{"allow":["GET"]}}],"collection":[{"href":"https:\/\/www.newyorkhipknee.com\/es\/wp-json\/wp\/v2\/pages"}],"about":[{"href":"https:\/\/www.newyorkhipknee.com\/es\/wp-json\/wp\/v2\/types\/page"}],"author":[{"embeddable":true,"href":"https:\/\/www.newyorkhipknee.com\/es\/wp-json\/wp\/v2\/users\/33"}],"replies":[{"embeddable":true,"href":"https:\/\/www.newyorkhipknee.com\/es\/wp-json\/wp\/v2\/comments?post=22129"}],"version-history":[{"count":0,"href":"https:\/\/www.newyorkhipknee.com\/es\/wp-json\/wp\/v2\/pages\/22129\/revisions"}],"up":[{"embeddable":true,"href":"https:\/\/www.newyorkhipknee.com\/es\/wp-json\/wp\/v2\/pages\/22349"}],"wp:attachment":[{"href":"https:\/\/www.newyorkhipknee.com\/es\/wp-json\/wp\/v2\/media?parent=22129"}],"curies":[{"name":"wp","href":"https:\/\/api.w.org\/{rel}","templated":true}]}}