{"id":22145,"date":"2024-01-18T16:42:44","date_gmt":"2024-01-18T21:42:44","guid":{"rendered":"https:\/\/newyorkhipknee.com\/ejercicio-terapeutico\/"},"modified":"2024-01-30T11:51:17","modified_gmt":"2024-01-30T16:51:17","slug":"ejercicio-terapeutico","status":"publish","type":"page","link":"https:\/\/www.newyorkhipknee.com\/es\/indemnizacion-por-accidente-laboral\/directrices-de-tratamiento-medico-mtg\/lesion-de-hombro\/ejercicio-terapeutico\/","title":{"rendered":"Pautas de tratamiento m\u00e9dico del Estado de Nueva York para el ejercicio terap\u00e9utico de lesiones de hombro en pacientes con indemnizaci\u00f3n laboral"},"content":{"rendered":"<p>Las directrices establecidas por la Junta de Indemnizaci\u00f3n por Accidentes de Trabajo del Estado de Nueva York se han elaborado para ayudar a los profesionales sanitarios a prescribir ejercicios terap\u00e9uticos adecuados para las lesiones de hombro.<\/p>\n<p>Adaptadas a los profesionales m\u00e9dicos, estas directrices de la Junta de Compensaci\u00f3n de los Trabajadores proporcionan ayuda para determinar los ejercicios terap\u00e9uticos adecuados para las personas con lesiones de hombro.<\/p>\n<p>Es fundamental se\u00f1alar que estas directrices no sustituyen al juicio cl\u00ednico ni a la experiencia profesional. La decisi\u00f3n final sobre los ejercicios terap\u00e9uticos debe ser fruto de la colaboraci\u00f3n entre el paciente y su profesional sanitario.<\/p>\n<h3><\/h3>\n<h3><strong>Rehabilitaci\u00f3n:<\/strong><\/h3>\n<ul>\n<li>La <strong>rehabilitaci\u00f3n (terapia formal supervisada)<\/strong> necesaria como consecuencia de una lesi\u00f3n laboral debe centrarse en restablecer la capacidad funcional necesaria para realizar las actividades cotidianas y laborales del paciente y reincorporarse al trabajo; esforz\u00e1ndose por devolver al trabajador lesionado al estado anterior a la lesi\u00f3n en la medida en que sea factible.<\/li>\n<\/ul>\n<p>&nbsp;<\/p>\n<ul>\n<li>La terapia <strong>activa<\/strong> requiere un esfuerzo interno por parte del paciente para completar un ejercicio o tarea espec\u00edficos. La terapia <strong>pasiva<\/strong> son aquellas intervenciones que no requieren un esfuerzo por parte del paciente, sino que dependen de modalidades administradas por un terapeuta. En general, las intervenciones pasivas se consideran un medio para facilitar el progreso en un programa de terapia activa con la consecuci\u00f3n concomitante de ganancias funcionales objetivas. Las intervenciones activas deben primar sobre las pasivas.<\/li>\n<\/ul>\n<p>&nbsp;<\/p>\n<ul>\n<li>Debe indicarse al paciente que contin\u00fae con las terapias activas y pasivas en casa como prolongaci\u00f3n del proceso de tratamiento para mantener los niveles de mejor\u00eda.<\/li>\n<\/ul>\n<p>&nbsp;<\/p>\n<ul>\n<li><strong>Los dispositivos de asistencia<\/strong> pueden incluirse como medida complementaria incorporada al plan de rehabilitaci\u00f3n para facilitar las ganancias funcionales.<\/li>\n<\/ul>\n<p>&nbsp;<\/p>\n<h3><strong>Terapia activa:<\/strong><\/h3>\n<ul>\n<li><strong>Terapia activa<\/strong>\n<ul>\n<li><strong>Terapia F\u00edsica \/ Ocupacional<\/strong>\n<ul>\n<li><strong>Recomendado<\/strong>: para mejorar la funci\u00f3n, incluida la amplitud de movimiento y la fuerza.<\/li>\n<li><strong>Frecuencia\/dosis\/duraci\u00f3n:<\/strong> La frecuencia de las visitas suele individualizarse en funci\u00f3n de la gravedad de la limitaci\u00f3n. Para iniciar un programa de ejercicio suelen realizarse de dos a tres visitas semanales durante dos semanas. El n\u00famero total de visitas puede ser de tan s\u00f3lo dos o tres para pacientes leves o de hasta 12 o 15 con documentaci\u00f3n de una mejora funcional objetiva.<\/li>\n<li>Como parte del plan de rehabilitaci\u00f3n, debe indicarse a los pacientes que contin\u00faen la terapia activa y pasiva en casa como prolongaci\u00f3n del proceso de tratamiento para mantener la mejor\u00eda.<\/li>\n<li><strong>Indicaciones:<\/strong> Todos los pacientes postoperatorios y tratados de forma conservadora.<\/li>\n<li><strong>Indicaciones de interrupci\u00f3n:<\/strong> Resoluci\u00f3n del dolor, intolerancia, falta de eficacia o incumplimiento.<\/li>\n<\/ul>\n<\/li>\n<li><strong>Ejercicio terap\u00e9utico<\/strong>\n<ul>\n<li>Ejercicio terap\u00e9utico en el que el terapeuta instruye al paciente en un programa cl\u00ednico y domiciliario supervisado para aumentar la fuerza de la musculatura de soporte del hombro. Los movimientos y los m\u00fasculos que deben fortalecerse incluyen los rotadores internos y externos del hombro, los abductores y los estabilizadores de la esc\u00e1pula.<\/li>\n<li><strong>Recomendado<\/strong> &#8211; en pacientes seleccionados seg\u00fan indicaci\u00f3n cl\u00ednica.<\/li>\n<li><strong>Frecuencia:<\/strong> T\u00edpicamente dos o tres veces\/semana durante ocho a 12 semanas como se indica a continuaci\u00f3n.\n<ul>\n<li><strong>Semanas 1-3:<\/strong> Isom\u00e9tricos en arn\u00e9s.<\/li>\n<li><strong>Semanas 3-8:<\/strong> Ejercicios isot\u00f3nicos progresivos.<\/li>\n<li><strong>Semanas 8-12:<\/strong> Inicie las actividades por encima de la cabeza cuando se haya normalizado la fuerza del manguito de los rotadores y se haya conseguido una elevaci\u00f3n activa completa.<\/li>\n<\/ul>\n<\/li>\n<\/ul>\n<\/li>\n<\/ul>\n<\/li>\n<\/ul>\n<div class=\"textwidget\">\n<p>&nbsp;<\/p>\n<\/div>\n","protected":false},"excerpt":{"rendered":"<p>Las directrices establecidas por la Junta de Indemnizaci\u00f3n por Accidentes de Trabajo del Estado de Nueva York se han elaborado para ayudar a los profesionales sanitarios a prescribir ejercicios terap\u00e9uticos adecuados para las lesiones de hombro. Adaptadas a los profesionales m\u00e9dicos, estas directrices de la Junta de Compensaci\u00f3n de los Trabajadores proporcionan ayuda para determinar [&hellip;]<\/p>\n","protected":false},"author":33,"featured_media":0,"parent":22349,"menu_order":0,"comment_status":"closed","ping_status":"closed","template":"","meta":{"_et_pb_use_builder":"","_et_pb_old_content":"","_et_gb_content_width":"","footnotes":""},"class_list":["post-22145","page","type-page","status-publish","hentry"],"yoast_head":"<!-- This site is optimized with the Yoast SEO plugin v27.2 - https:\/\/yoast.com\/product\/yoast-seo-wordpress\/ -->\n<title>Pautas de tratamiento m\u00e9dico del Estado de Nueva York para el ejercicio terap\u00e9utico de lesiones de hombro en pacientes con indemnizaci\u00f3n laboral | Best Hip &amp; Knee Surgeon | NY, USA<\/title>\n<meta name=\"description\" content=\"Las directrices establecidas por la Junta de Indemnizaci\u00f3n por Accidentes de Trabajo del Estado de Nueva York se han elaborado para ayudar a los\" \/>\n<meta name=\"robots\" content=\"index, follow, max-snippet:-1, max-image-preview:large, max-video-preview:-1\" \/>\n<link rel=\"canonical\" href=\"https:\/\/www.newyorkhipknee.com\/es\/indemnizacion-por-accidente-laboral\/directrices-de-tratamiento-medico-mtg\/lesion-de-hombro\/ejercicio-terapeutico\/\" \/>\n<meta property=\"og:locale\" content=\"es_ES\" \/>\n<meta property=\"og:type\" content=\"article\" \/>\n<meta property=\"og:title\" content=\"Pautas de tratamiento m\u00e9dico del Estado de Nueva York para el ejercicio terap\u00e9utico de lesiones de hombro en pacientes con indemnizaci\u00f3n laboral | Best Hip &amp; Knee Surgeon | NY, USA\" \/>\n<meta property=\"og:description\" content=\"Las directrices establecidas por la Junta de Indemnizaci\u00f3n por Accidentes de Trabajo del Estado de Nueva York se han elaborado para ayudar a los\" \/>\n<meta property=\"og:url\" content=\"https:\/\/www.newyorkhipknee.com\/es\/indemnizacion-por-accidente-laboral\/directrices-de-tratamiento-medico-mtg\/lesion-de-hombro\/ejercicio-terapeutico\/\" \/>\n<meta property=\"og:site_name\" content=\"Best Hip &amp; Knee Surgeon | NY, USA\" \/>\n<meta property=\"article:modified_time\" content=\"2024-01-30T16:51:17+00:00\" \/>\n<meta name=\"twitter:card\" content=\"summary_large_image\" \/>\n<meta name=\"twitter:label1\" content=\"Tiempo de lectura\" \/>\n\t<meta name=\"twitter:data1\" content=\"3 minutos\" \/>\n<script type=\"application\/ld+json\" class=\"yoast-schema-graph\">{\"@context\":\"https:\/\/schema.org\",\"@graph\":[{\"@type\":[\"WebPage\",\"MedicalWebPage\"],\"@id\":\"https:\/\/www.newyorkhipknee.com\/es\/indemnizacion-por-accidente-laboral\/directrices-de-tratamiento-medico-mtg\/lesion-de-hombro\/ejercicio-terapeutico\/\",\"url\":\"https:\/\/www.newyorkhipknee.com\/es\/indemnizacion-por-accidente-laboral\/directrices-de-tratamiento-medico-mtg\/lesion-de-hombro\/ejercicio-terapeutico\/\",\"name\":\"Pautas de tratamiento m\u00e9dico del Estado de Nueva York para el ejercicio terap\u00e9utico de lesiones de hombro en pacientes con indemnizaci\u00f3n laboral | Best Hip &amp; Knee Surgeon | NY, USA\",\"isPartOf\":{\"@id\":\"https:\/\/www.newyorkhipknee.com\/es\/#website\"},\"datePublished\":\"2024-01-18T21:42:44+00:00\",\"dateModified\":\"2024-01-30T16:51:17+00:00\",\"description\":\"Las directrices establecidas por la Junta de Indemnizaci\u00f3n por Accidentes de Trabajo del Estado de Nueva York se han elaborado para ayudar a los\",\"breadcrumb\":{\"@id\":\"https:\/\/www.newyorkhipknee.com\/es\/indemnizacion-por-accidente-laboral\/directrices-de-tratamiento-medico-mtg\/lesion-de-hombro\/ejercicio-terapeutico\/#breadcrumb\"},\"inLanguage\":\"es\",\"potentialAction\":[{\"@type\":\"ReadAction\",\"target\":[\"https:\/\/www.newyorkhipknee.com\/es\/indemnizacion-por-accidente-laboral\/directrices-de-tratamiento-medico-mtg\/lesion-de-hombro\/ejercicio-terapeutico\/\"]}]},{\"@type\":\"BreadcrumbList\",\"@id\":\"https:\/\/www.newyorkhipknee.com\/es\/indemnizacion-por-accidente-laboral\/directrices-de-tratamiento-medico-mtg\/lesion-de-hombro\/ejercicio-terapeutico\/#breadcrumb\",\"itemListElement\":[{\"@type\":\"ListItem\",\"position\":1,\"name\":\"Home\",\"item\":\"https:\/\/www.newyorkhipknee.com\/es\/\"},{\"@type\":\"ListItem\",\"position\":2,\"name\":\"Indemnizaci\u00f3n por accidente laboral\",\"item\":\"https:\/\/www.newyorkhipknee.com\/es\/indemnizacion-por-accidente-laboral\/\"},{\"@type\":\"ListItem\",\"position\":3,\"name\":\"Directrices de tratamiento m\u00e9dico (MTG)\",\"item\":\"https:\/\/www.newyorkhipknee.com\/es\/indemnizacion-por-accidente-laboral\/directrices-de-tratamiento-medico-mtg\/\"},{\"@type\":\"ListItem\",\"position\":4,\"name\":\"Pautas de tratamiento m\u00e9dico del Estado de Nueva York para lesiones de hombro en pacientes con indemnizaciones laborales\",\"item\":\"https:\/\/www.newyorkhipknee.com\/es\/indemnizacion-por-accidente-laboral\/directrices-de-tratamiento-medico-mtg\/lesion-de-hombro\/\"},{\"@type\":\"ListItem\",\"position\":5,\"name\":\"Pautas de tratamiento m\u00e9dico del Estado de Nueva York para el ejercicio terap\u00e9utico de lesiones de hombro en pacientes con indemnizaci\u00f3n laboral\"}]},{\"@type\":\"WebSite\",\"@id\":\"https:\/\/www.newyorkhipknee.com\/es\/#website\",\"url\":\"https:\/\/www.newyorkhipknee.com\/es\/\",\"name\":\"Best Hip & Knee Surgeon | NY, USA\",\"description\":\"\",\"potentialAction\":[{\"@type\":\"SearchAction\",\"target\":{\"@type\":\"EntryPoint\",\"urlTemplate\":\"https:\/\/www.newyorkhipknee.com\/es\/?s={search_term_string}\"},\"query-input\":{\"@type\":\"PropertyValueSpecification\",\"valueRequired\":true,\"valueName\":\"search_term_string\"}}],\"inLanguage\":\"es\"}]}<\/script>\n<!-- \/ Yoast SEO plugin. -->","yoast_head_json":{"title":"Pautas de tratamiento m\u00e9dico del Estado de Nueva York para el ejercicio terap\u00e9utico de lesiones de hombro en pacientes con indemnizaci\u00f3n laboral | Best Hip &amp; Knee Surgeon | NY, USA","description":"Las directrices establecidas por la Junta de Indemnizaci\u00f3n por Accidentes de Trabajo del Estado de Nueva York se han elaborado para ayudar a los","robots":{"index":"index","follow":"follow","max-snippet":"max-snippet:-1","max-image-preview":"max-image-preview:large","max-video-preview":"max-video-preview:-1"},"canonical":"https:\/\/www.newyorkhipknee.com\/es\/indemnizacion-por-accidente-laboral\/directrices-de-tratamiento-medico-mtg\/lesion-de-hombro\/ejercicio-terapeutico\/","og_locale":"es_ES","og_type":"article","og_title":"Pautas de tratamiento m\u00e9dico del Estado de Nueva York para el ejercicio terap\u00e9utico de lesiones de hombro en pacientes con indemnizaci\u00f3n laboral | Best Hip &amp; Knee Surgeon | NY, USA","og_description":"Las directrices establecidas por la Junta de Indemnizaci\u00f3n por Accidentes de Trabajo del Estado de Nueva York se han elaborado para ayudar a los","og_url":"https:\/\/www.newyorkhipknee.com\/es\/indemnizacion-por-accidente-laboral\/directrices-de-tratamiento-medico-mtg\/lesion-de-hombro\/ejercicio-terapeutico\/","og_site_name":"Best Hip &amp; Knee Surgeon | NY, USA","article_modified_time":"2024-01-30T16:51:17+00:00","twitter_card":"summary_large_image","twitter_misc":{"Tiempo de lectura":"3 minutos"},"schema":{"@context":"https:\/\/schema.org","@graph":[{"@type":["WebPage","MedicalWebPage"],"@id":"https:\/\/www.newyorkhipknee.com\/es\/indemnizacion-por-accidente-laboral\/directrices-de-tratamiento-medico-mtg\/lesion-de-hombro\/ejercicio-terapeutico\/","url":"https:\/\/www.newyorkhipknee.com\/es\/indemnizacion-por-accidente-laboral\/directrices-de-tratamiento-medico-mtg\/lesion-de-hombro\/ejercicio-terapeutico\/","name":"Pautas de tratamiento m\u00e9dico del Estado de Nueva York para el ejercicio terap\u00e9utico de lesiones de hombro en pacientes con indemnizaci\u00f3n laboral | Best Hip &amp; Knee Surgeon | NY, USA","isPartOf":{"@id":"https:\/\/www.newyorkhipknee.com\/es\/#website"},"datePublished":"2024-01-18T21:42:44+00:00","dateModified":"2024-01-30T16:51:17+00:00","description":"Las directrices establecidas por la Junta de Indemnizaci\u00f3n por Accidentes de Trabajo del Estado de Nueva York se han elaborado para ayudar a los","breadcrumb":{"@id":"https:\/\/www.newyorkhipknee.com\/es\/indemnizacion-por-accidente-laboral\/directrices-de-tratamiento-medico-mtg\/lesion-de-hombro\/ejercicio-terapeutico\/#breadcrumb"},"inLanguage":"es","potentialAction":[{"@type":"ReadAction","target":["https:\/\/www.newyorkhipknee.com\/es\/indemnizacion-por-accidente-laboral\/directrices-de-tratamiento-medico-mtg\/lesion-de-hombro\/ejercicio-terapeutico\/"]}]},{"@type":"BreadcrumbList","@id":"https:\/\/www.newyorkhipknee.com\/es\/indemnizacion-por-accidente-laboral\/directrices-de-tratamiento-medico-mtg\/lesion-de-hombro\/ejercicio-terapeutico\/#breadcrumb","itemListElement":[{"@type":"ListItem","position":1,"name":"Home","item":"https:\/\/www.newyorkhipknee.com\/es\/"},{"@type":"ListItem","position":2,"name":"Indemnizaci\u00f3n por accidente laboral","item":"https:\/\/www.newyorkhipknee.com\/es\/indemnizacion-por-accidente-laboral\/"},{"@type":"ListItem","position":3,"name":"Directrices de tratamiento m\u00e9dico (MTG)","item":"https:\/\/www.newyorkhipknee.com\/es\/indemnizacion-por-accidente-laboral\/directrices-de-tratamiento-medico-mtg\/"},{"@type":"ListItem","position":4,"name":"Pautas de tratamiento m\u00e9dico del Estado de Nueva York para lesiones de hombro en pacientes con indemnizaciones laborales","item":"https:\/\/www.newyorkhipknee.com\/es\/indemnizacion-por-accidente-laboral\/directrices-de-tratamiento-medico-mtg\/lesion-de-hombro\/"},{"@type":"ListItem","position":5,"name":"Pautas de tratamiento m\u00e9dico del Estado de Nueva York para el ejercicio terap\u00e9utico de lesiones de hombro en pacientes con indemnizaci\u00f3n laboral"}]},{"@type":"WebSite","@id":"https:\/\/www.newyorkhipknee.com\/es\/#website","url":"https:\/\/www.newyorkhipknee.com\/es\/","name":"Best Hip & Knee Surgeon | NY, USA","description":"","potentialAction":[{"@type":"SearchAction","target":{"@type":"EntryPoint","urlTemplate":"https:\/\/www.newyorkhipknee.com\/es\/?s={search_term_string}"},"query-input":{"@type":"PropertyValueSpecification","valueRequired":true,"valueName":"search_term_string"}}],"inLanguage":"es"}]}},"_links":{"self":[{"href":"https:\/\/www.newyorkhipknee.com\/es\/wp-json\/wp\/v2\/pages\/22145","targetHints":{"allow":["GET"]}}],"collection":[{"href":"https:\/\/www.newyorkhipknee.com\/es\/wp-json\/wp\/v2\/pages"}],"about":[{"href":"https:\/\/www.newyorkhipknee.com\/es\/wp-json\/wp\/v2\/types\/page"}],"author":[{"embeddable":true,"href":"https:\/\/www.newyorkhipknee.com\/es\/wp-json\/wp\/v2\/users\/33"}],"replies":[{"embeddable":true,"href":"https:\/\/www.newyorkhipknee.com\/es\/wp-json\/wp\/v2\/comments?post=22145"}],"version-history":[{"count":0,"href":"https:\/\/www.newyorkhipknee.com\/es\/wp-json\/wp\/v2\/pages\/22145\/revisions"}],"up":[{"embeddable":true,"href":"https:\/\/www.newyorkhipknee.com\/es\/wp-json\/wp\/v2\/pages\/22349"}],"wp:attachment":[{"href":"https:\/\/www.newyorkhipknee.com\/es\/wp-json\/wp\/v2\/media?parent=22145"}],"curies":[{"name":"wp","href":"https:\/\/api.w.org\/{rel}","templated":true}]}}