{"id":22147,"date":"2024-01-19T08:49:19","date_gmt":"2024-01-19T13:49:19","guid":{"rendered":"https:\/\/newyorkhipknee.com\/terapias\/"},"modified":"2024-01-30T11:49:01","modified_gmt":"2024-01-30T16:49:01","slug":"terapias","status":"publish","type":"page","link":"https:\/\/www.newyorkhipknee.com\/es\/indemnizacion-por-accidente-laboral\/directrices-de-tratamiento-medico-mtg\/lesion-de-hombro\/terapias\/","title":{"rendered":"Pautas de tratamiento m\u00e9dico del Estado de Nueva York para terapias de hombro en pacientes con indemnizaci\u00f3n por accidente laboral"},"content":{"rendered":"<p>Las directrices establecidas por la Junta de Indemnizaci\u00f3n por Accidentes de Trabajo del Estado de Nueva York tienen por objeto ayudar a los profesionales sanitarios a proporcionar un tratamiento adecuado para las terapias de hombro.<\/p>\n<p>Adaptadas a los profesionales m\u00e9dicos, estas directrices de la Junta de Indemnizaci\u00f3n por Accidentes Laborales ayudan a identificar el nivel adecuado de cuidados para las personas sometidas a terapias de hombro.<\/p>\n<p>Es importante subrayar que estas directrices no sustituyen a los conocimientos cl\u00ednicos ni a la experiencia profesional. La decisi\u00f3n final sobre los cuidados debe ser fruto de la colaboraci\u00f3n entre el paciente y su profesional sanitario.<\/p>\n<p>&nbsp;<\/p>\n<h3>Ejercicio terap\u00e9utico: Rehabilitaci\u00f3n<\/h3>\n<p>La rehabilitaci\u00f3n derivada de una lesi\u00f3n laboral debe centrarse en restablecer la capacidad funcional necesaria para que el paciente pueda reanudar sus actividades cotidianas y laborales y volver al trabajo, con el objetivo de que el trabajador lesionado se aproxime lo m\u00e1s posible a su estado anterior a la lesi\u00f3n. La terapia activa implica esfuerzos internos por parte del paciente para completar ejercicios o tareas espec\u00edficas, mientras que la terapia pasiva consiste en intervenciones que no requieren el esfuerzo del paciente, dependientes de modalidades administradas por un terapeuta.<\/p>\n<p>En general, las intervenciones pasivas se consideran un medio para facilitar el progreso en un programa de terapia activa, que conduce a ganancias funcionales objetivas. Debe hacerse hincapi\u00e9 en las intervenciones activas frente a las pasivas. Se debe aconsejar a los pacientes que contin\u00faen con las terapias activas y pasivas en casa como prolongaci\u00f3n del proceso de tratamiento para mantener los niveles de mejora. Adem\u00e1s, pueden incluirse dispositivos de asistencia en el plan de rehabilitaci\u00f3n como medida complementaria para facilitar las ganancias funcionales.<\/p>\n<p><strong>Terapia activa:<\/strong><\/p>\n<ul>\n<li><strong>Terapia activa<\/strong>\n<ul>\n<li><strong>Terapia F\u00edsica \/ Ocupacional<\/strong>\n<ul>\n<li><strong>Recomendado<\/strong>: para mejorar la funci\u00f3n, incluida la amplitud de movimiento y la fuerza.<\/li>\n<li><strong>Frecuencia\/dosis\/duraci\u00f3n:<\/strong> La frecuencia de las visitas suele individualizarse en funci\u00f3n de la gravedad de la limitaci\u00f3n. Para iniciar un programa de ejercicio suelen realizarse de dos a tres visitas semanales durante dos semanas. El n\u00famero total de visitas puede ser de tan s\u00f3lo dos o tres para pacientes leves o de hasta 12 o 15 con documentaci\u00f3n de una mejora funcional objetiva.<\/li>\n<li>Como parte del plan de rehabilitaci\u00f3n, debe indicarse a los pacientes que contin\u00faen la terapia activa y pasiva en casa como prolongaci\u00f3n del proceso de tratamiento para mantener la mejor\u00eda.<\/li>\n<li><strong>Indicaciones:<\/strong> Todos los pacientes postoperatorios y tratados de forma conservadora.<\/li>\n<li><strong>Indicaciones de interrupci\u00f3n:<\/strong> Resoluci\u00f3n del dolor, intolerancia, falta de eficacia o incumplimiento.<\/li>\n<\/ul>\n<\/li>\n<li><strong>Ejercicio terap\u00e9utico<\/strong>\n<ul>\n<li>Ejercicio terap\u00e9utico en el que el terapeuta instruye al paciente en un programa cl\u00ednico y domiciliario supervisado para aumentar la fuerza de la musculatura de soporte del hombro. Los movimientos y los m\u00fasculos que deben fortalecerse incluyen los rotadores internos y externos del hombro, los abductores y los estabilizadores de la esc\u00e1pula. Inicialmente se realizan ejercicios isom\u00e9tricos, progresando a ejercicios isot\u00f3nicos seg\u00fan la tolerancia.<\/li>\n<li><strong>Recomendado<\/strong> &#8211; en pacientes seleccionados seg\u00fan indicaci\u00f3n cl\u00ednica.<\/li>\n<li><strong>Frecuencia:<\/strong> T\u00edpicamente dos o tres veces\/semana durante ocho a 12 semanas como se indica a continuaci\u00f3n.\n<ul>\n<li><strong>Semanas 1-3:<\/strong> Isom\u00e9tricos en arn\u00e9s.<\/li>\n<li><strong>Semanas 3-8:<\/strong> Ejercicios isot\u00f3nicos progresivos.<\/li>\n<li><strong>Semanas 8-12:<\/strong> Inicie las actividades por encima de la cabeza cuando se haya normalizado la fuerza del manguito de los rotadores y se haya conseguido una elevaci\u00f3n activa completa.<\/li>\n<\/ul>\n<\/li>\n<\/ul>\n<\/li>\n<\/ul>\n<\/li>\n<\/ul>\n<p>&nbsp;<\/p>\n<h2><strong>Terapia: Cuidados de mantenimiento continuo<\/strong><\/h2>\n<p>Un programa de mantenimiento continuo que incluya fisioterapia o terapia ocupacional podr\u00eda estar justificado en circunstancias espec\u00edficas, tras la determinaci\u00f3n de la Mejora M\u00e9dica M\u00e1xima (MMI), especialmente cuando est\u00e9 vinculado a la conservaci\u00f3n del estado funcional.<\/p>\n<ul>\n<li>Aunque las pruebas cient\u00edficas existentes no respaldan universalmente el uso rutinario de esta intervenci\u00f3n, hay situaciones en las que las modalidades de terapia de mantenimiento podr\u00edan considerarse necesarias para mantener el estado funcional. Esto resulta pertinente cuando se ha observado y documentado en la historia cl\u00ednica un deterioro objetivo previo de la funci\u00f3n.<\/li>\n<li>Es esencial identificar metas objetivas espec\u00edficas que puedan medirse para justificar la necesidad continua de cuidados de mantenimiento.<\/li>\n<li>Deben realizarse ensayos sucesivos y progresivamente m\u00e1s largos de retirada terap\u00e9utica para evaluar si los objetivos terap\u00e9uticos pueden mantenerse sin intervenciones cl\u00ednicas.<\/li>\n<li>Durante el primer a\u00f1o, y posteriormente cada a\u00f1o, debe iniciarse un ensayo sin tratamiento de mantenimiento.<\/li>\n<li>La gesti\u00f3n de los s\u00edntomas cr\u00f3nicos del hombro debe incluir un plan de autogesti\u00f3n continuo llevado a cabo regularmente por el paciente. Adem\u00e1s, debe establecerse un plan autodirigido de tratamiento del dolor, que el paciente debe activar si los s\u00edntomas empeoran y la funci\u00f3n disminuye.<\/li>\n<li>Si existe un deterioro documentado de la capacidad para mantener la funci\u00f3n, puede considerarse el restablecimiento del mantenimiento en curso.<\/li>\n<\/ul>\n<p><strong>Frecuencia:<\/strong> La frecuencia m\u00e1xima es de hasta diez visitas al a\u00f1o, tras la determinaci\u00f3n de la MMI, supeditada al mantenimiento objetivamente documentado del estado funcional. No se permite ninguna desviaci\u00f3n de la frecuencia m\u00e1xima. La atenci\u00f3n continuada de mantenimiento es un componente de las recomendaciones de atenci\u00f3n de mantenimiento funcional descritas en las directrices de tratamiento m\u00e9dico del dolor no agudo de Nueva York. Para m\u00e1s informaci\u00f3n, consulte las directrices de tratamiento m\u00e9dico del dolor no agudo de Nueva York.<\/p>\n<p>&nbsp;<\/p>\n<h3><strong>Calor y fr\u00edo superficiales<\/strong><\/h3>\n<p>Las terapias superficiales de calor y fr\u00edo son aplicaciones t\u00e9rmicas empleadas de diversas formas para disminuir o elevar la temperatura de los tejidos corporales. Esto se hace para aliviar el dolor, la inflamaci\u00f3n y\/o el derrame resultantes de una lesi\u00f3n o inducidos por el ejercicio. Puede aplicarse de forma aguda junto con compresi\u00f3n y elevaci\u00f3n. Las indicaciones abarcan el dolor agudo, el edema, la hemorragia, la necesidad de elevar el umbral del dolor, disminuir el espasmo muscular y fomentar el estiramiento\/flexibilidad. Esto puede implicar el uso de unidades port\u00e1tiles de crioterapia. La aplicaci\u00f3n puede realizarse junto con otras terapias activas o autoadministrarse el paciente.<\/p>\n<ul>\n<li><strong>Tiempo para producir efecto:<\/strong> Inmediato.<\/li>\n<li><strong>Frecuencia:<\/strong> De dos a cinco veces por semana.<\/li>\n<li><strong>Duraci\u00f3n \u00f3ptima:<\/strong> Tres semanas como abordaje principal, o hasta dos meses si se utiliza de forma intermitente como complemento de otros procedimientos terap\u00e9uticos, o incluso m\u00e1s tiempo en caso de capsulitis adhesiva. (Consulte la secci\u00f3n D.2, Capsulitis adhesiva.)<\/li>\n<li><strong>Duraci\u00f3n m\u00e1xima:<\/strong> Dos meses.<\/li>\n<\/ul>\n<p>&nbsp;<\/p>\n<h3><strong>Estimulaci\u00f3n nerviosa el\u00e9ctrica transcut\u00e1nea (TENS)<\/strong><\/h3>\n<p>El tratamiento con TENS debe incluir al menos una sesi\u00f3n de instrucci\u00f3n para su correcta aplicaci\u00f3n y uso. Las indicaciones cubren el espasmo muscular, la atrofia y el control del dolor concurrente en la consulta. Los par\u00e1metros esenciales de la unidad TENS deben incluir la frecuencia del pulso, la anchura del pulso y la modulaci\u00f3n de la amplitud. Debe documentarse una mejora funcional constante y mensurable, y la determinaci\u00f3n de la probabilidad de cronicidad debe preceder a la provisi\u00f3n de una unidad domiciliaria. Se recomienda el tratamiento con TENS junto con fisioterapia activa.<\/p>\n<ul>\n<li><strong>Tiempo para producir efecto:<\/strong> Inmediato.<\/li>\n<li><strong>Frecuencia:<\/strong> Variable.<\/li>\n<li><strong>Duraci\u00f3n \u00f3ptima:<\/strong> 3 sesiones.<\/li>\n<li><strong>Duraci\u00f3n m\u00e1xima:<\/strong> 3 sesiones. Adquirir o proporcionar con una unidad dom\u00e9stica si es efectivo.<\/li>\n<\/ul>\n<p>&nbsp;<\/p>\n<h3><strong>Ultrasonidos terap\u00e9uticos con o sin estimulaci\u00f3n el\u00e9ctrica<\/strong><\/h3>\n<p>Los ultrasonidos terap\u00e9uticos con o sin estimulaci\u00f3n el\u00e9ctrica utilizan generadores s\u00f3nicos para suministrar energ\u00eda ac\u00fastica para el tratamiento terap\u00e9utico t\u00e9rmico y\/o no t\u00e9rmico de los tejidos blandos. Las indicaciones abarcan el tejido cicatricial, las adherencias, la fibra de col\u00e1geno, el espasmo muscular y la necesidad de extender el tejido muscular o acelerar la cicatrizaci\u00f3n del tejido blando.<\/p>\n<ul>\n<li><strong>Tiempo para producir efecto:<\/strong> De 6 a 15 tratamientos.<\/li>\n<li><strong>Frecuencia:<\/strong> Tres veces por semana.<\/li>\n<li><strong>Duraci\u00f3n \u00f3ptima:<\/strong> Cuatro semanas, o m\u00e1s en caso de capsulitis adhesiva. (Consulte la secci\u00f3n D.2, Capsulitis adhesiva).<\/li>\n<\/ul>\n<p>&nbsp;<\/p>\n<h3><strong>Modalidad Terap\u00e9utica El\u00e9ctrica<\/strong><\/h3>\n<p>La modalidad terap\u00e9utica el\u00e9ctrica puede utilizarse como complemento para la recuperaci\u00f3n. Para justificar su uso, debe aportarse documentaci\u00f3n relativa a las ganancias funcionales.<\/p>\n<ul>\n<li><strong>Tiempo para producir efecto:<\/strong> De 8 a 12 sesiones.<\/li>\n<li><strong>Frecuencia:<\/strong> Tres veces por semana.<\/li>\n<li><strong>Duraci\u00f3n \u00f3ptima:<\/strong> Cuatro semanas.<\/li>\n<\/ul>\n<p>&nbsp;<\/p>\n<h3><strong>  Vuelta al trabajo<\/strong><\/h3>\n<p>Se puede considerar la vuelta al trabajo, pero con restricciones en cuanto a la actividad por encima de la cabeza, el levantamiento de peso o los movimientos repetitivos con el brazo afectado hasta que el m\u00e9dico de cabecera autorice actividades m\u00e1s pesadas. La determinaci\u00f3n de la tolerancia a la tarea debe individualizarse en funci\u00f3n del diagn\u00f3stico y las exigencias del trabajo en cada caso.<\/p>\n<p>&nbsp;<\/p>\n<div class=\"textwidget\">\n<p>&nbsp;<\/p>\n<\/div>\n","protected":false},"excerpt":{"rendered":"<p>Las directrices establecidas por la Junta de Indemnizaci\u00f3n por Accidentes de Trabajo del Estado de Nueva York tienen por objeto ayudar a los profesionales sanitarios a proporcionar un tratamiento adecuado para las terapias de hombro. Adaptadas a los profesionales m\u00e9dicos, estas directrices de la Junta de Indemnizaci\u00f3n por Accidentes Laborales ayudan a identificar el nivel [&hellip;]<\/p>\n","protected":false},"author":33,"featured_media":0,"parent":22349,"menu_order":0,"comment_status":"closed","ping_status":"closed","template":"","meta":{"_et_pb_use_builder":"","_et_pb_old_content":"","_et_gb_content_width":"","footnotes":""},"class_list":["post-22147","page","type-page","status-publish","hentry"],"yoast_head":"<!-- This site is optimized with the Yoast SEO plugin v27.2 - https:\/\/yoast.com\/product\/yoast-seo-wordpress\/ -->\n<title>Pautas de tratamiento m\u00e9dico del Estado de Nueva York para terapias de hombro en pacientes con indemnizaci\u00f3n por accidente laboral | Best Hip &amp; Knee Surgeon | NY, USA<\/title>\n<meta name=\"description\" content=\"Las directrices establecidas por la Junta de Indemnizaci\u00f3n por Accidentes de Trabajo del Estado de Nueva York tienen por objeto ayudar a los profesionales\" \/>\n<meta name=\"robots\" content=\"index, follow, max-snippet:-1, max-image-preview:large, max-video-preview:-1\" \/>\n<link rel=\"canonical\" href=\"https:\/\/www.newyorkhipknee.com\/es\/indemnizacion-por-accidente-laboral\/directrices-de-tratamiento-medico-mtg\/lesion-de-hombro\/terapias\/\" \/>\n<meta property=\"og:locale\" content=\"es_ES\" \/>\n<meta property=\"og:type\" content=\"article\" \/>\n<meta property=\"og:title\" content=\"Pautas de tratamiento m\u00e9dico del Estado de Nueva York para terapias de hombro en pacientes con indemnizaci\u00f3n por accidente laboral | Best Hip &amp; Knee Surgeon | NY, USA\" \/>\n<meta property=\"og:description\" content=\"Las directrices establecidas por la Junta de Indemnizaci\u00f3n por Accidentes de Trabajo del Estado de Nueva York tienen por objeto ayudar a los profesionales\" \/>\n<meta property=\"og:url\" content=\"https:\/\/www.newyorkhipknee.com\/es\/indemnizacion-por-accidente-laboral\/directrices-de-tratamiento-medico-mtg\/lesion-de-hombro\/terapias\/\" \/>\n<meta property=\"og:site_name\" content=\"Best Hip &amp; Knee Surgeon | NY, USA\" \/>\n<meta property=\"article:modified_time\" content=\"2024-01-30T16:49:01+00:00\" \/>\n<meta name=\"twitter:card\" content=\"summary_large_image\" \/>\n<meta name=\"twitter:label1\" content=\"Tiempo de lectura\" \/>\n\t<meta name=\"twitter:data1\" content=\"7 minutos\" \/>\n<script type=\"application\/ld+json\" class=\"yoast-schema-graph\">{\"@context\":\"https:\/\/schema.org\",\"@graph\":[{\"@type\":[\"WebPage\",\"MedicalWebPage\"],\"@id\":\"https:\/\/www.newyorkhipknee.com\/es\/indemnizacion-por-accidente-laboral\/directrices-de-tratamiento-medico-mtg\/lesion-de-hombro\/terapias\/\",\"url\":\"https:\/\/www.newyorkhipknee.com\/es\/indemnizacion-por-accidente-laboral\/directrices-de-tratamiento-medico-mtg\/lesion-de-hombro\/terapias\/\",\"name\":\"Pautas de tratamiento m\u00e9dico del Estado de Nueva York para terapias de hombro en pacientes con indemnizaci\u00f3n por accidente laboral | Best Hip &amp; Knee Surgeon | NY, USA\",\"isPartOf\":{\"@id\":\"https:\/\/www.newyorkhipknee.com\/es\/#website\"},\"datePublished\":\"2024-01-19T13:49:19+00:00\",\"dateModified\":\"2024-01-30T16:49:01+00:00\",\"description\":\"Las directrices establecidas por la Junta de Indemnizaci\u00f3n por Accidentes de Trabajo del Estado de Nueva York tienen por objeto ayudar a los profesionales\",\"breadcrumb\":{\"@id\":\"https:\/\/www.newyorkhipknee.com\/es\/indemnizacion-por-accidente-laboral\/directrices-de-tratamiento-medico-mtg\/lesion-de-hombro\/terapias\/#breadcrumb\"},\"inLanguage\":\"es\",\"potentialAction\":[{\"@type\":\"ReadAction\",\"target\":[\"https:\/\/www.newyorkhipknee.com\/es\/indemnizacion-por-accidente-laboral\/directrices-de-tratamiento-medico-mtg\/lesion-de-hombro\/terapias\/\"]}]},{\"@type\":\"BreadcrumbList\",\"@id\":\"https:\/\/www.newyorkhipknee.com\/es\/indemnizacion-por-accidente-laboral\/directrices-de-tratamiento-medico-mtg\/lesion-de-hombro\/terapias\/#breadcrumb\",\"itemListElement\":[{\"@type\":\"ListItem\",\"position\":1,\"name\":\"Home\",\"item\":\"https:\/\/www.newyorkhipknee.com\/es\/\"},{\"@type\":\"ListItem\",\"position\":2,\"name\":\"Indemnizaci\u00f3n por accidente laboral\",\"item\":\"https:\/\/www.newyorkhipknee.com\/es\/indemnizacion-por-accidente-laboral\/\"},{\"@type\":\"ListItem\",\"position\":3,\"name\":\"Directrices de tratamiento m\u00e9dico (MTG)\",\"item\":\"https:\/\/www.newyorkhipknee.com\/es\/indemnizacion-por-accidente-laboral\/directrices-de-tratamiento-medico-mtg\/\"},{\"@type\":\"ListItem\",\"position\":4,\"name\":\"Pautas de tratamiento m\u00e9dico del Estado de Nueva York para lesiones de hombro en pacientes con indemnizaciones laborales\",\"item\":\"https:\/\/www.newyorkhipknee.com\/es\/indemnizacion-por-accidente-laboral\/directrices-de-tratamiento-medico-mtg\/lesion-de-hombro\/\"},{\"@type\":\"ListItem\",\"position\":5,\"name\":\"Pautas de tratamiento m\u00e9dico del Estado de Nueva York para terapias de hombro en pacientes con indemnizaci\u00f3n por accidente laboral\"}]},{\"@type\":\"WebSite\",\"@id\":\"https:\/\/www.newyorkhipknee.com\/es\/#website\",\"url\":\"https:\/\/www.newyorkhipknee.com\/es\/\",\"name\":\"Best Hip & Knee Surgeon | NY, USA\",\"description\":\"\",\"potentialAction\":[{\"@type\":\"SearchAction\",\"target\":{\"@type\":\"EntryPoint\",\"urlTemplate\":\"https:\/\/www.newyorkhipknee.com\/es\/?s={search_term_string}\"},\"query-input\":{\"@type\":\"PropertyValueSpecification\",\"valueRequired\":true,\"valueName\":\"search_term_string\"}}],\"inLanguage\":\"es\"}]}<\/script>\n<!-- \/ Yoast SEO plugin. -->","yoast_head_json":{"title":"Pautas de tratamiento m\u00e9dico del Estado de Nueva York para terapias de hombro en pacientes con indemnizaci\u00f3n por accidente laboral | Best Hip &amp; Knee Surgeon | NY, USA","description":"Las directrices establecidas por la Junta de Indemnizaci\u00f3n por Accidentes de Trabajo del Estado de Nueva York tienen por objeto ayudar a los profesionales","robots":{"index":"index","follow":"follow","max-snippet":"max-snippet:-1","max-image-preview":"max-image-preview:large","max-video-preview":"max-video-preview:-1"},"canonical":"https:\/\/www.newyorkhipknee.com\/es\/indemnizacion-por-accidente-laboral\/directrices-de-tratamiento-medico-mtg\/lesion-de-hombro\/terapias\/","og_locale":"es_ES","og_type":"article","og_title":"Pautas de tratamiento m\u00e9dico del Estado de Nueva York para terapias de hombro en pacientes con indemnizaci\u00f3n por accidente laboral | Best Hip &amp; Knee Surgeon | NY, USA","og_description":"Las directrices establecidas por la Junta de Indemnizaci\u00f3n por Accidentes de Trabajo del Estado de Nueva York tienen por objeto ayudar a los profesionales","og_url":"https:\/\/www.newyorkhipknee.com\/es\/indemnizacion-por-accidente-laboral\/directrices-de-tratamiento-medico-mtg\/lesion-de-hombro\/terapias\/","og_site_name":"Best Hip &amp; Knee Surgeon | NY, USA","article_modified_time":"2024-01-30T16:49:01+00:00","twitter_card":"summary_large_image","twitter_misc":{"Tiempo de lectura":"7 minutos"},"schema":{"@context":"https:\/\/schema.org","@graph":[{"@type":["WebPage","MedicalWebPage"],"@id":"https:\/\/www.newyorkhipknee.com\/es\/indemnizacion-por-accidente-laboral\/directrices-de-tratamiento-medico-mtg\/lesion-de-hombro\/terapias\/","url":"https:\/\/www.newyorkhipknee.com\/es\/indemnizacion-por-accidente-laboral\/directrices-de-tratamiento-medico-mtg\/lesion-de-hombro\/terapias\/","name":"Pautas de tratamiento m\u00e9dico del Estado de Nueva York para terapias de hombro en pacientes con indemnizaci\u00f3n por accidente laboral | Best Hip &amp; Knee Surgeon | NY, USA","isPartOf":{"@id":"https:\/\/www.newyorkhipknee.com\/es\/#website"},"datePublished":"2024-01-19T13:49:19+00:00","dateModified":"2024-01-30T16:49:01+00:00","description":"Las directrices establecidas por la Junta de Indemnizaci\u00f3n por Accidentes de Trabajo del Estado de Nueva York tienen por objeto ayudar a los profesionales","breadcrumb":{"@id":"https:\/\/www.newyorkhipknee.com\/es\/indemnizacion-por-accidente-laboral\/directrices-de-tratamiento-medico-mtg\/lesion-de-hombro\/terapias\/#breadcrumb"},"inLanguage":"es","potentialAction":[{"@type":"ReadAction","target":["https:\/\/www.newyorkhipknee.com\/es\/indemnizacion-por-accidente-laboral\/directrices-de-tratamiento-medico-mtg\/lesion-de-hombro\/terapias\/"]}]},{"@type":"BreadcrumbList","@id":"https:\/\/www.newyorkhipknee.com\/es\/indemnizacion-por-accidente-laboral\/directrices-de-tratamiento-medico-mtg\/lesion-de-hombro\/terapias\/#breadcrumb","itemListElement":[{"@type":"ListItem","position":1,"name":"Home","item":"https:\/\/www.newyorkhipknee.com\/es\/"},{"@type":"ListItem","position":2,"name":"Indemnizaci\u00f3n por accidente laboral","item":"https:\/\/www.newyorkhipknee.com\/es\/indemnizacion-por-accidente-laboral\/"},{"@type":"ListItem","position":3,"name":"Directrices de tratamiento m\u00e9dico (MTG)","item":"https:\/\/www.newyorkhipknee.com\/es\/indemnizacion-por-accidente-laboral\/directrices-de-tratamiento-medico-mtg\/"},{"@type":"ListItem","position":4,"name":"Pautas de tratamiento m\u00e9dico del Estado de Nueva York para lesiones de hombro en pacientes con indemnizaciones laborales","item":"https:\/\/www.newyorkhipknee.com\/es\/indemnizacion-por-accidente-laboral\/directrices-de-tratamiento-medico-mtg\/lesion-de-hombro\/"},{"@type":"ListItem","position":5,"name":"Pautas de tratamiento m\u00e9dico del Estado de Nueva York para terapias de hombro en pacientes con indemnizaci\u00f3n por accidente laboral"}]},{"@type":"WebSite","@id":"https:\/\/www.newyorkhipknee.com\/es\/#website","url":"https:\/\/www.newyorkhipknee.com\/es\/","name":"Best Hip & Knee Surgeon | NY, USA","description":"","potentialAction":[{"@type":"SearchAction","target":{"@type":"EntryPoint","urlTemplate":"https:\/\/www.newyorkhipknee.com\/es\/?s={search_term_string}"},"query-input":{"@type":"PropertyValueSpecification","valueRequired":true,"valueName":"search_term_string"}}],"inLanguage":"es"}]}},"_links":{"self":[{"href":"https:\/\/www.newyorkhipknee.com\/es\/wp-json\/wp\/v2\/pages\/22147","targetHints":{"allow":["GET"]}}],"collection":[{"href":"https:\/\/www.newyorkhipknee.com\/es\/wp-json\/wp\/v2\/pages"}],"about":[{"href":"https:\/\/www.newyorkhipknee.com\/es\/wp-json\/wp\/v2\/types\/page"}],"author":[{"embeddable":true,"href":"https:\/\/www.newyorkhipknee.com\/es\/wp-json\/wp\/v2\/users\/33"}],"replies":[{"embeddable":true,"href":"https:\/\/www.newyorkhipknee.com\/es\/wp-json\/wp\/v2\/comments?post=22147"}],"version-history":[{"count":0,"href":"https:\/\/www.newyorkhipknee.com\/es\/wp-json\/wp\/v2\/pages\/22147\/revisions"}],"up":[{"embeddable":true,"href":"https:\/\/www.newyorkhipknee.com\/es\/wp-json\/wp\/v2\/pages\/22349"}],"wp:attachment":[{"href":"https:\/\/www.newyorkhipknee.com\/es\/wp-json\/wp\/v2\/media?parent=22147"}],"curies":[{"name":"wp","href":"https:\/\/api.w.org\/{rel}","templated":true}]}}