{"id":22149,"date":"2024-01-05T12:27:21","date_gmt":"2024-01-05T17:27:21","guid":{"rendered":"https:\/\/newyorkhipknee.com\/fracturas-agudas-y-luxaciones\/"},"modified":"2024-01-30T11:52:55","modified_gmt":"2024-01-30T16:52:55","slug":"fracturas-agudas-y-luxaciones","status":"publish","type":"page","link":"https:\/\/www.newyorkhipknee.com\/es\/indemnizacion-por-accidente-laboral\/directrices-de-tratamiento-medico-mtg\/lesion-en-el-cuello\/procedimientos-terapeuticos-operativos-2\/fracturas-agudas-y-luxaciones\/","title":{"rendered":"Pautas de tratamiento m\u00e9dico del Estado de Nueva York para pacientesFracturas y luxaciones agudas en la compensaci\u00f3n de trabajadores"},"content":{"rendered":"<p>Las directrices establecidas por la Junta de Indemnizaci\u00f3n por Accidentes de Trabajo del Estado de Nueva York est\u00e1n dise\u00f1adas para ayudar a los profesionales sanitarios en el tratamiento de las fracturas y luxaciones agudas. Estas directrices tienen por objeto ayudar a los m\u00e9dicos y profesionales sanitarios a determinar el tratamiento adecuado para las personas que sufren fracturas o luxaciones agudas.<\/p>\n<p>Los profesionales sanitarios especializados en la atenci\u00f3n de fracturas y luxaciones agudas pueden confiar en la orientaci\u00f3n proporcionada por la Junta de Indemnizaci\u00f3n por Accidentes de Trabajo para tomar decisiones bien informadas sobre el nivel de atenci\u00f3n m\u00e1s adecuado para sus pacientes.<\/p>\n<p>Es importante subrayar que estas directrices no pretenden sustituir el juicio cl\u00ednico ni la experiencia profesional. La decisi\u00f3n final sobre la atenci\u00f3n de las fracturas y luxaciones agudas debe implicar la colaboraci\u00f3n entre el paciente y su profesional sanitario.<\/p>\n<p>La decisi\u00f3n sobre si es necesaria la cirug\u00eda en las lesiones traum\u00e1ticas agudas depende del tipo de lesi\u00f3n y del potencial de da\u00f1o neurol\u00f3gico a largo plazo. Las lesiones traum\u00e1ticas pueden provocar hernias discales agudas.<\/p>\n<p>&nbsp;<\/p>\n<h3>Inmovilizaci\u00f3n del halo<\/h3>\n<p><strong>Descripci\u00f3n:<\/strong> Esta intervenci\u00f3n restringe el movimiento de flexi\u00f3n-extensi\u00f3n, y el chaleco halo proporciona un control rotacional significativo pero no completo. Puede ser eficaz para tratar lesiones inestables de la columna cervical.<br \/>\nComplicaciones: Entre las posibles complicaciones se incluyen la infecci\u00f3n del clavo, el aflojamiento del clavo y la par\u00e1lisis del sexto nervio craneal.<\/p>\n<p><strong>Indicaciones quir\u00fargicas:<\/strong> Se utiliza en casos de fracturas cervicales que requieren una restricci\u00f3n casi completa del control rotacional. Ayuda a evitar el desplazamiento del injerto, la mala alineaci\u00f3n de la columna vertebral o la pseudoartrosis. La decisi\u00f3n de utilizar un halo queda a discreci\u00f3n del cirujano en funci\u00f3n de la lesi\u00f3n espec\u00edfica del paciente.<br \/>\nTratamiento quir\u00fargico: Consiste en colocar los clavos y los aparatos<\/p>\n<p><strong>Cuidados postoperatorios:<\/strong> Esto puede incluir tracci\u00f3n para realineaci\u00f3n y\/o reducci\u00f3n de fracturas (cantidad determinada por el cirujano), terapia activa y\/o pasiva, y cuidado de clavos.<\/p>\n<p>&nbsp;<\/p>\n<h3>Descompresi\u00f3n anterior y\/o posterior con fusi\u00f3n:<\/h3>\n<p><strong>Descripci\u00f3n:<\/strong> Este procedimiento tiene como objetivo aliviar la presi\u00f3n sobre la m\u00e9dula espinal cervical y las ra\u00edces nerviosas, a la vez que se centra en alinear y estabilizar la columna vertebral. Puede implicar el uso de injertos \u00f3seos, a menudo junto con instrumentaci\u00f3n espinal, para crear una conexi\u00f3n firme entre dos o m\u00e1s v\u00e9rtebras adyacentes.<br \/>\nComplicaciones: Las posibles complicaciones incluyen fallos en la instrumentaci\u00f3n, como aflojamiento de tornillos, fallo de la placa o desprendimiento, dolor en la zona donante del injerto \u00f3seo, mortalidad intrahospitalaria, infecci\u00f3n profunda de la herida, infecci\u00f3n superficial, extrusi\u00f3n del injerto, fuga de l\u00edquido cefalorraqu\u00eddeo (LCR), lesi\u00f3n del nervio lar\u00edngeo (con el abordaje anterior), par\u00e1lisis y cifosis iatrog\u00e9nica.<\/p>\n<p><strong>Indicaciones quir\u00fargicas<\/strong>: Este procedimiento se recomienda cuando existe un d\u00e9ficit neurol\u00f3gico significativo o progresivo junto con compromiso del canal espinal y\/o inestabilidad espinal.<br \/>\nTratamiento quir\u00fargico: La descompresi\u00f3n quir\u00fargica anterior y\/o posterior de la columna cervical est\u00e1 ampliamente aceptada. La elecci\u00f3n se gu\u00eda por la localizaci\u00f3n de la patolog\u00eda compresiva y la presencia de otras lesiones concurrentes.<\/p>\n<p><strong>Cuidados postoperatorios:<\/strong> En el postoperatorio puede ser necesario el uso de cors\u00e9 cervical, fisioterapia y terapia ocupacional (normalmente de 6 a 12 semanas con fusi\u00f3n). La rehabilitaci\u00f3n precoz debe incluir programas domiciliarios con instrucciones sobre actividades de la vida diaria, sedestaci\u00f3n, postura y un r\u00e9gimen diario de marcha. La derivaci\u00f3n a un programa de rehabilitaci\u00f3n formal, que haga hincapi\u00e9 en el fortalecimiento cervical, escapular y tor\u00e1cico, y en el restablecimiento de la amplitud de movimiento, es adecuada una vez que la fusi\u00f3n es s\u00f3lida y sin complicaciones. A menudo puede ser necesario repetir el tratamiento activo, al que los pacientes deber\u00edan haberse sometido antes de la intervenci\u00f3n quir\u00fargica. Los objetivos del programa terap\u00e9utico deben incluir la instrucci\u00f3n del paciente en un r\u00e9gimen de ejercicios domiciliarios a largo plazo.<\/p>\n","protected":false},"excerpt":{"rendered":"<p>Las directrices establecidas por la Junta de Indemnizaci\u00f3n por Accidentes de Trabajo del Estado de Nueva York est\u00e1n dise\u00f1adas para ayudar a los profesionales sanitarios en el tratamiento de las fracturas y luxaciones agudas. Estas directrices tienen por objeto ayudar a los m\u00e9dicos y profesionales sanitarios a determinar el tratamiento adecuado para las personas que [&hellip;]<\/p>\n","protected":false},"author":33,"featured_media":0,"parent":22209,"menu_order":0,"comment_status":"closed","ping_status":"closed","template":"","meta":{"_et_pb_use_builder":"","_et_pb_old_content":"","_et_gb_content_width":"","footnotes":""},"class_list":["post-22149","page","type-page","status-publish","hentry"],"yoast_head":"<!-- This site is optimized with the Yoast SEO plugin v27.2 - https:\/\/yoast.com\/product\/yoast-seo-wordpress\/ -->\n<title>Pautas de tratamiento m\u00e9dico del Estado de Nueva York para pacientesFracturas y luxaciones agudas en la compensaci\u00f3n de trabajadores | Best Hip &amp; Knee Surgeon | NY, USA<\/title>\n<meta name=\"description\" content=\"Las directrices establecidas por la Junta de Indemnizaci\u00f3n por Accidentes de Trabajo del Estado de Nueva York est\u00e1n dise\u00f1adas para ayudar a los\" \/>\n<meta name=\"robots\" content=\"index, follow, max-snippet:-1, max-image-preview:large, max-video-preview:-1\" \/>\n<link rel=\"canonical\" href=\"https:\/\/www.newyorkhipknee.com\/es\/indemnizacion-por-accidente-laboral\/directrices-de-tratamiento-medico-mtg\/lesion-en-el-cuello\/procedimientos-terapeuticos-operativos-2\/fracturas-agudas-y-luxaciones\/\" \/>\n<meta property=\"og:locale\" content=\"es_ES\" \/>\n<meta property=\"og:type\" content=\"article\" \/>\n<meta property=\"og:title\" content=\"Pautas de tratamiento m\u00e9dico del Estado de Nueva York para pacientesFracturas y luxaciones agudas en la compensaci\u00f3n de trabajadores | Best Hip &amp; Knee Surgeon | NY, USA\" \/>\n<meta property=\"og:description\" content=\"Las directrices establecidas por la Junta de Indemnizaci\u00f3n por Accidentes de Trabajo del Estado de Nueva York est\u00e1n dise\u00f1adas para ayudar a los\" \/>\n<meta property=\"og:url\" content=\"https:\/\/www.newyorkhipknee.com\/es\/indemnizacion-por-accidente-laboral\/directrices-de-tratamiento-medico-mtg\/lesion-en-el-cuello\/procedimientos-terapeuticos-operativos-2\/fracturas-agudas-y-luxaciones\/\" \/>\n<meta property=\"og:site_name\" content=\"Best Hip &amp; Knee Surgeon | NY, USA\" \/>\n<meta property=\"article:modified_time\" content=\"2024-01-30T16:52:55+00:00\" \/>\n<meta name=\"twitter:card\" content=\"summary_large_image\" \/>\n<meta name=\"twitter:label1\" content=\"Tiempo de lectura\" \/>\n\t<meta name=\"twitter:data1\" content=\"4 minutos\" \/>\n<script type=\"application\/ld+json\" class=\"yoast-schema-graph\">{\"@context\":\"https:\/\/schema.org\",\"@graph\":[{\"@type\":[\"WebPage\",\"MedicalWebPage\"],\"@id\":\"https:\/\/www.newyorkhipknee.com\/es\/indemnizacion-por-accidente-laboral\/directrices-de-tratamiento-medico-mtg\/lesion-en-el-cuello\/procedimientos-terapeuticos-operativos-2\/fracturas-agudas-y-luxaciones\/\",\"url\":\"https:\/\/www.newyorkhipknee.com\/es\/indemnizacion-por-accidente-laboral\/directrices-de-tratamiento-medico-mtg\/lesion-en-el-cuello\/procedimientos-terapeuticos-operativos-2\/fracturas-agudas-y-luxaciones\/\",\"name\":\"Pautas de tratamiento m\u00e9dico del Estado de Nueva York para pacientesFracturas y luxaciones agudas en la compensaci\u00f3n de trabajadores | Best Hip &amp; Knee Surgeon | NY, USA\",\"isPartOf\":{\"@id\":\"https:\/\/www.newyorkhipknee.com\/es\/#website\"},\"datePublished\":\"2024-01-05T17:27:21+00:00\",\"dateModified\":\"2024-01-30T16:52:55+00:00\",\"description\":\"Las directrices establecidas por la Junta de Indemnizaci\u00f3n por Accidentes de Trabajo del Estado de Nueva York est\u00e1n dise\u00f1adas para ayudar a los\",\"breadcrumb\":{\"@id\":\"https:\/\/www.newyorkhipknee.com\/es\/indemnizacion-por-accidente-laboral\/directrices-de-tratamiento-medico-mtg\/lesion-en-el-cuello\/procedimientos-terapeuticos-operativos-2\/fracturas-agudas-y-luxaciones\/#breadcrumb\"},\"inLanguage\":\"es\",\"potentialAction\":[{\"@type\":\"ReadAction\",\"target\":[\"https:\/\/www.newyorkhipknee.com\/es\/indemnizacion-por-accidente-laboral\/directrices-de-tratamiento-medico-mtg\/lesion-en-el-cuello\/procedimientos-terapeuticos-operativos-2\/fracturas-agudas-y-luxaciones\/\"]}]},{\"@type\":\"BreadcrumbList\",\"@id\":\"https:\/\/www.newyorkhipknee.com\/es\/indemnizacion-por-accidente-laboral\/directrices-de-tratamiento-medico-mtg\/lesion-en-el-cuello\/procedimientos-terapeuticos-operativos-2\/fracturas-agudas-y-luxaciones\/#breadcrumb\",\"itemListElement\":[{\"@type\":\"ListItem\",\"position\":1,\"name\":\"Home\",\"item\":\"https:\/\/www.newyorkhipknee.com\/es\/\"},{\"@type\":\"ListItem\",\"position\":2,\"name\":\"Indemnizaci\u00f3n por accidente laboral\",\"item\":\"https:\/\/www.newyorkhipknee.com\/es\/indemnizacion-por-accidente-laboral\/\"},{\"@type\":\"ListItem\",\"position\":3,\"name\":\"Directrices de tratamiento m\u00e9dico (MTG)\",\"item\":\"https:\/\/www.newyorkhipknee.com\/es\/indemnizacion-por-accidente-laboral\/directrices-de-tratamiento-medico-mtg\/\"},{\"@type\":\"ListItem\",\"position\":4,\"name\":\"Pautas de tratamiento m\u00e9dico del Estado de Nueva York para lesiones cervicales en pacientes con indemnizaci\u00f3n por accidente laboral\",\"item\":\"https:\/\/www.newyorkhipknee.com\/es\/indemnizacion-por-accidente-laboral\/directrices-de-tratamiento-medico-mtg\/lesion-en-el-cuello\/\"},{\"@type\":\"ListItem\",\"position\":5,\"name\":\"Procedimientos terap\u00e9uticos: Operativos\",\"item\":\"https:\/\/www.newyorkhipknee.com\/es\/indemnizacion-por-accidente-laboral\/directrices-de-tratamiento-medico-mtg\/lesion-en-el-cuello\/procedimientos-terapeuticos-operativos-2\/\"},{\"@type\":\"ListItem\",\"position\":6,\"name\":\"Pautas de tratamiento m\u00e9dico del Estado de Nueva York para pacientesFracturas y luxaciones agudas en la compensaci\u00f3n de trabajadores\"}]},{\"@type\":\"WebSite\",\"@id\":\"https:\/\/www.newyorkhipknee.com\/es\/#website\",\"url\":\"https:\/\/www.newyorkhipknee.com\/es\/\",\"name\":\"Best Hip & Knee Surgeon | NY, USA\",\"description\":\"\",\"potentialAction\":[{\"@type\":\"SearchAction\",\"target\":{\"@type\":\"EntryPoint\",\"urlTemplate\":\"https:\/\/www.newyorkhipknee.com\/es\/?s={search_term_string}\"},\"query-input\":{\"@type\":\"PropertyValueSpecification\",\"valueRequired\":true,\"valueName\":\"search_term_string\"}}],\"inLanguage\":\"es\"}]}<\/script>\n<!-- \/ Yoast SEO plugin. -->","yoast_head_json":{"title":"Pautas de tratamiento m\u00e9dico del Estado de Nueva York para pacientesFracturas y luxaciones agudas en la compensaci\u00f3n de trabajadores | Best Hip &amp; Knee Surgeon | NY, USA","description":"Las directrices establecidas por la Junta de Indemnizaci\u00f3n por Accidentes de Trabajo del Estado de Nueva York est\u00e1n dise\u00f1adas para ayudar a los","robots":{"index":"index","follow":"follow","max-snippet":"max-snippet:-1","max-image-preview":"max-image-preview:large","max-video-preview":"max-video-preview:-1"},"canonical":"https:\/\/www.newyorkhipknee.com\/es\/indemnizacion-por-accidente-laboral\/directrices-de-tratamiento-medico-mtg\/lesion-en-el-cuello\/procedimientos-terapeuticos-operativos-2\/fracturas-agudas-y-luxaciones\/","og_locale":"es_ES","og_type":"article","og_title":"Pautas de tratamiento m\u00e9dico del Estado de Nueva York para pacientesFracturas y luxaciones agudas en la compensaci\u00f3n de trabajadores | Best Hip &amp; Knee Surgeon | NY, USA","og_description":"Las directrices establecidas por la Junta de Indemnizaci\u00f3n por Accidentes de Trabajo del Estado de Nueva York est\u00e1n dise\u00f1adas para ayudar a los","og_url":"https:\/\/www.newyorkhipknee.com\/es\/indemnizacion-por-accidente-laboral\/directrices-de-tratamiento-medico-mtg\/lesion-en-el-cuello\/procedimientos-terapeuticos-operativos-2\/fracturas-agudas-y-luxaciones\/","og_site_name":"Best Hip &amp; Knee Surgeon | NY, USA","article_modified_time":"2024-01-30T16:52:55+00:00","twitter_card":"summary_large_image","twitter_misc":{"Tiempo de lectura":"4 minutos"},"schema":{"@context":"https:\/\/schema.org","@graph":[{"@type":["WebPage","MedicalWebPage"],"@id":"https:\/\/www.newyorkhipknee.com\/es\/indemnizacion-por-accidente-laboral\/directrices-de-tratamiento-medico-mtg\/lesion-en-el-cuello\/procedimientos-terapeuticos-operativos-2\/fracturas-agudas-y-luxaciones\/","url":"https:\/\/www.newyorkhipknee.com\/es\/indemnizacion-por-accidente-laboral\/directrices-de-tratamiento-medico-mtg\/lesion-en-el-cuello\/procedimientos-terapeuticos-operativos-2\/fracturas-agudas-y-luxaciones\/","name":"Pautas de tratamiento m\u00e9dico del Estado de Nueva York para pacientesFracturas y luxaciones agudas en la compensaci\u00f3n de trabajadores | Best Hip &amp; Knee Surgeon | NY, USA","isPartOf":{"@id":"https:\/\/www.newyorkhipknee.com\/es\/#website"},"datePublished":"2024-01-05T17:27:21+00:00","dateModified":"2024-01-30T16:52:55+00:00","description":"Las directrices establecidas por la Junta de Indemnizaci\u00f3n por Accidentes de Trabajo del Estado de Nueva York est\u00e1n dise\u00f1adas para ayudar a los","breadcrumb":{"@id":"https:\/\/www.newyorkhipknee.com\/es\/indemnizacion-por-accidente-laboral\/directrices-de-tratamiento-medico-mtg\/lesion-en-el-cuello\/procedimientos-terapeuticos-operativos-2\/fracturas-agudas-y-luxaciones\/#breadcrumb"},"inLanguage":"es","potentialAction":[{"@type":"ReadAction","target":["https:\/\/www.newyorkhipknee.com\/es\/indemnizacion-por-accidente-laboral\/directrices-de-tratamiento-medico-mtg\/lesion-en-el-cuello\/procedimientos-terapeuticos-operativos-2\/fracturas-agudas-y-luxaciones\/"]}]},{"@type":"BreadcrumbList","@id":"https:\/\/www.newyorkhipknee.com\/es\/indemnizacion-por-accidente-laboral\/directrices-de-tratamiento-medico-mtg\/lesion-en-el-cuello\/procedimientos-terapeuticos-operativos-2\/fracturas-agudas-y-luxaciones\/#breadcrumb","itemListElement":[{"@type":"ListItem","position":1,"name":"Home","item":"https:\/\/www.newyorkhipknee.com\/es\/"},{"@type":"ListItem","position":2,"name":"Indemnizaci\u00f3n por accidente laboral","item":"https:\/\/www.newyorkhipknee.com\/es\/indemnizacion-por-accidente-laboral\/"},{"@type":"ListItem","position":3,"name":"Directrices de tratamiento m\u00e9dico (MTG)","item":"https:\/\/www.newyorkhipknee.com\/es\/indemnizacion-por-accidente-laboral\/directrices-de-tratamiento-medico-mtg\/"},{"@type":"ListItem","position":4,"name":"Pautas de tratamiento m\u00e9dico del Estado de Nueva York para lesiones cervicales en pacientes con indemnizaci\u00f3n por accidente laboral","item":"https:\/\/www.newyorkhipknee.com\/es\/indemnizacion-por-accidente-laboral\/directrices-de-tratamiento-medico-mtg\/lesion-en-el-cuello\/"},{"@type":"ListItem","position":5,"name":"Procedimientos terap\u00e9uticos: Operativos","item":"https:\/\/www.newyorkhipknee.com\/es\/indemnizacion-por-accidente-laboral\/directrices-de-tratamiento-medico-mtg\/lesion-en-el-cuello\/procedimientos-terapeuticos-operativos-2\/"},{"@type":"ListItem","position":6,"name":"Pautas de tratamiento m\u00e9dico del Estado de Nueva York para pacientesFracturas y luxaciones agudas en la compensaci\u00f3n de trabajadores"}]},{"@type":"WebSite","@id":"https:\/\/www.newyorkhipknee.com\/es\/#website","url":"https:\/\/www.newyorkhipknee.com\/es\/","name":"Best Hip & Knee Surgeon | NY, USA","description":"","potentialAction":[{"@type":"SearchAction","target":{"@type":"EntryPoint","urlTemplate":"https:\/\/www.newyorkhipknee.com\/es\/?s={search_term_string}"},"query-input":{"@type":"PropertyValueSpecification","valueRequired":true,"valueName":"search_term_string"}}],"inLanguage":"es"}]}},"_links":{"self":[{"href":"https:\/\/www.newyorkhipknee.com\/es\/wp-json\/wp\/v2\/pages\/22149","targetHints":{"allow":["GET"]}}],"collection":[{"href":"https:\/\/www.newyorkhipknee.com\/es\/wp-json\/wp\/v2\/pages"}],"about":[{"href":"https:\/\/www.newyorkhipknee.com\/es\/wp-json\/wp\/v2\/types\/page"}],"author":[{"embeddable":true,"href":"https:\/\/www.newyorkhipknee.com\/es\/wp-json\/wp\/v2\/users\/33"}],"replies":[{"embeddable":true,"href":"https:\/\/www.newyorkhipknee.com\/es\/wp-json\/wp\/v2\/comments?post=22149"}],"version-history":[{"count":0,"href":"https:\/\/www.newyorkhipknee.com\/es\/wp-json\/wp\/v2\/pages\/22149\/revisions"}],"up":[{"embeddable":true,"href":"https:\/\/www.newyorkhipknee.com\/es\/wp-json\/wp\/v2\/pages\/22209"}],"wp:attachment":[{"href":"https:\/\/www.newyorkhipknee.com\/es\/wp-json\/wp\/v2\/media?parent=22149"}],"curies":[{"name":"wp","href":"https:\/\/api.w.org\/{rel}","templated":true}]}}