{"id":22155,"date":"2024-01-19T16:59:06","date_gmt":"2024-01-19T21:59:06","guid":{"rendered":"https:\/\/newyorkhipknee.com\/osteoartritis-agravada\/"},"modified":"2024-01-30T11:23:48","modified_gmt":"2024-01-30T16:23:48","slug":"osteoartritis-agravada","status":"publish","type":"page","link":"https:\/\/www.newyorkhipknee.com\/es\/indemnizacion-por-accidente-laboral\/directrices-de-tratamiento-medico-mtg\/lesion-de-rodilla\/osteoartritis-agravada\/","title":{"rendered":"Pautas de tratamiento m\u00e9dico del estado de Nueva York para la osteoartritis agravada en pacientes de compensaci\u00f3n laboral"},"content":{"rendered":"<p>Las directrices formuladas por la Junta de Indemnizaci\u00f3n por Accidentes de Trabajo del Estado de Nueva York tienen por objeto proporcionar orientaciones para el tratamiento de la artrosis agravada. Su objetivo es ayudar a los m\u00e9dicos y profesionales sanitarios a determinar el tratamiento m\u00e1s adecuado para esta enfermedad.<\/p>\n<p>Los profesionales sanitarios que se ocupan de la artrosis agravada pueden basarse en las directrices de la Junta de Indemnizaci\u00f3n por Accidentes de Trabajo para tomar decisiones bien informadas sobre el nivel \u00f3ptimo de cuidados para sus pacientes.<\/p>\n<p>Es esencial subrayar que estas directrices no pretenden sustituir el juicio cl\u00ednico ni la experiencia profesional. La decisi\u00f3n final sobre los cuidados debe ser un proceso de colaboraci\u00f3n entre el paciente y su profesional sanitario.<\/p>\n<h3><\/h3>\n<h3><strong>Descripci\u00f3n\/Definici\u00f3n<\/strong><\/h3>\n<p> <a href=\"https:\/\/www.cortho.org\/general\/osteoarthritis\/\"> Osteoartritis:<\/a> Inflamaci\u00f3n y\/o dolor en una articulaci\u00f3n debido a un agravamiento por una lesi\u00f3n, o en el contexto de una actividad agravante en un paciente con cambio degenerativo preexistente en una articulaci\u00f3n.<\/p>\n<p>&nbsp;<\/p>\n<h3><strong>Mecanismo de lesi\u00f3n<\/strong><\/h3>\n<p>Puede estar causada por un traumatismo local como un golpe, una actividad repetitiva o por un desequilibrio postural resultante de una malposici\u00f3n constante.<\/p>\n<p>&nbsp;<\/p>\n<h3><strong>Hallazgos f\u00edsicos espec\u00edficos<\/strong><\/h3>\n<p>Aumento del dolor y la inflamaci\u00f3n en una articulaci\u00f3n<\/p>\n<p>&nbsp;<\/p>\n<h3><strong>Procedimientos de prueba<\/strong><\/h3>\n<p>Radiograf\u00edas<br \/>\nRecomendado &#8211; seg\u00fan indicaci\u00f3n cl\u00ednica<\/p>\n<p>&nbsp;<\/p>\n<h3><strong>Tratamiento no quir\u00fargico<\/strong><\/h3>\n<p>Recomendado &#8211; en pacientes seleccionados seg\u00fan indicaci\u00f3n cl\u00ednica.<br \/>\nReposo\/restricci\u00f3n de la actividad, descarga con muletas o bast\u00f3n, hielo, elevaci\u00f3n, ortesis, terapia activa y\/o pasiva, AINE, inyecciones terap\u00e9uticas de APAP, que en un momento posterior pueden incluir terapia con hialuronato.<\/p>\n<p>&nbsp;<\/p>\n<h3><strong>Indicaciones quir\u00fargicas \/ Tratamiento quir\u00fargico<\/strong><\/h3>\n<p>Recomendado &#8211; en pacientes seleccionados.<br \/>\n<strong>Indicaciones:<\/strong> S\u00edntomas con limitaciones funcionales que no responden a la terapia conservadora. Desbridamiento con o sin extracci\u00f3n de cuerpos sueltos.<br \/>\nNo recomendado &#8211; Lavado artrosc\u00f3pico de la articulaci\u00f3n.<br \/>\nNota: cuando los s\u00edntomas no responden a las medidas conservadoras, el tratamiento puede incluir una artroplastia de rodilla.<\/p>\n<p>&nbsp;<\/p>\n<h3><strong>Terapia postoperatoria<\/strong><\/h3>\n<p>Recomendado &#8211; seg\u00fan indicaci\u00f3n cl\u00ednica.<br \/>\nReposo\/restricci\u00f3n de la actividad, descarga con muletas o bast\u00f3n, hielo, elevaci\u00f3n, ortesis, terapia activa y\/o pasiva, AINE, inyecciones terap\u00e9uticas de APAP, que en un momento posterior pueden incluir terapia con hialuronato.<\/p>\n<p>&nbsp;<\/p>\n<div class=\"textwidget\">\n<p>&nbsp;<\/p>\n<\/div>\n","protected":false},"excerpt":{"rendered":"<p>Las directrices formuladas por la Junta de Indemnizaci\u00f3n por Accidentes de Trabajo del Estado de Nueva York tienen por objeto proporcionar orientaciones para el tratamiento de la artrosis agravada. Su objetivo es ayudar a los m\u00e9dicos y profesionales sanitarios a determinar el tratamiento m\u00e1s adecuado para esta enfermedad. Los profesionales sanitarios que se ocupan de [&hellip;]<\/p>\n","protected":false},"author":33,"featured_media":0,"parent":22300,"menu_order":0,"comment_status":"closed","ping_status":"closed","template":"","meta":{"_et_pb_use_builder":"","_et_pb_old_content":"","_et_gb_content_width":"","footnotes":""},"class_list":["post-22155","page","type-page","status-publish","hentry"],"yoast_head":"<!-- This site is optimized with the Yoast SEO plugin v27.2 - https:\/\/yoast.com\/product\/yoast-seo-wordpress\/ -->\n<title>Pautas de tratamiento m\u00e9dico del estado de Nueva York para la osteoartritis agravada en pacientes de compensaci\u00f3n laboral | Best Hip &amp; Knee Surgeon | NY, USA<\/title>\n<meta name=\"description\" content=\"Las directrices formuladas por la Junta de Indemnizaci\u00f3n por Accidentes de Trabajo del Estado de Nueva York tienen por objeto proporcionar orientaciones\" \/>\n<meta name=\"robots\" content=\"index, follow, max-snippet:-1, max-image-preview:large, max-video-preview:-1\" \/>\n<link rel=\"canonical\" href=\"https:\/\/www.newyorkhipknee.com\/es\/indemnizacion-por-accidente-laboral\/directrices-de-tratamiento-medico-mtg\/lesion-de-rodilla\/osteoartritis-agravada\/\" \/>\n<meta property=\"og:locale\" content=\"es_ES\" \/>\n<meta property=\"og:type\" content=\"article\" \/>\n<meta property=\"og:title\" content=\"Pautas de tratamiento m\u00e9dico del estado de Nueva York para la osteoartritis agravada en pacientes de compensaci\u00f3n laboral | Best Hip &amp; Knee Surgeon | NY, USA\" \/>\n<meta property=\"og:description\" content=\"Las directrices formuladas por la Junta de Indemnizaci\u00f3n por Accidentes de Trabajo del Estado de Nueva York tienen por objeto proporcionar orientaciones\" \/>\n<meta property=\"og:url\" content=\"https:\/\/www.newyorkhipknee.com\/es\/indemnizacion-por-accidente-laboral\/directrices-de-tratamiento-medico-mtg\/lesion-de-rodilla\/osteoartritis-agravada\/\" \/>\n<meta property=\"og:site_name\" content=\"Best Hip &amp; Knee Surgeon | NY, USA\" \/>\n<meta property=\"article:modified_time\" content=\"2024-01-30T16:23:48+00:00\" \/>\n<meta name=\"twitter:card\" content=\"summary_large_image\" \/>\n<meta name=\"twitter:label1\" content=\"Tiempo de lectura\" \/>\n\t<meta name=\"twitter:data1\" content=\"2 minutos\" \/>\n<script type=\"application\/ld+json\" class=\"yoast-schema-graph\">{\"@context\":\"https:\/\/schema.org\",\"@graph\":[{\"@type\":[\"WebPage\",\"MedicalWebPage\"],\"@id\":\"https:\/\/www.newyorkhipknee.com\/es\/indemnizacion-por-accidente-laboral\/directrices-de-tratamiento-medico-mtg\/lesion-de-rodilla\/osteoartritis-agravada\/\",\"url\":\"https:\/\/www.newyorkhipknee.com\/es\/indemnizacion-por-accidente-laboral\/directrices-de-tratamiento-medico-mtg\/lesion-de-rodilla\/osteoartritis-agravada\/\",\"name\":\"Pautas de tratamiento m\u00e9dico del estado de Nueva York para la osteoartritis agravada en pacientes de compensaci\u00f3n laboral | Best Hip &amp; Knee Surgeon | NY, USA\",\"isPartOf\":{\"@id\":\"https:\/\/www.newyorkhipknee.com\/es\/#website\"},\"datePublished\":\"2024-01-19T21:59:06+00:00\",\"dateModified\":\"2024-01-30T16:23:48+00:00\",\"description\":\"Las directrices formuladas por la Junta de Indemnizaci\u00f3n por Accidentes de Trabajo del Estado de Nueva York tienen por objeto proporcionar orientaciones\",\"breadcrumb\":{\"@id\":\"https:\/\/www.newyorkhipknee.com\/es\/indemnizacion-por-accidente-laboral\/directrices-de-tratamiento-medico-mtg\/lesion-de-rodilla\/osteoartritis-agravada\/#breadcrumb\"},\"inLanguage\":\"es\",\"potentialAction\":[{\"@type\":\"ReadAction\",\"target\":[\"https:\/\/www.newyorkhipknee.com\/es\/indemnizacion-por-accidente-laboral\/directrices-de-tratamiento-medico-mtg\/lesion-de-rodilla\/osteoartritis-agravada\/\"]}]},{\"@type\":\"BreadcrumbList\",\"@id\":\"https:\/\/www.newyorkhipknee.com\/es\/indemnizacion-por-accidente-laboral\/directrices-de-tratamiento-medico-mtg\/lesion-de-rodilla\/osteoartritis-agravada\/#breadcrumb\",\"itemListElement\":[{\"@type\":\"ListItem\",\"position\":1,\"name\":\"Home\",\"item\":\"https:\/\/www.newyorkhipknee.com\/es\/\"},{\"@type\":\"ListItem\",\"position\":2,\"name\":\"Indemnizaci\u00f3n por accidente laboral\",\"item\":\"https:\/\/www.newyorkhipknee.com\/es\/indemnizacion-por-accidente-laboral\/\"},{\"@type\":\"ListItem\",\"position\":3,\"name\":\"Directrices de tratamiento m\u00e9dico (MTG)\",\"item\":\"https:\/\/www.newyorkhipknee.com\/es\/indemnizacion-por-accidente-laboral\/directrices-de-tratamiento-medico-mtg\/\"},{\"@type\":\"ListItem\",\"position\":4,\"name\":\"Pautas de tratamiento m\u00e9dico del Estado de Nueva York para lesiones de rodilla en pacientes con indemnizaci\u00f3n por accidente laboral\",\"item\":\"https:\/\/www.newyorkhipknee.com\/es\/indemnizacion-por-accidente-laboral\/directrices-de-tratamiento-medico-mtg\/lesion-de-rodilla\/\"},{\"@type\":\"ListItem\",\"position\":5,\"name\":\"Pautas de tratamiento m\u00e9dico del estado de Nueva York para la osteoartritis agravada en pacientes de compensaci\u00f3n laboral\"}]},{\"@type\":\"WebSite\",\"@id\":\"https:\/\/www.newyorkhipknee.com\/es\/#website\",\"url\":\"https:\/\/www.newyorkhipknee.com\/es\/\",\"name\":\"Best Hip & Knee Surgeon | NY, USA\",\"description\":\"\",\"potentialAction\":[{\"@type\":\"SearchAction\",\"target\":{\"@type\":\"EntryPoint\",\"urlTemplate\":\"https:\/\/www.newyorkhipknee.com\/es\/?s={search_term_string}\"},\"query-input\":{\"@type\":\"PropertyValueSpecification\",\"valueRequired\":true,\"valueName\":\"search_term_string\"}}],\"inLanguage\":\"es\"}]}<\/script>\n<!-- \/ Yoast SEO plugin. -->","yoast_head_json":{"title":"Pautas de tratamiento m\u00e9dico del estado de Nueva York para la osteoartritis agravada en pacientes de compensaci\u00f3n laboral | Best Hip &amp; Knee Surgeon | NY, USA","description":"Las directrices formuladas por la Junta de Indemnizaci\u00f3n por Accidentes de Trabajo del Estado de Nueva York tienen por objeto proporcionar orientaciones","robots":{"index":"index","follow":"follow","max-snippet":"max-snippet:-1","max-image-preview":"max-image-preview:large","max-video-preview":"max-video-preview:-1"},"canonical":"https:\/\/www.newyorkhipknee.com\/es\/indemnizacion-por-accidente-laboral\/directrices-de-tratamiento-medico-mtg\/lesion-de-rodilla\/osteoartritis-agravada\/","og_locale":"es_ES","og_type":"article","og_title":"Pautas de tratamiento m\u00e9dico del estado de Nueva York para la osteoartritis agravada en pacientes de compensaci\u00f3n laboral | Best Hip &amp; Knee Surgeon | NY, USA","og_description":"Las directrices formuladas por la Junta de Indemnizaci\u00f3n por Accidentes de Trabajo del Estado de Nueva York tienen por objeto proporcionar orientaciones","og_url":"https:\/\/www.newyorkhipknee.com\/es\/indemnizacion-por-accidente-laboral\/directrices-de-tratamiento-medico-mtg\/lesion-de-rodilla\/osteoartritis-agravada\/","og_site_name":"Best Hip &amp; Knee Surgeon | NY, USA","article_modified_time":"2024-01-30T16:23:48+00:00","twitter_card":"summary_large_image","twitter_misc":{"Tiempo de lectura":"2 minutos"},"schema":{"@context":"https:\/\/schema.org","@graph":[{"@type":["WebPage","MedicalWebPage"],"@id":"https:\/\/www.newyorkhipknee.com\/es\/indemnizacion-por-accidente-laboral\/directrices-de-tratamiento-medico-mtg\/lesion-de-rodilla\/osteoartritis-agravada\/","url":"https:\/\/www.newyorkhipknee.com\/es\/indemnizacion-por-accidente-laboral\/directrices-de-tratamiento-medico-mtg\/lesion-de-rodilla\/osteoartritis-agravada\/","name":"Pautas de tratamiento m\u00e9dico del estado de Nueva York para la osteoartritis agravada en pacientes de compensaci\u00f3n laboral | Best Hip &amp; Knee Surgeon | NY, USA","isPartOf":{"@id":"https:\/\/www.newyorkhipknee.com\/es\/#website"},"datePublished":"2024-01-19T21:59:06+00:00","dateModified":"2024-01-30T16:23:48+00:00","description":"Las directrices formuladas por la Junta de Indemnizaci\u00f3n por Accidentes de Trabajo del Estado de Nueva York tienen por objeto proporcionar orientaciones","breadcrumb":{"@id":"https:\/\/www.newyorkhipknee.com\/es\/indemnizacion-por-accidente-laboral\/directrices-de-tratamiento-medico-mtg\/lesion-de-rodilla\/osteoartritis-agravada\/#breadcrumb"},"inLanguage":"es","potentialAction":[{"@type":"ReadAction","target":["https:\/\/www.newyorkhipknee.com\/es\/indemnizacion-por-accidente-laboral\/directrices-de-tratamiento-medico-mtg\/lesion-de-rodilla\/osteoartritis-agravada\/"]}]},{"@type":"BreadcrumbList","@id":"https:\/\/www.newyorkhipknee.com\/es\/indemnizacion-por-accidente-laboral\/directrices-de-tratamiento-medico-mtg\/lesion-de-rodilla\/osteoartritis-agravada\/#breadcrumb","itemListElement":[{"@type":"ListItem","position":1,"name":"Home","item":"https:\/\/www.newyorkhipknee.com\/es\/"},{"@type":"ListItem","position":2,"name":"Indemnizaci\u00f3n por accidente laboral","item":"https:\/\/www.newyorkhipknee.com\/es\/indemnizacion-por-accidente-laboral\/"},{"@type":"ListItem","position":3,"name":"Directrices de tratamiento m\u00e9dico (MTG)","item":"https:\/\/www.newyorkhipknee.com\/es\/indemnizacion-por-accidente-laboral\/directrices-de-tratamiento-medico-mtg\/"},{"@type":"ListItem","position":4,"name":"Pautas de tratamiento m\u00e9dico del Estado de Nueva York para lesiones de rodilla en pacientes con indemnizaci\u00f3n por accidente laboral","item":"https:\/\/www.newyorkhipknee.com\/es\/indemnizacion-por-accidente-laboral\/directrices-de-tratamiento-medico-mtg\/lesion-de-rodilla\/"},{"@type":"ListItem","position":5,"name":"Pautas de tratamiento m\u00e9dico del estado de Nueva York para la osteoartritis agravada en pacientes de compensaci\u00f3n laboral"}]},{"@type":"WebSite","@id":"https:\/\/www.newyorkhipknee.com\/es\/#website","url":"https:\/\/www.newyorkhipknee.com\/es\/","name":"Best Hip & Knee Surgeon | NY, USA","description":"","potentialAction":[{"@type":"SearchAction","target":{"@type":"EntryPoint","urlTemplate":"https:\/\/www.newyorkhipknee.com\/es\/?s={search_term_string}"},"query-input":{"@type":"PropertyValueSpecification","valueRequired":true,"valueName":"search_term_string"}}],"inLanguage":"es"}]}},"_links":{"self":[{"href":"https:\/\/www.newyorkhipknee.com\/es\/wp-json\/wp\/v2\/pages\/22155","targetHints":{"allow":["GET"]}}],"collection":[{"href":"https:\/\/www.newyorkhipknee.com\/es\/wp-json\/wp\/v2\/pages"}],"about":[{"href":"https:\/\/www.newyorkhipknee.com\/es\/wp-json\/wp\/v2\/types\/page"}],"author":[{"embeddable":true,"href":"https:\/\/www.newyorkhipknee.com\/es\/wp-json\/wp\/v2\/users\/33"}],"replies":[{"embeddable":true,"href":"https:\/\/www.newyorkhipknee.com\/es\/wp-json\/wp\/v2\/comments?post=22155"}],"version-history":[{"count":0,"href":"https:\/\/www.newyorkhipknee.com\/es\/wp-json\/wp\/v2\/pages\/22155\/revisions"}],"up":[{"embeddable":true,"href":"https:\/\/www.newyorkhipknee.com\/es\/wp-json\/wp\/v2\/pages\/22300"}],"wp:attachment":[{"href":"https:\/\/www.newyorkhipknee.com\/es\/wp-json\/wp\/v2\/media?parent=22155"}],"curies":[{"name":"wp","href":"https:\/\/api.w.org\/{rel}","templated":true}]}}