{"id":22161,"date":"2024-01-22T08:54:26","date_gmt":"2024-01-22T13:54:26","guid":{"rendered":"https:\/\/newyorkhipknee.com\/lesion-del-ligamento-colateral\/"},"modified":"2024-01-30T11:22:37","modified_gmt":"2024-01-30T16:22:37","slug":"lesion-del-ligamento-colateral","status":"publish","type":"page","link":"https:\/\/www.newyorkhipknee.com\/es\/indemnizacion-por-accidente-laboral\/directrices-de-tratamiento-medico-mtg\/lesion-de-rodilla\/lesion-del-ligamento-colateral\/","title":{"rendered":"Pautas de tratamiento m\u00e9dico del estado de Nueva York para lesiones de ligamentos colaterales en pacientes de compensaci\u00f3n de trabajadores"},"content":{"rendered":"<p>La Junta de Indemnizaci\u00f3n por Accidentes de Trabajo del Estado de Nueva York ha establecido directrices para abordar la lesi\u00f3n del ligamento colateral, con el objetivo de ayudar a los m\u00e9dicos y profesionales sanitarios a determinar el tratamiento adecuado para esta afecci\u00f3n.<\/p>\n<p>Los profesionales sanitarios especializados en lesiones del ligamento colateral pueden confiar en las directrices de la Junta de Compensaci\u00f3n de los Trabajadores para tomar decisiones bien informadas sobre el nivel \u00f3ptimo de atenci\u00f3n para sus pacientes.<\/p>\n<p>Es esencial subrayar que estas directrices no pretenden sustituir el juicio cl\u00ednico ni la experiencia profesional. La decisi\u00f3n final sobre los cuidados debe ser un esfuerzo cooperativo en el que participen el paciente y su profesional sanitario.<\/p>\n<h3><\/h3>\n<h3>Descripci\u00f3n: __________<\/h3>\n<p>Lesi\u00f3n que implica un esguince o rotura del ligamento colateral medial o lateral. Una lesi\u00f3n del ligamento colateral medial tambi\u00e9n puede estar relacionada con una lesi\u00f3n concurrente del menisco medial.<\/p>\n<p>&nbsp;<\/p>\n<h3>Mecanismo de lesi\u00f3n<\/h3>\n<p>El traumatismo en valgo o en varo implica la aplicaci\u00f3n de una fuerza sobre la rodilla.<\/p>\n<p>&nbsp;<\/p>\n<h3>Hallazgos f\u00edsicos espec\u00edficos<\/h3>\n<p>La inestabilidad medial-lateral debe evaluarse con la rodilla en ligera flexi\u00f3n. La sensibilidad sobre el ligamento colateral medial o lateral puede aumentar con la aplicaci\u00f3n de una fuerza en valgo o en varo sobre la rodilla.<\/p>\n<p>&nbsp;<\/p>\n<h3>Procedimientos de pruebas de diagn\u00f3stico<\/h3>\n<p>La resonancia magn\u00e9tica (RM) se recomienda en pacientes seleccionados con sospecha de desgarros de grado II o III.<\/p>\n<p>&nbsp;<\/p>\n<h3>Tratamiento no quir\u00fargico<\/h3>\n<p>Las roturas aisladas del ligamento colateral de grado I y muchas roturas de grado II han demostrado la capacidad de curarse con excelentes resultados sin necesidad de intervenci\u00f3n quir\u00fargica. Cuando se descartan lesiones acompa\u00f1antes en los ligamentos cruzados o los meniscos, se puede seguir un tratamiento no quir\u00fargico para el paciente.<\/p>\n<p>Se recomienda en pacientes seleccionados por indicaci\u00f3n cl\u00ednica.<\/p>\n<p>Los enfoques de tratamiento para esta afecci\u00f3n pueden incluir reposo o actividad restringida, descarga con muletas o un bast\u00f3n, aplicaci\u00f3n de hielo, elevaci\u00f3n, ortesis, escayola, \u00f3rtesis, rehabilitaci\u00f3n y terapia activa y\/o pasiva. Tambi\u00e9n pueden considerarse los antiinflamatorios no esteroideos (AINE), el paracetamol (APAP) y las inyecciones terap\u00e9uticas.<\/p>\n<p>&nbsp;<\/p>\n<h3>Indicaciones quir\u00fargicas<\/h3>\n<p>Se recomienda en pacientes seleccionados por indicaci\u00f3n cl\u00ednica.<\/p>\n<p>Las indicaciones para una rotura completa del ligamento colateral de grado III incluyen la recomendaci\u00f3n de derivaci\u00f3n a un cirujano ortop\u00e9dico.<\/p>\n<p>&nbsp;<\/p>\n<div class=\"flex flex-grow flex-col max-w-full\"><\/div>\n<div class=\"mt-1 flex justify-start gap-3 empty:hidden\">\n<div class=\"text-gray-400 flex self-end lg:self-center justify-center lg:justify-start mt-0 -ml-1 visible\">\n<p>&nbsp;<\/p>\n<\/div>\n<\/div>\n","protected":false},"excerpt":{"rendered":"<p>La Junta de Indemnizaci\u00f3n por Accidentes de Trabajo del Estado de Nueva York ha establecido directrices para abordar la lesi\u00f3n del ligamento colateral, con el objetivo de ayudar a los m\u00e9dicos y profesionales sanitarios a determinar el tratamiento adecuado para esta afecci\u00f3n. Los profesionales sanitarios especializados en lesiones del ligamento colateral pueden confiar en las [&hellip;]<\/p>\n","protected":false},"author":33,"featured_media":0,"parent":22300,"menu_order":0,"comment_status":"closed","ping_status":"closed","template":"","meta":{"_et_pb_use_builder":"","_et_pb_old_content":"","_et_gb_content_width":"","footnotes":""},"class_list":["post-22161","page","type-page","status-publish","hentry"],"yoast_head":"<!-- This site is optimized with the Yoast SEO plugin v27.2 - https:\/\/yoast.com\/product\/yoast-seo-wordpress\/ -->\n<title>Pautas de tratamiento m\u00e9dico del estado de Nueva York para lesiones de ligamentos colaterales en pacientes de compensaci\u00f3n de trabajadores | Best Hip &amp; Knee Surgeon | NY, USA<\/title>\n<meta name=\"description\" content=\"La Junta de Indemnizaci\u00f3n por Accidentes de Trabajo del Estado de Nueva York ha establecido directrices para abordar la lesi\u00f3n del ligamento colateral,\" \/>\n<meta name=\"robots\" content=\"index, follow, max-snippet:-1, max-image-preview:large, max-video-preview:-1\" \/>\n<link rel=\"canonical\" href=\"https:\/\/www.newyorkhipknee.com\/es\/indemnizacion-por-accidente-laboral\/directrices-de-tratamiento-medico-mtg\/lesion-de-rodilla\/lesion-del-ligamento-colateral\/\" \/>\n<meta property=\"og:locale\" content=\"es_ES\" \/>\n<meta property=\"og:type\" content=\"article\" \/>\n<meta property=\"og:title\" content=\"Pautas de tratamiento m\u00e9dico del estado de Nueva York para lesiones de ligamentos colaterales en pacientes de compensaci\u00f3n de trabajadores | Best Hip &amp; Knee Surgeon | NY, USA\" \/>\n<meta property=\"og:description\" content=\"La Junta de Indemnizaci\u00f3n por Accidentes de Trabajo del Estado de Nueva York ha establecido directrices para abordar la lesi\u00f3n del ligamento colateral,\" \/>\n<meta property=\"og:url\" content=\"https:\/\/www.newyorkhipknee.com\/es\/indemnizacion-por-accidente-laboral\/directrices-de-tratamiento-medico-mtg\/lesion-de-rodilla\/lesion-del-ligamento-colateral\/\" \/>\n<meta property=\"og:site_name\" content=\"Best Hip &amp; Knee Surgeon | NY, USA\" \/>\n<meta property=\"article:modified_time\" content=\"2024-01-30T16:22:37+00:00\" \/>\n<meta name=\"twitter:card\" content=\"summary_large_image\" \/>\n<meta name=\"twitter:label1\" content=\"Tiempo de lectura\" \/>\n\t<meta name=\"twitter:data1\" content=\"2 minutos\" \/>\n<script type=\"application\/ld+json\" class=\"yoast-schema-graph\">{\"@context\":\"https:\/\/schema.org\",\"@graph\":[{\"@type\":[\"WebPage\",\"MedicalWebPage\"],\"@id\":\"https:\/\/www.newyorkhipknee.com\/es\/indemnizacion-por-accidente-laboral\/directrices-de-tratamiento-medico-mtg\/lesion-de-rodilla\/lesion-del-ligamento-colateral\/\",\"url\":\"https:\/\/www.newyorkhipknee.com\/es\/indemnizacion-por-accidente-laboral\/directrices-de-tratamiento-medico-mtg\/lesion-de-rodilla\/lesion-del-ligamento-colateral\/\",\"name\":\"Pautas de tratamiento m\u00e9dico del estado de Nueva York para lesiones de ligamentos colaterales en pacientes de compensaci\u00f3n de trabajadores | Best Hip &amp; Knee Surgeon | NY, USA\",\"isPartOf\":{\"@id\":\"https:\/\/www.newyorkhipknee.com\/es\/#website\"},\"datePublished\":\"2024-01-22T13:54:26+00:00\",\"dateModified\":\"2024-01-30T16:22:37+00:00\",\"description\":\"La Junta de Indemnizaci\u00f3n por Accidentes de Trabajo del Estado de Nueva York ha establecido directrices para abordar la lesi\u00f3n del ligamento colateral,\",\"breadcrumb\":{\"@id\":\"https:\/\/www.newyorkhipknee.com\/es\/indemnizacion-por-accidente-laboral\/directrices-de-tratamiento-medico-mtg\/lesion-de-rodilla\/lesion-del-ligamento-colateral\/#breadcrumb\"},\"inLanguage\":\"es\",\"potentialAction\":[{\"@type\":\"ReadAction\",\"target\":[\"https:\/\/www.newyorkhipknee.com\/es\/indemnizacion-por-accidente-laboral\/directrices-de-tratamiento-medico-mtg\/lesion-de-rodilla\/lesion-del-ligamento-colateral\/\"]}]},{\"@type\":\"BreadcrumbList\",\"@id\":\"https:\/\/www.newyorkhipknee.com\/es\/indemnizacion-por-accidente-laboral\/directrices-de-tratamiento-medico-mtg\/lesion-de-rodilla\/lesion-del-ligamento-colateral\/#breadcrumb\",\"itemListElement\":[{\"@type\":\"ListItem\",\"position\":1,\"name\":\"Home\",\"item\":\"https:\/\/www.newyorkhipknee.com\/es\/\"},{\"@type\":\"ListItem\",\"position\":2,\"name\":\"Indemnizaci\u00f3n por accidente laboral\",\"item\":\"https:\/\/www.newyorkhipknee.com\/es\/indemnizacion-por-accidente-laboral\/\"},{\"@type\":\"ListItem\",\"position\":3,\"name\":\"Directrices de tratamiento m\u00e9dico (MTG)\",\"item\":\"https:\/\/www.newyorkhipknee.com\/es\/indemnizacion-por-accidente-laboral\/directrices-de-tratamiento-medico-mtg\/\"},{\"@type\":\"ListItem\",\"position\":4,\"name\":\"Pautas de tratamiento m\u00e9dico del Estado de Nueva York para lesiones de rodilla en pacientes con indemnizaci\u00f3n por accidente laboral\",\"item\":\"https:\/\/www.newyorkhipknee.com\/es\/indemnizacion-por-accidente-laboral\/directrices-de-tratamiento-medico-mtg\/lesion-de-rodilla\/\"},{\"@type\":\"ListItem\",\"position\":5,\"name\":\"Pautas de tratamiento m\u00e9dico del estado de Nueva York para lesiones de ligamentos colaterales en pacientes de compensaci\u00f3n de trabajadores\"}]},{\"@type\":\"WebSite\",\"@id\":\"https:\/\/www.newyorkhipknee.com\/es\/#website\",\"url\":\"https:\/\/www.newyorkhipknee.com\/es\/\",\"name\":\"Best Hip & Knee Surgeon | NY, USA\",\"description\":\"\",\"potentialAction\":[{\"@type\":\"SearchAction\",\"target\":{\"@type\":\"EntryPoint\",\"urlTemplate\":\"https:\/\/www.newyorkhipknee.com\/es\/?s={search_term_string}\"},\"query-input\":{\"@type\":\"PropertyValueSpecification\",\"valueRequired\":true,\"valueName\":\"search_term_string\"}}],\"inLanguage\":\"es\"}]}<\/script>\n<!-- \/ Yoast SEO plugin. -->","yoast_head_json":{"title":"Pautas de tratamiento m\u00e9dico del estado de Nueva York para lesiones de ligamentos colaterales en pacientes de compensaci\u00f3n de trabajadores | Best Hip &amp; Knee Surgeon | NY, USA","description":"La Junta de Indemnizaci\u00f3n por Accidentes de Trabajo del Estado de Nueva York ha establecido directrices para abordar la lesi\u00f3n del ligamento colateral,","robots":{"index":"index","follow":"follow","max-snippet":"max-snippet:-1","max-image-preview":"max-image-preview:large","max-video-preview":"max-video-preview:-1"},"canonical":"https:\/\/www.newyorkhipknee.com\/es\/indemnizacion-por-accidente-laboral\/directrices-de-tratamiento-medico-mtg\/lesion-de-rodilla\/lesion-del-ligamento-colateral\/","og_locale":"es_ES","og_type":"article","og_title":"Pautas de tratamiento m\u00e9dico del estado de Nueva York para lesiones de ligamentos colaterales en pacientes de compensaci\u00f3n de trabajadores | Best Hip &amp; Knee Surgeon | NY, USA","og_description":"La Junta de Indemnizaci\u00f3n por Accidentes de Trabajo del Estado de Nueva York ha establecido directrices para abordar la lesi\u00f3n del ligamento colateral,","og_url":"https:\/\/www.newyorkhipknee.com\/es\/indemnizacion-por-accidente-laboral\/directrices-de-tratamiento-medico-mtg\/lesion-de-rodilla\/lesion-del-ligamento-colateral\/","og_site_name":"Best Hip &amp; Knee Surgeon | NY, USA","article_modified_time":"2024-01-30T16:22:37+00:00","twitter_card":"summary_large_image","twitter_misc":{"Tiempo de lectura":"2 minutos"},"schema":{"@context":"https:\/\/schema.org","@graph":[{"@type":["WebPage","MedicalWebPage"],"@id":"https:\/\/www.newyorkhipknee.com\/es\/indemnizacion-por-accidente-laboral\/directrices-de-tratamiento-medico-mtg\/lesion-de-rodilla\/lesion-del-ligamento-colateral\/","url":"https:\/\/www.newyorkhipknee.com\/es\/indemnizacion-por-accidente-laboral\/directrices-de-tratamiento-medico-mtg\/lesion-de-rodilla\/lesion-del-ligamento-colateral\/","name":"Pautas de tratamiento m\u00e9dico del estado de Nueva York para lesiones de ligamentos colaterales en pacientes de compensaci\u00f3n de trabajadores | Best Hip &amp; Knee Surgeon | NY, USA","isPartOf":{"@id":"https:\/\/www.newyorkhipknee.com\/es\/#website"},"datePublished":"2024-01-22T13:54:26+00:00","dateModified":"2024-01-30T16:22:37+00:00","description":"La Junta de Indemnizaci\u00f3n por Accidentes de Trabajo del Estado de Nueva York ha establecido directrices para abordar la lesi\u00f3n del ligamento colateral,","breadcrumb":{"@id":"https:\/\/www.newyorkhipknee.com\/es\/indemnizacion-por-accidente-laboral\/directrices-de-tratamiento-medico-mtg\/lesion-de-rodilla\/lesion-del-ligamento-colateral\/#breadcrumb"},"inLanguage":"es","potentialAction":[{"@type":"ReadAction","target":["https:\/\/www.newyorkhipknee.com\/es\/indemnizacion-por-accidente-laboral\/directrices-de-tratamiento-medico-mtg\/lesion-de-rodilla\/lesion-del-ligamento-colateral\/"]}]},{"@type":"BreadcrumbList","@id":"https:\/\/www.newyorkhipknee.com\/es\/indemnizacion-por-accidente-laboral\/directrices-de-tratamiento-medico-mtg\/lesion-de-rodilla\/lesion-del-ligamento-colateral\/#breadcrumb","itemListElement":[{"@type":"ListItem","position":1,"name":"Home","item":"https:\/\/www.newyorkhipknee.com\/es\/"},{"@type":"ListItem","position":2,"name":"Indemnizaci\u00f3n por accidente laboral","item":"https:\/\/www.newyorkhipknee.com\/es\/indemnizacion-por-accidente-laboral\/"},{"@type":"ListItem","position":3,"name":"Directrices de tratamiento m\u00e9dico (MTG)","item":"https:\/\/www.newyorkhipknee.com\/es\/indemnizacion-por-accidente-laboral\/directrices-de-tratamiento-medico-mtg\/"},{"@type":"ListItem","position":4,"name":"Pautas de tratamiento m\u00e9dico del Estado de Nueva York para lesiones de rodilla en pacientes con indemnizaci\u00f3n por accidente laboral","item":"https:\/\/www.newyorkhipknee.com\/es\/indemnizacion-por-accidente-laboral\/directrices-de-tratamiento-medico-mtg\/lesion-de-rodilla\/"},{"@type":"ListItem","position":5,"name":"Pautas de tratamiento m\u00e9dico del estado de Nueva York para lesiones de ligamentos colaterales en pacientes de compensaci\u00f3n de trabajadores"}]},{"@type":"WebSite","@id":"https:\/\/www.newyorkhipknee.com\/es\/#website","url":"https:\/\/www.newyorkhipknee.com\/es\/","name":"Best Hip & Knee Surgeon | NY, USA","description":"","potentialAction":[{"@type":"SearchAction","target":{"@type":"EntryPoint","urlTemplate":"https:\/\/www.newyorkhipknee.com\/es\/?s={search_term_string}"},"query-input":{"@type":"PropertyValueSpecification","valueRequired":true,"valueName":"search_term_string"}}],"inLanguage":"es"}]}},"_links":{"self":[{"href":"https:\/\/www.newyorkhipknee.com\/es\/wp-json\/wp\/v2\/pages\/22161","targetHints":{"allow":["GET"]}}],"collection":[{"href":"https:\/\/www.newyorkhipknee.com\/es\/wp-json\/wp\/v2\/pages"}],"about":[{"href":"https:\/\/www.newyorkhipknee.com\/es\/wp-json\/wp\/v2\/types\/page"}],"author":[{"embeddable":true,"href":"https:\/\/www.newyorkhipknee.com\/es\/wp-json\/wp\/v2\/users\/33"}],"replies":[{"embeddable":true,"href":"https:\/\/www.newyorkhipknee.com\/es\/wp-json\/wp\/v2\/comments?post=22161"}],"version-history":[{"count":0,"href":"https:\/\/www.newyorkhipknee.com\/es\/wp-json\/wp\/v2\/pages\/22161\/revisions"}],"up":[{"embeddable":true,"href":"https:\/\/www.newyorkhipknee.com\/es\/wp-json\/wp\/v2\/pages\/22300"}],"wp:attachment":[{"href":"https:\/\/www.newyorkhipknee.com\/es\/wp-json\/wp\/v2\/media?parent=22161"}],"curies":[{"name":"wp","href":"https:\/\/api.w.org\/{rel}","templated":true}]}}