{"id":22163,"date":"2024-01-19T15:30:11","date_gmt":"2024-01-19T20:30:11","guid":{"rendered":"https:\/\/newyorkhipknee.com\/pruebas-y-procedimientos-de-diagnostico\/"},"modified":"2024-01-30T11:29:28","modified_gmt":"2024-01-30T16:29:28","slug":"pruebas-y-procedimientos-de-diagnostico","status":"publish","type":"page","link":"https:\/\/www.newyorkhipknee.com\/es\/indemnizacion-por-accidente-laboral\/directrices-de-tratamiento-medico-mtg\/lesion-de-rodilla\/pruebas-y-procedimientos-de-diagnostico\/","title":{"rendered":"Directrices de tratamiento m\u00e9dico del Estado de Nueva York para pruebas diagn\u00f3sticas y procedimientos en pacientes con indemnizaci\u00f3n laboral"},"content":{"rendered":"<p>Las directrices creadas por la Junta de Indemnizaci\u00f3n por Accidentes de Trabajo del Estado de Nueva York tienen por objeto ayudar a los m\u00e9dicos y profesionales sanitarios a ofrecer un tratamiento adecuado para las lesiones de rodilla.<\/p>\n<p>Los profesionales sanitarios pueden basarse en estas directrices de la Junta de Indemnizaci\u00f3n por Accidentes de Trabajo para tomar decisiones informadas sobre los cuidados \u00f3ptimos para las personas que sufren una lesi\u00f3n de rodilla.<\/p>\n<p>Es importante se\u00f1alar que estas directrices no sustituyen al juicio cl\u00ednico ni a la experiencia profesional. El paciente, en colaboraci\u00f3n con su profesional sanitario, es responsable de tomar la decisi\u00f3n final sobre su atenci\u00f3n.<\/p>\n<h3><\/h3>\n<h3><strong>Estudios de Diagn\u00f3stico por la Imagen: Principios generales<\/strong><\/h3>\n<p>Como se detalla en la secci\u00f3n A-13 de los Principios Generales, la elecci\u00f3n de los estudios de diagn\u00f3stico por imagen depende de la presentaci\u00f3n cl\u00ednica espec\u00edfica y del juicio cl\u00ednico. Puede haber casos en los que sea cl\u00ednicamente necesario repetir el diagn\u00f3stico por imagen o realizar un diagn\u00f3stico alternativo. Tales casos incluyen, pero no se limitan a, situaciones en las que una prueba previa es de mala calidad y\/o no diagn\u00f3stica, la situaci\u00f3n cl\u00ednica cambia (por ejemplo, s\u00edntomas nuevos o que empeoran, preparaci\u00f3n para cirug\u00eda o inyecciones terap\u00e9uticas, etc.), o se requiere monitorizar el progreso cl\u00ednico (por ejemplo, postoperatorio) o el deterioro a lo largo del tiempo. La elecci\u00f3n prudente de procedimiento(s) o de un orden secuencial adecuado en m\u00faltiples procedimientos garantiza la m\u00e1xima precisi\u00f3n diagn\u00f3stica, minimiza los efectos adversos en los pacientes y fomenta la eficiencia cl\u00ednica. La repetici\u00f3n de los procedimientos aumenta la dosis de radiaci\u00f3n acumulada y los riesgos asociados. Los procedimientos de diagn\u00f3stico por imagen presentan diversos grados de sensibilidad y especificidad para cualquier diagn\u00f3stico. La selecci\u00f3n e interpretaci\u00f3n de los estudios de imagen debe basarse en la historia cl\u00ednica, el examen f\u00edsico y el juicio cl\u00ednico.<\/p>\n<p>&nbsp;<\/p>\n<h3><strong>Elecci\u00f3n de procedimientos de diagn\u00f3stico por imagen<\/strong><\/h3>\n<p>Aunque las radiograf\u00edas simples suelen ser un punto de partida \u00fatil, no siempre son suficientes. La resonancia magn\u00e9tica (RM), la artrograf\u00eda o la tomograf\u00eda axial computarizada (TAC) tras la artrograf\u00eda pueden proporcionar informaci\u00f3n valiosa sobre diversos trastornos de la rodilla. En determinadas circunstancias, como se ha mencionado anteriormente, puede estar justificada la repetici\u00f3n o la obtenci\u00f3n de im\u00e1genes alternativas. La elecci\u00f3n de un procedimiento u otro suele depender de m\u00faltiples factores. Cuando sea necesario, se pueden emplear estudios de imagen adicionales para una mayor evaluaci\u00f3n de la extremidad inferior en funci\u00f3n del mecanismo de la lesi\u00f3n, los s\u00edntomas y los antecedentes del paciente. Los siguientes estudios se enumeran por orden de frecuencia de uso, no de importancia.<\/p>\n<p>&nbsp;<\/p>\n<h3><strong>Im\u00e1genes por resonancia magn\u00e9tica (MRI)<\/strong><\/h3>\n<p><em>Recomendado &#8211; en pacientes seleccionados.<\/em><br \/>\n<strong>Indicaciones:<\/strong> La Resonancia Magn\u00e9tica (RM) ofrece una visualizaci\u00f3n m\u00e1s definitiva de las estructuras de los tejidos blandos, incluidos ligamentos, tendones, c\u00e1psula articular, meniscos y estructuras cartilaginosas articulares, en comparaci\u00f3n con los rayos X o la Tomograf\u00eda Axial Computarizada, especialmente en la evaluaci\u00f3n de lesiones traum\u00e1ticas o degenerativas. El uso de contraste intravenoso o intraarticular puede mejorar la definici\u00f3n de determinadas patolog\u00edas. En general, la RM convencional de alto campo proporciona una resoluci\u00f3n superior a la de una exploraci\u00f3n de campo inferior (RM de campo abierto). Una exploraci\u00f3n de campo inferior puede estar justificada cuando un paciente no cabe en un esc\u00e1ner de campo alto o experimenta claustrofobia excesiva incluso con sedaci\u00f3n. Si la resoluci\u00f3n es inadecuada en la primera exploraci\u00f3n, puede ser necesaria una segunda RM con una t\u00e9cnica diferente. Una resonancia magn\u00e9tica diagn\u00f3stica posterior puede implicar la repetici\u00f3n del mismo procedimiento si el m\u00e9dico rehabilitador, radi\u00f3logo o cirujano considera que la calidad del estudio inicial es insuficiente para un diagn\u00f3stico. Cualquier consulta al respecto debe dirigirse al centro de IRM y\/o al radi\u00f3logo. La presencia de material ferroso\/objetos met\u00e1licos en los tejidos es una contraindicaci\u00f3n para la realizaci\u00f3n de una RMN.<\/p>\n<p>&nbsp;<\/p>\n<h3><strong>Tomograf\u00eda computarizada (TC)<\/strong><\/h3>\n<p><em>Recomendado &#8211; en pacientes seleccionados.<\/em><br \/>\n<strong>Indicaciones:<\/strong> La Tomograf\u00eda Axial Computarizada (TAC) proporciona una excelente visualizaci\u00f3n del hueso y se utiliza para la evaluaci\u00f3n adicional de masas \u00f3seas y sospecha de fracturas no claramente identificadas en la evaluaci\u00f3n radiogr\u00e1fica de ventana. El software de reducci\u00f3n de la dispersi\u00f3n de los instrumentos mejora la resoluci\u00f3n cuando los artefactos met\u00e1licos son un problema. Cuando hay materiales ferrosos\/met\u00e1licos en los tejidos, debe solicitarse una TC en lugar de una RM. Los ex\u00e1menes por TC implican la exposici\u00f3n a radiaciones ionizantes, con los riesgos asociados a la radiaci\u00f3n.<\/p>\n<p>&nbsp;<\/p>\n<h3><strong>Tomograf\u00eda lineal<\/strong><\/h3>\n<p><em>No recomendado<\/em><\/p>\n<p>&nbsp;<\/p>\n<h3><strong>gammagraf\u00eda \u00f3sea (gammagraf\u00eda \u00f3sea con radiois\u00f3topos)<\/strong><\/h3>\n<p><em>Recomendado &#8211; en pacientes seleccionados.<\/em><br \/>\n<strong>Indicaciones:<\/strong> La captaci\u00f3n de difosfonato 99MTecnecio refleja la actividad osteobl\u00e1stica y puede ser beneficiosa en traumatismos, tumores \u00f3seos metast\u00e1sicos o primarios, fracturas por estr\u00e9s, fracturas ocultas, osteomielitis y lesiones inflamatorias. Sin embargo, no puede distinguir entre estas entidades.<\/p>\n<p>&nbsp;<\/p>\n<h3><strong>Otras exploraciones con radion\u00faclidos<\/strong><\/h3>\n<p><em>Recomendado &#8211; en pacientes seleccionados.<\/em><br \/>\n<strong>Indicaciones:<\/strong> Las gammagraf\u00edas con indio y galio se utilizan normalmente para ayudar en el diagn\u00f3stico de lesiones observadas en otros estudios de diagn\u00f3stico por imagen. 67Las exploraciones con citrato de galio ayudan a localizar tumores, infecciones y abscesos. La exploraci\u00f3n de leucocitos marcados con 111Indium se emplea para localizar infecciones o inflamaciones.<\/p>\n<p>&nbsp;<\/p>\n<h3><strong>Artrograf\u00edas<\/strong><\/h3>\n<p><em>Recomendado &#8211; en pacientes seleccionados<\/em><br \/>\n<strong>Indicaciones:<\/strong> Los artrogramas pueden ser valiosos para evaluar la alteraci\u00f3n interna de una articulaci\u00f3n, s\u00f3lo cuando la RM u otras pruebas est\u00e9n contraindicadas, no se consideren diagn\u00f3sticas o no est\u00e9n disponibles. Esta prueba puede ser apropiada en pacientes seleccionados en los que los beneficios cl\u00ednicos superen los riesgos, y cuando la RM no sea diagn\u00f3stica, no est\u00e9 cl\u00ednicamente indicada o est\u00e9 cl\u00ednicamente contraindicada. Nota: Las posibles complicaciones de esta t\u00e9cnica m\u00e1s invasiva incluyen dolor, infecci\u00f3n y reacciones al\u00e9rgicas.<\/p>\n<p>&nbsp;<\/p>\n<h3><strong>Otras pruebas<\/strong><\/h3>\n<p><em>Los estudios que figuran a continuaci\u00f3n est\u00e1n ordenados por frecuencia de uso, no por importancia.<\/em><\/p>\n<p>&nbsp;<\/p>\n<h3><strong>Electromiograf\u00eda<\/strong><strong> (EMG) y estudios de la velocidad de conducci\u00f3n nerviosa (VCN)<\/strong><\/h3>\n<p><em>Recomendado &#8211; en pacientes seleccionados.<\/em><br \/>\n<strong>Indicaciones:<\/strong> Los estudios electrodiagn\u00f3sticos tienen un uso limitado en los trastornos de rodilla. Se recomienda y es preferible que el EDX en el \u00e1mbito ambulatorio sea realizado e interpretado por m\u00e9dicos certificados en Neurolog\u00eda o Medicina F\u00edsica y Rehabilitaci\u00f3n.<\/p>\n<p>&nbsp;<\/p>\n<h3><strong>Potenciales evocados somatosensoriales (SSEP)<\/strong><\/h3>\n<p><em>No recomendado<\/em><\/p>\n<p>&nbsp;<\/p>\n<h3><strong>Ultrasonograf\u00eda Doppler\/Pletismograf\u00eda<\/strong><\/h3>\n<p><em>Recomendado &#8211; en pacientes seleccionados.<\/em><br \/>\n<strong>Indicaciones:<\/strong> La ultrasonograf\u00eda\/pletismograf\u00eda Doppler es valiosa en el diagn\u00f3stico de enfermedades arteriales y venosas en la extremidad inferior y debe considerarse antes de realizar estudios venogr\u00e1ficos o arteriogr\u00e1ficos m\u00e1s invasivos. El Doppler es menos sensible para detectar la trombosis venosa profunda en la zona del m\u00fasculo de la pantorrilla. Si la prueba es inicialmente negativa, debe repetirse una ecograf\u00eda 7 d\u00edas despu\u00e9s de los s\u00edntomas iniciales para descartar una trombosis popl\u00edtea. Tambi\u00e9n es \u00fatil para diagnosticar una masa popl\u00edtea cuando la RM no est\u00e1 disponible o est\u00e1 contraindicada. Nota: Un estudio Doppler es \u00fatil para investigar el espacio popl\u00edteo en busca de masas. Algunos m\u00e9dicos pueden utilizar la ecograf\u00eda para guiar los procedimientos diagn\u00f3sticos y las aspiraciones de colecciones de l\u00edquido loculadas.<\/p>\n<p>&nbsp;<\/p>\n<h3><strong>Venograma\/Arteriograf\u00eda<\/strong><\/h3>\n<p><em>Recomendado &#8211; en pacientes seleccionados.<\/em><br \/>\n<strong>Indicaciones:<\/strong> La venograf\u00eda\/arteriograf\u00eda es beneficiosa para investigar lesiones o enfermedades vasculares, incluida la trombosis venosa profunda. Las posibles complicaciones pueden incluir dolor, reacciones al\u00e9rgicas y trombosis venosa profunda.<\/p>\n<p>&nbsp;<\/p>\n<div class=\"textwidget\">\n<p>&nbsp;<\/p>\n<\/div>\n","protected":false},"excerpt":{"rendered":"<p>Las directrices creadas por la Junta de Indemnizaci\u00f3n por Accidentes de Trabajo del Estado de Nueva York tienen por objeto ayudar a los m\u00e9dicos y profesionales sanitarios a ofrecer un tratamiento adecuado para las lesiones de rodilla. Los profesionales sanitarios pueden basarse en estas directrices de la Junta de Indemnizaci\u00f3n por Accidentes de Trabajo para [&hellip;]<\/p>\n","protected":false},"author":33,"featured_media":0,"parent":22300,"menu_order":0,"comment_status":"closed","ping_status":"closed","template":"","meta":{"_et_pb_use_builder":"","_et_pb_old_content":"","_et_gb_content_width":"","footnotes":""},"class_list":["post-22163","page","type-page","status-publish","hentry"],"yoast_head":"<!-- This site is optimized with the Yoast SEO plugin v27.2 - https:\/\/yoast.com\/product\/yoast-seo-wordpress\/ -->\n<title>Directrices de tratamiento m\u00e9dico del Estado de Nueva York para pruebas diagn\u00f3sticas y procedimientos en pacientes con indemnizaci\u00f3n laboral | Best Hip &amp; Knee Surgeon | NY, USA<\/title>\n<meta name=\"description\" content=\"Las directrices creadas por la Junta de Indemnizaci\u00f3n por Accidentes de Trabajo del Estado de Nueva York tienen por objeto ayudar a los m\u00e9dicos y\" \/>\n<meta name=\"robots\" content=\"index, follow, max-snippet:-1, max-image-preview:large, max-video-preview:-1\" \/>\n<link rel=\"canonical\" href=\"https:\/\/www.newyorkhipknee.com\/es\/indemnizacion-por-accidente-laboral\/directrices-de-tratamiento-medico-mtg\/lesion-de-rodilla\/pruebas-y-procedimientos-de-diagnostico\/\" \/>\n<meta property=\"og:locale\" content=\"es_ES\" \/>\n<meta property=\"og:type\" content=\"article\" \/>\n<meta property=\"og:title\" content=\"Directrices de tratamiento m\u00e9dico del Estado de Nueva York para pruebas diagn\u00f3sticas y procedimientos en pacientes con indemnizaci\u00f3n laboral | Best Hip &amp; Knee Surgeon | NY, USA\" \/>\n<meta property=\"og:description\" content=\"Las directrices creadas por la Junta de Indemnizaci\u00f3n por Accidentes de Trabajo del Estado de Nueva York tienen por objeto ayudar a los m\u00e9dicos y\" \/>\n<meta property=\"og:url\" content=\"https:\/\/www.newyorkhipknee.com\/es\/indemnizacion-por-accidente-laboral\/directrices-de-tratamiento-medico-mtg\/lesion-de-rodilla\/pruebas-y-procedimientos-de-diagnostico\/\" \/>\n<meta property=\"og:site_name\" content=\"Best Hip &amp; Knee Surgeon | NY, USA\" \/>\n<meta property=\"article:modified_time\" content=\"2024-01-30T16:29:28+00:00\" \/>\n<meta name=\"twitter:card\" content=\"summary_large_image\" \/>\n<meta name=\"twitter:label1\" content=\"Tiempo de lectura\" \/>\n\t<meta name=\"twitter:data1\" content=\"7 minutos\" \/>\n<script type=\"application\/ld+json\" class=\"yoast-schema-graph\">{\"@context\":\"https:\/\/schema.org\",\"@graph\":[{\"@type\":[\"WebPage\",\"MedicalWebPage\"],\"@id\":\"https:\/\/www.newyorkhipknee.com\/es\/indemnizacion-por-accidente-laboral\/directrices-de-tratamiento-medico-mtg\/lesion-de-rodilla\/pruebas-y-procedimientos-de-diagnostico\/\",\"url\":\"https:\/\/www.newyorkhipknee.com\/es\/indemnizacion-por-accidente-laboral\/directrices-de-tratamiento-medico-mtg\/lesion-de-rodilla\/pruebas-y-procedimientos-de-diagnostico\/\",\"name\":\"Directrices de tratamiento m\u00e9dico del Estado de Nueva York para pruebas diagn\u00f3sticas y procedimientos en pacientes con indemnizaci\u00f3n laboral | Best Hip &amp; Knee Surgeon | NY, USA\",\"isPartOf\":{\"@id\":\"https:\/\/www.newyorkhipknee.com\/es\/#website\"},\"datePublished\":\"2024-01-19T20:30:11+00:00\",\"dateModified\":\"2024-01-30T16:29:28+00:00\",\"description\":\"Las directrices creadas por la Junta de Indemnizaci\u00f3n por Accidentes de Trabajo del Estado de Nueva York tienen por objeto ayudar a los m\u00e9dicos y\",\"breadcrumb\":{\"@id\":\"https:\/\/www.newyorkhipknee.com\/es\/indemnizacion-por-accidente-laboral\/directrices-de-tratamiento-medico-mtg\/lesion-de-rodilla\/pruebas-y-procedimientos-de-diagnostico\/#breadcrumb\"},\"inLanguage\":\"es\",\"potentialAction\":[{\"@type\":\"ReadAction\",\"target\":[\"https:\/\/www.newyorkhipknee.com\/es\/indemnizacion-por-accidente-laboral\/directrices-de-tratamiento-medico-mtg\/lesion-de-rodilla\/pruebas-y-procedimientos-de-diagnostico\/\"]}]},{\"@type\":\"BreadcrumbList\",\"@id\":\"https:\/\/www.newyorkhipknee.com\/es\/indemnizacion-por-accidente-laboral\/directrices-de-tratamiento-medico-mtg\/lesion-de-rodilla\/pruebas-y-procedimientos-de-diagnostico\/#breadcrumb\",\"itemListElement\":[{\"@type\":\"ListItem\",\"position\":1,\"name\":\"Home\",\"item\":\"https:\/\/www.newyorkhipknee.com\/es\/\"},{\"@type\":\"ListItem\",\"position\":2,\"name\":\"Indemnizaci\u00f3n por accidente laboral\",\"item\":\"https:\/\/www.newyorkhipknee.com\/es\/indemnizacion-por-accidente-laboral\/\"},{\"@type\":\"ListItem\",\"position\":3,\"name\":\"Directrices de tratamiento m\u00e9dico (MTG)\",\"item\":\"https:\/\/www.newyorkhipknee.com\/es\/indemnizacion-por-accidente-laboral\/directrices-de-tratamiento-medico-mtg\/\"},{\"@type\":\"ListItem\",\"position\":4,\"name\":\"Pautas de tratamiento m\u00e9dico del Estado de Nueva York para lesiones de rodilla en pacientes con indemnizaci\u00f3n por accidente laboral\",\"item\":\"https:\/\/www.newyorkhipknee.com\/es\/indemnizacion-por-accidente-laboral\/directrices-de-tratamiento-medico-mtg\/lesion-de-rodilla\/\"},{\"@type\":\"ListItem\",\"position\":5,\"name\":\"Directrices de tratamiento m\u00e9dico del Estado de Nueva York para pruebas diagn\u00f3sticas y procedimientos en pacientes con indemnizaci\u00f3n laboral\"}]},{\"@type\":\"WebSite\",\"@id\":\"https:\/\/www.newyorkhipknee.com\/es\/#website\",\"url\":\"https:\/\/www.newyorkhipknee.com\/es\/\",\"name\":\"Best Hip & Knee Surgeon | NY, USA\",\"description\":\"\",\"potentialAction\":[{\"@type\":\"SearchAction\",\"target\":{\"@type\":\"EntryPoint\",\"urlTemplate\":\"https:\/\/www.newyorkhipknee.com\/es\/?s={search_term_string}\"},\"query-input\":{\"@type\":\"PropertyValueSpecification\",\"valueRequired\":true,\"valueName\":\"search_term_string\"}}],\"inLanguage\":\"es\"}]}<\/script>\n<!-- \/ Yoast SEO plugin. -->","yoast_head_json":{"title":"Directrices de tratamiento m\u00e9dico del Estado de Nueva York para pruebas diagn\u00f3sticas y procedimientos en pacientes con indemnizaci\u00f3n laboral | Best Hip &amp; Knee Surgeon | NY, USA","description":"Las directrices creadas por la Junta de Indemnizaci\u00f3n por Accidentes de Trabajo del Estado de Nueva York tienen por objeto ayudar a los m\u00e9dicos y","robots":{"index":"index","follow":"follow","max-snippet":"max-snippet:-1","max-image-preview":"max-image-preview:large","max-video-preview":"max-video-preview:-1"},"canonical":"https:\/\/www.newyorkhipknee.com\/es\/indemnizacion-por-accidente-laboral\/directrices-de-tratamiento-medico-mtg\/lesion-de-rodilla\/pruebas-y-procedimientos-de-diagnostico\/","og_locale":"es_ES","og_type":"article","og_title":"Directrices de tratamiento m\u00e9dico del Estado de Nueva York para pruebas diagn\u00f3sticas y procedimientos en pacientes con indemnizaci\u00f3n laboral | Best Hip &amp; Knee Surgeon | NY, USA","og_description":"Las directrices creadas por la Junta de Indemnizaci\u00f3n por Accidentes de Trabajo del Estado de Nueva York tienen por objeto ayudar a los m\u00e9dicos y","og_url":"https:\/\/www.newyorkhipknee.com\/es\/indemnizacion-por-accidente-laboral\/directrices-de-tratamiento-medico-mtg\/lesion-de-rodilla\/pruebas-y-procedimientos-de-diagnostico\/","og_site_name":"Best Hip &amp; Knee Surgeon | NY, USA","article_modified_time":"2024-01-30T16:29:28+00:00","twitter_card":"summary_large_image","twitter_misc":{"Tiempo de lectura":"7 minutos"},"schema":{"@context":"https:\/\/schema.org","@graph":[{"@type":["WebPage","MedicalWebPage"],"@id":"https:\/\/www.newyorkhipknee.com\/es\/indemnizacion-por-accidente-laboral\/directrices-de-tratamiento-medico-mtg\/lesion-de-rodilla\/pruebas-y-procedimientos-de-diagnostico\/","url":"https:\/\/www.newyorkhipknee.com\/es\/indemnizacion-por-accidente-laboral\/directrices-de-tratamiento-medico-mtg\/lesion-de-rodilla\/pruebas-y-procedimientos-de-diagnostico\/","name":"Directrices de tratamiento m\u00e9dico del Estado de Nueva York para pruebas diagn\u00f3sticas y procedimientos en pacientes con indemnizaci\u00f3n laboral | Best Hip &amp; Knee Surgeon | NY, USA","isPartOf":{"@id":"https:\/\/www.newyorkhipknee.com\/es\/#website"},"datePublished":"2024-01-19T20:30:11+00:00","dateModified":"2024-01-30T16:29:28+00:00","description":"Las directrices creadas por la Junta de Indemnizaci\u00f3n por Accidentes de Trabajo del Estado de Nueva York tienen por objeto ayudar a los m\u00e9dicos y","breadcrumb":{"@id":"https:\/\/www.newyorkhipknee.com\/es\/indemnizacion-por-accidente-laboral\/directrices-de-tratamiento-medico-mtg\/lesion-de-rodilla\/pruebas-y-procedimientos-de-diagnostico\/#breadcrumb"},"inLanguage":"es","potentialAction":[{"@type":"ReadAction","target":["https:\/\/www.newyorkhipknee.com\/es\/indemnizacion-por-accidente-laboral\/directrices-de-tratamiento-medico-mtg\/lesion-de-rodilla\/pruebas-y-procedimientos-de-diagnostico\/"]}]},{"@type":"BreadcrumbList","@id":"https:\/\/www.newyorkhipknee.com\/es\/indemnizacion-por-accidente-laboral\/directrices-de-tratamiento-medico-mtg\/lesion-de-rodilla\/pruebas-y-procedimientos-de-diagnostico\/#breadcrumb","itemListElement":[{"@type":"ListItem","position":1,"name":"Home","item":"https:\/\/www.newyorkhipknee.com\/es\/"},{"@type":"ListItem","position":2,"name":"Indemnizaci\u00f3n por accidente laboral","item":"https:\/\/www.newyorkhipknee.com\/es\/indemnizacion-por-accidente-laboral\/"},{"@type":"ListItem","position":3,"name":"Directrices de tratamiento m\u00e9dico (MTG)","item":"https:\/\/www.newyorkhipknee.com\/es\/indemnizacion-por-accidente-laboral\/directrices-de-tratamiento-medico-mtg\/"},{"@type":"ListItem","position":4,"name":"Pautas de tratamiento m\u00e9dico del Estado de Nueva York para lesiones de rodilla en pacientes con indemnizaci\u00f3n por accidente laboral","item":"https:\/\/www.newyorkhipknee.com\/es\/indemnizacion-por-accidente-laboral\/directrices-de-tratamiento-medico-mtg\/lesion-de-rodilla\/"},{"@type":"ListItem","position":5,"name":"Directrices de tratamiento m\u00e9dico del Estado de Nueva York para pruebas diagn\u00f3sticas y procedimientos en pacientes con indemnizaci\u00f3n laboral"}]},{"@type":"WebSite","@id":"https:\/\/www.newyorkhipknee.com\/es\/#website","url":"https:\/\/www.newyorkhipknee.com\/es\/","name":"Best Hip & Knee Surgeon | NY, USA","description":"","potentialAction":[{"@type":"SearchAction","target":{"@type":"EntryPoint","urlTemplate":"https:\/\/www.newyorkhipknee.com\/es\/?s={search_term_string}"},"query-input":{"@type":"PropertyValueSpecification","valueRequired":true,"valueName":"search_term_string"}}],"inLanguage":"es"}]}},"_links":{"self":[{"href":"https:\/\/www.newyorkhipknee.com\/es\/wp-json\/wp\/v2\/pages\/22163","targetHints":{"allow":["GET"]}}],"collection":[{"href":"https:\/\/www.newyorkhipknee.com\/es\/wp-json\/wp\/v2\/pages"}],"about":[{"href":"https:\/\/www.newyorkhipknee.com\/es\/wp-json\/wp\/v2\/types\/page"}],"author":[{"embeddable":true,"href":"https:\/\/www.newyorkhipknee.com\/es\/wp-json\/wp\/v2\/users\/33"}],"replies":[{"embeddable":true,"href":"https:\/\/www.newyorkhipknee.com\/es\/wp-json\/wp\/v2\/comments?post=22163"}],"version-history":[{"count":0,"href":"https:\/\/www.newyorkhipknee.com\/es\/wp-json\/wp\/v2\/pages\/22163\/revisions"}],"up":[{"embeddable":true,"href":"https:\/\/www.newyorkhipknee.com\/es\/wp-json\/wp\/v2\/pages\/22300"}],"wp:attachment":[{"href":"https:\/\/www.newyorkhipknee.com\/es\/wp-json\/wp\/v2\/media?parent=22163"}],"curies":[{"name":"wp","href":"https:\/\/api.w.org\/{rel}","templated":true}]}}