{"id":22167,"date":"2024-01-22T15:48:23","date_gmt":"2024-01-22T20:48:23","guid":{"rendered":"https:\/\/newyorkhipknee.com\/lesion-de-menisco\/"},"modified":"2024-01-30T11:27:56","modified_gmt":"2024-01-30T16:27:56","slug":"lesion-de-menisco","status":"publish","type":"page","link":"https:\/\/www.newyorkhipknee.com\/es\/indemnizacion-por-accidente-laboral\/directrices-de-tratamiento-medico-mtg\/lesion-de-rodilla\/lesion-de-menisco\/","title":{"rendered":"Pautas de tratamiento m\u00e9dico del estado de Nueva York para lesiones de menisco en pacientes de compensaci\u00f3n laboral"},"content":{"rendered":"<div class=\"flex-1 overflow-hidden\">\n<div class=\"react-scroll-to-bottom--css-zayfr-79elbk h-full\">\n<div class=\"react-scroll-to-bottom--css-zayfr-1n7m0yu\">\n<div class=\"flex flex-col pb-9 text-sm\">\n<div class=\"w-full text-token-text-primary\" data-testid=\"conversation-turn-11\">\n<div class=\"px-4 py-2 justify-center text-base md:gap-6 m-auto\">\n<div class=\"flex flex-1 text-base mx-auto gap-3 md:px-5 lg:px-1 xl:px-5 md:max-w-3xl lg:max-w-[40rem] xl:max-w-[48rem] group final-completion\">\n<div class=\"relative flex w-full flex-col lg:w-[calc(100%-115px)] agent-turn\">\n<div class=\"flex-col gap-1 md:gap-3\">\n<div class=\"flex flex-grow flex-col max-w-full\">\n<div class=\"min-h-[20px] text-message flex flex-col items-start gap-3 whitespace-pre-wrap break-words [.text-message+&amp;]:mt-5 overflow-x-auto\" data-message-author-role=\"assistant\" data-message-id=\"bd4469e0-39ed-4e37-8705-ada5e005e6e9\">\n<div class=\"markdown prose w-full break-words dark:prose-invert dark\">\n<p>Las directrices establecidas por la Junta de Indemnizaci\u00f3n por Accidentes de Trabajo del Estado de Nueva York tienen por objeto ayudar a los m\u00e9dicos y profesionales sanitarios a determinar el tratamiento adecuado para la lesi\u00f3n de menisco.<\/p>\n<p>Los profesionales sanitarios especializados en lesiones de menisco pueden basarse en las directrices de la Junta de Indemnizaci\u00f3n por Accidentes de Trabajo para tomar decisiones bien fundadas sobre el nivel \u00f3ptimo de cuidados para sus pacientes.<\/p>\n<p>Es esencial destacar que estas directrices no pretenden sustituir al juicio cl\u00ednico ni a la experiencia profesional. En \u00faltima instancia, la decisi\u00f3n sobre los cuidados debe ser fruto de la colaboraci\u00f3n entre el paciente y el profesional sanitario.<\/p>\n<h3><\/h3>\n<h3><strong>Descripci\u00f3n \/ Definici\u00f3n<\/strong><\/h3>\n<p><a href=\"https:\/\/www.cortho.org\/case-studies\/sports-medicine-case-studies\/meniscal-root-repair-53-year-old-female\/\">Desgarro, rotura o avulsi\u00f3n del tejido del menisco medial o lateral.<\/a><\/p>\n<p>&nbsp;<\/p>\n<h3><strong>Mecanismo de lesi\u00f3n<\/strong><\/h3>\n<p>Traumatismos de los meniscos por rotaci\u00f3n, cizallamiento, torsi\u00f3n y\/o lesiones por impacto.<\/p>\n<p>&nbsp;<\/p>\n<h3><strong>Hallazgos f\u00edsicos espec\u00edficos<\/strong><\/h3>\n<p>El paciente describe una sensaci\u00f3n de chasquido, desgarro o enganche. Los hallazgos en la exploraci\u00f3n f\u00edsica pueden incluir sensibilidad en la l\u00ednea articular, articulaci\u00f3n bloqueada u, ocasionalmente, derrame. Los elementos pertinentes de la exploraci\u00f3n f\u00edsica pueden incluir resultados positivos en las pruebas de McMurray, Apley, Steinman (partes 1 y 2) o Childress.<\/p>\n<p>&nbsp;<\/p>\n<h3><strong>Procedimientos de pruebas de diagn\u00f3stico<\/strong><\/h3>\n<p>Radiograf\u00edas, resonancia magn\u00e9tica<br \/>\nRecomendado &#8211; en pacientes seleccionados seg\u00fan indicaci\u00f3n cl\u00ednica.<\/p>\n<p><strong>Indicaciones:<\/strong> Radiograf\u00edas incluyendo vistas de pie Posterior\/Anterior (PA), lateral, t\u00fanel y horizonte. La resonancia magn\u00e9tica es la prueba de imagen definitiva. La IRM es sensible y espec\u00edfica para la rotura meniscal. Sin embargo, la resonancia magn\u00e9tica del menisco suele ser anormal en lesiones asintom\u00e1ticas. La correlaci\u00f3n cl\u00ednica con la historia cl\u00ednica y los hallazgos de la exploraci\u00f3n f\u00edsica espec\u00edficos de la lesi\u00f3n de menisco es de vital importancia.<\/p>\n<p>Por lo tanto, los profesionales que planifiquen el tratamiento deben tener muy en cuenta las quejas del paciente y la presencia de artritis en la IRM, sabiendo que no todos los desgarros de menisco en la poblaci\u00f3n de mediana y avanzada edad est\u00e1n relacionados con las quejas de dolor de los pacientes.<\/p>\n<p>Nota: los artrogramas por RM pueden ser apropiados para diagnosticar desgarros meniscales recidivantes, sobre todo despu\u00e9s de una intervenci\u00f3n quir\u00fargica previa.<\/p>\n<p>&nbsp;<\/p>\n<\/div>\n<h3><strong>Tratamiento no quir\u00fargico<\/strong><\/h3>\n<p>Reposo\/restricci\u00f3n de la actividad, descarga con muletas o bast\u00f3n, AINE, APAP, que pueden ir seguidos de terapia activa y\/o pasiva, ortesis.<br \/>\nRecomendado &#8211; en pacientes seleccionados seg\u00fan indicaci\u00f3n cl\u00ednica.<br \/>\nNota: Se puede intentar una prueba de manipulaci\u00f3n para una rodilla bloqueada. La respuesta cl\u00ednica deber\u00eda observarse en dos o tres tratamientos.<\/p>\n<p>&nbsp;<\/p>\n<h3><strong>Su<\/strong><strong>Indicaciones m\u00e9dicas \/ Tratamiento quir\u00fargico<\/strong><\/h3>\n<h3><strong>Trasplante de aloinjerto meniscal<\/strong><\/h3>\n<p>Recomendado &#8211; en raros pacientes, seg\u00fan indicaci\u00f3n cl\u00ednica.<br \/>\nEl trasplante de aloinjerto meniscal no figura en la lista de procedimientos preautorizados. Los proveedores que deseen realizar uno de estos procedimientos deben solicitar una autorizaci\u00f3n previa del transportista antes de realizar el procedimiento.<\/p>\n<p><a href=\"https:\/\/www.cortho.org\/case-studies\/sports-medicine-case-studies\/knee-arthroscopy-medial-meniscal-repair-54-year-old-female\/\"><strong>Meniscectom\u00eda\/Reparaci\u00f3n del menisco<\/strong><\/a><br \/>\nRecomendado &#8211; en pacientes seleccionados, seg\u00fan indicaci\u00f3n cl\u00ednica.<\/p>\n<p><strong>Terapia postoperatoria<\/strong><br \/>\nTerapia, ortesis.<br \/>\nRecomendado &#8211; en pacientes seleccionados seg\u00fan indicaci\u00f3n cl\u00ednica<\/p>\n<\/div>\n<p>&nbsp;<\/p>\n<\/div>\n<div class=\"mt-1 flex justify-start gap-3 empty:hidden\">\n<div class=\"text-gray-400 flex self-end lg:self-center justify-center lg:justify-start mt-0 -ml-1 visible\">\n<div class=\"flex\"><\/div>\n<div class=\"flex items-center gap-1.5 text-xs\"><\/div>\n<\/div>\n<\/div>\n<\/div>\n<\/div>\n<\/div>\n<\/div>\n<\/div>\n<\/div>\n<\/div>\n<\/div>\n<\/div>\n<div class=\"w-full pt-2 md:pt-0 dark:border-white\/20 md:border-transparent md:dark:border-transparent md:w-[calc(100%-.5rem)]\">\n<form class=\"stretch mx-2 flex flex-row gap-3 last:mb-2 md:mx-4 md:last:mb-6 lg:mx-auto lg:max-w-2xl xl:max-w-3xl\">\n<div class=\"relative flex h-full flex-1 items-stretch md:flex-col\">\n<div class=\"flex w-full items-center\"><\/div>\n<\/div>\n<\/form>\n<\/div>\n","protected":false},"excerpt":{"rendered":"<p>Las directrices establecidas por la Junta de Indemnizaci\u00f3n por Accidentes de Trabajo del Estado de Nueva York tienen por objeto ayudar a los m\u00e9dicos y profesionales sanitarios a determinar el tratamiento adecuado para la lesi\u00f3n de menisco. Los profesionales sanitarios especializados en lesiones de menisco pueden basarse en las directrices de la Junta de Indemnizaci\u00f3n [&hellip;]<\/p>\n","protected":false},"author":33,"featured_media":0,"parent":22300,"menu_order":0,"comment_status":"closed","ping_status":"closed","template":"","meta":{"_et_pb_use_builder":"","_et_pb_old_content":"","_et_gb_content_width":"","footnotes":""},"class_list":["post-22167","page","type-page","status-publish","hentry"],"yoast_head":"<!-- This site is optimized with the Yoast SEO plugin v27.2 - https:\/\/yoast.com\/product\/yoast-seo-wordpress\/ -->\n<title>Pautas de tratamiento m\u00e9dico del estado de Nueva York para lesiones de menisco en pacientes de compensaci\u00f3n laboral | Best Hip &amp; Knee Surgeon | NY, USA<\/title>\n<meta name=\"description\" content=\"Las directrices establecidas por la Junta de Indemnizaci\u00f3n por Accidentes de Trabajo del Estado de Nueva York tienen por objeto ayudar a los m\u00e9dicos y\" \/>\n<meta name=\"robots\" content=\"index, follow, max-snippet:-1, max-image-preview:large, max-video-preview:-1\" \/>\n<link rel=\"canonical\" href=\"https:\/\/www.newyorkhipknee.com\/es\/indemnizacion-por-accidente-laboral\/directrices-de-tratamiento-medico-mtg\/lesion-de-rodilla\/lesion-de-menisco\/\" \/>\n<meta property=\"og:locale\" content=\"es_ES\" \/>\n<meta property=\"og:type\" content=\"article\" \/>\n<meta property=\"og:title\" content=\"Pautas de tratamiento m\u00e9dico del estado de Nueva York para lesiones de menisco en pacientes de compensaci\u00f3n laboral | Best Hip &amp; Knee Surgeon | NY, USA\" \/>\n<meta property=\"og:description\" content=\"Las directrices establecidas por la Junta de Indemnizaci\u00f3n por Accidentes de Trabajo del Estado de Nueva York tienen por objeto ayudar a los m\u00e9dicos y\" \/>\n<meta property=\"og:url\" content=\"https:\/\/www.newyorkhipknee.com\/es\/indemnizacion-por-accidente-laboral\/directrices-de-tratamiento-medico-mtg\/lesion-de-rodilla\/lesion-de-menisco\/\" \/>\n<meta property=\"og:site_name\" content=\"Best Hip &amp; Knee Surgeon | NY, USA\" \/>\n<meta property=\"article:modified_time\" content=\"2024-01-30T16:27:56+00:00\" \/>\n<meta name=\"twitter:card\" content=\"summary_large_image\" \/>\n<meta name=\"twitter:label1\" content=\"Tiempo de lectura\" \/>\n\t<meta name=\"twitter:data1\" content=\"3 minutos\" \/>\n<script type=\"application\/ld+json\" class=\"yoast-schema-graph\">{\"@context\":\"https:\/\/schema.org\",\"@graph\":[{\"@type\":[\"WebPage\",\"MedicalWebPage\"],\"@id\":\"https:\/\/www.newyorkhipknee.com\/es\/indemnizacion-por-accidente-laboral\/directrices-de-tratamiento-medico-mtg\/lesion-de-rodilla\/lesion-de-menisco\/\",\"url\":\"https:\/\/www.newyorkhipknee.com\/es\/indemnizacion-por-accidente-laboral\/directrices-de-tratamiento-medico-mtg\/lesion-de-rodilla\/lesion-de-menisco\/\",\"name\":\"Pautas de tratamiento m\u00e9dico del estado de Nueva York para lesiones de menisco en pacientes de compensaci\u00f3n laboral | Best Hip &amp; Knee Surgeon | NY, USA\",\"isPartOf\":{\"@id\":\"https:\/\/www.newyorkhipknee.com\/es\/#website\"},\"datePublished\":\"2024-01-22T20:48:23+00:00\",\"dateModified\":\"2024-01-30T16:27:56+00:00\",\"description\":\"Las directrices establecidas por la Junta de Indemnizaci\u00f3n por Accidentes de Trabajo del Estado de Nueva York tienen por objeto ayudar a los m\u00e9dicos y\",\"breadcrumb\":{\"@id\":\"https:\/\/www.newyorkhipknee.com\/es\/indemnizacion-por-accidente-laboral\/directrices-de-tratamiento-medico-mtg\/lesion-de-rodilla\/lesion-de-menisco\/#breadcrumb\"},\"inLanguage\":\"es\",\"potentialAction\":[{\"@type\":\"ReadAction\",\"target\":[\"https:\/\/www.newyorkhipknee.com\/es\/indemnizacion-por-accidente-laboral\/directrices-de-tratamiento-medico-mtg\/lesion-de-rodilla\/lesion-de-menisco\/\"]}]},{\"@type\":\"BreadcrumbList\",\"@id\":\"https:\/\/www.newyorkhipknee.com\/es\/indemnizacion-por-accidente-laboral\/directrices-de-tratamiento-medico-mtg\/lesion-de-rodilla\/lesion-de-menisco\/#breadcrumb\",\"itemListElement\":[{\"@type\":\"ListItem\",\"position\":1,\"name\":\"Home\",\"item\":\"https:\/\/www.newyorkhipknee.com\/es\/\"},{\"@type\":\"ListItem\",\"position\":2,\"name\":\"Indemnizaci\u00f3n por accidente laboral\",\"item\":\"https:\/\/www.newyorkhipknee.com\/es\/indemnizacion-por-accidente-laboral\/\"},{\"@type\":\"ListItem\",\"position\":3,\"name\":\"Directrices de tratamiento m\u00e9dico (MTG)\",\"item\":\"https:\/\/www.newyorkhipknee.com\/es\/indemnizacion-por-accidente-laboral\/directrices-de-tratamiento-medico-mtg\/\"},{\"@type\":\"ListItem\",\"position\":4,\"name\":\"Pautas de tratamiento m\u00e9dico del Estado de Nueva York para lesiones de rodilla en pacientes con indemnizaci\u00f3n por accidente laboral\",\"item\":\"https:\/\/www.newyorkhipknee.com\/es\/indemnizacion-por-accidente-laboral\/directrices-de-tratamiento-medico-mtg\/lesion-de-rodilla\/\"},{\"@type\":\"ListItem\",\"position\":5,\"name\":\"Pautas de tratamiento m\u00e9dico del estado de Nueva York para lesiones de menisco en pacientes de compensaci\u00f3n laboral\"}]},{\"@type\":\"WebSite\",\"@id\":\"https:\/\/www.newyorkhipknee.com\/es\/#website\",\"url\":\"https:\/\/www.newyorkhipknee.com\/es\/\",\"name\":\"Best Hip & Knee Surgeon | NY, USA\",\"description\":\"\",\"potentialAction\":[{\"@type\":\"SearchAction\",\"target\":{\"@type\":\"EntryPoint\",\"urlTemplate\":\"https:\/\/www.newyorkhipknee.com\/es\/?s={search_term_string}\"},\"query-input\":{\"@type\":\"PropertyValueSpecification\",\"valueRequired\":true,\"valueName\":\"search_term_string\"}}],\"inLanguage\":\"es\"}]}<\/script>\n<!-- \/ Yoast SEO plugin. -->","yoast_head_json":{"title":"Pautas de tratamiento m\u00e9dico del estado de Nueva York para lesiones de menisco en pacientes de compensaci\u00f3n laboral | Best Hip &amp; Knee Surgeon | NY, USA","description":"Las directrices establecidas por la Junta de Indemnizaci\u00f3n por Accidentes de Trabajo del Estado de Nueva York tienen por objeto ayudar a los m\u00e9dicos y","robots":{"index":"index","follow":"follow","max-snippet":"max-snippet:-1","max-image-preview":"max-image-preview:large","max-video-preview":"max-video-preview:-1"},"canonical":"https:\/\/www.newyorkhipknee.com\/es\/indemnizacion-por-accidente-laboral\/directrices-de-tratamiento-medico-mtg\/lesion-de-rodilla\/lesion-de-menisco\/","og_locale":"es_ES","og_type":"article","og_title":"Pautas de tratamiento m\u00e9dico del estado de Nueva York para lesiones de menisco en pacientes de compensaci\u00f3n laboral | Best Hip &amp; Knee Surgeon | NY, USA","og_description":"Las directrices establecidas por la Junta de Indemnizaci\u00f3n por Accidentes de Trabajo del Estado de Nueva York tienen por objeto ayudar a los m\u00e9dicos y","og_url":"https:\/\/www.newyorkhipknee.com\/es\/indemnizacion-por-accidente-laboral\/directrices-de-tratamiento-medico-mtg\/lesion-de-rodilla\/lesion-de-menisco\/","og_site_name":"Best Hip &amp; Knee Surgeon | NY, USA","article_modified_time":"2024-01-30T16:27:56+00:00","twitter_card":"summary_large_image","twitter_misc":{"Tiempo de lectura":"3 minutos"},"schema":{"@context":"https:\/\/schema.org","@graph":[{"@type":["WebPage","MedicalWebPage"],"@id":"https:\/\/www.newyorkhipknee.com\/es\/indemnizacion-por-accidente-laboral\/directrices-de-tratamiento-medico-mtg\/lesion-de-rodilla\/lesion-de-menisco\/","url":"https:\/\/www.newyorkhipknee.com\/es\/indemnizacion-por-accidente-laboral\/directrices-de-tratamiento-medico-mtg\/lesion-de-rodilla\/lesion-de-menisco\/","name":"Pautas de tratamiento m\u00e9dico del estado de Nueva York para lesiones de menisco en pacientes de compensaci\u00f3n laboral | Best Hip &amp; Knee Surgeon | NY, USA","isPartOf":{"@id":"https:\/\/www.newyorkhipknee.com\/es\/#website"},"datePublished":"2024-01-22T20:48:23+00:00","dateModified":"2024-01-30T16:27:56+00:00","description":"Las directrices establecidas por la Junta de Indemnizaci\u00f3n por Accidentes de Trabajo del Estado de Nueva York tienen por objeto ayudar a los m\u00e9dicos y","breadcrumb":{"@id":"https:\/\/www.newyorkhipknee.com\/es\/indemnizacion-por-accidente-laboral\/directrices-de-tratamiento-medico-mtg\/lesion-de-rodilla\/lesion-de-menisco\/#breadcrumb"},"inLanguage":"es","potentialAction":[{"@type":"ReadAction","target":["https:\/\/www.newyorkhipknee.com\/es\/indemnizacion-por-accidente-laboral\/directrices-de-tratamiento-medico-mtg\/lesion-de-rodilla\/lesion-de-menisco\/"]}]},{"@type":"BreadcrumbList","@id":"https:\/\/www.newyorkhipknee.com\/es\/indemnizacion-por-accidente-laboral\/directrices-de-tratamiento-medico-mtg\/lesion-de-rodilla\/lesion-de-menisco\/#breadcrumb","itemListElement":[{"@type":"ListItem","position":1,"name":"Home","item":"https:\/\/www.newyorkhipknee.com\/es\/"},{"@type":"ListItem","position":2,"name":"Indemnizaci\u00f3n por accidente laboral","item":"https:\/\/www.newyorkhipknee.com\/es\/indemnizacion-por-accidente-laboral\/"},{"@type":"ListItem","position":3,"name":"Directrices de tratamiento m\u00e9dico (MTG)","item":"https:\/\/www.newyorkhipknee.com\/es\/indemnizacion-por-accidente-laboral\/directrices-de-tratamiento-medico-mtg\/"},{"@type":"ListItem","position":4,"name":"Pautas de tratamiento m\u00e9dico del Estado de Nueva York para lesiones de rodilla en pacientes con indemnizaci\u00f3n por accidente laboral","item":"https:\/\/www.newyorkhipknee.com\/es\/indemnizacion-por-accidente-laboral\/directrices-de-tratamiento-medico-mtg\/lesion-de-rodilla\/"},{"@type":"ListItem","position":5,"name":"Pautas de tratamiento m\u00e9dico del estado de Nueva York para lesiones de menisco en pacientes de compensaci\u00f3n laboral"}]},{"@type":"WebSite","@id":"https:\/\/www.newyorkhipknee.com\/es\/#website","url":"https:\/\/www.newyorkhipknee.com\/es\/","name":"Best Hip & Knee Surgeon | NY, USA","description":"","potentialAction":[{"@type":"SearchAction","target":{"@type":"EntryPoint","urlTemplate":"https:\/\/www.newyorkhipknee.com\/es\/?s={search_term_string}"},"query-input":{"@type":"PropertyValueSpecification","valueRequired":true,"valueName":"search_term_string"}}],"inLanguage":"es"}]}},"_links":{"self":[{"href":"https:\/\/www.newyorkhipknee.com\/es\/wp-json\/wp\/v2\/pages\/22167","targetHints":{"allow":["GET"]}}],"collection":[{"href":"https:\/\/www.newyorkhipknee.com\/es\/wp-json\/wp\/v2\/pages"}],"about":[{"href":"https:\/\/www.newyorkhipknee.com\/es\/wp-json\/wp\/v2\/types\/page"}],"author":[{"embeddable":true,"href":"https:\/\/www.newyorkhipknee.com\/es\/wp-json\/wp\/v2\/users\/33"}],"replies":[{"embeddable":true,"href":"https:\/\/www.newyorkhipknee.com\/es\/wp-json\/wp\/v2\/comments?post=22167"}],"version-history":[{"count":0,"href":"https:\/\/www.newyorkhipknee.com\/es\/wp-json\/wp\/v2\/pages\/22167\/revisions"}],"up":[{"embeddable":true,"href":"https:\/\/www.newyorkhipknee.com\/es\/wp-json\/wp\/v2\/pages\/22300"}],"wp:attachment":[{"href":"https:\/\/www.newyorkhipknee.com\/es\/wp-json\/wp\/v2\/media?parent=22167"}],"curies":[{"name":"wp","href":"https:\/\/api.w.org\/{rel}","templated":true}]}}