{"id":22169,"date":"2024-01-22T16:01:22","date_gmt":"2024-01-22T21:01:22","guid":{"rendered":"https:\/\/newyorkhipknee.com\/pautas-de-tratamiento-medico-del-estado-de-nueva-york-para-la-subluxacion-rotuliana\/"},"modified":"2024-01-30T11:28:30","modified_gmt":"2024-01-30T16:28:30","slug":"pautas-de-tratamiento-medico-del-estado-de-nueva-york-para-la-subluxacion-rotuliana","status":"publish","type":"page","link":"https:\/\/www.newyorkhipknee.com\/es\/indemnizacion-por-accidente-laboral\/directrices-de-tratamiento-medico-mtg\/lesion-de-rodilla\/pautas-de-tratamiento-medico-del-estado-de-nueva-york-para-la-subluxacion-rotuliana\/","title":{"rendered":"Pautas de tratamiento m\u00e9dico del estado de Nueva York para la subluxaci\u00f3n rotuliana en pacientes de compensaci\u00f3n laboral"},"content":{"rendered":"<p>Las directrices establecidas por la Junta de Indemnizaci\u00f3n por Accidentes de Trabajo del Estado de Nueva York tienen por objeto proporcionar ayuda a los m\u00e9dicos, pod\u00f3logos y profesionales sanitarios para determinar el tratamiento adecuado de la subluxaci\u00f3n rotuliana.<\/p>\n<p>Los profesionales sanitarios especializados en trastornos de la subluxaci\u00f3n rotuliana pueden confiar en las directrices de la Junta de Indemnizaci\u00f3n por Accidentes de Trabajo para tomar decisiones bien informadas sobre el nivel \u00f3ptimo de atenci\u00f3n para sus pacientes.<\/p>\n<p>Es esencial destacar que estas directrices no pretenden sustituir al juicio cl\u00ednico ni a la experiencia profesional. En \u00faltima instancia, la decisi\u00f3n sobre los cuidados debe ser fruto de la colaboraci\u00f3n entre el paciente y el profesional sanitario.<\/p>\n<p>&nbsp;<\/p>\n<h3><\/h3>\n<h3><strong>Descripci\u00f3n \/ Definici\u00f3n<\/strong><\/h3>\n<p>Una subluxaci\u00f3n o luxaci\u00f3n incompleta de la r\u00f3tula. Los episodios recurrentes pueden provocar un s\u00edndrome de subluxaci\u00f3n que puede causar una luxaci\u00f3n franca de la r\u00f3tula.<\/p>\n<p>&nbsp;<\/p>\n<h3><strong>Mecanismo de lesi\u00f3n<\/strong><\/h3>\n<p>Principalmente asociado con contusi\u00f3n, fuerza lateral contacto directo. Causas secundarias asociadas a fuerzas de cizallamiento sobre la r\u00f3tula.<\/p>\n<p>&nbsp;<\/p>\n<h3><strong>Hallazgos f\u00edsicos espec\u00edficos<\/strong><\/h3>\n<p>El paciente puede referir sensaci\u00f3n de pandeo. Los hallazgos en la exploraci\u00f3n f\u00edsica pueden incluir debilidad retinacular, inflamaci\u00f3n, derrame, dolor marcado con rastreo\/compresi\u00f3n patelofemoral y deslizamientos. Adem\u00e1s, otros hallazgos incluyen atrofia muscular, prueba de aprehensi\u00f3n rotuliana positiva, r\u00f3tula alta.<\/p>\n<p>&nbsp;<\/p>\n<h3><strong>Procedimientos de pruebas de diagn\u00f3stico<\/strong><\/h3>\n<p>Radiograf\u00edas<br \/>\nRecomendado &#8211; en pacientes seleccionados seg\u00fan indicaci\u00f3n cl\u00ednica y puede incluir vistas Merchant, \u00e1ngulo Q frente a congruentes.<\/p>\n<p>&nbsp;<\/p>\n<h3><strong>Tratamiento no quir\u00fargico<\/strong><\/h3>\n<p>Reposo\/restricci\u00f3n de la actividad, descarga con muletas o bast\u00f3n, AINE, APAP que puede ir seguida de terapia activa y\/o pasiva, ortesis, inyecci\u00f3n terap\u00e9utica.<br \/>\nRecomendado &#8211; en pacientes seleccionados seg\u00fan indicaci\u00f3n cl\u00ednica.<\/p>\n<p>&nbsp;<\/p>\n<h3><strong>Tratamiento Quir\u00fargico<\/strong><\/h3>\n<p>Fijaci\u00f3n interna de reducci\u00f3n abierta con fractura.<br \/>\nRecomendado &#8211; en pacientes seleccionados seg\u00fan indicaci\u00f3n cl\u00ednica.<br \/>\nIndicaciones: Fractura, subluxaci\u00f3n recurrente o derrame recurrente, o s\u00edntomas que no responden a la terapia conservadora.<br \/>\nNota: Tras una luxaci\u00f3n rotuliana, la consulta quir\u00fargica no debe realizarse antes de dos o tres meses de terapia conservadora. La liberaci\u00f3n retinacular, el reefing del cu\u00e1driceps y la transferencia del tend\u00f3n rotuliano s\u00f3lo deben considerarse tras un m\u00ednimo de cuatro a cinco meses de tratamiento conservador.<\/p>\n<p>&nbsp;<\/p>\n<h3><strong>Terapia postoperatoria<\/strong><\/h3>\n<p>Terapia, ortesis.<br \/>\nRecomendado &#8211; en pacientes seleccionados seg\u00fan indicaci\u00f3n cl\u00ednica.<\/p>\n<p>&nbsp;<\/p>\n<p>&nbsp;<\/p>\n","protected":false},"excerpt":{"rendered":"<p>Las directrices establecidas por la Junta de Indemnizaci\u00f3n por Accidentes de Trabajo del Estado de Nueva York tienen por objeto proporcionar ayuda a los m\u00e9dicos, pod\u00f3logos y profesionales sanitarios para determinar el tratamiento adecuado de la subluxaci\u00f3n rotuliana. Los profesionales sanitarios especializados en trastornos de la subluxaci\u00f3n rotuliana pueden confiar en las directrices de la [&hellip;]<\/p>\n","protected":false},"author":33,"featured_media":0,"parent":22300,"menu_order":0,"comment_status":"closed","ping_status":"closed","template":"","meta":{"_et_pb_use_builder":"","_et_pb_old_content":"","_et_gb_content_width":"","footnotes":""},"class_list":["post-22169","page","type-page","status-publish","hentry"],"yoast_head":"<!-- This site is optimized with the Yoast SEO plugin v27.2 - https:\/\/yoast.com\/product\/yoast-seo-wordpress\/ -->\n<title>Pautas de tratamiento m\u00e9dico del estado de Nueva York para la subluxaci\u00f3n rotuliana en pacientes de compensaci\u00f3n laboral | Best Hip &amp; Knee Surgeon | NY, USA<\/title>\n<meta name=\"description\" content=\"Las directrices establecidas por la Junta de Indemnizaci\u00f3n por Accidentes de Trabajo del Estado de Nueva York tienen por objeto proporcionar ayuda a los\" \/>\n<meta name=\"robots\" content=\"index, follow, max-snippet:-1, max-image-preview:large, max-video-preview:-1\" \/>\n<link rel=\"canonical\" href=\"https:\/\/www.newyorkhipknee.com\/es\/indemnizacion-por-accidente-laboral\/directrices-de-tratamiento-medico-mtg\/lesion-de-rodilla\/pautas-de-tratamiento-medico-del-estado-de-nueva-york-para-la-subluxacion-rotuliana\/\" \/>\n<meta property=\"og:locale\" content=\"es_ES\" \/>\n<meta property=\"og:type\" content=\"article\" \/>\n<meta property=\"og:title\" content=\"Pautas de tratamiento m\u00e9dico del estado de Nueva York para la subluxaci\u00f3n rotuliana en pacientes de compensaci\u00f3n laboral | Best Hip &amp; Knee Surgeon | NY, USA\" \/>\n<meta property=\"og:description\" content=\"Las directrices establecidas por la Junta de Indemnizaci\u00f3n por Accidentes de Trabajo del Estado de Nueva York tienen por objeto proporcionar ayuda a los\" \/>\n<meta property=\"og:url\" content=\"https:\/\/www.newyorkhipknee.com\/es\/indemnizacion-por-accidente-laboral\/directrices-de-tratamiento-medico-mtg\/lesion-de-rodilla\/pautas-de-tratamiento-medico-del-estado-de-nueva-york-para-la-subluxacion-rotuliana\/\" \/>\n<meta property=\"og:site_name\" content=\"Best Hip &amp; Knee Surgeon | NY, USA\" \/>\n<meta property=\"article:modified_time\" content=\"2024-01-30T16:28:30+00:00\" \/>\n<meta name=\"twitter:card\" content=\"summary_large_image\" \/>\n<meta name=\"twitter:label1\" content=\"Tiempo de lectura\" \/>\n\t<meta name=\"twitter:data1\" content=\"2 minutos\" \/>\n<script type=\"application\/ld+json\" class=\"yoast-schema-graph\">{\"@context\":\"https:\/\/schema.org\",\"@graph\":[{\"@type\":[\"WebPage\",\"MedicalWebPage\"],\"@id\":\"https:\/\/www.newyorkhipknee.com\/es\/indemnizacion-por-accidente-laboral\/directrices-de-tratamiento-medico-mtg\/lesion-de-rodilla\/pautas-de-tratamiento-medico-del-estado-de-nueva-york-para-la-subluxacion-rotuliana\/\",\"url\":\"https:\/\/www.newyorkhipknee.com\/es\/indemnizacion-por-accidente-laboral\/directrices-de-tratamiento-medico-mtg\/lesion-de-rodilla\/pautas-de-tratamiento-medico-del-estado-de-nueva-york-para-la-subluxacion-rotuliana\/\",\"name\":\"Pautas de tratamiento m\u00e9dico del estado de Nueva York para la subluxaci\u00f3n rotuliana en pacientes de compensaci\u00f3n laboral | Best Hip &amp; Knee Surgeon | NY, USA\",\"isPartOf\":{\"@id\":\"https:\/\/www.newyorkhipknee.com\/es\/#website\"},\"datePublished\":\"2024-01-22T21:01:22+00:00\",\"dateModified\":\"2024-01-30T16:28:30+00:00\",\"description\":\"Las directrices establecidas por la Junta de Indemnizaci\u00f3n por Accidentes de Trabajo del Estado de Nueva York tienen por objeto proporcionar ayuda a los\",\"breadcrumb\":{\"@id\":\"https:\/\/www.newyorkhipknee.com\/es\/indemnizacion-por-accidente-laboral\/directrices-de-tratamiento-medico-mtg\/lesion-de-rodilla\/pautas-de-tratamiento-medico-del-estado-de-nueva-york-para-la-subluxacion-rotuliana\/#breadcrumb\"},\"inLanguage\":\"es\",\"potentialAction\":[{\"@type\":\"ReadAction\",\"target\":[\"https:\/\/www.newyorkhipknee.com\/es\/indemnizacion-por-accidente-laboral\/directrices-de-tratamiento-medico-mtg\/lesion-de-rodilla\/pautas-de-tratamiento-medico-del-estado-de-nueva-york-para-la-subluxacion-rotuliana\/\"]}]},{\"@type\":\"BreadcrumbList\",\"@id\":\"https:\/\/www.newyorkhipknee.com\/es\/indemnizacion-por-accidente-laboral\/directrices-de-tratamiento-medico-mtg\/lesion-de-rodilla\/pautas-de-tratamiento-medico-del-estado-de-nueva-york-para-la-subluxacion-rotuliana\/#breadcrumb\",\"itemListElement\":[{\"@type\":\"ListItem\",\"position\":1,\"name\":\"Home\",\"item\":\"https:\/\/www.newyorkhipknee.com\/es\/\"},{\"@type\":\"ListItem\",\"position\":2,\"name\":\"Indemnizaci\u00f3n por accidente laboral\",\"item\":\"https:\/\/www.newyorkhipknee.com\/es\/indemnizacion-por-accidente-laboral\/\"},{\"@type\":\"ListItem\",\"position\":3,\"name\":\"Directrices de tratamiento m\u00e9dico (MTG)\",\"item\":\"https:\/\/www.newyorkhipknee.com\/es\/indemnizacion-por-accidente-laboral\/directrices-de-tratamiento-medico-mtg\/\"},{\"@type\":\"ListItem\",\"position\":4,\"name\":\"Pautas de tratamiento m\u00e9dico del Estado de Nueva York para lesiones de rodilla en pacientes con indemnizaci\u00f3n por accidente laboral\",\"item\":\"https:\/\/www.newyorkhipknee.com\/es\/indemnizacion-por-accidente-laboral\/directrices-de-tratamiento-medico-mtg\/lesion-de-rodilla\/\"},{\"@type\":\"ListItem\",\"position\":5,\"name\":\"Pautas de tratamiento m\u00e9dico del estado de Nueva York para la subluxaci\u00f3n rotuliana en pacientes de compensaci\u00f3n laboral\"}]},{\"@type\":\"WebSite\",\"@id\":\"https:\/\/www.newyorkhipknee.com\/es\/#website\",\"url\":\"https:\/\/www.newyorkhipknee.com\/es\/\",\"name\":\"Best Hip & Knee Surgeon | NY, USA\",\"description\":\"\",\"potentialAction\":[{\"@type\":\"SearchAction\",\"target\":{\"@type\":\"EntryPoint\",\"urlTemplate\":\"https:\/\/www.newyorkhipknee.com\/es\/?s={search_term_string}\"},\"query-input\":{\"@type\":\"PropertyValueSpecification\",\"valueRequired\":true,\"valueName\":\"search_term_string\"}}],\"inLanguage\":\"es\"}]}<\/script>\n<!-- \/ Yoast SEO plugin. -->","yoast_head_json":{"title":"Pautas de tratamiento m\u00e9dico del estado de Nueva York para la subluxaci\u00f3n rotuliana en pacientes de compensaci\u00f3n laboral | Best Hip &amp; Knee Surgeon | NY, USA","description":"Las directrices establecidas por la Junta de Indemnizaci\u00f3n por Accidentes de Trabajo del Estado de Nueva York tienen por objeto proporcionar ayuda a los","robots":{"index":"index","follow":"follow","max-snippet":"max-snippet:-1","max-image-preview":"max-image-preview:large","max-video-preview":"max-video-preview:-1"},"canonical":"https:\/\/www.newyorkhipknee.com\/es\/indemnizacion-por-accidente-laboral\/directrices-de-tratamiento-medico-mtg\/lesion-de-rodilla\/pautas-de-tratamiento-medico-del-estado-de-nueva-york-para-la-subluxacion-rotuliana\/","og_locale":"es_ES","og_type":"article","og_title":"Pautas de tratamiento m\u00e9dico del estado de Nueva York para la subluxaci\u00f3n rotuliana en pacientes de compensaci\u00f3n laboral | Best Hip &amp; Knee Surgeon | NY, USA","og_description":"Las directrices establecidas por la Junta de Indemnizaci\u00f3n por Accidentes de Trabajo del Estado de Nueva York tienen por objeto proporcionar ayuda a los","og_url":"https:\/\/www.newyorkhipknee.com\/es\/indemnizacion-por-accidente-laboral\/directrices-de-tratamiento-medico-mtg\/lesion-de-rodilla\/pautas-de-tratamiento-medico-del-estado-de-nueva-york-para-la-subluxacion-rotuliana\/","og_site_name":"Best Hip &amp; Knee Surgeon | NY, USA","article_modified_time":"2024-01-30T16:28:30+00:00","twitter_card":"summary_large_image","twitter_misc":{"Tiempo de lectura":"2 minutos"},"schema":{"@context":"https:\/\/schema.org","@graph":[{"@type":["WebPage","MedicalWebPage"],"@id":"https:\/\/www.newyorkhipknee.com\/es\/indemnizacion-por-accidente-laboral\/directrices-de-tratamiento-medico-mtg\/lesion-de-rodilla\/pautas-de-tratamiento-medico-del-estado-de-nueva-york-para-la-subluxacion-rotuliana\/","url":"https:\/\/www.newyorkhipknee.com\/es\/indemnizacion-por-accidente-laboral\/directrices-de-tratamiento-medico-mtg\/lesion-de-rodilla\/pautas-de-tratamiento-medico-del-estado-de-nueva-york-para-la-subluxacion-rotuliana\/","name":"Pautas de tratamiento m\u00e9dico del estado de Nueva York para la subluxaci\u00f3n rotuliana en pacientes de compensaci\u00f3n laboral | Best Hip &amp; Knee Surgeon | NY, USA","isPartOf":{"@id":"https:\/\/www.newyorkhipknee.com\/es\/#website"},"datePublished":"2024-01-22T21:01:22+00:00","dateModified":"2024-01-30T16:28:30+00:00","description":"Las directrices establecidas por la Junta de Indemnizaci\u00f3n por Accidentes de Trabajo del Estado de Nueva York tienen por objeto proporcionar ayuda a los","breadcrumb":{"@id":"https:\/\/www.newyorkhipknee.com\/es\/indemnizacion-por-accidente-laboral\/directrices-de-tratamiento-medico-mtg\/lesion-de-rodilla\/pautas-de-tratamiento-medico-del-estado-de-nueva-york-para-la-subluxacion-rotuliana\/#breadcrumb"},"inLanguage":"es","potentialAction":[{"@type":"ReadAction","target":["https:\/\/www.newyorkhipknee.com\/es\/indemnizacion-por-accidente-laboral\/directrices-de-tratamiento-medico-mtg\/lesion-de-rodilla\/pautas-de-tratamiento-medico-del-estado-de-nueva-york-para-la-subluxacion-rotuliana\/"]}]},{"@type":"BreadcrumbList","@id":"https:\/\/www.newyorkhipknee.com\/es\/indemnizacion-por-accidente-laboral\/directrices-de-tratamiento-medico-mtg\/lesion-de-rodilla\/pautas-de-tratamiento-medico-del-estado-de-nueva-york-para-la-subluxacion-rotuliana\/#breadcrumb","itemListElement":[{"@type":"ListItem","position":1,"name":"Home","item":"https:\/\/www.newyorkhipknee.com\/es\/"},{"@type":"ListItem","position":2,"name":"Indemnizaci\u00f3n por accidente laboral","item":"https:\/\/www.newyorkhipknee.com\/es\/indemnizacion-por-accidente-laboral\/"},{"@type":"ListItem","position":3,"name":"Directrices de tratamiento m\u00e9dico (MTG)","item":"https:\/\/www.newyorkhipknee.com\/es\/indemnizacion-por-accidente-laboral\/directrices-de-tratamiento-medico-mtg\/"},{"@type":"ListItem","position":4,"name":"Pautas de tratamiento m\u00e9dico del Estado de Nueva York para lesiones de rodilla en pacientes con indemnizaci\u00f3n por accidente laboral","item":"https:\/\/www.newyorkhipknee.com\/es\/indemnizacion-por-accidente-laboral\/directrices-de-tratamiento-medico-mtg\/lesion-de-rodilla\/"},{"@type":"ListItem","position":5,"name":"Pautas de tratamiento m\u00e9dico del estado de Nueva York para la subluxaci\u00f3n rotuliana en pacientes de compensaci\u00f3n laboral"}]},{"@type":"WebSite","@id":"https:\/\/www.newyorkhipknee.com\/es\/#website","url":"https:\/\/www.newyorkhipknee.com\/es\/","name":"Best Hip & Knee Surgeon | NY, USA","description":"","potentialAction":[{"@type":"SearchAction","target":{"@type":"EntryPoint","urlTemplate":"https:\/\/www.newyorkhipknee.com\/es\/?s={search_term_string}"},"query-input":{"@type":"PropertyValueSpecification","valueRequired":true,"valueName":"search_term_string"}}],"inLanguage":"es"}]}},"_links":{"self":[{"href":"https:\/\/www.newyorkhipknee.com\/es\/wp-json\/wp\/v2\/pages\/22169","targetHints":{"allow":["GET"]}}],"collection":[{"href":"https:\/\/www.newyorkhipknee.com\/es\/wp-json\/wp\/v2\/pages"}],"about":[{"href":"https:\/\/www.newyorkhipknee.com\/es\/wp-json\/wp\/v2\/types\/page"}],"author":[{"embeddable":true,"href":"https:\/\/www.newyorkhipknee.com\/es\/wp-json\/wp\/v2\/users\/33"}],"replies":[{"embeddable":true,"href":"https:\/\/www.newyorkhipknee.com\/es\/wp-json\/wp\/v2\/comments?post=22169"}],"version-history":[{"count":0,"href":"https:\/\/www.newyorkhipknee.com\/es\/wp-json\/wp\/v2\/pages\/22169\/revisions"}],"up":[{"embeddable":true,"href":"https:\/\/www.newyorkhipknee.com\/es\/wp-json\/wp\/v2\/pages\/22300"}],"wp:attachment":[{"href":"https:\/\/www.newyorkhipknee.com\/es\/wp-json\/wp\/v2\/media?parent=22169"}],"curies":[{"name":"wp","href":"https:\/\/api.w.org\/{rel}","templated":true}]}}