{"id":22171,"date":"2024-01-22T12:22:18","date_gmt":"2024-01-22T17:22:18","guid":{"rendered":"https:\/\/newyorkhipknee.com\/lesion-del-ligamento-cruzado-posterior-lcp\/"},"modified":"2024-01-30T11:28:37","modified_gmt":"2024-01-30T16:28:37","slug":"lesion-del-ligamento-cruzado-posterior-lcp","status":"publish","type":"page","link":"https:\/\/www.newyorkhipknee.com\/es\/indemnizacion-por-accidente-laboral\/directrices-de-tratamiento-medico-mtg\/lesion-de-rodilla\/lesion-del-ligamento-cruzado-posterior-lcp\/","title":{"rendered":"Pautas de tratamiento m\u00e9dico del Estado de Nueva York para la lesi\u00f3n del ligamento cruzado posterior (LCP) en pacientes con indemnizaci\u00f3n por accidente laboral"},"content":{"rendered":"<div class=\"flex-1 overflow-hidden\">\n<div class=\"react-scroll-to-bottom--css-zsbdf-79elbk h-full\">\n<div class=\"react-scroll-to-bottom--css-zsbdf-1n7m0yu\">\n<div class=\"flex flex-col pb-9 text-sm\">\n<div class=\"w-full text-token-text-primary\" data-testid=\"conversation-turn-7\">\n<div class=\"px-4 py-2 justify-center text-base md:gap-6 m-auto\">\n<div class=\"flex flex-1 text-base mx-auto gap-3 md:px-5 lg:px-1 xl:px-5 md:max-w-3xl lg:max-w-[40rem] xl:max-w-[48rem] group final-completion\">\n<div class=\"relative flex w-full flex-col lg:w-[calc(100%-115px)] agent-turn\">\n<div class=\"flex-col gap-1 md:gap-3\">\n<div class=\"flex flex-grow flex-col max-w-full\">\n<div class=\"min-h-[20px] text-message flex flex-col items-start gap-3 whitespace-pre-wrap break-words [.text-message+&amp;]:mt-5 overflow-x-auto\" data-message-author-role=\"assistant\" data-message-id=\"52b7b7e8-48d6-4f8d-b7c4-c1b5141ccb55\">\n<div class=\"markdown prose w-full break-words dark:prose-invert dark\">\n<p>La Junta de Compensaci\u00f3n de Trabajadores del Estado de Nueva York ha creado directrices para el tratamiento de la lesi\u00f3n del ligamento cruzado posterior (LCP). Estas directrices est\u00e1n dise\u00f1adas para ayudar a los m\u00e9dicos y profesionales sanitarios a determinar el tratamiento adecuado para esta enfermedad.<\/p>\n<p>Los profesionales de la salud que tratan lesiones del ligamento cruzado posterior (LCP) pueden confiar en estas directrices de la Junta de Compensaci\u00f3n de los Trabajadores para tomar decisiones informadas sobre el mejor nivel de atenci\u00f3n para sus pacientes.<\/p>\n<p>Es fundamental subrayar que estas directrices no deben sustituir al juicio cl\u00ednico ni a la experiencia profesional. La decisi\u00f3n final sobre los cuidados debe ser fruto de la colaboraci\u00f3n entre el paciente y su profesional sanitario.<\/p>\n<h3><\/h3>\n<h3><strong>Descripci\u00f3n \/ Definici\u00f3n<\/strong><\/h3>\n<p>La rotura del LCP puede ser concurrente con la del LCA.<\/p>\n<p>&nbsp;<\/p>\n<h3><strong>Mecanismo de lesi\u00f3n<\/strong><\/h3>\n<p>Causada con mayor frecuencia por una fuerza dirigida posteriormente a la rodilla flexionada.<\/p>\n<p>&nbsp;<\/p>\n<h3><strong>Hallazgos f\u00edsicos espec\u00edficos<\/strong><\/h3>\n<p>Los hallazgos en la exploraci\u00f3n f\u00edsica incluyen derrame agudo, inestabilidad, prueba de Lachman inversa, desplazamiento de pivote inverso, prueba de caj\u00f3n posterior.<\/p>\n<p>&nbsp;<\/p>\n<h3><strong>Procedimientos de pruebas de diagn\u00f3stico<\/strong><\/h3>\n<p>Resonancia magn\u00e9tica, radiograf\u00edas<br \/>\nRecomendado &#8211; en pacientes seleccionados seg\u00fan indicaci\u00f3n cl\u00ednica y\/o con sospecha de avulsi\u00f3n \u00f3sea.<\/p>\n<\/div>\n<\/div>\n<\/div>\n<div class=\"mt-1 flex justify-start gap-3 empty:hidden\">\n<div class=\"text-gray-400 flex self-end lg:self-center justify-center lg:justify-start mt-0 -ml-1 visible\">\n<p>&nbsp;<\/p>\n<div class=\"flex items-center gap-1.5 text-xs\">\n<h3><strong>Tratamiento no quir\u00fargico<\/strong><\/h3>\n<p>Recomendado &#8211; en pacientes seleccionados seg\u00fan indicaci\u00f3n cl\u00ednica.<br \/>\nReposo\/restricci\u00f3n de la actividad, descarga con muletas o bast\u00f3n, hielo, elevaci\u00f3n, ortesis, escayola, \u00f3rtesis, rehabilitaci\u00f3n y terapia activa y\/o pasiva, AINE, APAP e inyecciones terap\u00e9uticas.<\/p>\n<p>&nbsp;<\/p>\n<h3><strong>Tratamiento Quir\u00fargico<\/strong><\/h3>\n<p>Reconstrucci\u00f3n con autoinjerto o aloinjerto.<br \/>\nRecomendado &#8211; en pacientes seleccionados seg\u00fan indicaci\u00f3n cl\u00ednica.<br \/>\nIndicaciones: Quejas de inestabilidad. Considere cuidadosamente el nivel normal de actividad diaria de los pacientes antes de iniciar la intervenci\u00f3n quir\u00fargica. Se realiza con mayor frecuencia cuando la rotura del LCP se acompa\u00f1a de una lesi\u00f3n multiligamentaria.<\/p>\n<p>&nbsp;<\/p>\n<h3><strong>Terapia postoperatoria<\/strong><\/h3>\n<p>Terapia, ortesis.<br \/>\nRecomendado &#8211; en pacientes seleccionados seg\u00fan indicaci\u00f3n cl\u00ednica.<\/p>\n<p>&nbsp;<\/p>\n<\/div>\n<\/div>\n<div class=\"flex flex-grow flex-col max-w-full\">\n<div class=\"textwidget\">\n<p>&nbsp;<\/p>\n<\/div>\n<\/div>\n<div class=\"mt-1 flex justify-start gap-3 empty:hidden\">\n<div class=\"text-gray-400 flex self-end lg:self-center justify-center lg:justify-start mt-0 -ml-1 visible\">\n<p>&nbsp;<\/p>\n<\/div>\n<\/div>\n<\/div>\n<\/div>\n<\/div>\n<\/div>\n<\/div>\n<\/div>\n<\/div>\n<\/div>\n<\/div>\n<\/div>\n<div class=\"w-full pt-2 md:pt-0 dark:border-white\/20 md:border-transparent md:dark:border-transparent md:w-[calc(100%-.5rem)]\">\n<form class=\"stretch mx-2 flex flex-row gap-3 last:mb-2 md:mx-4 md:last:mb-6 lg:mx-auto lg:max-w-2xl xl:max-w-3xl\">\n<div class=\"relative flex h-full flex-1 items-stretch md:flex-col\">\n<div class=\"flex w-full items-center\"><\/div>\n<\/div>\n<\/form>\n<\/div>\n","protected":false},"excerpt":{"rendered":"<p>La Junta de Compensaci\u00f3n de Trabajadores del Estado de Nueva York ha creado directrices para el tratamiento de la lesi\u00f3n del ligamento cruzado posterior (LCP). Estas directrices est\u00e1n dise\u00f1adas para ayudar a los m\u00e9dicos y profesionales sanitarios a determinar el tratamiento adecuado para esta enfermedad. Los profesionales de la salud que tratan lesiones del ligamento [&hellip;]<\/p>\n","protected":false},"author":33,"featured_media":0,"parent":22300,"menu_order":0,"comment_status":"closed","ping_status":"closed","template":"","meta":{"_et_pb_use_builder":"","_et_pb_old_content":"","_et_gb_content_width":"","footnotes":""},"class_list":["post-22171","page","type-page","status-publish","hentry"],"yoast_head":"<!-- This site is optimized with the Yoast SEO plugin v27.2 - https:\/\/yoast.com\/product\/yoast-seo-wordpress\/ -->\n<title>Pautas de tratamiento m\u00e9dico del Estado de Nueva York para la lesi\u00f3n del ligamento cruzado posterior (LCP) en pacientes con indemnizaci\u00f3n por accidente laboral | Best Hip &amp; Knee Surgeon | NY, USA<\/title>\n<meta name=\"description\" content=\"La Junta de Compensaci\u00f3n de Trabajadores del Estado de Nueva York ha creado directrices para el tratamiento de la lesi\u00f3n del ligamento cruzado posterior\" \/>\n<meta name=\"robots\" content=\"index, follow, max-snippet:-1, max-image-preview:large, max-video-preview:-1\" \/>\n<link rel=\"canonical\" href=\"https:\/\/www.newyorkhipknee.com\/es\/indemnizacion-por-accidente-laboral\/directrices-de-tratamiento-medico-mtg\/lesion-de-rodilla\/lesion-del-ligamento-cruzado-posterior-lcp\/\" \/>\n<meta property=\"og:locale\" content=\"es_ES\" \/>\n<meta property=\"og:type\" content=\"article\" \/>\n<meta property=\"og:title\" content=\"Pautas de tratamiento m\u00e9dico del Estado de Nueva York para la lesi\u00f3n del ligamento cruzado posterior (LCP) en pacientes con indemnizaci\u00f3n por accidente laboral | Best Hip &amp; Knee Surgeon | NY, USA\" \/>\n<meta property=\"og:description\" content=\"La Junta de Compensaci\u00f3n de Trabajadores del Estado de Nueva York ha creado directrices para el tratamiento de la lesi\u00f3n del ligamento cruzado posterior\" \/>\n<meta property=\"og:url\" content=\"https:\/\/www.newyorkhipknee.com\/es\/indemnizacion-por-accidente-laboral\/directrices-de-tratamiento-medico-mtg\/lesion-de-rodilla\/lesion-del-ligamento-cruzado-posterior-lcp\/\" \/>\n<meta property=\"og:site_name\" content=\"Best Hip &amp; Knee Surgeon | NY, USA\" \/>\n<meta property=\"article:modified_time\" content=\"2024-01-30T16:28:37+00:00\" \/>\n<meta name=\"twitter:card\" content=\"summary_large_image\" \/>\n<meta name=\"twitter:label1\" content=\"Tiempo de lectura\" \/>\n\t<meta name=\"twitter:data1\" content=\"2 minutos\" \/>\n<script type=\"application\/ld+json\" class=\"yoast-schema-graph\">{\"@context\":\"https:\/\/schema.org\",\"@graph\":[{\"@type\":[\"WebPage\",\"MedicalWebPage\"],\"@id\":\"https:\/\/www.newyorkhipknee.com\/es\/indemnizacion-por-accidente-laboral\/directrices-de-tratamiento-medico-mtg\/lesion-de-rodilla\/lesion-del-ligamento-cruzado-posterior-lcp\/\",\"url\":\"https:\/\/www.newyorkhipknee.com\/es\/indemnizacion-por-accidente-laboral\/directrices-de-tratamiento-medico-mtg\/lesion-de-rodilla\/lesion-del-ligamento-cruzado-posterior-lcp\/\",\"name\":\"Pautas de tratamiento m\u00e9dico del Estado de Nueva York para la lesi\u00f3n del ligamento cruzado posterior (LCP) en pacientes con indemnizaci\u00f3n por accidente laboral | Best Hip &amp; Knee Surgeon | NY, USA\",\"isPartOf\":{\"@id\":\"https:\/\/www.newyorkhipknee.com\/es\/#website\"},\"datePublished\":\"2024-01-22T17:22:18+00:00\",\"dateModified\":\"2024-01-30T16:28:37+00:00\",\"description\":\"La Junta de Compensaci\u00f3n de Trabajadores del Estado de Nueva York ha creado directrices para el tratamiento de la lesi\u00f3n del ligamento cruzado posterior\",\"breadcrumb\":{\"@id\":\"https:\/\/www.newyorkhipknee.com\/es\/indemnizacion-por-accidente-laboral\/directrices-de-tratamiento-medico-mtg\/lesion-de-rodilla\/lesion-del-ligamento-cruzado-posterior-lcp\/#breadcrumb\"},\"inLanguage\":\"es\",\"potentialAction\":[{\"@type\":\"ReadAction\",\"target\":[\"https:\/\/www.newyorkhipknee.com\/es\/indemnizacion-por-accidente-laboral\/directrices-de-tratamiento-medico-mtg\/lesion-de-rodilla\/lesion-del-ligamento-cruzado-posterior-lcp\/\"]}]},{\"@type\":\"BreadcrumbList\",\"@id\":\"https:\/\/www.newyorkhipknee.com\/es\/indemnizacion-por-accidente-laboral\/directrices-de-tratamiento-medico-mtg\/lesion-de-rodilla\/lesion-del-ligamento-cruzado-posterior-lcp\/#breadcrumb\",\"itemListElement\":[{\"@type\":\"ListItem\",\"position\":1,\"name\":\"Home\",\"item\":\"https:\/\/www.newyorkhipknee.com\/es\/\"},{\"@type\":\"ListItem\",\"position\":2,\"name\":\"Indemnizaci\u00f3n por accidente laboral\",\"item\":\"https:\/\/www.newyorkhipknee.com\/es\/indemnizacion-por-accidente-laboral\/\"},{\"@type\":\"ListItem\",\"position\":3,\"name\":\"Directrices de tratamiento m\u00e9dico (MTG)\",\"item\":\"https:\/\/www.newyorkhipknee.com\/es\/indemnizacion-por-accidente-laboral\/directrices-de-tratamiento-medico-mtg\/\"},{\"@type\":\"ListItem\",\"position\":4,\"name\":\"Pautas de tratamiento m\u00e9dico del Estado de Nueva York para lesiones de rodilla en pacientes con indemnizaci\u00f3n por accidente laboral\",\"item\":\"https:\/\/www.newyorkhipknee.com\/es\/indemnizacion-por-accidente-laboral\/directrices-de-tratamiento-medico-mtg\/lesion-de-rodilla\/\"},{\"@type\":\"ListItem\",\"position\":5,\"name\":\"Pautas de tratamiento m\u00e9dico del Estado de Nueva York para la lesi\u00f3n del ligamento cruzado posterior (LCP) en pacientes con indemnizaci\u00f3n por accidente laboral\"}]},{\"@type\":\"WebSite\",\"@id\":\"https:\/\/www.newyorkhipknee.com\/es\/#website\",\"url\":\"https:\/\/www.newyorkhipknee.com\/es\/\",\"name\":\"Best Hip & Knee Surgeon | NY, USA\",\"description\":\"\",\"potentialAction\":[{\"@type\":\"SearchAction\",\"target\":{\"@type\":\"EntryPoint\",\"urlTemplate\":\"https:\/\/www.newyorkhipknee.com\/es\/?s={search_term_string}\"},\"query-input\":{\"@type\":\"PropertyValueSpecification\",\"valueRequired\":true,\"valueName\":\"search_term_string\"}}],\"inLanguage\":\"es\"}]}<\/script>\n<!-- \/ Yoast SEO plugin. -->","yoast_head_json":{"title":"Pautas de tratamiento m\u00e9dico del Estado de Nueva York para la lesi\u00f3n del ligamento cruzado posterior (LCP) en pacientes con indemnizaci\u00f3n por accidente laboral | Best Hip &amp; Knee Surgeon | NY, USA","description":"La Junta de Compensaci\u00f3n de Trabajadores del Estado de Nueva York ha creado directrices para el tratamiento de la lesi\u00f3n del ligamento cruzado posterior","robots":{"index":"index","follow":"follow","max-snippet":"max-snippet:-1","max-image-preview":"max-image-preview:large","max-video-preview":"max-video-preview:-1"},"canonical":"https:\/\/www.newyorkhipknee.com\/es\/indemnizacion-por-accidente-laboral\/directrices-de-tratamiento-medico-mtg\/lesion-de-rodilla\/lesion-del-ligamento-cruzado-posterior-lcp\/","og_locale":"es_ES","og_type":"article","og_title":"Pautas de tratamiento m\u00e9dico del Estado de Nueva York para la lesi\u00f3n del ligamento cruzado posterior (LCP) en pacientes con indemnizaci\u00f3n por accidente laboral | Best Hip &amp; Knee Surgeon | NY, USA","og_description":"La Junta de Compensaci\u00f3n de Trabajadores del Estado de Nueva York ha creado directrices para el tratamiento de la lesi\u00f3n del ligamento cruzado posterior","og_url":"https:\/\/www.newyorkhipknee.com\/es\/indemnizacion-por-accidente-laboral\/directrices-de-tratamiento-medico-mtg\/lesion-de-rodilla\/lesion-del-ligamento-cruzado-posterior-lcp\/","og_site_name":"Best Hip &amp; Knee Surgeon | NY, USA","article_modified_time":"2024-01-30T16:28:37+00:00","twitter_card":"summary_large_image","twitter_misc":{"Tiempo de lectura":"2 minutos"},"schema":{"@context":"https:\/\/schema.org","@graph":[{"@type":["WebPage","MedicalWebPage"],"@id":"https:\/\/www.newyorkhipknee.com\/es\/indemnizacion-por-accidente-laboral\/directrices-de-tratamiento-medico-mtg\/lesion-de-rodilla\/lesion-del-ligamento-cruzado-posterior-lcp\/","url":"https:\/\/www.newyorkhipknee.com\/es\/indemnizacion-por-accidente-laboral\/directrices-de-tratamiento-medico-mtg\/lesion-de-rodilla\/lesion-del-ligamento-cruzado-posterior-lcp\/","name":"Pautas de tratamiento m\u00e9dico del Estado de Nueva York para la lesi\u00f3n del ligamento cruzado posterior (LCP) en pacientes con indemnizaci\u00f3n por accidente laboral | Best Hip &amp; Knee Surgeon | NY, USA","isPartOf":{"@id":"https:\/\/www.newyorkhipknee.com\/es\/#website"},"datePublished":"2024-01-22T17:22:18+00:00","dateModified":"2024-01-30T16:28:37+00:00","description":"La Junta de Compensaci\u00f3n de Trabajadores del Estado de Nueva York ha creado directrices para el tratamiento de la lesi\u00f3n del ligamento cruzado posterior","breadcrumb":{"@id":"https:\/\/www.newyorkhipknee.com\/es\/indemnizacion-por-accidente-laboral\/directrices-de-tratamiento-medico-mtg\/lesion-de-rodilla\/lesion-del-ligamento-cruzado-posterior-lcp\/#breadcrumb"},"inLanguage":"es","potentialAction":[{"@type":"ReadAction","target":["https:\/\/www.newyorkhipknee.com\/es\/indemnizacion-por-accidente-laboral\/directrices-de-tratamiento-medico-mtg\/lesion-de-rodilla\/lesion-del-ligamento-cruzado-posterior-lcp\/"]}]},{"@type":"BreadcrumbList","@id":"https:\/\/www.newyorkhipknee.com\/es\/indemnizacion-por-accidente-laboral\/directrices-de-tratamiento-medico-mtg\/lesion-de-rodilla\/lesion-del-ligamento-cruzado-posterior-lcp\/#breadcrumb","itemListElement":[{"@type":"ListItem","position":1,"name":"Home","item":"https:\/\/www.newyorkhipknee.com\/es\/"},{"@type":"ListItem","position":2,"name":"Indemnizaci\u00f3n por accidente laboral","item":"https:\/\/www.newyorkhipknee.com\/es\/indemnizacion-por-accidente-laboral\/"},{"@type":"ListItem","position":3,"name":"Directrices de tratamiento m\u00e9dico (MTG)","item":"https:\/\/www.newyorkhipknee.com\/es\/indemnizacion-por-accidente-laboral\/directrices-de-tratamiento-medico-mtg\/"},{"@type":"ListItem","position":4,"name":"Pautas de tratamiento m\u00e9dico del Estado de Nueva York para lesiones de rodilla en pacientes con indemnizaci\u00f3n por accidente laboral","item":"https:\/\/www.newyorkhipknee.com\/es\/indemnizacion-por-accidente-laboral\/directrices-de-tratamiento-medico-mtg\/lesion-de-rodilla\/"},{"@type":"ListItem","position":5,"name":"Pautas de tratamiento m\u00e9dico del Estado de Nueva York para la lesi\u00f3n del ligamento cruzado posterior (LCP) en pacientes con indemnizaci\u00f3n por accidente laboral"}]},{"@type":"WebSite","@id":"https:\/\/www.newyorkhipknee.com\/es\/#website","url":"https:\/\/www.newyorkhipknee.com\/es\/","name":"Best Hip & Knee Surgeon | NY, USA","description":"","potentialAction":[{"@type":"SearchAction","target":{"@type":"EntryPoint","urlTemplate":"https:\/\/www.newyorkhipknee.com\/es\/?s={search_term_string}"},"query-input":{"@type":"PropertyValueSpecification","valueRequired":true,"valueName":"search_term_string"}}],"inLanguage":"es"}]}},"_links":{"self":[{"href":"https:\/\/www.newyorkhipknee.com\/es\/wp-json\/wp\/v2\/pages\/22171","targetHints":{"allow":["GET"]}}],"collection":[{"href":"https:\/\/www.newyorkhipknee.com\/es\/wp-json\/wp\/v2\/pages"}],"about":[{"href":"https:\/\/www.newyorkhipknee.com\/es\/wp-json\/wp\/v2\/types\/page"}],"author":[{"embeddable":true,"href":"https:\/\/www.newyorkhipknee.com\/es\/wp-json\/wp\/v2\/users\/33"}],"replies":[{"embeddable":true,"href":"https:\/\/www.newyorkhipknee.com\/es\/wp-json\/wp\/v2\/comments?post=22171"}],"version-history":[{"count":0,"href":"https:\/\/www.newyorkhipknee.com\/es\/wp-json\/wp\/v2\/pages\/22171\/revisions"}],"up":[{"embeddable":true,"href":"https:\/\/www.newyorkhipknee.com\/es\/wp-json\/wp\/v2\/pages\/22300"}],"wp:attachment":[{"href":"https:\/\/www.newyorkhipknee.com\/es\/wp-json\/wp\/v2\/media?parent=22171"}],"curies":[{"name":"wp","href":"https:\/\/api.w.org\/{rel}","templated":true}]}}