{"id":22172,"date":"2024-01-11T16:27:14","date_gmt":"2024-01-11T21:27:14","guid":{"rendered":"https:\/\/newyorkhipknee.com\/asbestosis\/"},"modified":"2024-01-30T12:03:56","modified_gmt":"2024-01-30T17:03:56","slug":"asbestosis","status":"publish","type":"page","link":"https:\/\/www.newyorkhipknee.com\/es\/indemnizacion-por-accidente-laboral\/directrices-de-tratamiento-medico-mtg\/enfermedad-pulmonar-intersticial-ocupacional\/asbestosis\/","title":{"rendered":"Directrices del Estado de Nueva York para el tratamiento m\u00e9dico de la asbestosis en pacientes indemnizados por accidentes laborales"},"content":{"rendered":"<div class=\"flex-1 overflow-hidden\">\n<div class=\"react-scroll-to-bottom--css-txcga-79elbk h-full\">\n<div class=\"react-scroll-to-bottom--css-txcga-1n7m0yu\">\n<div class=\"flex flex-col pb-9 text-sm\">\n<div class=\"w-full text-token-text-primary\" data-testid=\"conversation-turn-47\">\n<div class=\"px-4 py-2 justify-center text-base md:gap-6 m-auto\">\n<div class=\"flex flex-1 text-base mx-auto gap-3 md:px-5 lg:px-1 xl:px-5 md:max-w-3xl lg:max-w-[40rem] xl:max-w-[48rem] group final-completion\">\n<div class=\"relative flex w-full flex-col lg:w-[calc(100%-115px)] agent-turn\">\n<div class=\"flex-col gap-1 md:gap-3\">\n<div class=\"flex flex-grow flex-col max-w-full\">\n<div class=\"min-h-[20px] text-message flex flex-col items-start gap-3 whitespace-pre-wrap break-words [.text-message+&amp;]:mt-5 overflow-x-auto\" data-message-author-role=\"assistant\" data-message-id=\"7d706e64-57d1-45ce-a10e-d341ae899bde\">\n<div class=\"markdown prose w-full break-words dark:prose-invert dark\">\n<p>Las directrices establecidas por la Junta de Indemnizaci\u00f3n por Accidentes de Trabajo del Estado de Nueva York est\u00e1n dise\u00f1adas para ayudar a los profesionales sanitarios a evaluar la asbestosis. Estas directrices pretenden ayudar a los m\u00e9dicos y profesionales sanitarios a determinar el tratamiento adecuado para esta enfermedad.<\/p>\n<p>Los profesionales sanitarios especializados en asbestosis pueden confiar en la orientaci\u00f3n proporcionada por la Junta de Indemnizaci\u00f3n por Accidentes de Trabajo para tomar decisiones informadas sobre el nivel de atenci\u00f3n m\u00e1s adecuado para sus pacientes.<\/p>\n<p>Es importante subrayar que estas directrices no pretenden sustituir el juicio cl\u00ednico ni la experiencia profesional. La decisi\u00f3n final sobre los cuidados debe ser fruto de la colaboraci\u00f3n entre el paciente y el profesional sanitario.<\/p>\n<h1><\/h1>\n<h1><strong>Enfermedades y comorbilidades relacionadas con el amianto<\/strong><\/h1>\n<h3><strong>Patrones de enfermedad resultantes de la exposici\u00f3n al amianto:<\/strong><\/h3>\n<ol>\n<li><strong>Asbestosis:<\/strong>\n<ul>\n<li>Definici\u00f3n: Fibrosis pulmonar difusa resultante de la inhalaci\u00f3n de fibras de amianto.<\/li>\n<li>Presentaci\u00f3n cl\u00ednica: Cambios fibr\u00f3ticos en el par\u00e9nquima pulmonar.<\/li>\n<\/ul>\n<\/li>\n<li><strong>Manifestaciones pleurales:<\/strong>\n<ul>\n<li><strong>Placas pleurales:<\/strong>\n<ul>\n<li>Descripci\u00f3n: Engrosamiento pleural discreto, que puede ser calcificado o no calcificado.<\/li>\n<\/ul>\n<\/li>\n<li><strong>Engrosamiento Pleural Difuso:<\/strong>\n<ul>\n<li>Descripci\u00f3n: Engrosamiento pleural extenso.<\/li>\n<\/ul>\n<\/li>\n<li><strong>Atelectasia redondeada:<\/strong>\n<ul>\n<li>Descripci\u00f3n: Forma de colapso pulmonar con afectaci\u00f3n pleural.<\/li>\n<\/ul>\n<\/li>\n<li><strong>Derrame pleural no maligno relacionado con el amianto:<\/strong>\n<ul>\n<li>Descripci\u00f3n: Acumulaci\u00f3n de l\u00edquido en el espacio pleural debido a la exposici\u00f3n al amianto.<\/li>\n<\/ul>\n<\/li>\n<\/ul>\n<\/li>\n<\/ol>\n<p>&nbsp;<\/p>\n<h3><strong>Comorbilidades asociadas a la exposici\u00f3n al amianto:<\/strong><\/h3>\n<ul>\n<li><strong>Mayor riesgo de c\u00e1ncer:<\/strong>\n<ul>\n<li>C\u00e1ncer de pulm\u00f3n: Especialmente acentuado cuando se combina con el consumo de cigarrillos.<\/li>\n<li>Mesotelioma: Afectaci\u00f3n de las membranas serosas pleurales o peritoneales.<\/li>\n<li>C\u00e1ncer de laringe y ovario.<\/li>\n<\/ul>\n<\/li>\n<\/ul>\n<p>&nbsp;<\/p>\n<h3><strong>Variabilidad en la progresi\u00f3n de la enfermedad:<\/strong><\/h3>\n<ul>\n<li>Las personas con asbestosis experimentan tasas variables de progresi\u00f3n de la enfermedad, que van de leves a graves alteraciones respiratorias.<\/li>\n<li>En la gravedad de la enfermedad pueden influir factores como los antecedentes de tabaquismo y la exposici\u00f3n a otros riesgos ambientales como los humos de gas\u00f3leo.<\/li>\n<\/ul>\n<p><strong>Nota:<\/strong> Las enfermedades relacionadas con el amianto abarcan una serie de afecciones que afectan tanto a los pulmones como a la pleura, y en cuya gravedad influyen los factores de riesgo individuales. El control peri\u00f3dico y las modificaciones del estilo de vida son cruciales para controlar la salud de las personas expuestas al amianto.<\/p>\n<\/div>\n<\/div>\n<\/div>\n<div class=\"mt-1 flex justify-start gap-3 empty:hidden\">\n<div class=\"text-gray-400 flex self-end lg:self-center justify-center lg:justify-start mt-0 -ml-1 visible\">\n<p>&nbsp;<\/p>\n<div class=\"flex\">\n<h3><strong>Latencia de la asbestosis:<\/strong><\/h3>\n<ul>\n<li>Los s\u00edntomas de la asbestosis pueden tardar d\u00e9cadas en manifestarse tras la exposici\u00f3n inicial.<\/li>\n<\/ul>\n<p>&nbsp;<\/p>\n<h3><strong>Diagn\u00f3stico de la asbestosis y las enfermedades relacionadas con el amianto:<\/strong><\/h3>\n<p><strong>Evaluaci\u00f3n cl\u00ednica:<\/strong><\/p>\n<ul>\n<li><strong>Historial profesional:<\/strong> Investigaci\u00f3n exhaustiva de la exposici\u00f3n profesional al amianto.<\/li>\n<li><strong>Latencia:<\/strong> Consideraci\u00f3n del intervalo de tiempo entre la exposici\u00f3n y la aparici\u00f3n de los s\u00edntomas.<\/li>\n<li><strong>Funci\u00f3n pulmonar:<\/strong> Evaluaci\u00f3n de la funci\u00f3n pulmonar mediante valoraciones.<\/li>\n<li><strong>Pruebas radiogr\u00e1ficas:<\/strong> Utilizaci\u00f3n de radiograf\u00edas de t\u00f3rax y\/o tomograf\u00edas computarizadas de alta resoluci\u00f3n.<\/li>\n<\/ul>\n<p><strong>Criterios diagn\u00f3sticos:<\/strong><\/p>\n<ul>\n<li><strong>Historial ocupacional:<\/strong> Verificaci\u00f3n de exposici\u00f3n significativa al amianto.<\/li>\n<li><strong>Latencia:<\/strong> Confirmaci\u00f3n de un lapso de tiempo adecuado entre la exposici\u00f3n y la aparici\u00f3n de los s\u00edntomas.<\/li>\n<li><strong>Im\u00e1genes radiogr\u00e1ficas:<\/strong> Identificaci\u00f3n de hallazgos caracter\u00edsticos en radiograf\u00edas de t\u00f3rax y\/o TCAR.<\/li>\n<li><strong>Pruebas de funci\u00f3n pulmonar:<\/strong> Evaluaci\u00f3n del deterioro de la funci\u00f3n pulmonar.<\/li>\n<\/ul>\n<p><strong>Diagn\u00f3stico diferencial:<\/strong><\/p>\n<ul>\n<li>Consideraci\u00f3n de afecciones alternativas que pueden presentarse con s\u00edntomas o patrones radiogr\u00e1ficos similares.<\/li>\n<\/ul>\n<p><strong>Nota cl\u00ednica:<\/strong><\/p>\n<ul>\n<li>El diagn\u00f3stico de la asbestosis y de las enfermedades relacionadas con el amianto requiere un enfoque global, que combine una historia ocupacional detallada, la evaluaci\u00f3n de la latencia y la interpretaci\u00f3n de los resultados de las pruebas de imagen y de la funci\u00f3n pulmonar. Es esencial descartar otras posibles causas de s\u00edntomas respiratorios y enfermedades pulmonares fibr\u00f3ticas durante el proceso de diagn\u00f3stico. La supervisi\u00f3n peri\u00f3dica y las evaluaciones de seguimiento son fundamentales para las personas con antecedentes de exposici\u00f3n al amianto.<\/li>\n<\/ul>\n<\/div>\n<div class=\"flex items-center gap-1.5 text-xs\"><\/div>\n<\/div>\n<\/div>\n<\/div>\n<\/div>\n<\/div>\n<\/div>\n<\/div>\n<\/div>\n<\/div>\n<\/div>\n<\/div>\n<div class=\"w-full pt-2 md:pt-0 dark:border-white\/20 md:border-transparent md:dark:border-transparent md:w-[calc(100%-.5rem)]\">\n<form class=\"stretch mx-2 flex flex-row gap-3 last:mb-2 md:mx-4 md:last:mb-6 lg:mx-auto lg:max-w-2xl xl:max-w-3xl\">\n<div class=\"relative flex h-full flex-1 items-stretch md:flex-col\">\n<div class=\"flex w-full items-center\"><\/div>\n<\/div>\n<\/form>\n<\/div>\n","protected":false},"excerpt":{"rendered":"<p>Las directrices establecidas por la Junta de Indemnizaci\u00f3n por Accidentes de Trabajo del Estado de Nueva York est\u00e1n dise\u00f1adas para ayudar a los profesionales sanitarios a evaluar la asbestosis. Estas directrices pretenden ayudar a los m\u00e9dicos y profesionales sanitarios a determinar el tratamiento adecuado para esta enfermedad. Los profesionales sanitarios especializados en asbestosis pueden confiar [&hellip;]<\/p>\n","protected":false},"author":33,"featured_media":0,"parent":22301,"menu_order":0,"comment_status":"closed","ping_status":"closed","template":"","meta":{"_et_pb_use_builder":"","_et_pb_old_content":"","_et_gb_content_width":"","footnotes":""},"class_list":["post-22172","page","type-page","status-publish","hentry"],"yoast_head":"<!-- This site is optimized with the Yoast SEO plugin v27.2 - https:\/\/yoast.com\/product\/yoast-seo-wordpress\/ -->\n<title>Directrices del Estado de Nueva York para el tratamiento m\u00e9dico de la asbestosis en pacientes indemnizados por accidentes laborales | Best Hip &amp; Knee Surgeon | NY, USA<\/title>\n<meta name=\"description\" content=\"Las directrices establecidas por la Junta de Indemnizaci\u00f3n por Accidentes de Trabajo del Estado de Nueva York est\u00e1n dise\u00f1adas para ayudar a los\" \/>\n<meta name=\"robots\" content=\"index, follow, max-snippet:-1, max-image-preview:large, max-video-preview:-1\" \/>\n<link rel=\"canonical\" href=\"https:\/\/www.newyorkhipknee.com\/es\/indemnizacion-por-accidente-laboral\/directrices-de-tratamiento-medico-mtg\/enfermedad-pulmonar-intersticial-ocupacional\/asbestosis\/\" \/>\n<meta property=\"og:locale\" content=\"es_ES\" \/>\n<meta property=\"og:type\" content=\"article\" \/>\n<meta property=\"og:title\" content=\"Directrices del Estado de Nueva York para el tratamiento m\u00e9dico de la asbestosis en pacientes indemnizados por accidentes laborales | Best Hip &amp; Knee Surgeon | NY, USA\" \/>\n<meta property=\"og:description\" content=\"Las directrices establecidas por la Junta de Indemnizaci\u00f3n por Accidentes de Trabajo del Estado de Nueva York est\u00e1n dise\u00f1adas para ayudar a los\" \/>\n<meta property=\"og:url\" content=\"https:\/\/www.newyorkhipknee.com\/es\/indemnizacion-por-accidente-laboral\/directrices-de-tratamiento-medico-mtg\/enfermedad-pulmonar-intersticial-ocupacional\/asbestosis\/\" \/>\n<meta property=\"og:site_name\" content=\"Best Hip &amp; Knee Surgeon | NY, USA\" \/>\n<meta property=\"article:modified_time\" content=\"2024-01-30T17:03:56+00:00\" \/>\n<meta name=\"twitter:card\" content=\"summary_large_image\" \/>\n<meta name=\"twitter:label1\" content=\"Tiempo de lectura\" \/>\n\t<meta name=\"twitter:data1\" content=\"3 minutos\" \/>\n<script type=\"application\/ld+json\" class=\"yoast-schema-graph\">{\"@context\":\"https:\/\/schema.org\",\"@graph\":[{\"@type\":[\"WebPage\",\"MedicalWebPage\"],\"@id\":\"https:\/\/www.newyorkhipknee.com\/es\/indemnizacion-por-accidente-laboral\/directrices-de-tratamiento-medico-mtg\/enfermedad-pulmonar-intersticial-ocupacional\/asbestosis\/\",\"url\":\"https:\/\/www.newyorkhipknee.com\/es\/indemnizacion-por-accidente-laboral\/directrices-de-tratamiento-medico-mtg\/enfermedad-pulmonar-intersticial-ocupacional\/asbestosis\/\",\"name\":\"Directrices del Estado de Nueva York para el tratamiento m\u00e9dico de la asbestosis en pacientes indemnizados por accidentes laborales | Best Hip &amp; Knee Surgeon | NY, USA\",\"isPartOf\":{\"@id\":\"https:\/\/www.newyorkhipknee.com\/es\/#website\"},\"datePublished\":\"2024-01-11T21:27:14+00:00\",\"dateModified\":\"2024-01-30T17:03:56+00:00\",\"description\":\"Las directrices establecidas por la Junta de Indemnizaci\u00f3n por Accidentes de Trabajo del Estado de Nueva York est\u00e1n dise\u00f1adas para ayudar a los\",\"breadcrumb\":{\"@id\":\"https:\/\/www.newyorkhipknee.com\/es\/indemnizacion-por-accidente-laboral\/directrices-de-tratamiento-medico-mtg\/enfermedad-pulmonar-intersticial-ocupacional\/asbestosis\/#breadcrumb\"},\"inLanguage\":\"es\",\"potentialAction\":[{\"@type\":\"ReadAction\",\"target\":[\"https:\/\/www.newyorkhipknee.com\/es\/indemnizacion-por-accidente-laboral\/directrices-de-tratamiento-medico-mtg\/enfermedad-pulmonar-intersticial-ocupacional\/asbestosis\/\"]}]},{\"@type\":\"BreadcrumbList\",\"@id\":\"https:\/\/www.newyorkhipknee.com\/es\/indemnizacion-por-accidente-laboral\/directrices-de-tratamiento-medico-mtg\/enfermedad-pulmonar-intersticial-ocupacional\/asbestosis\/#breadcrumb\",\"itemListElement\":[{\"@type\":\"ListItem\",\"position\":1,\"name\":\"Home\",\"item\":\"https:\/\/www.newyorkhipknee.com\/es\/\"},{\"@type\":\"ListItem\",\"position\":2,\"name\":\"Indemnizaci\u00f3n por accidente laboral\",\"item\":\"https:\/\/www.newyorkhipknee.com\/es\/indemnizacion-por-accidente-laboral\/\"},{\"@type\":\"ListItem\",\"position\":3,\"name\":\"Directrices de tratamiento m\u00e9dico (MTG)\",\"item\":\"https:\/\/www.newyorkhipknee.com\/es\/indemnizacion-por-accidente-laboral\/directrices-de-tratamiento-medico-mtg\/\"},{\"@type\":\"ListItem\",\"position\":4,\"name\":\"Pautas de tratamiento m\u00e9dico del Estado de Nueva York para la enfermedad pulmonar intersticial ocupacional en pacientes con indemnizaci\u00f3n laboral\",\"item\":\"https:\/\/www.newyorkhipknee.com\/es\/indemnizacion-por-accidente-laboral\/directrices-de-tratamiento-medico-mtg\/enfermedad-pulmonar-intersticial-ocupacional\/\"},{\"@type\":\"ListItem\",\"position\":5,\"name\":\"Directrices del Estado de Nueva York para el tratamiento m\u00e9dico de la asbestosis en pacientes indemnizados por accidentes laborales\"}]},{\"@type\":\"WebSite\",\"@id\":\"https:\/\/www.newyorkhipknee.com\/es\/#website\",\"url\":\"https:\/\/www.newyorkhipknee.com\/es\/\",\"name\":\"Best Hip & Knee Surgeon | NY, USA\",\"description\":\"\",\"potentialAction\":[{\"@type\":\"SearchAction\",\"target\":{\"@type\":\"EntryPoint\",\"urlTemplate\":\"https:\/\/www.newyorkhipknee.com\/es\/?s={search_term_string}\"},\"query-input\":{\"@type\":\"PropertyValueSpecification\",\"valueRequired\":true,\"valueName\":\"search_term_string\"}}],\"inLanguage\":\"es\"}]}<\/script>\n<!-- \/ Yoast SEO plugin. -->","yoast_head_json":{"title":"Directrices del Estado de Nueva York para el tratamiento m\u00e9dico de la asbestosis en pacientes indemnizados por accidentes laborales | Best Hip &amp; Knee Surgeon | NY, USA","description":"Las directrices establecidas por la Junta de Indemnizaci\u00f3n por Accidentes de Trabajo del Estado de Nueva York est\u00e1n dise\u00f1adas para ayudar a los","robots":{"index":"index","follow":"follow","max-snippet":"max-snippet:-1","max-image-preview":"max-image-preview:large","max-video-preview":"max-video-preview:-1"},"canonical":"https:\/\/www.newyorkhipknee.com\/es\/indemnizacion-por-accidente-laboral\/directrices-de-tratamiento-medico-mtg\/enfermedad-pulmonar-intersticial-ocupacional\/asbestosis\/","og_locale":"es_ES","og_type":"article","og_title":"Directrices del Estado de Nueva York para el tratamiento m\u00e9dico de la asbestosis en pacientes indemnizados por accidentes laborales | Best Hip &amp; Knee Surgeon | NY, USA","og_description":"Las directrices establecidas por la Junta de Indemnizaci\u00f3n por Accidentes de Trabajo del Estado de Nueva York est\u00e1n dise\u00f1adas para ayudar a los","og_url":"https:\/\/www.newyorkhipknee.com\/es\/indemnizacion-por-accidente-laboral\/directrices-de-tratamiento-medico-mtg\/enfermedad-pulmonar-intersticial-ocupacional\/asbestosis\/","og_site_name":"Best Hip &amp; Knee Surgeon | NY, USA","article_modified_time":"2024-01-30T17:03:56+00:00","twitter_card":"summary_large_image","twitter_misc":{"Tiempo de lectura":"3 minutos"},"schema":{"@context":"https:\/\/schema.org","@graph":[{"@type":["WebPage","MedicalWebPage"],"@id":"https:\/\/www.newyorkhipknee.com\/es\/indemnizacion-por-accidente-laboral\/directrices-de-tratamiento-medico-mtg\/enfermedad-pulmonar-intersticial-ocupacional\/asbestosis\/","url":"https:\/\/www.newyorkhipknee.com\/es\/indemnizacion-por-accidente-laboral\/directrices-de-tratamiento-medico-mtg\/enfermedad-pulmonar-intersticial-ocupacional\/asbestosis\/","name":"Directrices del Estado de Nueva York para el tratamiento m\u00e9dico de la asbestosis en pacientes indemnizados por accidentes laborales | Best Hip &amp; Knee Surgeon | NY, USA","isPartOf":{"@id":"https:\/\/www.newyorkhipknee.com\/es\/#website"},"datePublished":"2024-01-11T21:27:14+00:00","dateModified":"2024-01-30T17:03:56+00:00","description":"Las directrices establecidas por la Junta de Indemnizaci\u00f3n por Accidentes de Trabajo del Estado de Nueva York est\u00e1n dise\u00f1adas para ayudar a los","breadcrumb":{"@id":"https:\/\/www.newyorkhipknee.com\/es\/indemnizacion-por-accidente-laboral\/directrices-de-tratamiento-medico-mtg\/enfermedad-pulmonar-intersticial-ocupacional\/asbestosis\/#breadcrumb"},"inLanguage":"es","potentialAction":[{"@type":"ReadAction","target":["https:\/\/www.newyorkhipknee.com\/es\/indemnizacion-por-accidente-laboral\/directrices-de-tratamiento-medico-mtg\/enfermedad-pulmonar-intersticial-ocupacional\/asbestosis\/"]}]},{"@type":"BreadcrumbList","@id":"https:\/\/www.newyorkhipknee.com\/es\/indemnizacion-por-accidente-laboral\/directrices-de-tratamiento-medico-mtg\/enfermedad-pulmonar-intersticial-ocupacional\/asbestosis\/#breadcrumb","itemListElement":[{"@type":"ListItem","position":1,"name":"Home","item":"https:\/\/www.newyorkhipknee.com\/es\/"},{"@type":"ListItem","position":2,"name":"Indemnizaci\u00f3n por accidente laboral","item":"https:\/\/www.newyorkhipknee.com\/es\/indemnizacion-por-accidente-laboral\/"},{"@type":"ListItem","position":3,"name":"Directrices de tratamiento m\u00e9dico (MTG)","item":"https:\/\/www.newyorkhipknee.com\/es\/indemnizacion-por-accidente-laboral\/directrices-de-tratamiento-medico-mtg\/"},{"@type":"ListItem","position":4,"name":"Pautas de tratamiento m\u00e9dico del Estado de Nueva York para la enfermedad pulmonar intersticial ocupacional en pacientes con indemnizaci\u00f3n laboral","item":"https:\/\/www.newyorkhipknee.com\/es\/indemnizacion-por-accidente-laboral\/directrices-de-tratamiento-medico-mtg\/enfermedad-pulmonar-intersticial-ocupacional\/"},{"@type":"ListItem","position":5,"name":"Directrices del Estado de Nueva York para el tratamiento m\u00e9dico de la asbestosis en pacientes indemnizados por accidentes laborales"}]},{"@type":"WebSite","@id":"https:\/\/www.newyorkhipknee.com\/es\/#website","url":"https:\/\/www.newyorkhipknee.com\/es\/","name":"Best Hip & Knee Surgeon | NY, USA","description":"","potentialAction":[{"@type":"SearchAction","target":{"@type":"EntryPoint","urlTemplate":"https:\/\/www.newyorkhipknee.com\/es\/?s={search_term_string}"},"query-input":{"@type":"PropertyValueSpecification","valueRequired":true,"valueName":"search_term_string"}}],"inLanguage":"es"}]}},"_links":{"self":[{"href":"https:\/\/www.newyorkhipknee.com\/es\/wp-json\/wp\/v2\/pages\/22172","targetHints":{"allow":["GET"]}}],"collection":[{"href":"https:\/\/www.newyorkhipknee.com\/es\/wp-json\/wp\/v2\/pages"}],"about":[{"href":"https:\/\/www.newyorkhipknee.com\/es\/wp-json\/wp\/v2\/types\/page"}],"author":[{"embeddable":true,"href":"https:\/\/www.newyorkhipknee.com\/es\/wp-json\/wp\/v2\/users\/33"}],"replies":[{"embeddable":true,"href":"https:\/\/www.newyorkhipknee.com\/es\/wp-json\/wp\/v2\/comments?post=22172"}],"version-history":[{"count":0,"href":"https:\/\/www.newyorkhipknee.com\/es\/wp-json\/wp\/v2\/pages\/22172\/revisions"}],"up":[{"embeddable":true,"href":"https:\/\/www.newyorkhipknee.com\/es\/wp-json\/wp\/v2\/pages\/22301"}],"wp:attachment":[{"href":"https:\/\/www.newyorkhipknee.com\/es\/wp-json\/wp\/v2\/media?parent=22172"}],"curies":[{"name":"wp","href":"https:\/\/api.w.org\/{rel}","templated":true}]}}