{"id":22175,"date":"2024-01-11T16:34:32","date_gmt":"2024-01-11T21:34:32","guid":{"rendered":"https:\/\/newyorkhipknee.com\/neumoconiosis-de-los-trabajadores-del-carbon-nc\/"},"modified":"2024-01-30T12:04:00","modified_gmt":"2024-01-30T17:04:00","slug":"neumoconiosis-de-los-trabajadores-del-carbon-nc","status":"publish","type":"page","link":"https:\/\/www.newyorkhipknee.com\/es\/indemnizacion-por-accidente-laboral\/directrices-de-tratamiento-medico-mtg\/enfermedad-pulmonar-intersticial-ocupacional\/neumoconiosis-de-los-trabajadores-del-carbon-nc\/","title":{"rendered":"Pautas de tratamiento m\u00e9dico del Estado de Nueva York para la neumoconiosis de los trabajadores del carb\u00f3n (CWP) en pacientes con indemnizaci\u00f3n laboral"},"content":{"rendered":"<div class=\"flex-1 overflow-hidden\">\n<div class=\"react-scroll-to-bottom--css-txcga-79elbk h-full\">\n<div class=\"react-scroll-to-bottom--css-txcga-1n7m0yu\">\n<div class=\"flex flex-col pb-9 text-sm\">\n<div class=\"w-full text-token-text-primary\" data-testid=\"conversation-turn-53\">\n<div class=\"px-4 py-2 justify-center text-base md:gap-6 m-auto\">\n<div class=\"flex flex-1 text-base mx-auto gap-3 md:px-5 lg:px-1 xl:px-5 md:max-w-3xl lg:max-w-[40rem] xl:max-w-[48rem] group final-completion\">\n<div class=\"relative flex w-full flex-col lg:w-[calc(100%-115px)] agent-turn\">\n<div class=\"flex-col gap-1 md:gap-3\">\n<div class=\"flex flex-grow flex-col max-w-full\">\n<div class=\"min-h-[20px] text-message flex flex-col items-start gap-3 whitespace-pre-wrap break-words [.text-message+&amp;]:mt-5 overflow-x-auto\" data-message-author-role=\"assistant\" data-message-id=\"04eb12a5-be0d-4716-933e-02897cf60f16\">\n<div class=\"markdown prose w-full break-words dark:prose-invert dark\">\n<div class=\"flex-1 overflow-hidden\">\n<div class=\"react-scroll-to-bottom--css-ofuyt-79elbk h-full\">\n<div class=\"react-scroll-to-bottom--css-ofuyt-1n7m0yu\">\n<div class=\"flex flex-col pb-9 text-sm\">\n<div class=\"w-full text-token-text-primary\" data-testid=\"conversation-turn-13\">\n<div class=\"px-4 py-2 justify-center text-base md:gap-6 m-auto\">\n<div class=\"flex flex-1 text-base mx-auto gap-3 md:px-5 lg:px-1 xl:px-5 md:max-w-3xl lg:max-w-[40rem] xl:max-w-[48rem] group final-completion\">\n<div class=\"relative flex w-full flex-col lg:w-[calc(100%-115px)] agent-turn\">\n<div class=\"flex-col gap-1 md:gap-3\">\n<div class=\"flex flex-grow flex-col max-w-full\">\n<div class=\"min-h-[20px] text-message flex flex-col items-start gap-3 whitespace-pre-wrap break-words [.text-message+&amp;]:mt-5 overflow-x-auto\" data-message-author-role=\"assistant\" data-message-id=\"7311f477-8f5e-4bbf-b888-de950fb08a81\">\n<div class=\"markdown prose w-full break-words dark:prose-invert dark\">\n<p>Las directrices proporcionadas por la Junta de Compensaci\u00f3n de los Trabajadores del Estado de Nueva York tienen por objeto ayudar a los profesionales sanitarios a evaluar la neumoconiosis de los trabajadores del carb\u00f3n (CWP). Estas directrices pretenden ayudar a los m\u00e9dicos y profesionales sanitarios a determinar el tratamiento adecuado para esta enfermedad.<\/p>\n<p>Los profesionales sanitarios especializados en neumoconiosis de los trabajadores del carb\u00f3n pueden utilizar las orientaciones de la Junta de Indemnizaci\u00f3n por Accidentes de Trabajo para tomar decisiones bien informadas sobre el nivel de atenci\u00f3n m\u00e1s adecuado para sus pacientes.<\/p>\n<p>Es esencial destacar que estas directrices no pretenden sustituir al juicio cl\u00ednico ni a la experiencia profesional. La decisi\u00f3n final sobre los cuidados debe ser fruto de la colaboraci\u00f3n entre el paciente y su profesional sanitario.<\/p>\n<\/div>\n<\/div>\n<\/div>\n<div class=\"mt-1 flex justify-start gap-3 empty:hidden\">\n<div class=\"text-gray-400 flex self-end lg:self-center justify-center lg:justify-start mt-0 -ml-1 visible\"><button class=\"flex items-center gap-1.5 rounded-md p-1 text-xs hover:text-gray-950 dark:text-gray-400 dark:hover:text-gray-200 disabled:dark:hover:text-gray-400 md:invisible md:group-hover:visible md:group-[.final-completion]:visible\"><\/button><\/p>\n<div class=\"flex\"><\/div>\n<div class=\"flex items-center gap-1.5 text-xs\"><\/div>\n<\/div>\n<\/div>\n<\/div>\n<\/div>\n<\/div>\n<\/div>\n<\/div>\n<\/div>\n<\/div>\n<\/div>\n<\/div>\n<div class=\"w-full pt-2 md:pt-0 dark:border-white\/20 md:border-transparent md:dark:border-transparent md:w-[calc(100%-.5rem)]\">\n<form class=\"stretch mx-2 flex flex-row gap-3 last:mb-2 md:mx-4 md:last:mb-6 lg:mx-auto lg:max-w-2xl xl:max-w-3xl\">\n<div class=\"relative flex h-full flex-1 items-stretch md:flex-col\">\n<div class=\"flex w-full items-center\"><\/div>\n<\/div>\n<\/form>\n<\/div>\n<h1><\/h1>\n<h1><strong>Exposici\u00f3n al polvo de carb\u00f3n y neumoconiosis de los trabajadores del carb\u00f3n (CWP):<\/strong><\/h1>\n<p><strong>Consideraciones sobre el estado:<\/strong><\/p>\n<ul>\n<li>El polvo de carb\u00f3n es una mezcla de carbono, materiales org\u00e1nicos complejos, minerales y cantidades variables de s\u00edlice y silicatos.<\/li>\n<li><strong>CWP Distinct from Silicosis:<\/strong>\n<ul>\n<li>La PCW es una enfermedad distinta desde el punto de vista patol\u00f3gico, lo que la diferencia de la silicosis, aunque pueden coexistir, especialmente en mineros que perforan o cortan la roca.<\/li>\n<li>Histol\u00f3gicamente, la PCW difiere de la silicosis en la morfolog\u00eda de la lesi\u00f3n.<\/li>\n<\/ul>\n<\/li>\n<li><strong>Asociaci\u00f3n con la obstrucci\u00f3n de las v\u00edas respiratorias:<\/strong>\n<ul>\n<li>La PCW suele asociarse a bronquitis y a cierto grado de obstrucci\u00f3n de las v\u00edas respiratorias.<\/li>\n<\/ul>\n<\/li>\n<li><strong>Fibrosis Masiva Progresiva:<\/strong>\n<ul>\n<li>La PCW puede evolucionar a grandes masas fibr\u00f3ticas intrator\u00e1cicas, conocidas como \u00abfibrosis masiva progresiva\u00bb, que suelen ser visibles en las radiograf\u00edas de t\u00f3rax en los campos pulmonares superior y medio.<\/li>\n<li>La fibrosis masiva progresiva se asocia a una afectaci\u00f3n respiratoria grave.<\/li>\n<\/ul>\n<\/li>\n<\/ul>\n<p>&nbsp;<\/p>\n<p>Estas consideraciones ponen de relieve las caracter\u00edsticas distintivas de la PCW, su posible asociaci\u00f3n con bronquitis y obstrucci\u00f3n de las v\u00edas respiratorias, y la progresi\u00f3n a una afectaci\u00f3n respiratoria grave con el desarrollo de fibrosis masiva progresiva.<\/p>\n<p>&nbsp;<\/p>\n<p><strong>Comorbilidades:<\/strong><\/p>\n<ul>\n<li>La PCW se asocia a un riesgo elevado de trastornos autoinmunitarios, principalmente artritis reumatoide, tambi\u00e9n conocida como \u00abs\u00edndrome de Caplan\u00bb.<\/li>\n<li>Los trabajadores con PTC pueden presentar trastornos autoinmunes asociados, que dan lugar a manifestaciones cl\u00ednicas sist\u00e9micas.<\/li>\n<\/ul>\n<p><strong>Latencia:<\/strong><\/p>\n<ul>\n<li>La neumoconiosis por CWP suele manifestarse cl\u00ednicamente a lo largo de varias d\u00e9cadas.<\/li>\n<li>Las excepciones son raras, pero pueden darse en casos asociados a niveles de exposici\u00f3n elevados.<\/li>\n<\/ul>\n<p><strong>Diagn\u00f3stico:<\/strong><\/p>\n<ul>\n<li>Por lo general, el diagn\u00f3stico de la PTMC se realiza cl\u00ednicamente, con la participaci\u00f3n de:\n<ul>\n<li><strong>Historial ocupacional:<\/strong> Investigaci\u00f3n exhaustiva de la exposici\u00f3n profesional al polvo de carb\u00f3n.<\/li>\n<li><strong>Latencia:<\/strong> Consideraci\u00f3n del intervalo de tiempo entre la exposici\u00f3n y la aparici\u00f3n de los s\u00edntomas.<\/li>\n<li><strong>Pruebas radiogr\u00e1ficas:<\/strong> Utilizaci\u00f3n de radiograf\u00edas de t\u00f3rax y\/o tomograf\u00edas computarizadas de alta resoluci\u00f3n.<\/li>\n<li><strong>Funci\u00f3n pulmonar:<\/strong> Evaluaci\u00f3n de la funci\u00f3n pulmonar mediante valoraciones.<\/li>\n<li><strong>Criterios diagn\u00f3sticos:<\/strong>\n<ul>\n<li>Verificaci\u00f3n de la exposici\u00f3n significativa al polvo de carb\u00f3n.<\/li>\n<li>Confirmaci\u00f3n de un lapso de tiempo adecuado entre la exposici\u00f3n y la aparici\u00f3n de los s\u00edntomas.<\/li>\n<li>Identificaci\u00f3n de hallazgos caracter\u00edsticos en las radiograf\u00edas de t\u00f3rax y\/o en las tomograf\u00edas computarizadas de alta resoluci\u00f3n.<\/li>\n<li>Evaluaci\u00f3n del deterioro de la funci\u00f3n pulmonar.<\/li>\n<\/ul>\n<\/li>\n<li><strong>Diagn\u00f3stico diferencial:<\/strong> Consideraci\u00f3n de afecciones alternativas con s\u00edntomas o patrones radiogr\u00e1ficos similares.<\/li>\n<\/ul>\n<\/li>\n<\/ul>\n<p>El diagn\u00f3stico de la PTC implica un enfoque exhaustivo, que combina una historia ocupacional detallada, la evaluaci\u00f3n de la latencia, la interpretaci\u00f3n de los resultados de las pruebas de imagen y de funci\u00f3n pulmonar, y el descarte de otras posibles causas de s\u00edntomas respiratorios y enfermedades pulmonares fibr\u00f3ticas.<\/p>\n<\/div>\n<\/div>\n<\/div>\n<div class=\"mt-1 flex justify-start gap-3 empty:hidden\">\n<div class=\"text-gray-400 flex self-end lg:self-center justify-center lg:justify-start mt-0 -ml-1 visible\">\n<p>&nbsp;<\/p>\n<div class=\"flex\"><\/div>\n<div class=\"flex items-center gap-1.5 text-xs\"><\/div>\n<\/div>\n<\/div>\n<\/div>\n<\/div>\n<\/div>\n<\/div>\n<\/div>\n<\/div>\n<\/div>\n<\/div>\n<\/div>\n<div class=\"w-full pt-2 md:pt-0 dark:border-white\/20 md:border-transparent md:dark:border-transparent md:w-[calc(100%-.5rem)]\">\n<form class=\"stretch mx-2 flex flex-row gap-3 last:mb-2 md:mx-4 md:last:mb-6 lg:mx-auto lg:max-w-2xl xl:max-w-3xl\">\n<div class=\"relative flex h-full flex-1 items-stretch md:flex-col\">\n<div class=\"flex w-full items-center\"><\/div>\n<\/div>\n<\/form>\n<\/div>\n","protected":false},"excerpt":{"rendered":"<p>Las directrices proporcionadas por la Junta de Compensaci\u00f3n de los Trabajadores del Estado de Nueva York tienen por objeto ayudar a los profesionales sanitarios a evaluar la neumoconiosis de los trabajadores del carb\u00f3n (CWP). Estas directrices pretenden ayudar a los m\u00e9dicos y profesionales sanitarios a determinar el tratamiento adecuado para esta enfermedad. Los profesionales sanitarios [&hellip;]<\/p>\n","protected":false},"author":33,"featured_media":0,"parent":22301,"menu_order":0,"comment_status":"closed","ping_status":"closed","template":"","meta":{"_et_pb_use_builder":"","_et_pb_old_content":"","_et_gb_content_width":"","footnotes":""},"class_list":["post-22175","page","type-page","status-publish","hentry"],"yoast_head":"<!-- This site is optimized with the Yoast SEO plugin v27.2 - https:\/\/yoast.com\/product\/yoast-seo-wordpress\/ -->\n<title>Pautas de tratamiento m\u00e9dico del Estado de Nueva York para la neumoconiosis de los trabajadores del carb\u00f3n (CWP) en pacientes con indemnizaci\u00f3n laboral | Best Hip &amp; Knee Surgeon | NY, USA<\/title>\n<meta name=\"description\" content=\"Las directrices proporcionadas por la Junta de Compensaci\u00f3n de los Trabajadores del Estado de Nueva York tienen por objeto ayudar a los profesionales\" \/>\n<meta name=\"robots\" content=\"index, follow, max-snippet:-1, max-image-preview:large, max-video-preview:-1\" \/>\n<link rel=\"canonical\" href=\"https:\/\/www.newyorkhipknee.com\/es\/indemnizacion-por-accidente-laboral\/directrices-de-tratamiento-medico-mtg\/enfermedad-pulmonar-intersticial-ocupacional\/neumoconiosis-de-los-trabajadores-del-carbon-nc\/\" \/>\n<meta property=\"og:locale\" content=\"es_ES\" \/>\n<meta property=\"og:type\" content=\"article\" \/>\n<meta property=\"og:title\" content=\"Pautas de tratamiento m\u00e9dico del Estado de Nueva York para la neumoconiosis de los trabajadores del carb\u00f3n (CWP) en pacientes con indemnizaci\u00f3n laboral | Best Hip &amp; Knee Surgeon | NY, USA\" \/>\n<meta property=\"og:description\" content=\"Las directrices proporcionadas por la Junta de Compensaci\u00f3n de los Trabajadores del Estado de Nueva York tienen por objeto ayudar a los profesionales\" \/>\n<meta property=\"og:url\" content=\"https:\/\/www.newyorkhipknee.com\/es\/indemnizacion-por-accidente-laboral\/directrices-de-tratamiento-medico-mtg\/enfermedad-pulmonar-intersticial-ocupacional\/neumoconiosis-de-los-trabajadores-del-carbon-nc\/\" \/>\n<meta property=\"og:site_name\" content=\"Best Hip &amp; Knee Surgeon | NY, USA\" \/>\n<meta property=\"article:modified_time\" content=\"2024-01-30T17:04:00+00:00\" \/>\n<meta name=\"twitter:card\" content=\"summary_large_image\" \/>\n<meta name=\"twitter:label1\" content=\"Tiempo de lectura\" \/>\n\t<meta name=\"twitter:data1\" content=\"3 minutos\" \/>\n<script type=\"application\/ld+json\" class=\"yoast-schema-graph\">{\"@context\":\"https:\/\/schema.org\",\"@graph\":[{\"@type\":[\"WebPage\",\"MedicalWebPage\"],\"@id\":\"https:\/\/www.newyorkhipknee.com\/es\/indemnizacion-por-accidente-laboral\/directrices-de-tratamiento-medico-mtg\/enfermedad-pulmonar-intersticial-ocupacional\/neumoconiosis-de-los-trabajadores-del-carbon-nc\/\",\"url\":\"https:\/\/www.newyorkhipknee.com\/es\/indemnizacion-por-accidente-laboral\/directrices-de-tratamiento-medico-mtg\/enfermedad-pulmonar-intersticial-ocupacional\/neumoconiosis-de-los-trabajadores-del-carbon-nc\/\",\"name\":\"Pautas de tratamiento m\u00e9dico del Estado de Nueva York para la neumoconiosis de los trabajadores del carb\u00f3n (CWP) en pacientes con indemnizaci\u00f3n laboral | Best Hip &amp; Knee Surgeon | NY, USA\",\"isPartOf\":{\"@id\":\"https:\/\/www.newyorkhipknee.com\/es\/#website\"},\"datePublished\":\"2024-01-11T21:34:32+00:00\",\"dateModified\":\"2024-01-30T17:04:00+00:00\",\"description\":\"Las directrices proporcionadas por la Junta de Compensaci\u00f3n de los Trabajadores del Estado de Nueva York tienen por objeto ayudar a los profesionales\",\"breadcrumb\":{\"@id\":\"https:\/\/www.newyorkhipknee.com\/es\/indemnizacion-por-accidente-laboral\/directrices-de-tratamiento-medico-mtg\/enfermedad-pulmonar-intersticial-ocupacional\/neumoconiosis-de-los-trabajadores-del-carbon-nc\/#breadcrumb\"},\"inLanguage\":\"es\",\"potentialAction\":[{\"@type\":\"ReadAction\",\"target\":[\"https:\/\/www.newyorkhipknee.com\/es\/indemnizacion-por-accidente-laboral\/directrices-de-tratamiento-medico-mtg\/enfermedad-pulmonar-intersticial-ocupacional\/neumoconiosis-de-los-trabajadores-del-carbon-nc\/\"]}]},{\"@type\":\"BreadcrumbList\",\"@id\":\"https:\/\/www.newyorkhipknee.com\/es\/indemnizacion-por-accidente-laboral\/directrices-de-tratamiento-medico-mtg\/enfermedad-pulmonar-intersticial-ocupacional\/neumoconiosis-de-los-trabajadores-del-carbon-nc\/#breadcrumb\",\"itemListElement\":[{\"@type\":\"ListItem\",\"position\":1,\"name\":\"Home\",\"item\":\"https:\/\/www.newyorkhipknee.com\/es\/\"},{\"@type\":\"ListItem\",\"position\":2,\"name\":\"Indemnizaci\u00f3n por accidente laboral\",\"item\":\"https:\/\/www.newyorkhipknee.com\/es\/indemnizacion-por-accidente-laboral\/\"},{\"@type\":\"ListItem\",\"position\":3,\"name\":\"Directrices de tratamiento m\u00e9dico (MTG)\",\"item\":\"https:\/\/www.newyorkhipknee.com\/es\/indemnizacion-por-accidente-laboral\/directrices-de-tratamiento-medico-mtg\/\"},{\"@type\":\"ListItem\",\"position\":4,\"name\":\"Pautas de tratamiento m\u00e9dico del Estado de Nueva York para la enfermedad pulmonar intersticial ocupacional en pacientes con indemnizaci\u00f3n laboral\",\"item\":\"https:\/\/www.newyorkhipknee.com\/es\/indemnizacion-por-accidente-laboral\/directrices-de-tratamiento-medico-mtg\/enfermedad-pulmonar-intersticial-ocupacional\/\"},{\"@type\":\"ListItem\",\"position\":5,\"name\":\"Pautas de tratamiento m\u00e9dico del Estado de Nueva York para la neumoconiosis de los trabajadores del carb\u00f3n (CWP) en pacientes con indemnizaci\u00f3n laboral\"}]},{\"@type\":\"WebSite\",\"@id\":\"https:\/\/www.newyorkhipknee.com\/es\/#website\",\"url\":\"https:\/\/www.newyorkhipknee.com\/es\/\",\"name\":\"Best Hip & Knee Surgeon | NY, USA\",\"description\":\"\",\"potentialAction\":[{\"@type\":\"SearchAction\",\"target\":{\"@type\":\"EntryPoint\",\"urlTemplate\":\"https:\/\/www.newyorkhipknee.com\/es\/?s={search_term_string}\"},\"query-input\":{\"@type\":\"PropertyValueSpecification\",\"valueRequired\":true,\"valueName\":\"search_term_string\"}}],\"inLanguage\":\"es\"}]}<\/script>\n<!-- \/ Yoast SEO plugin. -->","yoast_head_json":{"title":"Pautas de tratamiento m\u00e9dico del Estado de Nueva York para la neumoconiosis de los trabajadores del carb\u00f3n (CWP) en pacientes con indemnizaci\u00f3n laboral | Best Hip &amp; Knee Surgeon | NY, USA","description":"Las directrices proporcionadas por la Junta de Compensaci\u00f3n de los Trabajadores del Estado de Nueva York tienen por objeto ayudar a los profesionales","robots":{"index":"index","follow":"follow","max-snippet":"max-snippet:-1","max-image-preview":"max-image-preview:large","max-video-preview":"max-video-preview:-1"},"canonical":"https:\/\/www.newyorkhipknee.com\/es\/indemnizacion-por-accidente-laboral\/directrices-de-tratamiento-medico-mtg\/enfermedad-pulmonar-intersticial-ocupacional\/neumoconiosis-de-los-trabajadores-del-carbon-nc\/","og_locale":"es_ES","og_type":"article","og_title":"Pautas de tratamiento m\u00e9dico del Estado de Nueva York para la neumoconiosis de los trabajadores del carb\u00f3n (CWP) en pacientes con indemnizaci\u00f3n laboral | Best Hip &amp; Knee Surgeon | NY, USA","og_description":"Las directrices proporcionadas por la Junta de Compensaci\u00f3n de los Trabajadores del Estado de Nueva York tienen por objeto ayudar a los profesionales","og_url":"https:\/\/www.newyorkhipknee.com\/es\/indemnizacion-por-accidente-laboral\/directrices-de-tratamiento-medico-mtg\/enfermedad-pulmonar-intersticial-ocupacional\/neumoconiosis-de-los-trabajadores-del-carbon-nc\/","og_site_name":"Best Hip &amp; Knee Surgeon | NY, USA","article_modified_time":"2024-01-30T17:04:00+00:00","twitter_card":"summary_large_image","twitter_misc":{"Tiempo de lectura":"3 minutos"},"schema":{"@context":"https:\/\/schema.org","@graph":[{"@type":["WebPage","MedicalWebPage"],"@id":"https:\/\/www.newyorkhipknee.com\/es\/indemnizacion-por-accidente-laboral\/directrices-de-tratamiento-medico-mtg\/enfermedad-pulmonar-intersticial-ocupacional\/neumoconiosis-de-los-trabajadores-del-carbon-nc\/","url":"https:\/\/www.newyorkhipknee.com\/es\/indemnizacion-por-accidente-laboral\/directrices-de-tratamiento-medico-mtg\/enfermedad-pulmonar-intersticial-ocupacional\/neumoconiosis-de-los-trabajadores-del-carbon-nc\/","name":"Pautas de tratamiento m\u00e9dico del Estado de Nueva York para la neumoconiosis de los trabajadores del carb\u00f3n (CWP) en pacientes con indemnizaci\u00f3n laboral | Best Hip &amp; Knee Surgeon | NY, USA","isPartOf":{"@id":"https:\/\/www.newyorkhipknee.com\/es\/#website"},"datePublished":"2024-01-11T21:34:32+00:00","dateModified":"2024-01-30T17:04:00+00:00","description":"Las directrices proporcionadas por la Junta de Compensaci\u00f3n de los Trabajadores del Estado de Nueva York tienen por objeto ayudar a los profesionales","breadcrumb":{"@id":"https:\/\/www.newyorkhipknee.com\/es\/indemnizacion-por-accidente-laboral\/directrices-de-tratamiento-medico-mtg\/enfermedad-pulmonar-intersticial-ocupacional\/neumoconiosis-de-los-trabajadores-del-carbon-nc\/#breadcrumb"},"inLanguage":"es","potentialAction":[{"@type":"ReadAction","target":["https:\/\/www.newyorkhipknee.com\/es\/indemnizacion-por-accidente-laboral\/directrices-de-tratamiento-medico-mtg\/enfermedad-pulmonar-intersticial-ocupacional\/neumoconiosis-de-los-trabajadores-del-carbon-nc\/"]}]},{"@type":"BreadcrumbList","@id":"https:\/\/www.newyorkhipknee.com\/es\/indemnizacion-por-accidente-laboral\/directrices-de-tratamiento-medico-mtg\/enfermedad-pulmonar-intersticial-ocupacional\/neumoconiosis-de-los-trabajadores-del-carbon-nc\/#breadcrumb","itemListElement":[{"@type":"ListItem","position":1,"name":"Home","item":"https:\/\/www.newyorkhipknee.com\/es\/"},{"@type":"ListItem","position":2,"name":"Indemnizaci\u00f3n por accidente laboral","item":"https:\/\/www.newyorkhipknee.com\/es\/indemnizacion-por-accidente-laboral\/"},{"@type":"ListItem","position":3,"name":"Directrices de tratamiento m\u00e9dico (MTG)","item":"https:\/\/www.newyorkhipknee.com\/es\/indemnizacion-por-accidente-laboral\/directrices-de-tratamiento-medico-mtg\/"},{"@type":"ListItem","position":4,"name":"Pautas de tratamiento m\u00e9dico del Estado de Nueva York para la enfermedad pulmonar intersticial ocupacional en pacientes con indemnizaci\u00f3n laboral","item":"https:\/\/www.newyorkhipknee.com\/es\/indemnizacion-por-accidente-laboral\/directrices-de-tratamiento-medico-mtg\/enfermedad-pulmonar-intersticial-ocupacional\/"},{"@type":"ListItem","position":5,"name":"Pautas de tratamiento m\u00e9dico del Estado de Nueva York para la neumoconiosis de los trabajadores del carb\u00f3n (CWP) en pacientes con indemnizaci\u00f3n laboral"}]},{"@type":"WebSite","@id":"https:\/\/www.newyorkhipknee.com\/es\/#website","url":"https:\/\/www.newyorkhipknee.com\/es\/","name":"Best Hip & Knee Surgeon | NY, USA","description":"","potentialAction":[{"@type":"SearchAction","target":{"@type":"EntryPoint","urlTemplate":"https:\/\/www.newyorkhipknee.com\/es\/?s={search_term_string}"},"query-input":{"@type":"PropertyValueSpecification","valueRequired":true,"valueName":"search_term_string"}}],"inLanguage":"es"}]}},"_links":{"self":[{"href":"https:\/\/www.newyorkhipknee.com\/es\/wp-json\/wp\/v2\/pages\/22175","targetHints":{"allow":["GET"]}}],"collection":[{"href":"https:\/\/www.newyorkhipknee.com\/es\/wp-json\/wp\/v2\/pages"}],"about":[{"href":"https:\/\/www.newyorkhipknee.com\/es\/wp-json\/wp\/v2\/types\/page"}],"author":[{"embeddable":true,"href":"https:\/\/www.newyorkhipknee.com\/es\/wp-json\/wp\/v2\/users\/33"}],"replies":[{"embeddable":true,"href":"https:\/\/www.newyorkhipknee.com\/es\/wp-json\/wp\/v2\/comments?post=22175"}],"version-history":[{"count":0,"href":"https:\/\/www.newyorkhipknee.com\/es\/wp-json\/wp\/v2\/pages\/22175\/revisions"}],"up":[{"embeddable":true,"href":"https:\/\/www.newyorkhipknee.com\/es\/wp-json\/wp\/v2\/pages\/22301"}],"wp:attachment":[{"href":"https:\/\/www.newyorkhipknee.com\/es\/wp-json\/wp\/v2\/media?parent=22175"}],"curies":[{"name":"wp","href":"https:\/\/api.w.org\/{rel}","templated":true}]}}