{"id":22179,"date":"2024-01-12T15:05:38","date_gmt":"2024-01-12T20:05:38","guid":{"rendered":"https:\/\/newyorkhipknee.com\/anamnesis-y-exploracion-fisica-2\/"},"modified":"2024-01-30T11:41:15","modified_gmt":"2024-01-30T16:41:15","slug":"anamnesis-y-exploracion-fisica-2","status":"publish","type":"page","link":"https:\/\/www.newyorkhipknee.com\/es\/indemnizacion-por-accidente-laboral\/directrices-de-tratamiento-medico-mtg\/enfermedad-pulmonar-intersticial-ocupacional\/anamnesis-y-exploracion-fisica-2\/","title":{"rendered":"Pautas de tratamiento m\u00e9dico del estado de Nueva York para la anamnesis y la exploraci\u00f3n f\u00edsica de la enfermedad pulmonar intersticial profesional en pacientes con indemnizaci\u00f3n por accidentes de trabajo"},"content":{"rendered":"<p>La Junta de Indemnizaci\u00f3n por Accidentes de Trabajo del Estado de Nueva York ha establecido directrices para la evaluaci\u00f3n de la anamnesis y el examen f\u00edsico. Estas directrices est\u00e1n dise\u00f1adas para ayudar a los m\u00e9dicos y profesionales sanitarios a determinar el tratamiento adecuado para estos procedimientos.<\/p>\n<p>Los profesionales sanitarios que se centran en la anamnesis y la exploraci\u00f3n f\u00edsica pueden utilizar las orientaciones de la Junta de Indemnizaci\u00f3n por Accidentes de Trabajo para tomar decisiones informadas sobre el nivel de atenci\u00f3n m\u00e1s adecuado para sus pacientes.<\/p>\n<p>Es fundamental subrayar que estas directrices no pretenden sustituir el juicio cl\u00ednico ni la experiencia profesional. La decisi\u00f3n final sobre los cuidados debe ser fruto de la colaboraci\u00f3n entre el paciente y el profesional sanitario.<\/p>\n<p>&nbsp;<\/p>\n<p>El diagn\u00f3stico y los planes de tratamiento se basan en los antecedentes de exposici\u00f3n profesional, la presentaci\u00f3n y los resultados de las pruebas de cribado diagn\u00f3stico.<\/p>\n<p>&nbsp;<\/p>\n<h3>Historia de enfermedad actual<\/h3>\n<p>La Historia de la Enfermedad Actual (HPI) debe registrar lo siguiente:<br \/>\n&#8211; Exposiciones pulmonares, tanto ocupacionales como no ocupacionales.<br \/>\n&#8211; Detalles de la ocupaci\u00f3n actual y pasada, especificando tipos de actividades laborales como construcci\u00f3n, demolici\u00f3n, miner\u00eda, fabricaci\u00f3n y perforaci\u00f3n. Consulte la tabla siguiente para ver algunos ejemplos.<br \/>\n&#8211; Duraci\u00f3n del tiempo dedicado a cada trabajo, incluidos los puestos ocupados hace a\u00f1os o d\u00e9cadas.<\/p>\n<p>Las exposiciones deben abarcar:<br \/>\n&#8211; Polvos, que abarcan los polvos org\u00e1nicos (hongos, bacterias, prote\u00ednas vegetales y animales) y los polvos minerales inorg\u00e1nicos (s\u00edlice, asbestosis, carb\u00f3n).<br \/>\n&#8211; Metales como el berilio (presente en bombillas antiguas y en la industria aeroespacial), el esta\u00f1o y el cobalto.<br \/>\n&#8211; Sustancias t\u00f3xicas e inflamatorias como humos, gases, vapores y aerosoles.<\/p>\n<p>El historial de exposici\u00f3n no s\u00f3lo debe incluir las exposiciones ocupacionales, sino tambi\u00e9n las no ocupacionales, detallando el agente, la duraci\u00f3n y la intensidad de la exposici\u00f3n. Lo ideal ser\u00eda que la intensidad estuviera respaldada por mediciones ambientales (datos de higiene industrial) o descrita cualitativamente (por ejemplo, diaria, semanal, mensual, anual).<\/p>\n<p>Incluya preguntas sobre las responsabilidades y la exposici\u00f3n de la persona, teniendo en cuenta factores como el trabajo en una oficina.<\/p>\n<p>En cuanto a los s\u00edntomas:<br \/>\n&#8211; Documente cu\u00e1ndo empezaron los s\u00edntomas.<br \/>\n&#8211; Especifique molestias como opresi\u00f3n en la garganta, falta de aire, dificultad para inspirar o espirar, sonidos \u00e1speros, tos y producci\u00f3n de esputo.<br \/>\n&#8211; Anote la duraci\u00f3n, la aparici\u00f3n y la frecuencia de los s\u00edntomas.<br \/>\n&#8211; Explorar la evoluci\u00f3n de los s\u00edntomas, incluidos el agravamiento y el alivio en relaci\u00f3n con el entorno laboral, los cambios en el entorno laboral y las variaciones de los s\u00edntomas en funci\u00f3n de los d\u00edas trabajados y no trabajados.<br \/>\n&#8211; Siga la evoluci\u00f3n de los s\u00edntomas.<\/p>\n<p>Otros aspectos esenciales que deben cubrirse son las pruebas e im\u00e1genes pulmonares, los tratamientos anteriores, la relaci\u00f3n de la enfermedad o lesi\u00f3n con el trabajo (incluida una declaraci\u00f3n sobre la probabilidad de que est\u00e9 relacionada con el trabajo) y la capacidad de la persona para realizar las tareas laborales y las actividades de la vida diaria.<\/p>\n<p>&nbsp;<\/p>\n<h3>Historia pasada<\/h3>\n<p>&#8211; Historial m\u00e9dico previo, que incluya, entre otras cosas, la exposici\u00f3n previa a afecciones pulmonares y tratamientos (que cubra la susceptibilidad a la bronquitis y la neumon\u00eda).<br \/>\n&#8211; El examen sistem\u00e1tico implica, entre otras cosas, la investigaci\u00f3n de s\u00edntomas relacionados con enfermedades reumatol\u00f3gicas, neurol\u00f3gicas, endocrinas, neopl\u00e1sicas y sist\u00e9micas diversas.<br \/>\n&#8211; Examen minucioso del historial de tabaquismo, incluido el consumo de marihuana, vapeo, etc.<br \/>\n&#8211; Resumen exhaustivo del historial de medicaci\u00f3n, teniendo en cuenta el uso de amiodarona, agentes quimioterap\u00e9uticos y nitrofuranto\u00edna.<br \/>\n&#8211; Exploraci\u00f3n de actividades tanto laborales como recreativas.<br \/>\n&#8211; Examen de estudios de imagen anteriores.<br \/>\n&#8211; Evaluaci\u00f3n del historial quir\u00fargico.<br \/>\n&#8211; Recogida de informaci\u00f3n relacionada con las alergias.<\/p>\n<p>&nbsp;<\/p>\n<h3>Examen f\u00edsico<\/h3>\n<p>Un examen centrado en la salud pulmonar ocupacional debe abarcar los siguientes componentes:<br \/>\n&#8211; Registro de las constantes vitales, incluida la frecuencia respiratoria medida y la saturaci\u00f3n de O2.<br \/>\n&#8211; Evaluaci\u00f3n de las capacidades funcionales generales, calibrando la facilidad para moverse, caminar, cambiar de postura, vestirse y desvestirse, al tiempo que se observan los signos y s\u00edntomas de disnea.<br \/>\n&#8211; Evaluaci\u00f3n del estado respiratorio, teniendo en cuenta factores como la frecuencia, la profundidad, el uso de m\u00fasculos accesorios y el aleteo nasal.<br \/>\n&#8211; Inspecci\u00f3n visual en busca de signos de enfermedad pulmonar y causas potenciales, incluyendo:<br \/>\n&#8211; Anomal\u00edas en las mucosas<br \/>\n&#8211; Presencia de p\u00f3lipos nasales, inflamaci\u00f3n o secreci\u00f3n<br \/>\n&#8211; Clubbing (asociado a enfermedades como la asbestosis, la fibrosis pulmonar idiop\u00e1tica y ciertas neumonitis por hipersensibilidad).<br \/>\n&#8211; Di\u00e1metro anteroposterior<br \/>\n&#8211; Escoliosis<br \/>\n&#8211; Cifosis<br \/>\n&#8211; Palpaci\u00f3n para identificar:<br \/>\n&#8211; Anomal\u00edas de la pared tor\u00e1cica<br \/>\n&#8211; Presencia de adenopat\u00edas y masas en el cuello<br \/>\n&#8211; Percusi\u00f3n para evaluar la resonancia e identificar:<br \/>\n&#8211; Aireaci\u00f3n<br \/>\n&#8211; Nivel del diafragma<br \/>\n&#8211; Indicios de interfaz fluida o consolidaci\u00f3n<br \/>\n&#8211; Auscultaci\u00f3n para examinar:<br \/>\n&#8211; La relaci\u00f3n inspiraci\u00f3n-espiraci\u00f3n<br \/>\n&#8211; Ruidos respiratorios adventicios (como crepitaciones, sibilancias &#8211; a menudo una manifestaci\u00f3n secundaria de la HP y una manifestaci\u00f3n primaria de la neumon\u00eda eosinof\u00edlica, estertores, roncus).<br \/>\n&#8211; Presencia de roces pleurales, junto con el momento, la localizaci\u00f3n y la persistencia de los hallazgos pulmonares.<br \/>\n&#8211; Exploraci\u00f3n card\u00edaca centrada en la identificaci\u00f3n de signos de cor pulmonale e insuficiencia card\u00edaca.<br \/>\n&#8211; Examen d\u00e9rmico para detectar signos de enfermedades, como el eritema nodoso (asociado a la sarcoidosis).<\/p>\n<p>&nbsp;<\/p>\n<h3>Enfoque diagn\u00f3stico<\/h3>\n<p>El diagn\u00f3stico de la enfermedad pulmonar intersticial (EPI) ocupacional suele basarse en un enfoque cl\u00ednico, teniendo en cuenta factores como una historia ocupacional relevante con una exposici\u00f3n adecuada y una latencia apropiada, apoyada por pruebas radiogr\u00e1ficas objetivas (como radiograf\u00eda de t\u00f3rax y\/o HRCT). Adem\u00e1s, es crucial una evaluaci\u00f3n de la funci\u00f3n pulmonar, examinando los cambios consistentes en la capacidad ventilatoria, los vol\u00famenes pulmonares est\u00e1ticos o el intercambio gaseoso, a la vez que se consideran diagn\u00f3sticos diferenciales alternativos.<\/p>\n<p>En el caso de individuos con un perfil cl\u00ednico t\u00edpico, que incluya un historial de exposici\u00f3n exhaustivo, una latencia adecuada y una presentaci\u00f3n radiogr\u00e1fica coherente, rara vez es necesaria una biopsia pulmonar para confirmar el diagn\u00f3stico de EPI ocupacional. Sin embargo, puede haber casos en los que sea esencial un examen patol\u00f3gico del tejido pulmonar, especialmente en contextos en los que las caracter\u00edsticas cl\u00ednicas o radiogr\u00e1ficas no sean concluyentes o sean at\u00edpicas.<\/p>\n<p>Es aconsejable incorporar al proceso diagn\u00f3stico un seguimiento m\u00e9dico peri\u00f3dico que incluya pruebas de funci\u00f3n pulmonar y estudios de imagen. Esta evaluaci\u00f3n continua es fundamental para la valoraci\u00f3n m\u00e9dica de las enfermedades profesionales pulmonares.<\/p>\n","protected":false},"excerpt":{"rendered":"<p>La Junta de Indemnizaci\u00f3n por Accidentes de Trabajo del Estado de Nueva York ha establecido directrices para la evaluaci\u00f3n de la anamnesis y el examen f\u00edsico. Estas directrices est\u00e1n dise\u00f1adas para ayudar a los m\u00e9dicos y profesionales sanitarios a determinar el tratamiento adecuado para estos procedimientos. Los profesionales sanitarios que se centran en la anamnesis [&hellip;]<\/p>\n","protected":false},"author":33,"featured_media":0,"parent":22301,"menu_order":0,"comment_status":"closed","ping_status":"closed","template":"","meta":{"_et_pb_use_builder":"","_et_pb_old_content":"","_et_gb_content_width":"","footnotes":""},"class_list":["post-22179","page","type-page","status-publish","hentry"],"yoast_head":"<!-- This site is optimized with the Yoast SEO plugin v27.2 - https:\/\/yoast.com\/product\/yoast-seo-wordpress\/ -->\n<title>Pautas de tratamiento m\u00e9dico del estado de Nueva York para la anamnesis y la exploraci\u00f3n f\u00edsica de la enfermedad pulmonar intersticial profesional en pacientes con indemnizaci\u00f3n por accidentes de trabajo | Best Hip &amp; Knee Surgeon | NY, USA<\/title>\n<meta name=\"description\" content=\"La Junta de Indemnizaci\u00f3n por Accidentes de Trabajo del Estado de Nueva York ha establecido directrices para la evaluaci\u00f3n de la anamnesis y el examen\" \/>\n<meta name=\"robots\" content=\"index, follow, max-snippet:-1, max-image-preview:large, max-video-preview:-1\" \/>\n<link rel=\"canonical\" href=\"https:\/\/www.newyorkhipknee.com\/es\/indemnizacion-por-accidente-laboral\/directrices-de-tratamiento-medico-mtg\/enfermedad-pulmonar-intersticial-ocupacional\/anamnesis-y-exploracion-fisica-2\/\" \/>\n<meta property=\"og:locale\" content=\"es_ES\" \/>\n<meta property=\"og:type\" content=\"article\" \/>\n<meta property=\"og:title\" content=\"Pautas de tratamiento m\u00e9dico del estado de Nueva York para la anamnesis y la exploraci\u00f3n f\u00edsica de la enfermedad pulmonar intersticial profesional en pacientes con indemnizaci\u00f3n por accidentes de trabajo | Best Hip &amp; Knee Surgeon | NY, USA\" \/>\n<meta property=\"og:description\" content=\"La Junta de Indemnizaci\u00f3n por Accidentes de Trabajo del Estado de Nueva York ha establecido directrices para la evaluaci\u00f3n de la anamnesis y el examen\" \/>\n<meta property=\"og:url\" content=\"https:\/\/www.newyorkhipknee.com\/es\/indemnizacion-por-accidente-laboral\/directrices-de-tratamiento-medico-mtg\/enfermedad-pulmonar-intersticial-ocupacional\/anamnesis-y-exploracion-fisica-2\/\" \/>\n<meta property=\"og:site_name\" content=\"Best Hip &amp; Knee Surgeon | NY, USA\" \/>\n<meta property=\"article:modified_time\" content=\"2024-01-30T16:41:15+00:00\" \/>\n<meta name=\"twitter:card\" content=\"summary_large_image\" \/>\n<meta name=\"twitter:label1\" content=\"Tiempo de lectura\" \/>\n\t<meta name=\"twitter:data1\" content=\"6 minutos\" \/>\n<script type=\"application\/ld+json\" class=\"yoast-schema-graph\">{\"@context\":\"https:\/\/schema.org\",\"@graph\":[{\"@type\":[\"WebPage\",\"MedicalWebPage\"],\"@id\":\"https:\/\/www.newyorkhipknee.com\/es\/indemnizacion-por-accidente-laboral\/directrices-de-tratamiento-medico-mtg\/enfermedad-pulmonar-intersticial-ocupacional\/anamnesis-y-exploracion-fisica-2\/\",\"url\":\"https:\/\/www.newyorkhipknee.com\/es\/indemnizacion-por-accidente-laboral\/directrices-de-tratamiento-medico-mtg\/enfermedad-pulmonar-intersticial-ocupacional\/anamnesis-y-exploracion-fisica-2\/\",\"name\":\"Pautas de tratamiento m\u00e9dico del estado de Nueva York para la anamnesis y la exploraci\u00f3n f\u00edsica de la enfermedad pulmonar intersticial profesional en pacientes con indemnizaci\u00f3n por accidentes de trabajo | Best Hip &amp; Knee Surgeon | NY, USA\",\"isPartOf\":{\"@id\":\"https:\/\/www.newyorkhipknee.com\/es\/#website\"},\"datePublished\":\"2024-01-12T20:05:38+00:00\",\"dateModified\":\"2024-01-30T16:41:15+00:00\",\"description\":\"La Junta de Indemnizaci\u00f3n por Accidentes de Trabajo del Estado de Nueva York ha establecido directrices para la evaluaci\u00f3n de la anamnesis y el examen\",\"breadcrumb\":{\"@id\":\"https:\/\/www.newyorkhipknee.com\/es\/indemnizacion-por-accidente-laboral\/directrices-de-tratamiento-medico-mtg\/enfermedad-pulmonar-intersticial-ocupacional\/anamnesis-y-exploracion-fisica-2\/#breadcrumb\"},\"inLanguage\":\"es\",\"potentialAction\":[{\"@type\":\"ReadAction\",\"target\":[\"https:\/\/www.newyorkhipknee.com\/es\/indemnizacion-por-accidente-laboral\/directrices-de-tratamiento-medico-mtg\/enfermedad-pulmonar-intersticial-ocupacional\/anamnesis-y-exploracion-fisica-2\/\"]}]},{\"@type\":\"BreadcrumbList\",\"@id\":\"https:\/\/www.newyorkhipknee.com\/es\/indemnizacion-por-accidente-laboral\/directrices-de-tratamiento-medico-mtg\/enfermedad-pulmonar-intersticial-ocupacional\/anamnesis-y-exploracion-fisica-2\/#breadcrumb\",\"itemListElement\":[{\"@type\":\"ListItem\",\"position\":1,\"name\":\"Home\",\"item\":\"https:\/\/www.newyorkhipknee.com\/es\/\"},{\"@type\":\"ListItem\",\"position\":2,\"name\":\"Indemnizaci\u00f3n por accidente laboral\",\"item\":\"https:\/\/www.newyorkhipknee.com\/es\/indemnizacion-por-accidente-laboral\/\"},{\"@type\":\"ListItem\",\"position\":3,\"name\":\"Directrices de tratamiento m\u00e9dico (MTG)\",\"item\":\"https:\/\/www.newyorkhipknee.com\/es\/indemnizacion-por-accidente-laboral\/directrices-de-tratamiento-medico-mtg\/\"},{\"@type\":\"ListItem\",\"position\":4,\"name\":\"Pautas de tratamiento m\u00e9dico del Estado de Nueva York para la enfermedad pulmonar intersticial ocupacional en pacientes con indemnizaci\u00f3n laboral\",\"item\":\"https:\/\/www.newyorkhipknee.com\/es\/indemnizacion-por-accidente-laboral\/directrices-de-tratamiento-medico-mtg\/enfermedad-pulmonar-intersticial-ocupacional\/\"},{\"@type\":\"ListItem\",\"position\":5,\"name\":\"Pautas de tratamiento m\u00e9dico del estado de Nueva York para la anamnesis y la exploraci\u00f3n f\u00edsica de la enfermedad pulmonar intersticial profesional en pacientes con indemnizaci\u00f3n por accidentes de trabajo\"}]},{\"@type\":\"WebSite\",\"@id\":\"https:\/\/www.newyorkhipknee.com\/es\/#website\",\"url\":\"https:\/\/www.newyorkhipknee.com\/es\/\",\"name\":\"Best Hip & Knee Surgeon | NY, USA\",\"description\":\"\",\"potentialAction\":[{\"@type\":\"SearchAction\",\"target\":{\"@type\":\"EntryPoint\",\"urlTemplate\":\"https:\/\/www.newyorkhipknee.com\/es\/?s={search_term_string}\"},\"query-input\":{\"@type\":\"PropertyValueSpecification\",\"valueRequired\":true,\"valueName\":\"search_term_string\"}}],\"inLanguage\":\"es\"}]}<\/script>\n<!-- \/ Yoast SEO plugin. -->","yoast_head_json":{"title":"Pautas de tratamiento m\u00e9dico del estado de Nueva York para la anamnesis y la exploraci\u00f3n f\u00edsica de la enfermedad pulmonar intersticial profesional en pacientes con indemnizaci\u00f3n por accidentes de trabajo | Best Hip &amp; Knee Surgeon | NY, USA","description":"La Junta de Indemnizaci\u00f3n por Accidentes de Trabajo del Estado de Nueva York ha establecido directrices para la evaluaci\u00f3n de la anamnesis y el examen","robots":{"index":"index","follow":"follow","max-snippet":"max-snippet:-1","max-image-preview":"max-image-preview:large","max-video-preview":"max-video-preview:-1"},"canonical":"https:\/\/www.newyorkhipknee.com\/es\/indemnizacion-por-accidente-laboral\/directrices-de-tratamiento-medico-mtg\/enfermedad-pulmonar-intersticial-ocupacional\/anamnesis-y-exploracion-fisica-2\/","og_locale":"es_ES","og_type":"article","og_title":"Pautas de tratamiento m\u00e9dico del estado de Nueva York para la anamnesis y la exploraci\u00f3n f\u00edsica de la enfermedad pulmonar intersticial profesional en pacientes con indemnizaci\u00f3n por accidentes de trabajo | Best Hip &amp; Knee Surgeon | NY, USA","og_description":"La Junta de Indemnizaci\u00f3n por Accidentes de Trabajo del Estado de Nueva York ha establecido directrices para la evaluaci\u00f3n de la anamnesis y el examen","og_url":"https:\/\/www.newyorkhipknee.com\/es\/indemnizacion-por-accidente-laboral\/directrices-de-tratamiento-medico-mtg\/enfermedad-pulmonar-intersticial-ocupacional\/anamnesis-y-exploracion-fisica-2\/","og_site_name":"Best Hip &amp; Knee Surgeon | NY, USA","article_modified_time":"2024-01-30T16:41:15+00:00","twitter_card":"summary_large_image","twitter_misc":{"Tiempo de lectura":"6 minutos"},"schema":{"@context":"https:\/\/schema.org","@graph":[{"@type":["WebPage","MedicalWebPage"],"@id":"https:\/\/www.newyorkhipknee.com\/es\/indemnizacion-por-accidente-laboral\/directrices-de-tratamiento-medico-mtg\/enfermedad-pulmonar-intersticial-ocupacional\/anamnesis-y-exploracion-fisica-2\/","url":"https:\/\/www.newyorkhipknee.com\/es\/indemnizacion-por-accidente-laboral\/directrices-de-tratamiento-medico-mtg\/enfermedad-pulmonar-intersticial-ocupacional\/anamnesis-y-exploracion-fisica-2\/","name":"Pautas de tratamiento m\u00e9dico del estado de Nueva York para la anamnesis y la exploraci\u00f3n f\u00edsica de la enfermedad pulmonar intersticial profesional en pacientes con indemnizaci\u00f3n por accidentes de trabajo | Best Hip &amp; Knee Surgeon | NY, USA","isPartOf":{"@id":"https:\/\/www.newyorkhipknee.com\/es\/#website"},"datePublished":"2024-01-12T20:05:38+00:00","dateModified":"2024-01-30T16:41:15+00:00","description":"La Junta de Indemnizaci\u00f3n por Accidentes de Trabajo del Estado de Nueva York ha establecido directrices para la evaluaci\u00f3n de la anamnesis y el examen","breadcrumb":{"@id":"https:\/\/www.newyorkhipknee.com\/es\/indemnizacion-por-accidente-laboral\/directrices-de-tratamiento-medico-mtg\/enfermedad-pulmonar-intersticial-ocupacional\/anamnesis-y-exploracion-fisica-2\/#breadcrumb"},"inLanguage":"es","potentialAction":[{"@type":"ReadAction","target":["https:\/\/www.newyorkhipknee.com\/es\/indemnizacion-por-accidente-laboral\/directrices-de-tratamiento-medico-mtg\/enfermedad-pulmonar-intersticial-ocupacional\/anamnesis-y-exploracion-fisica-2\/"]}]},{"@type":"BreadcrumbList","@id":"https:\/\/www.newyorkhipknee.com\/es\/indemnizacion-por-accidente-laboral\/directrices-de-tratamiento-medico-mtg\/enfermedad-pulmonar-intersticial-ocupacional\/anamnesis-y-exploracion-fisica-2\/#breadcrumb","itemListElement":[{"@type":"ListItem","position":1,"name":"Home","item":"https:\/\/www.newyorkhipknee.com\/es\/"},{"@type":"ListItem","position":2,"name":"Indemnizaci\u00f3n por accidente laboral","item":"https:\/\/www.newyorkhipknee.com\/es\/indemnizacion-por-accidente-laboral\/"},{"@type":"ListItem","position":3,"name":"Directrices de tratamiento m\u00e9dico (MTG)","item":"https:\/\/www.newyorkhipknee.com\/es\/indemnizacion-por-accidente-laboral\/directrices-de-tratamiento-medico-mtg\/"},{"@type":"ListItem","position":4,"name":"Pautas de tratamiento m\u00e9dico del Estado de Nueva York para la enfermedad pulmonar intersticial ocupacional en pacientes con indemnizaci\u00f3n laboral","item":"https:\/\/www.newyorkhipknee.com\/es\/indemnizacion-por-accidente-laboral\/directrices-de-tratamiento-medico-mtg\/enfermedad-pulmonar-intersticial-ocupacional\/"},{"@type":"ListItem","position":5,"name":"Pautas de tratamiento m\u00e9dico del estado de Nueva York para la anamnesis y la exploraci\u00f3n f\u00edsica de la enfermedad pulmonar intersticial profesional en pacientes con indemnizaci\u00f3n por accidentes de trabajo"}]},{"@type":"WebSite","@id":"https:\/\/www.newyorkhipknee.com\/es\/#website","url":"https:\/\/www.newyorkhipknee.com\/es\/","name":"Best Hip & Knee Surgeon | NY, USA","description":"","potentialAction":[{"@type":"SearchAction","target":{"@type":"EntryPoint","urlTemplate":"https:\/\/www.newyorkhipknee.com\/es\/?s={search_term_string}"},"query-input":{"@type":"PropertyValueSpecification","valueRequired":true,"valueName":"search_term_string"}}],"inLanguage":"es"}]}},"_links":{"self":[{"href":"https:\/\/www.newyorkhipknee.com\/es\/wp-json\/wp\/v2\/pages\/22179","targetHints":{"allow":["GET"]}}],"collection":[{"href":"https:\/\/www.newyorkhipknee.com\/es\/wp-json\/wp\/v2\/pages"}],"about":[{"href":"https:\/\/www.newyorkhipknee.com\/es\/wp-json\/wp\/v2\/types\/page"}],"author":[{"embeddable":true,"href":"https:\/\/www.newyorkhipknee.com\/es\/wp-json\/wp\/v2\/users\/33"}],"replies":[{"embeddable":true,"href":"https:\/\/www.newyorkhipknee.com\/es\/wp-json\/wp\/v2\/comments?post=22179"}],"version-history":[{"count":0,"href":"https:\/\/www.newyorkhipknee.com\/es\/wp-json\/wp\/v2\/pages\/22179\/revisions"}],"up":[{"embeddable":true,"href":"https:\/\/www.newyorkhipknee.com\/es\/wp-json\/wp\/v2\/pages\/22301"}],"wp:attachment":[{"href":"https:\/\/www.newyorkhipknee.com\/es\/wp-json\/wp\/v2\/media?parent=22179"}],"curies":[{"name":"wp","href":"https:\/\/api.w.org\/{rel}","templated":true}]}}