{"id":22183,"date":"2024-01-12T13:23:05","date_gmt":"2024-01-12T18:23:05","guid":{"rendered":"https:\/\/newyorkhipknee.com\/otras-enfermedades-granulomatosas\/"},"modified":"2024-01-30T11:44:43","modified_gmt":"2024-01-30T16:44:43","slug":"otras-enfermedades-granulomatosas","status":"publish","type":"page","link":"https:\/\/www.newyorkhipknee.com\/es\/indemnizacion-por-accidente-laboral\/directrices-de-tratamiento-medico-mtg\/enfermedad-pulmonar-intersticial-ocupacional\/otras-enfermedades-granulomatosas\/","title":{"rendered":"Pautas de tratamiento m\u00e9dico del Estado de Nueva York para otras enfermedades granulomatosas en pacientes con indemnizaci\u00f3n por accidente laboral"},"content":{"rendered":"<p>Las directrices elaboradas por la Junta de Indemnizaci\u00f3n por Accidentes de Trabajo del Estado de Nueva York pretenden ayudar a los profesionales sanitarios a proporcionar un tratamiento adecuado para otras enfermedades granulomatosas.<\/p>\n<p>Adaptadas a los facultativos m\u00e9dicos, estas directrices de la Junta de Indemnizaci\u00f3n por Accidentes de Trabajo ofrecen ayuda para determinar el curso de acci\u00f3n correcto para las personas con enfermedades granulomatosas distintas del asma.<\/p>\n<p>Es importante subrayar que estas directrices no sustituyen al juicio cl\u00ednico ni a la experiencia profesional. La decisi\u00f3n final sobre el tratamiento de otras enfermedades granulomatosas debe tomarse en colaboraci\u00f3n con el paciente y su profesional sanitario.<\/p>\n<h1><\/h1>\n<h1><strong>Enfermedad pulmonar intersticial ocupacional (EPI) causada por respuestas cr\u00f3nicas inmunes y a cuerpos extra\u00f1os:<\/strong><\/h1>\n<p><strong>Ejemplos destacados:<\/strong><\/p>\n<ol>\n<li><strong>Berilio (enfermedad del berilio):<\/strong>\n<ul>\n<li><strong>Patolog\u00eda:<\/strong> Trastorno inflamatorio granulomatoso sist\u00e9mico similar a la sarcoidosis, mediado por mecanismos inmunitarios.<\/li>\n<li><strong>Manifestaciones:<\/strong> Puede no localizarse en una zona de acumulaci\u00f3n de polvo, dando lugar a manifestaciones sist\u00e9micas de la enfermedad.<\/li>\n<\/ul>\n<\/li>\n<li><strong>Cobalto en carburo de wolframio cementado (enfermedad de los metales duros):<\/strong>\n<ul>\n<li><strong>Manifestaciones cl\u00ednicas:<\/strong> Similares a otras neumoconiosis.<\/li>\n<li><strong>Patolog\u00eda:<\/strong> Neumon\u00eda intersticial de c\u00e9lulas gigantes, fibrosis intersticial acompa\u00f1ada de macr\u00f3fagos activados en los alv\u00e9olos, reacci\u00f3n disfuncional a cuerpo extra\u00f1o.<\/li>\n<\/ul>\n<\/li>\n<li><strong>Sarcoidosis de origen laboral:<\/strong>\n<ul>\n<li><strong>Patolog\u00eda:<\/strong> Trastorno inflamatorio granulomatoso, respuesta tisular mediada por mecanismos inmunitarios.<\/li>\n<li><strong>Manifestaciones:<\/strong> Puede tener manifestaciones sist\u00e9micas, en todo el cuerpo, con menos frecuencia que en la sarcoidosis.<\/li>\n<\/ul>\n<\/li>\n<\/ol>\n<p><strong>Latencia y presentaci\u00f3n cl\u00ednica:<\/strong><\/p>\n<ul>\n<li><strong>Latencia:<\/strong> Estos trastornos son poco frecuentes y los problemas se desarrollan a diferentes niveles de exposici\u00f3n en diferentes personas.<\/li>\n<li><strong>Presentaci\u00f3n cl\u00ednica:<\/strong> Pueden pasar d\u00e9cadas antes de que estos trastornos se manifiesten cl\u00ednicamente, y las presentaciones son variables.<\/li>\n<\/ul>\n<p><strong>Otras consideraciones:<\/strong><\/p>\n<ul>\n<li><strong>Lesi\u00f3n irritante por inhalaci\u00f3n:<\/strong>\n<ul>\n<li>Las afecciones pueden deberse a lesiones por inhalaci\u00f3n de irritantes, por ejemplo, lesiones alveolares difusas relacionadas con los \u00f3xidos de nitr\u00f3geno.<\/li>\n<\/ul>\n<\/li>\n<li><strong>Fibrosis intersticial difusa:<\/strong>\n<ul>\n<li>Se distingue de la fibrosis intersticial idiop\u00e1tica m\u00e1s com\u00fan, ya sea del tipo \u00abneumon\u00eda intersticial habitual\u00bb o \u00abneumon\u00eda intersticial inespec\u00edfica\u00bb.<\/li>\n<\/ul>\n<\/li>\n<li><strong>Fibrosis extensa:<\/strong>\n<ul>\n<li>Tras la recuperaci\u00f3n del da\u00f1o alveolar difuso por inhalaci\u00f3n t\u00f3xica, la fibrosis extensa es refractaria al tratamiento directo.<\/li>\n<\/ul>\n<\/li>\n<li><strong>Similitudes de presentaci\u00f3n cl\u00ednica:<\/strong>\n<ul>\n<li>Las formas avanzadas de todas las enfermedades profesionales intersticiales pueden tener una presentaci\u00f3n cl\u00ednica similar a la fibrosis intersticial difusa.<\/li>\n<\/ul>\n<\/li>\n<\/ul>\n<p>La identificaci\u00f3n de estos trastornos requiere un enfoque exhaustivo, que tenga en cuenta los antecedentes de exposici\u00f3n, la latencia, las manifestaciones cl\u00ednicas y las caracter\u00edsticas patol\u00f3gicas espec\u00edficas. La vigilancia peri\u00f3dica y las evaluaciones de seguimiento son cruciales para las personas con antecedentes de exposici\u00f3n a estos riesgos laborales.<\/p>\n<p>&nbsp;<\/p>\n<p>Lesi\u00f3n por inhalaci\u00f3n t\u00f3xica<\/p>\n<p>La enfermedad pulmonar intersticial (EPI) inducida por lesiones t\u00f3xicas por inhalaci\u00f3n suele producirse por un da\u00f1o pulmonar importante tras la exposici\u00f3n inmediata a niveles elevados de gases, humos o nieblas nocivos.<\/p>\n<p>&nbsp;<\/p>\n<div class=\"textwidget\">\n<p>&nbsp;<\/p>\n<\/div>\n","protected":false},"excerpt":{"rendered":"<p>Las directrices elaboradas por la Junta de Indemnizaci\u00f3n por Accidentes de Trabajo del Estado de Nueva York pretenden ayudar a los profesionales sanitarios a proporcionar un tratamiento adecuado para otras enfermedades granulomatosas. Adaptadas a los facultativos m\u00e9dicos, estas directrices de la Junta de Indemnizaci\u00f3n por Accidentes de Trabajo ofrecen ayuda para determinar el curso de [&hellip;]<\/p>\n","protected":false},"author":33,"featured_media":0,"parent":22301,"menu_order":0,"comment_status":"closed","ping_status":"closed","template":"","meta":{"_et_pb_use_builder":"","_et_pb_old_content":"","_et_gb_content_width":"","footnotes":""},"class_list":["post-22183","page","type-page","status-publish","hentry"],"yoast_head":"<!-- This site is optimized with the Yoast SEO plugin v27.2 - https:\/\/yoast.com\/product\/yoast-seo-wordpress\/ -->\n<title>Pautas de tratamiento m\u00e9dico del Estado de Nueva York para otras enfermedades granulomatosas en pacientes con indemnizaci\u00f3n por accidente laboral | Best Hip &amp; Knee Surgeon | NY, USA<\/title>\n<meta name=\"description\" content=\"Las directrices elaboradas por la Junta de Indemnizaci\u00f3n por Accidentes de Trabajo del Estado de Nueva York pretenden ayudar a los profesionales\" \/>\n<meta name=\"robots\" content=\"index, follow, max-snippet:-1, max-image-preview:large, max-video-preview:-1\" \/>\n<link rel=\"canonical\" href=\"https:\/\/www.newyorkhipknee.com\/es\/indemnizacion-por-accidente-laboral\/directrices-de-tratamiento-medico-mtg\/enfermedad-pulmonar-intersticial-ocupacional\/otras-enfermedades-granulomatosas\/\" \/>\n<meta property=\"og:locale\" content=\"es_ES\" \/>\n<meta property=\"og:type\" content=\"article\" \/>\n<meta property=\"og:title\" content=\"Pautas de tratamiento m\u00e9dico del Estado de Nueva York para otras enfermedades granulomatosas en pacientes con indemnizaci\u00f3n por accidente laboral | Best Hip &amp; Knee Surgeon | NY, USA\" \/>\n<meta property=\"og:description\" content=\"Las directrices elaboradas por la Junta de Indemnizaci\u00f3n por Accidentes de Trabajo del Estado de Nueva York pretenden ayudar a los profesionales\" \/>\n<meta property=\"og:url\" content=\"https:\/\/www.newyorkhipknee.com\/es\/indemnizacion-por-accidente-laboral\/directrices-de-tratamiento-medico-mtg\/enfermedad-pulmonar-intersticial-ocupacional\/otras-enfermedades-granulomatosas\/\" \/>\n<meta property=\"og:site_name\" content=\"Best Hip &amp; Knee Surgeon | NY, USA\" \/>\n<meta property=\"article:modified_time\" content=\"2024-01-30T16:44:43+00:00\" \/>\n<meta name=\"twitter:card\" content=\"summary_large_image\" \/>\n<meta name=\"twitter:label1\" content=\"Tiempo de lectura\" \/>\n\t<meta name=\"twitter:data1\" content=\"3 minutos\" \/>\n<script type=\"application\/ld+json\" class=\"yoast-schema-graph\">{\"@context\":\"https:\/\/schema.org\",\"@graph\":[{\"@type\":[\"WebPage\",\"MedicalWebPage\"],\"@id\":\"https:\/\/www.newyorkhipknee.com\/es\/indemnizacion-por-accidente-laboral\/directrices-de-tratamiento-medico-mtg\/enfermedad-pulmonar-intersticial-ocupacional\/otras-enfermedades-granulomatosas\/\",\"url\":\"https:\/\/www.newyorkhipknee.com\/es\/indemnizacion-por-accidente-laboral\/directrices-de-tratamiento-medico-mtg\/enfermedad-pulmonar-intersticial-ocupacional\/otras-enfermedades-granulomatosas\/\",\"name\":\"Pautas de tratamiento m\u00e9dico del Estado de Nueva York para otras enfermedades granulomatosas en pacientes con indemnizaci\u00f3n por accidente laboral | Best Hip &amp; Knee Surgeon | NY, USA\",\"isPartOf\":{\"@id\":\"https:\/\/www.newyorkhipknee.com\/es\/#website\"},\"datePublished\":\"2024-01-12T18:23:05+00:00\",\"dateModified\":\"2024-01-30T16:44:43+00:00\",\"description\":\"Las directrices elaboradas por la Junta de Indemnizaci\u00f3n por Accidentes de Trabajo del Estado de Nueva York pretenden ayudar a los profesionales\",\"breadcrumb\":{\"@id\":\"https:\/\/www.newyorkhipknee.com\/es\/indemnizacion-por-accidente-laboral\/directrices-de-tratamiento-medico-mtg\/enfermedad-pulmonar-intersticial-ocupacional\/otras-enfermedades-granulomatosas\/#breadcrumb\"},\"inLanguage\":\"es\",\"potentialAction\":[{\"@type\":\"ReadAction\",\"target\":[\"https:\/\/www.newyorkhipknee.com\/es\/indemnizacion-por-accidente-laboral\/directrices-de-tratamiento-medico-mtg\/enfermedad-pulmonar-intersticial-ocupacional\/otras-enfermedades-granulomatosas\/\"]}]},{\"@type\":\"BreadcrumbList\",\"@id\":\"https:\/\/www.newyorkhipknee.com\/es\/indemnizacion-por-accidente-laboral\/directrices-de-tratamiento-medico-mtg\/enfermedad-pulmonar-intersticial-ocupacional\/otras-enfermedades-granulomatosas\/#breadcrumb\",\"itemListElement\":[{\"@type\":\"ListItem\",\"position\":1,\"name\":\"Home\",\"item\":\"https:\/\/www.newyorkhipknee.com\/es\/\"},{\"@type\":\"ListItem\",\"position\":2,\"name\":\"Indemnizaci\u00f3n por accidente laboral\",\"item\":\"https:\/\/www.newyorkhipknee.com\/es\/indemnizacion-por-accidente-laboral\/\"},{\"@type\":\"ListItem\",\"position\":3,\"name\":\"Directrices de tratamiento m\u00e9dico (MTG)\",\"item\":\"https:\/\/www.newyorkhipknee.com\/es\/indemnizacion-por-accidente-laboral\/directrices-de-tratamiento-medico-mtg\/\"},{\"@type\":\"ListItem\",\"position\":4,\"name\":\"Pautas de tratamiento m\u00e9dico del Estado de Nueva York para la enfermedad pulmonar intersticial ocupacional en pacientes con indemnizaci\u00f3n laboral\",\"item\":\"https:\/\/www.newyorkhipknee.com\/es\/indemnizacion-por-accidente-laboral\/directrices-de-tratamiento-medico-mtg\/enfermedad-pulmonar-intersticial-ocupacional\/\"},{\"@type\":\"ListItem\",\"position\":5,\"name\":\"Pautas de tratamiento m\u00e9dico del Estado de Nueva York para otras enfermedades granulomatosas en pacientes con indemnizaci\u00f3n por accidente laboral\"}]},{\"@type\":\"WebSite\",\"@id\":\"https:\/\/www.newyorkhipknee.com\/es\/#website\",\"url\":\"https:\/\/www.newyorkhipknee.com\/es\/\",\"name\":\"Best Hip & Knee Surgeon | NY, USA\",\"description\":\"\",\"potentialAction\":[{\"@type\":\"SearchAction\",\"target\":{\"@type\":\"EntryPoint\",\"urlTemplate\":\"https:\/\/www.newyorkhipknee.com\/es\/?s={search_term_string}\"},\"query-input\":{\"@type\":\"PropertyValueSpecification\",\"valueRequired\":true,\"valueName\":\"search_term_string\"}}],\"inLanguage\":\"es\"}]}<\/script>\n<!-- \/ Yoast SEO plugin. -->","yoast_head_json":{"title":"Pautas de tratamiento m\u00e9dico del Estado de Nueva York para otras enfermedades granulomatosas en pacientes con indemnizaci\u00f3n por accidente laboral | Best Hip &amp; Knee Surgeon | NY, USA","description":"Las directrices elaboradas por la Junta de Indemnizaci\u00f3n por Accidentes de Trabajo del Estado de Nueva York pretenden ayudar a los profesionales","robots":{"index":"index","follow":"follow","max-snippet":"max-snippet:-1","max-image-preview":"max-image-preview:large","max-video-preview":"max-video-preview:-1"},"canonical":"https:\/\/www.newyorkhipknee.com\/es\/indemnizacion-por-accidente-laboral\/directrices-de-tratamiento-medico-mtg\/enfermedad-pulmonar-intersticial-ocupacional\/otras-enfermedades-granulomatosas\/","og_locale":"es_ES","og_type":"article","og_title":"Pautas de tratamiento m\u00e9dico del Estado de Nueva York para otras enfermedades granulomatosas en pacientes con indemnizaci\u00f3n por accidente laboral | Best Hip &amp; Knee Surgeon | NY, USA","og_description":"Las directrices elaboradas por la Junta de Indemnizaci\u00f3n por Accidentes de Trabajo del Estado de Nueva York pretenden ayudar a los profesionales","og_url":"https:\/\/www.newyorkhipknee.com\/es\/indemnizacion-por-accidente-laboral\/directrices-de-tratamiento-medico-mtg\/enfermedad-pulmonar-intersticial-ocupacional\/otras-enfermedades-granulomatosas\/","og_site_name":"Best Hip &amp; Knee Surgeon | NY, USA","article_modified_time":"2024-01-30T16:44:43+00:00","twitter_card":"summary_large_image","twitter_misc":{"Tiempo de lectura":"3 minutos"},"schema":{"@context":"https:\/\/schema.org","@graph":[{"@type":["WebPage","MedicalWebPage"],"@id":"https:\/\/www.newyorkhipknee.com\/es\/indemnizacion-por-accidente-laboral\/directrices-de-tratamiento-medico-mtg\/enfermedad-pulmonar-intersticial-ocupacional\/otras-enfermedades-granulomatosas\/","url":"https:\/\/www.newyorkhipknee.com\/es\/indemnizacion-por-accidente-laboral\/directrices-de-tratamiento-medico-mtg\/enfermedad-pulmonar-intersticial-ocupacional\/otras-enfermedades-granulomatosas\/","name":"Pautas de tratamiento m\u00e9dico del Estado de Nueva York para otras enfermedades granulomatosas en pacientes con indemnizaci\u00f3n por accidente laboral | Best Hip &amp; Knee Surgeon | NY, USA","isPartOf":{"@id":"https:\/\/www.newyorkhipknee.com\/es\/#website"},"datePublished":"2024-01-12T18:23:05+00:00","dateModified":"2024-01-30T16:44:43+00:00","description":"Las directrices elaboradas por la Junta de Indemnizaci\u00f3n por Accidentes de Trabajo del Estado de Nueva York pretenden ayudar a los profesionales","breadcrumb":{"@id":"https:\/\/www.newyorkhipknee.com\/es\/indemnizacion-por-accidente-laboral\/directrices-de-tratamiento-medico-mtg\/enfermedad-pulmonar-intersticial-ocupacional\/otras-enfermedades-granulomatosas\/#breadcrumb"},"inLanguage":"es","potentialAction":[{"@type":"ReadAction","target":["https:\/\/www.newyorkhipknee.com\/es\/indemnizacion-por-accidente-laboral\/directrices-de-tratamiento-medico-mtg\/enfermedad-pulmonar-intersticial-ocupacional\/otras-enfermedades-granulomatosas\/"]}]},{"@type":"BreadcrumbList","@id":"https:\/\/www.newyorkhipknee.com\/es\/indemnizacion-por-accidente-laboral\/directrices-de-tratamiento-medico-mtg\/enfermedad-pulmonar-intersticial-ocupacional\/otras-enfermedades-granulomatosas\/#breadcrumb","itemListElement":[{"@type":"ListItem","position":1,"name":"Home","item":"https:\/\/www.newyorkhipknee.com\/es\/"},{"@type":"ListItem","position":2,"name":"Indemnizaci\u00f3n por accidente laboral","item":"https:\/\/www.newyorkhipknee.com\/es\/indemnizacion-por-accidente-laboral\/"},{"@type":"ListItem","position":3,"name":"Directrices de tratamiento m\u00e9dico (MTG)","item":"https:\/\/www.newyorkhipknee.com\/es\/indemnizacion-por-accidente-laboral\/directrices-de-tratamiento-medico-mtg\/"},{"@type":"ListItem","position":4,"name":"Pautas de tratamiento m\u00e9dico del Estado de Nueva York para la enfermedad pulmonar intersticial ocupacional en pacientes con indemnizaci\u00f3n laboral","item":"https:\/\/www.newyorkhipknee.com\/es\/indemnizacion-por-accidente-laboral\/directrices-de-tratamiento-medico-mtg\/enfermedad-pulmonar-intersticial-ocupacional\/"},{"@type":"ListItem","position":5,"name":"Pautas de tratamiento m\u00e9dico del Estado de Nueva York para otras enfermedades granulomatosas en pacientes con indemnizaci\u00f3n por accidente laboral"}]},{"@type":"WebSite","@id":"https:\/\/www.newyorkhipknee.com\/es\/#website","url":"https:\/\/www.newyorkhipknee.com\/es\/","name":"Best Hip & Knee Surgeon | NY, USA","description":"","potentialAction":[{"@type":"SearchAction","target":{"@type":"EntryPoint","urlTemplate":"https:\/\/www.newyorkhipknee.com\/es\/?s={search_term_string}"},"query-input":{"@type":"PropertyValueSpecification","valueRequired":true,"valueName":"search_term_string"}}],"inLanguage":"es"}]}},"_links":{"self":[{"href":"https:\/\/www.newyorkhipknee.com\/es\/wp-json\/wp\/v2\/pages\/22183","targetHints":{"allow":["GET"]}}],"collection":[{"href":"https:\/\/www.newyorkhipknee.com\/es\/wp-json\/wp\/v2\/pages"}],"about":[{"href":"https:\/\/www.newyorkhipknee.com\/es\/wp-json\/wp\/v2\/types\/page"}],"author":[{"embeddable":true,"href":"https:\/\/www.newyorkhipknee.com\/es\/wp-json\/wp\/v2\/users\/33"}],"replies":[{"embeddable":true,"href":"https:\/\/www.newyorkhipknee.com\/es\/wp-json\/wp\/v2\/comments?post=22183"}],"version-history":[{"count":0,"href":"https:\/\/www.newyorkhipknee.com\/es\/wp-json\/wp\/v2\/pages\/22183\/revisions"}],"up":[{"embeddable":true,"href":"https:\/\/www.newyorkhipknee.com\/es\/wp-json\/wp\/v2\/pages\/22301"}],"wp:attachment":[{"href":"https:\/\/www.newyorkhipknee.com\/es\/wp-json\/wp\/v2\/media?parent=22183"}],"curies":[{"name":"wp","href":"https:\/\/api.w.org\/{rel}","templated":true}]}}