{"id":22185,"date":"2024-01-15T14:21:33","date_gmt":"2024-01-15T19:21:33","guid":{"rendered":"https:\/\/newyorkhipknee.com\/pronostico\/"},"modified":"2024-01-30T11:45:56","modified_gmt":"2024-01-30T16:45:56","slug":"pronostico","status":"publish","type":"page","link":"https:\/\/www.newyorkhipknee.com\/es\/indemnizacion-por-accidente-laboral\/directrices-de-tratamiento-medico-mtg\/asma-de-origen-laboral\/pronostico\/","title":{"rendered":"Pautas de tratamiento m\u00e9dico del Estado de Nueva York para el pron\u00f3stico del asma en pacientes con accidentes laborales"},"content":{"rendered":"<p>Las directrices elaboradas por la Junta de Indemnizaci\u00f3n por Accidentes de Trabajo del Estado de Nueva York tienen por objeto ayudar a los profesionales sanitarios a evaluar el pron\u00f3stico del asma.<\/p>\n<p>Adaptadas a los facultativos m\u00e9dicos, estas directrices de la Junta de Indemnizaci\u00f3n por Accidentes de Trabajo ofrecen ayuda para determinar la evoluci\u00f3n probable del asma de las personas.<\/p>\n<p>Es importante subrayar que estas directrices no sustituyen al juicio cl\u00ednico ni a la experiencia profesional. La evaluaci\u00f3n del pron\u00f3stico del asma debe realizarse en colaboraci\u00f3n con el paciente y el profesional sanitario.<\/p>\n<h3><\/h3>\n<h3>Perspectivas a largo plazo y seguimiento del asma ocupacional<\/h3>\n<p><strong>1. Consecuencias variables a largo plazo:<\/strong><\/p>\n<ul>\n<li>Los resultados duraderos del asma ocupacional (AO) presentan variabilidad, lo que hace necesario un seguimiento prolongado.<\/li>\n<\/ul>\n<p><strong>2. Persistencia de los s\u00edntomas y deterioro:<\/strong><\/p>\n<ul>\n<li>Los s\u00edntomas y las limitaciones funcionales relacionados con la OA pueden perdurar durante varios a\u00f1os tras el cese de la exposici\u00f3n al agente causal.<\/li>\n<\/ul>\n<p><strong>3. Resultados y factores \u00f3ptimos:<\/strong><\/p>\n<ul>\n<li>Los resultados favorables son m\u00e1s probables en individuos con:\n<ul>\n<li>Sin exposici\u00f3n continuada al agente causal,<\/li>\n<li>Funci\u00f3n pulmonar relativamente normal en el momento del diagn\u00f3stico, y<\/li>\n<li>Una menor duraci\u00f3n de los s\u00edntomas antes del diagn\u00f3stico.<\/li>\n<\/ul>\n<\/li>\n<\/ul>\n<p><strong>4. Naturaleza cr\u00f3nica de la OA:<\/strong><\/p>\n<ul>\n<li>La osteoartritis puede convertirse en una enfermedad cr\u00f3nica similar a la no osteoartritis, que requiere un tratamiento m\u00e9dico prolongado.<\/li>\n<\/ul>\n<p><strong>5. Recomendaciones de seguimiento:<\/strong><\/p>\n<ul>\n<li>Para los pacientes con OA confirmada o potencial, es crucial un seguimiento diligente, que incluya cuestionarios respiratorios y pruebas de espirometr\u00eda, sobre todo cuando persisten los riesgos de exposici\u00f3n.<\/li>\n<\/ul>\n<p><strong>6. Seguimiento posterior al trabajo:<\/strong><\/p>\n<ul>\n<li>Los individuos con OA confirmada, que hayan abandonado su lugar de trabajo o no se enfrenten a una exposici\u00f3n continuada al asm\u00e1geno, deben someterse a seguimientos peri\u00f3dicos basados en requisitos cl\u00ednicos.<\/li>\n<\/ul>\n<p>&nbsp;<\/p>\n<div class=\"textwidget\">\n<p>&nbsp;<\/p>\n<\/div>\n","protected":false},"excerpt":{"rendered":"<p>Las directrices elaboradas por la Junta de Indemnizaci\u00f3n por Accidentes de Trabajo del Estado de Nueva York tienen por objeto ayudar a los profesionales sanitarios a evaluar el pron\u00f3stico del asma. Adaptadas a los facultativos m\u00e9dicos, estas directrices de la Junta de Indemnizaci\u00f3n por Accidentes de Trabajo ofrecen ayuda para determinar la evoluci\u00f3n probable del [&hellip;]<\/p>\n","protected":false},"author":33,"featured_media":0,"parent":22371,"menu_order":0,"comment_status":"closed","ping_status":"closed","template":"","meta":{"_et_pb_use_builder":"","_et_pb_old_content":"","_et_gb_content_width":"","footnotes":""},"class_list":["post-22185","page","type-page","status-publish","hentry"],"yoast_head":"<!-- This site is optimized with the Yoast SEO plugin v27.2 - https:\/\/yoast.com\/product\/yoast-seo-wordpress\/ -->\n<title>Pautas de tratamiento m\u00e9dico del Estado de Nueva York para el pron\u00f3stico del asma en pacientes con accidentes laborales | Best Hip &amp; Knee Surgeon | NY, USA<\/title>\n<meta name=\"description\" content=\"Las directrices elaboradas por la Junta de Indemnizaci\u00f3n por Accidentes de Trabajo del Estado de Nueva York tienen por objeto ayudar a los profesionales\" \/>\n<meta name=\"robots\" content=\"index, follow, max-snippet:-1, max-image-preview:large, max-video-preview:-1\" \/>\n<link rel=\"canonical\" href=\"https:\/\/www.newyorkhipknee.com\/es\/indemnizacion-por-accidente-laboral\/directrices-de-tratamiento-medico-mtg\/asma-de-origen-laboral\/pronostico\/\" \/>\n<meta property=\"og:locale\" content=\"es_ES\" \/>\n<meta property=\"og:type\" content=\"article\" \/>\n<meta property=\"og:title\" content=\"Pautas de tratamiento m\u00e9dico del Estado de Nueva York para el pron\u00f3stico del asma en pacientes con accidentes laborales | Best Hip &amp; Knee Surgeon | NY, USA\" \/>\n<meta property=\"og:description\" content=\"Las directrices elaboradas por la Junta de Indemnizaci\u00f3n por Accidentes de Trabajo del Estado de Nueva York tienen por objeto ayudar a los profesionales\" \/>\n<meta property=\"og:url\" content=\"https:\/\/www.newyorkhipknee.com\/es\/indemnizacion-por-accidente-laboral\/directrices-de-tratamiento-medico-mtg\/asma-de-origen-laboral\/pronostico\/\" \/>\n<meta property=\"og:site_name\" content=\"Best Hip &amp; Knee Surgeon | NY, USA\" \/>\n<meta property=\"article:modified_time\" content=\"2024-01-30T16:45:56+00:00\" \/>\n<meta name=\"twitter:card\" content=\"summary_large_image\" \/>\n<meta name=\"twitter:label1\" content=\"Tiempo de lectura\" \/>\n\t<meta name=\"twitter:data1\" content=\"2 minutos\" \/>\n<script type=\"application\/ld+json\" class=\"yoast-schema-graph\">{\"@context\":\"https:\/\/schema.org\",\"@graph\":[{\"@type\":[\"WebPage\",\"MedicalWebPage\"],\"@id\":\"https:\/\/www.newyorkhipknee.com\/es\/indemnizacion-por-accidente-laboral\/directrices-de-tratamiento-medico-mtg\/asma-de-origen-laboral\/pronostico\/\",\"url\":\"https:\/\/www.newyorkhipknee.com\/es\/indemnizacion-por-accidente-laboral\/directrices-de-tratamiento-medico-mtg\/asma-de-origen-laboral\/pronostico\/\",\"name\":\"Pautas de tratamiento m\u00e9dico del Estado de Nueva York para el pron\u00f3stico del asma en pacientes con accidentes laborales | Best Hip &amp; Knee Surgeon | NY, USA\",\"isPartOf\":{\"@id\":\"https:\/\/www.newyorkhipknee.com\/es\/#website\"},\"datePublished\":\"2024-01-15T19:21:33+00:00\",\"dateModified\":\"2024-01-30T16:45:56+00:00\",\"description\":\"Las directrices elaboradas por la Junta de Indemnizaci\u00f3n por Accidentes de Trabajo del Estado de Nueva York tienen por objeto ayudar a los profesionales\",\"breadcrumb\":{\"@id\":\"https:\/\/www.newyorkhipknee.com\/es\/indemnizacion-por-accidente-laboral\/directrices-de-tratamiento-medico-mtg\/asma-de-origen-laboral\/pronostico\/#breadcrumb\"},\"inLanguage\":\"es\",\"potentialAction\":[{\"@type\":\"ReadAction\",\"target\":[\"https:\/\/www.newyorkhipknee.com\/es\/indemnizacion-por-accidente-laboral\/directrices-de-tratamiento-medico-mtg\/asma-de-origen-laboral\/pronostico\/\"]}]},{\"@type\":\"BreadcrumbList\",\"@id\":\"https:\/\/www.newyorkhipknee.com\/es\/indemnizacion-por-accidente-laboral\/directrices-de-tratamiento-medico-mtg\/asma-de-origen-laboral\/pronostico\/#breadcrumb\",\"itemListElement\":[{\"@type\":\"ListItem\",\"position\":1,\"name\":\"Home\",\"item\":\"https:\/\/www.newyorkhipknee.com\/es\/\"},{\"@type\":\"ListItem\",\"position\":2,\"name\":\"Indemnizaci\u00f3n por accidente laboral\",\"item\":\"https:\/\/www.newyorkhipknee.com\/es\/indemnizacion-por-accidente-laboral\/\"},{\"@type\":\"ListItem\",\"position\":3,\"name\":\"Directrices de tratamiento m\u00e9dico (MTG)\",\"item\":\"https:\/\/www.newyorkhipknee.com\/es\/indemnizacion-por-accidente-laboral\/directrices-de-tratamiento-medico-mtg\/\"},{\"@type\":\"ListItem\",\"position\":4,\"name\":\"Pautas de tratamiento m\u00e9dico del Estado de Nueva York para el asma relacionada con el trabajo en pacientes con indemnizaci\u00f3n laboral\",\"item\":\"https:\/\/www.newyorkhipknee.com\/es\/indemnizacion-por-accidente-laboral\/directrices-de-tratamiento-medico-mtg\/asma-de-origen-laboral\/\"},{\"@type\":\"ListItem\",\"position\":5,\"name\":\"Pautas de tratamiento m\u00e9dico del Estado de Nueva York para el pron\u00f3stico del asma en pacientes con accidentes laborales\"}]},{\"@type\":\"WebSite\",\"@id\":\"https:\/\/www.newyorkhipknee.com\/es\/#website\",\"url\":\"https:\/\/www.newyorkhipknee.com\/es\/\",\"name\":\"Best Hip & Knee Surgeon | NY, USA\",\"description\":\"\",\"potentialAction\":[{\"@type\":\"SearchAction\",\"target\":{\"@type\":\"EntryPoint\",\"urlTemplate\":\"https:\/\/www.newyorkhipknee.com\/es\/?s={search_term_string}\"},\"query-input\":{\"@type\":\"PropertyValueSpecification\",\"valueRequired\":true,\"valueName\":\"search_term_string\"}}],\"inLanguage\":\"es\"}]}<\/script>\n<!-- \/ Yoast SEO plugin. -->","yoast_head_json":{"title":"Pautas de tratamiento m\u00e9dico del Estado de Nueva York para el pron\u00f3stico del asma en pacientes con accidentes laborales | Best Hip &amp; Knee Surgeon | NY, USA","description":"Las directrices elaboradas por la Junta de Indemnizaci\u00f3n por Accidentes de Trabajo del Estado de Nueva York tienen por objeto ayudar a los profesionales","robots":{"index":"index","follow":"follow","max-snippet":"max-snippet:-1","max-image-preview":"max-image-preview:large","max-video-preview":"max-video-preview:-1"},"canonical":"https:\/\/www.newyorkhipknee.com\/es\/indemnizacion-por-accidente-laboral\/directrices-de-tratamiento-medico-mtg\/asma-de-origen-laboral\/pronostico\/","og_locale":"es_ES","og_type":"article","og_title":"Pautas de tratamiento m\u00e9dico del Estado de Nueva York para el pron\u00f3stico del asma en pacientes con accidentes laborales | Best Hip &amp; Knee Surgeon | NY, USA","og_description":"Las directrices elaboradas por la Junta de Indemnizaci\u00f3n por Accidentes de Trabajo del Estado de Nueva York tienen por objeto ayudar a los profesionales","og_url":"https:\/\/www.newyorkhipknee.com\/es\/indemnizacion-por-accidente-laboral\/directrices-de-tratamiento-medico-mtg\/asma-de-origen-laboral\/pronostico\/","og_site_name":"Best Hip &amp; Knee Surgeon | NY, USA","article_modified_time":"2024-01-30T16:45:56+00:00","twitter_card":"summary_large_image","twitter_misc":{"Tiempo de lectura":"2 minutos"},"schema":{"@context":"https:\/\/schema.org","@graph":[{"@type":["WebPage","MedicalWebPage"],"@id":"https:\/\/www.newyorkhipknee.com\/es\/indemnizacion-por-accidente-laboral\/directrices-de-tratamiento-medico-mtg\/asma-de-origen-laboral\/pronostico\/","url":"https:\/\/www.newyorkhipknee.com\/es\/indemnizacion-por-accidente-laboral\/directrices-de-tratamiento-medico-mtg\/asma-de-origen-laboral\/pronostico\/","name":"Pautas de tratamiento m\u00e9dico del Estado de Nueva York para el pron\u00f3stico del asma en pacientes con accidentes laborales | Best Hip &amp; Knee Surgeon | NY, USA","isPartOf":{"@id":"https:\/\/www.newyorkhipknee.com\/es\/#website"},"datePublished":"2024-01-15T19:21:33+00:00","dateModified":"2024-01-30T16:45:56+00:00","description":"Las directrices elaboradas por la Junta de Indemnizaci\u00f3n por Accidentes de Trabajo del Estado de Nueva York tienen por objeto ayudar a los profesionales","breadcrumb":{"@id":"https:\/\/www.newyorkhipknee.com\/es\/indemnizacion-por-accidente-laboral\/directrices-de-tratamiento-medico-mtg\/asma-de-origen-laboral\/pronostico\/#breadcrumb"},"inLanguage":"es","potentialAction":[{"@type":"ReadAction","target":["https:\/\/www.newyorkhipknee.com\/es\/indemnizacion-por-accidente-laboral\/directrices-de-tratamiento-medico-mtg\/asma-de-origen-laboral\/pronostico\/"]}]},{"@type":"BreadcrumbList","@id":"https:\/\/www.newyorkhipknee.com\/es\/indemnizacion-por-accidente-laboral\/directrices-de-tratamiento-medico-mtg\/asma-de-origen-laboral\/pronostico\/#breadcrumb","itemListElement":[{"@type":"ListItem","position":1,"name":"Home","item":"https:\/\/www.newyorkhipknee.com\/es\/"},{"@type":"ListItem","position":2,"name":"Indemnizaci\u00f3n por accidente laboral","item":"https:\/\/www.newyorkhipknee.com\/es\/indemnizacion-por-accidente-laboral\/"},{"@type":"ListItem","position":3,"name":"Directrices de tratamiento m\u00e9dico (MTG)","item":"https:\/\/www.newyorkhipknee.com\/es\/indemnizacion-por-accidente-laboral\/directrices-de-tratamiento-medico-mtg\/"},{"@type":"ListItem","position":4,"name":"Pautas de tratamiento m\u00e9dico del Estado de Nueva York para el asma relacionada con el trabajo en pacientes con indemnizaci\u00f3n laboral","item":"https:\/\/www.newyorkhipknee.com\/es\/indemnizacion-por-accidente-laboral\/directrices-de-tratamiento-medico-mtg\/asma-de-origen-laboral\/"},{"@type":"ListItem","position":5,"name":"Pautas de tratamiento m\u00e9dico del Estado de Nueva York para el pron\u00f3stico del asma en pacientes con accidentes laborales"}]},{"@type":"WebSite","@id":"https:\/\/www.newyorkhipknee.com\/es\/#website","url":"https:\/\/www.newyorkhipknee.com\/es\/","name":"Best Hip & Knee Surgeon | NY, USA","description":"","potentialAction":[{"@type":"SearchAction","target":{"@type":"EntryPoint","urlTemplate":"https:\/\/www.newyorkhipknee.com\/es\/?s={search_term_string}"},"query-input":{"@type":"PropertyValueSpecification","valueRequired":true,"valueName":"search_term_string"}}],"inLanguage":"es"}]}},"_links":{"self":[{"href":"https:\/\/www.newyorkhipknee.com\/es\/wp-json\/wp\/v2\/pages\/22185","targetHints":{"allow":["GET"]}}],"collection":[{"href":"https:\/\/www.newyorkhipknee.com\/es\/wp-json\/wp\/v2\/pages"}],"about":[{"href":"https:\/\/www.newyorkhipknee.com\/es\/wp-json\/wp\/v2\/types\/page"}],"author":[{"embeddable":true,"href":"https:\/\/www.newyorkhipknee.com\/es\/wp-json\/wp\/v2\/users\/33"}],"replies":[{"embeddable":true,"href":"https:\/\/www.newyorkhipknee.com\/es\/wp-json\/wp\/v2\/comments?post=22185"}],"version-history":[{"count":0,"href":"https:\/\/www.newyorkhipknee.com\/es\/wp-json\/wp\/v2\/pages\/22185\/revisions"}],"up":[{"embeddable":true,"href":"https:\/\/www.newyorkhipknee.com\/es\/wp-json\/wp\/v2\/pages\/22371"}],"wp:attachment":[{"href":"https:\/\/www.newyorkhipknee.com\/es\/wp-json\/wp\/v2\/media?parent=22185"}],"curies":[{"name":"wp","href":"https:\/\/api.w.org\/{rel}","templated":true}]}}