{"id":22188,"date":"2024-01-11T15:48:43","date_gmt":"2024-01-11T20:48:43","guid":{"rendered":"https:\/\/newyorkhipknee.com\/silicosis\/"},"modified":"2024-01-30T11:46:08","modified_gmt":"2024-01-30T16:46:08","slug":"silicosis","status":"publish","type":"page","link":"https:\/\/www.newyorkhipknee.com\/es\/indemnizacion-por-accidente-laboral\/directrices-de-tratamiento-medico-mtg\/enfermedad-pulmonar-intersticial-ocupacional\/silicosis\/","title":{"rendered":"Directrices del Estado de Nueva York para el tratamiento m\u00e9dico de la silicosis en pacientes indemnizados por accidentes laborales"},"content":{"rendered":"<p>Las directrices esbozadas por la Junta de Indemnizaci\u00f3n por Accidentes de Trabajo del Estado de Nueva York se han elaborado para ayudar a los profesionales sanitarios a evaluar la silicosis. Estas directrices est\u00e1n dise\u00f1adas para ayudar a los m\u00e9dicos y profesionales sanitarios a determinar el tratamiento adecuado para esta enfermedad.<\/p>\n<p>Los profesionales sanitarios especializados en silicosis pueden confiar en la orientaci\u00f3n proporcionada por la Junta de Indemnizaci\u00f3n por Accidentes de Trabajo para tomar decisiones bien informadas sobre el nivel de atenci\u00f3n m\u00e1s adecuado para sus pacientes.<\/p>\n<p>Es fundamental subrayar que estas directrices no pretenden sustituir al juicio cl\u00ednico ni a la experiencia profesional. La decisi\u00f3n final sobre la atenci\u00f3n sanitaria debe ser fruto de la colaboraci\u00f3n entre el paciente y su profesional sanitario.<\/p>\n<h1><\/h1>\n<h1><strong>Silicosis: Visi\u00f3n general y patrones de la enfermedad<\/strong><\/h1>\n<h3><strong>Informaci\u00f3n general:<\/strong><\/h3>\n<ul>\n<li>La exposici\u00f3n a una cantidad suficiente de s\u00edlice respirable provoca silicosis, una enfermedad irreversible asociada a diversas afecciones sist\u00e9micas y pulmonares.<\/li>\n<li>La silicosis o exposici\u00f3n al s\u00edlice aumenta el riesgo de c\u00e1ncer de pulm\u00f3n.<\/li>\n<li>En octubre de 1996, el Centro Internacional de Investigaciones sobre el C\u00e1ncer (CIIC) reclasific\u00f3 el s\u00edlice como sustancia del grupo I, por considerarla \u00abcancer\u00edgena para el ser humano\u00bb.<\/li>\n<li>La silicosis sigue siendo la enfermedad profesional m\u00e1s com\u00fan en todo el mundo, con aproximadamente 1,7 millones de trabajadores estadounidenses expuestos a la s\u00edlice cristalina respirable.<\/li>\n<\/ul>\n<p>&nbsp;<\/p>\n<h3><strong>Agente etiol\u00f3gico:<\/strong><\/h3>\n<ul>\n<li>La silicosis es el resultado de la exposici\u00f3n al di\u00f3xido de silicio cristalino.<\/li>\n<li>Otras formas de s\u00edlice, como el vidrio y otras formas amorfas, no se han asociado a la silicosis.<\/li>\n<li>La s\u00edlice cristalina est\u00e1 presente en la arena.<\/li>\n<li>La exposici\u00f3n a la s\u00edlice se produce en diversas industrias, como la construcci\u00f3n, el chorro de arena y la miner\u00eda.<\/li>\n<\/ul>\n<p>&nbsp;<\/p>\n<h3><strong>Patrones de enfermedad:<\/strong><\/h3>\n<ol>\n<li><strong>Silicosis cr\u00f3nica:<\/strong>\n<ul>\n<li>La forma m\u00e1s com\u00fan.<\/li>\n<li>T\u00edpicamente observado despu\u00e9s de m\u00e1s de diez a\u00f1os de exposici\u00f3n.<\/li>\n<\/ul>\n<\/li>\n<li><strong>Silicosis subaguda\/acelerada:<\/strong>\n<ul>\n<li>Resultados de exposiciones m\u00e1s cortas pero m\u00e1s intensas.<\/li>\n<li>Generalmente aparece tras dos a cinco a\u00f1os de latencia.<\/li>\n<\/ul>\n<\/li>\n<li><strong>Silicosis aguda:<\/strong>\n<ul>\n<li>Se produce tras una exposici\u00f3n intensa al polvo fino que contiene s\u00edlice durante varios meses.<\/li>\n<\/ul>\n<\/li>\n<\/ol>\n<p><strong>Nota:<\/strong> Los tres patrones de enfermedad indican diferentes duraciones e intensidades de exposici\u00f3n al s\u00edlice, que van desde la exposici\u00f3n cr\u00f3nica a largo plazo a escenarios de exposici\u00f3n m\u00e1s breves e intensos.<\/p>\n<p>&nbsp;<\/p>\n<h3><strong>Progresi\u00f3n de la silicosis cr\u00f3nica:<\/strong><\/h3>\n<ul>\n<li>La silicosis cr\u00f3nica puede progresar hasta el desarrollo de zonas fibr\u00f3ticas masivas y acretadas en el pulm\u00f3n, lo que se conoce como \u00absilicosis conglomer\u00e1tica\u00bb.<\/li>\n<li>Esta progresi\u00f3n puede dar lugar a graves complicaciones de salud, entre ellas:\n<ul>\n<li>Insuficiencia respiratoria.<\/li>\n<li>Hipertensi\u00f3n pulmonar.<\/li>\n<li>Cor pulmonale con insuficiencia card\u00edaca derecha.<\/li>\n<\/ul>\n<\/li>\n<\/ul>\n<p><strong>Mayor riesgo de padecer diversas afecciones:<\/strong> Los pacientes con silicosis tienen un riesgo elevado de padecer varias afecciones, entre ellas:<\/p>\n<ul>\n<li>Bronquitis cr\u00f3nica, caracterizada por la producci\u00f3n cr\u00f3nica de esputo, con o sin deterioro obstructivo en las pruebas de funci\u00f3n pulmonar.<\/li>\n<li>La exposici\u00f3n al s\u00edlice, incluso a niveles inferiores a los asociados a la silicosis simple, se ha relacionado con la limitaci\u00f3n cr\u00f3nica del flujo a\u00e9reo, la hipersecreci\u00f3n de moco y el enfisema patol\u00f3gico.<\/li>\n<li>C\u00e1ncer de pulm\u00f3n.<\/li>\n<li>Tuberculosis pulmonar.<\/li>\n<li>Enfermedades autoinmunes.<\/li>\n<li>Enfermedad renal.<\/li>\n<\/ul>\n<p>&nbsp;<\/p>\n<h3><strong>Latencia:<\/strong><\/h3>\n<ul>\n<li>La silicosis suele manifestarse cl\u00ednicamente a lo largo de varios a\u00f1os.<\/li>\n<li>Las excepciones a este periodo de latencia son raras, pero pueden incluir la silicosis acelerada, que se manifiesta m\u00e1s r\u00e1pidamente.<\/li>\n<\/ul>\n<p>&nbsp;<\/p>\n<h3><strong>Diagn\u00f3stico:<\/strong><\/h3>\n<ul>\n<li>El diagn\u00f3stico de la silicosis suele ser cl\u00ednico e implica:\n<ul>\n<li>Historial ocupacional con exposici\u00f3n suficiente y latencia adecuada.<\/li>\n<li>Evidencia radiogr\u00e1fica objetiva, incluyendo radiograf\u00eda de t\u00f3rax y\/o tomograf\u00eda computarizada de alta resoluci\u00f3n.<\/li>\n<li>Evaluaci\u00f3n de la funci\u00f3n pulmonar.<\/li>\n<li>Consideraci\u00f3n de diagn\u00f3sticos diferenciales alternativos.<\/li>\n<\/ul>\n<\/li>\n<\/ul>\n<p><strong>Nota:<\/strong> La progresi\u00f3n de la silicosis cr\u00f3nica y sus riesgos asociados ponen de relieve las graves consecuencias para la salud de la exposici\u00f3n prolongada a la s\u00edlice cristalina respirable. El seguimiento peri\u00f3dico y el diagn\u00f3stico precoz son cruciales para una gesti\u00f3n eficaz.<\/p>\n","protected":false},"excerpt":{"rendered":"<p>Las directrices esbozadas por la Junta de Indemnizaci\u00f3n por Accidentes de Trabajo del Estado de Nueva York se han elaborado para ayudar a los profesionales sanitarios a evaluar la silicosis. Estas directrices est\u00e1n dise\u00f1adas para ayudar a los m\u00e9dicos y profesionales sanitarios a determinar el tratamiento adecuado para esta enfermedad. Los profesionales sanitarios especializados en [&hellip;]<\/p>\n","protected":false},"author":33,"featured_media":0,"parent":22301,"menu_order":0,"comment_status":"closed","ping_status":"closed","template":"","meta":{"_et_pb_use_builder":"","_et_pb_old_content":"","_et_gb_content_width":"","footnotes":""},"class_list":["post-22188","page","type-page","status-publish","hentry"],"yoast_head":"<!-- This site is optimized with the Yoast SEO plugin v27.2 - https:\/\/yoast.com\/product\/yoast-seo-wordpress\/ -->\n<title>Directrices del Estado de Nueva York para el tratamiento m\u00e9dico de la silicosis en pacientes indemnizados por accidentes laborales | Best Hip &amp; Knee Surgeon | NY, USA<\/title>\n<meta name=\"description\" content=\"Las directrices esbozadas por la Junta de Indemnizaci\u00f3n por Accidentes de Trabajo del Estado de Nueva York se han elaborado para ayudar a los\" \/>\n<meta name=\"robots\" content=\"index, follow, max-snippet:-1, max-image-preview:large, max-video-preview:-1\" \/>\n<link rel=\"canonical\" href=\"https:\/\/www.newyorkhipknee.com\/es\/indemnizacion-por-accidente-laboral\/directrices-de-tratamiento-medico-mtg\/enfermedad-pulmonar-intersticial-ocupacional\/silicosis\/\" \/>\n<meta property=\"og:locale\" content=\"es_ES\" \/>\n<meta property=\"og:type\" content=\"article\" \/>\n<meta property=\"og:title\" content=\"Directrices del Estado de Nueva York para el tratamiento m\u00e9dico de la silicosis en pacientes indemnizados por accidentes laborales | Best Hip &amp; Knee Surgeon | NY, USA\" \/>\n<meta property=\"og:description\" content=\"Las directrices esbozadas por la Junta de Indemnizaci\u00f3n por Accidentes de Trabajo del Estado de Nueva York se han elaborado para ayudar a los\" \/>\n<meta property=\"og:url\" content=\"https:\/\/www.newyorkhipknee.com\/es\/indemnizacion-por-accidente-laboral\/directrices-de-tratamiento-medico-mtg\/enfermedad-pulmonar-intersticial-ocupacional\/silicosis\/\" \/>\n<meta property=\"og:site_name\" content=\"Best Hip &amp; Knee Surgeon | NY, USA\" \/>\n<meta property=\"article:modified_time\" content=\"2024-01-30T16:46:08+00:00\" \/>\n<meta name=\"twitter:card\" content=\"summary_large_image\" \/>\n<meta name=\"twitter:label1\" content=\"Tiempo de lectura\" \/>\n\t<meta name=\"twitter:data1\" content=\"4 minutos\" \/>\n<script type=\"application\/ld+json\" class=\"yoast-schema-graph\">{\"@context\":\"https:\/\/schema.org\",\"@graph\":[{\"@type\":[\"WebPage\",\"MedicalWebPage\"],\"@id\":\"https:\/\/www.newyorkhipknee.com\/es\/indemnizacion-por-accidente-laboral\/directrices-de-tratamiento-medico-mtg\/enfermedad-pulmonar-intersticial-ocupacional\/silicosis\/\",\"url\":\"https:\/\/www.newyorkhipknee.com\/es\/indemnizacion-por-accidente-laboral\/directrices-de-tratamiento-medico-mtg\/enfermedad-pulmonar-intersticial-ocupacional\/silicosis\/\",\"name\":\"Directrices del Estado de Nueva York para el tratamiento m\u00e9dico de la silicosis en pacientes indemnizados por accidentes laborales | Best Hip &amp; Knee Surgeon | NY, USA\",\"isPartOf\":{\"@id\":\"https:\/\/www.newyorkhipknee.com\/es\/#website\"},\"datePublished\":\"2024-01-11T20:48:43+00:00\",\"dateModified\":\"2024-01-30T16:46:08+00:00\",\"description\":\"Las directrices esbozadas por la Junta de Indemnizaci\u00f3n por Accidentes de Trabajo del Estado de Nueva York se han elaborado para ayudar a los\",\"breadcrumb\":{\"@id\":\"https:\/\/www.newyorkhipknee.com\/es\/indemnizacion-por-accidente-laboral\/directrices-de-tratamiento-medico-mtg\/enfermedad-pulmonar-intersticial-ocupacional\/silicosis\/#breadcrumb\"},\"inLanguage\":\"es\",\"potentialAction\":[{\"@type\":\"ReadAction\",\"target\":[\"https:\/\/www.newyorkhipknee.com\/es\/indemnizacion-por-accidente-laboral\/directrices-de-tratamiento-medico-mtg\/enfermedad-pulmonar-intersticial-ocupacional\/silicosis\/\"]}]},{\"@type\":\"BreadcrumbList\",\"@id\":\"https:\/\/www.newyorkhipknee.com\/es\/indemnizacion-por-accidente-laboral\/directrices-de-tratamiento-medico-mtg\/enfermedad-pulmonar-intersticial-ocupacional\/silicosis\/#breadcrumb\",\"itemListElement\":[{\"@type\":\"ListItem\",\"position\":1,\"name\":\"Home\",\"item\":\"https:\/\/www.newyorkhipknee.com\/es\/\"},{\"@type\":\"ListItem\",\"position\":2,\"name\":\"Indemnizaci\u00f3n por accidente laboral\",\"item\":\"https:\/\/www.newyorkhipknee.com\/es\/indemnizacion-por-accidente-laboral\/\"},{\"@type\":\"ListItem\",\"position\":3,\"name\":\"Directrices de tratamiento m\u00e9dico (MTG)\",\"item\":\"https:\/\/www.newyorkhipknee.com\/es\/indemnizacion-por-accidente-laboral\/directrices-de-tratamiento-medico-mtg\/\"},{\"@type\":\"ListItem\",\"position\":4,\"name\":\"Pautas de tratamiento m\u00e9dico del Estado de Nueva York para la enfermedad pulmonar intersticial ocupacional en pacientes con indemnizaci\u00f3n laboral\",\"item\":\"https:\/\/www.newyorkhipknee.com\/es\/indemnizacion-por-accidente-laboral\/directrices-de-tratamiento-medico-mtg\/enfermedad-pulmonar-intersticial-ocupacional\/\"},{\"@type\":\"ListItem\",\"position\":5,\"name\":\"Directrices del Estado de Nueva York para el tratamiento m\u00e9dico de la silicosis en pacientes indemnizados por accidentes laborales\"}]},{\"@type\":\"WebSite\",\"@id\":\"https:\/\/www.newyorkhipknee.com\/es\/#website\",\"url\":\"https:\/\/www.newyorkhipknee.com\/es\/\",\"name\":\"Best Hip & Knee Surgeon | NY, USA\",\"description\":\"\",\"potentialAction\":[{\"@type\":\"SearchAction\",\"target\":{\"@type\":\"EntryPoint\",\"urlTemplate\":\"https:\/\/www.newyorkhipknee.com\/es\/?s={search_term_string}\"},\"query-input\":{\"@type\":\"PropertyValueSpecification\",\"valueRequired\":true,\"valueName\":\"search_term_string\"}}],\"inLanguage\":\"es\"}]}<\/script>\n<!-- \/ Yoast SEO plugin. -->","yoast_head_json":{"title":"Directrices del Estado de Nueva York para el tratamiento m\u00e9dico de la silicosis en pacientes indemnizados por accidentes laborales | Best Hip &amp; Knee Surgeon | NY, USA","description":"Las directrices esbozadas por la Junta de Indemnizaci\u00f3n por Accidentes de Trabajo del Estado de Nueva York se han elaborado para ayudar a los","robots":{"index":"index","follow":"follow","max-snippet":"max-snippet:-1","max-image-preview":"max-image-preview:large","max-video-preview":"max-video-preview:-1"},"canonical":"https:\/\/www.newyorkhipknee.com\/es\/indemnizacion-por-accidente-laboral\/directrices-de-tratamiento-medico-mtg\/enfermedad-pulmonar-intersticial-ocupacional\/silicosis\/","og_locale":"es_ES","og_type":"article","og_title":"Directrices del Estado de Nueva York para el tratamiento m\u00e9dico de la silicosis en pacientes indemnizados por accidentes laborales | Best Hip &amp; Knee Surgeon | NY, USA","og_description":"Las directrices esbozadas por la Junta de Indemnizaci\u00f3n por Accidentes de Trabajo del Estado de Nueva York se han elaborado para ayudar a los","og_url":"https:\/\/www.newyorkhipknee.com\/es\/indemnizacion-por-accidente-laboral\/directrices-de-tratamiento-medico-mtg\/enfermedad-pulmonar-intersticial-ocupacional\/silicosis\/","og_site_name":"Best Hip &amp; Knee Surgeon | NY, USA","article_modified_time":"2024-01-30T16:46:08+00:00","twitter_card":"summary_large_image","twitter_misc":{"Tiempo de lectura":"4 minutos"},"schema":{"@context":"https:\/\/schema.org","@graph":[{"@type":["WebPage","MedicalWebPage"],"@id":"https:\/\/www.newyorkhipknee.com\/es\/indemnizacion-por-accidente-laboral\/directrices-de-tratamiento-medico-mtg\/enfermedad-pulmonar-intersticial-ocupacional\/silicosis\/","url":"https:\/\/www.newyorkhipknee.com\/es\/indemnizacion-por-accidente-laboral\/directrices-de-tratamiento-medico-mtg\/enfermedad-pulmonar-intersticial-ocupacional\/silicosis\/","name":"Directrices del Estado de Nueva York para el tratamiento m\u00e9dico de la silicosis en pacientes indemnizados por accidentes laborales | Best Hip &amp; Knee Surgeon | NY, USA","isPartOf":{"@id":"https:\/\/www.newyorkhipknee.com\/es\/#website"},"datePublished":"2024-01-11T20:48:43+00:00","dateModified":"2024-01-30T16:46:08+00:00","description":"Las directrices esbozadas por la Junta de Indemnizaci\u00f3n por Accidentes de Trabajo del Estado de Nueva York se han elaborado para ayudar a los","breadcrumb":{"@id":"https:\/\/www.newyorkhipknee.com\/es\/indemnizacion-por-accidente-laboral\/directrices-de-tratamiento-medico-mtg\/enfermedad-pulmonar-intersticial-ocupacional\/silicosis\/#breadcrumb"},"inLanguage":"es","potentialAction":[{"@type":"ReadAction","target":["https:\/\/www.newyorkhipknee.com\/es\/indemnizacion-por-accidente-laboral\/directrices-de-tratamiento-medico-mtg\/enfermedad-pulmonar-intersticial-ocupacional\/silicosis\/"]}]},{"@type":"BreadcrumbList","@id":"https:\/\/www.newyorkhipknee.com\/es\/indemnizacion-por-accidente-laboral\/directrices-de-tratamiento-medico-mtg\/enfermedad-pulmonar-intersticial-ocupacional\/silicosis\/#breadcrumb","itemListElement":[{"@type":"ListItem","position":1,"name":"Home","item":"https:\/\/www.newyorkhipknee.com\/es\/"},{"@type":"ListItem","position":2,"name":"Indemnizaci\u00f3n por accidente laboral","item":"https:\/\/www.newyorkhipknee.com\/es\/indemnizacion-por-accidente-laboral\/"},{"@type":"ListItem","position":3,"name":"Directrices de tratamiento m\u00e9dico (MTG)","item":"https:\/\/www.newyorkhipknee.com\/es\/indemnizacion-por-accidente-laboral\/directrices-de-tratamiento-medico-mtg\/"},{"@type":"ListItem","position":4,"name":"Pautas de tratamiento m\u00e9dico del Estado de Nueva York para la enfermedad pulmonar intersticial ocupacional en pacientes con indemnizaci\u00f3n laboral","item":"https:\/\/www.newyorkhipknee.com\/es\/indemnizacion-por-accidente-laboral\/directrices-de-tratamiento-medico-mtg\/enfermedad-pulmonar-intersticial-ocupacional\/"},{"@type":"ListItem","position":5,"name":"Directrices del Estado de Nueva York para el tratamiento m\u00e9dico de la silicosis en pacientes indemnizados por accidentes laborales"}]},{"@type":"WebSite","@id":"https:\/\/www.newyorkhipknee.com\/es\/#website","url":"https:\/\/www.newyorkhipknee.com\/es\/","name":"Best Hip & Knee Surgeon | NY, USA","description":"","potentialAction":[{"@type":"SearchAction","target":{"@type":"EntryPoint","urlTemplate":"https:\/\/www.newyorkhipknee.com\/es\/?s={search_term_string}"},"query-input":{"@type":"PropertyValueSpecification","valueRequired":true,"valueName":"search_term_string"}}],"inLanguage":"es"}]}},"_links":{"self":[{"href":"https:\/\/www.newyorkhipknee.com\/es\/wp-json\/wp\/v2\/pages\/22188","targetHints":{"allow":["GET"]}}],"collection":[{"href":"https:\/\/www.newyorkhipknee.com\/es\/wp-json\/wp\/v2\/pages"}],"about":[{"href":"https:\/\/www.newyorkhipknee.com\/es\/wp-json\/wp\/v2\/types\/page"}],"author":[{"embeddable":true,"href":"https:\/\/www.newyorkhipknee.com\/es\/wp-json\/wp\/v2\/users\/33"}],"replies":[{"embeddable":true,"href":"https:\/\/www.newyorkhipknee.com\/es\/wp-json\/wp\/v2\/comments?post=22188"}],"version-history":[{"count":0,"href":"https:\/\/www.newyorkhipknee.com\/es\/wp-json\/wp\/v2\/pages\/22188\/revisions"}],"up":[{"embeddable":true,"href":"https:\/\/www.newyorkhipknee.com\/es\/wp-json\/wp\/v2\/pages\/22301"}],"wp:attachment":[{"href":"https:\/\/www.newyorkhipknee.com\/es\/wp-json\/wp\/v2\/media?parent=22188"}],"curies":[{"name":"wp","href":"https:\/\/api.w.org\/{rel}","templated":true}]}}