{"id":22200,"date":"2024-01-03T15:34:26","date_gmt":"2024-01-03T20:34:26","guid":{"rendered":"https:\/\/newyorkhipknee.com\/estudios-diagnosticos-2\/"},"modified":"2024-01-30T11:55:49","modified_gmt":"2024-01-30T16:55:49","slug":"estudios-diagnosticos-2","status":"publish","type":"page","link":"https:\/\/www.newyorkhipknee.com\/es\/indemnizacion-por-accidente-laboral\/directrices-de-tratamiento-medico-mtg\/lesion-en-el-cuello\/estudios-diagnosticos-2\/","title":{"rendered":"Directrices de tratamiento m\u00e9dico del Estado de Nueva York para estudios de diagn\u00f3stico en pacientes con indemnizaci\u00f3n por accidente laboral"},"content":{"rendered":"<p>Las directrices establecidas por la Junta de Indemnizaci\u00f3n por Accidentes de Trabajo del Estado de Nueva York est\u00e1n dise\u00f1adas para ayudar a los profesionales sanitarios a realizar estudios de diagn\u00f3stico para personas con afecciones espec\u00edficas. Estas directrices pretenden ayudar a los m\u00e9dicos y profesionales sanitarios a determinar la idoneidad y eficacia de diversos procedimientos diagn\u00f3sticos como parte de una evaluaci\u00f3n sanitaria completa.<\/p>\n<p>Los profesionales sanitarios especializados en la aplicaci\u00f3n de estudios diagn\u00f3sticos pueden confiar en la orientaci\u00f3n proporcionada por la Junta de Indemnizaci\u00f3n por Accidentes de Trabajo para tomar decisiones bien informadas sobre los enfoques diagn\u00f3sticos m\u00e1s adecuados para sus pacientes.<\/p>\n<p>Es fundamental subrayar que estas directrices no pretenden sustituir al juicio cl\u00ednico ni a la experiencia profesional. La decisi\u00f3n final sobre los estudios diagn\u00f3sticos debe ser fruto de la colaboraci\u00f3n entre el paciente y su profesional sanitario.<\/p>\n<h2>Estudios de imagen<\/h2>\n<h3>Rayos X<\/h3>\n<p>Es aconsejable realizar radiograf\u00edas de la columna cervical cuando est\u00e9 cl\u00ednicamente indicado para evaluar la anatom\u00eda \u00f3sea de la columna cervical. Esta evaluaci\u00f3n puede incluir vistas oblicuas para los agujeros neurales y vistas de boca abierta para los surcos.<\/p>\n<p>Adem\u00e1s, se recomiendan las vistas en flexi\u00f3n y extensi\u00f3n seg\u00fan est\u00e9 indicado cl\u00ednicamente para evaluar la inestabilidad de la columna y la posici\u00f3n de la dorsal en relaci\u00f3n con la cara anterior de la v\u00e9rtebra anular C1. Es importante especificar el mecanismo de la lesi\u00f3n y proporcionar indicaciones espec\u00edficas para la obtenci\u00f3n de im\u00e1genes en la solicitud para ayudar al radi\u00f3logo y al t\u00e9cnico de rayos X en su evaluaci\u00f3n.<\/p>\n<p>&nbsp;<\/p>\n<h3>Im\u00e1genes por resonancia magn\u00e9tica (MRI)<\/h3>\n<p>Se recomienda realizar RM en pacientes seleccionados con indicaciones espec\u00edficas. Estas indicaciones incluyen la sospecha de compresi\u00f3n de la ra\u00edz nerviosa, mielopat\u00eda para evaluar la m\u00e9dula espinal, diferenciaci\u00f3n o descarte de masas, infecciones como abscesos epidurales o infecci\u00f3n del espacio discal, afectaci\u00f3n de la m\u00e9dula \u00f3sea por enfermedad metast\u00e1sica y sospecha de hernia discal o compresi\u00f3n\/contusi\u00f3n de la m\u00e9dula tras una lesi\u00f3n cervical grave. Se debe realizar una RM inmediata si se duda de la existencia de infecci\u00f3n o enfermedad metast\u00e1sica con compresi\u00f3n de la m\u00e9dula.<\/p>\n<p>Sin embargo, la RM est\u00e1 contraindicada en pacientes con determinados dispositivos implantados. Por lo general, la RM convencional de campo alto proporciona la mejor resoluci\u00f3n, pero puede estar indicada una exploraci\u00f3n de campo m\u00e1s bajo para pacientes que no caben en un esc\u00e1ner de campo alto o experimentan claustrofobia a pesar de la sedaci\u00f3n. La frecuencia suele ser de una vez, pero una resoluci\u00f3n inadecuada en la primera exploraci\u00f3n puede requerir una segunda RM con una t\u00e9cnica diferente.<\/p>\n<p>Una RM diagn\u00f3stica posterior puede ser una repetici\u00f3n del mismo procedimiento si el estudio inicial era de calidad inadecuada. Los pacientes deben comentar cualquier duda o pregunta con el centro de IRM y\/o el radi\u00f3logo. Tenga en cuenta que la presencia de material ferroso\/objetos met\u00e1licos en los tejidos puede ser una contraindicaci\u00f3n para la RM debido a los peligros potenciales causados por el campo magn\u00e9tico.<\/p>\n<p>&nbsp;<\/p>\n<h3>Resonancia magn\u00e9tica con y sin contraste<\/h3>\n<p>Se recomienda realizar la RM con realce de gadolinio en casos espec\u00edficos, incluidos los pacientes que se han sometido a cirug\u00eda cervical previa o tienen preocupaciones por malignidad o infecci\u00f3n. En estas situaciones puede ser necesario el uso de realce con Gadolinio para el estudio de RMN.<\/p>\n<p>No obstante, en la solicitud de RM potenciada con gadolinio debe tenerse en cuenta cualquier afecci\u00f3n m\u00e9dica subyacente que pudiera contraindicar una RM potenciada. Esto garantiza que el procedimiento de diagn\u00f3stico por imagen se adapte al estado de salud y las necesidades de cada persona.<\/p>\n<p>&nbsp;<\/p>\n<h3>Resonancias magn\u00e9ticas especializadas<\/h3>\n<p>Es aconsejable considerar una IRM con reconstrucci\u00f3n tridimensional para ciertos individuos. Esto puede ser especialmente \u00fatil como paso diagn\u00f3stico antes de la cirug\u00eda, ya que proporciona detalles precisos sobre las caracter\u00edsticas, la ubicaci\u00f3n y las conexiones espaciales entre los tejidos blandos y los huesos.<\/p>\n<p>Por otra parte, no se recomienda la RM din\u00e1mica-cin\u00e9tica de la columna vertebral.<\/p>\n<p>&nbsp;<\/p>\n<h3>Tomograf\u00eda axial computarizada (TC)<\/h3>\n<p>&nbsp;<\/p>\n<p>Es aconsejable para ciertos pacientes considerar la Tomograf\u00eda Axial Computarizada (TAC). El TAC es especialmente eficaz a la hora de proporcionar im\u00e1genes claras de los huesos y se emplea para evaluar m\u00e1s a fondo posibles fracturas o masas \u00f3seas que podr\u00edan no ser claramente visibles en las radiograf\u00edas habituales. En algunos casos, la TC puede complementar la RM, ofreciendo una visi\u00f3n m\u00e1s detallada de la formaci\u00f3n de osteofitos \u00f3seos en el agujero neural. Suele utilizarse cuando se sospecha una fractura de la columna cervical, sobre todo si las radiograf\u00edas simples no son concluyentes. La TC tambi\u00e9n es valiosa para identificar anomal\u00edas cong\u00e9nitas en la base del cr\u00e1neo y los niveles C1-2.<\/p>\n<p>Sin embargo, cabe se\u00f1alar que las tomograf\u00edas computarizadas pueden no ser ideales para los niveles C6-7 o C7-T1 debido a posibles artefactos en el hombro. Cuando hay materiales ferrosos o met\u00e1licos presentes en los tejidos, es preferible optar por un TAC que por una RM. Es esencial tener en cuenta que los ex\u00e1menes por TC conllevan una dosis de radiaci\u00f3n significativa y riesgos asociados. En los casos en que los pacientes no puedan tolerar una resonancia magn\u00e9tica, puede utilizarse una tomograf\u00eda computarizada para evaluar la presencia de hernia discal cervical y\/o estenosis, y la mielograf\u00eda computarizada proporciona una mayor claridad en estas afecciones.<\/p>\n<p>&nbsp;<\/p>\n<h3>Mielograf\u00eda<\/h3>\n<p>La mielograf\u00eda consiste en inyectar un medio de contraste en el espacio subaracnoideo espinal, seguido de radiograf\u00edas o un TAC para iluminar la anatom\u00eda. En determinados casos, se sugiere para individuos espec\u00edficos. Este procedimiento puede servir como paso diagn\u00f3stico antes de la cirug\u00eda, ya que ofrece detalles precisos sobre las caracter\u00edsticas, la ubicaci\u00f3n y las relaciones espaciales entre las estructuras \u00f3seas y de tejidos blandos.<\/p>\n<p>Suele recomendarse a pacientes en los que los posibles beneficios cl\u00ednicos superan los riesgos asociados. La mielograf\u00eda podr\u00eda considerarse cuando, debido a circunstancias espec\u00edficas de cada caso, la RM (o la prueba alternativa preferida) no est\u00e9 disponible, no sea concluyente, no sea cl\u00ednicamente necesaria o presente contraindicaciones cl\u00ednicas.<\/p>\n<p>&nbsp;<\/p>\n<h3>Mielograf\u00eda por TC<\/h3>\n<p>La mielograf\u00eda por TC proporciona una visi\u00f3n m\u00e1s intrincada de las relaciones entre los elementos neurales y la anatom\u00eda circundante. Se sugiere para determinadas personas, en particular aquellas con antecedentes de m\u00faltiples operaciones previas o afecciones tumorales, \u00fanicamente con fines de pruebas prequir\u00fargicas.<\/p>\n<p>La mielograf\u00eda, incluida la mielograf\u00eda por TC, se recomienda en situaciones espec\u00edficas de cada paciente, como la presencia de un implante met\u00e1lico que dificulte la RM, hallazgos ambiguos de hernia discal en la RM, estenosis espinal o situaciones posquir\u00fargicas que requieran una mielograf\u00eda en pacientes que no puedan tolerar una RM. Sin embargo, no es aconsejable utilizar la mielograf\u00eda (incluida la mielograf\u00eda por TC y RM) como estudio diagn\u00f3stico primario del compromiso radicular cervical.<\/p>\n<p>Esta prueba podr\u00eda considerarse para pacientes seleccionados en los que los beneficios cl\u00ednicos superen los riesgos, especialmente en situaciones en las que la RM o la alternativa preferida no est\u00e9 disponible, no sea concluyente, no sea cl\u00ednicamente necesaria o est\u00e9 cl\u00ednicamente contraindicada. Es esencial tener en cuenta que las posibles complicaciones de esta t\u00e9cnica m\u00e1s invasiva incluyen dolor, infecci\u00f3n y reacciones al\u00e9rgicas.<\/p>\n<p>&nbsp;<\/p>\n<h3>gammagraf\u00eda \u00f3sea (gammagraf\u00eda \u00f3sea con radiois\u00f3topos)<\/h3>\n<p>La captaci\u00f3n de difosfonato de tecnecio 99M es indicativa de actividad osteobl\u00e1stica y puede servir como herramienta valiosa para identificar tumores \u00f3seos metast\u00e1sicos\/primarios, fracturas por estr\u00e9s, osteomielitis y lesiones inflamatorias. Se aconseja utilizar este m\u00e9todo para evaluar neoplasias, identificar fracturas ocultas o detectar infecciones.<\/p>\n<p>La gammagraf\u00eda \u00f3sea, empleando esta t\u00e9cnica, resulta ser una prueba diagn\u00f3stica beneficiosa en situaciones espec\u00edficas que pertenecen a una minor\u00eda de pacientes. Es especialmente \u00fatil para diagnosticar neoplasias, sospechas de met\u00e1stasis, infecciones como la osteomielitis, artropat\u00edas inflamatorias y fracturas ocultas.<\/p>\n<p>&nbsp;<\/p>\n<h3>Fluoroscopia din\u00e1mica (digital)<\/h3>\n<p>Din\u00e1mica [Digital] La fluoroscopia de la columna cervical eval\u00faa el movimiento de los segmentos intervertebrales utilizando una unidad de fluoroscopia de v\u00eddeo para grabar im\u00e1genes mientras la persona realiza una flexi\u00f3n y extensi\u00f3n cervical. Este proceso capta el movimiento anat\u00f3mico de la columna vertebral y lo almacena en un ordenador. Se sugiere emplear la fluoroscopia din\u00e1mica en centros especializados en traumatolog\u00eda para la evaluaci\u00f3n de la columna cervical, garantizando una visualizaci\u00f3n completa desde C1 hasta T1 si se lleva a cabo el procedimiento.<\/p>\n<p>&nbsp;<\/p>\n<h2>Otras pruebas<\/h2>\n<h3>Estudios de electrodiagn\u00f3stico (EDX)<\/h3>\n<p>Los estudios de electrodiagn\u00f3stico (EDX) incluyen EMG (electromiograma) con aguja, estudios de velocidad de conducci\u00f3n nerviosa perif\u00e9rica (VCN) y potenciales evocados motores y sensoriales. Se aconseja y es preferible que la EDX realizada en un entorno ambulatorio sea llevada a cabo e interpretada por m\u00e9dicos certificados en Neurolog\u00eda o Medicina F\u00edsica y Rehabilitaci\u00f3n. Por lo general, los estudios electrodiagn\u00f3sticos sirven de complemento a procedimientos de imagen como la TC, la RM y\/o la mielograf\u00eda. Mientras que los rayos X, la TC y la RM indican cambios estructurales, los estudios electrodiagn\u00f3sticos proporcionan informaci\u00f3n sobre el estado funcional neurol\u00f3gico.<\/p>\n<p>&#8211; Se recomienda utilizar la EMG con aguja para apoyar el diagn\u00f3stico de radiculopat\u00eda o estenosis espinal en personas con dolor de cuello y\/o molestias en las extremidades superiores. La EMG con aguja tambi\u00e9n puede ayudar a determinar si la radiculopat\u00eda es aguda o cr\u00f3nica.<br \/>\n&#8211; La VNC se recomienda para ayudar a descartar otras posibles causas de los s\u00edntomas (comorbilidad o diagn\u00f3stico alternativo que implique nervios perif\u00e9ricos) y para confirmar la radiculopat\u00eda.<\/p>\n<p>&nbsp;<\/p>\n<h3>Dispositivo port\u00e1til de electrodiagn\u00f3stico automatizado (tambi\u00e9n conocido como EMG de superficie):<\/h3>\n<p>&#8211; No es aconsejable utilizar EMG de superficie para la evaluaci\u00f3n diagn\u00f3stica del dolor de cuello o las lesiones cervicales.<\/p>\n<p>&nbsp;<\/p>\n<h3>Potencial evocado somatosensorial (SSEP):<\/h3>\n<p>&#8211; Se recomienda emplear la SSEP en casos espec\u00edficos para evaluar la mielopat\u00eda, y se utiliza habitualmente durante la cirug\u00eda.<br \/>\n&#8211; No se recomienda para identificar radiculopat\u00edas.<br \/>\n&#8211; Indicaciones: Si persisten s\u00edntomas radiantes significativos en el brazo durante m\u00e1s de cuatro a seis semanas tras el inicio de la lesi\u00f3n, y no hay un nivel aparente de disfunci\u00f3n de la ra\u00edz nerviosa durante la exploraci\u00f3n, puede considerarse la realizaci\u00f3n de estudios electrodiagn\u00f3sticos. Estos estudios tambi\u00e9n pueden ser \u00fatiles para determinar el alcance de la lesi\u00f3n en pacientes con un nivel de lesi\u00f3n establecido.<\/p>\n<h3>Evaluaci\u00f3n del Umbral de Percepci\u00f3n de Corriente (CPT):<\/h3>\n<p>&#8211; No se recomienda como herramienta de diagn\u00f3stico.<\/p>\n<p>&nbsp;<\/p>\n<h3>Inyecciones &#8211; Diagn\u00f3stico Atlanto-axial\/atlanto-occipital:<\/h3>\n<p>&#8211; No se aconseja.<\/p>\n<p>&nbsp;<\/p>\n<h3>Discograf\u00eda provocadora:<\/h3>\n<p>&#8211; No se recomienda.<\/p>\n<p>&nbsp;<\/p>\n<h3>Termograf\u00eda:<\/h3>\n<p>&#8211; No se recomienda.<\/p>\n","protected":false},"excerpt":{"rendered":"<p>Las directrices establecidas por la Junta de Indemnizaci\u00f3n por Accidentes de Trabajo del Estado de Nueva York est\u00e1n dise\u00f1adas para ayudar a los profesionales sanitarios a realizar estudios de diagn\u00f3stico para personas con afecciones espec\u00edficas. Estas directrices pretenden ayudar a los m\u00e9dicos y profesionales sanitarios a determinar la idoneidad y eficacia de diversos procedimientos diagn\u00f3sticos [&hellip;]<\/p>\n","protected":false},"author":33,"featured_media":0,"parent":22330,"menu_order":0,"comment_status":"closed","ping_status":"closed","template":"","meta":{"_et_pb_use_builder":"","_et_pb_old_content":"","_et_gb_content_width":"","footnotes":""},"class_list":["post-22200","page","type-page","status-publish","hentry"],"yoast_head":"<!-- This site is optimized with the Yoast SEO plugin v27.2 - https:\/\/yoast.com\/product\/yoast-seo-wordpress\/ -->\n<title>Directrices de tratamiento m\u00e9dico del Estado de Nueva York para estudios de diagn\u00f3stico en pacientes con indemnizaci\u00f3n por accidente laboral | Best Hip &amp; Knee Surgeon | NY, USA<\/title>\n<meta name=\"description\" content=\"Las directrices establecidas por la Junta de Indemnizaci\u00f3n por Accidentes de Trabajo del Estado de Nueva York est\u00e1n dise\u00f1adas para ayudar a los\" \/>\n<meta name=\"robots\" content=\"index, follow, max-snippet:-1, max-image-preview:large, max-video-preview:-1\" \/>\n<link rel=\"canonical\" href=\"https:\/\/www.newyorkhipknee.com\/es\/indemnizacion-por-accidente-laboral\/directrices-de-tratamiento-medico-mtg\/lesion-en-el-cuello\/estudios-diagnosticos-2\/\" \/>\n<meta property=\"og:locale\" content=\"es_ES\" \/>\n<meta property=\"og:type\" content=\"article\" \/>\n<meta property=\"og:title\" content=\"Directrices de tratamiento m\u00e9dico del Estado de Nueva York para estudios de diagn\u00f3stico en pacientes con indemnizaci\u00f3n por accidente laboral | Best Hip &amp; Knee Surgeon | NY, USA\" \/>\n<meta property=\"og:description\" content=\"Las directrices establecidas por la Junta de Indemnizaci\u00f3n por Accidentes de Trabajo del Estado de Nueva York est\u00e1n dise\u00f1adas para ayudar a los\" \/>\n<meta property=\"og:url\" content=\"https:\/\/www.newyorkhipknee.com\/es\/indemnizacion-por-accidente-laboral\/directrices-de-tratamiento-medico-mtg\/lesion-en-el-cuello\/estudios-diagnosticos-2\/\" \/>\n<meta property=\"og:site_name\" content=\"Best Hip &amp; Knee Surgeon | NY, USA\" \/>\n<meta property=\"article:modified_time\" content=\"2024-01-30T16:55:49+00:00\" \/>\n<meta name=\"twitter:card\" content=\"summary_large_image\" \/>\n<meta name=\"twitter:label1\" content=\"Tiempo de lectura\" \/>\n\t<meta name=\"twitter:data1\" content=\"10 minutos\" \/>\n<script type=\"application\/ld+json\" class=\"yoast-schema-graph\">{\"@context\":\"https:\/\/schema.org\",\"@graph\":[{\"@type\":[\"WebPage\",\"MedicalWebPage\"],\"@id\":\"https:\/\/www.newyorkhipknee.com\/es\/indemnizacion-por-accidente-laboral\/directrices-de-tratamiento-medico-mtg\/lesion-en-el-cuello\/estudios-diagnosticos-2\/\",\"url\":\"https:\/\/www.newyorkhipknee.com\/es\/indemnizacion-por-accidente-laboral\/directrices-de-tratamiento-medico-mtg\/lesion-en-el-cuello\/estudios-diagnosticos-2\/\",\"name\":\"Directrices de tratamiento m\u00e9dico del Estado de Nueva York para estudios de diagn\u00f3stico en pacientes con indemnizaci\u00f3n por accidente laboral | Best Hip &amp; Knee Surgeon | NY, USA\",\"isPartOf\":{\"@id\":\"https:\/\/www.newyorkhipknee.com\/es\/#website\"},\"datePublished\":\"2024-01-03T20:34:26+00:00\",\"dateModified\":\"2024-01-30T16:55:49+00:00\",\"description\":\"Las directrices establecidas por la Junta de Indemnizaci\u00f3n por Accidentes de Trabajo del Estado de Nueva York est\u00e1n dise\u00f1adas para ayudar a los\",\"breadcrumb\":{\"@id\":\"https:\/\/www.newyorkhipknee.com\/es\/indemnizacion-por-accidente-laboral\/directrices-de-tratamiento-medico-mtg\/lesion-en-el-cuello\/estudios-diagnosticos-2\/#breadcrumb\"},\"inLanguage\":\"es\",\"potentialAction\":[{\"@type\":\"ReadAction\",\"target\":[\"https:\/\/www.newyorkhipknee.com\/es\/indemnizacion-por-accidente-laboral\/directrices-de-tratamiento-medico-mtg\/lesion-en-el-cuello\/estudios-diagnosticos-2\/\"]}]},{\"@type\":\"BreadcrumbList\",\"@id\":\"https:\/\/www.newyorkhipknee.com\/es\/indemnizacion-por-accidente-laboral\/directrices-de-tratamiento-medico-mtg\/lesion-en-el-cuello\/estudios-diagnosticos-2\/#breadcrumb\",\"itemListElement\":[{\"@type\":\"ListItem\",\"position\":1,\"name\":\"Home\",\"item\":\"https:\/\/www.newyorkhipknee.com\/es\/\"},{\"@type\":\"ListItem\",\"position\":2,\"name\":\"Indemnizaci\u00f3n por accidente laboral\",\"item\":\"https:\/\/www.newyorkhipknee.com\/es\/indemnizacion-por-accidente-laboral\/\"},{\"@type\":\"ListItem\",\"position\":3,\"name\":\"Directrices de tratamiento m\u00e9dico (MTG)\",\"item\":\"https:\/\/www.newyorkhipknee.com\/es\/indemnizacion-por-accidente-laboral\/directrices-de-tratamiento-medico-mtg\/\"},{\"@type\":\"ListItem\",\"position\":4,\"name\":\"Pautas de tratamiento m\u00e9dico del Estado de Nueva York para lesiones cervicales en pacientes con indemnizaci\u00f3n por accidente laboral\",\"item\":\"https:\/\/www.newyorkhipknee.com\/es\/indemnizacion-por-accidente-laboral\/directrices-de-tratamiento-medico-mtg\/lesion-en-el-cuello\/\"},{\"@type\":\"ListItem\",\"position\":5,\"name\":\"Directrices de tratamiento m\u00e9dico del Estado de Nueva York para estudios de diagn\u00f3stico en pacientes con indemnizaci\u00f3n por accidente laboral\"}]},{\"@type\":\"WebSite\",\"@id\":\"https:\/\/www.newyorkhipknee.com\/es\/#website\",\"url\":\"https:\/\/www.newyorkhipknee.com\/es\/\",\"name\":\"Best Hip & Knee Surgeon | NY, USA\",\"description\":\"\",\"potentialAction\":[{\"@type\":\"SearchAction\",\"target\":{\"@type\":\"EntryPoint\",\"urlTemplate\":\"https:\/\/www.newyorkhipknee.com\/es\/?s={search_term_string}\"},\"query-input\":{\"@type\":\"PropertyValueSpecification\",\"valueRequired\":true,\"valueName\":\"search_term_string\"}}],\"inLanguage\":\"es\"}]}<\/script>\n<!-- \/ Yoast SEO plugin. -->","yoast_head_json":{"title":"Directrices de tratamiento m\u00e9dico del Estado de Nueva York para estudios de diagn\u00f3stico en pacientes con indemnizaci\u00f3n por accidente laboral | Best Hip &amp; Knee Surgeon | NY, USA","description":"Las directrices establecidas por la Junta de Indemnizaci\u00f3n por Accidentes de Trabajo del Estado de Nueva York est\u00e1n dise\u00f1adas para ayudar a los","robots":{"index":"index","follow":"follow","max-snippet":"max-snippet:-1","max-image-preview":"max-image-preview:large","max-video-preview":"max-video-preview:-1"},"canonical":"https:\/\/www.newyorkhipknee.com\/es\/indemnizacion-por-accidente-laboral\/directrices-de-tratamiento-medico-mtg\/lesion-en-el-cuello\/estudios-diagnosticos-2\/","og_locale":"es_ES","og_type":"article","og_title":"Directrices de tratamiento m\u00e9dico del Estado de Nueva York para estudios de diagn\u00f3stico en pacientes con indemnizaci\u00f3n por accidente laboral | Best Hip &amp; Knee Surgeon | NY, USA","og_description":"Las directrices establecidas por la Junta de Indemnizaci\u00f3n por Accidentes de Trabajo del Estado de Nueva York est\u00e1n dise\u00f1adas para ayudar a los","og_url":"https:\/\/www.newyorkhipknee.com\/es\/indemnizacion-por-accidente-laboral\/directrices-de-tratamiento-medico-mtg\/lesion-en-el-cuello\/estudios-diagnosticos-2\/","og_site_name":"Best Hip &amp; Knee Surgeon | NY, USA","article_modified_time":"2024-01-30T16:55:49+00:00","twitter_card":"summary_large_image","twitter_misc":{"Tiempo de lectura":"10 minutos"},"schema":{"@context":"https:\/\/schema.org","@graph":[{"@type":["WebPage","MedicalWebPage"],"@id":"https:\/\/www.newyorkhipknee.com\/es\/indemnizacion-por-accidente-laboral\/directrices-de-tratamiento-medico-mtg\/lesion-en-el-cuello\/estudios-diagnosticos-2\/","url":"https:\/\/www.newyorkhipknee.com\/es\/indemnizacion-por-accidente-laboral\/directrices-de-tratamiento-medico-mtg\/lesion-en-el-cuello\/estudios-diagnosticos-2\/","name":"Directrices de tratamiento m\u00e9dico del Estado de Nueva York para estudios de diagn\u00f3stico en pacientes con indemnizaci\u00f3n por accidente laboral | Best Hip &amp; Knee Surgeon | NY, USA","isPartOf":{"@id":"https:\/\/www.newyorkhipknee.com\/es\/#website"},"datePublished":"2024-01-03T20:34:26+00:00","dateModified":"2024-01-30T16:55:49+00:00","description":"Las directrices establecidas por la Junta de Indemnizaci\u00f3n por Accidentes de Trabajo del Estado de Nueva York est\u00e1n dise\u00f1adas para ayudar a los","breadcrumb":{"@id":"https:\/\/www.newyorkhipknee.com\/es\/indemnizacion-por-accidente-laboral\/directrices-de-tratamiento-medico-mtg\/lesion-en-el-cuello\/estudios-diagnosticos-2\/#breadcrumb"},"inLanguage":"es","potentialAction":[{"@type":"ReadAction","target":["https:\/\/www.newyorkhipknee.com\/es\/indemnizacion-por-accidente-laboral\/directrices-de-tratamiento-medico-mtg\/lesion-en-el-cuello\/estudios-diagnosticos-2\/"]}]},{"@type":"BreadcrumbList","@id":"https:\/\/www.newyorkhipknee.com\/es\/indemnizacion-por-accidente-laboral\/directrices-de-tratamiento-medico-mtg\/lesion-en-el-cuello\/estudios-diagnosticos-2\/#breadcrumb","itemListElement":[{"@type":"ListItem","position":1,"name":"Home","item":"https:\/\/www.newyorkhipknee.com\/es\/"},{"@type":"ListItem","position":2,"name":"Indemnizaci\u00f3n por accidente laboral","item":"https:\/\/www.newyorkhipknee.com\/es\/indemnizacion-por-accidente-laboral\/"},{"@type":"ListItem","position":3,"name":"Directrices de tratamiento m\u00e9dico (MTG)","item":"https:\/\/www.newyorkhipknee.com\/es\/indemnizacion-por-accidente-laboral\/directrices-de-tratamiento-medico-mtg\/"},{"@type":"ListItem","position":4,"name":"Pautas de tratamiento m\u00e9dico del Estado de Nueva York para lesiones cervicales en pacientes con indemnizaci\u00f3n por accidente laboral","item":"https:\/\/www.newyorkhipknee.com\/es\/indemnizacion-por-accidente-laboral\/directrices-de-tratamiento-medico-mtg\/lesion-en-el-cuello\/"},{"@type":"ListItem","position":5,"name":"Directrices de tratamiento m\u00e9dico del Estado de Nueva York para estudios de diagn\u00f3stico en pacientes con indemnizaci\u00f3n por accidente laboral"}]},{"@type":"WebSite","@id":"https:\/\/www.newyorkhipknee.com\/es\/#website","url":"https:\/\/www.newyorkhipknee.com\/es\/","name":"Best Hip & Knee Surgeon | NY, USA","description":"","potentialAction":[{"@type":"SearchAction","target":{"@type":"EntryPoint","urlTemplate":"https:\/\/www.newyorkhipknee.com\/es\/?s={search_term_string}"},"query-input":{"@type":"PropertyValueSpecification","valueRequired":true,"valueName":"search_term_string"}}],"inLanguage":"es"}]}},"_links":{"self":[{"href":"https:\/\/www.newyorkhipknee.com\/es\/wp-json\/wp\/v2\/pages\/22200","targetHints":{"allow":["GET"]}}],"collection":[{"href":"https:\/\/www.newyorkhipknee.com\/es\/wp-json\/wp\/v2\/pages"}],"about":[{"href":"https:\/\/www.newyorkhipknee.com\/es\/wp-json\/wp\/v2\/types\/page"}],"author":[{"embeddable":true,"href":"https:\/\/www.newyorkhipknee.com\/es\/wp-json\/wp\/v2\/users\/33"}],"replies":[{"embeddable":true,"href":"https:\/\/www.newyorkhipknee.com\/es\/wp-json\/wp\/v2\/comments?post=22200"}],"version-history":[{"count":0,"href":"https:\/\/www.newyorkhipknee.com\/es\/wp-json\/wp\/v2\/pages\/22200\/revisions"}],"up":[{"embeddable":true,"href":"https:\/\/www.newyorkhipknee.com\/es\/wp-json\/wp\/v2\/pages\/22330"}],"wp:attachment":[{"href":"https:\/\/www.newyorkhipknee.com\/es\/wp-json\/wp\/v2\/media?parent=22200"}],"curies":[{"name":"wp","href":"https:\/\/api.w.org\/{rel}","templated":true}]}}