{"id":22204,"date":"2024-01-04T11:55:32","date_gmt":"2024-01-04T16:55:32","guid":{"rendered":"https:\/\/newyorkhipknee.com\/procedimientos-terapeuticos-no-quirurgicos-2\/"},"modified":"2024-01-30T11:55:45","modified_gmt":"2024-01-30T16:55:45","slug":"procedimientos-terapeuticos-no-quirurgicos-2","status":"publish","type":"page","link":"https:\/\/www.newyorkhipknee.com\/es\/indemnizacion-por-accidente-laboral\/directrices-de-tratamiento-medico-mtg\/lesion-en-el-cuello\/procedimientos-terapeuticos-no-quirurgicos-2\/","title":{"rendered":"Pautas de tratamiento m\u00e9dico del Estado de Nueva York para procedimientos terap\u00e9uticos: No quir\u00fargicos para lesiones cervicales en pacientes con indemnizaci\u00f3n laboral"},"content":{"rendered":"<p>Las directrices proporcionadas por la Junta de Indemnizaci\u00f3n por Accidentes de Trabajo del Estado de Nueva York tienen por objeto ayudar a los profesionales sanitarios a aplicar procedimientos terap\u00e9uticos no quir\u00fargicos a las personas con lesiones cervicales. El objetivo de estas directrices es ayudar a los m\u00e9dicos y profesionales sanitarios a determinar la idoneidad de las intervenciones terap\u00e9uticas no quir\u00fargicas como parte del plan de atenci\u00f3n integral de las lesiones cervicales.<\/p>\n<p>Los profesionales sanitarios especializados en lesiones cervicales pueden confiar en la orientaci\u00f3n proporcionada por la Junta de Compensaci\u00f3n de los Trabajadores para tomar decisiones bien informadas sobre el uso de procedimientos terap\u00e9uticos no quir\u00fargicos para sus pacientes.<\/p>\n<p>Es importante subrayar que estas directrices no pretenden sustituir al juicio cl\u00ednico ni a la experiencia profesional. La decisi\u00f3n final sobre los procedimientos terap\u00e9uticos no quir\u00fargicos para las lesiones cervicales debe implicar la colaboraci\u00f3n entre el paciente y su profesional sanitario.<\/p>\n<p>&nbsp;<\/p>\n<h2>Procedimientos Terap\u00e9uticos: No quir\u00fargicos para lesiones cervicales<\/h2>\n<p>Antes de iniciar cualquier tratamiento, el profesional sanitario autorizado, el empresario y la aseguradora deben tener en cuenta algunos factores cruciales para el cuidado del paciente. En primer lugar, las personas que se someten a procedimientos terap\u00e9uticos deben poder reanudar sus tareas modificadas o restringidas tan pronto como sea posible durante su recuperaci\u00f3n. En segundo lugar, si no hay una mejora significativa del estado del paciente, tanto subjetiva como objetivamente, es hora de interrumpir o reevaluar los m\u00e9todos de tratamiento.<\/p>\n<p>Si los plazos recomendados no dan resultados, es esencial explorar tratamientos alternativos, pruebas diagn\u00f3sticas adicionales o buscar consultas. En tercer lugar, los proveedores deben asegurarse de educar al paciente y documentarlo. Cualquier plan de tratamiento no est\u00e1 realmente completo si no se aborda la educaci\u00f3n individual y\/o en grupo para capacitar a los pacientes a manejar sus s\u00edntomas.<\/p>\n<p>Por \u00faltimo, si los pacientes no evolucionan seg\u00fan lo esperado entre 6 y 12 semanas despu\u00e9s de la lesi\u00f3n y sus s\u00edntomas no coinciden con los signos y pruebas objetivos, es necesario volver a examinarlos para confirmar la exactitud del diagn\u00f3stico. Tambi\u00e9n puede ser conveniente plantearse una evaluaci\u00f3n psicol\u00f3gica o psicosocial formal. La terapia domiciliaria desempe\u00f1a un papel crucial y puede implicar diversos procedimientos activos y pasivos, junto con otros m\u00e9todos para ayudar a aliviar el dolor, la inflamaci\u00f3n y el tono muscular anormal.<\/p>\n<p>&nbsp;<\/p>\n<h3>Acupuntura<\/h3>\n<p>Se recomienda a determinadas personas como complemento de la rehabilitaci\u00f3n f\u00edsica o la cirug\u00eda para acelerar el retorno a la actividad funcional. Las indicaciones abarcan el dolor articular, la rigidez, el dolor y la inflamaci\u00f3n de tejidos blandos, las sensaciones de hormigueo, el alivio del dolor postoperatorio, los espasmos musculares y el dolor del tejido cicatricial. Suele realizarse de una a tres veces por semana, con tres a seis sesiones necesarias para un impacto y un m\u00e1ximo de diez tratamientos seg\u00fan se considere cl\u00ednicamente necesario. Es importante se\u00f1alar que si hay mejoras funcionales mensurables o beneficios sintom\u00e1ticos que ayuden al progreso del paciente, las sesiones de acupuntura pueden prolongarse. Todo tratamiento que vaya m\u00e1s all\u00e1 de los diez iniciales debe documentarse minuciosamente, justificando su necesidad y su capacidad de contribuir positivamente a avances sintom\u00e1ticos o funcionales.<\/p>\n<p>&nbsp;<\/p>\n<h3>Biofeedback<\/h3>\n<p>La biorretroalimentaci\u00f3n suele utilizarse junto con otras formas de tratamiento. Se sugiere para individuos espec\u00edficos que experimentan dolor de cuello no agudo, como parte de un enfoque integral que implica varias disciplinas.<br \/>\n&#8211; Normalmente se necesitan entre 3 y 4 sesiones para ver resultados.<br \/>\n&#8211; La frecuencia recomendada es de 1 a 2 veces por semana.<br \/>\n&#8211; La duraci\u00f3n \u00f3ptima suele ser de 5 a 6 sesiones.<br \/>\n&#8211; La duraci\u00f3n m\u00e1xima aconsejada es de 10 a 12 sesiones. Si el tratamiento contin\u00faa m\u00e1s all\u00e1 de este punto, es esencial una documentaci\u00f3n detallada que tenga en cuenta la necesidad, los resultados esperados y el potencial de mejoras funcionales positivas.<br \/>\nLa biorretroalimentaci\u00f3n no se recomienda para el dolor de cuello agudo ni para las lesiones agudas. Para m\u00e1s informaci\u00f3n, consulte las directrices de tratamiento m\u00e9dico del dolor no agudo de Nueva York.<\/p>\n","protected":false},"excerpt":{"rendered":"<p>Las directrices proporcionadas por la Junta de Indemnizaci\u00f3n por Accidentes de Trabajo del Estado de Nueva York tienen por objeto ayudar a los profesionales sanitarios a aplicar procedimientos terap\u00e9uticos no quir\u00fargicos a las personas con lesiones cervicales. El objetivo de estas directrices es ayudar a los m\u00e9dicos y profesionales sanitarios a determinar la idoneidad de [&hellip;]<\/p>\n","protected":false},"author":33,"featured_media":0,"parent":22330,"menu_order":0,"comment_status":"closed","ping_status":"closed","template":"","meta":{"_et_pb_use_builder":"","_et_pb_old_content":"","_et_gb_content_width":"","footnotes":""},"class_list":["post-22204","page","type-page","status-publish","hentry"],"yoast_head":"<!-- This site is optimized with the Yoast SEO plugin v27.2 - https:\/\/yoast.com\/product\/yoast-seo-wordpress\/ -->\n<title>Pautas de tratamiento m\u00e9dico del Estado de Nueva York para procedimientos terap\u00e9uticos: No quir\u00fargicos para lesiones cervicales en pacientes con indemnizaci\u00f3n laboral | Best Hip &amp; Knee Surgeon | NY, USA<\/title>\n<meta name=\"description\" content=\"Las directrices proporcionadas por la Junta de Indemnizaci\u00f3n por Accidentes de Trabajo del Estado de Nueva York tienen por objeto ayudar a los\" \/>\n<meta name=\"robots\" content=\"index, follow, max-snippet:-1, max-image-preview:large, max-video-preview:-1\" \/>\n<link rel=\"canonical\" href=\"https:\/\/www.newyorkhipknee.com\/es\/indemnizacion-por-accidente-laboral\/directrices-de-tratamiento-medico-mtg\/lesion-en-el-cuello\/procedimientos-terapeuticos-no-quirurgicos-2\/\" \/>\n<meta property=\"og:locale\" content=\"es_ES\" \/>\n<meta property=\"og:type\" content=\"article\" \/>\n<meta property=\"og:title\" content=\"Pautas de tratamiento m\u00e9dico del Estado de Nueva York para procedimientos terap\u00e9uticos: No quir\u00fargicos para lesiones cervicales en pacientes con indemnizaci\u00f3n laboral | Best Hip &amp; Knee Surgeon | NY, USA\" \/>\n<meta property=\"og:description\" content=\"Las directrices proporcionadas por la Junta de Indemnizaci\u00f3n por Accidentes de Trabajo del Estado de Nueva York tienen por objeto ayudar a los\" \/>\n<meta property=\"og:url\" content=\"https:\/\/www.newyorkhipknee.com\/es\/indemnizacion-por-accidente-laboral\/directrices-de-tratamiento-medico-mtg\/lesion-en-el-cuello\/procedimientos-terapeuticos-no-quirurgicos-2\/\" \/>\n<meta property=\"og:site_name\" content=\"Best Hip &amp; Knee Surgeon | NY, USA\" \/>\n<meta property=\"article:modified_time\" content=\"2024-01-30T16:55:45+00:00\" \/>\n<meta name=\"twitter:card\" content=\"summary_large_image\" \/>\n<meta name=\"twitter:label1\" content=\"Tiempo de lectura\" \/>\n\t<meta name=\"twitter:data1\" content=\"4 minutos\" \/>\n<script type=\"application\/ld+json\" class=\"yoast-schema-graph\">{\"@context\":\"https:\/\/schema.org\",\"@graph\":[{\"@type\":[\"WebPage\",\"MedicalWebPage\"],\"@id\":\"https:\/\/www.newyorkhipknee.com\/es\/indemnizacion-por-accidente-laboral\/directrices-de-tratamiento-medico-mtg\/lesion-en-el-cuello\/procedimientos-terapeuticos-no-quirurgicos-2\/\",\"url\":\"https:\/\/www.newyorkhipknee.com\/es\/indemnizacion-por-accidente-laboral\/directrices-de-tratamiento-medico-mtg\/lesion-en-el-cuello\/procedimientos-terapeuticos-no-quirurgicos-2\/\",\"name\":\"Pautas de tratamiento m\u00e9dico del Estado de Nueva York para procedimientos terap\u00e9uticos: No quir\u00fargicos para lesiones cervicales en pacientes con indemnizaci\u00f3n laboral | Best Hip &amp; Knee Surgeon | NY, USA\",\"isPartOf\":{\"@id\":\"https:\/\/www.newyorkhipknee.com\/es\/#website\"},\"datePublished\":\"2024-01-04T16:55:32+00:00\",\"dateModified\":\"2024-01-30T16:55:45+00:00\",\"description\":\"Las directrices proporcionadas por la Junta de Indemnizaci\u00f3n por Accidentes de Trabajo del Estado de Nueva York tienen por objeto ayudar a los\",\"breadcrumb\":{\"@id\":\"https:\/\/www.newyorkhipknee.com\/es\/indemnizacion-por-accidente-laboral\/directrices-de-tratamiento-medico-mtg\/lesion-en-el-cuello\/procedimientos-terapeuticos-no-quirurgicos-2\/#breadcrumb\"},\"inLanguage\":\"es\",\"potentialAction\":[{\"@type\":\"ReadAction\",\"target\":[\"https:\/\/www.newyorkhipknee.com\/es\/indemnizacion-por-accidente-laboral\/directrices-de-tratamiento-medico-mtg\/lesion-en-el-cuello\/procedimientos-terapeuticos-no-quirurgicos-2\/\"]}]},{\"@type\":\"BreadcrumbList\",\"@id\":\"https:\/\/www.newyorkhipknee.com\/es\/indemnizacion-por-accidente-laboral\/directrices-de-tratamiento-medico-mtg\/lesion-en-el-cuello\/procedimientos-terapeuticos-no-quirurgicos-2\/#breadcrumb\",\"itemListElement\":[{\"@type\":\"ListItem\",\"position\":1,\"name\":\"Home\",\"item\":\"https:\/\/www.newyorkhipknee.com\/es\/\"},{\"@type\":\"ListItem\",\"position\":2,\"name\":\"Indemnizaci\u00f3n por accidente laboral\",\"item\":\"https:\/\/www.newyorkhipknee.com\/es\/indemnizacion-por-accidente-laboral\/\"},{\"@type\":\"ListItem\",\"position\":3,\"name\":\"Directrices de tratamiento m\u00e9dico (MTG)\",\"item\":\"https:\/\/www.newyorkhipknee.com\/es\/indemnizacion-por-accidente-laboral\/directrices-de-tratamiento-medico-mtg\/\"},{\"@type\":\"ListItem\",\"position\":4,\"name\":\"Pautas de tratamiento m\u00e9dico del Estado de Nueva York para lesiones cervicales en pacientes con indemnizaci\u00f3n por accidente laboral\",\"item\":\"https:\/\/www.newyorkhipknee.com\/es\/indemnizacion-por-accidente-laboral\/directrices-de-tratamiento-medico-mtg\/lesion-en-el-cuello\/\"},{\"@type\":\"ListItem\",\"position\":5,\"name\":\"Pautas de tratamiento m\u00e9dico del Estado de Nueva York para procedimientos terap\u00e9uticos: No quir\u00fargicos para lesiones cervicales en pacientes con indemnizaci\u00f3n laboral\"}]},{\"@type\":\"WebSite\",\"@id\":\"https:\/\/www.newyorkhipknee.com\/es\/#website\",\"url\":\"https:\/\/www.newyorkhipknee.com\/es\/\",\"name\":\"Best Hip & Knee Surgeon | NY, USA\",\"description\":\"\",\"potentialAction\":[{\"@type\":\"SearchAction\",\"target\":{\"@type\":\"EntryPoint\",\"urlTemplate\":\"https:\/\/www.newyorkhipknee.com\/es\/?s={search_term_string}\"},\"query-input\":{\"@type\":\"PropertyValueSpecification\",\"valueRequired\":true,\"valueName\":\"search_term_string\"}}],\"inLanguage\":\"es\"}]}<\/script>\n<!-- \/ Yoast SEO plugin. -->","yoast_head_json":{"title":"Pautas de tratamiento m\u00e9dico del Estado de Nueva York para procedimientos terap\u00e9uticos: No quir\u00fargicos para lesiones cervicales en pacientes con indemnizaci\u00f3n laboral | Best Hip &amp; Knee Surgeon | NY, USA","description":"Las directrices proporcionadas por la Junta de Indemnizaci\u00f3n por Accidentes de Trabajo del Estado de Nueva York tienen por objeto ayudar a los","robots":{"index":"index","follow":"follow","max-snippet":"max-snippet:-1","max-image-preview":"max-image-preview:large","max-video-preview":"max-video-preview:-1"},"canonical":"https:\/\/www.newyorkhipknee.com\/es\/indemnizacion-por-accidente-laboral\/directrices-de-tratamiento-medico-mtg\/lesion-en-el-cuello\/procedimientos-terapeuticos-no-quirurgicos-2\/","og_locale":"es_ES","og_type":"article","og_title":"Pautas de tratamiento m\u00e9dico del Estado de Nueva York para procedimientos terap\u00e9uticos: No quir\u00fargicos para lesiones cervicales en pacientes con indemnizaci\u00f3n laboral | Best Hip &amp; Knee Surgeon | NY, USA","og_description":"Las directrices proporcionadas por la Junta de Indemnizaci\u00f3n por Accidentes de Trabajo del Estado de Nueva York tienen por objeto ayudar a los","og_url":"https:\/\/www.newyorkhipknee.com\/es\/indemnizacion-por-accidente-laboral\/directrices-de-tratamiento-medico-mtg\/lesion-en-el-cuello\/procedimientos-terapeuticos-no-quirurgicos-2\/","og_site_name":"Best Hip &amp; Knee Surgeon | NY, USA","article_modified_time":"2024-01-30T16:55:45+00:00","twitter_card":"summary_large_image","twitter_misc":{"Tiempo de lectura":"4 minutos"},"schema":{"@context":"https:\/\/schema.org","@graph":[{"@type":["WebPage","MedicalWebPage"],"@id":"https:\/\/www.newyorkhipknee.com\/es\/indemnizacion-por-accidente-laboral\/directrices-de-tratamiento-medico-mtg\/lesion-en-el-cuello\/procedimientos-terapeuticos-no-quirurgicos-2\/","url":"https:\/\/www.newyorkhipknee.com\/es\/indemnizacion-por-accidente-laboral\/directrices-de-tratamiento-medico-mtg\/lesion-en-el-cuello\/procedimientos-terapeuticos-no-quirurgicos-2\/","name":"Pautas de tratamiento m\u00e9dico del Estado de Nueva York para procedimientos terap\u00e9uticos: No quir\u00fargicos para lesiones cervicales en pacientes con indemnizaci\u00f3n laboral | Best Hip &amp; Knee Surgeon | NY, USA","isPartOf":{"@id":"https:\/\/www.newyorkhipknee.com\/es\/#website"},"datePublished":"2024-01-04T16:55:32+00:00","dateModified":"2024-01-30T16:55:45+00:00","description":"Las directrices proporcionadas por la Junta de Indemnizaci\u00f3n por Accidentes de Trabajo del Estado de Nueva York tienen por objeto ayudar a los","breadcrumb":{"@id":"https:\/\/www.newyorkhipknee.com\/es\/indemnizacion-por-accidente-laboral\/directrices-de-tratamiento-medico-mtg\/lesion-en-el-cuello\/procedimientos-terapeuticos-no-quirurgicos-2\/#breadcrumb"},"inLanguage":"es","potentialAction":[{"@type":"ReadAction","target":["https:\/\/www.newyorkhipknee.com\/es\/indemnizacion-por-accidente-laboral\/directrices-de-tratamiento-medico-mtg\/lesion-en-el-cuello\/procedimientos-terapeuticos-no-quirurgicos-2\/"]}]},{"@type":"BreadcrumbList","@id":"https:\/\/www.newyorkhipknee.com\/es\/indemnizacion-por-accidente-laboral\/directrices-de-tratamiento-medico-mtg\/lesion-en-el-cuello\/procedimientos-terapeuticos-no-quirurgicos-2\/#breadcrumb","itemListElement":[{"@type":"ListItem","position":1,"name":"Home","item":"https:\/\/www.newyorkhipknee.com\/es\/"},{"@type":"ListItem","position":2,"name":"Indemnizaci\u00f3n por accidente laboral","item":"https:\/\/www.newyorkhipknee.com\/es\/indemnizacion-por-accidente-laboral\/"},{"@type":"ListItem","position":3,"name":"Directrices de tratamiento m\u00e9dico (MTG)","item":"https:\/\/www.newyorkhipknee.com\/es\/indemnizacion-por-accidente-laboral\/directrices-de-tratamiento-medico-mtg\/"},{"@type":"ListItem","position":4,"name":"Pautas de tratamiento m\u00e9dico del Estado de Nueva York para lesiones cervicales en pacientes con indemnizaci\u00f3n por accidente laboral","item":"https:\/\/www.newyorkhipknee.com\/es\/indemnizacion-por-accidente-laboral\/directrices-de-tratamiento-medico-mtg\/lesion-en-el-cuello\/"},{"@type":"ListItem","position":5,"name":"Pautas de tratamiento m\u00e9dico del Estado de Nueva York para procedimientos terap\u00e9uticos: No quir\u00fargicos para lesiones cervicales en pacientes con indemnizaci\u00f3n laboral"}]},{"@type":"WebSite","@id":"https:\/\/www.newyorkhipknee.com\/es\/#website","url":"https:\/\/www.newyorkhipknee.com\/es\/","name":"Best Hip & Knee Surgeon | NY, USA","description":"","potentialAction":[{"@type":"SearchAction","target":{"@type":"EntryPoint","urlTemplate":"https:\/\/www.newyorkhipknee.com\/es\/?s={search_term_string}"},"query-input":{"@type":"PropertyValueSpecification","valueRequired":true,"valueName":"search_term_string"}}],"inLanguage":"es"}]}},"_links":{"self":[{"href":"https:\/\/www.newyorkhipknee.com\/es\/wp-json\/wp\/v2\/pages\/22204","targetHints":{"allow":["GET"]}}],"collection":[{"href":"https:\/\/www.newyorkhipknee.com\/es\/wp-json\/wp\/v2\/pages"}],"about":[{"href":"https:\/\/www.newyorkhipknee.com\/es\/wp-json\/wp\/v2\/types\/page"}],"author":[{"embeddable":true,"href":"https:\/\/www.newyorkhipknee.com\/es\/wp-json\/wp\/v2\/users\/33"}],"replies":[{"embeddable":true,"href":"https:\/\/www.newyorkhipknee.com\/es\/wp-json\/wp\/v2\/comments?post=22204"}],"version-history":[{"count":0,"href":"https:\/\/www.newyorkhipknee.com\/es\/wp-json\/wp\/v2\/pages\/22204\/revisions"}],"up":[{"embeddable":true,"href":"https:\/\/www.newyorkhipknee.com\/es\/wp-json\/wp\/v2\/pages\/22330"}],"wp:attachment":[{"href":"https:\/\/www.newyorkhipknee.com\/es\/wp-json\/wp\/v2\/media?parent=22204"}],"curies":[{"name":"wp","href":"https:\/\/api.w.org\/{rel}","templated":true}]}}