{"id":22209,"date":"2024-01-05T12:16:38","date_gmt":"2024-01-05T17:16:38","guid":{"rendered":"https:\/\/newyorkhipknee.com\/procedimientos-terapeuticos-operativos-2\/"},"modified":"2024-01-30T11:55:55","modified_gmt":"2024-01-30T16:55:55","slug":"procedimientos-terapeuticos-operativos-2","status":"publish","type":"page","link":"https:\/\/www.newyorkhipknee.com\/es\/indemnizacion-por-accidente-laboral\/directrices-de-tratamiento-medico-mtg\/lesion-en-el-cuello\/procedimientos-terapeuticos-operativos-2\/","title":{"rendered":"Procedimientos terap\u00e9uticos: Operativos"},"content":{"rendered":"<p>Las directrices establecidas por la Junta de Indemnizaci\u00f3n por Accidentes de Trabajo del Estado de Nueva York est\u00e1n dise\u00f1adas para ayudar a los profesionales sanitarios en la aplicaci\u00f3n de Procedimientos Terap\u00e9uticos, en particular los de naturaleza operativa. Estas directrices tienen por objeto ayudar a los m\u00e9dicos y profesionales sanitarios a determinar las intervenciones quir\u00fargicas adecuadas para diversas afecciones m\u00e9dicas.<\/p>\n<p>Los profesionales sanitarios que se centran en procedimientos terap\u00e9uticos, especialmente los operativos, pueden confiar en la orientaci\u00f3n proporcionada por la Junta de Indemnizaci\u00f3n por Accidentes de Trabajo para tomar decisiones bien informadas sobre el curso de acci\u00f3n m\u00e1s adecuado para sus pacientes.<\/p>\n<p>Es importante subrayar que estas directrices no pretenden sustituir el juicio cl\u00ednico ni la experiencia profesional. La decisi\u00f3n \u00faltima sobre los procedimientos terap\u00e9uticos, incluidos los operativos, debe implicar la colaboraci\u00f3n entre el paciente y su profesional sanitario.<\/p>\n<p>&nbsp;<\/p>\n<h2>Procedimientos terap\u00e9uticos: Operativos<\/h2>\n<p>Los procedimientos operativos deben determinarse mediante una alineaci\u00f3n positiva con las observaciones cl\u00ednicas, el curso natural de la enfermedad, la evoluci\u00f3n cl\u00ednica del paciente y los resultados de las pruebas diagn\u00f3sticas. Un examen minucioso de estos elementos deber\u00eda haber conducido a un diagn\u00f3stico preciso, se\u00f1alando la(s) afecci\u00f3n(es) patol\u00f3gica(s) espec\u00edfica(s).<\/p>\n<p>Es fundamental que el profesional sanitario elimine los factores no fisiol\u00f3gicos que contribuyen al dolor o las afecciones no quir\u00fargicas que podr\u00edan simular una radiculopat\u00eda o inestabilidad (como la neuropat\u00eda compresiva perif\u00e9rica, las lesiones cr\u00f3nicas de los tejidos blandos y los factores psicol\u00f3gicos) antes de contemplar una intervenci\u00f3n quir\u00fargica electiva. Una intervenci\u00f3n r\u00e1pida puede ser necesaria en casos de dolor agudo y debilitante o cuando hay una progresi\u00f3n de los d\u00e9ficits neurol\u00f3gicos.<\/p>\n<p>Los pacientes no aptos para la cirug\u00eda o que no deseen someterse a ella deben recibir el tratamiento no quir\u00fargico que se considere adecuado. Si una recomendaci\u00f3n inicial se inclina hacia enfoques no quir\u00fargicos, puede considerarse la cirug\u00eda si el tratamiento conservador resulta ineficaz. El paciente debe manifestar sistem\u00e1ticamente los hallazgos objetivos especificados, los s\u00edntomas subjetivos y, en su caso, los resultados de las pruebas de imagen para que se considere la intervenci\u00f3n quir\u00fargica.<\/p>\n<p>El paciente debe mostrar sistem\u00e1ticamente los hallazgos objetivos especificados, los s\u00edntomas subjetivos y, cuando proceda, los resultados de las pruebas de imagen. El tratamiento quir\u00fargico se recomienda cuando los resultados esperados de los problemas tratados quir\u00fargicamente superan a los de los no tratados quir\u00fargicamente.<\/p>\n<p>Antes de contemplar la posibilidad de una intervenci\u00f3n quir\u00fargica, todos los pacientes en estudio deben someterse a un examen neuromusculoesquel\u00e9tico exhaustivo para identificar las fuentes de dolor mec\u00e1nico que podr\u00edan responder a enfoques no quir\u00fargicos o que podr\u00edan resultar resistentes a la intervenci\u00f3n quir\u00fargica. En los casos en que la reoperaci\u00f3n pueda ser una posibilidad, es aconsejable buscar una segunda opini\u00f3n.<\/p>\n<p>Cuando se considera la cirug\u00eda para el dolor axial aislado, es muy recomendable someterse a una evaluaci\u00f3n psicol\u00f3gica para valorar la probabilidad de que el paciente se beneficie del tratamiento. En el postoperatorio, deben considerarse seriamente las intervenciones interdisciplinarias para los pacientes que no muestren el progreso funcional esperado en los plazos especificados. Deben establecerse restricciones espec\u00edficas de la actividad de reincorporaci\u00f3n al trabajo. Para la mayor\u00eda de los pacientes quir\u00fargicos cervicales sin fusi\u00f3n, es factible una reincorporaci\u00f3n limitada al trabajo entre 3 y 6 semanas. La actividad completa suele reanudarse entre 6 semanas y 6 meses, dependiendo del procedimiento y del proceso de cicatrizaci\u00f3n de cada persona.<\/p>\n","protected":false},"excerpt":{"rendered":"<p>Las directrices establecidas por la Junta de Indemnizaci\u00f3n por Accidentes de Trabajo del Estado de Nueva York est\u00e1n dise\u00f1adas para ayudar a los profesionales sanitarios en la aplicaci\u00f3n de Procedimientos Terap\u00e9uticos, en particular los de naturaleza operativa. Estas directrices tienen por objeto ayudar a los m\u00e9dicos y profesionales sanitarios a determinar las intervenciones quir\u00fargicas adecuadas [&hellip;]<\/p>\n","protected":false},"author":33,"featured_media":0,"parent":22330,"menu_order":0,"comment_status":"closed","ping_status":"closed","template":"","meta":{"_et_pb_use_builder":"","_et_pb_old_content":"","_et_gb_content_width":"","footnotes":""},"class_list":["post-22209","page","type-page","status-publish","hentry"],"yoast_head":"<!-- This site is optimized with the Yoast SEO plugin v27.2 - https:\/\/yoast.com\/product\/yoast-seo-wordpress\/ -->\n<title>Procedimientos terap\u00e9uticos: Operativos | Best Hip &amp; Knee Surgeon | NY, USA<\/title>\n<meta name=\"description\" content=\"Las directrices establecidas por la Junta de Indemnizaci\u00f3n por Accidentes de Trabajo del Estado de Nueva York est\u00e1n dise\u00f1adas para ayudar a los\" \/>\n<meta name=\"robots\" content=\"index, follow, max-snippet:-1, max-image-preview:large, max-video-preview:-1\" \/>\n<link rel=\"canonical\" href=\"https:\/\/www.newyorkhipknee.com\/es\/indemnizacion-por-accidente-laboral\/directrices-de-tratamiento-medico-mtg\/lesion-en-el-cuello\/procedimientos-terapeuticos-operativos-2\/\" \/>\n<meta property=\"og:locale\" content=\"es_ES\" \/>\n<meta property=\"og:type\" content=\"article\" \/>\n<meta property=\"og:title\" content=\"Procedimientos terap\u00e9uticos: Operativos | Best Hip &amp; Knee Surgeon | NY, USA\" \/>\n<meta property=\"og:description\" content=\"Las directrices establecidas por la Junta de Indemnizaci\u00f3n por Accidentes de Trabajo del Estado de Nueva York est\u00e1n dise\u00f1adas para ayudar a los\" \/>\n<meta property=\"og:url\" content=\"https:\/\/www.newyorkhipknee.com\/es\/indemnizacion-por-accidente-laboral\/directrices-de-tratamiento-medico-mtg\/lesion-en-el-cuello\/procedimientos-terapeuticos-operativos-2\/\" \/>\n<meta property=\"og:site_name\" content=\"Best Hip &amp; Knee Surgeon | NY, USA\" \/>\n<meta property=\"article:modified_time\" content=\"2024-01-30T16:55:55+00:00\" \/>\n<meta name=\"twitter:card\" content=\"summary_large_image\" \/>\n<meta name=\"twitter:label1\" content=\"Tiempo de lectura\" \/>\n\t<meta name=\"twitter:data1\" content=\"3 minutos\" \/>\n<script type=\"application\/ld+json\" class=\"yoast-schema-graph\">{\"@context\":\"https:\/\/schema.org\",\"@graph\":[{\"@type\":[\"WebPage\",\"MedicalWebPage\"],\"@id\":\"https:\/\/www.newyorkhipknee.com\/es\/indemnizacion-por-accidente-laboral\/directrices-de-tratamiento-medico-mtg\/lesion-en-el-cuello\/procedimientos-terapeuticos-operativos-2\/\",\"url\":\"https:\/\/www.newyorkhipknee.com\/es\/indemnizacion-por-accidente-laboral\/directrices-de-tratamiento-medico-mtg\/lesion-en-el-cuello\/procedimientos-terapeuticos-operativos-2\/\",\"name\":\"Procedimientos terap\u00e9uticos: Operativos | Best Hip &amp; Knee Surgeon | NY, USA\",\"isPartOf\":{\"@id\":\"https:\/\/www.newyorkhipknee.com\/es\/#website\"},\"datePublished\":\"2024-01-05T17:16:38+00:00\",\"dateModified\":\"2024-01-30T16:55:55+00:00\",\"description\":\"Las directrices establecidas por la Junta de Indemnizaci\u00f3n por Accidentes de Trabajo del Estado de Nueva York est\u00e1n dise\u00f1adas para ayudar a los\",\"breadcrumb\":{\"@id\":\"https:\/\/www.newyorkhipknee.com\/es\/indemnizacion-por-accidente-laboral\/directrices-de-tratamiento-medico-mtg\/lesion-en-el-cuello\/procedimientos-terapeuticos-operativos-2\/#breadcrumb\"},\"inLanguage\":\"es\",\"potentialAction\":[{\"@type\":\"ReadAction\",\"target\":[\"https:\/\/www.newyorkhipknee.com\/es\/indemnizacion-por-accidente-laboral\/directrices-de-tratamiento-medico-mtg\/lesion-en-el-cuello\/procedimientos-terapeuticos-operativos-2\/\"]}]},{\"@type\":\"BreadcrumbList\",\"@id\":\"https:\/\/www.newyorkhipknee.com\/es\/indemnizacion-por-accidente-laboral\/directrices-de-tratamiento-medico-mtg\/lesion-en-el-cuello\/procedimientos-terapeuticos-operativos-2\/#breadcrumb\",\"itemListElement\":[{\"@type\":\"ListItem\",\"position\":1,\"name\":\"Home\",\"item\":\"https:\/\/www.newyorkhipknee.com\/es\/\"},{\"@type\":\"ListItem\",\"position\":2,\"name\":\"Indemnizaci\u00f3n por accidente laboral\",\"item\":\"https:\/\/www.newyorkhipknee.com\/es\/indemnizacion-por-accidente-laboral\/\"},{\"@type\":\"ListItem\",\"position\":3,\"name\":\"Directrices de tratamiento m\u00e9dico (MTG)\",\"item\":\"https:\/\/www.newyorkhipknee.com\/es\/indemnizacion-por-accidente-laboral\/directrices-de-tratamiento-medico-mtg\/\"},{\"@type\":\"ListItem\",\"position\":4,\"name\":\"Pautas de tratamiento m\u00e9dico del Estado de Nueva York para lesiones cervicales en pacientes con indemnizaci\u00f3n por accidente laboral\",\"item\":\"https:\/\/www.newyorkhipknee.com\/es\/indemnizacion-por-accidente-laboral\/directrices-de-tratamiento-medico-mtg\/lesion-en-el-cuello\/\"},{\"@type\":\"ListItem\",\"position\":5,\"name\":\"Procedimientos terap\u00e9uticos: Operativos\"}]},{\"@type\":\"WebSite\",\"@id\":\"https:\/\/www.newyorkhipknee.com\/es\/#website\",\"url\":\"https:\/\/www.newyorkhipknee.com\/es\/\",\"name\":\"Best Hip & Knee Surgeon | NY, USA\",\"description\":\"\",\"potentialAction\":[{\"@type\":\"SearchAction\",\"target\":{\"@type\":\"EntryPoint\",\"urlTemplate\":\"https:\/\/www.newyorkhipknee.com\/es\/?s={search_term_string}\"},\"query-input\":{\"@type\":\"PropertyValueSpecification\",\"valueRequired\":true,\"valueName\":\"search_term_string\"}}],\"inLanguage\":\"es\"}]}<\/script>\n<!-- \/ Yoast SEO plugin. -->","yoast_head_json":{"title":"Procedimientos terap\u00e9uticos: Operativos | Best Hip &amp; Knee Surgeon | NY, USA","description":"Las directrices establecidas por la Junta de Indemnizaci\u00f3n por Accidentes de Trabajo del Estado de Nueva York est\u00e1n dise\u00f1adas para ayudar a los","robots":{"index":"index","follow":"follow","max-snippet":"max-snippet:-1","max-image-preview":"max-image-preview:large","max-video-preview":"max-video-preview:-1"},"canonical":"https:\/\/www.newyorkhipknee.com\/es\/indemnizacion-por-accidente-laboral\/directrices-de-tratamiento-medico-mtg\/lesion-en-el-cuello\/procedimientos-terapeuticos-operativos-2\/","og_locale":"es_ES","og_type":"article","og_title":"Procedimientos terap\u00e9uticos: Operativos | Best Hip &amp; Knee Surgeon | NY, USA","og_description":"Las directrices establecidas por la Junta de Indemnizaci\u00f3n por Accidentes de Trabajo del Estado de Nueva York est\u00e1n dise\u00f1adas para ayudar a los","og_url":"https:\/\/www.newyorkhipknee.com\/es\/indemnizacion-por-accidente-laboral\/directrices-de-tratamiento-medico-mtg\/lesion-en-el-cuello\/procedimientos-terapeuticos-operativos-2\/","og_site_name":"Best Hip &amp; Knee Surgeon | NY, USA","article_modified_time":"2024-01-30T16:55:55+00:00","twitter_card":"summary_large_image","twitter_misc":{"Tiempo de lectura":"3 minutos"},"schema":{"@context":"https:\/\/schema.org","@graph":[{"@type":["WebPage","MedicalWebPage"],"@id":"https:\/\/www.newyorkhipknee.com\/es\/indemnizacion-por-accidente-laboral\/directrices-de-tratamiento-medico-mtg\/lesion-en-el-cuello\/procedimientos-terapeuticos-operativos-2\/","url":"https:\/\/www.newyorkhipknee.com\/es\/indemnizacion-por-accidente-laboral\/directrices-de-tratamiento-medico-mtg\/lesion-en-el-cuello\/procedimientos-terapeuticos-operativos-2\/","name":"Procedimientos terap\u00e9uticos: Operativos | Best Hip &amp; Knee Surgeon | NY, USA","isPartOf":{"@id":"https:\/\/www.newyorkhipknee.com\/es\/#website"},"datePublished":"2024-01-05T17:16:38+00:00","dateModified":"2024-01-30T16:55:55+00:00","description":"Las directrices establecidas por la Junta de Indemnizaci\u00f3n por Accidentes de Trabajo del Estado de Nueva York est\u00e1n dise\u00f1adas para ayudar a los","breadcrumb":{"@id":"https:\/\/www.newyorkhipknee.com\/es\/indemnizacion-por-accidente-laboral\/directrices-de-tratamiento-medico-mtg\/lesion-en-el-cuello\/procedimientos-terapeuticos-operativos-2\/#breadcrumb"},"inLanguage":"es","potentialAction":[{"@type":"ReadAction","target":["https:\/\/www.newyorkhipknee.com\/es\/indemnizacion-por-accidente-laboral\/directrices-de-tratamiento-medico-mtg\/lesion-en-el-cuello\/procedimientos-terapeuticos-operativos-2\/"]}]},{"@type":"BreadcrumbList","@id":"https:\/\/www.newyorkhipknee.com\/es\/indemnizacion-por-accidente-laboral\/directrices-de-tratamiento-medico-mtg\/lesion-en-el-cuello\/procedimientos-terapeuticos-operativos-2\/#breadcrumb","itemListElement":[{"@type":"ListItem","position":1,"name":"Home","item":"https:\/\/www.newyorkhipknee.com\/es\/"},{"@type":"ListItem","position":2,"name":"Indemnizaci\u00f3n por accidente laboral","item":"https:\/\/www.newyorkhipknee.com\/es\/indemnizacion-por-accidente-laboral\/"},{"@type":"ListItem","position":3,"name":"Directrices de tratamiento m\u00e9dico (MTG)","item":"https:\/\/www.newyorkhipknee.com\/es\/indemnizacion-por-accidente-laboral\/directrices-de-tratamiento-medico-mtg\/"},{"@type":"ListItem","position":4,"name":"Pautas de tratamiento m\u00e9dico del Estado de Nueva York para lesiones cervicales en pacientes con indemnizaci\u00f3n por accidente laboral","item":"https:\/\/www.newyorkhipknee.com\/es\/indemnizacion-por-accidente-laboral\/directrices-de-tratamiento-medico-mtg\/lesion-en-el-cuello\/"},{"@type":"ListItem","position":5,"name":"Procedimientos terap\u00e9uticos: Operativos"}]},{"@type":"WebSite","@id":"https:\/\/www.newyorkhipknee.com\/es\/#website","url":"https:\/\/www.newyorkhipknee.com\/es\/","name":"Best Hip & Knee Surgeon | NY, USA","description":"","potentialAction":[{"@type":"SearchAction","target":{"@type":"EntryPoint","urlTemplate":"https:\/\/www.newyorkhipknee.com\/es\/?s={search_term_string}"},"query-input":{"@type":"PropertyValueSpecification","valueRequired":true,"valueName":"search_term_string"}}],"inLanguage":"es"}]}},"_links":{"self":[{"href":"https:\/\/www.newyorkhipknee.com\/es\/wp-json\/wp\/v2\/pages\/22209","targetHints":{"allow":["GET"]}}],"collection":[{"href":"https:\/\/www.newyorkhipknee.com\/es\/wp-json\/wp\/v2\/pages"}],"about":[{"href":"https:\/\/www.newyorkhipknee.com\/es\/wp-json\/wp\/v2\/types\/page"}],"author":[{"embeddable":true,"href":"https:\/\/www.newyorkhipknee.com\/es\/wp-json\/wp\/v2\/users\/33"}],"replies":[{"embeddable":true,"href":"https:\/\/www.newyorkhipknee.com\/es\/wp-json\/wp\/v2\/comments?post=22209"}],"version-history":[{"count":0,"href":"https:\/\/www.newyorkhipknee.com\/es\/wp-json\/wp\/v2\/pages\/22209\/revisions"}],"up":[{"embeddable":true,"href":"https:\/\/www.newyorkhipknee.com\/es\/wp-json\/wp\/v2\/pages\/22330"}],"wp:attachment":[{"href":"https:\/\/www.newyorkhipknee.com\/es\/wp-json\/wp\/v2\/media?parent=22209"}],"curies":[{"name":"wp","href":"https:\/\/api.w.org\/{rel}","templated":true}]}}